{"id":10623,"date":"2023-02-21T16:34:25","date_gmt":"2023-02-21T15:34:25","guid":{"rendered":"https:\/\/www.osezmauges.fr\/evenements-pro\/?page_id=10623"},"modified":"2026-03-16T10:30:40","modified_gmt":"2026-03-16T09:30:40","slug":"contactez-nous","status":"publish","type":"page","link":"https:\/\/www.osezmauges.fr\/evenements-pro\/contactez-nous\/","title":{"rendered":"Contactez-nous"},"content":{"rendered":"\n<p class=\"is-style-excerpt\">Vous pensez \u00e0 un \u00e9v\u00e9nement pour vos collaborateurs ou vos clients ? Faites-nous part de votre projet, et notre <a href=\"https:\/\/www.osezmauges.fr\/evenements-pro\/seminaire-choisir-les-mauges\/equipe-tourisme-affaire\/\" target=\"_blank\" rel=\"noreferrer noopener\">\u00e9quipe d\u2019experts<\/a> s\u2019occupe du reste !<\/p>\n\n\n\n<p class=\"has-text-align-center\"><strong>Nous contacter ? <a href=\"tel:02 85 29 99 99\">02 85 29 99 99<\/a> ou evenements-pro@osezmauges.fr<\/strong><\/p>\n\n\n\n<div class=\"wp-block-columns is-layout-flex wp-container-core-columns-is-layout-9d6595d7 wp-block-columns-is-layout-flex\">\n<div class=\"wp-block-column is-layout-flow wp-block-column-is-layout-flow\">\n<figure class=\"wp-block-image size-full\"><img width=\"532\" height=\"633\" data-src=\"https:\/\/www.osezmauges.fr\/evenements-pro\/wp-content\/uploads\/sites\/2\/2026\/03\/Evenements-pro.png\" alt=\"\" class=\"wp-image-18637\" srcset=\"https:\/\/www.osezmauges.fr\/evenements-pro\/wp-content\/uploads\/sites\/2\/2026\/03\/Evenements-pro.png 532w, https:\/\/www.osezmauges.fr\/evenements-pro\/wp-content\/uploads\/sites\/2\/2026\/03\/Evenements-pro-504x600.png 504w, https:\/\/www.osezmauges.fr\/evenements-pro\/wp-content\/uploads\/sites\/2\/2026\/03\/Evenements-pro-300x357.png 300w\" sizes=\"(max-width: 532px) 100vw, 532px\" \/><\/figure>\n<\/div>\n\n\n\n<div class=\"wp-block-column is-layout-flow wp-block-column-is-layout-flow\">\n<figure class=\"wp-block-image size-full\"><img width=\"480\" height=\"612\" data-src=\"https:\/\/www.osezmauges.fr\/evenements-pro\/wp-content\/uploads\/sites\/2\/2026\/03\/CSE.png\" alt=\"\" class=\"wp-image-18636\" srcset=\"https:\/\/www.osezmauges.fr\/evenements-pro\/wp-content\/uploads\/sites\/2\/2026\/03\/CSE.png 480w, https:\/\/www.osezmauges.fr\/evenements-pro\/wp-content\/uploads\/sites\/2\/2026\/03\/CSE-471x600.png 471w, https:\/\/www.osezmauges.fr\/evenements-pro\/wp-content\/uploads\/sites\/2\/2026\/03\/CSE-300x383.png 300w\" sizes=\"(max-width: 480px) 100vw, 480px\" \/><\/figure>\n<\/div>\n<\/div>\n\n\n\n<div class=\"wp-block-columns is-layout-flex wp-container-core-columns-is-layout-9d6595d7 wp-block-columns-is-layout-flex\">\n<div class=\"wp-block-column is-layout-flow wp-block-column-is-layout-flow\">\n<div class=\"wp-block-buttons is-layout-flex wp-block-buttons-is-layout-flex\">\n<div class=\"wp-block-button\"><a class=\"wp-block-button__link wp-element-button\" href=\"https:\/\/v.calameo.com\/?bkcode=006147001a4f4a01359ed&amp;mode=mini&amp;clickto=view&amp;clicktarget=_blank&quot; width=&quot;950&quot; height=&quot;500&quot;\">d\u00e9couvrez le manuel \u00e9v\u00e9nementiel<\/a><\/div>\n<\/div>\n<\/div>\n\n\n\n<div class=\"wp-block-column is-layout-flow wp-block-column-is-layout-flow\">\n<div class=\"wp-block-buttons is-layout-flex wp-block-buttons-is-layout-flex\">\n<div class=\"wp-block-button\"><a class=\"wp-block-button__link wp-element-button\" href=\"https:\/\/v.calameo.com\/?bkcode=006147001bef5f67d73bb&amp;mode=mini&amp;clickto=view&amp;clicktarget=_blank&quot; width=&quot;950&quot; height=&quot;500&quot;\">Feuilletez le manuel cadeaux  d&rsquo;entreprise<\/a><\/div>\n<\/div>\n<\/div>\n<\/div>\n\n\n\n<p class=\"has-text-align-center\"><strong>D\u00e9couvrez les <a href=\"https:\/\/www.osezmauges.fr\/evenements-pro\/confiance\/\" target=\"_blank\" rel=\"noreferrer noopener\">t\u00e9moignages des entreprises<\/a> ayant fait appel au service Ev\u00e9nements Pro \u00d4sez Mauges <\/strong><br><strong>pour l&rsquo;organisation de leur s\u00e9minaire ou team-building dans les Mauges. <\/strong><\/p>\n","protected":false},"excerpt":{"rendered":"<p>Vous pensez \u00e0 un \u00e9v\u00e9nement pour vos collaborateurs ou vos clients ? Faites-nous part de votre projet, et notre \u00e9quipe d\u2019experts s\u2019occupe du reste ! Nous contacter ? 02 85 29 99 99 ou evenements-pro@osezmauges.fr D\u00e9couvrez les t\u00e9moignages des entreprises ayant fait appel au service Ev\u00e9nements Pro \u00d4sez Mauges pour l&rsquo;organisation de leur s\u00e9minaire ou [&hellip;]<\/p>\n","protected":false},"author":4,"featured_media":10439,"parent":0,"menu_order":9,"comment_status":"closed","ping_status":"closed","template":"","meta":{"_relevanssi_hide_post":"","_relevanssi_hide_content":"","_relevanssi_pin_for_all":"","_relevanssi_pin_keywords":"","_relevanssi_unpin_keywords":"","_relevanssi_related_keywords":"","_relevanssi_related_include_ids":"","_relevanssi_related_exclude_ids":"","_relevanssi_related_no_append":"","_relevanssi_related_not_related":"","_relevanssi_related_posts":"8289,6430,7053,10489,6445,10100","_relevanssi_noindex_reason":"","footnotes":""},"class_list":["post-10623","page","type-page","status-publish","has-post-thumbnail","hentry"],"acf":[],"yoast_head":"<!-- This site is optimized with the Yoast SEO plugin v26.9 - https:\/\/yoast.com\/product\/yoast-seo-wordpress\/ -->\n<title>Contactez-nous pour vos s\u00e9minaires et team buildings en Maine-et-Loire<\/title>\n<meta name=\"description\" content=\"Un \u00e9v\u00e9nement \u00e0 organiser pour vos collaborateurs et clients ? Faites appel \u00e0 notre \u00e9quipe pour une r\u00e9union de travail entre Angers, Nantes et Cholet.\" \/>\n<meta name=\"robots\" content=\"index, follow, max-snippet:-1, max-image-preview:large, max-video-preview:-1\" \/>\n<link rel=\"canonical\" href=\"https:\/\/www.osezmauges.fr\/evenements-pro\/contactez-nous\/\" \/>\n<meta property=\"og:locale\" content=\"fr_FR\" \/>\n<meta property=\"og:type\" content=\"article\" \/>\n<meta property=\"og:title\" content=\"Contactez-nous pour vos s\u00e9minaires et team buildings en Maine-et-Loire\" \/>\n<meta property=\"og:description\" content=\"Un \u00e9v\u00e9nement \u00e0 organiser pour vos collaborateurs et clients ? Faites appel \u00e0 notre \u00e9quipe pour une r\u00e9union de travail entre Angers, Nantes et Cholet.\" \/>\n<meta property=\"og:url\" content=\"https:\/\/www.osezmauges.fr\/evenements-pro\/contactez-nous\/\" \/>\n<meta property=\"og:site_name\" content=\"Osez Mauges - Tourisme d&#039;affaire\" \/>\n<meta property=\"article:modified_time\" content=\"2026-03-16T09:30:40+00:00\" \/>\n<meta property=\"og:image\" content=\"https:\/\/www.osezmauges.fr\/evenements-pro\/wp-content\/uploads\/sites\/2\/wpetourisme\/maison-julien-gracq-2022-saint-florent-le-vieil-visite-guidee-exterieurs-jardin-D.Drouet--5--3.jpg\" \/>\n\t<meta property=\"og:image:width\" content=\"1600\" \/>\n\t<meta property=\"og:image:height\" content=\"1067\" \/>\n\t<meta property=\"og:image:type\" content=\"image\/jpeg\" \/>\n<meta name=\"twitter:card\" content=\"summary_large_image\" \/>\n<meta name=\"twitter:label1\" content=\"Dur\u00e9e de lecture estim\u00e9e\" \/>\n\t<meta name=\"twitter:data1\" content=\"1 minute\" \/>\n<script type=\"application\/ld+json\" class=\"yoast-schema-graph\">{\"@context\":\"https:\/\/schema.org\",\"@graph\":[{\"@type\":\"WebPage\",\"@id\":\"https:\/\/www.osezmauges.fr\/evenements-pro\/contactez-nous\/\",\"url\":\"https:\/\/www.osezmauges.fr\/evenements-pro\/contactez-nous\/\",\"name\":\"Contactez-nous pour vos s\u00e9minaires et team buildings en Maine-et-Loire\",\"isPartOf\":{\"@id\":\"https:\/\/www.osezmauges.fr\/evenements-pro\/#website\"},\"primaryImageOfPage\":{\"@id\":\"https:\/\/www.osezmauges.fr\/evenements-pro\/contactez-nous\/#primaryimage\"},\"image\":{\"@id\":\"https:\/\/www.osezmauges.fr\/evenements-pro\/contactez-nous\/#primaryimage\"},\"thumbnailUrl\":\"https:\/\/www.osezmauges.fr\/evenements-pro\/wp-content\/uploads\/sites\/2\/wpetourisme\/maison-julien-gracq-2022-saint-florent-le-vieil-visite-guidee-exterieurs-jardin-D.Drouet--5--3.jpg\",\"datePublished\":\"2023-02-21T15:34:25+00:00\",\"dateModified\":\"2026-03-16T09:30:40+00:00\",\"description\":\"Un \u00e9v\u00e9nement \u00e0 organiser pour vos collaborateurs et clients ? Faites appel \u00e0 notre \u00e9quipe pour une r\u00e9union de travail entre Angers, Nantes et Cholet.\",\"breadcrumb\":{\"@id\":\"https:\/\/www.osezmauges.fr\/evenements-pro\/contactez-nous\/#breadcrumb\"},\"inLanguage\":\"fr-FR\",\"potentialAction\":[{\"@type\":\"ReadAction\",\"target\":[\"https:\/\/www.osezmauges.fr\/evenements-pro\/contactez-nous\/\"]}]},{\"@type\":\"ImageObject\",\"inLanguage\":\"fr-FR\",\"@id\":\"https:\/\/www.osezmauges.fr\/evenements-pro\/contactez-nous\/#primaryimage\",\"url\":\"https:\/\/www.osezmauges.fr\/evenements-pro\/wp-content\/uploads\/sites\/2\/wpetourisme\/maison-julien-gracq-2022-saint-florent-le-vieil-visite-guidee-exterieurs-jardin-D.Drouet--5--3.jpg\",\"contentUrl\":\"https:\/\/www.osezmauges.fr\/evenements-pro\/wp-content\/uploads\/sites\/2\/wpetourisme\/maison-julien-gracq-2022-saint-florent-le-vieil-visite-guidee-exterieurs-jardin-D.Drouet--5--3.jpg\",\"width\":1600,\"height\":1067},{\"@type\":\"BreadcrumbList\",\"@id\":\"https:\/\/www.osezmauges.fr\/evenements-pro\/contactez-nous\/#breadcrumb\",\"itemListElement\":[{\"@type\":\"ListItem\",\"position\":1,\"name\":\"Accueil\",\"item\":\"https:\/\/www.osezmauges.fr\/evenements-pro\/\"},{\"@type\":\"ListItem\",\"position\":2,\"name\":\"Contactez-nous\"}]},{\"@type\":\"WebSite\",\"@id\":\"https:\/\/www.osezmauges.fr\/evenements-pro\/#website\",\"url\":\"https:\/\/www.osezmauges.fr\/evenements-pro\/\",\"name\":\"Osez Mauges - Tourisme d&#039;affaire\",\"description\":\"\u00d4sez Mauges\",\"potentialAction\":[{\"@type\":\"SearchAction\",\"target\":{\"@type\":\"EntryPoint\",\"urlTemplate\":\"https:\/\/www.osezmauges.fr\/evenements-pro\/?s={search_term_string}\"},\"query-input\":{\"@type\":\"PropertyValueSpecification\",\"valueRequired\":true,\"valueName\":\"search_term_string\"}}],\"inLanguage\":\"fr-FR\"}]}<\/script>\n<!-- \/ Yoast SEO plugin. -->","yoast_head_json":{"title":"Contactez-nous pour vos s\u00e9minaires et team buildings en Maine-et-Loire","description":"Un \u00e9v\u00e9nement \u00e0 organiser pour vos collaborateurs et clients ? Faites appel \u00e0 notre \u00e9quipe pour une r\u00e9union de travail entre Angers, Nantes et Cholet.","robots":{"index":"index","follow":"follow","max-snippet":"max-snippet:-1","max-image-preview":"max-image-preview:large","max-video-preview":"max-video-preview:-1"},"canonical":"https:\/\/www.osezmauges.fr\/evenements-pro\/contactez-nous\/","og_locale":"fr_FR","og_type":"article","og_title":"Contactez-nous pour vos s\u00e9minaires et team buildings en Maine-et-Loire","og_description":"Un \u00e9v\u00e9nement \u00e0 organiser pour vos collaborateurs et clients ? Faites appel \u00e0 notre \u00e9quipe pour une r\u00e9union de travail entre Angers, Nantes et Cholet.","og_url":"https:\/\/www.osezmauges.fr\/evenements-pro\/contactez-nous\/","og_site_name":"Osez Mauges - Tourisme d&#039;affaire","article_modified_time":"2026-03-16T09:30:40+00:00","og_image":[{"width":1600,"height":1067,"url":"https:\/\/www.osezmauges.fr\/evenements-pro\/wp-content\/uploads\/sites\/2\/wpetourisme\/maison-julien-gracq-2022-saint-florent-le-vieil-visite-guidee-exterieurs-jardin-D.Drouet--5--3.jpg","type":"image\/jpeg"}],"twitter_card":"summary_large_image","twitter_misc":{"Dur\u00e9e de lecture estim\u00e9e":"1 minute"},"schema":{"@context":"https:\/\/schema.org","@graph":[{"@type":"WebPage","@id":"https:\/\/www.osezmauges.fr\/evenements-pro\/contactez-nous\/","url":"https:\/\/www.osezmauges.fr\/evenements-pro\/contactez-nous\/","name":"Contactez-nous pour vos s\u00e9minaires et team buildings en Maine-et-Loire","isPartOf":{"@id":"https:\/\/www.osezmauges.fr\/evenements-pro\/#website"},"primaryImageOfPage":{"@id":"https:\/\/www.osezmauges.fr\/evenements-pro\/contactez-nous\/#primaryimage"},"image":{"@id":"https:\/\/www.osezmauges.fr\/evenements-pro\/contactez-nous\/#primaryimage"},"thumbnailUrl":"https:\/\/www.osezmauges.fr\/evenements-pro\/wp-content\/uploads\/sites\/2\/wpetourisme\/maison-julien-gracq-2022-saint-florent-le-vieil-visite-guidee-exterieurs-jardin-D.Drouet--5--3.jpg","datePublished":"2023-02-21T15:34:25+00:00","dateModified":"2026-03-16T09:30:40+00:00","description":"Un \u00e9v\u00e9nement \u00e0 organiser pour vos collaborateurs et clients ? Faites appel \u00e0 notre \u00e9quipe pour une r\u00e9union de travail entre Angers, Nantes et Cholet.","breadcrumb":{"@id":"https:\/\/www.osezmauges.fr\/evenements-pro\/contactez-nous\/#breadcrumb"},"inLanguage":"fr-FR","potentialAction":[{"@type":"ReadAction","target":["https:\/\/www.osezmauges.fr\/evenements-pro\/contactez-nous\/"]}]},{"@type":"ImageObject","inLanguage":"fr-FR","@id":"https:\/\/www.osezmauges.fr\/evenements-pro\/contactez-nous\/#primaryimage","url":"https:\/\/www.osezmauges.fr\/evenements-pro\/wp-content\/uploads\/sites\/2\/wpetourisme\/maison-julien-gracq-2022-saint-florent-le-vieil-visite-guidee-exterieurs-jardin-D.Drouet--5--3.jpg","contentUrl":"https:\/\/www.osezmauges.fr\/evenements-pro\/wp-content\/uploads\/sites\/2\/wpetourisme\/maison-julien-gracq-2022-saint-florent-le-vieil-visite-guidee-exterieurs-jardin-D.Drouet--5--3.jpg","width":1600,"height":1067},{"@type":"BreadcrumbList","@id":"https:\/\/www.osezmauges.fr\/evenements-pro\/contactez-nous\/#breadcrumb","itemListElement":[{"@type":"ListItem","position":1,"name":"Accueil","item":"https:\/\/www.osezmauges.fr\/evenements-pro\/"},{"@type":"ListItem","position":2,"name":"Contactez-nous"}]},{"@type":"WebSite","@id":"https:\/\/www.osezmauges.fr\/evenements-pro\/#website","url":"https:\/\/www.osezmauges.fr\/evenements-pro\/","name":"Osez Mauges - Tourisme d&#039;affaire","description":"\u00d4sez Mauges","potentialAction":[{"@type":"SearchAction","target":{"@type":"EntryPoint","urlTemplate":"https:\/\/www.osezmauges.fr\/evenements-pro\/?s={search_term_string}"},"query-input":{"@type":"PropertyValueSpecification","valueRequired":true,"valueName":"search_term_string"}}],"inLanguage":"fr-FR"}]}},"_links":{"self":[{"href":"https:\/\/www.osezmauges.fr\/evenements-pro\/wp-json\/wp\/v2\/pages\/10623","targetHints":{"allow":["GET"]}}],"collection":[{"href":"https:\/\/www.osezmauges.fr\/evenements-pro\/wp-json\/wp\/v2\/pages"}],"about":[{"href":"https:\/\/www.osezmauges.fr\/evenements-pro\/wp-json\/wp\/v2\/types\/page"}],"author":[{"embeddable":true,"href":"https:\/\/www.osezmauges.fr\/evenements-pro\/wp-json\/wp\/v2\/users\/4"}],"replies":[{"embeddable":true,"href":"https:\/\/www.osezmauges.fr\/evenements-pro\/wp-json\/wp\/v2\/comments?post=10623"}],"version-history":[{"count":11,"href":"https:\/\/www.osezmauges.fr\/evenements-pro\/wp-json\/wp\/v2\/pages\/10623\/revisions"}],"predecessor-version":[{"id":18648,"href":"https:\/\/www.osezmauges.fr\/evenements-pro\/wp-json\/wp\/v2\/pages\/10623\/revisions\/18648"}],"wp:featuredmedia":[{"embeddable":true,"href":"https:\/\/www.osezmauges.fr\/evenements-pro\/wp-json\/wp\/v2\/media\/10439"}],"wp:attachment":[{"href":"https:\/\/www.osezmauges.fr\/evenements-pro\/wp-json\/wp\/v2\/media?parent=10623"}],"curies":[{"name":"wp","href":"https:\/\/api.w.org\/{rel}","templated":true}]}}