{"id":10821,"date":"2023-03-02T15:56:15","date_gmt":"2023-03-02T14:56:15","guid":{"rendered":"https:\/\/www.osezmauges.fr\/evenements-pro\/organiser-son-evenement-pro\/team-building-angers-nantes-cholet\/team-building-yoga-rire-2\/"},"modified":"2025-09-15T13:00:10","modified_gmt":"2025-09-15T11:00:10","slug":"team-building-yoga-rire-2","status":"publish","type":"page","link":"https:\/\/www.osezmauges.fr\/evenements-pro\/organiser-son-evenement-pro\/team-building-angers-nantes-cholet\/activites-ludiques\/team-building-yoga-rire-2\/","title":{"rendered":"Team-building &#8211; Yoga du rire avec Bel Avenir Coaching"},"content":{"rendered":"\n<div class=\"wp-block-columns is-layout-flex wp-container-core-columns-is-layout-9d6595d7 wp-block-columns-is-layout-flex\">\n<div class=\"wp-block-column is-layout-flow wp-block-column-is-layout-flow\">\n<p class=\"is-style-excerpt\">Coh\u00e9sion, cr\u00e9ativit\u00e9 et bonne humeur sont au programme du yoga du rire et<br>des jeux d\u2019intelligence \u00e9motionnelle propos\u00e9s par Anabelle. Ces activit\u00e9s<br>novatrices, valid\u00e9es par les neurosciences sont une formidable occasion de renforcer l\u2019esprit d\u2019\u00e9quipe et la communication entre les collaborateurs. Les participants ressortent des ateliers plus optimistes, dynamis\u00e9s et plein<br>de talents. <\/p>\n<\/div>\n\n\n\n<div class=\"wp-block-column is-layout-flow wp-block-column-is-layout-flow\"><div class=\"wp-block wp-block-highlight\">\n                <p class=\"wp-block-highlight-item wp-block-highlight-excerpt\">33 rue du Commerce<br>Tilli\u00e8res<br>49230 S\u00c8VREMOINE<br><br>Votre contact : Anabelle BELLIARD<strong><br><\/strong>06 78 14 07 54<br>belavenir.coaching@gmail.com <br><a href=\"http:\/\/www.belavenircoaching.fr\" target=\"_blank\" rel=\"noreferrer noopener\">Site web<\/a><\/p>\n    <\/div><\/div>\n<\/div>\n\n\n\n<figure class=\"wp-block-gallery alignwide columns-2 is-cropped wp-block-gallery-1 is-layout-flex wp-block-gallery-is-layout-flex\"><ul class=\"blocks-gallery-grid\"><li class=\"blocks-gallery-item\"><figure><img width=\"1200\" height=\"800\" data-src=\"https:\/\/www.osezmauges.fr\/evenements-pro\/wp-content\/uploads\/sites\/2\/2023\/08\/yoga-du-rire-team-building-tourlandry-osez-mauges-\u00a9F.Crampon-84.jpg\" alt=\"\" data-id=\"11625\" data-full-url=\"https:\/\/www.osezmauges.fr\/evenements-pro\/wp-content\/uploads\/sites\/2\/2023\/08\/yoga-du-rire-team-building-tourlandry-osez-mauges-\u00a9F.Crampon-84.jpg\" data-link=\"https:\/\/www.osezmauges.fr\/evenements-pro\/yoga-du-rire-team-building-tourlandry-osez-mauges-f-crampon-84\/\" class=\"wp-image-11625\" srcset=\"https:\/\/www.osezmauges.fr\/evenements-pro\/wp-content\/uploads\/sites\/2\/2023\/08\/yoga-du-rire-team-building-tourlandry-osez-mauges-\u00a9F.Crampon-84.jpg 1200w, https:\/\/www.osezmauges.fr\/evenements-pro\/wp-content\/uploads\/sites\/2\/2023\/08\/yoga-du-rire-team-building-tourlandry-osez-mauges-\u00a9F.Crampon-84-600x400.jpg 600w, https:\/\/www.osezmauges.fr\/evenements-pro\/wp-content\/uploads\/sites\/2\/2023\/08\/yoga-du-rire-team-building-tourlandry-osez-mauges-\u00a9F.Crampon-84-300x200.jpg 300w, https:\/\/www.osezmauges.fr\/evenements-pro\/wp-content\/uploads\/sites\/2\/2023\/08\/yoga-du-rire-team-building-tourlandry-osez-mauges-\u00a9F.Crampon-84-900x600.jpg 900w, https:\/\/www.osezmauges.fr\/evenements-pro\/wp-content\/uploads\/sites\/2\/2023\/08\/yoga-du-rire-team-building-tourlandry-osez-mauges-\u00a9F.Crampon-84-650x433.jpg 650w\" sizes=\"(max-width: 1200px) 100vw, 1200px\" \/><figcaption class=\"blocks-gallery-item__caption\"> Yoga du rire \u00a9F.Crampon<\/figcaption><\/figure><\/li><li class=\"blocks-gallery-item\"><figure><img width=\"1200\" height=\"800\" data-src=\"https:\/\/www.osezmauges.fr\/evenements-pro\/wp-content\/uploads\/sites\/2\/2023\/08\/yoga-du-rire-team-building-tourlandry-osez-mauges-\u00a9F.Crampon-45.jpg\" alt=\"\" data-id=\"11622\" data-full-url=\"https:\/\/www.osezmauges.fr\/evenements-pro\/wp-content\/uploads\/sites\/2\/2023\/08\/yoga-du-rire-team-building-tourlandry-osez-mauges-\u00a9F.Crampon-45.jpg\" data-link=\"https:\/\/www.osezmauges.fr\/evenements-pro\/yoga-du-rire-team-building-tourlandry-osez-mauges-f-crampon-45\/\" class=\"wp-image-11622\" srcset=\"https:\/\/www.osezmauges.fr\/evenements-pro\/wp-content\/uploads\/sites\/2\/2023\/08\/yoga-du-rire-team-building-tourlandry-osez-mauges-\u00a9F.Crampon-45.jpg 1200w, https:\/\/www.osezmauges.fr\/evenements-pro\/wp-content\/uploads\/sites\/2\/2023\/08\/yoga-du-rire-team-building-tourlandry-osez-mauges-\u00a9F.Crampon-45-600x400.jpg 600w, https:\/\/www.osezmauges.fr\/evenements-pro\/wp-content\/uploads\/sites\/2\/2023\/08\/yoga-du-rire-team-building-tourlandry-osez-mauges-\u00a9F.Crampon-45-300x200.jpg 300w, https:\/\/www.osezmauges.fr\/evenements-pro\/wp-content\/uploads\/sites\/2\/2023\/08\/yoga-du-rire-team-building-tourlandry-osez-mauges-\u00a9F.Crampon-45-900x600.jpg 900w, https:\/\/www.osezmauges.fr\/evenements-pro\/wp-content\/uploads\/sites\/2\/2023\/08\/yoga-du-rire-team-building-tourlandry-osez-mauges-\u00a9F.Crampon-45-650x433.jpg 650w\" sizes=\"(max-width: 1200px) 100vw, 1200px\" \/><figcaption class=\"blocks-gallery-item__caption\"> Yoga du rire \u00a9F.Crampon<\/figcaption><\/figure><\/li><\/ul><\/figure>\n\n\n\n<h2 class=\"wp-block-heading\">Pourquoi les choisir ?<\/h2>\n\n\n\n<ul class=\"wp-block-list\"><li>Activit\u00e9 novatrice pour renforcer l&rsquo;\u00e9quipe<\/li><li><span style=\"font-size: 1.125rem\">Am\u00e9liore la communication dans votre \u00e9quipe <\/span><\/li><li><span style=\"font-size: 1.125rem\">Se d\u00e9place sur votre lieu d&rsquo;\u00e9v\u00e9nement <\/span><\/li><\/ul>\n\n\n\n<figure class=\"wp-block-gallery alignwide columns-2 is-cropped wp-block-gallery-2 is-layout-flex wp-block-gallery-is-layout-flex\"><ul class=\"blocks-gallery-grid\"><li class=\"blocks-gallery-item\"><figure><img width=\"1200\" height=\"799\" data-src=\"https:\/\/www.osezmauges.fr\/evenements-pro\/wp-content\/uploads\/sites\/2\/2025\/06\/yoga-du-rire-team-building-tourlandry-osez-mauges-\u00a9F.Crampon-43.jpg\" alt=\"\" data-id=\"15936\" data-full-url=\"https:\/\/www.osezmauges.fr\/evenements-pro\/wp-content\/uploads\/sites\/2\/2025\/06\/yoga-du-rire-team-building-tourlandry-osez-mauges-\u00a9F.Crampon-43.jpg\" data-link=\"https:\/\/www.osezmauges.fr\/evenements-pro\/yoga-du-rire-team-building-tourlandry-osez-mauges-f-crampon-43\/\" class=\"wp-image-15936\" srcset=\"https:\/\/www.osezmauges.fr\/evenements-pro\/wp-content\/uploads\/sites\/2\/2025\/06\/yoga-du-rire-team-building-tourlandry-osez-mauges-\u00a9F.Crampon-43.jpg 1200w, https:\/\/www.osezmauges.fr\/evenements-pro\/wp-content\/uploads\/sites\/2\/2025\/06\/yoga-du-rire-team-building-tourlandry-osez-mauges-\u00a9F.Crampon-43-600x400.jpg 600w, https:\/\/www.osezmauges.fr\/evenements-pro\/wp-content\/uploads\/sites\/2\/2025\/06\/yoga-du-rire-team-building-tourlandry-osez-mauges-\u00a9F.Crampon-43-300x200.jpg 300w, https:\/\/www.osezmauges.fr\/evenements-pro\/wp-content\/uploads\/sites\/2\/2025\/06\/yoga-du-rire-team-building-tourlandry-osez-mauges-\u00a9F.Crampon-43-900x599.jpg 900w, https:\/\/www.osezmauges.fr\/evenements-pro\/wp-content\/uploads\/sites\/2\/2025\/06\/yoga-du-rire-team-building-tourlandry-osez-mauges-\u00a9F.Crampon-43-650x433.jpg 650w\" sizes=\"(max-width: 1200px) 100vw, 1200px\" \/><figcaption class=\"blocks-gallery-item__caption\">Yoga du rire \u00a9F.Crampon<\/figcaption><\/figure><\/li><li class=\"blocks-gallery-item\"><figure><img width=\"1200\" height=\"799\" data-src=\"https:\/\/www.osezmauges.fr\/evenements-pro\/wp-content\/uploads\/sites\/2\/2023\/08\/yoga-du-rire-team-building-tourlandry-osez-mauges-\u00a9F.Crampon-71.jpg\" alt=\"\" data-id=\"11624\" data-full-url=\"https:\/\/www.osezmauges.fr\/evenements-pro\/wp-content\/uploads\/sites\/2\/2023\/08\/yoga-du-rire-team-building-tourlandry-osez-mauges-\u00a9F.Crampon-71.jpg\" data-link=\"https:\/\/www.osezmauges.fr\/evenements-pro\/yoga-du-rire-team-building-tourlandry-osez-mauges-f-crampon-71\/\" class=\"wp-image-11624\" srcset=\"https:\/\/www.osezmauges.fr\/evenements-pro\/wp-content\/uploads\/sites\/2\/2023\/08\/yoga-du-rire-team-building-tourlandry-osez-mauges-\u00a9F.Crampon-71.jpg 1200w, https:\/\/www.osezmauges.fr\/evenements-pro\/wp-content\/uploads\/sites\/2\/2023\/08\/yoga-du-rire-team-building-tourlandry-osez-mauges-\u00a9F.Crampon-71-600x400.jpg 600w, https:\/\/www.osezmauges.fr\/evenements-pro\/wp-content\/uploads\/sites\/2\/2023\/08\/yoga-du-rire-team-building-tourlandry-osez-mauges-\u00a9F.Crampon-71-300x200.jpg 300w, https:\/\/www.osezmauges.fr\/evenements-pro\/wp-content\/uploads\/sites\/2\/2023\/08\/yoga-du-rire-team-building-tourlandry-osez-mauges-\u00a9F.Crampon-71-900x599.jpg 900w, https:\/\/www.osezmauges.fr\/evenements-pro\/wp-content\/uploads\/sites\/2\/2023\/08\/yoga-du-rire-team-building-tourlandry-osez-mauges-\u00a9F.Crampon-71-650x433.jpg 650w\" sizes=\"(max-width: 1200px) 100vw, 1200px\" \/><figcaption class=\"blocks-gallery-item__caption\"> Yoga du rire \u00a9F.Crampon <\/figcaption><\/figure><\/li><\/ul><\/figure>\n\n\n\n<h2 class=\"wp-block-heading\">Prestations&nbsp;:<\/h2>\n\n\n\n<ul class=\"wp-block-list\"><li>Activit\u00e9s participatives et inclusives (pour tous, aucun pr\u00e9requis physique)<\/li><li>\u00c0 partir de 5 participants<\/li><li>De 1 heure \u00e0 la demi-journ\u00e9e<\/li><li>Plusieurs formules disponibles sous forme d&rsquo;ateliers et de conf\u00e9rences<\/li><li>Activit\u00e9 encadr\u00e9e par une professionnelle form\u00e9e et agr\u00e9\u00e9e par l\u2019Institut Fran\u00e7ais du Yoga du Rire &amp; du Rire Sant\u00e9 depuis 2018<\/li><\/ul>\n\n\n\n<div class=\"wp-block wp-block-related-post clear alignfull\">\n    <div class=\"container\">\n\n        <div class=\"article\">\n\t\t                    <h2 class=\"wp-block-related-post-title\">Salles de s\u00e9minaire \u00e0 proximit\u00e9<\/h2>\n\t\t    \n\t\t            <\/div>\n\n\t                <div class=\"article\">\n        \n            <div class=\"wp-block-related-post-inner\">\n                <div   data-slides-per-view=\"4\">\n                    <div class=\"wp-block-related-post-list wp-block-related-post-list-1\">\n\t\t\t\t\t    \n<div class=\"entityItem\"      data-trigger=\"wpiris-click\">\n    <p class=\"entityItemThumbnail\">\n        <a href=\"https:\/\/www.osezmauges.fr\/evenements-pro\/organiser-son-evenement-pro\/salle-seminaire\/salle-seminaire-safranerie\/\" nofancybox>\n            <img src=\n            \"https:\/\/www.osezmauges.fr\/evenements-pro\/wp-content\/uploads\/sites\/2\/2021\/10\/1-salle-seminaire-cynfael-st-sauveur-900x675.jpg\" alt=\"Salle de s\u00e9minaire La Safranerie\">\n        <\/a>\n    <\/p>\n        <div class=\"entityItemContent\">\n        \n        \n        <h3 class=\"entityItemContentTitle\">        <a href=\"https:\/\/www.osezmauges.fr\/evenements-pro\/organiser-son-evenement-pro\/salle-seminaire\/salle-seminaire-safranerie\/\">Salle de s\u00e9minaire La Safranerie<\/a>\n        <\/h3>\n            <\/div>\n\n    \n    <\/div>\n                    <\/div>\n                <\/div>\n            <\/div>\n\n                    <\/div>\n        \n    <\/div>\n<\/div>","protected":false},"excerpt":{"rendered":"<p>Coh\u00e9sion, cr\u00e9ativit\u00e9 et bonne humeur sont au programme du yoga du rire etdes jeux d\u2019intelligence \u00e9motionnelle propos\u00e9s par Anabelle. Ces activit\u00e9snovatrices, valid\u00e9es par les neurosciences sont une formidable occasion de renforcer l\u2019esprit d\u2019\u00e9quipe et la communication entre les collaborateurs. Les participants ressortent des ateliers plus optimistes, dynamis\u00e9s et pleinde talents. Pourquoi les choisir ? Activit\u00e9 [&hellip;]<\/p>\n","protected":false},"author":1,"featured_media":11621,"parent":12144,"menu_order":6,"comment_status":"closed","ping_status":"closed","template":"","meta":{"_relevanssi_hide_post":"","_relevanssi_hide_content":"","_relevanssi_pin_for_all":"","_relevanssi_pin_keywords":"","_relevanssi_unpin_keywords":"","_relevanssi_related_keywords":"","_relevanssi_related_include_ids":"","_relevanssi_related_exclude_ids":"","_relevanssi_related_no_append":"","_relevanssi_related_not_related":"","_relevanssi_related_posts":"1","_relevanssi_noindex_reason":"","footnotes":""},"class_list":["post-10821","page","type-page","status-publish","has-post-thumbnail","hentry"],"acf":[],"yoast_head":"<!-- This site is optimized with the Yoast SEO plugin v26.9 - https:\/\/yoast.com\/product\/yoast-seo-wordpress\/ -->\n<title>Team-building en Maine-et-Loire | Yoga du rire entre Nantes et Cholet<\/title>\n<meta name=\"description\" content=\"Renforcez la coh\u00e9sion de votre \u00e9quipe gr\u00e2ce au yoga du rire. Coh\u00e9sion, cr\u00e9ativit\u00e9 et bonne humeur sont au programme.\" \/>\n<meta name=\"robots\" content=\"index, follow, max-snippet:-1, max-image-preview:large, max-video-preview:-1\" \/>\n<link rel=\"canonical\" href=\"https:\/\/www.osezmauges.fr\/evenements-pro\/organiser-son-evenement-pro\/team-building-angers-nantes-cholet\/activites-ludiques\/team-building-yoga-rire-2\/\" \/>\n<meta property=\"og:locale\" content=\"fr_FR\" \/>\n<meta property=\"og:type\" content=\"article\" \/>\n<meta property=\"og:title\" content=\"Team-building en Maine-et-Loire | Yoga du rire entre Nantes et Cholet\" \/>\n<meta property=\"og:description\" content=\"Renforcez la coh\u00e9sion de votre \u00e9quipe gr\u00e2ce au yoga du rire. Coh\u00e9sion, cr\u00e9ativit\u00e9 et bonne humeur sont au programme.\" \/>\n<meta property=\"og:url\" content=\"https:\/\/www.osezmauges.fr\/evenements-pro\/organiser-son-evenement-pro\/team-building-angers-nantes-cholet\/activites-ludiques\/team-building-yoga-rire-2\/\" \/>\n<meta property=\"og:site_name\" content=\"Osez Mauges - Tourisme d&#039;affaire\" \/>\n<meta property=\"article:modified_time\" content=\"2025-09-15T11:00:10+00:00\" \/>\n<meta property=\"og:image\" content=\"https:\/\/www.osezmauges.fr\/evenements-pro\/wp-content\/uploads\/sites\/2\/2023\/08\/yoga-du-rire-team-building-tourlandry-osez-mauges-\u00a9F.Crampon-14.jpg\" \/>\n\t<meta property=\"og:image:width\" content=\"1500\" \/>\n\t<meta property=\"og:image:height\" content=\"1000\" \/>\n\t<meta property=\"og:image:type\" content=\"image\/jpeg\" \/>\n<meta name=\"twitter:card\" content=\"summary_large_image\" \/>\n<meta name=\"twitter:label1\" content=\"Dur\u00e9e de lecture estim\u00e9e\" \/>\n\t<meta name=\"twitter:data1\" content=\"2 minutes\" \/>\n<script type=\"application\/ld+json\" class=\"yoast-schema-graph\">{\"@context\":\"https:\/\/schema.org\",\"@graph\":[{\"@type\":\"WebPage\",\"@id\":\"https:\/\/www.osezmauges.fr\/evenements-pro\/organiser-son-evenement-pro\/team-building-angers-nantes-cholet\/activites-ludiques\/team-building-yoga-rire-2\/\",\"url\":\"https:\/\/www.osezmauges.fr\/evenements-pro\/organiser-son-evenement-pro\/team-building-angers-nantes-cholet\/activites-ludiques\/team-building-yoga-rire-2\/\",\"name\":\"Team-building en Maine-et-Loire | Yoga du rire entre Nantes et Cholet\",\"isPartOf\":{\"@id\":\"https:\/\/www.osezmauges.fr\/evenements-pro\/#website\"},\"primaryImageOfPage\":{\"@id\":\"https:\/\/www.osezmauges.fr\/evenements-pro\/organiser-son-evenement-pro\/team-building-angers-nantes-cholet\/activites-ludiques\/team-building-yoga-rire-2\/#primaryimage\"},\"image\":{\"@id\":\"https:\/\/www.osezmauges.fr\/evenements-pro\/organiser-son-evenement-pro\/team-building-angers-nantes-cholet\/activites-ludiques\/team-building-yoga-rire-2\/#primaryimage\"},\"thumbnailUrl\":\"https:\/\/www.osezmauges.fr\/evenements-pro\/wp-content\/uploads\/sites\/2\/2023\/08\/yoga-du-rire-team-building-tourlandry-osez-mauges-\u00a9F.Crampon-14.jpg\",\"datePublished\":\"2023-03-02T14:56:15+00:00\",\"dateModified\":\"2025-09-15T11:00:10+00:00\",\"description\":\"Renforcez la coh\u00e9sion de votre \u00e9quipe gr\u00e2ce au yoga du rire. Coh\u00e9sion, cr\u00e9ativit\u00e9 et bonne humeur sont au programme.\",\"breadcrumb\":{\"@id\":\"https:\/\/www.osezmauges.fr\/evenements-pro\/organiser-son-evenement-pro\/team-building-angers-nantes-cholet\/activites-ludiques\/team-building-yoga-rire-2\/#breadcrumb\"},\"inLanguage\":\"fr-FR\",\"potentialAction\":[{\"@type\":\"ReadAction\",\"target\":[\"https:\/\/www.osezmauges.fr\/evenements-pro\/organiser-son-evenement-pro\/team-building-angers-nantes-cholet\/activites-ludiques\/team-building-yoga-rire-2\/\"]}]},{\"@type\":\"ImageObject\",\"inLanguage\":\"fr-FR\",\"@id\":\"https:\/\/www.osezmauges.fr\/evenements-pro\/organiser-son-evenement-pro\/team-building-angers-nantes-cholet\/activites-ludiques\/team-building-yoga-rire-2\/#primaryimage\",\"url\":\"https:\/\/www.osezmauges.fr\/evenements-pro\/wp-content\/uploads\/sites\/2\/2023\/08\/yoga-du-rire-team-building-tourlandry-osez-mauges-\u00a9F.Crampon-14.jpg\",\"contentUrl\":\"https:\/\/www.osezmauges.fr\/evenements-pro\/wp-content\/uploads\/sites\/2\/2023\/08\/yoga-du-rire-team-building-tourlandry-osez-mauges-\u00a9F.Crampon-14.jpg\",\"width\":1500,\"height\":1000},{\"@type\":\"BreadcrumbList\",\"@id\":\"https:\/\/www.osezmauges.fr\/evenements-pro\/organiser-son-evenement-pro\/team-building-angers-nantes-cholet\/activites-ludiques\/team-building-yoga-rire-2\/#breadcrumb\",\"itemListElement\":[{\"@type\":\"ListItem\",\"position\":1,\"name\":\"Accueil\",\"item\":\"https:\/\/www.osezmauges.fr\/evenements-pro\/\"},{\"@type\":\"ListItem\",\"position\":2,\"name\":\"Organiser son \u00e9v\u00e9nement d\u2019entreprise\",\"item\":\"https:\/\/www.osezmauges.fr\/evenements-pro\/organiser-son-evenement-pro\/\"},{\"@type\":\"ListItem\",\"position\":3,\"name\":\"Team-building et afterwork\",\"item\":\"https:\/\/www.osezmauges.fr\/evenements-pro\/organiser-son-evenement-pro\/team-building-angers-nantes-cholet\/\"},{\"@type\":\"ListItem\",\"position\":4,\"name\":\"Des activit\u00e9s ludiques\",\"item\":\"https:\/\/www.osezmauges.fr\/evenements-pro\/organiser-son-evenement-pro\/team-building-angers-nantes-cholet\/activites-ludiques\/\"},{\"@type\":\"ListItem\",\"position\":5,\"name\":\"Team-building &#8211; Yoga du rire avec Bel Avenir Coaching\"}]},{\"@type\":\"WebSite\",\"@id\":\"https:\/\/www.osezmauges.fr\/evenements-pro\/#website\",\"url\":\"https:\/\/www.osezmauges.fr\/evenements-pro\/\",\"name\":\"Osez Mauges - Tourisme d&#039;affaire\",\"description\":\"\u00d4sez Mauges\",\"potentialAction\":[{\"@type\":\"SearchAction\",\"target\":{\"@type\":\"EntryPoint\",\"urlTemplate\":\"https:\/\/www.osezmauges.fr\/evenements-pro\/?s={search_term_string}\"},\"query-input\":{\"@type\":\"PropertyValueSpecification\",\"valueRequired\":true,\"valueName\":\"search_term_string\"}}],\"inLanguage\":\"fr-FR\"}]}<\/script>\n<!-- \/ Yoast SEO plugin. -->","yoast_head_json":{"title":"Team-building en Maine-et-Loire | Yoga du rire entre Nantes et Cholet","description":"Renforcez la coh\u00e9sion de votre \u00e9quipe gr\u00e2ce au yoga du rire. Coh\u00e9sion, cr\u00e9ativit\u00e9 et bonne humeur sont au programme.","robots":{"index":"index","follow":"follow","max-snippet":"max-snippet:-1","max-image-preview":"max-image-preview:large","max-video-preview":"max-video-preview:-1"},"canonical":"https:\/\/www.osezmauges.fr\/evenements-pro\/organiser-son-evenement-pro\/team-building-angers-nantes-cholet\/activites-ludiques\/team-building-yoga-rire-2\/","og_locale":"fr_FR","og_type":"article","og_title":"Team-building en Maine-et-Loire | Yoga du rire entre Nantes et Cholet","og_description":"Renforcez la coh\u00e9sion de votre \u00e9quipe gr\u00e2ce au yoga du rire. Coh\u00e9sion, cr\u00e9ativit\u00e9 et bonne humeur sont au programme.","og_url":"https:\/\/www.osezmauges.fr\/evenements-pro\/organiser-son-evenement-pro\/team-building-angers-nantes-cholet\/activites-ludiques\/team-building-yoga-rire-2\/","og_site_name":"Osez Mauges - Tourisme d&#039;affaire","article_modified_time":"2025-09-15T11:00:10+00:00","og_image":[{"width":1500,"height":1000,"url":"https:\/\/www.osezmauges.fr\/evenements-pro\/wp-content\/uploads\/sites\/2\/2023\/08\/yoga-du-rire-team-building-tourlandry-osez-mauges-\u00a9F.Crampon-14.jpg","type":"image\/jpeg"}],"twitter_card":"summary_large_image","twitter_misc":{"Dur\u00e9e de lecture estim\u00e9e":"2 minutes"},"schema":{"@context":"https:\/\/schema.org","@graph":[{"@type":"WebPage","@id":"https:\/\/www.osezmauges.fr\/evenements-pro\/organiser-son-evenement-pro\/team-building-angers-nantes-cholet\/activites-ludiques\/team-building-yoga-rire-2\/","url":"https:\/\/www.osezmauges.fr\/evenements-pro\/organiser-son-evenement-pro\/team-building-angers-nantes-cholet\/activites-ludiques\/team-building-yoga-rire-2\/","name":"Team-building en Maine-et-Loire | Yoga du rire entre Nantes et Cholet","isPartOf":{"@id":"https:\/\/www.osezmauges.fr\/evenements-pro\/#website"},"primaryImageOfPage":{"@id":"https:\/\/www.osezmauges.fr\/evenements-pro\/organiser-son-evenement-pro\/team-building-angers-nantes-cholet\/activites-ludiques\/team-building-yoga-rire-2\/#primaryimage"},"image":{"@id":"https:\/\/www.osezmauges.fr\/evenements-pro\/organiser-son-evenement-pro\/team-building-angers-nantes-cholet\/activites-ludiques\/team-building-yoga-rire-2\/#primaryimage"},"thumbnailUrl":"https:\/\/www.osezmauges.fr\/evenements-pro\/wp-content\/uploads\/sites\/2\/2023\/08\/yoga-du-rire-team-building-tourlandry-osez-mauges-\u00a9F.Crampon-14.jpg","datePublished":"2023-03-02T14:56:15+00:00","dateModified":"2025-09-15T11:00:10+00:00","description":"Renforcez la coh\u00e9sion de votre \u00e9quipe gr\u00e2ce au yoga du rire. Coh\u00e9sion, cr\u00e9ativit\u00e9 et bonne humeur sont au programme.","breadcrumb":{"@id":"https:\/\/www.osezmauges.fr\/evenements-pro\/organiser-son-evenement-pro\/team-building-angers-nantes-cholet\/activites-ludiques\/team-building-yoga-rire-2\/#breadcrumb"},"inLanguage":"fr-FR","potentialAction":[{"@type":"ReadAction","target":["https:\/\/www.osezmauges.fr\/evenements-pro\/organiser-son-evenement-pro\/team-building-angers-nantes-cholet\/activites-ludiques\/team-building-yoga-rire-2\/"]}]},{"@type":"ImageObject","inLanguage":"fr-FR","@id":"https:\/\/www.osezmauges.fr\/evenements-pro\/organiser-son-evenement-pro\/team-building-angers-nantes-cholet\/activites-ludiques\/team-building-yoga-rire-2\/#primaryimage","url":"https:\/\/www.osezmauges.fr\/evenements-pro\/wp-content\/uploads\/sites\/2\/2023\/08\/yoga-du-rire-team-building-tourlandry-osez-mauges-\u00a9F.Crampon-14.jpg","contentUrl":"https:\/\/www.osezmauges.fr\/evenements-pro\/wp-content\/uploads\/sites\/2\/2023\/08\/yoga-du-rire-team-building-tourlandry-osez-mauges-\u00a9F.Crampon-14.jpg","width":1500,"height":1000},{"@type":"BreadcrumbList","@id":"https:\/\/www.osezmauges.fr\/evenements-pro\/organiser-son-evenement-pro\/team-building-angers-nantes-cholet\/activites-ludiques\/team-building-yoga-rire-2\/#breadcrumb","itemListElement":[{"@type":"ListItem","position":1,"name":"Accueil","item":"https:\/\/www.osezmauges.fr\/evenements-pro\/"},{"@type":"ListItem","position":2,"name":"Organiser son \u00e9v\u00e9nement d\u2019entreprise","item":"https:\/\/www.osezmauges.fr\/evenements-pro\/organiser-son-evenement-pro\/"},{"@type":"ListItem","position":3,"name":"Team-building et afterwork","item":"https:\/\/www.osezmauges.fr\/evenements-pro\/organiser-son-evenement-pro\/team-building-angers-nantes-cholet\/"},{"@type":"ListItem","position":4,"name":"Des activit\u00e9s ludiques","item":"https:\/\/www.osezmauges.fr\/evenements-pro\/organiser-son-evenement-pro\/team-building-angers-nantes-cholet\/activites-ludiques\/"},{"@type":"ListItem","position":5,"name":"Team-building &#8211; Yoga du rire avec Bel Avenir Coaching"}]},{"@type":"WebSite","@id":"https:\/\/www.osezmauges.fr\/evenements-pro\/#website","url":"https:\/\/www.osezmauges.fr\/evenements-pro\/","name":"Osez Mauges - Tourisme d&#039;affaire","description":"\u00d4sez Mauges","potentialAction":[{"@type":"SearchAction","target":{"@type":"EntryPoint","urlTemplate":"https:\/\/www.osezmauges.fr\/evenements-pro\/?s={search_term_string}"},"query-input":{"@type":"PropertyValueSpecification","valueRequired":true,"valueName":"search_term_string"}}],"inLanguage":"fr-FR"}]}},"_links":{"self":[{"href":"https:\/\/www.osezmauges.fr\/evenements-pro\/wp-json\/wp\/v2\/pages\/10821","targetHints":{"allow":["GET"]}}],"collection":[{"href":"https:\/\/www.osezmauges.fr\/evenements-pro\/wp-json\/wp\/v2\/pages"}],"about":[{"href":"https:\/\/www.osezmauges.fr\/evenements-pro\/wp-json\/wp\/v2\/types\/page"}],"author":[{"embeddable":true,"href":"https:\/\/www.osezmauges.fr\/evenements-pro\/wp-json\/wp\/v2\/users\/1"}],"replies":[{"embeddable":true,"href":"https:\/\/www.osezmauges.fr\/evenements-pro\/wp-json\/wp\/v2\/comments?post=10821"}],"version-history":[{"count":4,"href":"https:\/\/www.osezmauges.fr\/evenements-pro\/wp-json\/wp\/v2\/pages\/10821\/revisions"}],"predecessor-version":[{"id":16940,"href":"https:\/\/www.osezmauges.fr\/evenements-pro\/wp-json\/wp\/v2\/pages\/10821\/revisions\/16940"}],"up":[{"embeddable":true,"href":"https:\/\/www.osezmauges.fr\/evenements-pro\/wp-json\/wp\/v2\/pages\/12144"}],"wp:featuredmedia":[{"embeddable":true,"href":"https:\/\/www.osezmauges.fr\/evenements-pro\/wp-json\/wp\/v2\/media\/11621"}],"wp:attachment":[{"href":"https:\/\/www.osezmauges.fr\/evenements-pro\/wp-json\/wp\/v2\/media?parent=10821"}],"curies":[{"name":"wp","href":"https:\/\/api.w.org\/{rel}","templated":true}]}}