{"id":12094,"date":"2024-01-09T16:24:34","date_gmt":"2024-01-09T15:24:34","guid":{"rendered":"https:\/\/www.osezmauges.fr\/evenements-pro\/?page_id=12094"},"modified":"2025-06-03T11:22:18","modified_gmt":"2025-06-03T09:22:18","slug":"team-building-jeu-en-bois","status":"publish","type":"page","link":"https:\/\/www.osezmauges.fr\/evenements-pro\/organiser-son-evenement-pro\/team-building-angers-nantes-cholet\/activites-ludiques\/team-building-jeu-en-bois\/","title":{"rendered":"\u00d4 Prestige du Bois &#8211; Jeux en bois pour vos \u00e9v\u00e9nements d&rsquo;entreprise"},"content":{"rendered":"\n<div class=\"wp-block-columns is-layout-flex wp-container-core-columns-is-layout-9d6595d7 wp-block-columns-is-layout-flex\">\n<div class=\"wp-block-column is-layout-flow wp-block-column-is-layout-flow\">\n<p class=\"is-style-excerpt\">Animez vos \u00e9v\u00e9nements d&rsquo;entreprise avec des<strong> jeux en bois uniques<\/strong> : jeu du tonneau, puissance 4 g\u00e9ant, fakir, cornhole ou encore billard japonais. Leur sp\u00e9cificit\u00e9 ? \u00d4 Prestige du Bois associe des palets en cuir \u00e0 ses jeux permettant de jouer en int\u00e9rieur comme en ext\u00e9rieur tout en r\u00e9duisant le bruit.<\/p>\n<\/div>\n\n\n\n<div class=\"wp-block-column is-layout-flow wp-block-column-is-layout-flow\"><div class=\"wp-block wp-block-highlight\">\n                <p class=\"wp-block-highlight-item wp-block-highlight-excerpt\">6 Le Moulin \u00e0 Vent<br>Saint-L\u00e9zin<br>49120 CHEMILL\u00c9-EN-ANJOU<br><br>Votre contact : Thierry S\u00c9CHER<br>06 83 75 03 20<br>oprestigedubois@gmail.com<\/p>\n    <\/div><\/div>\n<\/div>\n\n\n\n<h2 class=\"wp-block-heading\">Pourquoi les choisir ?<\/h2>\n\n\n\n<ul class=\"wp-block-list\"><li>Un large choix de jeux en bois uniques pour des activit\u00e9s de coh\u00e9sion en \u00e9quipe <\/li><li>\u00d4 Prestige du Bois se d\u00e9place sur le lieu de votre s\u00e9minaire ou teambuilding <\/li><\/ul>\n\n\n\n<figure class=\"wp-block-gallery alignwide columns-2 is-cropped wp-block-gallery-1 is-layout-flex wp-block-gallery-is-layout-flex\"><ul class=\"blocks-gallery-grid\"><li class=\"blocks-gallery-item\"><figure><img width=\"960\" height=\"1200\" data-src=\"https:\/\/www.osezmauges.fr\/evenements-pro\/wp-content\/uploads\/sites\/2\/2024\/01\/o-prestige-du-bois.jpg\" alt=\"\" data-id=\"12098\" data-full-url=\"https:\/\/www.osezmauges.fr\/evenements-pro\/wp-content\/uploads\/sites\/2\/2024\/01\/o-prestige-du-bois.jpg\" data-link=\"https:\/\/www.osezmauges.fr\/evenements-pro\/o-prestige-du-bois\/\" class=\"wp-image-12098\" srcset=\"https:\/\/www.osezmauges.fr\/evenements-pro\/wp-content\/uploads\/sites\/2\/2024\/01\/o-prestige-du-bois.jpg 960w, https:\/\/www.osezmauges.fr\/evenements-pro\/wp-content\/uploads\/sites\/2\/2024\/01\/o-prestige-du-bois-480x600.jpg 480w, https:\/\/www.osezmauges.fr\/evenements-pro\/wp-content\/uploads\/sites\/2\/2024\/01\/o-prestige-du-bois-300x375.jpg 300w, https:\/\/www.osezmauges.fr\/evenements-pro\/wp-content\/uploads\/sites\/2\/2024\/01\/o-prestige-du-bois-720x900.jpg 720w, https:\/\/www.osezmauges.fr\/evenements-pro\/wp-content\/uploads\/sites\/2\/2024\/01\/o-prestige-du-bois-650x813.jpg 650w\" sizes=\"(max-width: 960px) 100vw, 960px\" \/><\/figure><\/li><li class=\"blocks-gallery-item\"><figure><img width=\"960\" height=\"1200\" data-src=\"https:\/\/www.osezmauges.fr\/evenements-pro\/wp-content\/uploads\/sites\/2\/2024\/01\/o-prestige-du-bois-1.jpg\" alt=\"\" data-id=\"12099\" data-full-url=\"https:\/\/www.osezmauges.fr\/evenements-pro\/wp-content\/uploads\/sites\/2\/2024\/01\/o-prestige-du-bois-1.jpg\" data-link=\"https:\/\/www.osezmauges.fr\/evenements-pro\/o-prestige-du-bois-1\/\" class=\"wp-image-12099\" srcset=\"https:\/\/www.osezmauges.fr\/evenements-pro\/wp-content\/uploads\/sites\/2\/2024\/01\/o-prestige-du-bois-1.jpg 960w, https:\/\/www.osezmauges.fr\/evenements-pro\/wp-content\/uploads\/sites\/2\/2024\/01\/o-prestige-du-bois-1-480x600.jpg 480w, https:\/\/www.osezmauges.fr\/evenements-pro\/wp-content\/uploads\/sites\/2\/2024\/01\/o-prestige-du-bois-1-300x375.jpg 300w, https:\/\/www.osezmauges.fr\/evenements-pro\/wp-content\/uploads\/sites\/2\/2024\/01\/o-prestige-du-bois-1-720x900.jpg 720w, https:\/\/www.osezmauges.fr\/evenements-pro\/wp-content\/uploads\/sites\/2\/2024\/01\/o-prestige-du-bois-1-650x813.jpg 650w\" sizes=\"(max-width: 960px) 100vw, 960px\" \/><\/figure><\/li><\/ul><figcaption class=\"blocks-gallery-caption\">Jeux en bois &#8211; \u00d4 Prestige du Bois \u00a9 T. S\u00e9cher<\/figcaption><\/figure>\n\n\n\n<h2 class=\"wp-block-heading\">Prestations&nbsp;:<\/h2>\n\n\n\n<ul class=\"wp-block-list\"><li>15 jeux en bois diff\u00e9rents<\/li><li>La location courte dur\u00e9e pour un \u00e9v\u00e9nement d&rsquo;une journ\u00e9e, d&rsquo;un week-end ou d&rsquo;une semaine<\/li><li>La location longue dur\u00e9e pour faire vivre votre salle de d\u00e9tente avec la possibilit\u00e9 de faire tourner les jeux<\/li><\/ul>\n\n\n\n<div class=\"wp-block wp-block-related-post clear alignfull\">\n    <div class=\"container\">\n\n        <div class=\"article\">\n\t\t                    <h2 class=\"wp-block-related-post-title\">Salles de s\u00e9minaire \u00e0 proximit\u00e9<\/h2>\n\t\t    \n\t\t            <\/div>\n\n\t    \n            <div class=\"wp-block-related-post-inner\">\n                <div data-id=\"wpiris-related-post\"  data-slides-per-view=\"4\">\n                    <div data-id=\"wpiris-related-post-wrapper\"\">\n\t\t\t\t\t    \n<div class=\"entityItem\" data-id=\"wpiris-related-post-item\"     data-trigger=\"wpiris-click\">\n    <p class=\"entityItemThumbnail\">\n        <a href=\"https:\/\/www.osezmauges.fr\/evenements-pro\/organiser-son-evenement-pro\/salle-seminaire\/salle-seminaire-safranerie\/\" nofancybox>\n            <img src=\n            \"https:\/\/www.osezmauges.fr\/evenements-pro\/wp-content\/uploads\/sites\/2\/2021\/10\/1-salle-seminaire-cynfael-st-sauveur-380x430.jpg\" alt=\"Salle de s\u00e9minaire La Safranerie\">\n        <\/a>\n    <\/p>\n        <div class=\"entityItemContent\">\n        \n        \n        <h3 class=\"entityItemContentTitle\">        <a href=\"https:\/\/www.osezmauges.fr\/evenements-pro\/organiser-son-evenement-pro\/salle-seminaire\/salle-seminaire-safranerie\/\">Salle de s\u00e9minaire La Safranerie<\/a>\n        <\/h3>\n            <\/div>\n\n    \n    <\/div>\n\n<div class=\"entityItem\" data-id=\"wpiris-related-post-item\"     data-trigger=\"wpiris-click\">\n    <p class=\"entityItemThumbnail\">\n        <a href=\"https:\/\/www.osezmauges.fr\/evenements-pro\/organiser-son-evenement-pro\/salle-seminaire\/salle-seminaire-fief-cordeliers\/\" nofancybox>\n            <img src=\n            \"https:\/\/www.osezmauges.fr\/evenements-pro\/wp-content\/uploads\/sites\/2\/2021\/10\/1-salle-seminaire-fief-cordeliers-montjean-loire-anjou-\u00a9Stephane-Portier-380x430.jpg\" alt=\"Salle de s\u00e9minaire au Fief des Cordeliers\">\n        <\/a>\n    <\/p>\n        <div class=\"entityItemContent\">\n        \n        \n        <h3 class=\"entityItemContentTitle\">        <a href=\"https:\/\/www.osezmauges.fr\/evenements-pro\/organiser-son-evenement-pro\/salle-seminaire\/salle-seminaire-fief-cordeliers\/\">Salle de s\u00e9minaire au Fief des Cordeliers<\/a>\n        <\/h3>\n            <\/div>\n\n    \n    <\/div>\n\n<div class=\"entityItem\" data-id=\"wpiris-related-post-item\"     data-trigger=\"wpiris-click\">\n    <p class=\"entityItemThumbnail\">\n        <a href=\"https:\/\/www.osezmauges.fr\/evenements-pro\/organiser-son-evenement-pro\/salle-seminaire\/seminaire-congres-jardins-anjou\/\" nofancybox>\n            <img src=\n            \"https:\/\/www.osezmauges.fr\/evenements-pro\/wp-content\/uploads\/sites\/2\/2022\/02\/complexe-hotelier-jardins-anjou-la-pommeraye-\u00a9JDA-380x430.jpg\" alt=\"S\u00e9minaires, incentives et congr\u00e8s aux Jardins de l\u2019Anjou\">\n        <\/a>\n    <\/p>\n        <div class=\"entityItemContent\">\n        \n        \n        <h3 class=\"entityItemContentTitle\">        <a href=\"https:\/\/www.osezmauges.fr\/evenements-pro\/organiser-son-evenement-pro\/salle-seminaire\/seminaire-congres-jardins-anjou\/\">S\u00e9minaires, incentives et congr\u00e8s aux Jardins de l\u2019Anjou<\/a>\n        <\/h3>\n            <\/div>\n\n    \n    <\/div>\n\n<div class=\"entityItem\" data-id=\"wpiris-related-post-item\"     data-trigger=\"wpiris-click\">\n    <p class=\"entityItemThumbnail\">\n        <a href=\"https:\/\/www.osezmauges.fr\/evenements-pro\/organiser-son-evenement-pro\/salle-seminaire\/salle-seminaire-chateau-martreil-2\/\" nofancybox>\n            <img src=\n            \"https:\/\/www.osezmauges.fr\/evenements-pro\/wp-content\/uploads\/sites\/2\/2021\/10\/1-chateau-martreil-salle-seminaire-chemille-anjou-\u00a9DDrouet-380x430.jpg\" alt=\"Salles de s\u00e9minaire au Ch\u00e2teau du Martreil\">\n        <\/a>\n    <\/p>\n        <div class=\"entityItemContent\">\n        \n        \n        <h3 class=\"entityItemContentTitle\">        <a href=\"https:\/\/www.osezmauges.fr\/evenements-pro\/organiser-son-evenement-pro\/salle-seminaire\/salle-seminaire-chateau-martreil-2\/\">Salles de s\u00e9minaire au Ch\u00e2teau du Martreil<\/a>\n        <\/h3>\n            <\/div>\n\n    \n    <\/div>\n                    <\/div>\n                <\/div>\n            <\/div>\n\n        \n    <\/div>\n<\/div>","protected":false},"excerpt":{"rendered":"<p>Animez vos \u00e9v\u00e9nements d&rsquo;entreprise avec des jeux en bois uniques : jeu du tonneau, puissance 4 g\u00e9ant, fakir, cornhole ou encore billard japonais. Leur sp\u00e9cificit\u00e9 ? \u00d4 Prestige du Bois associe des palets en cuir \u00e0 ses jeux permettant de jouer en int\u00e9rieur comme en ext\u00e9rieur tout en r\u00e9duisant le bruit. Pourquoi les choisir ? [&hellip;]<\/p>\n","protected":false},"author":4,"featured_media":12109,"parent":12144,"menu_order":5,"comment_status":"closed","ping_status":"closed","template":"","meta":{"_relevanssi_hide_post":"","_relevanssi_hide_content":"","_relevanssi_pin_for_all":"","_relevanssi_pin_keywords":"","_relevanssi_unpin_keywords":"","_relevanssi_related_keywords":"","_relevanssi_related_include_ids":"","_relevanssi_related_exclude_ids":"","_relevanssi_related_no_append":"","_relevanssi_related_not_related":"","_relevanssi_related_posts":"1","_relevanssi_noindex_reason":"","footnotes":""},"class_list":["post-12094","page","type-page","status-publish","has-post-thumbnail","hentry"],"acf":[],"yoast_head":"<!-- This site is optimized with the Yoast SEO plugin v26.9 - https:\/\/yoast.com\/product\/yoast-seo-wordpress\/ -->\n<title>\u00d4 Prestige du Bois - Jeux en bois pour vos \u00e9v\u00e9nements d&#039;entreprise<\/title>\n<meta name=\"description\" content=\"Des jeux en bois uniques pour se d\u00e9fier en \u00e9quipe avec \u00d4 Prestige du Bois : petit ou grandeur nature, c&#039;est parfait pour un moment convivial en \u00e9quipe.\" \/>\n<meta name=\"robots\" content=\"index, follow, max-snippet:-1, max-image-preview:large, max-video-preview:-1\" \/>\n<link rel=\"canonical\" href=\"https:\/\/www.osezmauges.fr\/evenements-pro\/organiser-son-evenement-pro\/team-building-angers-nantes-cholet\/activites-ludiques\/team-building-jeu-en-bois\/\" \/>\n<meta property=\"og:locale\" content=\"fr_FR\" \/>\n<meta property=\"og:type\" content=\"article\" \/>\n<meta property=\"og:title\" content=\"\u00d4 Prestige du Bois - Jeux en bois pour vos \u00e9v\u00e9nements d&#039;entreprise\" \/>\n<meta property=\"og:description\" content=\"Des jeux en bois uniques pour se d\u00e9fier en \u00e9quipe avec \u00d4 Prestige du Bois : petit ou grandeur nature, c&#039;est parfait pour un moment convivial en \u00e9quipe.\" \/>\n<meta property=\"og:url\" content=\"https:\/\/www.osezmauges.fr\/evenements-pro\/organiser-son-evenement-pro\/team-building-angers-nantes-cholet\/activites-ludiques\/team-building-jeu-en-bois\/\" \/>\n<meta property=\"og:site_name\" content=\"Osez Mauges - Tourisme d&#039;affaire\" \/>\n<meta property=\"article:modified_time\" content=\"2025-06-03T09:22:18+00:00\" \/>\n<meta property=\"og:image\" content=\"https:\/\/www.osezmauges.fr\/evenements-pro\/wp-content\/uploads\/sites\/2\/2024\/01\/o-prestige-du-bois-2.jpg\" \/>\n\t<meta property=\"og:image:width\" content=\"1445\" \/>\n\t<meta property=\"og:image:height\" content=\"950\" \/>\n\t<meta property=\"og:image:type\" content=\"image\/jpeg\" \/>\n<meta name=\"twitter:card\" content=\"summary_large_image\" \/>\n<meta name=\"twitter:label1\" content=\"Dur\u00e9e de lecture estim\u00e9e\" \/>\n\t<meta name=\"twitter:data1\" content=\"2 minutes\" \/>\n<script type=\"application\/ld+json\" class=\"yoast-schema-graph\">{\"@context\":\"https:\/\/schema.org\",\"@graph\":[{\"@type\":\"WebPage\",\"@id\":\"https:\/\/www.osezmauges.fr\/evenements-pro\/organiser-son-evenement-pro\/team-building-angers-nantes-cholet\/activites-ludiques\/team-building-jeu-en-bois\/\",\"url\":\"https:\/\/www.osezmauges.fr\/evenements-pro\/organiser-son-evenement-pro\/team-building-angers-nantes-cholet\/activites-ludiques\/team-building-jeu-en-bois\/\",\"name\":\"\u00d4 Prestige du Bois - Jeux en bois pour vos \u00e9v\u00e9nements d'entreprise\",\"isPartOf\":{\"@id\":\"https:\/\/www.osezmauges.fr\/evenements-pro\/#website\"},\"primaryImageOfPage\":{\"@id\":\"https:\/\/www.osezmauges.fr\/evenements-pro\/organiser-son-evenement-pro\/team-building-angers-nantes-cholet\/activites-ludiques\/team-building-jeu-en-bois\/#primaryimage\"},\"image\":{\"@id\":\"https:\/\/www.osezmauges.fr\/evenements-pro\/organiser-son-evenement-pro\/team-building-angers-nantes-cholet\/activites-ludiques\/team-building-jeu-en-bois\/#primaryimage\"},\"thumbnailUrl\":\"https:\/\/www.osezmauges.fr\/evenements-pro\/wp-content\/uploads\/sites\/2\/2024\/01\/o-prestige-du-bois-2.jpg\",\"datePublished\":\"2024-01-09T15:24:34+00:00\",\"dateModified\":\"2025-06-03T09:22:18+00:00\",\"description\":\"Des jeux en bois uniques pour se d\u00e9fier en \u00e9quipe avec \u00d4 Prestige du Bois : petit ou grandeur nature, c'est parfait pour un moment convivial en \u00e9quipe.\",\"breadcrumb\":{\"@id\":\"https:\/\/www.osezmauges.fr\/evenements-pro\/organiser-son-evenement-pro\/team-building-angers-nantes-cholet\/activites-ludiques\/team-building-jeu-en-bois\/#breadcrumb\"},\"inLanguage\":\"fr-FR\",\"potentialAction\":[{\"@type\":\"ReadAction\",\"target\":[\"https:\/\/www.osezmauges.fr\/evenements-pro\/organiser-son-evenement-pro\/team-building-angers-nantes-cholet\/activites-ludiques\/team-building-jeu-en-bois\/\"]}]},{\"@type\":\"ImageObject\",\"inLanguage\":\"fr-FR\",\"@id\":\"https:\/\/www.osezmauges.fr\/evenements-pro\/organiser-son-evenement-pro\/team-building-angers-nantes-cholet\/activites-ludiques\/team-building-jeu-en-bois\/#primaryimage\",\"url\":\"https:\/\/www.osezmauges.fr\/evenements-pro\/wp-content\/uploads\/sites\/2\/2024\/01\/o-prestige-du-bois-2.jpg\",\"contentUrl\":\"https:\/\/www.osezmauges.fr\/evenements-pro\/wp-content\/uploads\/sites\/2\/2024\/01\/o-prestige-du-bois-2.jpg\",\"width\":1445,\"height\":950},{\"@type\":\"BreadcrumbList\",\"@id\":\"https:\/\/www.osezmauges.fr\/evenements-pro\/organiser-son-evenement-pro\/team-building-angers-nantes-cholet\/activites-ludiques\/team-building-jeu-en-bois\/#breadcrumb\",\"itemListElement\":[{\"@type\":\"ListItem\",\"position\":1,\"name\":\"Accueil\",\"item\":\"https:\/\/www.osezmauges.fr\/evenements-pro\/\"},{\"@type\":\"ListItem\",\"position\":2,\"name\":\"Organiser son \u00e9v\u00e9nement d\u2019entreprise\",\"item\":\"https:\/\/www.osezmauges.fr\/evenements-pro\/organiser-son-evenement-pro\/\"},{\"@type\":\"ListItem\",\"position\":3,\"name\":\"Team-building et afterwork\",\"item\":\"https:\/\/www.osezmauges.fr\/evenements-pro\/organiser-son-evenement-pro\/team-building-angers-nantes-cholet\/\"},{\"@type\":\"ListItem\",\"position\":4,\"name\":\"Des activit\u00e9s ludiques\",\"item\":\"https:\/\/www.osezmauges.fr\/evenements-pro\/organiser-son-evenement-pro\/team-building-angers-nantes-cholet\/activites-ludiques\/\"},{\"@type\":\"ListItem\",\"position\":5,\"name\":\"\u00d4 Prestige du Bois &#8211; Jeux en bois pour vos \u00e9v\u00e9nements d&rsquo;entreprise\"}]},{\"@type\":\"WebSite\",\"@id\":\"https:\/\/www.osezmauges.fr\/evenements-pro\/#website\",\"url\":\"https:\/\/www.osezmauges.fr\/evenements-pro\/\",\"name\":\"Osez Mauges - Tourisme d&#039;affaire\",\"description\":\"\u00d4sez Mauges\",\"potentialAction\":[{\"@type\":\"SearchAction\",\"target\":{\"@type\":\"EntryPoint\",\"urlTemplate\":\"https:\/\/www.osezmauges.fr\/evenements-pro\/?s={search_term_string}\"},\"query-input\":{\"@type\":\"PropertyValueSpecification\",\"valueRequired\":true,\"valueName\":\"search_term_string\"}}],\"inLanguage\":\"fr-FR\"}]}<\/script>\n<!-- \/ Yoast SEO plugin. -->","yoast_head_json":{"title":"\u00d4 Prestige du Bois - Jeux en bois pour vos \u00e9v\u00e9nements d'entreprise","description":"Des jeux en bois uniques pour se d\u00e9fier en \u00e9quipe avec \u00d4 Prestige du Bois : petit ou grandeur nature, c'est parfait pour un moment convivial en \u00e9quipe.","robots":{"index":"index","follow":"follow","max-snippet":"max-snippet:-1","max-image-preview":"max-image-preview:large","max-video-preview":"max-video-preview:-1"},"canonical":"https:\/\/www.osezmauges.fr\/evenements-pro\/organiser-son-evenement-pro\/team-building-angers-nantes-cholet\/activites-ludiques\/team-building-jeu-en-bois\/","og_locale":"fr_FR","og_type":"article","og_title":"\u00d4 Prestige du Bois - Jeux en bois pour vos \u00e9v\u00e9nements d'entreprise","og_description":"Des jeux en bois uniques pour se d\u00e9fier en \u00e9quipe avec \u00d4 Prestige du Bois : petit ou grandeur nature, c'est parfait pour un moment convivial en \u00e9quipe.","og_url":"https:\/\/www.osezmauges.fr\/evenements-pro\/organiser-son-evenement-pro\/team-building-angers-nantes-cholet\/activites-ludiques\/team-building-jeu-en-bois\/","og_site_name":"Osez Mauges - Tourisme d&#039;affaire","article_modified_time":"2025-06-03T09:22:18+00:00","og_image":[{"width":1445,"height":950,"url":"https:\/\/www.osezmauges.fr\/evenements-pro\/wp-content\/uploads\/sites\/2\/2024\/01\/o-prestige-du-bois-2.jpg","type":"image\/jpeg"}],"twitter_card":"summary_large_image","twitter_misc":{"Dur\u00e9e de lecture estim\u00e9e":"2 minutes"},"schema":{"@context":"https:\/\/schema.org","@graph":[{"@type":"WebPage","@id":"https:\/\/www.osezmauges.fr\/evenements-pro\/organiser-son-evenement-pro\/team-building-angers-nantes-cholet\/activites-ludiques\/team-building-jeu-en-bois\/","url":"https:\/\/www.osezmauges.fr\/evenements-pro\/organiser-son-evenement-pro\/team-building-angers-nantes-cholet\/activites-ludiques\/team-building-jeu-en-bois\/","name":"\u00d4 Prestige du Bois - Jeux en bois pour vos \u00e9v\u00e9nements d'entreprise","isPartOf":{"@id":"https:\/\/www.osezmauges.fr\/evenements-pro\/#website"},"primaryImageOfPage":{"@id":"https:\/\/www.osezmauges.fr\/evenements-pro\/organiser-son-evenement-pro\/team-building-angers-nantes-cholet\/activites-ludiques\/team-building-jeu-en-bois\/#primaryimage"},"image":{"@id":"https:\/\/www.osezmauges.fr\/evenements-pro\/organiser-son-evenement-pro\/team-building-angers-nantes-cholet\/activites-ludiques\/team-building-jeu-en-bois\/#primaryimage"},"thumbnailUrl":"https:\/\/www.osezmauges.fr\/evenements-pro\/wp-content\/uploads\/sites\/2\/2024\/01\/o-prestige-du-bois-2.jpg","datePublished":"2024-01-09T15:24:34+00:00","dateModified":"2025-06-03T09:22:18+00:00","description":"Des jeux en bois uniques pour se d\u00e9fier en \u00e9quipe avec \u00d4 Prestige du Bois : petit ou grandeur nature, c'est parfait pour un moment convivial en \u00e9quipe.","breadcrumb":{"@id":"https:\/\/www.osezmauges.fr\/evenements-pro\/organiser-son-evenement-pro\/team-building-angers-nantes-cholet\/activites-ludiques\/team-building-jeu-en-bois\/#breadcrumb"},"inLanguage":"fr-FR","potentialAction":[{"@type":"ReadAction","target":["https:\/\/www.osezmauges.fr\/evenements-pro\/organiser-son-evenement-pro\/team-building-angers-nantes-cholet\/activites-ludiques\/team-building-jeu-en-bois\/"]}]},{"@type":"ImageObject","inLanguage":"fr-FR","@id":"https:\/\/www.osezmauges.fr\/evenements-pro\/organiser-son-evenement-pro\/team-building-angers-nantes-cholet\/activites-ludiques\/team-building-jeu-en-bois\/#primaryimage","url":"https:\/\/www.osezmauges.fr\/evenements-pro\/wp-content\/uploads\/sites\/2\/2024\/01\/o-prestige-du-bois-2.jpg","contentUrl":"https:\/\/www.osezmauges.fr\/evenements-pro\/wp-content\/uploads\/sites\/2\/2024\/01\/o-prestige-du-bois-2.jpg","width":1445,"height":950},{"@type":"BreadcrumbList","@id":"https:\/\/www.osezmauges.fr\/evenements-pro\/organiser-son-evenement-pro\/team-building-angers-nantes-cholet\/activites-ludiques\/team-building-jeu-en-bois\/#breadcrumb","itemListElement":[{"@type":"ListItem","position":1,"name":"Accueil","item":"https:\/\/www.osezmauges.fr\/evenements-pro\/"},{"@type":"ListItem","position":2,"name":"Organiser son \u00e9v\u00e9nement d\u2019entreprise","item":"https:\/\/www.osezmauges.fr\/evenements-pro\/organiser-son-evenement-pro\/"},{"@type":"ListItem","position":3,"name":"Team-building et afterwork","item":"https:\/\/www.osezmauges.fr\/evenements-pro\/organiser-son-evenement-pro\/team-building-angers-nantes-cholet\/"},{"@type":"ListItem","position":4,"name":"Des activit\u00e9s ludiques","item":"https:\/\/www.osezmauges.fr\/evenements-pro\/organiser-son-evenement-pro\/team-building-angers-nantes-cholet\/activites-ludiques\/"},{"@type":"ListItem","position":5,"name":"\u00d4 Prestige du Bois &#8211; Jeux en bois pour vos \u00e9v\u00e9nements d&rsquo;entreprise"}]},{"@type":"WebSite","@id":"https:\/\/www.osezmauges.fr\/evenements-pro\/#website","url":"https:\/\/www.osezmauges.fr\/evenements-pro\/","name":"Osez Mauges - Tourisme d&#039;affaire","description":"\u00d4sez Mauges","potentialAction":[{"@type":"SearchAction","target":{"@type":"EntryPoint","urlTemplate":"https:\/\/www.osezmauges.fr\/evenements-pro\/?s={search_term_string}"},"query-input":{"@type":"PropertyValueSpecification","valueRequired":true,"valueName":"search_term_string"}}],"inLanguage":"fr-FR"}]}},"_links":{"self":[{"href":"https:\/\/www.osezmauges.fr\/evenements-pro\/wp-json\/wp\/v2\/pages\/12094","targetHints":{"allow":["GET"]}}],"collection":[{"href":"https:\/\/www.osezmauges.fr\/evenements-pro\/wp-json\/wp\/v2\/pages"}],"about":[{"href":"https:\/\/www.osezmauges.fr\/evenements-pro\/wp-json\/wp\/v2\/types\/page"}],"author":[{"embeddable":true,"href":"https:\/\/www.osezmauges.fr\/evenements-pro\/wp-json\/wp\/v2\/users\/4"}],"replies":[{"embeddable":true,"href":"https:\/\/www.osezmauges.fr\/evenements-pro\/wp-json\/wp\/v2\/comments?post=12094"}],"version-history":[{"count":5,"href":"https:\/\/www.osezmauges.fr\/evenements-pro\/wp-json\/wp\/v2\/pages\/12094\/revisions"}],"predecessor-version":[{"id":15779,"href":"https:\/\/www.osezmauges.fr\/evenements-pro\/wp-json\/wp\/v2\/pages\/12094\/revisions\/15779"}],"up":[{"embeddable":true,"href":"https:\/\/www.osezmauges.fr\/evenements-pro\/wp-json\/wp\/v2\/pages\/12144"}],"wp:featuredmedia":[{"embeddable":true,"href":"https:\/\/www.osezmauges.fr\/evenements-pro\/wp-json\/wp\/v2\/media\/12109"}],"wp:attachment":[{"href":"https:\/\/www.osezmauges.fr\/evenements-pro\/wp-json\/wp\/v2\/media?parent=12094"}],"curies":[{"name":"wp","href":"https:\/\/api.w.org\/{rel}","templated":true}]}}