{"id":12121,"date":"2024-01-10T16:53:43","date_gmt":"2024-01-10T15:53:43","guid":{"rendered":"https:\/\/www.osezmauges.fr\/evenements-pro\/?page_id=12121"},"modified":"2024-01-10T16:56:32","modified_gmt":"2024-01-10T15:56:32","slug":"chauffeur-vtc-nantes-angers","status":"publish","type":"page","link":"https:\/\/www.osezmauges.fr\/evenements-pro\/organiser-son-evenement-pro\/chauffeur-vtc-nantes-angers\/","title":{"rendered":"Votre chauffeur VTC entre Angers et Nantes"},"content":{"rendered":"\n<p class=\"is-style-excerpt\">Pour tous vos d\u00e9placements professionnels ou vos trajets entre la gare, l&rsquo;a\u00e9roport et votre lieu d&rsquo;arriv\u00e9e, faites appel \u00e0 l&rsquo;un de nos chauffeurs priv\u00e9s entre Angers, Nantes et Cholet. <\/p>\n\n\n\n<div class=\"wp-block wp-block-child-post alignwide clear\">\n    \n<div class=\"entityItem\"      data-trigger=\"wpiris-click\">\n    <p class=\"entityItemThumbnail\">\n        <a href=\"https:\/\/www.osezmauges.fr\/evenements-pro\/organiser-son-evenement-pro\/chauffeur-vtc-nantes-angers\/transport-lad-chauffeur-prive\/\" nofancybox>\n            <img src=\n            \"https:\/\/www.osezmauges.fr\/evenements-pro\/wp-content\/uploads\/sites\/2\/2024\/01\/lad-chauffeur-prive-vtc-maine-et-loire-\u00a9Freepik-380x430.jpg\" alt=\"LAD Chauffeur Priv\u00e9 pour vos d\u00e9placements pros\">\n        <\/a>\n    <\/p>\n        <div class=\"entityItemContent\">\n        \n        \n        <h2 class=\"entityItemContentTitle\">        <a href=\"https:\/\/www.osezmauges.fr\/evenements-pro\/organiser-son-evenement-pro\/chauffeur-vtc-nantes-angers\/transport-lad-chauffeur-prive\/\">LAD Chauffeur Priv\u00e9 pour vos d\u00e9placements pros<\/a>\n        <\/h2>\n            <\/div>\n\n    \n    <\/div>\n<\/div>","protected":false},"excerpt":{"rendered":"<p>Pour tous vos d\u00e9placements professionnels ou vos trajets entre la gare, l&rsquo;a\u00e9roport et votre lieu d&rsquo;arriv\u00e9e, faites appel \u00e0 l&rsquo;un de nos chauffeurs priv\u00e9s entre Angers, Nantes et Cholet.<\/p>\n","protected":false},"author":4,"featured_media":12124,"parent":13,"menu_order":5,"comment_status":"closed","ping_status":"closed","template":"","meta":{"_relevanssi_hide_post":"","_relevanssi_hide_content":"","_relevanssi_pin_for_all":"","_relevanssi_pin_keywords":"","_relevanssi_unpin_keywords":"","_relevanssi_related_keywords":"","_relevanssi_related_include_ids":"","_relevanssi_related_exclude_ids":"","_relevanssi_related_no_append":"","_relevanssi_related_not_related":"","_relevanssi_related_posts":"11525,6445,7053,7875,10100,10048","_relevanssi_noindex_reason":"","footnotes":""},"class_list":["post-12121","page","type-page","status-publish","has-post-thumbnail","hentry"],"acf":[],"yoast_head":"<!-- This site is optimized with the Yoast SEO plugin v26.9 - https:\/\/yoast.com\/product\/yoast-seo-wordpress\/ -->\n<title>Chauffeurs VTC entre Angers, Nantes et Cholet<\/title>\n<meta name=\"description\" content=\"Pour vos d\u00e9placements professionnels et vos trajets entre la gare, l&#039;a\u00e9roport et votre lieu d&#039;arriv\u00e9e, faites appel au service de nos chauffeurs VTC.\" \/>\n<meta name=\"robots\" content=\"index, follow, max-snippet:-1, max-image-preview:large, max-video-preview:-1\" \/>\n<link rel=\"canonical\" href=\"https:\/\/www.osezmauges.fr\/evenements-pro\/organiser-son-evenement-pro\/chauffeur-vtc-nantes-angers\/\" \/>\n<meta property=\"og:locale\" content=\"fr_FR\" \/>\n<meta property=\"og:type\" content=\"article\" \/>\n<meta property=\"og:title\" content=\"Chauffeurs VTC entre Angers, Nantes et Cholet\" \/>\n<meta property=\"og:description\" content=\"Pour vos d\u00e9placements professionnels et vos trajets entre la gare, l&#039;a\u00e9roport et votre lieu d&#039;arriv\u00e9e, faites appel au service de nos chauffeurs VTC.\" \/>\n<meta property=\"og:url\" content=\"https:\/\/www.osezmauges.fr\/evenements-pro\/organiser-son-evenement-pro\/chauffeur-vtc-nantes-angers\/\" \/>\n<meta property=\"og:site_name\" content=\"Osez Mauges - Tourisme d&#039;affaire\" \/>\n<meta property=\"article:modified_time\" content=\"2024-01-10T15:56:32+00:00\" \/>\n<meta property=\"og:image\" content=\"https:\/\/www.osezmauges.fr\/evenements-pro\/wp-content\/uploads\/sites\/2\/2024\/01\/chauffeur-prive-vtc-angers-nantes-maine-et-loire-\u00a9Freepik.jpg\" \/>\n\t<meta property=\"og:image:width\" content=\"1500\" \/>\n\t<meta property=\"og:image:height\" content=\"998\" \/>\n\t<meta property=\"og:image:type\" content=\"image\/jpeg\" \/>\n<meta name=\"twitter:card\" content=\"summary_large_image\" \/>\n<meta name=\"twitter:label1\" content=\"Dur\u00e9e de lecture estim\u00e9e\" \/>\n\t<meta name=\"twitter:data1\" content=\"1 minute\" \/>\n<script type=\"application\/ld+json\" class=\"yoast-schema-graph\">{\"@context\":\"https:\/\/schema.org\",\"@graph\":[{\"@type\":\"WebPage\",\"@id\":\"https:\/\/www.osezmauges.fr\/evenements-pro\/organiser-son-evenement-pro\/chauffeur-vtc-nantes-angers\/\",\"url\":\"https:\/\/www.osezmauges.fr\/evenements-pro\/organiser-son-evenement-pro\/chauffeur-vtc-nantes-angers\/\",\"name\":\"Chauffeurs VTC entre Angers, Nantes et Cholet\",\"isPartOf\":{\"@id\":\"https:\/\/www.osezmauges.fr\/evenements-pro\/#website\"},\"primaryImageOfPage\":{\"@id\":\"https:\/\/www.osezmauges.fr\/evenements-pro\/organiser-son-evenement-pro\/chauffeur-vtc-nantes-angers\/#primaryimage\"},\"image\":{\"@id\":\"https:\/\/www.osezmauges.fr\/evenements-pro\/organiser-son-evenement-pro\/chauffeur-vtc-nantes-angers\/#primaryimage\"},\"thumbnailUrl\":\"https:\/\/www.osezmauges.fr\/evenements-pro\/wp-content\/uploads\/sites\/2\/2024\/01\/chauffeur-prive-vtc-angers-nantes-maine-et-loire-\u00a9Freepik.jpg\",\"datePublished\":\"2024-01-10T15:53:43+00:00\",\"dateModified\":\"2024-01-10T15:56:32+00:00\",\"description\":\"Pour vos d\u00e9placements professionnels et vos trajets entre la gare, l'a\u00e9roport et votre lieu d'arriv\u00e9e, faites appel au service de nos chauffeurs VTC.\",\"breadcrumb\":{\"@id\":\"https:\/\/www.osezmauges.fr\/evenements-pro\/organiser-son-evenement-pro\/chauffeur-vtc-nantes-angers\/#breadcrumb\"},\"inLanguage\":\"fr-FR\",\"potentialAction\":[{\"@type\":\"ReadAction\",\"target\":[\"https:\/\/www.osezmauges.fr\/evenements-pro\/organiser-son-evenement-pro\/chauffeur-vtc-nantes-angers\/\"]}]},{\"@type\":\"ImageObject\",\"inLanguage\":\"fr-FR\",\"@id\":\"https:\/\/www.osezmauges.fr\/evenements-pro\/organiser-son-evenement-pro\/chauffeur-vtc-nantes-angers\/#primaryimage\",\"url\":\"https:\/\/www.osezmauges.fr\/evenements-pro\/wp-content\/uploads\/sites\/2\/2024\/01\/chauffeur-prive-vtc-angers-nantes-maine-et-loire-\u00a9Freepik.jpg\",\"contentUrl\":\"https:\/\/www.osezmauges.fr\/evenements-pro\/wp-content\/uploads\/sites\/2\/2024\/01\/chauffeur-prive-vtc-angers-nantes-maine-et-loire-\u00a9Freepik.jpg\",\"width\":1500,\"height\":998},{\"@type\":\"BreadcrumbList\",\"@id\":\"https:\/\/www.osezmauges.fr\/evenements-pro\/organiser-son-evenement-pro\/chauffeur-vtc-nantes-angers\/#breadcrumb\",\"itemListElement\":[{\"@type\":\"ListItem\",\"position\":1,\"name\":\"Accueil\",\"item\":\"https:\/\/www.osezmauges.fr\/evenements-pro\/\"},{\"@type\":\"ListItem\",\"position\":2,\"name\":\"Organiser son \u00e9v\u00e9nement d\u2019entreprise\",\"item\":\"https:\/\/www.osezmauges.fr\/evenements-pro\/organiser-son-evenement-pro\/\"},{\"@type\":\"ListItem\",\"position\":3,\"name\":\"Votre chauffeur VTC entre Angers et Nantes\"}]},{\"@type\":\"WebSite\",\"@id\":\"https:\/\/www.osezmauges.fr\/evenements-pro\/#website\",\"url\":\"https:\/\/www.osezmauges.fr\/evenements-pro\/\",\"name\":\"Osez Mauges - Tourisme d&#039;affaire\",\"description\":\"\u00d4sez Mauges\",\"potentialAction\":[{\"@type\":\"SearchAction\",\"target\":{\"@type\":\"EntryPoint\",\"urlTemplate\":\"https:\/\/www.osezmauges.fr\/evenements-pro\/?s={search_term_string}\"},\"query-input\":{\"@type\":\"PropertyValueSpecification\",\"valueRequired\":true,\"valueName\":\"search_term_string\"}}],\"inLanguage\":\"fr-FR\"}]}<\/script>\n<!-- \/ Yoast SEO plugin. -->","yoast_head_json":{"title":"Chauffeurs VTC entre Angers, Nantes et Cholet","description":"Pour vos d\u00e9placements professionnels et vos trajets entre la gare, l'a\u00e9roport et votre lieu d'arriv\u00e9e, faites appel au service de nos chauffeurs VTC.","robots":{"index":"index","follow":"follow","max-snippet":"max-snippet:-1","max-image-preview":"max-image-preview:large","max-video-preview":"max-video-preview:-1"},"canonical":"https:\/\/www.osezmauges.fr\/evenements-pro\/organiser-son-evenement-pro\/chauffeur-vtc-nantes-angers\/","og_locale":"fr_FR","og_type":"article","og_title":"Chauffeurs VTC entre Angers, Nantes et Cholet","og_description":"Pour vos d\u00e9placements professionnels et vos trajets entre la gare, l'a\u00e9roport et votre lieu d'arriv\u00e9e, faites appel au service de nos chauffeurs VTC.","og_url":"https:\/\/www.osezmauges.fr\/evenements-pro\/organiser-son-evenement-pro\/chauffeur-vtc-nantes-angers\/","og_site_name":"Osez Mauges - Tourisme d&#039;affaire","article_modified_time":"2024-01-10T15:56:32+00:00","og_image":[{"width":1500,"height":998,"url":"https:\/\/www.osezmauges.fr\/evenements-pro\/wp-content\/uploads\/sites\/2\/2024\/01\/chauffeur-prive-vtc-angers-nantes-maine-et-loire-\u00a9Freepik.jpg","type":"image\/jpeg"}],"twitter_card":"summary_large_image","twitter_misc":{"Dur\u00e9e de lecture estim\u00e9e":"1 minute"},"schema":{"@context":"https:\/\/schema.org","@graph":[{"@type":"WebPage","@id":"https:\/\/www.osezmauges.fr\/evenements-pro\/organiser-son-evenement-pro\/chauffeur-vtc-nantes-angers\/","url":"https:\/\/www.osezmauges.fr\/evenements-pro\/organiser-son-evenement-pro\/chauffeur-vtc-nantes-angers\/","name":"Chauffeurs VTC entre Angers, Nantes et Cholet","isPartOf":{"@id":"https:\/\/www.osezmauges.fr\/evenements-pro\/#website"},"primaryImageOfPage":{"@id":"https:\/\/www.osezmauges.fr\/evenements-pro\/organiser-son-evenement-pro\/chauffeur-vtc-nantes-angers\/#primaryimage"},"image":{"@id":"https:\/\/www.osezmauges.fr\/evenements-pro\/organiser-son-evenement-pro\/chauffeur-vtc-nantes-angers\/#primaryimage"},"thumbnailUrl":"https:\/\/www.osezmauges.fr\/evenements-pro\/wp-content\/uploads\/sites\/2\/2024\/01\/chauffeur-prive-vtc-angers-nantes-maine-et-loire-\u00a9Freepik.jpg","datePublished":"2024-01-10T15:53:43+00:00","dateModified":"2024-01-10T15:56:32+00:00","description":"Pour vos d\u00e9placements professionnels et vos trajets entre la gare, l'a\u00e9roport et votre lieu d'arriv\u00e9e, faites appel au service de nos chauffeurs VTC.","breadcrumb":{"@id":"https:\/\/www.osezmauges.fr\/evenements-pro\/organiser-son-evenement-pro\/chauffeur-vtc-nantes-angers\/#breadcrumb"},"inLanguage":"fr-FR","potentialAction":[{"@type":"ReadAction","target":["https:\/\/www.osezmauges.fr\/evenements-pro\/organiser-son-evenement-pro\/chauffeur-vtc-nantes-angers\/"]}]},{"@type":"ImageObject","inLanguage":"fr-FR","@id":"https:\/\/www.osezmauges.fr\/evenements-pro\/organiser-son-evenement-pro\/chauffeur-vtc-nantes-angers\/#primaryimage","url":"https:\/\/www.osezmauges.fr\/evenements-pro\/wp-content\/uploads\/sites\/2\/2024\/01\/chauffeur-prive-vtc-angers-nantes-maine-et-loire-\u00a9Freepik.jpg","contentUrl":"https:\/\/www.osezmauges.fr\/evenements-pro\/wp-content\/uploads\/sites\/2\/2024\/01\/chauffeur-prive-vtc-angers-nantes-maine-et-loire-\u00a9Freepik.jpg","width":1500,"height":998},{"@type":"BreadcrumbList","@id":"https:\/\/www.osezmauges.fr\/evenements-pro\/organiser-son-evenement-pro\/chauffeur-vtc-nantes-angers\/#breadcrumb","itemListElement":[{"@type":"ListItem","position":1,"name":"Accueil","item":"https:\/\/www.osezmauges.fr\/evenements-pro\/"},{"@type":"ListItem","position":2,"name":"Organiser son \u00e9v\u00e9nement d\u2019entreprise","item":"https:\/\/www.osezmauges.fr\/evenements-pro\/organiser-son-evenement-pro\/"},{"@type":"ListItem","position":3,"name":"Votre chauffeur VTC entre Angers et Nantes"}]},{"@type":"WebSite","@id":"https:\/\/www.osezmauges.fr\/evenements-pro\/#website","url":"https:\/\/www.osezmauges.fr\/evenements-pro\/","name":"Osez Mauges - Tourisme d&#039;affaire","description":"\u00d4sez Mauges","potentialAction":[{"@type":"SearchAction","target":{"@type":"EntryPoint","urlTemplate":"https:\/\/www.osezmauges.fr\/evenements-pro\/?s={search_term_string}"},"query-input":{"@type":"PropertyValueSpecification","valueRequired":true,"valueName":"search_term_string"}}],"inLanguage":"fr-FR"}]}},"_links":{"self":[{"href":"https:\/\/www.osezmauges.fr\/evenements-pro\/wp-json\/wp\/v2\/pages\/12121","targetHints":{"allow":["GET"]}}],"collection":[{"href":"https:\/\/www.osezmauges.fr\/evenements-pro\/wp-json\/wp\/v2\/pages"}],"about":[{"href":"https:\/\/www.osezmauges.fr\/evenements-pro\/wp-json\/wp\/v2\/types\/page"}],"author":[{"embeddable":true,"href":"https:\/\/www.osezmauges.fr\/evenements-pro\/wp-json\/wp\/v2\/users\/4"}],"replies":[{"embeddable":true,"href":"https:\/\/www.osezmauges.fr\/evenements-pro\/wp-json\/wp\/v2\/comments?post=12121"}],"version-history":[{"count":3,"href":"https:\/\/www.osezmauges.fr\/evenements-pro\/wp-json\/wp\/v2\/pages\/12121\/revisions"}],"predecessor-version":[{"id":12126,"href":"https:\/\/www.osezmauges.fr\/evenements-pro\/wp-json\/wp\/v2\/pages\/12121\/revisions\/12126"}],"up":[{"embeddable":true,"href":"https:\/\/www.osezmauges.fr\/evenements-pro\/wp-json\/wp\/v2\/pages\/13"}],"wp:featuredmedia":[{"embeddable":true,"href":"https:\/\/www.osezmauges.fr\/evenements-pro\/wp-json\/wp\/v2\/media\/12124"}],"wp:attachment":[{"href":"https:\/\/www.osezmauges.fr\/evenements-pro\/wp-json\/wp\/v2\/media?parent=12121"}],"curies":[{"name":"wp","href":"https:\/\/api.w.org\/{rel}","templated":true}]}}