{"id":12139,"date":"2024-01-11T16:17:45","date_gmt":"2024-01-11T15:17:45","guid":{"rendered":"https:\/\/www.osezmauges.fr\/evenements-pro\/?page_id=12139"},"modified":"2025-05-10T16:26:13","modified_gmt":"2025-05-10T14:26:13","slug":"activites-gourmandes","status":"publish","type":"page","link":"https:\/\/www.osezmauges.fr\/evenements-pro\/organiser-son-evenement-pro\/team-building-angers-nantes-cholet\/activites-gourmandes\/","title":{"rendered":"Des activit\u00e9s gourmandes"},"content":{"rendered":"\n<p class=\"is-style-excerpt\">Mettez vos papilles en \u00e9veil avec une activit\u00e9 pleine de gourmandise avec vos collaborateurs. Aux fourneaux, avec des jeux ludiques ou lors d&rsquo;une d\u00e9gustation, vos \u00e9quipes boosteront leurs liens et d\u00e9couvriront les talents culinaires de chacun.<\/p>\n\n\n\n<div class=\"wp-block wp-block-child-post alignwide clear\">\n    \n<div class=\"entityItem\"      data-trigger=\"wpiris-click\">\n    <p class=\"entityItemThumbnail\">\n        <a href=\"https:\/\/www.osezmauges.fr\/evenements-pro\/organiser-son-evenement-pro\/team-building-angers-nantes-cholet\/activites-gourmandes\/team-building-cynfael\/\" nofancybox>\n            <img src=\n            \"https:\/\/www.osezmauges.fr\/evenements-pro\/wp-content\/uploads\/sites\/2\/2022\/04\/Safran-terroir-visite-cynfael-st-sauveur-drouet-2870-85-380x430.jpg\" alt=\"Ateliers cuisine et savonnerie dans votre entreprise\">\n        <\/a>\n    <\/p>\n        <div class=\"entityItemContent\">\n        \n        \n        <h2 class=\"entityItemContentTitle\">        <a href=\"https:\/\/www.osezmauges.fr\/evenements-pro\/organiser-son-evenement-pro\/team-building-angers-nantes-cholet\/activites-gourmandes\/team-building-cynfael\/\">Ateliers cuisine et savonnerie dans votre entreprise<\/a>\n        <\/h2>\n            <\/div>\n\n    \n    <\/div>\n\n<div class=\"entityItem\"      data-trigger=\"wpiris-click\">\n    <p class=\"entityItemThumbnail\">\n        <a href=\"https:\/\/www.osezmauges.fr\/evenements-pro\/organiser-son-evenement-pro\/team-building-angers-nantes-cholet\/activites-gourmandes\/team-building-atelier-chocolat\/\" nofancybox>\n            <img src=\n            \"https:\/\/www.osezmauges.fr\/evenements-pro\/wp-content\/uploads\/sites\/2\/2025\/05\/visite-entreprise-chocolaterie-cosme-msl-saint-florent-le-vieil-osez-mauges-\u00a9F.Crampon-14-380x430.jpg\" alt=\"Fabrication de chocolat entre Angers et Nantes\">\n        <\/a>\n    <\/p>\n        <div class=\"entityItemContent\">\n        \n        \n        <h2 class=\"entityItemContentTitle\">        <a href=\"https:\/\/www.osezmauges.fr\/evenements-pro\/organiser-son-evenement-pro\/team-building-angers-nantes-cholet\/activites-gourmandes\/team-building-atelier-chocolat\/\">Fabrication de chocolat entre Angers et Nantes<\/a>\n        <\/h2>\n            <\/div>\n\n    \n    <\/div>\n<\/div>","protected":false},"excerpt":{"rendered":"<p>Mettez vos papilles en \u00e9veil avec une activit\u00e9 pleine de gourmandise avec vos collaborateurs. Aux fourneaux, avec des jeux ludiques ou lors d&rsquo;une d\u00e9gustation, vos \u00e9quipes boosteront leurs liens et d\u00e9couvriront les talents culinaires de chacun.<\/p>\n","protected":false},"author":4,"featured_media":15579,"parent":46,"menu_order":1,"comment_status":"closed","ping_status":"closed","template":"","meta":{"_relevanssi_hide_post":"","_relevanssi_hide_content":"","_relevanssi_pin_for_all":"","_relevanssi_pin_keywords":"","_relevanssi_unpin_keywords":"","_relevanssi_related_keywords":"","_relevanssi_related_include_ids":"","_relevanssi_related_exclude_ids":"","_relevanssi_related_no_append":"","_relevanssi_related_not_related":"","_relevanssi_related_posts":"11525,11541,10048,12005,7875,7797","_relevanssi_noindex_reason":"","footnotes":""},"class_list":["post-12139","page","type-page","status-publish","has-post-thumbnail","hentry"],"acf":[],"yoast_head":"<!-- This site is optimized with the Yoast SEO plugin v26.9 - https:\/\/yoast.com\/product\/yoast-seo-wordpress\/ -->\n<title>Activit\u00e9s gourmandes - Team building<\/title>\n<meta name=\"description\" content=\"Des activit\u00e9s ludiques et gourmandes entre salari\u00e9s pour booster la coh\u00e9sion de votre \u00e9quipe et d\u00e9couvrir les talents culinaires de chacun.\" \/>\n<meta name=\"robots\" content=\"index, follow, max-snippet:-1, max-image-preview:large, max-video-preview:-1\" \/>\n<link rel=\"canonical\" href=\"https:\/\/www.osezmauges.fr\/evenements-pro\/organiser-son-evenement-pro\/team-building-angers-nantes-cholet\/activites-gourmandes\/\" \/>\n<meta property=\"og:locale\" content=\"fr_FR\" \/>\n<meta property=\"og:type\" content=\"article\" \/>\n<meta property=\"og:title\" content=\"Activit\u00e9s gourmandes - Team building\" \/>\n<meta property=\"og:description\" content=\"Des activit\u00e9s ludiques et gourmandes entre salari\u00e9s pour booster la coh\u00e9sion de votre \u00e9quipe et d\u00e9couvrir les talents culinaires de chacun.\" \/>\n<meta property=\"og:url\" content=\"https:\/\/www.osezmauges.fr\/evenements-pro\/organiser-son-evenement-pro\/team-building-angers-nantes-cholet\/activites-gourmandes\/\" \/>\n<meta property=\"og:site_name\" content=\"Osez Mauges - Tourisme d&#039;affaire\" \/>\n<meta property=\"article:modified_time\" content=\"2025-05-10T14:26:13+00:00\" \/>\n<meta property=\"og:image\" content=\"https:\/\/www.osezmauges.fr\/evenements-pro\/wp-content\/uploads\/sites\/2\/2025\/05\/boutique-visite-entreprise-chocolaterie-cosme-msl-saint-florent-le-vieil-osez-mauges-\u00a9F.Crampon-3.jpg\" \/>\n\t<meta property=\"og:image:width\" content=\"1500\" \/>\n\t<meta property=\"og:image:height\" content=\"999\" \/>\n\t<meta property=\"og:image:type\" content=\"image\/jpeg\" \/>\n<meta name=\"twitter:card\" content=\"summary_large_image\" \/>\n<meta name=\"twitter:label1\" content=\"Dur\u00e9e de lecture estim\u00e9e\" \/>\n\t<meta name=\"twitter:data1\" content=\"1 minute\" \/>\n<script type=\"application\/ld+json\" class=\"yoast-schema-graph\">{\"@context\":\"https:\/\/schema.org\",\"@graph\":[{\"@type\":\"WebPage\",\"@id\":\"https:\/\/www.osezmauges.fr\/evenements-pro\/organiser-son-evenement-pro\/team-building-angers-nantes-cholet\/activites-gourmandes\/\",\"url\":\"https:\/\/www.osezmauges.fr\/evenements-pro\/organiser-son-evenement-pro\/team-building-angers-nantes-cholet\/activites-gourmandes\/\",\"name\":\"Activit\u00e9s gourmandes - Team building\",\"isPartOf\":{\"@id\":\"https:\/\/www.osezmauges.fr\/evenements-pro\/#website\"},\"primaryImageOfPage\":{\"@id\":\"https:\/\/www.osezmauges.fr\/evenements-pro\/organiser-son-evenement-pro\/team-building-angers-nantes-cholet\/activites-gourmandes\/#primaryimage\"},\"image\":{\"@id\":\"https:\/\/www.osezmauges.fr\/evenements-pro\/organiser-son-evenement-pro\/team-building-angers-nantes-cholet\/activites-gourmandes\/#primaryimage\"},\"thumbnailUrl\":\"https:\/\/www.osezmauges.fr\/evenements-pro\/wp-content\/uploads\/sites\/2\/2025\/05\/boutique-visite-entreprise-chocolaterie-cosme-msl-saint-florent-le-vieil-osez-mauges-\u00a9F.Crampon-3.jpg\",\"datePublished\":\"2024-01-11T15:17:45+00:00\",\"dateModified\":\"2025-05-10T14:26:13+00:00\",\"description\":\"Des activit\u00e9s ludiques et gourmandes entre salari\u00e9s pour booster la coh\u00e9sion de votre \u00e9quipe et d\u00e9couvrir les talents culinaires de chacun.\",\"breadcrumb\":{\"@id\":\"https:\/\/www.osezmauges.fr\/evenements-pro\/organiser-son-evenement-pro\/team-building-angers-nantes-cholet\/activites-gourmandes\/#breadcrumb\"},\"inLanguage\":\"fr-FR\",\"potentialAction\":[{\"@type\":\"ReadAction\",\"target\":[\"https:\/\/www.osezmauges.fr\/evenements-pro\/organiser-son-evenement-pro\/team-building-angers-nantes-cholet\/activites-gourmandes\/\"]}]},{\"@type\":\"ImageObject\",\"inLanguage\":\"fr-FR\",\"@id\":\"https:\/\/www.osezmauges.fr\/evenements-pro\/organiser-son-evenement-pro\/team-building-angers-nantes-cholet\/activites-gourmandes\/#primaryimage\",\"url\":\"https:\/\/www.osezmauges.fr\/evenements-pro\/wp-content\/uploads\/sites\/2\/2025\/05\/boutique-visite-entreprise-chocolaterie-cosme-msl-saint-florent-le-vieil-osez-mauges-\u00a9F.Crampon-3.jpg\",\"contentUrl\":\"https:\/\/www.osezmauges.fr\/evenements-pro\/wp-content\/uploads\/sites\/2\/2025\/05\/boutique-visite-entreprise-chocolaterie-cosme-msl-saint-florent-le-vieil-osez-mauges-\u00a9F.Crampon-3.jpg\",\"width\":1500,\"height\":999},{\"@type\":\"BreadcrumbList\",\"@id\":\"https:\/\/www.osezmauges.fr\/evenements-pro\/organiser-son-evenement-pro\/team-building-angers-nantes-cholet\/activites-gourmandes\/#breadcrumb\",\"itemListElement\":[{\"@type\":\"ListItem\",\"position\":1,\"name\":\"Accueil\",\"item\":\"https:\/\/www.osezmauges.fr\/evenements-pro\/\"},{\"@type\":\"ListItem\",\"position\":2,\"name\":\"Organiser son \u00e9v\u00e9nement d\u2019entreprise\",\"item\":\"https:\/\/www.osezmauges.fr\/evenements-pro\/organiser-son-evenement-pro\/\"},{\"@type\":\"ListItem\",\"position\":3,\"name\":\"Team-building et afterwork\",\"item\":\"https:\/\/www.osezmauges.fr\/evenements-pro\/organiser-son-evenement-pro\/team-building-angers-nantes-cholet\/\"},{\"@type\":\"ListItem\",\"position\":4,\"name\":\"Des activit\u00e9s gourmandes\"}]},{\"@type\":\"WebSite\",\"@id\":\"https:\/\/www.osezmauges.fr\/evenements-pro\/#website\",\"url\":\"https:\/\/www.osezmauges.fr\/evenements-pro\/\",\"name\":\"Osez Mauges - Tourisme d&#039;affaire\",\"description\":\"\u00d4sez Mauges\",\"potentialAction\":[{\"@type\":\"SearchAction\",\"target\":{\"@type\":\"EntryPoint\",\"urlTemplate\":\"https:\/\/www.osezmauges.fr\/evenements-pro\/?s={search_term_string}\"},\"query-input\":{\"@type\":\"PropertyValueSpecification\",\"valueRequired\":true,\"valueName\":\"search_term_string\"}}],\"inLanguage\":\"fr-FR\"}]}<\/script>\n<!-- \/ Yoast SEO plugin. -->","yoast_head_json":{"title":"Activit\u00e9s gourmandes - Team building","description":"Des activit\u00e9s ludiques et gourmandes entre salari\u00e9s pour booster la coh\u00e9sion de votre \u00e9quipe et d\u00e9couvrir les talents culinaires de chacun.","robots":{"index":"index","follow":"follow","max-snippet":"max-snippet:-1","max-image-preview":"max-image-preview:large","max-video-preview":"max-video-preview:-1"},"canonical":"https:\/\/www.osezmauges.fr\/evenements-pro\/organiser-son-evenement-pro\/team-building-angers-nantes-cholet\/activites-gourmandes\/","og_locale":"fr_FR","og_type":"article","og_title":"Activit\u00e9s gourmandes - Team building","og_description":"Des activit\u00e9s ludiques et gourmandes entre salari\u00e9s pour booster la coh\u00e9sion de votre \u00e9quipe et d\u00e9couvrir les talents culinaires de chacun.","og_url":"https:\/\/www.osezmauges.fr\/evenements-pro\/organiser-son-evenement-pro\/team-building-angers-nantes-cholet\/activites-gourmandes\/","og_site_name":"Osez Mauges - Tourisme d&#039;affaire","article_modified_time":"2025-05-10T14:26:13+00:00","og_image":[{"width":1500,"height":999,"url":"https:\/\/www.osezmauges.fr\/evenements-pro\/wp-content\/uploads\/sites\/2\/2025\/05\/boutique-visite-entreprise-chocolaterie-cosme-msl-saint-florent-le-vieil-osez-mauges-\u00a9F.Crampon-3.jpg","type":"image\/jpeg"}],"twitter_card":"summary_large_image","twitter_misc":{"Dur\u00e9e de lecture estim\u00e9e":"1 minute"},"schema":{"@context":"https:\/\/schema.org","@graph":[{"@type":"WebPage","@id":"https:\/\/www.osezmauges.fr\/evenements-pro\/organiser-son-evenement-pro\/team-building-angers-nantes-cholet\/activites-gourmandes\/","url":"https:\/\/www.osezmauges.fr\/evenements-pro\/organiser-son-evenement-pro\/team-building-angers-nantes-cholet\/activites-gourmandes\/","name":"Activit\u00e9s gourmandes - Team building","isPartOf":{"@id":"https:\/\/www.osezmauges.fr\/evenements-pro\/#website"},"primaryImageOfPage":{"@id":"https:\/\/www.osezmauges.fr\/evenements-pro\/organiser-son-evenement-pro\/team-building-angers-nantes-cholet\/activites-gourmandes\/#primaryimage"},"image":{"@id":"https:\/\/www.osezmauges.fr\/evenements-pro\/organiser-son-evenement-pro\/team-building-angers-nantes-cholet\/activites-gourmandes\/#primaryimage"},"thumbnailUrl":"https:\/\/www.osezmauges.fr\/evenements-pro\/wp-content\/uploads\/sites\/2\/2025\/05\/boutique-visite-entreprise-chocolaterie-cosme-msl-saint-florent-le-vieil-osez-mauges-\u00a9F.Crampon-3.jpg","datePublished":"2024-01-11T15:17:45+00:00","dateModified":"2025-05-10T14:26:13+00:00","description":"Des activit\u00e9s ludiques et gourmandes entre salari\u00e9s pour booster la coh\u00e9sion de votre \u00e9quipe et d\u00e9couvrir les talents culinaires de chacun.","breadcrumb":{"@id":"https:\/\/www.osezmauges.fr\/evenements-pro\/organiser-son-evenement-pro\/team-building-angers-nantes-cholet\/activites-gourmandes\/#breadcrumb"},"inLanguage":"fr-FR","potentialAction":[{"@type":"ReadAction","target":["https:\/\/www.osezmauges.fr\/evenements-pro\/organiser-son-evenement-pro\/team-building-angers-nantes-cholet\/activites-gourmandes\/"]}]},{"@type":"ImageObject","inLanguage":"fr-FR","@id":"https:\/\/www.osezmauges.fr\/evenements-pro\/organiser-son-evenement-pro\/team-building-angers-nantes-cholet\/activites-gourmandes\/#primaryimage","url":"https:\/\/www.osezmauges.fr\/evenements-pro\/wp-content\/uploads\/sites\/2\/2025\/05\/boutique-visite-entreprise-chocolaterie-cosme-msl-saint-florent-le-vieil-osez-mauges-\u00a9F.Crampon-3.jpg","contentUrl":"https:\/\/www.osezmauges.fr\/evenements-pro\/wp-content\/uploads\/sites\/2\/2025\/05\/boutique-visite-entreprise-chocolaterie-cosme-msl-saint-florent-le-vieil-osez-mauges-\u00a9F.Crampon-3.jpg","width":1500,"height":999},{"@type":"BreadcrumbList","@id":"https:\/\/www.osezmauges.fr\/evenements-pro\/organiser-son-evenement-pro\/team-building-angers-nantes-cholet\/activites-gourmandes\/#breadcrumb","itemListElement":[{"@type":"ListItem","position":1,"name":"Accueil","item":"https:\/\/www.osezmauges.fr\/evenements-pro\/"},{"@type":"ListItem","position":2,"name":"Organiser son \u00e9v\u00e9nement d\u2019entreprise","item":"https:\/\/www.osezmauges.fr\/evenements-pro\/organiser-son-evenement-pro\/"},{"@type":"ListItem","position":3,"name":"Team-building et afterwork","item":"https:\/\/www.osezmauges.fr\/evenements-pro\/organiser-son-evenement-pro\/team-building-angers-nantes-cholet\/"},{"@type":"ListItem","position":4,"name":"Des activit\u00e9s gourmandes"}]},{"@type":"WebSite","@id":"https:\/\/www.osezmauges.fr\/evenements-pro\/#website","url":"https:\/\/www.osezmauges.fr\/evenements-pro\/","name":"Osez Mauges - Tourisme d&#039;affaire","description":"\u00d4sez Mauges","potentialAction":[{"@type":"SearchAction","target":{"@type":"EntryPoint","urlTemplate":"https:\/\/www.osezmauges.fr\/evenements-pro\/?s={search_term_string}"},"query-input":{"@type":"PropertyValueSpecification","valueRequired":true,"valueName":"search_term_string"}}],"inLanguage":"fr-FR"}]}},"_links":{"self":[{"href":"https:\/\/www.osezmauges.fr\/evenements-pro\/wp-json\/wp\/v2\/pages\/12139","targetHints":{"allow":["GET"]}}],"collection":[{"href":"https:\/\/www.osezmauges.fr\/evenements-pro\/wp-json\/wp\/v2\/pages"}],"about":[{"href":"https:\/\/www.osezmauges.fr\/evenements-pro\/wp-json\/wp\/v2\/types\/page"}],"author":[{"embeddable":true,"href":"https:\/\/www.osezmauges.fr\/evenements-pro\/wp-json\/wp\/v2\/users\/4"}],"replies":[{"embeddable":true,"href":"https:\/\/www.osezmauges.fr\/evenements-pro\/wp-json\/wp\/v2\/comments?post=12139"}],"version-history":[{"count":7,"href":"https:\/\/www.osezmauges.fr\/evenements-pro\/wp-json\/wp\/v2\/pages\/12139\/revisions"}],"predecessor-version":[{"id":15581,"href":"https:\/\/www.osezmauges.fr\/evenements-pro\/wp-json\/wp\/v2\/pages\/12139\/revisions\/15581"}],"up":[{"embeddable":true,"href":"https:\/\/www.osezmauges.fr\/evenements-pro\/wp-json\/wp\/v2\/pages\/46"}],"wp:featuredmedia":[{"embeddable":true,"href":"https:\/\/www.osezmauges.fr\/evenements-pro\/wp-json\/wp\/v2\/media\/15579"}],"wp:attachment":[{"href":"https:\/\/www.osezmauges.fr\/evenements-pro\/wp-json\/wp\/v2\/media?parent=12139"}],"curies":[{"name":"wp","href":"https:\/\/api.w.org\/{rel}","templated":true}]}}