{"id":12156,"date":"2024-01-11T16:58:57","date_gmt":"2024-01-11T15:58:57","guid":{"rendered":"https:\/\/www.osezmauges.fr\/evenements-pro\/?page_id=12156"},"modified":"2024-09-05T12:52:47","modified_gmt":"2024-09-05T10:52:47","slug":"coffret-terroir-gouts-couleurs","status":"publish","type":"page","link":"https:\/\/www.osezmauges.fr\/evenements-pro\/cadeaux-entreprises\/cadeaux-entreprise-produits-locaux\/coffret-terroir-gouts-couleurs\/","title":{"rendered":"Des Go\u00fbts et des Couleurs &#8211; Sp\u00e9cialiste des coffrets du terroir"},"content":{"rendered":"\n<div class=\"wp-block-columns is-layout-flex wp-container-core-columns-is-layout-9d6595d7 wp-block-columns-is-layout-flex\">\n<div class=\"wp-block-column is-layout-flow wp-block-column-is-layout-flow\">\n<p class=\"is-style-excerpt\">Sp\u00e9cialis\u00e9s dans la confection de coffrets gourmands depuis 2018, les Go\u00fbts et les Couleurs proposent une large s\u00e9lection de produits de qualit\u00e9, mettant en avant les produits locaux et l\u2019artisanat. D\u00e9couvrez des th\u00e9s, caf\u00e9s, chocolats, biscuits, terrines et plus encore. Ainsi qu\u2019une cave compos\u00e9e de plus de 150 r\u00e9f\u00e9rences de vins et p\u00e9tillants, et 60 r\u00e9f\u00e9rences de spiritueux.<\/p>\n<\/div>\n\n\n\n<div class=\"wp-block-column is-layout-flow wp-block-column-is-layout-flow\"><div class=\"wp-block wp-block-highlight\">\n                <p class=\"wp-block-highlight-item wp-block-highlight-excerpt\">220 rue Jules Verne<br>BEAUPR\u00c9AU<br>49600 BEAUPR\u00c9AU-EN-MAUGES<br><br><strong>Contact : \u00c9milie POUVREAU<br><\/strong>02 72 77 13 03 lesgoutsetlescouleurs49@gmail.com<br><a href=\"http:\/\/www.lesgoutsetlescouleurs-beaupreau.fr\" target=\"_blank\" rel=\"noreferrer noopener\">Site web<\/a><\/p>\n    <\/div><\/div>\n<\/div>\n\n\n\n<h2 class=\"wp-block-heading\">Pourquoi les choisir ?<\/h2>\n\n\n\n<ul class=\"wp-block-list\"><li>Une large gamme de produits : biscuits, terrines, vins, th\u00e9s, caf\u00e9s&#8230; <\/li><li><span style=\"font-size: 1.125rem;\">Sp\u00e9cialiste des produits gourmands<\/span> au c\u0153ur des Mauges <\/li><\/ul>\n\n\n\n<figure class=\"wp-block-gallery alignwide columns-3 is-cropped wp-block-gallery-1 is-layout-flex wp-block-gallery-is-layout-flex\"><ul class=\"blocks-gallery-grid\"><li class=\"blocks-gallery-item\"><figure><img width=\"900\" height=\"1200\" data-src=\"https:\/\/www.osezmauges.fr\/evenements-pro\/wp-content\/uploads\/sites\/2\/2024\/01\/gouts-couleurs-beaupreau-coffet-terroir-maine-et-loire-produits-locaux-\u00a9Pouvreau.jpeg\" alt=\"\" data-id=\"12160\" data-full-url=\"https:\/\/www.osezmauges.fr\/evenements-pro\/wp-content\/uploads\/sites\/2\/2024\/01\/gouts-couleurs-beaupreau-coffet-terroir-maine-et-loire-produits-locaux-\u00a9Pouvreau.jpeg\" data-link=\"https:\/\/www.osezmauges.fr\/evenements-pro\/gouts-couleurs-beaupreau-coffet-terroir-maine-et-loire-produits-locaux-pouvreau\/\" class=\"wp-image-12160\" srcset=\"https:\/\/www.osezmauges.fr\/evenements-pro\/wp-content\/uploads\/sites\/2\/2024\/01\/gouts-couleurs-beaupreau-coffet-terroir-maine-et-loire-produits-locaux-\u00a9Pouvreau.jpeg 900w, https:\/\/www.osezmauges.fr\/evenements-pro\/wp-content\/uploads\/sites\/2\/2024\/01\/gouts-couleurs-beaupreau-coffet-terroir-maine-et-loire-produits-locaux-\u00a9Pouvreau-450x600.jpeg 450w, https:\/\/www.osezmauges.fr\/evenements-pro\/wp-content\/uploads\/sites\/2\/2024\/01\/gouts-couleurs-beaupreau-coffet-terroir-maine-et-loire-produits-locaux-\u00a9Pouvreau-300x400.jpeg 300w, https:\/\/www.osezmauges.fr\/evenements-pro\/wp-content\/uploads\/sites\/2\/2024\/01\/gouts-couleurs-beaupreau-coffet-terroir-maine-et-loire-produits-locaux-\u00a9Pouvreau-675x900.jpeg 675w, https:\/\/www.osezmauges.fr\/evenements-pro\/wp-content\/uploads\/sites\/2\/2024\/01\/gouts-couleurs-beaupreau-coffet-terroir-maine-et-loire-produits-locaux-\u00a9Pouvreau-650x867.jpeg 650w\" sizes=\"(max-width: 900px) 100vw, 900px\" \/><\/figure><\/li><li class=\"blocks-gallery-item\"><figure><img width=\"900\" height=\"1200\" data-src=\"https:\/\/www.osezmauges.fr\/evenements-pro\/wp-content\/uploads\/sites\/2\/2024\/01\/gouts-couleurs-beaupreau-coffet-terroir-maine-et-loire-produits-locaux-\u00a9Pouvreau.jpg\" alt=\"\" data-id=\"12161\" data-full-url=\"https:\/\/www.osezmauges.fr\/evenements-pro\/wp-content\/uploads\/sites\/2\/2024\/01\/gouts-couleurs-beaupreau-coffet-terroir-maine-et-loire-produits-locaux-\u00a9Pouvreau.jpg\" data-link=\"https:\/\/www.osezmauges.fr\/evenements-pro\/gouts-couleurs-beaupreau-coffet-terroir-maine-et-loire-produits-locaux-pouvreau-3\/\" class=\"wp-image-12161\" srcset=\"https:\/\/www.osezmauges.fr\/evenements-pro\/wp-content\/uploads\/sites\/2\/2024\/01\/gouts-couleurs-beaupreau-coffet-terroir-maine-et-loire-produits-locaux-\u00a9Pouvreau.jpg 900w, https:\/\/www.osezmauges.fr\/evenements-pro\/wp-content\/uploads\/sites\/2\/2024\/01\/gouts-couleurs-beaupreau-coffet-terroir-maine-et-loire-produits-locaux-\u00a9Pouvreau-450x600.jpg 450w, https:\/\/www.osezmauges.fr\/evenements-pro\/wp-content\/uploads\/sites\/2\/2024\/01\/gouts-couleurs-beaupreau-coffet-terroir-maine-et-loire-produits-locaux-\u00a9Pouvreau-300x400.jpg 300w, https:\/\/www.osezmauges.fr\/evenements-pro\/wp-content\/uploads\/sites\/2\/2024\/01\/gouts-couleurs-beaupreau-coffet-terroir-maine-et-loire-produits-locaux-\u00a9Pouvreau-675x900.jpg 675w, https:\/\/www.osezmauges.fr\/evenements-pro\/wp-content\/uploads\/sites\/2\/2024\/01\/gouts-couleurs-beaupreau-coffet-terroir-maine-et-loire-produits-locaux-\u00a9Pouvreau-650x867.jpg 650w\" sizes=\"(max-width: 900px) 100vw, 900px\" \/><\/figure><\/li><li class=\"blocks-gallery-item\"><figure><img width=\"889\" height=\"1200\" data-src=\"https:\/\/www.osezmauges.fr\/evenements-pro\/wp-content\/uploads\/sites\/2\/2024\/01\/gouts-couleurs-beaupreau-coffet-terroir-maine-et-loire-produits-locaux-\u00a9Pouvreau-2.jpeg\" alt=\"\" data-id=\"12159\" data-full-url=\"https:\/\/www.osezmauges.fr\/evenements-pro\/wp-content\/uploads\/sites\/2\/2024\/01\/gouts-couleurs-beaupreau-coffet-terroir-maine-et-loire-produits-locaux-\u00a9Pouvreau-2.jpeg\" data-link=\"https:\/\/www.osezmauges.fr\/evenements-pro\/gouts-couleurs-beaupreau-coffet-terroir-maine-et-loire-produits-locaux-pouvreau-2\/\" class=\"wp-image-12159\" srcset=\"https:\/\/www.osezmauges.fr\/evenements-pro\/wp-content\/uploads\/sites\/2\/2024\/01\/gouts-couleurs-beaupreau-coffet-terroir-maine-et-loire-produits-locaux-\u00a9Pouvreau-2.jpeg 889w, https:\/\/www.osezmauges.fr\/evenements-pro\/wp-content\/uploads\/sites\/2\/2024\/01\/gouts-couleurs-beaupreau-coffet-terroir-maine-et-loire-produits-locaux-\u00a9Pouvreau-2-445x600.jpeg 445w, https:\/\/www.osezmauges.fr\/evenements-pro\/wp-content\/uploads\/sites\/2\/2024\/01\/gouts-couleurs-beaupreau-coffet-terroir-maine-et-loire-produits-locaux-\u00a9Pouvreau-2-300x405.jpeg 300w, https:\/\/www.osezmauges.fr\/evenements-pro\/wp-content\/uploads\/sites\/2\/2024\/01\/gouts-couleurs-beaupreau-coffet-terroir-maine-et-loire-produits-locaux-\u00a9Pouvreau-2-667x900.jpeg 667w, https:\/\/www.osezmauges.fr\/evenements-pro\/wp-content\/uploads\/sites\/2\/2024\/01\/gouts-couleurs-beaupreau-coffet-terroir-maine-et-loire-produits-locaux-\u00a9Pouvreau-2-650x877.jpeg 650w\" sizes=\"(max-width: 889px) 100vw, 889px\" \/><\/figure><\/li><\/ul><\/figure>\n\n\n\n<h2 class=\"wp-block-heading\">Produits propos\u00e9s \u00e0 la vente<strong><em><\/em><\/strong><\/h2>\n\n\n\n<h3 class=\"wp-block-heading\"><strong>Coffret Le Gourmand<\/strong><\/h3>\n\n\n\n<ul class=\"wp-block-list\"><li>1 sachet de sabl\u00e9s au comt\u00e9 100g<\/li><li>1 sachet de pralines aux cacahu\u00e8tes 100g de Saint-Pierre-Montlimart<\/li><li>3 tablettes de chocolats 9g<\/li><li>1 sachet de Croustibilles des Mauges 110g de La Poitevini\u00e8re<\/li><li>1 pot de confiture Pierrot extra fraise 110g du Longeron<\/li><li>1 rillettes de porc 90g<\/li><li>1 sachet de biscuits cur\u00e9 Nantais 100g<\/li><li>1 bouteille d\u2019Anjou blanc L\u2019orch\u00e8re 75cl de La Pommeraye<\/li><li>3 caramels nature 9g<\/li><\/ul>\n\n\n\n<p><br><strong><span style=\"text-decoration: underline\">Tarif : 44,21 \u20ac <\/span><\/strong>HT<\/p>\n\n\n\n<h3 class=\"wp-block-heading\">Coffret \u00ab\u00a03 bouteilles\u00a0\u00bb<\/h3>\n\n\n\n<ul class=\"wp-block-list\"><li>1 bouteille de bi\u00e8re blanche La Bringue (75 cL)<\/li><li>1 bouteille de vin rouge l&rsquo;Avi est belle (75 cL)<\/li><li>1 bouteille d&rsquo;Anjou Blanc, Musset Roullier \u00e0 La Pommeraye (75 cL)<\/li><li>1 support pour 3 bouteilles<\/li><\/ul>\n\n\n\n<p><strong>Tarif : 22,83 \u20ac<\/strong> HT<\/p>\n\n\n\n<p><em>Autres combinaisons de produits possibles, sur demande.<\/em><\/p>\n\n\n\n<div class=\"wp-block wp-block-related-post clear alignfull\">\n    <div class=\"container\">\n\n        <div class=\"article\">\n\t\t                    <h2 class=\"wp-block-related-post-title\">Vous aimerez aussi<\/h2>\n\t\t    \n\t\t            <\/div>\n\n\t                <div class=\"article\">\n        \n            <div class=\"wp-block-related-post-inner\">\n                <div   data-slides-per-view=\"4\">\n                    <div class=\"wp-block-related-post-list wp-block-related-post-list-2\">\n\t\t\t\t\t    \n<div class=\"entityItem\"      data-trigger=\"wpiris-click\">\n    <p class=\"entityItemThumbnail\">\n        <a href=\"https:\/\/www.osezmauges.fr\/evenements-pro\/cadeaux-entreprises\/cadeaux-entreprise-produits-locaux\/coffret-cadeau-terroir\/\" nofancybox>\n            <img src=\n            \"https:\/\/www.osezmauges.fr\/evenements-pro\/wp-content\/uploads\/sites\/2\/2021\/10\/3-coffret-terroir-vignoble-rethore-davy-saint-remy-mauges-380x430.jpg\" alt=\"Coffret cadeau du terroir du Domaine R\u00e9thor\u00e9-Davy\">\n        <\/a>\n    <\/p>\n        <div class=\"entityItemContent\">\n        \n        \n        <h3 class=\"entityItemContentTitle\">        <a href=\"https:\/\/www.osezmauges.fr\/evenements-pro\/cadeaux-entreprises\/cadeaux-entreprise-produits-locaux\/coffret-cadeau-terroir\/\">Coffret cadeau du terroir du Domaine R\u00e9thor\u00e9-Davy<\/a>\n        <\/h3>\n            <\/div>\n\n    \n    <\/div>\n\n<div class=\"entityItem\"      data-trigger=\"wpiris-click\">\n    <p class=\"entityItemThumbnail\">\n        <a href=\"https:\/\/www.osezmauges.fr\/evenements-pro\/cadeaux-entreprises\/cadeaux-entreprise-produits-locaux\/coffret-box-mauges\/\" nofancybox>\n            <img src=\n            \"https:\/\/www.osezmauges.fr\/evenements-pro\/wp-content\/uploads\/sites\/2\/2024\/09\/coffret-des-mauges-champtoceaux-oa-\u00a9osezmauges-2-380x430.jpg\" alt=\"Mon c\u00d4ffret des Mauges : une box terroir 100 % locale\">\n        <\/a>\n    <\/p>\n        <div class=\"entityItemContent\">\n        \n        \n        <h3 class=\"entityItemContentTitle\">        <a href=\"https:\/\/www.osezmauges.fr\/evenements-pro\/cadeaux-entreprises\/cadeaux-entreprise-produits-locaux\/coffret-box-mauges\/\">Mon c\u00d4ffret des Mauges : une box terroir 100 % locale<\/a>\n        <\/h3>\n            <\/div>\n\n    \n    <\/div>\n                    <\/div>\n                <\/div>\n            <\/div>\n\n                    <\/div>\n        \n    <\/div>\n<\/div>","protected":false},"excerpt":{"rendered":"<p>Sp\u00e9cialis\u00e9s dans la confection de coffrets gourmands depuis 2018, les Go\u00fbts et les Couleurs proposent une large s\u00e9lection de produits de qualit\u00e9, mettant en avant les produits locaux et l\u2019artisanat. D\u00e9couvrez des th\u00e9s, caf\u00e9s, chocolats, biscuits, terrines et plus encore. Ainsi qu\u2019une cave compos\u00e9e de plus de 150 r\u00e9f\u00e9rences de vins et p\u00e9tillants, et 60 [&hellip;]<\/p>\n","protected":false},"author":4,"featured_media":12160,"parent":50,"menu_order":2,"comment_status":"closed","ping_status":"closed","template":"","meta":{"_relevanssi_hide_post":"","_relevanssi_hide_content":"","_relevanssi_pin_for_all":"","_relevanssi_pin_keywords":"","_relevanssi_unpin_keywords":"","_relevanssi_related_keywords":"","_relevanssi_related_include_ids":"","_relevanssi_related_exclude_ids":"","_relevanssi_related_no_append":"","_relevanssi_related_not_related":"","_relevanssi_related_posts":"1","_relevanssi_noindex_reason":"","footnotes":""},"class_list":["post-12156","page","type-page","status-publish","has-post-thumbnail","hentry"],"acf":[],"yoast_head":"<!-- This site is optimized with the Yoast SEO plugin v26.9 - https:\/\/yoast.com\/product\/yoast-seo-wordpress\/ -->\n<title>Les Go\u00fbts et les Couleurs pour un coffret du terroir local<\/title>\n<meta name=\"description\" content=\"Offrez un panier gourmand et local avec un coffret garni de la boutique Les Go\u00fbts et les Couleurs.\" \/>\n<meta name=\"robots\" content=\"index, follow, max-snippet:-1, max-image-preview:large, max-video-preview:-1\" \/>\n<link rel=\"canonical\" href=\"https:\/\/www.osezmauges.fr\/evenements-pro\/cadeaux-entreprises\/cadeaux-entreprise-produits-locaux\/coffret-terroir-gouts-couleurs\/\" \/>\n<meta property=\"og:locale\" content=\"fr_FR\" \/>\n<meta property=\"og:type\" content=\"article\" \/>\n<meta property=\"og:title\" content=\"Les Go\u00fbts et les Couleurs pour un coffret du terroir local\" \/>\n<meta property=\"og:description\" content=\"Offrez un panier gourmand et local avec un coffret garni de la boutique Les Go\u00fbts et les Couleurs.\" \/>\n<meta property=\"og:url\" content=\"https:\/\/www.osezmauges.fr\/evenements-pro\/cadeaux-entreprises\/cadeaux-entreprise-produits-locaux\/coffret-terroir-gouts-couleurs\/\" \/>\n<meta property=\"og:site_name\" content=\"Osez Mauges - Tourisme d&#039;affaire\" \/>\n<meta property=\"article:modified_time\" content=\"2024-09-05T10:52:47+00:00\" \/>\n<meta property=\"og:image\" content=\"https:\/\/www.osezmauges.fr\/evenements-pro\/wp-content\/uploads\/sites\/2\/2024\/01\/gouts-couleurs-beaupreau-coffet-terroir-maine-et-loire-produits-locaux-\u00a9Pouvreau.jpeg\" \/>\n\t<meta property=\"og:image:width\" content=\"900\" \/>\n\t<meta property=\"og:image:height\" content=\"1200\" \/>\n\t<meta property=\"og:image:type\" content=\"image\/jpeg\" \/>\n<meta name=\"twitter:card\" content=\"summary_large_image\" \/>\n<meta name=\"twitter:label1\" content=\"Dur\u00e9e de lecture estim\u00e9e\" \/>\n\t<meta name=\"twitter:data1\" content=\"2 minutes\" \/>\n<script type=\"application\/ld+json\" class=\"yoast-schema-graph\">{\"@context\":\"https:\/\/schema.org\",\"@graph\":[{\"@type\":\"WebPage\",\"@id\":\"https:\/\/www.osezmauges.fr\/evenements-pro\/cadeaux-entreprises\/cadeaux-entreprise-produits-locaux\/coffret-terroir-gouts-couleurs\/\",\"url\":\"https:\/\/www.osezmauges.fr\/evenements-pro\/cadeaux-entreprises\/cadeaux-entreprise-produits-locaux\/coffret-terroir-gouts-couleurs\/\",\"name\":\"Les Go\u00fbts et les Couleurs pour un coffret du terroir local\",\"isPartOf\":{\"@id\":\"https:\/\/www.osezmauges.fr\/evenements-pro\/#website\"},\"primaryImageOfPage\":{\"@id\":\"https:\/\/www.osezmauges.fr\/evenements-pro\/cadeaux-entreprises\/cadeaux-entreprise-produits-locaux\/coffret-terroir-gouts-couleurs\/#primaryimage\"},\"image\":{\"@id\":\"https:\/\/www.osezmauges.fr\/evenements-pro\/cadeaux-entreprises\/cadeaux-entreprise-produits-locaux\/coffret-terroir-gouts-couleurs\/#primaryimage\"},\"thumbnailUrl\":\"https:\/\/www.osezmauges.fr\/evenements-pro\/wp-content\/uploads\/sites\/2\/2024\/01\/gouts-couleurs-beaupreau-coffet-terroir-maine-et-loire-produits-locaux-\u00a9Pouvreau.jpeg\",\"datePublished\":\"2024-01-11T15:58:57+00:00\",\"dateModified\":\"2024-09-05T10:52:47+00:00\",\"description\":\"Offrez un panier gourmand et local avec un coffret garni de la boutique Les Go\u00fbts et les Couleurs.\",\"breadcrumb\":{\"@id\":\"https:\/\/www.osezmauges.fr\/evenements-pro\/cadeaux-entreprises\/cadeaux-entreprise-produits-locaux\/coffret-terroir-gouts-couleurs\/#breadcrumb\"},\"inLanguage\":\"fr-FR\",\"potentialAction\":[{\"@type\":\"ReadAction\",\"target\":[\"https:\/\/www.osezmauges.fr\/evenements-pro\/cadeaux-entreprises\/cadeaux-entreprise-produits-locaux\/coffret-terroir-gouts-couleurs\/\"]}]},{\"@type\":\"ImageObject\",\"inLanguage\":\"fr-FR\",\"@id\":\"https:\/\/www.osezmauges.fr\/evenements-pro\/cadeaux-entreprises\/cadeaux-entreprise-produits-locaux\/coffret-terroir-gouts-couleurs\/#primaryimage\",\"url\":\"https:\/\/www.osezmauges.fr\/evenements-pro\/wp-content\/uploads\/sites\/2\/2024\/01\/gouts-couleurs-beaupreau-coffet-terroir-maine-et-loire-produits-locaux-\u00a9Pouvreau.jpeg\",\"contentUrl\":\"https:\/\/www.osezmauges.fr\/evenements-pro\/wp-content\/uploads\/sites\/2\/2024\/01\/gouts-couleurs-beaupreau-coffet-terroir-maine-et-loire-produits-locaux-\u00a9Pouvreau.jpeg\",\"width\":900,\"height\":1200},{\"@type\":\"BreadcrumbList\",\"@id\":\"https:\/\/www.osezmauges.fr\/evenements-pro\/cadeaux-entreprises\/cadeaux-entreprise-produits-locaux\/coffret-terroir-gouts-couleurs\/#breadcrumb\",\"itemListElement\":[{\"@type\":\"ListItem\",\"position\":1,\"name\":\"Accueil\",\"item\":\"https:\/\/www.osezmauges.fr\/evenements-pro\/\"},{\"@type\":\"ListItem\",\"position\":2,\"name\":\"Les cadeaux d&rsquo;entreprises\",\"item\":\"https:\/\/www.osezmauges.fr\/evenements-pro\/cadeaux-entreprises\/\"},{\"@type\":\"ListItem\",\"position\":3,\"name\":\"Nos id\u00e9es de cadeaux gourmands pour vos salari\u00e9s\",\"item\":\"https:\/\/www.osezmauges.fr\/evenements-pro\/cadeaux-entreprises\/cadeaux-entreprise-produits-locaux\/\"},{\"@type\":\"ListItem\",\"position\":4,\"name\":\"Des Go\u00fbts et des Couleurs &#8211; Sp\u00e9cialiste des coffrets du terroir\"}]},{\"@type\":\"WebSite\",\"@id\":\"https:\/\/www.osezmauges.fr\/evenements-pro\/#website\",\"url\":\"https:\/\/www.osezmauges.fr\/evenements-pro\/\",\"name\":\"Osez Mauges - Tourisme d&#039;affaire\",\"description\":\"\u00d4sez Mauges\",\"potentialAction\":[{\"@type\":\"SearchAction\",\"target\":{\"@type\":\"EntryPoint\",\"urlTemplate\":\"https:\/\/www.osezmauges.fr\/evenements-pro\/?s={search_term_string}\"},\"query-input\":{\"@type\":\"PropertyValueSpecification\",\"valueRequired\":true,\"valueName\":\"search_term_string\"}}],\"inLanguage\":\"fr-FR\"}]}<\/script>\n<!-- \/ Yoast SEO plugin. -->","yoast_head_json":{"title":"Les Go\u00fbts et les Couleurs pour un coffret du terroir local","description":"Offrez un panier gourmand et local avec un coffret garni de la boutique Les Go\u00fbts et les Couleurs.","robots":{"index":"index","follow":"follow","max-snippet":"max-snippet:-1","max-image-preview":"max-image-preview:large","max-video-preview":"max-video-preview:-1"},"canonical":"https:\/\/www.osezmauges.fr\/evenements-pro\/cadeaux-entreprises\/cadeaux-entreprise-produits-locaux\/coffret-terroir-gouts-couleurs\/","og_locale":"fr_FR","og_type":"article","og_title":"Les Go\u00fbts et les Couleurs pour un coffret du terroir local","og_description":"Offrez un panier gourmand et local avec un coffret garni de la boutique Les Go\u00fbts et les Couleurs.","og_url":"https:\/\/www.osezmauges.fr\/evenements-pro\/cadeaux-entreprises\/cadeaux-entreprise-produits-locaux\/coffret-terroir-gouts-couleurs\/","og_site_name":"Osez Mauges - Tourisme d&#039;affaire","article_modified_time":"2024-09-05T10:52:47+00:00","og_image":[{"width":900,"height":1200,"url":"https:\/\/www.osezmauges.fr\/evenements-pro\/wp-content\/uploads\/sites\/2\/2024\/01\/gouts-couleurs-beaupreau-coffet-terroir-maine-et-loire-produits-locaux-\u00a9Pouvreau.jpeg","type":"image\/jpeg"}],"twitter_card":"summary_large_image","twitter_misc":{"Dur\u00e9e de lecture estim\u00e9e":"2 minutes"},"schema":{"@context":"https:\/\/schema.org","@graph":[{"@type":"WebPage","@id":"https:\/\/www.osezmauges.fr\/evenements-pro\/cadeaux-entreprises\/cadeaux-entreprise-produits-locaux\/coffret-terroir-gouts-couleurs\/","url":"https:\/\/www.osezmauges.fr\/evenements-pro\/cadeaux-entreprises\/cadeaux-entreprise-produits-locaux\/coffret-terroir-gouts-couleurs\/","name":"Les Go\u00fbts et les Couleurs pour un coffret du terroir local","isPartOf":{"@id":"https:\/\/www.osezmauges.fr\/evenements-pro\/#website"},"primaryImageOfPage":{"@id":"https:\/\/www.osezmauges.fr\/evenements-pro\/cadeaux-entreprises\/cadeaux-entreprise-produits-locaux\/coffret-terroir-gouts-couleurs\/#primaryimage"},"image":{"@id":"https:\/\/www.osezmauges.fr\/evenements-pro\/cadeaux-entreprises\/cadeaux-entreprise-produits-locaux\/coffret-terroir-gouts-couleurs\/#primaryimage"},"thumbnailUrl":"https:\/\/www.osezmauges.fr\/evenements-pro\/wp-content\/uploads\/sites\/2\/2024\/01\/gouts-couleurs-beaupreau-coffet-terroir-maine-et-loire-produits-locaux-\u00a9Pouvreau.jpeg","datePublished":"2024-01-11T15:58:57+00:00","dateModified":"2024-09-05T10:52:47+00:00","description":"Offrez un panier gourmand et local avec un coffret garni de la boutique Les Go\u00fbts et les Couleurs.","breadcrumb":{"@id":"https:\/\/www.osezmauges.fr\/evenements-pro\/cadeaux-entreprises\/cadeaux-entreprise-produits-locaux\/coffret-terroir-gouts-couleurs\/#breadcrumb"},"inLanguage":"fr-FR","potentialAction":[{"@type":"ReadAction","target":["https:\/\/www.osezmauges.fr\/evenements-pro\/cadeaux-entreprises\/cadeaux-entreprise-produits-locaux\/coffret-terroir-gouts-couleurs\/"]}]},{"@type":"ImageObject","inLanguage":"fr-FR","@id":"https:\/\/www.osezmauges.fr\/evenements-pro\/cadeaux-entreprises\/cadeaux-entreprise-produits-locaux\/coffret-terroir-gouts-couleurs\/#primaryimage","url":"https:\/\/www.osezmauges.fr\/evenements-pro\/wp-content\/uploads\/sites\/2\/2024\/01\/gouts-couleurs-beaupreau-coffet-terroir-maine-et-loire-produits-locaux-\u00a9Pouvreau.jpeg","contentUrl":"https:\/\/www.osezmauges.fr\/evenements-pro\/wp-content\/uploads\/sites\/2\/2024\/01\/gouts-couleurs-beaupreau-coffet-terroir-maine-et-loire-produits-locaux-\u00a9Pouvreau.jpeg","width":900,"height":1200},{"@type":"BreadcrumbList","@id":"https:\/\/www.osezmauges.fr\/evenements-pro\/cadeaux-entreprises\/cadeaux-entreprise-produits-locaux\/coffret-terroir-gouts-couleurs\/#breadcrumb","itemListElement":[{"@type":"ListItem","position":1,"name":"Accueil","item":"https:\/\/www.osezmauges.fr\/evenements-pro\/"},{"@type":"ListItem","position":2,"name":"Les cadeaux d&rsquo;entreprises","item":"https:\/\/www.osezmauges.fr\/evenements-pro\/cadeaux-entreprises\/"},{"@type":"ListItem","position":3,"name":"Nos id\u00e9es de cadeaux gourmands pour vos salari\u00e9s","item":"https:\/\/www.osezmauges.fr\/evenements-pro\/cadeaux-entreprises\/cadeaux-entreprise-produits-locaux\/"},{"@type":"ListItem","position":4,"name":"Des Go\u00fbts et des Couleurs &#8211; Sp\u00e9cialiste des coffrets du terroir"}]},{"@type":"WebSite","@id":"https:\/\/www.osezmauges.fr\/evenements-pro\/#website","url":"https:\/\/www.osezmauges.fr\/evenements-pro\/","name":"Osez Mauges - Tourisme d&#039;affaire","description":"\u00d4sez Mauges","potentialAction":[{"@type":"SearchAction","target":{"@type":"EntryPoint","urlTemplate":"https:\/\/www.osezmauges.fr\/evenements-pro\/?s={search_term_string}"},"query-input":{"@type":"PropertyValueSpecification","valueRequired":true,"valueName":"search_term_string"}}],"inLanguage":"fr-FR"}]}},"_links":{"self":[{"href":"https:\/\/www.osezmauges.fr\/evenements-pro\/wp-json\/wp\/v2\/pages\/12156","targetHints":{"allow":["GET"]}}],"collection":[{"href":"https:\/\/www.osezmauges.fr\/evenements-pro\/wp-json\/wp\/v2\/pages"}],"about":[{"href":"https:\/\/www.osezmauges.fr\/evenements-pro\/wp-json\/wp\/v2\/types\/page"}],"author":[{"embeddable":true,"href":"https:\/\/www.osezmauges.fr\/evenements-pro\/wp-json\/wp\/v2\/users\/4"}],"replies":[{"embeddable":true,"href":"https:\/\/www.osezmauges.fr\/evenements-pro\/wp-json\/wp\/v2\/comments?post=12156"}],"version-history":[{"count":5,"href":"https:\/\/www.osezmauges.fr\/evenements-pro\/wp-json\/wp\/v2\/pages\/12156\/revisions"}],"predecessor-version":[{"id":13417,"href":"https:\/\/www.osezmauges.fr\/evenements-pro\/wp-json\/wp\/v2\/pages\/12156\/revisions\/13417"}],"up":[{"embeddable":true,"href":"https:\/\/www.osezmauges.fr\/evenements-pro\/wp-json\/wp\/v2\/pages\/50"}],"wp:featuredmedia":[{"embeddable":true,"href":"https:\/\/www.osezmauges.fr\/evenements-pro\/wp-json\/wp\/v2\/media\/12160"}],"wp:attachment":[{"href":"https:\/\/www.osezmauges.fr\/evenements-pro\/wp-json\/wp\/v2\/media?parent=12156"}],"curies":[{"name":"wp","href":"https:\/\/api.w.org\/{rel}","templated":true}]}}