{"id":12204,"date":"2024-01-12T09:59:15","date_gmt":"2024-01-12T08:59:15","guid":{"rendered":"https:\/\/www.osezmauges.fr\/evenements-pro\/?page_id=12204"},"modified":"2024-03-20T09:26:24","modified_gmt":"2024-03-20T08:26:24","slug":"o-prestige-du-bois-cadeau-personnalisable","status":"publish","type":"page","link":"https:\/\/www.osezmauges.fr\/evenements-pro\/cadeaux-entreprises\/cadeaux-personnalises-entreprise\/o-prestige-du-bois-cadeau-personnalisable\/","title":{"rendered":"Des jeux en bois personnalis\u00e9s avec \u00d4 Prestige du Bois"},"content":{"rendered":"\n<div class=\"wp-block-columns is-layout-flex wp-container-core-columns-is-layout-9d6595d7 wp-block-columns-is-layout-flex\">\n<div class=\"wp-block-column is-layout-flow wp-block-column-is-layout-flow\">\n<p class=\"is-style-excerpt\">\u00ab\u00a0\u00d4 Prestige du bois\u00a0\u00bb perp\u00e9tue la fabrication artisanale et le travail du bois. Toutes les cr\u00e9ations sont r\u00e9alis\u00e9es sans commande num\u00e9rique et sont personnalisables (sur les 2 faces pour le pal\u00e8ge).<\/p>\n<\/div>\n\n\n\n<div class=\"wp-block-column is-layout-flow wp-block-column-is-layout-flow\"><div class=\"wp-block wp-block-highlight\">\n                <p class=\"wp-block-highlight-item wp-block-highlight-excerpt\">6 Le Moulin \u00e0 Vent<br>Saint-L\u00e9zin<br>49120 CHEMILL\u00c9-EN-ANJOU<br><br><strong>Contact : Thierry S\u00c9CHER<br><\/strong>06 83 75 03 20 oprestigedubois@gmail.com<\/p>\n    <\/div><\/div>\n<\/div>\n\n\n\n<figure class=\"wp-block-gallery columns-2 is-cropped wp-block-gallery-1 is-layout-flex wp-block-gallery-is-layout-flex\"><ul class=\"blocks-gallery-grid\"><li class=\"blocks-gallery-item\"><figure><img width=\"900\" height=\"1200\" data-src=\"https:\/\/www.osezmauges.fr\/evenements-pro\/wp-content\/uploads\/sites\/2\/2024\/01\/palege-o-prestige-du-bois-cadeau-personnalisable-entreprise-\u00a9Secher.jpg\" alt=\"\" data-id=\"12206\" data-full-url=\"https:\/\/www.osezmauges.fr\/evenements-pro\/wp-content\/uploads\/sites\/2\/2024\/01\/palege-o-prestige-du-bois-cadeau-personnalisable-entreprise-\u00a9Secher.jpg\" data-link=\"https:\/\/www.osezmauges.fr\/evenements-pro\/palege-o-prestige-du-bois-cadeau-personnalisable-entreprise-secher\/\" class=\"wp-image-12206\" srcset=\"https:\/\/www.osezmauges.fr\/evenements-pro\/wp-content\/uploads\/sites\/2\/2024\/01\/palege-o-prestige-du-bois-cadeau-personnalisable-entreprise-\u00a9Secher.jpg 900w, https:\/\/www.osezmauges.fr\/evenements-pro\/wp-content\/uploads\/sites\/2\/2024\/01\/palege-o-prestige-du-bois-cadeau-personnalisable-entreprise-\u00a9Secher-450x600.jpg 450w, https:\/\/www.osezmauges.fr\/evenements-pro\/wp-content\/uploads\/sites\/2\/2024\/01\/palege-o-prestige-du-bois-cadeau-personnalisable-entreprise-\u00a9Secher-300x400.jpg 300w, https:\/\/www.osezmauges.fr\/evenements-pro\/wp-content\/uploads\/sites\/2\/2024\/01\/palege-o-prestige-du-bois-cadeau-personnalisable-entreprise-\u00a9Secher-675x900.jpg 675w, https:\/\/www.osezmauges.fr\/evenements-pro\/wp-content\/uploads\/sites\/2\/2024\/01\/palege-o-prestige-du-bois-cadeau-personnalisable-entreprise-\u00a9Secher-650x867.jpg 650w\" sizes=\"(max-width: 900px) 100vw, 900px\" \/><\/figure><\/li><li class=\"blocks-gallery-item\"><figure><img width=\"960\" height=\"1200\" data-src=\"https:\/\/www.osezmauges.fr\/evenements-pro\/wp-content\/uploads\/sites\/2\/2024\/01\/jeu-du-tonneau-o-prestige-du-bois-cadeau-personnalisable-entreprise-\u00a9Secher.jpg\" alt=\"\" data-id=\"12205\" data-full-url=\"https:\/\/www.osezmauges.fr\/evenements-pro\/wp-content\/uploads\/sites\/2\/2024\/01\/jeu-du-tonneau-o-prestige-du-bois-cadeau-personnalisable-entreprise-\u00a9Secher.jpg\" data-link=\"https:\/\/www.osezmauges.fr\/evenements-pro\/jeu-du-tonneau-o-prestige-du-bois-cadeau-personnalisable-entreprise-secher\/\" class=\"wp-image-12205\" srcset=\"https:\/\/www.osezmauges.fr\/evenements-pro\/wp-content\/uploads\/sites\/2\/2024\/01\/jeu-du-tonneau-o-prestige-du-bois-cadeau-personnalisable-entreprise-\u00a9Secher.jpg 960w, https:\/\/www.osezmauges.fr\/evenements-pro\/wp-content\/uploads\/sites\/2\/2024\/01\/jeu-du-tonneau-o-prestige-du-bois-cadeau-personnalisable-entreprise-\u00a9Secher-480x600.jpg 480w, https:\/\/www.osezmauges.fr\/evenements-pro\/wp-content\/uploads\/sites\/2\/2024\/01\/jeu-du-tonneau-o-prestige-du-bois-cadeau-personnalisable-entreprise-\u00a9Secher-300x375.jpg 300w, https:\/\/www.osezmauges.fr\/evenements-pro\/wp-content\/uploads\/sites\/2\/2024\/01\/jeu-du-tonneau-o-prestige-du-bois-cadeau-personnalisable-entreprise-\u00a9Secher-720x900.jpg 720w, https:\/\/www.osezmauges.fr\/evenements-pro\/wp-content\/uploads\/sites\/2\/2024\/01\/jeu-du-tonneau-o-prestige-du-bois-cadeau-personnalisable-entreprise-\u00a9Secher-650x813.jpg 650w\" sizes=\"(max-width: 960px) 100vw, 960px\" \/><\/figure><\/li><\/ul><figcaption class=\"blocks-gallery-caption\">Pal\u00e8ge et jeu du tonneau \u00a9Secher<\/figcaption><\/figure>\n\n\n\n<h2 class=\"wp-block-heading\">Produits propos\u00e9s \u00e0 la vente<\/h2>\n\n\n\n<ul class=\"wp-block-list\"><li><strong>PAL\u00c8GE :<\/strong> Jeu de palets compos\u00e9 d&rsquo;une planche en li\u00e8ge de bouchon recycl\u00e9 (origine des Landes) et de palets en cuir sont de confection 100 % Anjou. <strong>128 \u20ac HT<\/strong>*<\/li><li><strong>JEU DU TONNEAU : <\/strong>Jeu de fabrication artisanale en bois avec palets en cuir.  <strong>1375 \u20ac HT<\/strong>*<\/li><\/ul>\n\n\n\n<p>*Hors frais de personnalisation<\/p>\n\n\n\n<div class=\"wp-block wp-block-related-post clear alignfull\">\n    <div class=\"container\">\n\n        <div class=\"article\">\n\t\t                    <h2 class=\"wp-block-related-post-title\">Vous aimerez aussi<\/h2>\n\t\t    \n\t\t            <\/div>\n\n\t                <div class=\"article\">\n        \n            <div class=\"wp-block-related-post-inner\">\n                <div   data-slides-per-view=\"4\">\n                    <div class=\"wp-block-related-post-list wp-block-related-post-list-1\">\n\t\t\t\t\t    \n<div class=\"entityItem\"      data-trigger=\"wpiris-click\">\n    <p class=\"entityItemThumbnail\">\n        <a href=\"https:\/\/www.osezmauges.fr\/evenements-pro\/cadeaux-entreprises\/cadeaux-entreprise-produits-locaux\/coffret-box-mauges\/\" nofancybox>\n            <img src=\n            \"https:\/\/www.osezmauges.fr\/evenements-pro\/wp-content\/uploads\/sites\/2\/2024\/09\/coffret-des-mauges-champtoceaux-oa-\u00a9osezmauges-2-900x557.jpg\" alt=\"Mon c\u00d4ffret des Mauges : une box terroir 100 % locale\">\n        <\/a>\n    <\/p>\n        <div class=\"entityItemContent\">\n        \n        \n        <h3 class=\"entityItemContentTitle\">        <a href=\"https:\/\/www.osezmauges.fr\/evenements-pro\/cadeaux-entreprises\/cadeaux-entreprise-produits-locaux\/coffret-box-mauges\/\">Mon c\u00d4ffret des Mauges : une box terroir 100 % locale<\/a>\n        <\/h3>\n            <\/div>\n\n    \n    <\/div>\n                    <\/div>\n                <\/div>\n            <\/div>\n\n                    <\/div>\n        \n    <\/div>\n<\/div>","protected":false},"excerpt":{"rendered":"<p>\u00ab\u00a0\u00d4 Prestige du bois\u00a0\u00bb perp\u00e9tue la fabrication artisanale et le travail du bois. Toutes les cr\u00e9ations sont r\u00e9alis\u00e9es sans commande num\u00e9rique et sont personnalisables (sur les 2 faces pour le pal\u00e8ge). Produits propos\u00e9s \u00e0 la vente PAL\u00c8GE : Jeu de palets compos\u00e9 d&rsquo;une planche en li\u00e8ge de bouchon recycl\u00e9 (origine des Landes) et de palets [&hellip;]<\/p>\n","protected":false},"author":4,"featured_media":12205,"parent":12209,"menu_order":1,"comment_status":"closed","ping_status":"closed","template":"","meta":{"_relevanssi_hide_post":"","_relevanssi_hide_content":"","_relevanssi_pin_for_all":"","_relevanssi_pin_keywords":"","_relevanssi_unpin_keywords":"","_relevanssi_related_keywords":"","_relevanssi_related_include_ids":"","_relevanssi_related_exclude_ids":"","_relevanssi_related_no_append":"","_relevanssi_related_not_related":"","_relevanssi_related_posts":"1","_relevanssi_noindex_reason":"","footnotes":""},"class_list":["post-12204","page","type-page","status-publish","has-post-thumbnail","hentry"],"acf":[],"yoast_head":"<!-- This site is optimized with the Yoast SEO plugin v26.9 - https:\/\/yoast.com\/product\/yoast-seo-wordpress\/ -->\n<title>\u00d4 Prestige du Bois pour vos cadeaux personnalisables<\/title>\n<meta name=\"description\" content=\"Des jeux en bois personnalisables, c&#039;est possible avec \u00d4 Prestige du Bois ! Un travail artisanale pour faire vos activit\u00e9s ludiques en \u00e9quipe.\" \/>\n<meta name=\"robots\" content=\"index, follow, max-snippet:-1, max-image-preview:large, max-video-preview:-1\" \/>\n<link rel=\"canonical\" href=\"https:\/\/www.osezmauges.fr\/evenements-pro\/cadeaux-entreprises\/cadeaux-personnalises-entreprise\/o-prestige-du-bois-cadeau-personnalisable\/\" \/>\n<meta property=\"og:locale\" content=\"fr_FR\" \/>\n<meta property=\"og:type\" content=\"article\" \/>\n<meta property=\"og:title\" content=\"\u00d4 Prestige du Bois pour vos cadeaux personnalisables\" \/>\n<meta property=\"og:description\" content=\"Des jeux en bois personnalisables, c&#039;est possible avec \u00d4 Prestige du Bois ! Un travail artisanale pour faire vos activit\u00e9s ludiques en \u00e9quipe.\" \/>\n<meta property=\"og:url\" content=\"https:\/\/www.osezmauges.fr\/evenements-pro\/cadeaux-entreprises\/cadeaux-personnalises-entreprise\/o-prestige-du-bois-cadeau-personnalisable\/\" \/>\n<meta property=\"og:site_name\" content=\"Osez Mauges - Tourisme d&#039;affaire\" \/>\n<meta property=\"article:modified_time\" content=\"2024-03-20T08:26:24+00:00\" \/>\n<meta property=\"og:image\" content=\"https:\/\/www.osezmauges.fr\/evenements-pro\/wp-content\/uploads\/sites\/2\/2024\/01\/jeu-du-tonneau-o-prestige-du-bois-cadeau-personnalisable-entreprise-\u00a9Secher.jpg\" \/>\n\t<meta property=\"og:image:width\" content=\"960\" \/>\n\t<meta property=\"og:image:height\" content=\"1200\" \/>\n\t<meta property=\"og:image:type\" content=\"image\/jpeg\" \/>\n<meta name=\"twitter:card\" content=\"summary_large_image\" \/>\n<meta name=\"twitter:label1\" content=\"Dur\u00e9e de lecture estim\u00e9e\" \/>\n\t<meta name=\"twitter:data1\" content=\"1 minute\" \/>\n<script type=\"application\/ld+json\" class=\"yoast-schema-graph\">{\"@context\":\"https:\/\/schema.org\",\"@graph\":[{\"@type\":\"WebPage\",\"@id\":\"https:\/\/www.osezmauges.fr\/evenements-pro\/cadeaux-entreprises\/cadeaux-personnalises-entreprise\/o-prestige-du-bois-cadeau-personnalisable\/\",\"url\":\"https:\/\/www.osezmauges.fr\/evenements-pro\/cadeaux-entreprises\/cadeaux-personnalises-entreprise\/o-prestige-du-bois-cadeau-personnalisable\/\",\"name\":\"\u00d4 Prestige du Bois pour vos cadeaux personnalisables\",\"isPartOf\":{\"@id\":\"https:\/\/www.osezmauges.fr\/evenements-pro\/#website\"},\"primaryImageOfPage\":{\"@id\":\"https:\/\/www.osezmauges.fr\/evenements-pro\/cadeaux-entreprises\/cadeaux-personnalises-entreprise\/o-prestige-du-bois-cadeau-personnalisable\/#primaryimage\"},\"image\":{\"@id\":\"https:\/\/www.osezmauges.fr\/evenements-pro\/cadeaux-entreprises\/cadeaux-personnalises-entreprise\/o-prestige-du-bois-cadeau-personnalisable\/#primaryimage\"},\"thumbnailUrl\":\"https:\/\/www.osezmauges.fr\/evenements-pro\/wp-content\/uploads\/sites\/2\/2024\/01\/jeu-du-tonneau-o-prestige-du-bois-cadeau-personnalisable-entreprise-\u00a9Secher.jpg\",\"datePublished\":\"2024-01-12T08:59:15+00:00\",\"dateModified\":\"2024-03-20T08:26:24+00:00\",\"description\":\"Des jeux en bois personnalisables, c'est possible avec \u00d4 Prestige du Bois ! Un travail artisanale pour faire vos activit\u00e9s ludiques en \u00e9quipe.\",\"breadcrumb\":{\"@id\":\"https:\/\/www.osezmauges.fr\/evenements-pro\/cadeaux-entreprises\/cadeaux-personnalises-entreprise\/o-prestige-du-bois-cadeau-personnalisable\/#breadcrumb\"},\"inLanguage\":\"fr-FR\",\"potentialAction\":[{\"@type\":\"ReadAction\",\"target\":[\"https:\/\/www.osezmauges.fr\/evenements-pro\/cadeaux-entreprises\/cadeaux-personnalises-entreprise\/o-prestige-du-bois-cadeau-personnalisable\/\"]}]},{\"@type\":\"ImageObject\",\"inLanguage\":\"fr-FR\",\"@id\":\"https:\/\/www.osezmauges.fr\/evenements-pro\/cadeaux-entreprises\/cadeaux-personnalises-entreprise\/o-prestige-du-bois-cadeau-personnalisable\/#primaryimage\",\"url\":\"https:\/\/www.osezmauges.fr\/evenements-pro\/wp-content\/uploads\/sites\/2\/2024\/01\/jeu-du-tonneau-o-prestige-du-bois-cadeau-personnalisable-entreprise-\u00a9Secher.jpg\",\"contentUrl\":\"https:\/\/www.osezmauges.fr\/evenements-pro\/wp-content\/uploads\/sites\/2\/2024\/01\/jeu-du-tonneau-o-prestige-du-bois-cadeau-personnalisable-entreprise-\u00a9Secher.jpg\",\"width\":960,\"height\":1200},{\"@type\":\"BreadcrumbList\",\"@id\":\"https:\/\/www.osezmauges.fr\/evenements-pro\/cadeaux-entreprises\/cadeaux-personnalises-entreprise\/o-prestige-du-bois-cadeau-personnalisable\/#breadcrumb\",\"itemListElement\":[{\"@type\":\"ListItem\",\"position\":1,\"name\":\"Accueil\",\"item\":\"https:\/\/www.osezmauges.fr\/evenements-pro\/\"},{\"@type\":\"ListItem\",\"position\":2,\"name\":\"Les cadeaux d&rsquo;entreprises\",\"item\":\"https:\/\/www.osezmauges.fr\/evenements-pro\/cadeaux-entreprises\/\"},{\"@type\":\"ListItem\",\"position\":3,\"name\":\"Un cadeau personnalis\u00e9 pour vos salari\u00e9s !\",\"item\":\"https:\/\/www.osezmauges.fr\/evenements-pro\/cadeaux-entreprises\/cadeaux-personnalises-entreprise\/\"},{\"@type\":\"ListItem\",\"position\":4,\"name\":\"Des jeux en bois personnalis\u00e9s avec \u00d4 Prestige du Bois\"}]},{\"@type\":\"WebSite\",\"@id\":\"https:\/\/www.osezmauges.fr\/evenements-pro\/#website\",\"url\":\"https:\/\/www.osezmauges.fr\/evenements-pro\/\",\"name\":\"Osez Mauges - Tourisme d&#039;affaire\",\"description\":\"\u00d4sez Mauges\",\"potentialAction\":[{\"@type\":\"SearchAction\",\"target\":{\"@type\":\"EntryPoint\",\"urlTemplate\":\"https:\/\/www.osezmauges.fr\/evenements-pro\/?s={search_term_string}\"},\"query-input\":{\"@type\":\"PropertyValueSpecification\",\"valueRequired\":true,\"valueName\":\"search_term_string\"}}],\"inLanguage\":\"fr-FR\"}]}<\/script>\n<!-- \/ Yoast SEO plugin. -->","yoast_head_json":{"title":"\u00d4 Prestige du Bois pour vos cadeaux personnalisables","description":"Des jeux en bois personnalisables, c'est possible avec \u00d4 Prestige du Bois ! Un travail artisanale pour faire vos activit\u00e9s ludiques en \u00e9quipe.","robots":{"index":"index","follow":"follow","max-snippet":"max-snippet:-1","max-image-preview":"max-image-preview:large","max-video-preview":"max-video-preview:-1"},"canonical":"https:\/\/www.osezmauges.fr\/evenements-pro\/cadeaux-entreprises\/cadeaux-personnalises-entreprise\/o-prestige-du-bois-cadeau-personnalisable\/","og_locale":"fr_FR","og_type":"article","og_title":"\u00d4 Prestige du Bois pour vos cadeaux personnalisables","og_description":"Des jeux en bois personnalisables, c'est possible avec \u00d4 Prestige du Bois ! Un travail artisanale pour faire vos activit\u00e9s ludiques en \u00e9quipe.","og_url":"https:\/\/www.osezmauges.fr\/evenements-pro\/cadeaux-entreprises\/cadeaux-personnalises-entreprise\/o-prestige-du-bois-cadeau-personnalisable\/","og_site_name":"Osez Mauges - Tourisme d&#039;affaire","article_modified_time":"2024-03-20T08:26:24+00:00","og_image":[{"width":960,"height":1200,"url":"https:\/\/www.osezmauges.fr\/evenements-pro\/wp-content\/uploads\/sites\/2\/2024\/01\/jeu-du-tonneau-o-prestige-du-bois-cadeau-personnalisable-entreprise-\u00a9Secher.jpg","type":"image\/jpeg"}],"twitter_card":"summary_large_image","twitter_misc":{"Dur\u00e9e de lecture estim\u00e9e":"1 minute"},"schema":{"@context":"https:\/\/schema.org","@graph":[{"@type":"WebPage","@id":"https:\/\/www.osezmauges.fr\/evenements-pro\/cadeaux-entreprises\/cadeaux-personnalises-entreprise\/o-prestige-du-bois-cadeau-personnalisable\/","url":"https:\/\/www.osezmauges.fr\/evenements-pro\/cadeaux-entreprises\/cadeaux-personnalises-entreprise\/o-prestige-du-bois-cadeau-personnalisable\/","name":"\u00d4 Prestige du Bois pour vos cadeaux personnalisables","isPartOf":{"@id":"https:\/\/www.osezmauges.fr\/evenements-pro\/#website"},"primaryImageOfPage":{"@id":"https:\/\/www.osezmauges.fr\/evenements-pro\/cadeaux-entreprises\/cadeaux-personnalises-entreprise\/o-prestige-du-bois-cadeau-personnalisable\/#primaryimage"},"image":{"@id":"https:\/\/www.osezmauges.fr\/evenements-pro\/cadeaux-entreprises\/cadeaux-personnalises-entreprise\/o-prestige-du-bois-cadeau-personnalisable\/#primaryimage"},"thumbnailUrl":"https:\/\/www.osezmauges.fr\/evenements-pro\/wp-content\/uploads\/sites\/2\/2024\/01\/jeu-du-tonneau-o-prestige-du-bois-cadeau-personnalisable-entreprise-\u00a9Secher.jpg","datePublished":"2024-01-12T08:59:15+00:00","dateModified":"2024-03-20T08:26:24+00:00","description":"Des jeux en bois personnalisables, c'est possible avec \u00d4 Prestige du Bois ! Un travail artisanale pour faire vos activit\u00e9s ludiques en \u00e9quipe.","breadcrumb":{"@id":"https:\/\/www.osezmauges.fr\/evenements-pro\/cadeaux-entreprises\/cadeaux-personnalises-entreprise\/o-prestige-du-bois-cadeau-personnalisable\/#breadcrumb"},"inLanguage":"fr-FR","potentialAction":[{"@type":"ReadAction","target":["https:\/\/www.osezmauges.fr\/evenements-pro\/cadeaux-entreprises\/cadeaux-personnalises-entreprise\/o-prestige-du-bois-cadeau-personnalisable\/"]}]},{"@type":"ImageObject","inLanguage":"fr-FR","@id":"https:\/\/www.osezmauges.fr\/evenements-pro\/cadeaux-entreprises\/cadeaux-personnalises-entreprise\/o-prestige-du-bois-cadeau-personnalisable\/#primaryimage","url":"https:\/\/www.osezmauges.fr\/evenements-pro\/wp-content\/uploads\/sites\/2\/2024\/01\/jeu-du-tonneau-o-prestige-du-bois-cadeau-personnalisable-entreprise-\u00a9Secher.jpg","contentUrl":"https:\/\/www.osezmauges.fr\/evenements-pro\/wp-content\/uploads\/sites\/2\/2024\/01\/jeu-du-tonneau-o-prestige-du-bois-cadeau-personnalisable-entreprise-\u00a9Secher.jpg","width":960,"height":1200},{"@type":"BreadcrumbList","@id":"https:\/\/www.osezmauges.fr\/evenements-pro\/cadeaux-entreprises\/cadeaux-personnalises-entreprise\/o-prestige-du-bois-cadeau-personnalisable\/#breadcrumb","itemListElement":[{"@type":"ListItem","position":1,"name":"Accueil","item":"https:\/\/www.osezmauges.fr\/evenements-pro\/"},{"@type":"ListItem","position":2,"name":"Les cadeaux d&rsquo;entreprises","item":"https:\/\/www.osezmauges.fr\/evenements-pro\/cadeaux-entreprises\/"},{"@type":"ListItem","position":3,"name":"Un cadeau personnalis\u00e9 pour vos salari\u00e9s !","item":"https:\/\/www.osezmauges.fr\/evenements-pro\/cadeaux-entreprises\/cadeaux-personnalises-entreprise\/"},{"@type":"ListItem","position":4,"name":"Des jeux en bois personnalis\u00e9s avec \u00d4 Prestige du Bois"}]},{"@type":"WebSite","@id":"https:\/\/www.osezmauges.fr\/evenements-pro\/#website","url":"https:\/\/www.osezmauges.fr\/evenements-pro\/","name":"Osez Mauges - Tourisme d&#039;affaire","description":"\u00d4sez Mauges","potentialAction":[{"@type":"SearchAction","target":{"@type":"EntryPoint","urlTemplate":"https:\/\/www.osezmauges.fr\/evenements-pro\/?s={search_term_string}"},"query-input":{"@type":"PropertyValueSpecification","valueRequired":true,"valueName":"search_term_string"}}],"inLanguage":"fr-FR"}]}},"_links":{"self":[{"href":"https:\/\/www.osezmauges.fr\/evenements-pro\/wp-json\/wp\/v2\/pages\/12204","targetHints":{"allow":["GET"]}}],"collection":[{"href":"https:\/\/www.osezmauges.fr\/evenements-pro\/wp-json\/wp\/v2\/pages"}],"about":[{"href":"https:\/\/www.osezmauges.fr\/evenements-pro\/wp-json\/wp\/v2\/types\/page"}],"author":[{"embeddable":true,"href":"https:\/\/www.osezmauges.fr\/evenements-pro\/wp-json\/wp\/v2\/users\/4"}],"replies":[{"embeddable":true,"href":"https:\/\/www.osezmauges.fr\/evenements-pro\/wp-json\/wp\/v2\/comments?post=12204"}],"version-history":[{"count":5,"href":"https:\/\/www.osezmauges.fr\/evenements-pro\/wp-json\/wp\/v2\/pages\/12204\/revisions"}],"predecessor-version":[{"id":12646,"href":"https:\/\/www.osezmauges.fr\/evenements-pro\/wp-json\/wp\/v2\/pages\/12204\/revisions\/12646"}],"up":[{"embeddable":true,"href":"https:\/\/www.osezmauges.fr\/evenements-pro\/wp-json\/wp\/v2\/pages\/12209"}],"wp:featuredmedia":[{"embeddable":true,"href":"https:\/\/www.osezmauges.fr\/evenements-pro\/wp-json\/wp\/v2\/media\/12205"}],"wp:attachment":[{"href":"https:\/\/www.osezmauges.fr\/evenements-pro\/wp-json\/wp\/v2\/media?parent=12204"}],"curies":[{"name":"wp","href":"https:\/\/api.w.org\/{rel}","templated":true}]}}