{"id":14050,"date":"2025-01-09T15:31:41","date_gmt":"2025-01-09T14:31:41","guid":{"rendered":"https:\/\/www.osezmauges.fr\/evenements-pro\/?page_id=14050"},"modified":"2025-06-02T19:54:32","modified_gmt":"2025-06-02T17:54:32","slug":"cluedo-geant-teambuilding-musee-des-metiers","status":"publish","type":"page","link":"https:\/\/www.osezmauges.fr\/evenements-pro\/organiser-son-evenement-pro\/team-building-angers-nantes-cholet\/activites-ludiques\/cluedo-geant-teambuilding-musee-des-metiers\/","title":{"rendered":"Cluedo g\u00e9ant au Mus\u00e9e des m\u00e9tiers"},"content":{"rendered":"\n<div class=\"wp-block-columns is-layout-flex wp-container-core-columns-is-layout-9d6595d7 wp-block-columns-is-layout-flex\">\n<div class=\"wp-block-column is-layout-flow wp-block-column-is-layout-flow\">\n<p class=\"is-style-excerpt\">Envie de r\u00e9soudre une myst\u00e9rieuse affaire ? Le Mus\u00e9e des m\u00e9tiers vous propose un cluedo g\u00e9ant au c\u0153ur m\u00eame de ses collections ! Embarquez par \u00e9quipe dans une course aux indices palpitante et d\u00e9couvrez qui a tu\u00e9 Victor le charpentier. L&rsquo;occasion d&rsquo;allier plaisir et d\u00e9couvertes le temps d&rsquo;une folle enqu\u00eate immersive.<\/p>\n<\/div>\n\n\n\n<div class=\"wp-block-column is-layout-flow wp-block-column-is-layout-flow\"><div class=\"wp-block wp-block-highlight\">\n                <p class=\"wp-block-highlight-item wp-block-highlight-excerpt\">Place de l&rsquo;\u00c9glise<br>Saint-Laurent-de-la-Plaine<br>49290 MAUGES-SUR-LOIRE<br><br>Votre contact : Franck Naze<br>02 41 78 24 08<br>contact@musee-metiers.fr <br><a href=\"https:\/\/www.musee-metiers.fr\/\" target=\"_blank\" rel=\"noreferrer noopener\">Site web<\/a><\/p>\n    <\/div><\/div>\n<\/div>\n\n\n\n<h2 class=\"wp-block-heading\">Pourquoi les choisir ?<\/h2>\n\n\n\n<ul class=\"wp-block-list\"><li>Le plus c\u00e9l\u00e8bre des jeux de d\u00e9duction grandeur nature<\/li><li>Un team-building ludique ax\u00e9 sur l&rsquo;observation, la r\u00e9flexion et la coh\u00e9sion d&rsquo;\u00e9quipe<\/li><li>Une fa\u00e7on originale de (re)d\u00e9couvrir les m\u00e9tiers, au c\u0153ur d&rsquo;un cadre in\u00e9dit<\/li><\/ul>\n\n\n\n<figure class=\"wp-block-gallery alignwide columns-2 wp-block-gallery-1 is-layout-flex wp-block-gallery-is-layout-flex\"><ul class=\"blocks-gallery-grid\"><li class=\"blocks-gallery-item\"><figure><img width=\"1200\" height=\"900\" data-src=\"https:\/\/www.osezmauges.fr\/evenements-pro\/wp-content\/uploads\/sites\/2\/2025\/01\/CluedoGeant.jpg\" alt=\"\" data-id=\"14061\" data-full-url=\"https:\/\/www.osezmauges.fr\/evenements-pro\/wp-content\/uploads\/sites\/2\/2025\/01\/CluedoGeant.jpg\" data-link=\"https:\/\/www.osezmauges.fr\/evenements-pro\/cluedogeant\/\" class=\"wp-image-14061\" srcset=\"https:\/\/www.osezmauges.fr\/evenements-pro\/wp-content\/uploads\/sites\/2\/2025\/01\/CluedoGeant.jpg 1200w, https:\/\/www.osezmauges.fr\/evenements-pro\/wp-content\/uploads\/sites\/2\/2025\/01\/CluedoGeant-600x450.jpg 600w, https:\/\/www.osezmauges.fr\/evenements-pro\/wp-content\/uploads\/sites\/2\/2025\/01\/CluedoGeant-300x225.jpg 300w, https:\/\/www.osezmauges.fr\/evenements-pro\/wp-content\/uploads\/sites\/2\/2025\/01\/CluedoGeant-900x675.jpg 900w, https:\/\/www.osezmauges.fr\/evenements-pro\/wp-content\/uploads\/sites\/2\/2025\/01\/CluedoGeant-650x488.jpg 650w\" sizes=\"(max-width: 1200px) 100vw, 1200px\" \/><\/figure><\/li><li class=\"blocks-gallery-item\"><figure><img width=\"1200\" height=\"900\" data-src=\"https:\/\/www.osezmauges.fr\/evenements-pro\/wp-content\/uploads\/sites\/2\/2025\/01\/115_0325.jpg\" alt=\"\" data-id=\"14062\" data-full-url=\"https:\/\/www.osezmauges.fr\/evenements-pro\/wp-content\/uploads\/sites\/2\/2025\/01\/115_0325.jpg\" data-link=\"https:\/\/www.osezmauges.fr\/evenements-pro\/kodak-digital-still-camera\/\" class=\"wp-image-14062\" srcset=\"https:\/\/www.osezmauges.fr\/evenements-pro\/wp-content\/uploads\/sites\/2\/2025\/01\/115_0325.jpg 1200w, https:\/\/www.osezmauges.fr\/evenements-pro\/wp-content\/uploads\/sites\/2\/2025\/01\/115_0325-600x450.jpg 600w, https:\/\/www.osezmauges.fr\/evenements-pro\/wp-content\/uploads\/sites\/2\/2025\/01\/115_0325-300x225.jpg 300w, https:\/\/www.osezmauges.fr\/evenements-pro\/wp-content\/uploads\/sites\/2\/2025\/01\/115_0325-900x675.jpg 900w, https:\/\/www.osezmauges.fr\/evenements-pro\/wp-content\/uploads\/sites\/2\/2025\/01\/115_0325-650x488.jpg 650w\" sizes=\"(max-width: 1200px) 100vw, 1200px\" \/><\/figure><\/li><\/ul><figcaption class=\"blocks-gallery-caption\">Cluedo g\u00e9ant au Mus\u00e9e des m\u00e9tiers \u00a9 Mus\u00e9e des m\u00e9tiers<\/figcaption><\/figure>\n\n\n\n<h2 class=\"wp-block-heading\">Prestations :<\/h2>\n\n\n\n<ul class=\"wp-block-list\"><li>Animation en int\u00e9rieur<\/li><li>Dur\u00e9e : entre 2h et 2h30<\/li><li>24 participants maximum<\/li><li>Possibilit\u00e9 de visites guid\u00e9es du mus\u00e9e<\/li><li>Possibilit\u00e9 de r\u00e9server des espaces ext\u00e9rieurs pour r\u00e9ceptions<\/li><li>Salle de r\u00e9union sur place<\/li><\/ul>\n\n\n\n<div class=\"wp-block wp-block-related-post clear alignfull\">\n    <div class=\"container\">\n\n        <div class=\"article\">\n\t\t                    <h2 class=\"wp-block-related-post-title\">Salles de s\u00e9minaire \u00e0 proximit\u00e9<\/h2>\n\t\t    \n\t\t            <\/div>\n\n\t    \n            <div class=\"wp-block-related-post-inner\">\n                <div   data-slides-per-view=\"4\">\n                    <div class=\"wp-block-related-post-list wp-block-related-post-list-3\">\n\t\t\t\t\t    \n<div class=\"entityItem\"      data-trigger=\"wpiris-click\">\n    <p class=\"entityItemThumbnail\">\n        <a href=\"https:\/\/www.osezmauges.fr\/evenements-pro\/organiser-son-evenement-pro\/salle-seminaire\/salle-seminaire-chateau-martreil-2\/\" nofancybox>\n            <img src=\n            \"https:\/\/www.osezmauges.fr\/evenements-pro\/wp-content\/uploads\/sites\/2\/2021\/10\/1-chateau-martreil-salle-seminaire-chemille-anjou-\u00a9DDrouet-380x430.jpg\" alt=\"Salles de s\u00e9minaire au Ch\u00e2teau du Martreil\">\n        <\/a>\n    <\/p>\n        <div class=\"entityItemContent\">\n        \n        \n        <h3 class=\"entityItemContentTitle\">        <a href=\"https:\/\/www.osezmauges.fr\/evenements-pro\/organiser-son-evenement-pro\/salle-seminaire\/salle-seminaire-chateau-martreil-2\/\">Salles de s\u00e9minaire au Ch\u00e2teau du Martreil<\/a>\n        <\/h3>\n            <\/div>\n\n    \n    <\/div>\n\n<div class=\"entityItem\"      data-trigger=\"wpiris-click\">\n    <p class=\"entityItemThumbnail\">\n        <a href=\"https:\/\/www.osezmauges.fr\/evenements-pro\/organiser-son-evenement-pro\/salle-seminaire\/salle-seminaire-domaine-delaunay\/\" nofancybox>\n            <img src=\n            \"https:\/\/www.osezmauges.fr\/evenements-pro\/wp-content\/uploads\/sites\/2\/2024\/01\/vue-domaine-delaunay-montjean-sur-loire-MSL\u00a9EmmaDubus-8-380x430.jpg\" alt=\"Salle de s\u00e9minaire au Domaine Delaunay\">\n        <\/a>\n    <\/p>\n        <div class=\"entityItemContent\">\n        \n        \n        <h3 class=\"entityItemContentTitle\">        <a href=\"https:\/\/www.osezmauges.fr\/evenements-pro\/organiser-son-evenement-pro\/salle-seminaire\/salle-seminaire-domaine-delaunay\/\">Salle de s\u00e9minaire au Domaine Delaunay<\/a>\n        <\/h3>\n            <\/div>\n\n    \n    <\/div>\n\n<div class=\"entityItem\"      data-trigger=\"wpiris-click\">\n    <p class=\"entityItemThumbnail\">\n        <a href=\"https:\/\/www.osezmauges.fr\/evenements-pro\/organiser-son-evenement-pro\/salle-seminaire\/salle-seminaire-fief-cordeliers\/\" nofancybox>\n            <img src=\n            \"https:\/\/www.osezmauges.fr\/evenements-pro\/wp-content\/uploads\/sites\/2\/2021\/10\/1-salle-seminaire-fief-cordeliers-montjean-loire-anjou-\u00a9Stephane-Portier-380x430.jpg\" alt=\"Salle de s\u00e9minaire au Fief des Cordeliers\">\n        <\/a>\n    <\/p>\n        <div class=\"entityItemContent\">\n        \n        \n        <h3 class=\"entityItemContentTitle\">        <a href=\"https:\/\/www.osezmauges.fr\/evenements-pro\/organiser-son-evenement-pro\/salle-seminaire\/salle-seminaire-fief-cordeliers\/\">Salle de s\u00e9minaire au Fief des Cordeliers<\/a>\n        <\/h3>\n            <\/div>\n\n    \n    <\/div>\n                    <\/div>\n                <\/div>\n            <\/div>\n\n        \n    <\/div>\n<\/div>","protected":false},"excerpt":{"rendered":"<p>Envie de r\u00e9soudre une myst\u00e9rieuse affaire ? Le Mus\u00e9e des m\u00e9tiers vous propose un cluedo g\u00e9ant au c\u0153ur m\u00eame de ses collections ! Embarquez par \u00e9quipe dans une course aux indices palpitante et d\u00e9couvrez qui a tu\u00e9 Victor le charpentier. L&rsquo;occasion d&rsquo;allier plaisir et d\u00e9couvertes le temps d&rsquo;une folle enqu\u00eate immersive. Pourquoi les choisir ? [&hellip;]<\/p>\n","protected":false},"author":12,"featured_media":14056,"parent":12144,"menu_order":3,"comment_status":"closed","ping_status":"closed","template":"","meta":{"_relevanssi_hide_post":"","_relevanssi_hide_content":"","_relevanssi_pin_for_all":"","_relevanssi_pin_keywords":"","_relevanssi_unpin_keywords":"","_relevanssi_related_keywords":"","_relevanssi_related_include_ids":"","_relevanssi_related_exclude_ids":"","_relevanssi_related_no_append":"","_relevanssi_related_not_related":"","_relevanssi_related_posts":"11686,11382,8289,11525,10048,10489","_relevanssi_noindex_reason":"","footnotes":""},"class_list":["post-14050","page","type-page","status-publish","has-post-thumbnail","hentry"],"acf":[],"yoast_head":"<!-- This site is optimized with the Yoast SEO plugin v26.9 - https:\/\/yoast.com\/product\/yoast-seo-wordpress\/ -->\n<title>Cluedo g\u00e9ant Mus\u00e9e des m\u00e9tiers - Team building Anjou<\/title>\n<meta name=\"description\" content=\"Envie de r\u00e9soudre un myst\u00e8re en \u00e9quipe ? Embarquez dans un cluedo grandeur nature au Mus\u00e9e des m\u00e9tiers \u00e0 30 min d&#039;Angers.\" \/>\n<meta name=\"robots\" content=\"index, follow, max-snippet:-1, max-image-preview:large, max-video-preview:-1\" \/>\n<link rel=\"canonical\" href=\"https:\/\/www.osezmauges.fr\/evenements-pro\/organiser-son-evenement-pro\/team-building-angers-nantes-cholet\/activites-ludiques\/cluedo-geant-teambuilding-musee-des-metiers\/\" \/>\n<meta property=\"og:locale\" content=\"fr_FR\" \/>\n<meta property=\"og:type\" content=\"article\" \/>\n<meta property=\"og:title\" content=\"Cluedo g\u00e9ant Mus\u00e9e des m\u00e9tiers - Team building Anjou\" \/>\n<meta property=\"og:description\" content=\"Envie de r\u00e9soudre un myst\u00e8re en \u00e9quipe ? Embarquez dans un cluedo grandeur nature au Mus\u00e9e des m\u00e9tiers \u00e0 30 min d&#039;Angers.\" \/>\n<meta property=\"og:url\" content=\"https:\/\/www.osezmauges.fr\/evenements-pro\/organiser-son-evenement-pro\/team-building-angers-nantes-cholet\/activites-ludiques\/cluedo-geant-teambuilding-musee-des-metiers\/\" \/>\n<meta property=\"og:site_name\" content=\"Osez Mauges - Tourisme d&#039;affaire\" \/>\n<meta property=\"article:modified_time\" content=\"2025-06-02T17:54:32+00:00\" \/>\n<meta property=\"og:image\" content=\"https:\/\/www.osezmauges.fr\/evenements-pro\/wp-content\/uploads\/sites\/2\/2025\/01\/musee-des-metiers-st-laurent-de-la-plaine-msl-visite\u00a9F.Crampon-33-1.jpg\" \/>\n\t<meta property=\"og:image:width\" content=\"1024\" \/>\n\t<meta property=\"og:image:height\" content=\"682\" \/>\n\t<meta property=\"og:image:type\" content=\"image\/jpeg\" \/>\n<meta name=\"twitter:card\" content=\"summary_large_image\" \/>\n<meta name=\"twitter:label1\" content=\"Dur\u00e9e de lecture estim\u00e9e\" \/>\n\t<meta name=\"twitter:data1\" content=\"2 minutes\" \/>\n<script type=\"application\/ld+json\" class=\"yoast-schema-graph\">{\"@context\":\"https:\/\/schema.org\",\"@graph\":[{\"@type\":\"WebPage\",\"@id\":\"https:\/\/www.osezmauges.fr\/evenements-pro\/organiser-son-evenement-pro\/team-building-angers-nantes-cholet\/activites-ludiques\/cluedo-geant-teambuilding-musee-des-metiers\/\",\"url\":\"https:\/\/www.osezmauges.fr\/evenements-pro\/organiser-son-evenement-pro\/team-building-angers-nantes-cholet\/activites-ludiques\/cluedo-geant-teambuilding-musee-des-metiers\/\",\"name\":\"Cluedo g\u00e9ant Mus\u00e9e des m\u00e9tiers - Team building Anjou\",\"isPartOf\":{\"@id\":\"https:\/\/www.osezmauges.fr\/evenements-pro\/#website\"},\"primaryImageOfPage\":{\"@id\":\"https:\/\/www.osezmauges.fr\/evenements-pro\/organiser-son-evenement-pro\/team-building-angers-nantes-cholet\/activites-ludiques\/cluedo-geant-teambuilding-musee-des-metiers\/#primaryimage\"},\"image\":{\"@id\":\"https:\/\/www.osezmauges.fr\/evenements-pro\/organiser-son-evenement-pro\/team-building-angers-nantes-cholet\/activites-ludiques\/cluedo-geant-teambuilding-musee-des-metiers\/#primaryimage\"},\"thumbnailUrl\":\"https:\/\/www.osezmauges.fr\/evenements-pro\/wp-content\/uploads\/sites\/2\/2025\/01\/musee-des-metiers-st-laurent-de-la-plaine-msl-visite\u00a9F.Crampon-33-1.jpg\",\"datePublished\":\"2025-01-09T14:31:41+00:00\",\"dateModified\":\"2025-06-02T17:54:32+00:00\",\"description\":\"Envie de r\u00e9soudre un myst\u00e8re en \u00e9quipe ? Embarquez dans un cluedo grandeur nature au Mus\u00e9e des m\u00e9tiers \u00e0 30 min d'Angers.\",\"breadcrumb\":{\"@id\":\"https:\/\/www.osezmauges.fr\/evenements-pro\/organiser-son-evenement-pro\/team-building-angers-nantes-cholet\/activites-ludiques\/cluedo-geant-teambuilding-musee-des-metiers\/#breadcrumb\"},\"inLanguage\":\"fr-FR\",\"potentialAction\":[{\"@type\":\"ReadAction\",\"target\":[\"https:\/\/www.osezmauges.fr\/evenements-pro\/organiser-son-evenement-pro\/team-building-angers-nantes-cholet\/activites-ludiques\/cluedo-geant-teambuilding-musee-des-metiers\/\"]}]},{\"@type\":\"ImageObject\",\"inLanguage\":\"fr-FR\",\"@id\":\"https:\/\/www.osezmauges.fr\/evenements-pro\/organiser-son-evenement-pro\/team-building-angers-nantes-cholet\/activites-ludiques\/cluedo-geant-teambuilding-musee-des-metiers\/#primaryimage\",\"url\":\"https:\/\/www.osezmauges.fr\/evenements-pro\/wp-content\/uploads\/sites\/2\/2025\/01\/musee-des-metiers-st-laurent-de-la-plaine-msl-visite\u00a9F.Crampon-33-1.jpg\",\"contentUrl\":\"https:\/\/www.osezmauges.fr\/evenements-pro\/wp-content\/uploads\/sites\/2\/2025\/01\/musee-des-metiers-st-laurent-de-la-plaine-msl-visite\u00a9F.Crampon-33-1.jpg\",\"width\":1024,\"height\":682},{\"@type\":\"BreadcrumbList\",\"@id\":\"https:\/\/www.osezmauges.fr\/evenements-pro\/organiser-son-evenement-pro\/team-building-angers-nantes-cholet\/activites-ludiques\/cluedo-geant-teambuilding-musee-des-metiers\/#breadcrumb\",\"itemListElement\":[{\"@type\":\"ListItem\",\"position\":1,\"name\":\"Accueil\",\"item\":\"https:\/\/www.osezmauges.fr\/evenements-pro\/\"},{\"@type\":\"ListItem\",\"position\":2,\"name\":\"Organiser son \u00e9v\u00e9nement d\u2019entreprise\",\"item\":\"https:\/\/www.osezmauges.fr\/evenements-pro\/organiser-son-evenement-pro\/\"},{\"@type\":\"ListItem\",\"position\":3,\"name\":\"Team-building et afterwork\",\"item\":\"https:\/\/www.osezmauges.fr\/evenements-pro\/organiser-son-evenement-pro\/team-building-angers-nantes-cholet\/\"},{\"@type\":\"ListItem\",\"position\":4,\"name\":\"Des activit\u00e9s ludiques\",\"item\":\"https:\/\/www.osezmauges.fr\/evenements-pro\/organiser-son-evenement-pro\/team-building-angers-nantes-cholet\/activites-ludiques\/\"},{\"@type\":\"ListItem\",\"position\":5,\"name\":\"Cluedo g\u00e9ant au Mus\u00e9e des m\u00e9tiers\"}]},{\"@type\":\"WebSite\",\"@id\":\"https:\/\/www.osezmauges.fr\/evenements-pro\/#website\",\"url\":\"https:\/\/www.osezmauges.fr\/evenements-pro\/\",\"name\":\"Osez Mauges - Tourisme d&#039;affaire\",\"description\":\"\u00d4sez Mauges\",\"potentialAction\":[{\"@type\":\"SearchAction\",\"target\":{\"@type\":\"EntryPoint\",\"urlTemplate\":\"https:\/\/www.osezmauges.fr\/evenements-pro\/?s={search_term_string}\"},\"query-input\":{\"@type\":\"PropertyValueSpecification\",\"valueRequired\":true,\"valueName\":\"search_term_string\"}}],\"inLanguage\":\"fr-FR\"}]}<\/script>\n<!-- \/ Yoast SEO plugin. -->","yoast_head_json":{"title":"Cluedo g\u00e9ant Mus\u00e9e des m\u00e9tiers - Team building Anjou","description":"Envie de r\u00e9soudre un myst\u00e8re en \u00e9quipe ? Embarquez dans un cluedo grandeur nature au Mus\u00e9e des m\u00e9tiers \u00e0 30 min d'Angers.","robots":{"index":"index","follow":"follow","max-snippet":"max-snippet:-1","max-image-preview":"max-image-preview:large","max-video-preview":"max-video-preview:-1"},"canonical":"https:\/\/www.osezmauges.fr\/evenements-pro\/organiser-son-evenement-pro\/team-building-angers-nantes-cholet\/activites-ludiques\/cluedo-geant-teambuilding-musee-des-metiers\/","og_locale":"fr_FR","og_type":"article","og_title":"Cluedo g\u00e9ant Mus\u00e9e des m\u00e9tiers - Team building Anjou","og_description":"Envie de r\u00e9soudre un myst\u00e8re en \u00e9quipe ? Embarquez dans un cluedo grandeur nature au Mus\u00e9e des m\u00e9tiers \u00e0 30 min d'Angers.","og_url":"https:\/\/www.osezmauges.fr\/evenements-pro\/organiser-son-evenement-pro\/team-building-angers-nantes-cholet\/activites-ludiques\/cluedo-geant-teambuilding-musee-des-metiers\/","og_site_name":"Osez Mauges - Tourisme d&#039;affaire","article_modified_time":"2025-06-02T17:54:32+00:00","og_image":[{"width":1024,"height":682,"url":"https:\/\/www.osezmauges.fr\/evenements-pro\/wp-content\/uploads\/sites\/2\/2025\/01\/musee-des-metiers-st-laurent-de-la-plaine-msl-visite\u00a9F.Crampon-33-1.jpg","type":"image\/jpeg"}],"twitter_card":"summary_large_image","twitter_misc":{"Dur\u00e9e de lecture estim\u00e9e":"2 minutes"},"schema":{"@context":"https:\/\/schema.org","@graph":[{"@type":"WebPage","@id":"https:\/\/www.osezmauges.fr\/evenements-pro\/organiser-son-evenement-pro\/team-building-angers-nantes-cholet\/activites-ludiques\/cluedo-geant-teambuilding-musee-des-metiers\/","url":"https:\/\/www.osezmauges.fr\/evenements-pro\/organiser-son-evenement-pro\/team-building-angers-nantes-cholet\/activites-ludiques\/cluedo-geant-teambuilding-musee-des-metiers\/","name":"Cluedo g\u00e9ant Mus\u00e9e des m\u00e9tiers - Team building Anjou","isPartOf":{"@id":"https:\/\/www.osezmauges.fr\/evenements-pro\/#website"},"primaryImageOfPage":{"@id":"https:\/\/www.osezmauges.fr\/evenements-pro\/organiser-son-evenement-pro\/team-building-angers-nantes-cholet\/activites-ludiques\/cluedo-geant-teambuilding-musee-des-metiers\/#primaryimage"},"image":{"@id":"https:\/\/www.osezmauges.fr\/evenements-pro\/organiser-son-evenement-pro\/team-building-angers-nantes-cholet\/activites-ludiques\/cluedo-geant-teambuilding-musee-des-metiers\/#primaryimage"},"thumbnailUrl":"https:\/\/www.osezmauges.fr\/evenements-pro\/wp-content\/uploads\/sites\/2\/2025\/01\/musee-des-metiers-st-laurent-de-la-plaine-msl-visite\u00a9F.Crampon-33-1.jpg","datePublished":"2025-01-09T14:31:41+00:00","dateModified":"2025-06-02T17:54:32+00:00","description":"Envie de r\u00e9soudre un myst\u00e8re en \u00e9quipe ? Embarquez dans un cluedo grandeur nature au Mus\u00e9e des m\u00e9tiers \u00e0 30 min d'Angers.","breadcrumb":{"@id":"https:\/\/www.osezmauges.fr\/evenements-pro\/organiser-son-evenement-pro\/team-building-angers-nantes-cholet\/activites-ludiques\/cluedo-geant-teambuilding-musee-des-metiers\/#breadcrumb"},"inLanguage":"fr-FR","potentialAction":[{"@type":"ReadAction","target":["https:\/\/www.osezmauges.fr\/evenements-pro\/organiser-son-evenement-pro\/team-building-angers-nantes-cholet\/activites-ludiques\/cluedo-geant-teambuilding-musee-des-metiers\/"]}]},{"@type":"ImageObject","inLanguage":"fr-FR","@id":"https:\/\/www.osezmauges.fr\/evenements-pro\/organiser-son-evenement-pro\/team-building-angers-nantes-cholet\/activites-ludiques\/cluedo-geant-teambuilding-musee-des-metiers\/#primaryimage","url":"https:\/\/www.osezmauges.fr\/evenements-pro\/wp-content\/uploads\/sites\/2\/2025\/01\/musee-des-metiers-st-laurent-de-la-plaine-msl-visite\u00a9F.Crampon-33-1.jpg","contentUrl":"https:\/\/www.osezmauges.fr\/evenements-pro\/wp-content\/uploads\/sites\/2\/2025\/01\/musee-des-metiers-st-laurent-de-la-plaine-msl-visite\u00a9F.Crampon-33-1.jpg","width":1024,"height":682},{"@type":"BreadcrumbList","@id":"https:\/\/www.osezmauges.fr\/evenements-pro\/organiser-son-evenement-pro\/team-building-angers-nantes-cholet\/activites-ludiques\/cluedo-geant-teambuilding-musee-des-metiers\/#breadcrumb","itemListElement":[{"@type":"ListItem","position":1,"name":"Accueil","item":"https:\/\/www.osezmauges.fr\/evenements-pro\/"},{"@type":"ListItem","position":2,"name":"Organiser son \u00e9v\u00e9nement d\u2019entreprise","item":"https:\/\/www.osezmauges.fr\/evenements-pro\/organiser-son-evenement-pro\/"},{"@type":"ListItem","position":3,"name":"Team-building et afterwork","item":"https:\/\/www.osezmauges.fr\/evenements-pro\/organiser-son-evenement-pro\/team-building-angers-nantes-cholet\/"},{"@type":"ListItem","position":4,"name":"Des activit\u00e9s ludiques","item":"https:\/\/www.osezmauges.fr\/evenements-pro\/organiser-son-evenement-pro\/team-building-angers-nantes-cholet\/activites-ludiques\/"},{"@type":"ListItem","position":5,"name":"Cluedo g\u00e9ant au Mus\u00e9e des m\u00e9tiers"}]},{"@type":"WebSite","@id":"https:\/\/www.osezmauges.fr\/evenements-pro\/#website","url":"https:\/\/www.osezmauges.fr\/evenements-pro\/","name":"Osez Mauges - Tourisme d&#039;affaire","description":"\u00d4sez Mauges","potentialAction":[{"@type":"SearchAction","target":{"@type":"EntryPoint","urlTemplate":"https:\/\/www.osezmauges.fr\/evenements-pro\/?s={search_term_string}"},"query-input":{"@type":"PropertyValueSpecification","valueRequired":true,"valueName":"search_term_string"}}],"inLanguage":"fr-FR"}]}},"_links":{"self":[{"href":"https:\/\/www.osezmauges.fr\/evenements-pro\/wp-json\/wp\/v2\/pages\/14050","targetHints":{"allow":["GET"]}}],"collection":[{"href":"https:\/\/www.osezmauges.fr\/evenements-pro\/wp-json\/wp\/v2\/pages"}],"about":[{"href":"https:\/\/www.osezmauges.fr\/evenements-pro\/wp-json\/wp\/v2\/types\/page"}],"author":[{"embeddable":true,"href":"https:\/\/www.osezmauges.fr\/evenements-pro\/wp-json\/wp\/v2\/users\/12"}],"replies":[{"embeddable":true,"href":"https:\/\/www.osezmauges.fr\/evenements-pro\/wp-json\/wp\/v2\/comments?post=14050"}],"version-history":[{"count":9,"href":"https:\/\/www.osezmauges.fr\/evenements-pro\/wp-json\/wp\/v2\/pages\/14050\/revisions"}],"predecessor-version":[{"id":15757,"href":"https:\/\/www.osezmauges.fr\/evenements-pro\/wp-json\/wp\/v2\/pages\/14050\/revisions\/15757"}],"up":[{"embeddable":true,"href":"https:\/\/www.osezmauges.fr\/evenements-pro\/wp-json\/wp\/v2\/pages\/12144"}],"wp:featuredmedia":[{"embeddable":true,"href":"https:\/\/www.osezmauges.fr\/evenements-pro\/wp-json\/wp\/v2\/media\/14056"}],"wp:attachment":[{"href":"https:\/\/www.osezmauges.fr\/evenements-pro\/wp-json\/wp\/v2\/media?parent=14050"}],"curies":[{"name":"wp","href":"https:\/\/api.w.org\/{rel}","templated":true}]}}