{"id":14586,"date":"2026-03-27T20:11:25","date_gmt":"2026-03-27T19:11:25","guid":{"rendered":"https:\/\/www.osezmauges.fr\/evenements-pro\/?page_id=14586"},"modified":"2026-03-27T20:11:39","modified_gmt":"2026-03-27T19:11:39","slug":"salle-de-seminaire-la-petite-felixiere","status":"publish","type":"page","link":"https:\/\/www.osezmauges.fr\/evenements-pro\/organiser-son-evenement-pro\/salle-seminaire\/salle-de-seminaire-la-petite-felixiere\/","title":{"rendered":"Salles de s\u00e9minaire La Petite F\u00e9lixi\u00e8re"},"content":{"rendered":"\n<div class=\"wp-block-columns is-layout-flex wp-container-core-columns-is-layout-9d6595d7 wp-block-columns-is-layout-flex\">\n<div class=\"wp-block-column is-layout-flow wp-block-column-is-layout-flow\">\n<p class=\"is-style-excerpt\">Pour vos s\u00e9minaires, vos r\u00e9unions de travail, assembl\u00e9es g\u00e9n\u00e9rales et autres \u00e9v\u00e9nements d&rsquo;entreprise, misez sur le charme d&rsquo;un ancien corps de ferme r\u00e9nov\u00e9 \u00e0 La Petite F\u00e9lixi\u00e8re. Au coeur d&rsquo;un parc de 4 500m\u00b2, vous profiterez de deux salles de r\u00e9ception, de vastes espaces ext\u00e9rieurs ainsi que d&rsquo;une piscine int\u00e9rieure chauff\u00e9e pour le plus grand bonheur de vos collaborateurs. Le site, \u00e0 15 minutes de Cholet, propose \u00e9galement l&rsquo;h\u00e9bergement sur place.<\/p>\n<\/div>\n\n\n\n<div class=\"wp-block-column is-layout-flow wp-block-column-is-layout-flow\"><div class=\"wp-block wp-block-highlight\">\n                <p class=\"wp-block-highlight-item wp-block-highlight-excerpt\">La F\u00e9lixi\u00e8re<br>St-Andr\u00e9-de-la-Marche<br>49450 S\u00c8VREMOINE<br><br>Votre contact : <strong>Cathy BRIN<\/strong><br>06 88 35 13 51<br>contact@la-petite-felixiere.com<br><a href=\"https:\/\/www.la-petite-felixiere.com\/\" type=\"link\" id=\"https:\/\/www.la-petite-felixiere.com\/\" target=\"_blank\" rel=\"noreferrer noopener\">Site web<\/a><\/p>\n    <\/div><\/div>\n<\/div>\n\n\n\n<figure class=\"wp-block-gallery alignwide has-nested-images columns-default is-cropped wp-block-gallery-1 is-layout-flex wp-block-gallery-is-layout-flex\">\n<figure class=\"wp-block-image size-large\"><img width=\"1200\" height=\"900\" data-id=\"14588\" data-src=\"https:\/\/www.osezmauges.fr\/evenements-pro\/wp-content\/uploads\/sites\/2\/2025\/03\/salle-reception-felixiere-st-andre-de-la-marche-sevremoine-anjou-cholet-\u00a9Brin-3.jpg\" alt=\"\" class=\"wp-image-14588\" srcset=\"https:\/\/www.osezmauges.fr\/evenements-pro\/wp-content\/uploads\/sites\/2\/2025\/03\/salle-reception-felixiere-st-andre-de-la-marche-sevremoine-anjou-cholet-\u00a9Brin-3.jpg 1200w, https:\/\/www.osezmauges.fr\/evenements-pro\/wp-content\/uploads\/sites\/2\/2025\/03\/salle-reception-felixiere-st-andre-de-la-marche-sevremoine-anjou-cholet-\u00a9Brin-3-600x450.jpg 600w, https:\/\/www.osezmauges.fr\/evenements-pro\/wp-content\/uploads\/sites\/2\/2025\/03\/salle-reception-felixiere-st-andre-de-la-marche-sevremoine-anjou-cholet-\u00a9Brin-3-300x225.jpg 300w, https:\/\/www.osezmauges.fr\/evenements-pro\/wp-content\/uploads\/sites\/2\/2025\/03\/salle-reception-felixiere-st-andre-de-la-marche-sevremoine-anjou-cholet-\u00a9Brin-3-900x675.jpg 900w, https:\/\/www.osezmauges.fr\/evenements-pro\/wp-content\/uploads\/sites\/2\/2025\/03\/salle-reception-felixiere-st-andre-de-la-marche-sevremoine-anjou-cholet-\u00a9Brin-3-650x488.jpg 650w\" sizes=\"(max-width: 1200px) 100vw, 1200px\" \/><figcaption class=\"wp-element-caption\">Salle La F\u00e9lixi\u00e8re \u00a9 C. Brin<\/figcaption><\/figure>\n\n\n\n<figure class=\"wp-block-image size-large\"><img width=\"1200\" height=\"900\" data-id=\"14587\" data-src=\"https:\/\/www.osezmauges.fr\/evenements-pro\/wp-content\/uploads\/sites\/2\/2025\/03\/annexe-salle-felixiere-st-andre-de-la-marche-sevremoine-anjou-cholet-\u00a9Brin.jpg\" alt=\"\" class=\"wp-image-14587\" srcset=\"https:\/\/www.osezmauges.fr\/evenements-pro\/wp-content\/uploads\/sites\/2\/2025\/03\/annexe-salle-felixiere-st-andre-de-la-marche-sevremoine-anjou-cholet-\u00a9Brin.jpg 1200w, https:\/\/www.osezmauges.fr\/evenements-pro\/wp-content\/uploads\/sites\/2\/2025\/03\/annexe-salle-felixiere-st-andre-de-la-marche-sevremoine-anjou-cholet-\u00a9Brin-600x450.jpg 600w, https:\/\/www.osezmauges.fr\/evenements-pro\/wp-content\/uploads\/sites\/2\/2025\/03\/annexe-salle-felixiere-st-andre-de-la-marche-sevremoine-anjou-cholet-\u00a9Brin-300x225.jpg 300w, https:\/\/www.osezmauges.fr\/evenements-pro\/wp-content\/uploads\/sites\/2\/2025\/03\/annexe-salle-felixiere-st-andre-de-la-marche-sevremoine-anjou-cholet-\u00a9Brin-900x675.jpg 900w, https:\/\/www.osezmauges.fr\/evenements-pro\/wp-content\/uploads\/sites\/2\/2025\/03\/annexe-salle-felixiere-st-andre-de-la-marche-sevremoine-anjou-cholet-\u00a9Brin-650x488.jpg 650w\" sizes=\"(max-width: 1200px) 100vw, 1200px\" \/><figcaption class=\"wp-element-caption\">L&rsquo;Annexe \u00a9 C. Brin<\/figcaption><\/figure>\n<\/figure>\n\n\n\n<h2 class=\"wp-block-heading\">Pourquoi les choisir ?<\/h2>\n\n\n\n<ul class=\"wp-block-list\">\n<li>Une salle pl\u00e9ni\u00e8re lumineuse d&rsquo;une capacit\u00e9 de 120 personnes assises et 180 personnes debout<\/li>\n\n\n\n<li>\u00c0 proximit\u00e9 imm\u00e9diate de la voie rapide Cholet &#8211; Nantes, \u00e0 15 minutes de Cholet<\/li>\n\n\n\n<li>De la location nue \u00e0 l&rsquo;organisation compl\u00e8te de votre \u00e9v\u00e9nement<\/li>\n\n\n\n<li>L&rsquo;h\u00e9bergement possible sur place avec 2 grands g\u00eetes de 15 et 16 personnes (7 lits doubles et 17 lits simples)<\/li>\n\n\n\n<li>De vastes espaces ext\u00e9rieurs pour faciliter l&rsquo;acc\u00e8s, le stationnement et les animations. Le petit + avec sa piscine int\u00e9rieure chauff\u00e9e <\/li>\n<\/ul>\n\n\n\n<h2 class=\"wp-block-heading\">Salles et prestations sur place<\/h2>\n\n\n\n<figure class=\"wp-block-table alignwide\"><table><thead><tr><th>Salle<\/th><th>Surface<\/th><th>En U<\/th><th>Assembl\u00e9e<\/th><th>Repas<\/th><th>Classe<\/th><th>Cocktail<\/th><th>R\u00e9union<\/th><\/tr><\/thead><tbody><tr><td>La F\u00e9lixi\u00e8re<\/td><td>190m\u00b2<\/td><td>70<\/td><td>100<\/td><td>70<\/td><td>120<\/td><td>180<\/td><td>80<\/td><\/tr><tr><td>L&rsquo;Annexe<\/td><td>75m\u00b2<\/td><td>30<\/td><td>50<\/td><td>45<\/td><td>40<\/td><td>70<\/td><td>40<\/td><\/tr><\/tbody><\/table><\/figure>\n\n\n\n<h3 class=\"wp-block-heading\"><strong>Sur place : <\/strong><\/h3>\n\n\n\n<ul class=\"wp-block-list\">\n<li>Office traiteur<\/li>\n\n\n\n<li>Vid\u00e9oprojecteur &#8211; \u00c9cran : dalle LED<\/li>\n\n\n\n<li>Piscine int\u00e9rieure<\/li>\n\n\n\n<li>Climatisation<\/li>\n\n\n\n<li>Parking<\/li>\n\n\n\n<li>Acc\u00e8s PMR<\/li>\n<\/ul>\n\n\n\n<div class=\"wp-block wp-block-related-post clear alignfull\">\n    <div class=\"container\">\n\n        <div class=\"article\">\n\t\t                    <h2 class=\"wp-block-related-post-title\">\u00c0 d\u00e9couvrir aux alentours<\/h2>\n\t\t    \n\t\t            <\/div>\n\n\t    \n            <div class=\"wp-block-related-post-inner\">\n                <div   data-slides-per-view=\"4\">\n                    <div class=\"wp-block-related-post-list wp-block-related-post-list-3\">\n\t\t\t\t\t    \n<div class=\"entityItem\"      data-trigger=\"wpiris-click\">\n    <p class=\"entityItemThumbnail\">\n        <a href=\"https:\/\/www.osezmauges.fr\/evenements-pro\/organiser-son-evenement-pro\/team-building-angers-nantes-cholet\/activites-ludiques\/team-building-drone-parc\/\" nofancybox>\n            <img src=\n            \"https:\/\/www.osezmauges.fr\/evenements-pro\/wp-content\/uploads\/sites\/2\/2023\/02\/drone-parc-le-longeron-entreprise-\u00a9Benard-2-380x430.jpeg\" alt=\"Pilotez des drones avec Drone Parc dans le Maine-et-Loire\">\n        <\/a>\n    <\/p>\n        <div class=\"entityItemContent\">\n        \n        \n        <h3 class=\"entityItemContentTitle\">        <a href=\"https:\/\/www.osezmauges.fr\/evenements-pro\/organiser-son-evenement-pro\/team-building-angers-nantes-cholet\/activites-ludiques\/team-building-drone-parc\/\">Pilotez des drones avec Drone Parc dans le Maine-et-Loire<\/a>\n        <\/h3>\n            <\/div>\n\n    \n    <\/div>\n\n<div class=\"entityItem\"      data-trigger=\"wpiris-click\">\n    <p class=\"entityItemThumbnail\">\n        <a href=\"https:\/\/www.osezmauges.fr\/evenements-pro\/organiser-son-evenement-pro\/team-building-angers-nantes-cholet\/activites-ludiques\/team-building-yoga-rire-2\/\" nofancybox>\n            <img src=\n            \"https:\/\/www.osezmauges.fr\/evenements-pro\/wp-content\/uploads\/sites\/2\/2023\/08\/yoga-du-rire-team-building-tourlandry-osez-mauges-\u00a9F.Crampon-14-380x430.jpg\" alt=\"Team-building &#8211; Yoga du rire avec Bel Avenir Coaching\">\n        <\/a>\n    <\/p>\n        <div class=\"entityItemContent\">\n        \n        \n        <h3 class=\"entityItemContentTitle\">        <a href=\"https:\/\/www.osezmauges.fr\/evenements-pro\/organiser-son-evenement-pro\/team-building-angers-nantes-cholet\/activites-ludiques\/team-building-yoga-rire-2\/\">Team-building &#8211; Yoga du rire avec Bel Avenir Coaching<\/a>\n        <\/h3>\n            <\/div>\n\n    \n    <\/div>\n\n<div class=\"entityItem\"      data-trigger=\"wpiris-click\">\n    <p class=\"entityItemThumbnail\">\n        <a href=\"https:\/\/www.osezmauges.fr\/evenements-pro\/organiser-son-evenement-pro\/traiteur-evenement-entreprise\/globe-traiteur\/\" nofancybox>\n            <img src=\n            \"https:\/\/www.osezmauges.fr\/evenements-pro\/wp-content\/uploads\/sites\/2\/2022\/04\/1-1-380x430.jpg\" alt=\"Globe Traiteur\">\n        <\/a>\n    <\/p>\n        <div class=\"entityItemContent\">\n        \n        \n        <h3 class=\"entityItemContentTitle\">        <a href=\"https:\/\/www.osezmauges.fr\/evenements-pro\/organiser-son-evenement-pro\/traiteur-evenement-entreprise\/globe-traiteur\/\">Globe Traiteur<\/a>\n        <\/h3>\n            <\/div>\n\n    \n    <\/div>\n                    <\/div>\n                <\/div>\n            <\/div>\n\n        \n    <\/div>\n<\/div>","protected":false},"excerpt":{"rendered":"<p>Pour vos s\u00e9minaires, vos r\u00e9unions de travail, assembl\u00e9es g\u00e9n\u00e9rales et autres \u00e9v\u00e9nements d&rsquo;entreprise, misez sur le charme d&rsquo;un ancien corps de ferme r\u00e9nov\u00e9 \u00e0 La Petite F\u00e9lixi\u00e8re. Au coeur d&rsquo;un parc de 4 500m\u00b2, vous profiterez de deux salles de r\u00e9ception, de vastes espaces ext\u00e9rieurs ainsi que d&rsquo;une piscine int\u00e9rieure chauff\u00e9e pour le plus grand [&hellip;]<\/p>\n","protected":false},"author":12,"featured_media":14589,"parent":40,"menu_order":2,"comment_status":"closed","ping_status":"closed","template":"","meta":{"_relevanssi_hide_post":"","_relevanssi_hide_content":"","_relevanssi_pin_for_all":"","_relevanssi_pin_keywords":"","_relevanssi_unpin_keywords":"","_relevanssi_related_keywords":"","_relevanssi_related_include_ids":"","_relevanssi_related_exclude_ids":"","_relevanssi_related_no_append":"","_relevanssi_related_not_related":"","_relevanssi_related_posts":"10489,11541,6445,12807,12005,7053","_relevanssi_noindex_reason":"","footnotes":""},"class_list":["post-14586","page","type-page","status-publish","has-post-thumbnail","hentry"],"acf":[],"yoast_head":"<!-- This site is optimized with the Yoast SEO plugin v26.9 - https:\/\/yoast.com\/product\/yoast-seo-wordpress\/ -->\n<title>Salles de s\u00e9minaire - La Petite F\u00e9lixi\u00e8re proche Cholet<\/title>\n<meta name=\"description\" content=\"\u00c0 15 minutes de Cholet, organisez votre s\u00e9minaire dans un ancien corps de ferme r\u00e9nov\u00e9 ! Disposez d&#039;une salle pl\u00e9ni\u00e8re et d&#039;une piscine int\u00e9rieure chauff\u00e9e.\" \/>\n<meta name=\"robots\" content=\"index, follow, max-snippet:-1, max-image-preview:large, max-video-preview:-1\" \/>\n<link rel=\"canonical\" href=\"https:\/\/www.osezmauges.fr\/evenements-pro\/organiser-son-evenement-pro\/salle-seminaire\/salle-de-seminaire-la-petite-felixiere\/\" \/>\n<meta property=\"og:locale\" content=\"fr_FR\" \/>\n<meta property=\"og:type\" content=\"article\" \/>\n<meta property=\"og:title\" content=\"Salles de s\u00e9minaire - La Petite F\u00e9lixi\u00e8re proche Cholet\" \/>\n<meta property=\"og:description\" content=\"\u00c0 15 minutes de Cholet, organisez votre s\u00e9minaire dans un ancien corps de ferme r\u00e9nov\u00e9 ! Disposez d&#039;une salle pl\u00e9ni\u00e8re et d&#039;une piscine int\u00e9rieure chauff\u00e9e.\" \/>\n<meta property=\"og:url\" content=\"https:\/\/www.osezmauges.fr\/evenements-pro\/organiser-son-evenement-pro\/salle-seminaire\/salle-de-seminaire-la-petite-felixiere\/\" \/>\n<meta property=\"og:site_name\" content=\"Osez Mauges - Tourisme d&#039;affaire\" \/>\n<meta property=\"article:modified_time\" content=\"2026-03-27T19:11:39+00:00\" \/>\n<meta property=\"og:image\" content=\"https:\/\/www.osezmauges.fr\/evenements-pro\/wp-content\/uploads\/sites\/2\/2025\/03\/Facade-de-la-grange.jpg\" \/>\n\t<meta property=\"og:image:width\" content=\"1500\" \/>\n\t<meta property=\"og:image:height\" content=\"1181\" \/>\n\t<meta property=\"og:image:type\" content=\"image\/jpeg\" \/>\n<meta name=\"twitter:card\" content=\"summary_large_image\" \/>\n<meta name=\"twitter:label1\" content=\"Dur\u00e9e de lecture estim\u00e9e\" \/>\n\t<meta name=\"twitter:data1\" content=\"2 minutes\" \/>\n<script type=\"application\/ld+json\" class=\"yoast-schema-graph\">{\"@context\":\"https:\/\/schema.org\",\"@graph\":[{\"@type\":\"WebPage\",\"@id\":\"https:\/\/www.osezmauges.fr\/evenements-pro\/organiser-son-evenement-pro\/salle-seminaire\/salle-de-seminaire-la-petite-felixiere\/\",\"url\":\"https:\/\/www.osezmauges.fr\/evenements-pro\/organiser-son-evenement-pro\/salle-seminaire\/salle-de-seminaire-la-petite-felixiere\/\",\"name\":\"Salles de s\u00e9minaire - La Petite F\u00e9lixi\u00e8re proche Cholet\",\"isPartOf\":{\"@id\":\"https:\/\/www.osezmauges.fr\/evenements-pro\/#website\"},\"primaryImageOfPage\":{\"@id\":\"https:\/\/www.osezmauges.fr\/evenements-pro\/organiser-son-evenement-pro\/salle-seminaire\/salle-de-seminaire-la-petite-felixiere\/#primaryimage\"},\"image\":{\"@id\":\"https:\/\/www.osezmauges.fr\/evenements-pro\/organiser-son-evenement-pro\/salle-seminaire\/salle-de-seminaire-la-petite-felixiere\/#primaryimage\"},\"thumbnailUrl\":\"https:\/\/www.osezmauges.fr\/evenements-pro\/wp-content\/uploads\/sites\/2\/2025\/03\/Facade-de-la-grange.jpg\",\"datePublished\":\"2026-03-27T19:11:25+00:00\",\"dateModified\":\"2026-03-27T19:11:39+00:00\",\"description\":\"\u00c0 15 minutes de Cholet, organisez votre s\u00e9minaire dans un ancien corps de ferme r\u00e9nov\u00e9 ! Disposez d'une salle pl\u00e9ni\u00e8re et d'une piscine int\u00e9rieure chauff\u00e9e.\",\"breadcrumb\":{\"@id\":\"https:\/\/www.osezmauges.fr\/evenements-pro\/organiser-son-evenement-pro\/salle-seminaire\/salle-de-seminaire-la-petite-felixiere\/#breadcrumb\"},\"inLanguage\":\"fr-FR\",\"potentialAction\":[{\"@type\":\"ReadAction\",\"target\":[\"https:\/\/www.osezmauges.fr\/evenements-pro\/organiser-son-evenement-pro\/salle-seminaire\/salle-de-seminaire-la-petite-felixiere\/\"]}]},{\"@type\":\"ImageObject\",\"inLanguage\":\"fr-FR\",\"@id\":\"https:\/\/www.osezmauges.fr\/evenements-pro\/organiser-son-evenement-pro\/salle-seminaire\/salle-de-seminaire-la-petite-felixiere\/#primaryimage\",\"url\":\"https:\/\/www.osezmauges.fr\/evenements-pro\/wp-content\/uploads\/sites\/2\/2025\/03\/Facade-de-la-grange.jpg\",\"contentUrl\":\"https:\/\/www.osezmauges.fr\/evenements-pro\/wp-content\/uploads\/sites\/2\/2025\/03\/Facade-de-la-grange.jpg\",\"width\":1500,\"height\":1181},{\"@type\":\"BreadcrumbList\",\"@id\":\"https:\/\/www.osezmauges.fr\/evenements-pro\/organiser-son-evenement-pro\/salle-seminaire\/salle-de-seminaire-la-petite-felixiere\/#breadcrumb\",\"itemListElement\":[{\"@type\":\"ListItem\",\"position\":1,\"name\":\"Accueil\",\"item\":\"https:\/\/www.osezmauges.fr\/evenements-pro\/\"},{\"@type\":\"ListItem\",\"position\":2,\"name\":\"Organiser son \u00e9v\u00e9nement d\u2019entreprise\",\"item\":\"https:\/\/www.osezmauges.fr\/evenements-pro\/organiser-son-evenement-pro\/\"},{\"@type\":\"ListItem\",\"position\":3,\"name\":\"Salles de s\u00e9minaire\",\"item\":\"https:\/\/www.osezmauges.fr\/evenements-pro\/organiser-son-evenement-pro\/salle-seminaire\/\"},{\"@type\":\"ListItem\",\"position\":4,\"name\":\"Salles de s\u00e9minaire La Petite F\u00e9lixi\u00e8re\"}]},{\"@type\":\"WebSite\",\"@id\":\"https:\/\/www.osezmauges.fr\/evenements-pro\/#website\",\"url\":\"https:\/\/www.osezmauges.fr\/evenements-pro\/\",\"name\":\"Osez Mauges - Tourisme d&#039;affaire\",\"description\":\"\u00d4sez Mauges\",\"potentialAction\":[{\"@type\":\"SearchAction\",\"target\":{\"@type\":\"EntryPoint\",\"urlTemplate\":\"https:\/\/www.osezmauges.fr\/evenements-pro\/?s={search_term_string}\"},\"query-input\":{\"@type\":\"PropertyValueSpecification\",\"valueRequired\":true,\"valueName\":\"search_term_string\"}}],\"inLanguage\":\"fr-FR\"}]}<\/script>\n<!-- \/ Yoast SEO plugin. -->","yoast_head_json":{"title":"Salles de s\u00e9minaire - La Petite F\u00e9lixi\u00e8re proche Cholet","description":"\u00c0 15 minutes de Cholet, organisez votre s\u00e9minaire dans un ancien corps de ferme r\u00e9nov\u00e9 ! Disposez d'une salle pl\u00e9ni\u00e8re et d'une piscine int\u00e9rieure chauff\u00e9e.","robots":{"index":"index","follow":"follow","max-snippet":"max-snippet:-1","max-image-preview":"max-image-preview:large","max-video-preview":"max-video-preview:-1"},"canonical":"https:\/\/www.osezmauges.fr\/evenements-pro\/organiser-son-evenement-pro\/salle-seminaire\/salle-de-seminaire-la-petite-felixiere\/","og_locale":"fr_FR","og_type":"article","og_title":"Salles de s\u00e9minaire - La Petite F\u00e9lixi\u00e8re proche Cholet","og_description":"\u00c0 15 minutes de Cholet, organisez votre s\u00e9minaire dans un ancien corps de ferme r\u00e9nov\u00e9 ! Disposez d'une salle pl\u00e9ni\u00e8re et d'une piscine int\u00e9rieure chauff\u00e9e.","og_url":"https:\/\/www.osezmauges.fr\/evenements-pro\/organiser-son-evenement-pro\/salle-seminaire\/salle-de-seminaire-la-petite-felixiere\/","og_site_name":"Osez Mauges - Tourisme d&#039;affaire","article_modified_time":"2026-03-27T19:11:39+00:00","og_image":[{"width":1500,"height":1181,"url":"https:\/\/www.osezmauges.fr\/evenements-pro\/wp-content\/uploads\/sites\/2\/2025\/03\/Facade-de-la-grange.jpg","type":"image\/jpeg"}],"twitter_card":"summary_large_image","twitter_misc":{"Dur\u00e9e de lecture estim\u00e9e":"2 minutes"},"schema":{"@context":"https:\/\/schema.org","@graph":[{"@type":"WebPage","@id":"https:\/\/www.osezmauges.fr\/evenements-pro\/organiser-son-evenement-pro\/salle-seminaire\/salle-de-seminaire-la-petite-felixiere\/","url":"https:\/\/www.osezmauges.fr\/evenements-pro\/organiser-son-evenement-pro\/salle-seminaire\/salle-de-seminaire-la-petite-felixiere\/","name":"Salles de s\u00e9minaire - La Petite F\u00e9lixi\u00e8re proche Cholet","isPartOf":{"@id":"https:\/\/www.osezmauges.fr\/evenements-pro\/#website"},"primaryImageOfPage":{"@id":"https:\/\/www.osezmauges.fr\/evenements-pro\/organiser-son-evenement-pro\/salle-seminaire\/salle-de-seminaire-la-petite-felixiere\/#primaryimage"},"image":{"@id":"https:\/\/www.osezmauges.fr\/evenements-pro\/organiser-son-evenement-pro\/salle-seminaire\/salle-de-seminaire-la-petite-felixiere\/#primaryimage"},"thumbnailUrl":"https:\/\/www.osezmauges.fr\/evenements-pro\/wp-content\/uploads\/sites\/2\/2025\/03\/Facade-de-la-grange.jpg","datePublished":"2026-03-27T19:11:25+00:00","dateModified":"2026-03-27T19:11:39+00:00","description":"\u00c0 15 minutes de Cholet, organisez votre s\u00e9minaire dans un ancien corps de ferme r\u00e9nov\u00e9 ! Disposez d'une salle pl\u00e9ni\u00e8re et d'une piscine int\u00e9rieure chauff\u00e9e.","breadcrumb":{"@id":"https:\/\/www.osezmauges.fr\/evenements-pro\/organiser-son-evenement-pro\/salle-seminaire\/salle-de-seminaire-la-petite-felixiere\/#breadcrumb"},"inLanguage":"fr-FR","potentialAction":[{"@type":"ReadAction","target":["https:\/\/www.osezmauges.fr\/evenements-pro\/organiser-son-evenement-pro\/salle-seminaire\/salle-de-seminaire-la-petite-felixiere\/"]}]},{"@type":"ImageObject","inLanguage":"fr-FR","@id":"https:\/\/www.osezmauges.fr\/evenements-pro\/organiser-son-evenement-pro\/salle-seminaire\/salle-de-seminaire-la-petite-felixiere\/#primaryimage","url":"https:\/\/www.osezmauges.fr\/evenements-pro\/wp-content\/uploads\/sites\/2\/2025\/03\/Facade-de-la-grange.jpg","contentUrl":"https:\/\/www.osezmauges.fr\/evenements-pro\/wp-content\/uploads\/sites\/2\/2025\/03\/Facade-de-la-grange.jpg","width":1500,"height":1181},{"@type":"BreadcrumbList","@id":"https:\/\/www.osezmauges.fr\/evenements-pro\/organiser-son-evenement-pro\/salle-seminaire\/salle-de-seminaire-la-petite-felixiere\/#breadcrumb","itemListElement":[{"@type":"ListItem","position":1,"name":"Accueil","item":"https:\/\/www.osezmauges.fr\/evenements-pro\/"},{"@type":"ListItem","position":2,"name":"Organiser son \u00e9v\u00e9nement d\u2019entreprise","item":"https:\/\/www.osezmauges.fr\/evenements-pro\/organiser-son-evenement-pro\/"},{"@type":"ListItem","position":3,"name":"Salles de s\u00e9minaire","item":"https:\/\/www.osezmauges.fr\/evenements-pro\/organiser-son-evenement-pro\/salle-seminaire\/"},{"@type":"ListItem","position":4,"name":"Salles de s\u00e9minaire La Petite F\u00e9lixi\u00e8re"}]},{"@type":"WebSite","@id":"https:\/\/www.osezmauges.fr\/evenements-pro\/#website","url":"https:\/\/www.osezmauges.fr\/evenements-pro\/","name":"Osez Mauges - Tourisme d&#039;affaire","description":"\u00d4sez Mauges","potentialAction":[{"@type":"SearchAction","target":{"@type":"EntryPoint","urlTemplate":"https:\/\/www.osezmauges.fr\/evenements-pro\/?s={search_term_string}"},"query-input":{"@type":"PropertyValueSpecification","valueRequired":true,"valueName":"search_term_string"}}],"inLanguage":"fr-FR"}]}},"_links":{"self":[{"href":"https:\/\/www.osezmauges.fr\/evenements-pro\/wp-json\/wp\/v2\/pages\/14586","targetHints":{"allow":["GET"]}}],"collection":[{"href":"https:\/\/www.osezmauges.fr\/evenements-pro\/wp-json\/wp\/v2\/pages"}],"about":[{"href":"https:\/\/www.osezmauges.fr\/evenements-pro\/wp-json\/wp\/v2\/types\/page"}],"author":[{"embeddable":true,"href":"https:\/\/www.osezmauges.fr\/evenements-pro\/wp-json\/wp\/v2\/users\/12"}],"replies":[{"embeddable":true,"href":"https:\/\/www.osezmauges.fr\/evenements-pro\/wp-json\/wp\/v2\/comments?post=14586"}],"version-history":[{"count":8,"href":"https:\/\/www.osezmauges.fr\/evenements-pro\/wp-json\/wp\/v2\/pages\/14586\/revisions"}],"predecessor-version":[{"id":18808,"href":"https:\/\/www.osezmauges.fr\/evenements-pro\/wp-json\/wp\/v2\/pages\/14586\/revisions\/18808"}],"up":[{"embeddable":true,"href":"https:\/\/www.osezmauges.fr\/evenements-pro\/wp-json\/wp\/v2\/pages\/40"}],"wp:featuredmedia":[{"embeddable":true,"href":"https:\/\/www.osezmauges.fr\/evenements-pro\/wp-json\/wp\/v2\/media\/14589"}],"wp:attachment":[{"href":"https:\/\/www.osezmauges.fr\/evenements-pro\/wp-json\/wp\/v2\/media?parent=14586"}],"curies":[{"name":"wp","href":"https:\/\/api.w.org\/{rel}","templated":true}]}}