{"id":15,"date":"2021-09-02T17:39:30","date_gmt":"2021-09-02T15:39:30","guid":{"rendered":"https:\/\/www.osezmauges.fr\/tourisme-d-affaires\/les-cadeaux-dentreprises\/"},"modified":"2025-03-31T18:47:15","modified_gmt":"2025-03-31T16:47:15","slug":"cadeaux-entreprises","status":"publish","type":"page","link":"https:\/\/www.osezmauges.fr\/evenements-pro\/cadeaux-entreprises\/","title":{"rendered":"Les cadeaux d&rsquo;entreprises"},"content":{"rendered":"\n<p class=\"is-style-excerpt\">Offrez un cadeau qui vous ressemble \u00e0 vos collaborateurs avec <strong>notre s\u00e9lection de produits Made in Mauges<\/strong>, pour tous les go\u00fbts et tous les budgets. Ch\u00e8ques KD\u00f4Mauges, coffrets gourmands ou escapades entre Angers, Nantes et Cholet, les cadeaux d\u2019entreprise Made in Mauges sont gage de <strong>qualit\u00e9<\/strong> et <strong>d\u2019authenticit\u00e9<\/strong>. <\/p>\n\n\n\n<p class=\"is-style-excerpt\"><strong>Remerciez vos collaborateurs avec des cadeaux uniques aux saveurs des Mauges<\/strong> !<\/p>\n\n\n\n<div class=\"wp-block-buttons is-content-justification-center is-layout-flex wp-block-buttons-is-layout-flex\">\n<div class=\"wp-block-button\"><a class=\"wp-block-button__link\" href=\"https:\/\/v.calameo.com\/?bkcode=00614700173fe43043b0c&amp;mode=viewer&quot; width=&quot;950&quot; height=&quot;500&quot;\" target=\"_blank\" rel=\"noreferrer noopener\">d\u00e9couvrez le manuel des cadeaux d&rsquo;entreprise<\/a><\/div>\n<\/div>\n\n\n\n<hr class=\"wp-block-separator\" \/>\n\n\n\n<div class=\"wp-block wp-block-child-post alignwide clear\">\n    \n<div class=\"entityItem\"      data-trigger=\"wpiris-click\">\n    <p class=\"entityItemThumbnail\">\n        <a href=\"https:\/\/www.osezmauges.fr\/evenements-pro\/cadeaux-entreprises\/cadeaux-entreprise-produits-locaux\/\" nofancybox>\n            <img src=\n            \"https:\/\/www.osezmauges.fr\/evenements-pro\/wp-content\/uploads\/sites\/2\/2024\/09\/coffret-terroir-mauges-anjou-\u00a9J.Bomard-380x430.jpg\" alt=\"Nos id\u00e9es de cadeaux gourmands pour vos salari\u00e9s\">\n        <\/a>\n    <\/p>\n        <div class=\"entityItemContent\">\n        \n        \n        <h2 class=\"entityItemContentTitle\">        <a href=\"https:\/\/www.osezmauges.fr\/evenements-pro\/cadeaux-entreprises\/cadeaux-entreprise-produits-locaux\/\">Nos id\u00e9es de cadeaux gourmands pour vos salari\u00e9s<\/a>\n        <\/h2>\n            <\/div>\n\n    \n    <\/div>\n\n<div class=\"entityItem\"      data-trigger=\"wpiris-click\">\n    <p class=\"entityItemThumbnail\">\n        <a href=\"https:\/\/www.osezmauges.fr\/evenements-pro\/cadeaux-entreprises\/cadeaux-personnalises-entreprise\/\" nofancybox>\n            <img src=\n            \"https:\/\/www.osezmauges.fr\/evenements-pro\/wp-content\/uploads\/sites\/2\/2024\/01\/cadeau-personnalise-entreprise-\u00a9Freepik-380x430.jpg\" alt=\"Un cadeau personnalis\u00e9 pour vos salari\u00e9s !\">\n        <\/a>\n    <\/p>\n        <div class=\"entityItemContent\">\n        \n        \n        <h2 class=\"entityItemContentTitle\">        <a href=\"https:\/\/www.osezmauges.fr\/evenements-pro\/cadeaux-entreprises\/cadeaux-personnalises-entreprise\/\">Un cadeau personnalis\u00e9 pour vos salari\u00e9s !<\/a>\n        <\/h2>\n            <\/div>\n\n    \n    <\/div>\n\n<div class=\"entityItem\"      data-trigger=\"wpiris-click\">\n    <p class=\"entityItemThumbnail\">\n        <a href=\"https:\/\/www.osezmauges.fr\/evenements-pro\/cadeaux-entreprises\/coffret-terroir-mauges\/\" nofancybox>\n            <img src=\n            \"https:\/\/www.osezmauges.fr\/evenements-pro\/wp-content\/uploads\/sites\/2\/2024\/09\/coffret-des-mauges-champtoceaux-oa-\u00a9osezmauges-2-380x430.jpg\" alt=\"Un coffret terroir pour vos salari\u00e9s avec \u00ab\u00a0Mon c\u00d4ffret des Mauges\u00a0\u00bb\">\n        <\/a>\n    <\/p>\n        <div class=\"entityItemContent\">\n        \n        \n        <h2 class=\"entityItemContentTitle\">        <a href=\"https:\/\/www.osezmauges.fr\/evenements-pro\/cadeaux-entreprises\/coffret-terroir-mauges\/\">Un coffret terroir pour vos salari\u00e9s avec \u00ab\u00a0Mon c\u00d4ffret des Mauges\u00a0\u00bb<\/a>\n        <\/h2>\n            <\/div>\n\n    \n    <\/div>\n\n<div class=\"entityItem\"      data-trigger=\"wpiris-click\">\n    <p class=\"entityItemThumbnail\">\n        <a href=\"https:\/\/www.osezmauges.fr\/evenements-pro\/cadeaux-entreprises\/idee-cadeau-entreprise-experience\/\" nofancybox>\n            <img src=\n            \"https:\/\/www.osezmauges.fr\/evenements-pro\/wp-content\/uploads\/sites\/2\/2021\/10\/1-loire-patache-vue-aerienne-oa-champtoceaux-osezmauges-anjou-\u00a9D.Drouet-380x430.jpg\" alt=\"Cadeaux d\u2019entreprise : des exp\u00e9riences authentiques dans les Mauges\">\n        <\/a>\n    <\/p>\n        <div class=\"entityItemContent\">\n        \n        \n        <h2 class=\"entityItemContentTitle\">        <a href=\"https:\/\/www.osezmauges.fr\/evenements-pro\/cadeaux-entreprises\/idee-cadeau-entreprise-experience\/\">Cadeaux d\u2019entreprise : des exp\u00e9riences authentiques dans les Mauges<\/a>\n        <\/h2>\n            <\/div>\n\n    \n    <\/div>\n\n<div class=\"entityItem\"      data-trigger=\"wpiris-click\">\n    <p class=\"entityItemThumbnail\">\n        <a href=\"https:\/\/www.osezmauges.fr\/evenements-pro\/cadeaux-entreprises\/les-cheques-kdomauges\/\" nofancybox>\n            <img src=\n            \"https:\/\/www.osezmauges.fr\/evenements-pro\/wp-content\/uploads\/sites\/2\/2021\/10\/1-cheques-kdo-osezmauges-anjou-\u00a9MB-1-380x430.jpg\" alt=\"4 bonnes raisons d\u2019offrir des ch\u00e8ques KD\u00f4Mauges \u00e0 vos salari\u00e9s\">\n        <\/a>\n    <\/p>\n        <div class=\"entityItemContent\">\n        \n        \n        <h2 class=\"entityItemContentTitle\">        <a href=\"https:\/\/www.osezmauges.fr\/evenements-pro\/cadeaux-entreprises\/les-cheques-kdomauges\/\">4 bonnes raisons d\u2019offrir des ch\u00e8ques KD\u00f4Mauges \u00e0 vos salari\u00e9s<\/a>\n        <\/h2>\n            <\/div>\n\n    \n    <\/div>\n<\/div>","protected":false},"excerpt":{"rendered":"<p>Offrez un cadeau qui vous ressemble \u00e0 vos collaborateurs avec notre s\u00e9lection de produits Made in Mauges, pour tous les go\u00fbts et tous les budgets. Ch\u00e8ques KD\u00f4Mauges, coffrets gourmands ou escapades entre Angers, Nantes et Cholet, les cadeaux d\u2019entreprise Made in Mauges sont gage de qualit\u00e9 et d\u2019authenticit\u00e9. Remerciez vos collaborateurs avec des cadeaux uniques [&hellip;]<\/p>\n","protected":false},"author":1,"featured_media":597,"parent":0,"menu_order":5,"comment_status":"closed","ping_status":"closed","template":"","meta":{"_relevanssi_hide_post":"","_relevanssi_hide_content":"","_relevanssi_pin_for_all":"","_relevanssi_pin_keywords":"","_relevanssi_unpin_keywords":"","_relevanssi_related_keywords":"","_relevanssi_related_include_ids":"","_relevanssi_related_exclude_ids":"","_relevanssi_related_no_append":"","_relevanssi_related_not_related":"","_relevanssi_related_posts":"1","_relevanssi_noindex_reason":"","footnotes":""},"class_list":["post-15","page","type-page","status-publish","has-post-thumbnail","hentry"],"acf":[],"yoast_head":"<!-- This site is optimized with the Yoast SEO plugin v26.9 - https:\/\/yoast.com\/product\/yoast-seo-wordpress\/ -->\n<title>Cadeaux d\u2019entreprise | Nos id\u00e9es cadeaux Made in Mauges<\/title>\n<meta name=\"description\" content=\"Escapade nature, panier garni, activit\u00e9 insolite. Surprenez vos collaborateurs avec des cadeaux d\u2019entreprise authentiques, gourmands et Made in Mauges.\" \/>\n<meta name=\"robots\" content=\"index, follow, max-snippet:-1, max-image-preview:large, max-video-preview:-1\" \/>\n<link rel=\"canonical\" href=\"https:\/\/www.osezmauges.fr\/evenements-pro\/cadeaux-entreprises\/\" \/>\n<meta property=\"og:locale\" content=\"fr_FR\" \/>\n<meta property=\"og:type\" content=\"article\" \/>\n<meta property=\"og:title\" content=\"Cadeaux d\u2019entreprise | Nos id\u00e9es cadeaux Made in Mauges\" \/>\n<meta property=\"og:description\" content=\"Escapade nature, panier garni, activit\u00e9 insolite. Surprenez vos collaborateurs avec des cadeaux d\u2019entreprise authentiques, gourmands et Made in Mauges.\" \/>\n<meta property=\"og:url\" content=\"https:\/\/www.osezmauges.fr\/evenements-pro\/cadeaux-entreprises\/\" \/>\n<meta property=\"og:site_name\" content=\"Osez Mauges - Tourisme d&#039;affaire\" \/>\n<meta property=\"article:modified_time\" content=\"2025-03-31T16:47:15+00:00\" \/>\n<meta property=\"og:image\" content=\"https:\/\/www.osezmauges.fr\/evenements-pro\/wp-content\/uploads\/sites\/2\/2021\/10\/coffret-cadeau-entreprise-famille-mary-miel-1.jpg\" \/>\n\t<meta property=\"og:image:width\" content=\"1498\" \/>\n\t<meta property=\"og:image:height\" content=\"1433\" \/>\n\t<meta property=\"og:image:type\" content=\"image\/jpeg\" \/>\n<meta name=\"twitter:card\" content=\"summary_large_image\" \/>\n<meta name=\"twitter:label1\" content=\"Dur\u00e9e de lecture estim\u00e9e\" \/>\n\t<meta name=\"twitter:data1\" content=\"1 minute\" \/>\n<script type=\"application\/ld+json\" class=\"yoast-schema-graph\">{\"@context\":\"https:\/\/schema.org\",\"@graph\":[{\"@type\":\"WebPage\",\"@id\":\"https:\/\/www.osezmauges.fr\/evenements-pro\/cadeaux-entreprises\/\",\"url\":\"https:\/\/www.osezmauges.fr\/evenements-pro\/cadeaux-entreprises\/\",\"name\":\"Cadeaux d\u2019entreprise | Nos id\u00e9es cadeaux Made in Mauges\",\"isPartOf\":{\"@id\":\"https:\/\/www.osezmauges.fr\/evenements-pro\/#website\"},\"primaryImageOfPage\":{\"@id\":\"https:\/\/www.osezmauges.fr\/evenements-pro\/cadeaux-entreprises\/#primaryimage\"},\"image\":{\"@id\":\"https:\/\/www.osezmauges.fr\/evenements-pro\/cadeaux-entreprises\/#primaryimage\"},\"thumbnailUrl\":\"https:\/\/www.osezmauges.fr\/evenements-pro\/wp-content\/uploads\/sites\/2\/2021\/10\/coffret-cadeau-entreprise-famille-mary-miel-1.jpg\",\"datePublished\":\"2021-09-02T15:39:30+00:00\",\"dateModified\":\"2025-03-31T16:47:15+00:00\",\"description\":\"Escapade nature, panier garni, activit\u00e9 insolite. Surprenez vos collaborateurs avec des cadeaux d\u2019entreprise authentiques, gourmands et Made in Mauges.\",\"breadcrumb\":{\"@id\":\"https:\/\/www.osezmauges.fr\/evenements-pro\/cadeaux-entreprises\/#breadcrumb\"},\"inLanguage\":\"fr-FR\",\"potentialAction\":[{\"@type\":\"ReadAction\",\"target\":[\"https:\/\/www.osezmauges.fr\/evenements-pro\/cadeaux-entreprises\/\"]}]},{\"@type\":\"ImageObject\",\"inLanguage\":\"fr-FR\",\"@id\":\"https:\/\/www.osezmauges.fr\/evenements-pro\/cadeaux-entreprises\/#primaryimage\",\"url\":\"https:\/\/www.osezmauges.fr\/evenements-pro\/wp-content\/uploads\/sites\/2\/2021\/10\/coffret-cadeau-entreprise-famille-mary-miel-1.jpg\",\"contentUrl\":\"https:\/\/www.osezmauges.fr\/evenements-pro\/wp-content\/uploads\/sites\/2\/2021\/10\/coffret-cadeau-entreprise-famille-mary-miel-1.jpg\",\"width\":1498,\"height\":1433},{\"@type\":\"BreadcrumbList\",\"@id\":\"https:\/\/www.osezmauges.fr\/evenements-pro\/cadeaux-entreprises\/#breadcrumb\",\"itemListElement\":[{\"@type\":\"ListItem\",\"position\":1,\"name\":\"Accueil\",\"item\":\"https:\/\/www.osezmauges.fr\/evenements-pro\/\"},{\"@type\":\"ListItem\",\"position\":2,\"name\":\"Les cadeaux d&rsquo;entreprises\"}]},{\"@type\":\"WebSite\",\"@id\":\"https:\/\/www.osezmauges.fr\/evenements-pro\/#website\",\"url\":\"https:\/\/www.osezmauges.fr\/evenements-pro\/\",\"name\":\"Osez Mauges - Tourisme d&#039;affaire\",\"description\":\"\u00d4sez Mauges\",\"potentialAction\":[{\"@type\":\"SearchAction\",\"target\":{\"@type\":\"EntryPoint\",\"urlTemplate\":\"https:\/\/www.osezmauges.fr\/evenements-pro\/?s={search_term_string}\"},\"query-input\":{\"@type\":\"PropertyValueSpecification\",\"valueRequired\":true,\"valueName\":\"search_term_string\"}}],\"inLanguage\":\"fr-FR\"}]}<\/script>\n<!-- \/ Yoast SEO plugin. -->","yoast_head_json":{"title":"Cadeaux d\u2019entreprise | Nos id\u00e9es cadeaux Made in Mauges","description":"Escapade nature, panier garni, activit\u00e9 insolite. Surprenez vos collaborateurs avec des cadeaux d\u2019entreprise authentiques, gourmands et Made in Mauges.","robots":{"index":"index","follow":"follow","max-snippet":"max-snippet:-1","max-image-preview":"max-image-preview:large","max-video-preview":"max-video-preview:-1"},"canonical":"https:\/\/www.osezmauges.fr\/evenements-pro\/cadeaux-entreprises\/","og_locale":"fr_FR","og_type":"article","og_title":"Cadeaux d\u2019entreprise | Nos id\u00e9es cadeaux Made in Mauges","og_description":"Escapade nature, panier garni, activit\u00e9 insolite. Surprenez vos collaborateurs avec des cadeaux d\u2019entreprise authentiques, gourmands et Made in Mauges.","og_url":"https:\/\/www.osezmauges.fr\/evenements-pro\/cadeaux-entreprises\/","og_site_name":"Osez Mauges - Tourisme d&#039;affaire","article_modified_time":"2025-03-31T16:47:15+00:00","og_image":[{"width":1498,"height":1433,"url":"https:\/\/www.osezmauges.fr\/evenements-pro\/wp-content\/uploads\/sites\/2\/2021\/10\/coffret-cadeau-entreprise-famille-mary-miel-1.jpg","type":"image\/jpeg"}],"twitter_card":"summary_large_image","twitter_misc":{"Dur\u00e9e de lecture estim\u00e9e":"1 minute"},"schema":{"@context":"https:\/\/schema.org","@graph":[{"@type":"WebPage","@id":"https:\/\/www.osezmauges.fr\/evenements-pro\/cadeaux-entreprises\/","url":"https:\/\/www.osezmauges.fr\/evenements-pro\/cadeaux-entreprises\/","name":"Cadeaux d\u2019entreprise | Nos id\u00e9es cadeaux Made in Mauges","isPartOf":{"@id":"https:\/\/www.osezmauges.fr\/evenements-pro\/#website"},"primaryImageOfPage":{"@id":"https:\/\/www.osezmauges.fr\/evenements-pro\/cadeaux-entreprises\/#primaryimage"},"image":{"@id":"https:\/\/www.osezmauges.fr\/evenements-pro\/cadeaux-entreprises\/#primaryimage"},"thumbnailUrl":"https:\/\/www.osezmauges.fr\/evenements-pro\/wp-content\/uploads\/sites\/2\/2021\/10\/coffret-cadeau-entreprise-famille-mary-miel-1.jpg","datePublished":"2021-09-02T15:39:30+00:00","dateModified":"2025-03-31T16:47:15+00:00","description":"Escapade nature, panier garni, activit\u00e9 insolite. Surprenez vos collaborateurs avec des cadeaux d\u2019entreprise authentiques, gourmands et Made in Mauges.","breadcrumb":{"@id":"https:\/\/www.osezmauges.fr\/evenements-pro\/cadeaux-entreprises\/#breadcrumb"},"inLanguage":"fr-FR","potentialAction":[{"@type":"ReadAction","target":["https:\/\/www.osezmauges.fr\/evenements-pro\/cadeaux-entreprises\/"]}]},{"@type":"ImageObject","inLanguage":"fr-FR","@id":"https:\/\/www.osezmauges.fr\/evenements-pro\/cadeaux-entreprises\/#primaryimage","url":"https:\/\/www.osezmauges.fr\/evenements-pro\/wp-content\/uploads\/sites\/2\/2021\/10\/coffret-cadeau-entreprise-famille-mary-miel-1.jpg","contentUrl":"https:\/\/www.osezmauges.fr\/evenements-pro\/wp-content\/uploads\/sites\/2\/2021\/10\/coffret-cadeau-entreprise-famille-mary-miel-1.jpg","width":1498,"height":1433},{"@type":"BreadcrumbList","@id":"https:\/\/www.osezmauges.fr\/evenements-pro\/cadeaux-entreprises\/#breadcrumb","itemListElement":[{"@type":"ListItem","position":1,"name":"Accueil","item":"https:\/\/www.osezmauges.fr\/evenements-pro\/"},{"@type":"ListItem","position":2,"name":"Les cadeaux d&rsquo;entreprises"}]},{"@type":"WebSite","@id":"https:\/\/www.osezmauges.fr\/evenements-pro\/#website","url":"https:\/\/www.osezmauges.fr\/evenements-pro\/","name":"Osez Mauges - Tourisme d&#039;affaire","description":"\u00d4sez Mauges","potentialAction":[{"@type":"SearchAction","target":{"@type":"EntryPoint","urlTemplate":"https:\/\/www.osezmauges.fr\/evenements-pro\/?s={search_term_string}"},"query-input":{"@type":"PropertyValueSpecification","valueRequired":true,"valueName":"search_term_string"}}],"inLanguage":"fr-FR"}]}},"_links":{"self":[{"href":"https:\/\/www.osezmauges.fr\/evenements-pro\/wp-json\/wp\/v2\/pages\/15","targetHints":{"allow":["GET"]}}],"collection":[{"href":"https:\/\/www.osezmauges.fr\/evenements-pro\/wp-json\/wp\/v2\/pages"}],"about":[{"href":"https:\/\/www.osezmauges.fr\/evenements-pro\/wp-json\/wp\/v2\/types\/page"}],"author":[{"embeddable":true,"href":"https:\/\/www.osezmauges.fr\/evenements-pro\/wp-json\/wp\/v2\/users\/1"}],"replies":[{"embeddable":true,"href":"https:\/\/www.osezmauges.fr\/evenements-pro\/wp-json\/wp\/v2\/comments?post=15"}],"version-history":[{"count":19,"href":"https:\/\/www.osezmauges.fr\/evenements-pro\/wp-json\/wp\/v2\/pages\/15\/revisions"}],"predecessor-version":[{"id":14780,"href":"https:\/\/www.osezmauges.fr\/evenements-pro\/wp-json\/wp\/v2\/pages\/15\/revisions\/14780"}],"wp:featuredmedia":[{"embeddable":true,"href":"https:\/\/www.osezmauges.fr\/evenements-pro\/wp-json\/wp\/v2\/media\/597"}],"wp:attachment":[{"href":"https:\/\/www.osezmauges.fr\/evenements-pro\/wp-json\/wp\/v2\/media?parent=15"}],"curies":[{"name":"wp","href":"https:\/\/api.w.org\/{rel}","templated":true}]}}