{"id":15384,"date":"2025-04-27T12:26:17","date_gmt":"2025-04-27T10:26:17","guid":{"rendered":"https:\/\/www.osezmauges.fr\/evenements-pro\/?page_id=15384"},"modified":"2025-04-27T12:26:17","modified_gmt":"2025-04-27T10:26:17","slug":"le-st-sauveur","status":"publish","type":"page","link":"https:\/\/www.osezmauges.fr\/evenements-pro\/organiser-son-evenement-pro\/traiteur-evenement-entreprise\/le-st-sauveur\/","title":{"rendered":"Le St Sauveur"},"content":{"rendered":"\n<div class=\"wp-block-columns is-layout-flex wp-container-core-columns-is-layout-9d6595d7 wp-block-columns-is-layout-flex\">\n<div class=\"wp-block-column is-layout-flow wp-block-column-is-layout-flow\">\n<p class=\"is-style-excerpt\">Au nord-ouest des Mauges (\u00e0 proximit\u00e9 de Nantes), le St Sauveur propose une cuisine traditionnelle et artisanale adapt\u00e9e \u00e0 vos  \u00e9v\u00e9nements. Envie d&rsquo;un repas festif th\u00e9matis\u00e9 ? Faites appel \u00e0 Laurent pour la r\u00e9alisation de vos mets ou la pr\u00e9paration d&rsquo;un m\u00e9choui r\u00f4ti sur broche. Cuisine en direct, spectacle garanti !<\/p>\n<\/div>\n\n\n\n<div class=\"wp-block-column is-layout-flow wp-block-column-is-layout-flow\"><div class=\"wp-block wp-block-highlight\">\n                <p class=\"wp-block-highlight-item wp-block-highlight-excerpt\">3 chemin de l&rsquo;Illette<br>Saint-Sauveur-de-Landemont<br>49270 OR\u00c9E D&rsquo;ANJOU<br><br>Votre contact : Laurent MENARD<br>06 08 13 14 33<br>laurent.menard049@gmail.com<br><a href=\"https:\/\/www.lestsauveur.ovh\/\" target=\"_blank\" rel=\"noreferrer noopener\">Site web<\/a><\/p>\n    <\/div><\/div>\n<\/div>\n\n\n\n<figure class=\"wp-block-gallery alignwide columns-2 is-cropped wp-block-gallery-1 is-layout-flex wp-block-gallery-is-layout-flex\"><ul class=\"blocks-gallery-grid\"><li class=\"blocks-gallery-item\"><figure><img width=\"924\" height=\"1000\" data-src=\"https:\/\/www.osezmauges.fr\/evenements-pro\/wp-content\/uploads\/sites\/2\/2025\/04\/St-Sauveur-2-1.png\" alt=\"\" data-id=\"15385\" data-full-url=\"https:\/\/www.osezmauges.fr\/evenements-pro\/wp-content\/uploads\/sites\/2\/2025\/04\/St-Sauveur-2-1.png\" data-link=\"https:\/\/www.osezmauges.fr\/evenements-pro\/st-sauveur-2-1\/\" class=\"wp-image-15385\" srcset=\"https:\/\/www.osezmauges.fr\/evenements-pro\/wp-content\/uploads\/sites\/2\/2025\/04\/St-Sauveur-2-1.png 924w, https:\/\/www.osezmauges.fr\/evenements-pro\/wp-content\/uploads\/sites\/2\/2025\/04\/St-Sauveur-2-1-554x600.png 554w, https:\/\/www.osezmauges.fr\/evenements-pro\/wp-content\/uploads\/sites\/2\/2025\/04\/St-Sauveur-2-1-300x325.png 300w, https:\/\/www.osezmauges.fr\/evenements-pro\/wp-content\/uploads\/sites\/2\/2025\/04\/St-Sauveur-2-1-832x900.png 832w, https:\/\/www.osezmauges.fr\/evenements-pro\/wp-content\/uploads\/sites\/2\/2025\/04\/St-Sauveur-2-1-650x703.png 650w\" sizes=\"(max-width: 924px) 100vw, 924px\" \/><figcaption class=\"blocks-gallery-item__caption\">\u00a9 Le St Sauveur<\/figcaption><\/figure><\/li><li class=\"blocks-gallery-item\"><figure><img width=\"1000\" height=\"763\" data-src=\"https:\/\/www.osezmauges.fr\/evenements-pro\/wp-content\/uploads\/sites\/2\/2025\/04\/St-Sauveur-3.png\" alt=\"\" data-id=\"15386\" data-full-url=\"https:\/\/www.osezmauges.fr\/evenements-pro\/wp-content\/uploads\/sites\/2\/2025\/04\/St-Sauveur-3.png\" data-link=\"https:\/\/www.osezmauges.fr\/evenements-pro\/st-sauveur-3\/\" class=\"wp-image-15386\" srcset=\"https:\/\/www.osezmauges.fr\/evenements-pro\/wp-content\/uploads\/sites\/2\/2025\/04\/St-Sauveur-3.png 1000w, https:\/\/www.osezmauges.fr\/evenements-pro\/wp-content\/uploads\/sites\/2\/2025\/04\/St-Sauveur-3-600x458.png 600w, https:\/\/www.osezmauges.fr\/evenements-pro\/wp-content\/uploads\/sites\/2\/2025\/04\/St-Sauveur-3-300x229.png 300w, https:\/\/www.osezmauges.fr\/evenements-pro\/wp-content\/uploads\/sites\/2\/2025\/04\/St-Sauveur-3-900x687.png 900w, https:\/\/www.osezmauges.fr\/evenements-pro\/wp-content\/uploads\/sites\/2\/2025\/04\/St-Sauveur-3-650x496.png 650w\" sizes=\"(max-width: 1000px) 100vw, 1000px\" \/><figcaption class=\"blocks-gallery-item__caption\">\u00a9 Le St Sauveur<\/figcaption><\/figure><\/li><\/ul><\/figure>\n\n\n\n<h2 class=\"wp-block-heading\">Pourquoi les choisir ?<\/h2>\n\n\n\n<ul class=\"wp-block-list\"><li>Une cuisine gourmande r\u00e9alis\u00e9e par un chef professionnel passionn\u00e9<\/li><li>Des repas concoct\u00e9s selon la th\u00e9matique de votre \u00e9v\u00e9nement<\/li><li>La possibilit\u00e9 d&rsquo;opter pour un m\u00e9choui afin de miser sur la convivialit\u00e9 et le spectacle + restaurer un tr\u00e8s grand nombre de convives<\/li><\/ul>\n\n\n\n<h3 class=\"wp-block-heading\">Prestations :<\/h3>\n\n\n\n<ul class=\"wp-block-list\"><li>Cocktails d\u00e9jeunatoires et d\u00eenatoires<\/li><li>Repas d&rsquo;affaires, champ\u00eatres ou traditionnels<\/li><li>Repas festifs \u00e0 th\u00e8me : cochon ou agneau \u00e0 la broche, m\u00e9choui<\/li><\/ul>\n","protected":false},"excerpt":{"rendered":"<p>Au nord-ouest des Mauges (\u00e0 proximit\u00e9 de Nantes), le St Sauveur propose une cuisine traditionnelle et artisanale adapt\u00e9e \u00e0 vos \u00e9v\u00e9nements. Envie d&rsquo;un repas festif th\u00e9matis\u00e9 ? Faites appel \u00e0 Laurent pour la r\u00e9alisation de vos mets ou la pr\u00e9paration d&rsquo;un m\u00e9choui r\u00f4ti sur broche. Cuisine en direct, spectacle garanti ! Pourquoi les choisir ? [&hellip;]<\/p>\n","protected":false},"author":12,"featured_media":15388,"parent":42,"menu_order":4,"comment_status":"closed","ping_status":"closed","template":"","meta":{"_relevanssi_hide_post":"","_relevanssi_hide_content":"","_relevanssi_pin_for_all":"","_relevanssi_pin_keywords":"","_relevanssi_unpin_keywords":"","_relevanssi_related_keywords":"","_relevanssi_related_include_ids":"","_relevanssi_related_exclude_ids":"","_relevanssi_related_no_append":"","_relevanssi_related_not_related":"","_relevanssi_related_posts":"11525,10489,7053,7875,14069,11405","_relevanssi_noindex_reason":"","footnotes":""},"class_list":["post-15384","page","type-page","status-publish","has-post-thumbnail","hentry"],"acf":[],"yoast_head":"<!-- This site is optimized with the Yoast SEO plugin v26.9 - https:\/\/yoast.com\/product\/yoast-seo-wordpress\/ -->\n<title>Traiteur Le St Sauveur - Maine-et-Loire<\/title>\n<meta name=\"description\" content=\"Proche de Nantes, le St Sauveur propose une cuisine traditionnelle et artisanale pour vos \u00e9v\u00e9nements. Envie de surprendre ? Tablez sur le m\u00e9choui !\" \/>\n<meta name=\"robots\" content=\"index, follow, max-snippet:-1, max-image-preview:large, max-video-preview:-1\" \/>\n<link rel=\"canonical\" href=\"https:\/\/www.osezmauges.fr\/evenements-pro\/organiser-son-evenement-pro\/traiteur-evenement-entreprise\/le-st-sauveur\/\" \/>\n<meta property=\"og:locale\" content=\"fr_FR\" \/>\n<meta property=\"og:type\" content=\"article\" \/>\n<meta property=\"og:title\" content=\"Traiteur Le St Sauveur - Maine-et-Loire\" \/>\n<meta property=\"og:description\" content=\"Proche de Nantes, le St Sauveur propose une cuisine traditionnelle et artisanale pour vos \u00e9v\u00e9nements. Envie de surprendre ? Tablez sur le m\u00e9choui !\" \/>\n<meta property=\"og:url\" content=\"https:\/\/www.osezmauges.fr\/evenements-pro\/organiser-son-evenement-pro\/traiteur-evenement-entreprise\/le-st-sauveur\/\" \/>\n<meta property=\"og:site_name\" content=\"Osez Mauges - Tourisme d&#039;affaire\" \/>\n<meta property=\"og:image\" content=\"https:\/\/www.osezmauges.fr\/evenements-pro\/wp-content\/uploads\/sites\/2\/2025\/04\/St-Sauveur-4-1.jpg\" \/>\n\t<meta property=\"og:image:width\" content=\"1500\" \/>\n\t<meta property=\"og:image:height\" content=\"726\" \/>\n\t<meta property=\"og:image:type\" content=\"image\/jpeg\" \/>\n<meta name=\"twitter:card\" content=\"summary_large_image\" \/>\n<meta name=\"twitter:label1\" content=\"Dur\u00e9e de lecture estim\u00e9e\" \/>\n\t<meta name=\"twitter:data1\" content=\"2 minutes\" \/>\n<script type=\"application\/ld+json\" class=\"yoast-schema-graph\">{\"@context\":\"https:\/\/schema.org\",\"@graph\":[{\"@type\":\"WebPage\",\"@id\":\"https:\/\/www.osezmauges.fr\/evenements-pro\/organiser-son-evenement-pro\/traiteur-evenement-entreprise\/le-st-sauveur\/\",\"url\":\"https:\/\/www.osezmauges.fr\/evenements-pro\/organiser-son-evenement-pro\/traiteur-evenement-entreprise\/le-st-sauveur\/\",\"name\":\"Traiteur Le St Sauveur - Maine-et-Loire\",\"isPartOf\":{\"@id\":\"https:\/\/www.osezmauges.fr\/evenements-pro\/#website\"},\"primaryImageOfPage\":{\"@id\":\"https:\/\/www.osezmauges.fr\/evenements-pro\/organiser-son-evenement-pro\/traiteur-evenement-entreprise\/le-st-sauveur\/#primaryimage\"},\"image\":{\"@id\":\"https:\/\/www.osezmauges.fr\/evenements-pro\/organiser-son-evenement-pro\/traiteur-evenement-entreprise\/le-st-sauveur\/#primaryimage\"},\"thumbnailUrl\":\"https:\/\/www.osezmauges.fr\/evenements-pro\/wp-content\/uploads\/sites\/2\/2025\/04\/St-Sauveur-4-1.jpg\",\"datePublished\":\"2025-04-27T10:26:17+00:00\",\"description\":\"Proche de Nantes, le St Sauveur propose une cuisine traditionnelle et artisanale pour vos \u00e9v\u00e9nements. Envie de surprendre ? Tablez sur le m\u00e9choui !\",\"breadcrumb\":{\"@id\":\"https:\/\/www.osezmauges.fr\/evenements-pro\/organiser-son-evenement-pro\/traiteur-evenement-entreprise\/le-st-sauveur\/#breadcrumb\"},\"inLanguage\":\"fr-FR\",\"potentialAction\":[{\"@type\":\"ReadAction\",\"target\":[\"https:\/\/www.osezmauges.fr\/evenements-pro\/organiser-son-evenement-pro\/traiteur-evenement-entreprise\/le-st-sauveur\/\"]}]},{\"@type\":\"ImageObject\",\"inLanguage\":\"fr-FR\",\"@id\":\"https:\/\/www.osezmauges.fr\/evenements-pro\/organiser-son-evenement-pro\/traiteur-evenement-entreprise\/le-st-sauveur\/#primaryimage\",\"url\":\"https:\/\/www.osezmauges.fr\/evenements-pro\/wp-content\/uploads\/sites\/2\/2025\/04\/St-Sauveur-4-1.jpg\",\"contentUrl\":\"https:\/\/www.osezmauges.fr\/evenements-pro\/wp-content\/uploads\/sites\/2\/2025\/04\/St-Sauveur-4-1.jpg\",\"width\":1500,\"height\":726},{\"@type\":\"BreadcrumbList\",\"@id\":\"https:\/\/www.osezmauges.fr\/evenements-pro\/organiser-son-evenement-pro\/traiteur-evenement-entreprise\/le-st-sauveur\/#breadcrumb\",\"itemListElement\":[{\"@type\":\"ListItem\",\"position\":1,\"name\":\"Accueil\",\"item\":\"https:\/\/www.osezmauges.fr\/evenements-pro\/\"},{\"@type\":\"ListItem\",\"position\":2,\"name\":\"Organiser son \u00e9v\u00e9nement d\u2019entreprise\",\"item\":\"https:\/\/www.osezmauges.fr\/evenements-pro\/organiser-son-evenement-pro\/\"},{\"@type\":\"ListItem\",\"position\":3,\"name\":\"Traiteurs et restaurants\",\"item\":\"https:\/\/www.osezmauges.fr\/evenements-pro\/organiser-son-evenement-pro\/traiteur-evenement-entreprise\/\"},{\"@type\":\"ListItem\",\"position\":4,\"name\":\"Le St Sauveur\"}]},{\"@type\":\"WebSite\",\"@id\":\"https:\/\/www.osezmauges.fr\/evenements-pro\/#website\",\"url\":\"https:\/\/www.osezmauges.fr\/evenements-pro\/\",\"name\":\"Osez Mauges - Tourisme d&#039;affaire\",\"description\":\"\u00d4sez Mauges\",\"potentialAction\":[{\"@type\":\"SearchAction\",\"target\":{\"@type\":\"EntryPoint\",\"urlTemplate\":\"https:\/\/www.osezmauges.fr\/evenements-pro\/?s={search_term_string}\"},\"query-input\":{\"@type\":\"PropertyValueSpecification\",\"valueRequired\":true,\"valueName\":\"search_term_string\"}}],\"inLanguage\":\"fr-FR\"}]}<\/script>\n<!-- \/ Yoast SEO plugin. -->","yoast_head_json":{"title":"Traiteur Le St Sauveur - Maine-et-Loire","description":"Proche de Nantes, le St Sauveur propose une cuisine traditionnelle et artisanale pour vos \u00e9v\u00e9nements. Envie de surprendre ? Tablez sur le m\u00e9choui !","robots":{"index":"index","follow":"follow","max-snippet":"max-snippet:-1","max-image-preview":"max-image-preview:large","max-video-preview":"max-video-preview:-1"},"canonical":"https:\/\/www.osezmauges.fr\/evenements-pro\/organiser-son-evenement-pro\/traiteur-evenement-entreprise\/le-st-sauveur\/","og_locale":"fr_FR","og_type":"article","og_title":"Traiteur Le St Sauveur - Maine-et-Loire","og_description":"Proche de Nantes, le St Sauveur propose une cuisine traditionnelle et artisanale pour vos \u00e9v\u00e9nements. Envie de surprendre ? Tablez sur le m\u00e9choui !","og_url":"https:\/\/www.osezmauges.fr\/evenements-pro\/organiser-son-evenement-pro\/traiteur-evenement-entreprise\/le-st-sauveur\/","og_site_name":"Osez Mauges - Tourisme d&#039;affaire","og_image":[{"width":1500,"height":726,"url":"https:\/\/www.osezmauges.fr\/evenements-pro\/wp-content\/uploads\/sites\/2\/2025\/04\/St-Sauveur-4-1.jpg","type":"image\/jpeg"}],"twitter_card":"summary_large_image","twitter_misc":{"Dur\u00e9e de lecture estim\u00e9e":"2 minutes"},"schema":{"@context":"https:\/\/schema.org","@graph":[{"@type":"WebPage","@id":"https:\/\/www.osezmauges.fr\/evenements-pro\/organiser-son-evenement-pro\/traiteur-evenement-entreprise\/le-st-sauveur\/","url":"https:\/\/www.osezmauges.fr\/evenements-pro\/organiser-son-evenement-pro\/traiteur-evenement-entreprise\/le-st-sauveur\/","name":"Traiteur Le St Sauveur - Maine-et-Loire","isPartOf":{"@id":"https:\/\/www.osezmauges.fr\/evenements-pro\/#website"},"primaryImageOfPage":{"@id":"https:\/\/www.osezmauges.fr\/evenements-pro\/organiser-son-evenement-pro\/traiteur-evenement-entreprise\/le-st-sauveur\/#primaryimage"},"image":{"@id":"https:\/\/www.osezmauges.fr\/evenements-pro\/organiser-son-evenement-pro\/traiteur-evenement-entreprise\/le-st-sauveur\/#primaryimage"},"thumbnailUrl":"https:\/\/www.osezmauges.fr\/evenements-pro\/wp-content\/uploads\/sites\/2\/2025\/04\/St-Sauveur-4-1.jpg","datePublished":"2025-04-27T10:26:17+00:00","description":"Proche de Nantes, le St Sauveur propose une cuisine traditionnelle et artisanale pour vos \u00e9v\u00e9nements. Envie de surprendre ? Tablez sur le m\u00e9choui !","breadcrumb":{"@id":"https:\/\/www.osezmauges.fr\/evenements-pro\/organiser-son-evenement-pro\/traiteur-evenement-entreprise\/le-st-sauveur\/#breadcrumb"},"inLanguage":"fr-FR","potentialAction":[{"@type":"ReadAction","target":["https:\/\/www.osezmauges.fr\/evenements-pro\/organiser-son-evenement-pro\/traiteur-evenement-entreprise\/le-st-sauveur\/"]}]},{"@type":"ImageObject","inLanguage":"fr-FR","@id":"https:\/\/www.osezmauges.fr\/evenements-pro\/organiser-son-evenement-pro\/traiteur-evenement-entreprise\/le-st-sauveur\/#primaryimage","url":"https:\/\/www.osezmauges.fr\/evenements-pro\/wp-content\/uploads\/sites\/2\/2025\/04\/St-Sauveur-4-1.jpg","contentUrl":"https:\/\/www.osezmauges.fr\/evenements-pro\/wp-content\/uploads\/sites\/2\/2025\/04\/St-Sauveur-4-1.jpg","width":1500,"height":726},{"@type":"BreadcrumbList","@id":"https:\/\/www.osezmauges.fr\/evenements-pro\/organiser-son-evenement-pro\/traiteur-evenement-entreprise\/le-st-sauveur\/#breadcrumb","itemListElement":[{"@type":"ListItem","position":1,"name":"Accueil","item":"https:\/\/www.osezmauges.fr\/evenements-pro\/"},{"@type":"ListItem","position":2,"name":"Organiser son \u00e9v\u00e9nement d\u2019entreprise","item":"https:\/\/www.osezmauges.fr\/evenements-pro\/organiser-son-evenement-pro\/"},{"@type":"ListItem","position":3,"name":"Traiteurs et restaurants","item":"https:\/\/www.osezmauges.fr\/evenements-pro\/organiser-son-evenement-pro\/traiteur-evenement-entreprise\/"},{"@type":"ListItem","position":4,"name":"Le St Sauveur"}]},{"@type":"WebSite","@id":"https:\/\/www.osezmauges.fr\/evenements-pro\/#website","url":"https:\/\/www.osezmauges.fr\/evenements-pro\/","name":"Osez Mauges - Tourisme d&#039;affaire","description":"\u00d4sez Mauges","potentialAction":[{"@type":"SearchAction","target":{"@type":"EntryPoint","urlTemplate":"https:\/\/www.osezmauges.fr\/evenements-pro\/?s={search_term_string}"},"query-input":{"@type":"PropertyValueSpecification","valueRequired":true,"valueName":"search_term_string"}}],"inLanguage":"fr-FR"}]}},"_links":{"self":[{"href":"https:\/\/www.osezmauges.fr\/evenements-pro\/wp-json\/wp\/v2\/pages\/15384","targetHints":{"allow":["GET"]}}],"collection":[{"href":"https:\/\/www.osezmauges.fr\/evenements-pro\/wp-json\/wp\/v2\/pages"}],"about":[{"href":"https:\/\/www.osezmauges.fr\/evenements-pro\/wp-json\/wp\/v2\/types\/page"}],"author":[{"embeddable":true,"href":"https:\/\/www.osezmauges.fr\/evenements-pro\/wp-json\/wp\/v2\/users\/12"}],"replies":[{"embeddable":true,"href":"https:\/\/www.osezmauges.fr\/evenements-pro\/wp-json\/wp\/v2\/comments?post=15384"}],"version-history":[{"count":3,"href":"https:\/\/www.osezmauges.fr\/evenements-pro\/wp-json\/wp\/v2\/pages\/15384\/revisions"}],"predecessor-version":[{"id":15391,"href":"https:\/\/www.osezmauges.fr\/evenements-pro\/wp-json\/wp\/v2\/pages\/15384\/revisions\/15391"}],"up":[{"embeddable":true,"href":"https:\/\/www.osezmauges.fr\/evenements-pro\/wp-json\/wp\/v2\/pages\/42"}],"wp:featuredmedia":[{"embeddable":true,"href":"https:\/\/www.osezmauges.fr\/evenements-pro\/wp-json\/wp\/v2\/media\/15388"}],"wp:attachment":[{"href":"https:\/\/www.osezmauges.fr\/evenements-pro\/wp-json\/wp\/v2\/media?parent=15384"}],"curies":[{"name":"wp","href":"https:\/\/api.w.org\/{rel}","templated":true}]}}