{"id":15760,"date":"2025-06-02T20:40:05","date_gmt":"2025-06-02T18:40:05","guid":{"rendered":"https:\/\/www.osezmauges.fr\/evenements-pro\/?page_id=15760"},"modified":"2025-06-02T20:40:05","modified_gmt":"2025-06-02T18:40:05","slug":"olympiades-et-challenge-100-fun-avec-pierre-evenements","status":"publish","type":"page","link":"https:\/\/www.osezmauges.fr\/evenements-pro\/organiser-son-evenement-pro\/team-building-angers-nantes-cholet\/activites-ludiques\/olympiades-et-challenge-100-fun-avec-pierre-evenements\/","title":{"rendered":"Olympiades et challenge 100% fun avec Pierre \u00c9v\u00e8nements"},"content":{"rendered":"\n<div class=\"wp-block-columns is-layout-flex wp-container-core-columns-is-layout-9d6595d7 wp-block-columns-is-layout-flex\">\n<div class=\"wp-block-column is-layout-flow wp-block-column-is-layout-flow\">\n<p class=\"is-style-excerpt\">Le challenge 100% fun rassemble vos invit\u00e9s autour d&rsquo;une \u00ab\u00a0comp\u00e9tition\u00a0\u00bb fun et conviviale. Choisissez parmi une douzaine d&rsquo;activit\u00e9s. Vos propres challenges peuvent aussi \u00eatre imagin\u00e9s sur mesure. <\/p>\n\n\n\n<p class=\"is-style-excerpt\">Pierre \u00c9v\u00e9nements propose de nombreuses autres animations : Laser-game itin\u00e9rant, Garden Party avec bras\u00e9ro, fabrication de baby-foot en carton, animations immersives, animations de repas\/cocktails, soir\u00e9es \u00e0 th\u00e8me, propositions d&rsquo;artistes : magiciens, groupes de musique,&#8230;<\/p>\n<\/div>\n\n\n\n<div class=\"wp-block-column is-layout-flow wp-block-column-is-layout-flow\"><div class=\"wp-block wp-block-highlight\">\n                <p class=\"wp-block-highlight-item wp-block-highlight-excerpt\">Chemill\u00e9<br>49120 CHEMILL\u00c9-EN-ANJOU<br><br>Votre contact : Joffrey REULIER<br>07 60 56 22 85<br>contact@pierre-evenements.fr<br><a href=\"https:\/\/www.pierre-evenements.fr\/\" target=\"_blank\" rel=\"noreferrer noopener\">Site web<\/a><\/p>\n    <\/div><\/div>\n<\/div>\n\n\n\n<h2 class=\"wp-block-heading\">Pourquoi les choisir ?<\/h2>\n\n\n\n<ul class=\"wp-block-list\"><li>De multiples activit\u00e9s pour r\u00e9jouir vos collaborateurs en petit ou grand comit\u00e9<\/li><li>La possibilit\u00e9 d&rsquo;une prise en main compl\u00e8te de l&rsquo;\u00e9v\u00e9nement : cocktail, repas, animations, artistes&#8230;<\/li><li>La concr\u00e9tisation sur-mesure de VOS id\u00e9es de challenge<\/li><\/ul>\n\n\n\n<figure class=\"wp-block-gallery alignwide columns-2 is-cropped wp-block-gallery-1 is-layout-flex wp-block-gallery-is-layout-flex\"><ul class=\"blocks-gallery-grid\"><li class=\"blocks-gallery-item\"><figure><img width=\"1200\" height=\"900\" data-src=\"https:\/\/www.osezmauges.fr\/evenements-pro\/wp-content\/uploads\/sites\/2\/2025\/06\/PE-2.jpg\" alt=\"\" data-id=\"15761\" data-full-url=\"https:\/\/www.osezmauges.fr\/evenements-pro\/wp-content\/uploads\/sites\/2\/2025\/06\/PE-2.jpg\" data-link=\"https:\/\/www.osezmauges.fr\/evenements-pro\/pe-2\/\" class=\"wp-image-15761\" srcset=\"https:\/\/www.osezmauges.fr\/evenements-pro\/wp-content\/uploads\/sites\/2\/2025\/06\/PE-2.jpg 1200w, https:\/\/www.osezmauges.fr\/evenements-pro\/wp-content\/uploads\/sites\/2\/2025\/06\/PE-2-600x450.jpg 600w, https:\/\/www.osezmauges.fr\/evenements-pro\/wp-content\/uploads\/sites\/2\/2025\/06\/PE-2-300x225.jpg 300w, https:\/\/www.osezmauges.fr\/evenements-pro\/wp-content\/uploads\/sites\/2\/2025\/06\/PE-2-900x675.jpg 900w, https:\/\/www.osezmauges.fr\/evenements-pro\/wp-content\/uploads\/sites\/2\/2025\/06\/PE-2-650x488.jpg 650w\" sizes=\"(max-width: 1200px) 100vw, 1200px\" \/><\/figure><\/li><li class=\"blocks-gallery-item\"><figure><img width=\"1179\" height=\"887\" data-src=\"https:\/\/www.osezmauges.fr\/evenements-pro\/wp-content\/uploads\/sites\/2\/2025\/06\/PE.jpg\" alt=\"\" data-id=\"15762\" data-full-url=\"https:\/\/www.osezmauges.fr\/evenements-pro\/wp-content\/uploads\/sites\/2\/2025\/06\/PE.jpg\" data-link=\"https:\/\/www.osezmauges.fr\/evenements-pro\/pe\/\" class=\"wp-image-15762\" srcset=\"https:\/\/www.osezmauges.fr\/evenements-pro\/wp-content\/uploads\/sites\/2\/2025\/06\/PE.jpg 1179w, https:\/\/www.osezmauges.fr\/evenements-pro\/wp-content\/uploads\/sites\/2\/2025\/06\/PE-600x451.jpg 600w, https:\/\/www.osezmauges.fr\/evenements-pro\/wp-content\/uploads\/sites\/2\/2025\/06\/PE-300x226.jpg 300w, https:\/\/www.osezmauges.fr\/evenements-pro\/wp-content\/uploads\/sites\/2\/2025\/06\/PE-900x677.jpg 900w, https:\/\/www.osezmauges.fr\/evenements-pro\/wp-content\/uploads\/sites\/2\/2025\/06\/PE-650x489.jpg 650w\" sizes=\"(max-width: 1179px) 100vw, 1179px\" \/><\/figure><\/li><\/ul><figcaption class=\"blocks-gallery-caption\">Olympiade et bras\u00e9ro \u00a9 Pierre \u00c9v\u00e9nements<\/figcaption><\/figure>\n\n\n\n<h2 class=\"wp-block-heading\">Prestations :<\/h2>\n\n\n\n<ul class=\"wp-block-list\"><li>De 10 \u00e0 250 personnes selon l&rsquo;activit\u00e9<\/li><li>Animations 100% personnalisables (activit\u00e9s, dur\u00e9e, organisation)<\/li><li>Coordination compl\u00e8te de votre \u00e9v\u00e9nement possible<\/li><\/ul>\n\n\n\n<div class=\"wp-block wp-block-related-post clear alignfull\">\n    <div class=\"container\">\n\n        <div class=\"article\">\n\t\t                    <h2 class=\"wp-block-related-post-title\">Salles de s\u00e9minaire \u00e0 proximit\u00e9<\/h2>\n\t\t    \n\t\t            <\/div>\n\n\t                <div class=\"article\">\n        \n            <div class=\"wp-block-related-post-inner\">\n                <div   data-slides-per-view=\"4\">\n                    <div class=\"wp-block-related-post-list wp-block-related-post-list-2\">\n\t\t\t\t\t    \n<div class=\"entityItem\"      data-trigger=\"wpiris-click\">\n    <p class=\"entityItemThumbnail\">\n        <a href=\"https:\/\/www.osezmauges.fr\/evenements-pro\/organiser-son-evenement-pro\/salle-seminaire\/salle-theatre-foirail\/\" nofancybox>\n            <img src=\n            \"https:\/\/www.osezmauges.fr\/evenements-pro\/wp-content\/uploads\/sites\/2\/2021\/10\/1-reunion-theatre-conference-theatre-foirail-chemille-anjou-\u00a9TheatreFoirail-380x430.jpg\" alt=\"Salles de s\u00e9minaire au Th\u00e9\u00e2tre Foirail\">\n        <\/a>\n    <\/p>\n        <div class=\"entityItemContent\">\n        \n        \n        <h3 class=\"entityItemContentTitle\">        <a href=\"https:\/\/www.osezmauges.fr\/evenements-pro\/organiser-son-evenement-pro\/salle-seminaire\/salle-theatre-foirail\/\">Salles de s\u00e9minaire au Th\u00e9\u00e2tre Foirail<\/a>\n        <\/h3>\n            <\/div>\n\n    \n    <\/div>\n\n<div class=\"entityItem\"      data-trigger=\"wpiris-click\">\n    <p class=\"entityItemThumbnail\">\n        <a href=\"https:\/\/www.osezmauges.fr\/evenements-pro\/organiser-son-evenement-pro\/salle-seminaire\/salle-seminaire-chateau-martreil-2\/\" nofancybox>\n            <img src=\n            \"https:\/\/www.osezmauges.fr\/evenements-pro\/wp-content\/uploads\/sites\/2\/2021\/10\/1-chateau-martreil-salle-seminaire-chemille-anjou-\u00a9DDrouet-380x430.jpg\" alt=\"Salles de s\u00e9minaire au Ch\u00e2teau du Martreil\">\n        <\/a>\n    <\/p>\n        <div class=\"entityItemContent\">\n        \n        \n        <h3 class=\"entityItemContentTitle\">        <a href=\"https:\/\/www.osezmauges.fr\/evenements-pro\/organiser-son-evenement-pro\/salle-seminaire\/salle-seminaire-chateau-martreil-2\/\">Salles de s\u00e9minaire au Ch\u00e2teau du Martreil<\/a>\n        <\/h3>\n            <\/div>\n\n    \n    <\/div>\n                    <\/div>\n                <\/div>\n            <\/div>\n\n                    <\/div>\n        \n    <\/div>\n<\/div>","protected":false},"excerpt":{"rendered":"<p>Le challenge 100% fun rassemble vos invit\u00e9s autour d&rsquo;une \u00ab\u00a0comp\u00e9tition\u00a0\u00bb fun et conviviale. Choisissez parmi une douzaine d&rsquo;activit\u00e9s. Vos propres challenges peuvent aussi \u00eatre imagin\u00e9s sur mesure. Pierre \u00c9v\u00e9nements propose de nombreuses autres animations : Laser-game itin\u00e9rant, Garden Party avec bras\u00e9ro, fabrication de baby-foot en carton, animations immersives, animations de repas\/cocktails, soir\u00e9es \u00e0 th\u00e8me, propositions [&hellip;]<\/p>\n","protected":false},"author":12,"featured_media":15763,"parent":12144,"menu_order":0,"comment_status":"closed","ping_status":"closed","template":"","meta":{"_relevanssi_hide_post":"","_relevanssi_hide_content":"","_relevanssi_pin_for_all":"","_relevanssi_pin_keywords":"","_relevanssi_unpin_keywords":"","_relevanssi_related_keywords":"","_relevanssi_related_include_ids":"","_relevanssi_related_exclude_ids":"","_relevanssi_related_no_append":"","_relevanssi_related_not_related":"","_relevanssi_related_posts":"14069,10048,11541,13242,10100,7797","_relevanssi_noindex_reason":"","footnotes":""},"class_list":["post-15760","page","type-page","status-publish","has-post-thumbnail","hentry"],"acf":[],"yoast_head":"<!-- This site is optimized with the Yoast SEO plugin v26.9 - https:\/\/yoast.com\/product\/yoast-seo-wordpress\/ -->\n<title>Olympiades 100% fun avec Pierre \u00c9v\u00e8nements dans le Maine-et-Loire<\/title>\n<meta name=\"description\" content=\"Le challenge 100% fun rassemble vos invit\u00e9s autour d&#039;une &quot;comp\u00e9tition&quot; conviviale. Choisissez parmi une douzaine d&#039;activit\u00e9s ou cr\u00e9ez vos propres \u00e9preuves.\" \/>\n<meta name=\"robots\" content=\"index, follow, max-snippet:-1, max-image-preview:large, max-video-preview:-1\" \/>\n<link rel=\"canonical\" href=\"https:\/\/www.osezmauges.fr\/evenements-pro\/organiser-son-evenement-pro\/team-building-angers-nantes-cholet\/activites-ludiques\/olympiades-et-challenge-100-fun-avec-pierre-evenements\/\" \/>\n<meta property=\"og:locale\" content=\"fr_FR\" \/>\n<meta property=\"og:type\" content=\"article\" \/>\n<meta property=\"og:title\" content=\"Olympiades 100% fun avec Pierre \u00c9v\u00e8nements dans le Maine-et-Loire\" \/>\n<meta property=\"og:description\" content=\"Le challenge 100% fun rassemble vos invit\u00e9s autour d&#039;une &quot;comp\u00e9tition&quot; conviviale. Choisissez parmi une douzaine d&#039;activit\u00e9s ou cr\u00e9ez vos propres \u00e9preuves.\" \/>\n<meta property=\"og:url\" content=\"https:\/\/www.osezmauges.fr\/evenements-pro\/organiser-son-evenement-pro\/team-building-angers-nantes-cholet\/activites-ludiques\/olympiades-et-challenge-100-fun-avec-pierre-evenements\/\" \/>\n<meta property=\"og:site_name\" content=\"Osez Mauges - Tourisme d&#039;affaire\" \/>\n<meta property=\"og:image\" content=\"https:\/\/www.osezmauges.fr\/evenements-pro\/wp-content\/uploads\/sites\/2\/2025\/06\/457099294_494421180008173_3537085234567233962_n.jpg\" \/>\n\t<meta property=\"og:image:width\" content=\"1500\" \/>\n\t<meta property=\"og:image:height\" content=\"1125\" \/>\n\t<meta property=\"og:image:type\" content=\"image\/jpeg\" \/>\n<meta name=\"twitter:card\" content=\"summary_large_image\" \/>\n<meta name=\"twitter:label1\" content=\"Dur\u00e9e de lecture estim\u00e9e\" \/>\n\t<meta name=\"twitter:data1\" content=\"2 minutes\" \/>\n<script type=\"application\/ld+json\" class=\"yoast-schema-graph\">{\"@context\":\"https:\/\/schema.org\",\"@graph\":[{\"@type\":\"WebPage\",\"@id\":\"https:\/\/www.osezmauges.fr\/evenements-pro\/organiser-son-evenement-pro\/team-building-angers-nantes-cholet\/activites-ludiques\/olympiades-et-challenge-100-fun-avec-pierre-evenements\/\",\"url\":\"https:\/\/www.osezmauges.fr\/evenements-pro\/organiser-son-evenement-pro\/team-building-angers-nantes-cholet\/activites-ludiques\/olympiades-et-challenge-100-fun-avec-pierre-evenements\/\",\"name\":\"Olympiades 100% fun avec Pierre \u00c9v\u00e8nements dans le Maine-et-Loire\",\"isPartOf\":{\"@id\":\"https:\/\/www.osezmauges.fr\/evenements-pro\/#website\"},\"primaryImageOfPage\":{\"@id\":\"https:\/\/www.osezmauges.fr\/evenements-pro\/organiser-son-evenement-pro\/team-building-angers-nantes-cholet\/activites-ludiques\/olympiades-et-challenge-100-fun-avec-pierre-evenements\/#primaryimage\"},\"image\":{\"@id\":\"https:\/\/www.osezmauges.fr\/evenements-pro\/organiser-son-evenement-pro\/team-building-angers-nantes-cholet\/activites-ludiques\/olympiades-et-challenge-100-fun-avec-pierre-evenements\/#primaryimage\"},\"thumbnailUrl\":\"https:\/\/www.osezmauges.fr\/evenements-pro\/wp-content\/uploads\/sites\/2\/2025\/06\/457099294_494421180008173_3537085234567233962_n.jpg\",\"datePublished\":\"2025-06-02T18:40:05+00:00\",\"description\":\"Le challenge 100% fun rassemble vos invit\u00e9s autour d'une \\\"comp\u00e9tition\\\" conviviale. Choisissez parmi une douzaine d'activit\u00e9s ou cr\u00e9ez vos propres \u00e9preuves.\",\"breadcrumb\":{\"@id\":\"https:\/\/www.osezmauges.fr\/evenements-pro\/organiser-son-evenement-pro\/team-building-angers-nantes-cholet\/activites-ludiques\/olympiades-et-challenge-100-fun-avec-pierre-evenements\/#breadcrumb\"},\"inLanguage\":\"fr-FR\",\"potentialAction\":[{\"@type\":\"ReadAction\",\"target\":[\"https:\/\/www.osezmauges.fr\/evenements-pro\/organiser-son-evenement-pro\/team-building-angers-nantes-cholet\/activites-ludiques\/olympiades-et-challenge-100-fun-avec-pierre-evenements\/\"]}]},{\"@type\":\"ImageObject\",\"inLanguage\":\"fr-FR\",\"@id\":\"https:\/\/www.osezmauges.fr\/evenements-pro\/organiser-son-evenement-pro\/team-building-angers-nantes-cholet\/activites-ludiques\/olympiades-et-challenge-100-fun-avec-pierre-evenements\/#primaryimage\",\"url\":\"https:\/\/www.osezmauges.fr\/evenements-pro\/wp-content\/uploads\/sites\/2\/2025\/06\/457099294_494421180008173_3537085234567233962_n.jpg\",\"contentUrl\":\"https:\/\/www.osezmauges.fr\/evenements-pro\/wp-content\/uploads\/sites\/2\/2025\/06\/457099294_494421180008173_3537085234567233962_n.jpg\",\"width\":1500,\"height\":1125},{\"@type\":\"BreadcrumbList\",\"@id\":\"https:\/\/www.osezmauges.fr\/evenements-pro\/organiser-son-evenement-pro\/team-building-angers-nantes-cholet\/activites-ludiques\/olympiades-et-challenge-100-fun-avec-pierre-evenements\/#breadcrumb\",\"itemListElement\":[{\"@type\":\"ListItem\",\"position\":1,\"name\":\"Accueil\",\"item\":\"https:\/\/www.osezmauges.fr\/evenements-pro\/\"},{\"@type\":\"ListItem\",\"position\":2,\"name\":\"Organiser son \u00e9v\u00e9nement d\u2019entreprise\",\"item\":\"https:\/\/www.osezmauges.fr\/evenements-pro\/organiser-son-evenement-pro\/\"},{\"@type\":\"ListItem\",\"position\":3,\"name\":\"Team-building et afterwork\",\"item\":\"https:\/\/www.osezmauges.fr\/evenements-pro\/organiser-son-evenement-pro\/team-building-angers-nantes-cholet\/\"},{\"@type\":\"ListItem\",\"position\":4,\"name\":\"Des activit\u00e9s ludiques\",\"item\":\"https:\/\/www.osezmauges.fr\/evenements-pro\/organiser-son-evenement-pro\/team-building-angers-nantes-cholet\/activites-ludiques\/\"},{\"@type\":\"ListItem\",\"position\":5,\"name\":\"Olympiades et challenge 100% fun avec Pierre \u00c9v\u00e8nements\"}]},{\"@type\":\"WebSite\",\"@id\":\"https:\/\/www.osezmauges.fr\/evenements-pro\/#website\",\"url\":\"https:\/\/www.osezmauges.fr\/evenements-pro\/\",\"name\":\"Osez Mauges - Tourisme d&#039;affaire\",\"description\":\"\u00d4sez Mauges\",\"potentialAction\":[{\"@type\":\"SearchAction\",\"target\":{\"@type\":\"EntryPoint\",\"urlTemplate\":\"https:\/\/www.osezmauges.fr\/evenements-pro\/?s={search_term_string}\"},\"query-input\":{\"@type\":\"PropertyValueSpecification\",\"valueRequired\":true,\"valueName\":\"search_term_string\"}}],\"inLanguage\":\"fr-FR\"}]}<\/script>\n<!-- \/ Yoast SEO plugin. -->","yoast_head_json":{"title":"Olympiades 100% fun avec Pierre \u00c9v\u00e8nements dans le Maine-et-Loire","description":"Le challenge 100% fun rassemble vos invit\u00e9s autour d'une \"comp\u00e9tition\" conviviale. Choisissez parmi une douzaine d'activit\u00e9s ou cr\u00e9ez vos propres \u00e9preuves.","robots":{"index":"index","follow":"follow","max-snippet":"max-snippet:-1","max-image-preview":"max-image-preview:large","max-video-preview":"max-video-preview:-1"},"canonical":"https:\/\/www.osezmauges.fr\/evenements-pro\/organiser-son-evenement-pro\/team-building-angers-nantes-cholet\/activites-ludiques\/olympiades-et-challenge-100-fun-avec-pierre-evenements\/","og_locale":"fr_FR","og_type":"article","og_title":"Olympiades 100% fun avec Pierre \u00c9v\u00e8nements dans le Maine-et-Loire","og_description":"Le challenge 100% fun rassemble vos invit\u00e9s autour d'une \"comp\u00e9tition\" conviviale. Choisissez parmi une douzaine d'activit\u00e9s ou cr\u00e9ez vos propres \u00e9preuves.","og_url":"https:\/\/www.osezmauges.fr\/evenements-pro\/organiser-son-evenement-pro\/team-building-angers-nantes-cholet\/activites-ludiques\/olympiades-et-challenge-100-fun-avec-pierre-evenements\/","og_site_name":"Osez Mauges - Tourisme d&#039;affaire","og_image":[{"width":1500,"height":1125,"url":"https:\/\/www.osezmauges.fr\/evenements-pro\/wp-content\/uploads\/sites\/2\/2025\/06\/457099294_494421180008173_3537085234567233962_n.jpg","type":"image\/jpeg"}],"twitter_card":"summary_large_image","twitter_misc":{"Dur\u00e9e de lecture estim\u00e9e":"2 minutes"},"schema":{"@context":"https:\/\/schema.org","@graph":[{"@type":"WebPage","@id":"https:\/\/www.osezmauges.fr\/evenements-pro\/organiser-son-evenement-pro\/team-building-angers-nantes-cholet\/activites-ludiques\/olympiades-et-challenge-100-fun-avec-pierre-evenements\/","url":"https:\/\/www.osezmauges.fr\/evenements-pro\/organiser-son-evenement-pro\/team-building-angers-nantes-cholet\/activites-ludiques\/olympiades-et-challenge-100-fun-avec-pierre-evenements\/","name":"Olympiades 100% fun avec Pierre \u00c9v\u00e8nements dans le Maine-et-Loire","isPartOf":{"@id":"https:\/\/www.osezmauges.fr\/evenements-pro\/#website"},"primaryImageOfPage":{"@id":"https:\/\/www.osezmauges.fr\/evenements-pro\/organiser-son-evenement-pro\/team-building-angers-nantes-cholet\/activites-ludiques\/olympiades-et-challenge-100-fun-avec-pierre-evenements\/#primaryimage"},"image":{"@id":"https:\/\/www.osezmauges.fr\/evenements-pro\/organiser-son-evenement-pro\/team-building-angers-nantes-cholet\/activites-ludiques\/olympiades-et-challenge-100-fun-avec-pierre-evenements\/#primaryimage"},"thumbnailUrl":"https:\/\/www.osezmauges.fr\/evenements-pro\/wp-content\/uploads\/sites\/2\/2025\/06\/457099294_494421180008173_3537085234567233962_n.jpg","datePublished":"2025-06-02T18:40:05+00:00","description":"Le challenge 100% fun rassemble vos invit\u00e9s autour d'une \"comp\u00e9tition\" conviviale. Choisissez parmi une douzaine d'activit\u00e9s ou cr\u00e9ez vos propres \u00e9preuves.","breadcrumb":{"@id":"https:\/\/www.osezmauges.fr\/evenements-pro\/organiser-son-evenement-pro\/team-building-angers-nantes-cholet\/activites-ludiques\/olympiades-et-challenge-100-fun-avec-pierre-evenements\/#breadcrumb"},"inLanguage":"fr-FR","potentialAction":[{"@type":"ReadAction","target":["https:\/\/www.osezmauges.fr\/evenements-pro\/organiser-son-evenement-pro\/team-building-angers-nantes-cholet\/activites-ludiques\/olympiades-et-challenge-100-fun-avec-pierre-evenements\/"]}]},{"@type":"ImageObject","inLanguage":"fr-FR","@id":"https:\/\/www.osezmauges.fr\/evenements-pro\/organiser-son-evenement-pro\/team-building-angers-nantes-cholet\/activites-ludiques\/olympiades-et-challenge-100-fun-avec-pierre-evenements\/#primaryimage","url":"https:\/\/www.osezmauges.fr\/evenements-pro\/wp-content\/uploads\/sites\/2\/2025\/06\/457099294_494421180008173_3537085234567233962_n.jpg","contentUrl":"https:\/\/www.osezmauges.fr\/evenements-pro\/wp-content\/uploads\/sites\/2\/2025\/06\/457099294_494421180008173_3537085234567233962_n.jpg","width":1500,"height":1125},{"@type":"BreadcrumbList","@id":"https:\/\/www.osezmauges.fr\/evenements-pro\/organiser-son-evenement-pro\/team-building-angers-nantes-cholet\/activites-ludiques\/olympiades-et-challenge-100-fun-avec-pierre-evenements\/#breadcrumb","itemListElement":[{"@type":"ListItem","position":1,"name":"Accueil","item":"https:\/\/www.osezmauges.fr\/evenements-pro\/"},{"@type":"ListItem","position":2,"name":"Organiser son \u00e9v\u00e9nement d\u2019entreprise","item":"https:\/\/www.osezmauges.fr\/evenements-pro\/organiser-son-evenement-pro\/"},{"@type":"ListItem","position":3,"name":"Team-building et afterwork","item":"https:\/\/www.osezmauges.fr\/evenements-pro\/organiser-son-evenement-pro\/team-building-angers-nantes-cholet\/"},{"@type":"ListItem","position":4,"name":"Des activit\u00e9s ludiques","item":"https:\/\/www.osezmauges.fr\/evenements-pro\/organiser-son-evenement-pro\/team-building-angers-nantes-cholet\/activites-ludiques\/"},{"@type":"ListItem","position":5,"name":"Olympiades et challenge 100% fun avec Pierre \u00c9v\u00e8nements"}]},{"@type":"WebSite","@id":"https:\/\/www.osezmauges.fr\/evenements-pro\/#website","url":"https:\/\/www.osezmauges.fr\/evenements-pro\/","name":"Osez Mauges - Tourisme d&#039;affaire","description":"\u00d4sez Mauges","potentialAction":[{"@type":"SearchAction","target":{"@type":"EntryPoint","urlTemplate":"https:\/\/www.osezmauges.fr\/evenements-pro\/?s={search_term_string}"},"query-input":{"@type":"PropertyValueSpecification","valueRequired":true,"valueName":"search_term_string"}}],"inLanguage":"fr-FR"}]}},"_links":{"self":[{"href":"https:\/\/www.osezmauges.fr\/evenements-pro\/wp-json\/wp\/v2\/pages\/15760","targetHints":{"allow":["GET"]}}],"collection":[{"href":"https:\/\/www.osezmauges.fr\/evenements-pro\/wp-json\/wp\/v2\/pages"}],"about":[{"href":"https:\/\/www.osezmauges.fr\/evenements-pro\/wp-json\/wp\/v2\/types\/page"}],"author":[{"embeddable":true,"href":"https:\/\/www.osezmauges.fr\/evenements-pro\/wp-json\/wp\/v2\/users\/12"}],"replies":[{"embeddable":true,"href":"https:\/\/www.osezmauges.fr\/evenements-pro\/wp-json\/wp\/v2\/comments?post=15760"}],"version-history":[{"count":5,"href":"https:\/\/www.osezmauges.fr\/evenements-pro\/wp-json\/wp\/v2\/pages\/15760\/revisions"}],"predecessor-version":[{"id":15768,"href":"https:\/\/www.osezmauges.fr\/evenements-pro\/wp-json\/wp\/v2\/pages\/15760\/revisions\/15768"}],"up":[{"embeddable":true,"href":"https:\/\/www.osezmauges.fr\/evenements-pro\/wp-json\/wp\/v2\/pages\/12144"}],"wp:featuredmedia":[{"embeddable":true,"href":"https:\/\/www.osezmauges.fr\/evenements-pro\/wp-json\/wp\/v2\/media\/15763"}],"wp:attachment":[{"href":"https:\/\/www.osezmauges.fr\/evenements-pro\/wp-json\/wp\/v2\/media?parent=15760"}],"curies":[{"name":"wp","href":"https:\/\/api.w.org\/{rel}","templated":true}]}}