{"id":16469,"date":"2025-08-22T19:20:18","date_gmt":"2025-08-22T17:20:18","guid":{"rendered":"https:\/\/www.osezmauges.fr\/evenements-pro\/?page_id=16469"},"modified":"2025-08-22T19:21:50","modified_gmt":"2025-08-22T17:21:50","slug":"location-de-materiel-et-animations-cles-en-main-avec-nooba","status":"publish","type":"page","link":"https:\/\/www.osezmauges.fr\/evenements-pro\/organiser-son-evenement-pro\/location-materiel-evenement-entreprise\/location-de-materiel-et-animations-cles-en-main-avec-nooba\/","title":{"rendered":"Location de mat\u00e9riel et animations cl\u00e9s en main avec Nooba"},"content":{"rendered":"\n<div class=\"wp-block-columns is-layout-flex wp-container-core-columns-is-layout-9d6595d7 wp-block-columns-is-layout-flex\">\n<div class=\"wp-block-column is-layout-flow wp-block-column-is-layout-flow\">\n<p class=\"is-style-excerpt\">Vous organisez un s\u00e9minaire d&rsquo;entreprise ? Faites appel \u00e0 Nooba pour la location de tentes de r\u00e9ception, de jeux, de sonorisation ou de bornes photos&#8230; bref tout ce qu&rsquo;il vous faut pour organiser un \u00e9v\u00e9nement inoubliable !<\/p>\n\n\n\n<p class=\"is-style-excerpt\">Nooba, c&rsquo;est aussi des animations originales et insolites (olympiades, trottinette tout terrain&#8230;) organis\u00e9es et install\u00e9es directement sur le lieu de votre \u00e9v\u00e9nement. <\/p>\n<\/div>\n\n\n\n<div class=\"wp-block-column is-layout-flow wp-block-column-is-layout-flow\"><div class=\"wp-block wp-block-highlight\">\n                <p class=\"wp-block-highlight-item wp-block-highlight-excerpt\">380 rue des Moulins<br>44330 Mouzillon<br><br>Votre contact : Cyril BOURDON<br>06 62 62 29 78<br>hello@nooba.fr<br><a href=\"https:\/\/www.nooba.fr\/\" target=\"_blank\" rel=\"noreferrer noopener\">Site web<\/a> <\/p>\n    <\/div><\/div>\n<\/div>\n\n\n\n<figure class=\"wp-block-gallery alignwide columns-2 is-cropped wp-block-gallery-1 is-layout-flex wp-block-gallery-is-layout-flex\"><ul class=\"blocks-gallery-grid\"><li class=\"blocks-gallery-item\"><figure><img width=\"1200\" height=\"800\" data-src=\"https:\/\/www.osezmauges.fr\/evenements-pro\/wp-content\/uploads\/sites\/2\/2025\/08\/\u252c\u00aeDominique-Drouet-3\u252c\u00aeDominique-Drouet-77440J2A7744-DxO_DeepPRIME-3.jpg\" alt=\"\" data-id=\"16473\" data-full-url=\"https:\/\/www.osezmauges.fr\/evenements-pro\/wp-content\/uploads\/sites\/2\/2025\/08\/\u252c\u00aeDominique-Drouet-3\u252c\u00aeDominique-Drouet-77440J2A7744-DxO_DeepPRIME-3.jpg\" data-link=\"https:\/\/www.osezmauges.fr\/evenements-pro\/%e2%94%acdominique-drouet-3%e2%94%acdominique-drouet-77440j2a7744-dxo_deepprime-3\/\" class=\"wp-image-16473\" srcset=\"https:\/\/www.osezmauges.fr\/evenements-pro\/wp-content\/uploads\/sites\/2\/2025\/08\/\u252c\u00aeDominique-Drouet-3\u252c\u00aeDominique-Drouet-77440J2A7744-DxO_DeepPRIME-3.jpg 1200w, https:\/\/www.osezmauges.fr\/evenements-pro\/wp-content\/uploads\/sites\/2\/2025\/08\/\u252c\u00aeDominique-Drouet-3\u252c\u00aeDominique-Drouet-77440J2A7744-DxO_DeepPRIME-3-600x400.jpg 600w, https:\/\/www.osezmauges.fr\/evenements-pro\/wp-content\/uploads\/sites\/2\/2025\/08\/\u252c\u00aeDominique-Drouet-3\u252c\u00aeDominique-Drouet-77440J2A7744-DxO_DeepPRIME-3-300x200.jpg 300w, https:\/\/www.osezmauges.fr\/evenements-pro\/wp-content\/uploads\/sites\/2\/2025\/08\/\u252c\u00aeDominique-Drouet-3\u252c\u00aeDominique-Drouet-77440J2A7744-DxO_DeepPRIME-3-900x600.jpg 900w, https:\/\/www.osezmauges.fr\/evenements-pro\/wp-content\/uploads\/sites\/2\/2025\/08\/\u252c\u00aeDominique-Drouet-3\u252c\u00aeDominique-Drouet-77440J2A7744-DxO_DeepPRIME-3-650x433.jpg 650w\" sizes=\"(max-width: 1200px) 100vw, 1200px\" \/><figcaption class=\"blocks-gallery-item__caption\">\u00a9 D.Drouet<\/figcaption><\/figure><\/li><li class=\"blocks-gallery-item\"><figure><img width=\"1200\" height=\"1200\" data-src=\"https:\/\/www.osezmauges.fr\/evenements-pro\/wp-content\/uploads\/sites\/2\/2025\/08\/188142170_141875751293835_5776803091261270806_n-1200x1200.jpg\" alt=\"\" data-id=\"16470\" data-full-url=\"https:\/\/www.osezmauges.fr\/evenements-pro\/wp-content\/uploads\/sites\/2\/2025\/08\/188142170_141875751293835_5776803091261270806_n.jpg\" data-link=\"https:\/\/www.osezmauges.fr\/evenements-pro\/188142170_141875751293835_5776803091261270806_n\/\" class=\"wp-image-16470\" srcset=\"https:\/\/www.osezmauges.fr\/evenements-pro\/wp-content\/uploads\/sites\/2\/2025\/08\/188142170_141875751293835_5776803091261270806_n-1200x1200.jpg 1200w, https:\/\/www.osezmauges.fr\/evenements-pro\/wp-content\/uploads\/sites\/2\/2025\/08\/188142170_141875751293835_5776803091261270806_n-600x600.jpg 600w, https:\/\/www.osezmauges.fr\/evenements-pro\/wp-content\/uploads\/sites\/2\/2025\/08\/188142170_141875751293835_5776803091261270806_n-300x300.jpg 300w, https:\/\/www.osezmauges.fr\/evenements-pro\/wp-content\/uploads\/sites\/2\/2025\/08\/188142170_141875751293835_5776803091261270806_n-900x900.jpg 900w, https:\/\/www.osezmauges.fr\/evenements-pro\/wp-content\/uploads\/sites\/2\/2025\/08\/188142170_141875751293835_5776803091261270806_n-650x650.jpg 650w, https:\/\/www.osezmauges.fr\/evenements-pro\/wp-content\/uploads\/sites\/2\/2025\/08\/188142170_141875751293835_5776803091261270806_n-120x120.jpg 120w, https:\/\/www.osezmauges.fr\/evenements-pro\/wp-content\/uploads\/sites\/2\/2025\/08\/188142170_141875751293835_5776803091261270806_n.jpg 1440w\" sizes=\"(max-width: 1200px) 100vw, 1200px\" \/><figcaption class=\"blocks-gallery-item__caption\">\u00a9 Nooba<\/figcaption><\/figure><\/li><\/ul><\/figure>\n\n\n\n<h2 class=\"wp-block-heading\">Pourquoi les choisir ?<\/h2>\n\n\n\n<ul class=\"wp-block-list\"><li>Le prestataire id\u00e9al pour prendre en charge l&rsquo;int\u00e9gralit\u00e9 de votre \u00e9v\u00e9nement de la recherche du lieu, \u00e0 la location de mat\u00e9riel et aux activit\u00e9s adapt\u00e9es sur-mesure<\/li><li>Votre s\u00e9minaire devient 100% personnalisable selon vos ambitions et vos objectifs<\/li><\/ul>\n\n\n\n<figure class=\"wp-block-gallery columns-1 is-cropped wp-block-gallery-2 is-layout-flex wp-block-gallery-is-layout-flex\"><ul class=\"blocks-gallery-grid\"><li class=\"blocks-gallery-item\"><figure><img width=\"1200\" height=\"798\" data-src=\"https:\/\/www.osezmauges.fr\/evenements-pro\/wp-content\/uploads\/sites\/2\/2025\/08\/PHOTO-CARRE-1.jpg\" alt=\"\" data-id=\"16472\" data-full-url=\"https:\/\/www.osezmauges.fr\/evenements-pro\/wp-content\/uploads\/sites\/2\/2025\/08\/PHOTO-CARRE-1.jpg\" data-link=\"https:\/\/www.osezmauges.fr\/evenements-pro\/jenga-group-game-of-physical-skill-with-big-blocks\/\" class=\"wp-image-16472\" srcset=\"https:\/\/www.osezmauges.fr\/evenements-pro\/wp-content\/uploads\/sites\/2\/2025\/08\/PHOTO-CARRE-1.jpg 1200w, https:\/\/www.osezmauges.fr\/evenements-pro\/wp-content\/uploads\/sites\/2\/2025\/08\/PHOTO-CARRE-1-600x399.jpg 600w, https:\/\/www.osezmauges.fr\/evenements-pro\/wp-content\/uploads\/sites\/2\/2025\/08\/PHOTO-CARRE-1-300x200.jpg 300w, https:\/\/www.osezmauges.fr\/evenements-pro\/wp-content\/uploads\/sites\/2\/2025\/08\/PHOTO-CARRE-1-900x599.jpg 900w, https:\/\/www.osezmauges.fr\/evenements-pro\/wp-content\/uploads\/sites\/2\/2025\/08\/PHOTO-CARRE-1-650x432.jpg 650w\" sizes=\"(max-width: 1200px) 100vw, 1200px\" \/><\/figure><\/li><\/ul><\/figure>\n\n\n\n<h2 class=\"wp-block-heading\">Prestations :<\/h2>\n\n\n\n<ul class=\"wp-block-list\"><li>Location de mat\u00e9riel de la tente de r\u00e9ception au photobooth, en passant par les jeux, la sonorisation et le mobilier<\/li><li>Organisation et prise en charge logistique d&rsquo;animations originales et insolites : olympiades, trottinette tout terrain, escape game, r\u00e9alit\u00e9 virtuelle, enqu\u00eate polici\u00e8re&#8230; et des dizaines d&rsquo;autres possibilit\u00e9s<\/li><\/ul>\n\n\n\n<div class=\"wp-block wp-block-related-post clear alignfull\">\n    <div class=\"container\">\n\n        <div class=\"article\">\n\t\t                    <h2 class=\"wp-block-related-post-title\">Les salles de s\u00e9minaire proches de Nantes<\/h2>\n\t\t    \n\t\t            <\/div>\n\n\t                <div class=\"article\">\n        \n            <div class=\"wp-block-related-post-inner\">\n                <div   data-slides-per-view=\"4\">\n                    <div class=\"wp-block-related-post-list wp-block-related-post-list-1\">\n\t\t\t\t\t    \n<div class=\"entityItem\"      data-trigger=\"wpiris-click\">\n    <p class=\"entityItemThumbnail\">\n        <a href=\"https:\/\/www.osezmauges.fr\/evenements-pro\/salle-de-reception\/salle-de-reception-de-la-safranerie\/\" nofancybox>\n            <img src=\n            \"https:\/\/www.osezmauges.fr\/evenements-pro\/wp-content\/uploads\/sites\/2\/wpetourisme\/salle-reception-groupe-nature-famille---5--900x675.jpg\" alt=\"Salle de r\u00e9ception de la Safranerie\">\n        <\/a>\n    <\/p>\n        <div class=\"entityItemContent\">\n                    <div class=\"entityItemContentType\">Location de salle<\/div>\n        \n        \n        <h3 class=\"entityItemContentTitle\">        <a href=\"https:\/\/www.osezmauges.fr\/evenements-pro\/salle-de-reception\/salle-de-reception-de-la-safranerie\/\">Salle de r\u00e9ception de la Safranerie<\/a>\n        <\/h3>\n                    <div class=\"entityItemContentCommune\">Saint-Sauveur-de-Landemont<\/div>\n            <\/div>\n\n    \n    <\/div>\n                    <\/div>\n                <\/div>\n            <\/div>\n\n                    <\/div>\n        \n    <\/div>\n<\/div>","protected":false},"excerpt":{"rendered":"<p>Vous organisez un s\u00e9minaire d&rsquo;entreprise ? Faites appel \u00e0 Nooba pour la location de tentes de r\u00e9ception, de jeux, de sonorisation ou de bornes photos&#8230; bref tout ce qu&rsquo;il vous faut pour organiser un \u00e9v\u00e9nement inoubliable ! Nooba, c&rsquo;est aussi des animations originales et insolites (olympiades, trottinette tout terrain&#8230;) organis\u00e9es et install\u00e9es directement sur le [&hellip;]<\/p>\n","protected":false},"author":12,"featured_media":16474,"parent":48,"menu_order":0,"comment_status":"closed","ping_status":"closed","template":"","meta":{"_relevanssi_hide_post":"","_relevanssi_hide_content":"","_relevanssi_pin_for_all":"","_relevanssi_pin_keywords":"","_relevanssi_unpin_keywords":"","_relevanssi_related_keywords":"","_relevanssi_related_include_ids":"","_relevanssi_related_exclude_ids":"","_relevanssi_related_no_append":"","_relevanssi_related_not_related":"","_relevanssi_related_posts":"10048,15934,14069,12005,6430,11382","_relevanssi_noindex_reason":"","footnotes":""},"class_list":["post-16469","page","type-page","status-publish","has-post-thumbnail","hentry"],"acf":[],"yoast_head":"<!-- This site is optimized with the Yoast SEO plugin v26.9 - https:\/\/yoast.com\/product\/yoast-seo-wordpress\/ -->\n<title>Location de mat\u00e9riel et animations cl\u00e9s en main avec Nooba - \u00d4sez Mauges<\/title>\n<meta name=\"description\" content=\"Vous organisez un s\u00e9minaire d&#039;entreprise ? Faites appel \u00e0 Nooba pour la location de mat\u00e9riel et l&#039;organisation d&#039;activit\u00e9s insolites et originales !\" \/>\n<meta name=\"robots\" content=\"index, follow, max-snippet:-1, max-image-preview:large, max-video-preview:-1\" \/>\n<link rel=\"canonical\" href=\"https:\/\/www.osezmauges.fr\/evenements-pro\/organiser-son-evenement-pro\/location-materiel-evenement-entreprise\/location-de-materiel-et-animations-cles-en-main-avec-nooba\/\" \/>\n<meta property=\"og:locale\" content=\"fr_FR\" \/>\n<meta property=\"og:type\" content=\"article\" \/>\n<meta property=\"og:title\" content=\"Location de mat\u00e9riel et animations cl\u00e9s en main avec Nooba - \u00d4sez Mauges\" \/>\n<meta property=\"og:description\" content=\"Vous organisez un s\u00e9minaire d&#039;entreprise ? Faites appel \u00e0 Nooba pour la location de mat\u00e9riel et l&#039;organisation d&#039;activit\u00e9s insolites et originales !\" \/>\n<meta property=\"og:url\" content=\"https:\/\/www.osezmauges.fr\/evenements-pro\/organiser-son-evenement-pro\/location-materiel-evenement-entreprise\/location-de-materiel-et-animations-cles-en-main-avec-nooba\/\" \/>\n<meta property=\"og:site_name\" content=\"Osez Mauges - Tourisme d&#039;affaire\" \/>\n<meta property=\"article:modified_time\" content=\"2025-08-22T17:21:50+00:00\" \/>\n<meta property=\"og:image\" content=\"https:\/\/www.osezmauges.fr\/evenements-pro\/wp-content\/uploads\/sites\/2\/2025\/08\/1-60270ddf.jpg\" \/>\n\t<meta property=\"og:image:width\" content=\"1200\" \/>\n\t<meta property=\"og:image:height\" content=\"800\" \/>\n\t<meta property=\"og:image:type\" content=\"image\/jpeg\" \/>\n<meta name=\"twitter:card\" content=\"summary_large_image\" \/>\n<meta name=\"twitter:label1\" content=\"Dur\u00e9e de lecture estim\u00e9e\" \/>\n\t<meta name=\"twitter:data1\" content=\"2 minutes\" \/>\n<script type=\"application\/ld+json\" class=\"yoast-schema-graph\">{\"@context\":\"https:\/\/schema.org\",\"@graph\":[{\"@type\":\"WebPage\",\"@id\":\"https:\/\/www.osezmauges.fr\/evenements-pro\/organiser-son-evenement-pro\/location-materiel-evenement-entreprise\/location-de-materiel-et-animations-cles-en-main-avec-nooba\/\",\"url\":\"https:\/\/www.osezmauges.fr\/evenements-pro\/organiser-son-evenement-pro\/location-materiel-evenement-entreprise\/location-de-materiel-et-animations-cles-en-main-avec-nooba\/\",\"name\":\"Location de mat\u00e9riel et animations cl\u00e9s en main avec Nooba - \u00d4sez Mauges\",\"isPartOf\":{\"@id\":\"https:\/\/www.osezmauges.fr\/evenements-pro\/#website\"},\"primaryImageOfPage\":{\"@id\":\"https:\/\/www.osezmauges.fr\/evenements-pro\/organiser-son-evenement-pro\/location-materiel-evenement-entreprise\/location-de-materiel-et-animations-cles-en-main-avec-nooba\/#primaryimage\"},\"image\":{\"@id\":\"https:\/\/www.osezmauges.fr\/evenements-pro\/organiser-son-evenement-pro\/location-materiel-evenement-entreprise\/location-de-materiel-et-animations-cles-en-main-avec-nooba\/#primaryimage\"},\"thumbnailUrl\":\"https:\/\/www.osezmauges.fr\/evenements-pro\/wp-content\/uploads\/sites\/2\/2025\/08\/1-60270ddf.jpg\",\"datePublished\":\"2025-08-22T17:20:18+00:00\",\"dateModified\":\"2025-08-22T17:21:50+00:00\",\"description\":\"Vous organisez un s\u00e9minaire d'entreprise ? Faites appel \u00e0 Nooba pour la location de mat\u00e9riel et l'organisation d'activit\u00e9s insolites et originales !\",\"breadcrumb\":{\"@id\":\"https:\/\/www.osezmauges.fr\/evenements-pro\/organiser-son-evenement-pro\/location-materiel-evenement-entreprise\/location-de-materiel-et-animations-cles-en-main-avec-nooba\/#breadcrumb\"},\"inLanguage\":\"fr-FR\",\"potentialAction\":[{\"@type\":\"ReadAction\",\"target\":[\"https:\/\/www.osezmauges.fr\/evenements-pro\/organiser-son-evenement-pro\/location-materiel-evenement-entreprise\/location-de-materiel-et-animations-cles-en-main-avec-nooba\/\"]}]},{\"@type\":\"ImageObject\",\"inLanguage\":\"fr-FR\",\"@id\":\"https:\/\/www.osezmauges.fr\/evenements-pro\/organiser-son-evenement-pro\/location-materiel-evenement-entreprise\/location-de-materiel-et-animations-cles-en-main-avec-nooba\/#primaryimage\",\"url\":\"https:\/\/www.osezmauges.fr\/evenements-pro\/wp-content\/uploads\/sites\/2\/2025\/08\/1-60270ddf.jpg\",\"contentUrl\":\"https:\/\/www.osezmauges.fr\/evenements-pro\/wp-content\/uploads\/sites\/2\/2025\/08\/1-60270ddf.jpg\",\"width\":1200,\"height\":800},{\"@type\":\"BreadcrumbList\",\"@id\":\"https:\/\/www.osezmauges.fr\/evenements-pro\/organiser-son-evenement-pro\/location-materiel-evenement-entreprise\/location-de-materiel-et-animations-cles-en-main-avec-nooba\/#breadcrumb\",\"itemListElement\":[{\"@type\":\"ListItem\",\"position\":1,\"name\":\"Accueil\",\"item\":\"https:\/\/www.osezmauges.fr\/evenements-pro\/\"},{\"@type\":\"ListItem\",\"position\":2,\"name\":\"Organiser son \u00e9v\u00e9nement d\u2019entreprise\",\"item\":\"https:\/\/www.osezmauges.fr\/evenements-pro\/organiser-son-evenement-pro\/\"},{\"@type\":\"ListItem\",\"position\":3,\"name\":\"Location de mat\u00e9riel\",\"item\":\"https:\/\/www.osezmauges.fr\/evenements-pro\/organiser-son-evenement-pro\/location-materiel-evenement-entreprise\/\"},{\"@type\":\"ListItem\",\"position\":4,\"name\":\"Location de mat\u00e9riel et animations cl\u00e9s en main avec Nooba\"}]},{\"@type\":\"WebSite\",\"@id\":\"https:\/\/www.osezmauges.fr\/evenements-pro\/#website\",\"url\":\"https:\/\/www.osezmauges.fr\/evenements-pro\/\",\"name\":\"Osez Mauges - Tourisme d&#039;affaire\",\"description\":\"\u00d4sez Mauges\",\"potentialAction\":[{\"@type\":\"SearchAction\",\"target\":{\"@type\":\"EntryPoint\",\"urlTemplate\":\"https:\/\/www.osezmauges.fr\/evenements-pro\/?s={search_term_string}\"},\"query-input\":{\"@type\":\"PropertyValueSpecification\",\"valueRequired\":true,\"valueName\":\"search_term_string\"}}],\"inLanguage\":\"fr-FR\"}]}<\/script>\n<!-- \/ Yoast SEO plugin. -->","yoast_head_json":{"title":"Location de mat\u00e9riel et animations cl\u00e9s en main avec Nooba - \u00d4sez Mauges","description":"Vous organisez un s\u00e9minaire d'entreprise ? Faites appel \u00e0 Nooba pour la location de mat\u00e9riel et l'organisation d'activit\u00e9s insolites et originales !","robots":{"index":"index","follow":"follow","max-snippet":"max-snippet:-1","max-image-preview":"max-image-preview:large","max-video-preview":"max-video-preview:-1"},"canonical":"https:\/\/www.osezmauges.fr\/evenements-pro\/organiser-son-evenement-pro\/location-materiel-evenement-entreprise\/location-de-materiel-et-animations-cles-en-main-avec-nooba\/","og_locale":"fr_FR","og_type":"article","og_title":"Location de mat\u00e9riel et animations cl\u00e9s en main avec Nooba - \u00d4sez Mauges","og_description":"Vous organisez un s\u00e9minaire d'entreprise ? Faites appel \u00e0 Nooba pour la location de mat\u00e9riel et l'organisation d'activit\u00e9s insolites et originales !","og_url":"https:\/\/www.osezmauges.fr\/evenements-pro\/organiser-son-evenement-pro\/location-materiel-evenement-entreprise\/location-de-materiel-et-animations-cles-en-main-avec-nooba\/","og_site_name":"Osez Mauges - Tourisme d&#039;affaire","article_modified_time":"2025-08-22T17:21:50+00:00","og_image":[{"width":1200,"height":800,"url":"https:\/\/www.osezmauges.fr\/evenements-pro\/wp-content\/uploads\/sites\/2\/2025\/08\/1-60270ddf.jpg","type":"image\/jpeg"}],"twitter_card":"summary_large_image","twitter_misc":{"Dur\u00e9e de lecture estim\u00e9e":"2 minutes"},"schema":{"@context":"https:\/\/schema.org","@graph":[{"@type":"WebPage","@id":"https:\/\/www.osezmauges.fr\/evenements-pro\/organiser-son-evenement-pro\/location-materiel-evenement-entreprise\/location-de-materiel-et-animations-cles-en-main-avec-nooba\/","url":"https:\/\/www.osezmauges.fr\/evenements-pro\/organiser-son-evenement-pro\/location-materiel-evenement-entreprise\/location-de-materiel-et-animations-cles-en-main-avec-nooba\/","name":"Location de mat\u00e9riel et animations cl\u00e9s en main avec Nooba - \u00d4sez Mauges","isPartOf":{"@id":"https:\/\/www.osezmauges.fr\/evenements-pro\/#website"},"primaryImageOfPage":{"@id":"https:\/\/www.osezmauges.fr\/evenements-pro\/organiser-son-evenement-pro\/location-materiel-evenement-entreprise\/location-de-materiel-et-animations-cles-en-main-avec-nooba\/#primaryimage"},"image":{"@id":"https:\/\/www.osezmauges.fr\/evenements-pro\/organiser-son-evenement-pro\/location-materiel-evenement-entreprise\/location-de-materiel-et-animations-cles-en-main-avec-nooba\/#primaryimage"},"thumbnailUrl":"https:\/\/www.osezmauges.fr\/evenements-pro\/wp-content\/uploads\/sites\/2\/2025\/08\/1-60270ddf.jpg","datePublished":"2025-08-22T17:20:18+00:00","dateModified":"2025-08-22T17:21:50+00:00","description":"Vous organisez un s\u00e9minaire d'entreprise ? Faites appel \u00e0 Nooba pour la location de mat\u00e9riel et l'organisation d'activit\u00e9s insolites et originales !","breadcrumb":{"@id":"https:\/\/www.osezmauges.fr\/evenements-pro\/organiser-son-evenement-pro\/location-materiel-evenement-entreprise\/location-de-materiel-et-animations-cles-en-main-avec-nooba\/#breadcrumb"},"inLanguage":"fr-FR","potentialAction":[{"@type":"ReadAction","target":["https:\/\/www.osezmauges.fr\/evenements-pro\/organiser-son-evenement-pro\/location-materiel-evenement-entreprise\/location-de-materiel-et-animations-cles-en-main-avec-nooba\/"]}]},{"@type":"ImageObject","inLanguage":"fr-FR","@id":"https:\/\/www.osezmauges.fr\/evenements-pro\/organiser-son-evenement-pro\/location-materiel-evenement-entreprise\/location-de-materiel-et-animations-cles-en-main-avec-nooba\/#primaryimage","url":"https:\/\/www.osezmauges.fr\/evenements-pro\/wp-content\/uploads\/sites\/2\/2025\/08\/1-60270ddf.jpg","contentUrl":"https:\/\/www.osezmauges.fr\/evenements-pro\/wp-content\/uploads\/sites\/2\/2025\/08\/1-60270ddf.jpg","width":1200,"height":800},{"@type":"BreadcrumbList","@id":"https:\/\/www.osezmauges.fr\/evenements-pro\/organiser-son-evenement-pro\/location-materiel-evenement-entreprise\/location-de-materiel-et-animations-cles-en-main-avec-nooba\/#breadcrumb","itemListElement":[{"@type":"ListItem","position":1,"name":"Accueil","item":"https:\/\/www.osezmauges.fr\/evenements-pro\/"},{"@type":"ListItem","position":2,"name":"Organiser son \u00e9v\u00e9nement d\u2019entreprise","item":"https:\/\/www.osezmauges.fr\/evenements-pro\/organiser-son-evenement-pro\/"},{"@type":"ListItem","position":3,"name":"Location de mat\u00e9riel","item":"https:\/\/www.osezmauges.fr\/evenements-pro\/organiser-son-evenement-pro\/location-materiel-evenement-entreprise\/"},{"@type":"ListItem","position":4,"name":"Location de mat\u00e9riel et animations cl\u00e9s en main avec Nooba"}]},{"@type":"WebSite","@id":"https:\/\/www.osezmauges.fr\/evenements-pro\/#website","url":"https:\/\/www.osezmauges.fr\/evenements-pro\/","name":"Osez Mauges - Tourisme d&#039;affaire","description":"\u00d4sez Mauges","potentialAction":[{"@type":"SearchAction","target":{"@type":"EntryPoint","urlTemplate":"https:\/\/www.osezmauges.fr\/evenements-pro\/?s={search_term_string}"},"query-input":{"@type":"PropertyValueSpecification","valueRequired":true,"valueName":"search_term_string"}}],"inLanguage":"fr-FR"}]}},"_links":{"self":[{"href":"https:\/\/www.osezmauges.fr\/evenements-pro\/wp-json\/wp\/v2\/pages\/16469","targetHints":{"allow":["GET"]}}],"collection":[{"href":"https:\/\/www.osezmauges.fr\/evenements-pro\/wp-json\/wp\/v2\/pages"}],"about":[{"href":"https:\/\/www.osezmauges.fr\/evenements-pro\/wp-json\/wp\/v2\/types\/page"}],"author":[{"embeddable":true,"href":"https:\/\/www.osezmauges.fr\/evenements-pro\/wp-json\/wp\/v2\/users\/12"}],"replies":[{"embeddable":true,"href":"https:\/\/www.osezmauges.fr\/evenements-pro\/wp-json\/wp\/v2\/comments?post=16469"}],"version-history":[{"count":4,"href":"https:\/\/www.osezmauges.fr\/evenements-pro\/wp-json\/wp\/v2\/pages\/16469\/revisions"}],"predecessor-version":[{"id":16478,"href":"https:\/\/www.osezmauges.fr\/evenements-pro\/wp-json\/wp\/v2\/pages\/16469\/revisions\/16478"}],"up":[{"embeddable":true,"href":"https:\/\/www.osezmauges.fr\/evenements-pro\/wp-json\/wp\/v2\/pages\/48"}],"wp:featuredmedia":[{"embeddable":true,"href":"https:\/\/www.osezmauges.fr\/evenements-pro\/wp-json\/wp\/v2\/media\/16474"}],"wp:attachment":[{"href":"https:\/\/www.osezmauges.fr\/evenements-pro\/wp-json\/wp\/v2\/media?parent=16469"}],"curies":[{"name":"wp","href":"https:\/\/api.w.org\/{rel}","templated":true}]}}