{"id":18673,"date":"2026-03-16T14:43:05","date_gmt":"2026-03-16T13:43:05","guid":{"rendered":"https:\/\/www.osezmauges.fr\/evenements-pro\/?page_id=18673"},"modified":"2026-03-16T14:43:05","modified_gmt":"2026-03-16T13:43:05","slug":"savonnerie-milleniale-savons-personnalisables","status":"publish","type":"page","link":"https:\/\/www.osezmauges.fr\/evenements-pro\/cadeaux-entreprises\/cadeaux-personnalises-entreprise\/savonnerie-milleniale-savons-personnalisables\/","title":{"rendered":"Savons personnalisables et coffrets avec la Savonnerie Mill\u00e9niale"},"content":{"rendered":"\n<div class=\"wp-block-columns is-layout-flex wp-container-core-columns-is-layout-9d6595d7 wp-block-columns-is-layout-flex\">\n<div class=\"wp-block-column is-layout-flow wp-block-column-is-layout-flow\">\n<p class=\"is-style-excerpt\">La Savonnerie Mill\u00e9niale fabrique \u00e0 la main des savons par saponification \u00e0 froid : des savons doux, compos\u00e9s de mati\u00e8res premi\u00e8res naturelles issues de l&rsquo;agriculture biologique, v\u00e9ritable soin artisanal pour le corps et le visage.<\/p>\n\n\n\n<p class=\"is-style-excerpt\">Adapt\u00e9s \u00e0 tous les types de peaux et \u00e0 toute la famille, ils se transforment en cadeaux uniques, marque-places originaux, coffrets ou jolies d\u00e9corations de table.<\/p>\n<\/div>\n\n\n\n<div class=\"wp-block-column is-layout-flow wp-block-column-is-layout-flow\"><div class=\"wp-block wp-block-highlight\">\n                <p class=\"wp-block-highlight-item wp-block-highlight-excerpt\">8 rue des Mauges<br>La Chapelle-du-Gen\u00eat<br>49600 BEAUPR\u00c9AU-EN-MAUGES<br><br>Contacts : <strong>M\u00e9lanie LEROUX, William LAHAYE<\/strong><br>06 16 19 84 59 &#8211; 06 01 23 33 14<br>contact@savonnerie-milleniale.com<br><a href=\"https:\/\/www.savonnerie-milleniale.com\/\" type=\"link\" id=\"https:\/\/www.savonnerie-milleniale.com\/\">Site web<\/a><\/p>\n    <\/div><\/div>\n<\/div>\n\n\n\n<figure class=\"wp-block-gallery alignwide has-nested-images columns-default is-cropped wp-block-gallery-1 is-layout-flex wp-block-gallery-is-layout-flex\">\n<figure class=\"wp-block-image size-large\"><img width=\"1131\" height=\"1200\" data-id=\"18675\" data-src=\"https:\/\/www.osezmauges.fr\/evenements-pro\/wp-content\/uploads\/sites\/2\/2026\/03\/Sac-cadeau-2-savons-1-1131x1200.png\" alt=\"\" class=\"wp-image-18675\" srcset=\"https:\/\/www.osezmauges.fr\/evenements-pro\/wp-content\/uploads\/sites\/2\/2026\/03\/Sac-cadeau-2-savons-1-1131x1200.png 1131w, https:\/\/www.osezmauges.fr\/evenements-pro\/wp-content\/uploads\/sites\/2\/2026\/03\/Sac-cadeau-2-savons-1-566x600.png 566w, https:\/\/www.osezmauges.fr\/evenements-pro\/wp-content\/uploads\/sites\/2\/2026\/03\/Sac-cadeau-2-savons-1-300x318.png 300w, https:\/\/www.osezmauges.fr\/evenements-pro\/wp-content\/uploads\/sites\/2\/2026\/03\/Sac-cadeau-2-savons-1-848x900.png 848w, https:\/\/www.osezmauges.fr\/evenements-pro\/wp-content\/uploads\/sites\/2\/2026\/03\/Sac-cadeau-2-savons-1-650x690.png 650w, https:\/\/www.osezmauges.fr\/evenements-pro\/wp-content\/uploads\/sites\/2\/2026\/03\/Sac-cadeau-2-savons-1.png 1200w\" sizes=\"(max-width: 1131px) 100vw, 1131px\" \/><\/figure>\n\n\n\n<figure class=\"wp-block-image size-large\"><img width=\"1131\" height=\"1200\" data-id=\"18674\" data-src=\"https:\/\/www.osezmauges.fr\/evenements-pro\/wp-content\/uploads\/sites\/2\/2026\/03\/Photo-personnalisation-1-1131x1200.png\" alt=\"\" class=\"wp-image-18674\" srcset=\"https:\/\/www.osezmauges.fr\/evenements-pro\/wp-content\/uploads\/sites\/2\/2026\/03\/Photo-personnalisation-1-1131x1200.png 1131w, https:\/\/www.osezmauges.fr\/evenements-pro\/wp-content\/uploads\/sites\/2\/2026\/03\/Photo-personnalisation-1-566x600.png 566w, https:\/\/www.osezmauges.fr\/evenements-pro\/wp-content\/uploads\/sites\/2\/2026\/03\/Photo-personnalisation-1-300x318.png 300w, https:\/\/www.osezmauges.fr\/evenements-pro\/wp-content\/uploads\/sites\/2\/2026\/03\/Photo-personnalisation-1-848x900.png 848w, https:\/\/www.osezmauges.fr\/evenements-pro\/wp-content\/uploads\/sites\/2\/2026\/03\/Photo-personnalisation-1-650x690.png 650w, https:\/\/www.osezmauges.fr\/evenements-pro\/wp-content\/uploads\/sites\/2\/2026\/03\/Photo-personnalisation-1.png 1200w\" sizes=\"(max-width: 1131px) 100vw, 1131px\" \/><\/figure>\n<\/figure>\n\n\n\n<h2 class=\"wp-block-heading\">Produits propos\u00e9s \u00e0 la vente :<\/h2>\n\n\n\n<h3 class=\"wp-block-heading\">Coffret cadeau<\/h3>\n\n\n\n<p>Coffret cadeau \u00e0 composer, avec des savons artisanaux saponifi\u00e9s \u00e0 froid, 100% naturels, fabriqu\u00e9s localement, doux pour la peau et respectueux de l&rsquo;environnement.<\/p>\n\n\n\n<ul class=\"wp-block-list\">\n<li><strong>SAC CADEAU 2 SAVONS<\/strong> : 8,42 \u20ac HT (hors frais de personnalisation)<\/li>\n<\/ul>\n\n\n\n<h3 class=\"wp-block-heading\">Savon personnalis\u00e9<\/h3>\n\n\n\n<p>Tous les savons sont personnalisables : gravure, marquage ou emballage \u00e0 votre image. Chaque \u00e9v\u00e9nement devient l&rsquo;occasion d&rsquo;une cr\u00e9ation sur mesure, en accord avec vos envies et notre savoir-faire artisanal.<\/p>\n\n\n\n<ul class=\"wp-block-list\">\n<li><strong>SAVON PERSONNALIS\u00c9<\/strong> : devis sur demande<\/li>\n<\/ul>\n\n\n\n<figure class=\"wp-block-image size-large\"><img width=\"1200\" height=\"1200\" data-src=\"https:\/\/www.osezmauges.fr\/evenements-pro\/wp-content\/uploads\/sites\/2\/2026\/03\/Decoupe-savon-\u00a9savonnerie-milleniale-1200x1200.jpg\" alt=\"\" class=\"wp-image-18677\" srcset=\"https:\/\/www.osezmauges.fr\/evenements-pro\/wp-content\/uploads\/sites\/2\/2026\/03\/Decoupe-savon-\u00a9savonnerie-milleniale-1200x1200.jpg 1200w, https:\/\/www.osezmauges.fr\/evenements-pro\/wp-content\/uploads\/sites\/2\/2026\/03\/Decoupe-savon-\u00a9savonnerie-milleniale-600x600.jpg 600w, https:\/\/www.osezmauges.fr\/evenements-pro\/wp-content\/uploads\/sites\/2\/2026\/03\/Decoupe-savon-\u00a9savonnerie-milleniale-300x300.jpg 300w, https:\/\/www.osezmauges.fr\/evenements-pro\/wp-content\/uploads\/sites\/2\/2026\/03\/Decoupe-savon-\u00a9savonnerie-milleniale-900x900.jpg 900w, https:\/\/www.osezmauges.fr\/evenements-pro\/wp-content\/uploads\/sites\/2\/2026\/03\/Decoupe-savon-\u00a9savonnerie-milleniale-1536x1536.jpg 1536w, https:\/\/www.osezmauges.fr\/evenements-pro\/wp-content\/uploads\/sites\/2\/2026\/03\/Decoupe-savon-\u00a9savonnerie-milleniale-650x650.jpg 650w, https:\/\/www.osezmauges.fr\/evenements-pro\/wp-content\/uploads\/sites\/2\/2026\/03\/Decoupe-savon-\u00a9savonnerie-milleniale-120x120.jpg 120w, https:\/\/www.osezmauges.fr\/evenements-pro\/wp-content\/uploads\/sites\/2\/2026\/03\/Decoupe-savon-\u00a9savonnerie-milleniale.jpg 1867w\" sizes=\"(max-width: 1200px) 100vw, 1200px\" \/><\/figure>\n\n\n<div class=\"wp-block wp-block-highlight\">\n            <h3 class=\"wp-block-highlight-item wp-block-highlight-title\">\u27a1\ufe0f Envie d\u2019offrir un atelier original \u00e0 vos collaborateurs ?<\/h3>\n                <p class=\"wp-block-highlight-item wp-block-highlight-excerpt\">La Savonnerie Mill\u00e9niale propose un atelier de fabrication de savon (6 pers. max &#8211; 55\u20ac\/pers). Un moment cr\u00e9atif et convivial pour d\u00e9couvrir les secrets de la saponification \u00e0 froid\u2026 et repartir avec sa propre cr\u00e9ation !<br><a href=\"https:\/\/boutique.osezmauges.fr\/billetterie-et-idees-cadeaux\/ateliers\/atelier-fabrication-de-savon\" type=\"link\" id=\"https:\/\/boutique.osezmauges.fr\/billetterie-et-idees-cadeaux\/ateliers\/atelier-fabrication-de-savon\">D\u00e9couvrez-le par ici<\/a> \ud83d\uddb1\ufe0f<\/p>\n    <\/div>\n\n\n<div class=\"wp-block wp-block-related-post clear alignfull\">\n    <div class=\"container\">\n\n        <div class=\"article\">\n\t\t                    <h2 class=\"wp-block-related-post-title\">Vous aimerez aussi<\/h2>\n\t\t    \n\t\t            <\/div>\n\n\t                <div class=\"article\">\n        \n            <div class=\"wp-block-related-post-inner\">\n                <div   data-slides-per-view=\"4\">\n                    <div class=\"wp-block-related-post-list wp-block-related-post-list-1\">\n\t\t\t\t\t    \n<div class=\"entityItem\"      data-trigger=\"wpiris-click\">\n    <p class=\"entityItemThumbnail\">\n        <a href=\"https:\/\/www.osezmauges.fr\/evenements-pro\/cadeaux-entreprises\/les-cheques-kdomauges\/\" nofancybox>\n            <img src=\n            \"https:\/\/www.osezmauges.fr\/evenements-pro\/wp-content\/uploads\/sites\/2\/2021\/10\/1-cheques-kdo-osezmauges-anjou-\u00a9MB-1-900x602.jpg\" alt=\"4 bonnes raisons d\u2019offrir des ch\u00e8ques KD\u00f4Mauges \u00e0 vos salari\u00e9s\">\n        <\/a>\n    <\/p>\n        <div class=\"entityItemContent\">\n        \n        \n        <h3 class=\"entityItemContentTitle\">        <a href=\"https:\/\/www.osezmauges.fr\/evenements-pro\/cadeaux-entreprises\/les-cheques-kdomauges\/\">4 bonnes raisons d\u2019offrir des ch\u00e8ques KD\u00f4Mauges \u00e0 vos salari\u00e9s<\/a>\n        <\/h3>\n            <\/div>\n\n    \n    <\/div>\n                    <\/div>\n                <\/div>\n            <\/div>\n\n                    <\/div>\n        \n    <\/div>\n<\/div>","protected":false},"excerpt":{"rendered":"<p>La Savonnerie Mill\u00e9niale fabrique \u00e0 la main des savons par saponification \u00e0 froid : des savons doux, compos\u00e9s de mati\u00e8res premi\u00e8res naturelles issues de l&rsquo;agriculture biologique, v\u00e9ritable soin artisanal pour le corps et le visage. Adapt\u00e9s \u00e0 tous les types de peaux et \u00e0 toute la famille, ils se transforment en cadeaux uniques, marque-places originaux, [&hellip;]<\/p>\n","protected":false},"author":12,"featured_media":18675,"parent":12209,"menu_order":0,"comment_status":"closed","ping_status":"closed","template":"","meta":{"_relevanssi_hide_post":"","_relevanssi_hide_content":"","_relevanssi_pin_for_all":"","_relevanssi_pin_keywords":"","_relevanssi_unpin_keywords":"","_relevanssi_related_keywords":"","_relevanssi_related_include_ids":"","_relevanssi_related_exclude_ids":"","_relevanssi_related_no_append":"","_relevanssi_related_not_related":"","_relevanssi_related_posts":"10100,7947,8289,10048,11541,7797","_relevanssi_noindex_reason":"","footnotes":""},"class_list":["post-18673","page","type-page","status-publish","has-post-thumbnail","hentry"],"acf":[],"yoast_head":"<!-- This site is optimized with the Yoast SEO plugin v26.9 - https:\/\/yoast.com\/product\/yoast-seo-wordpress\/ -->\n<title>Savons personnalisables et coffrets avec la Savonnerie Mill\u00e9niale - \u00d4sez Mauges<\/title>\n<meta name=\"description\" content=\"La Savonnerie Mill\u00e9niale fabrique \u00e0 la main des savons par saponification \u00e0 froid. Une id\u00e9e de cadeau unique pour r\u00e9jouir vos collaborateurs.\" \/>\n<meta name=\"robots\" content=\"index, follow, max-snippet:-1, max-image-preview:large, max-video-preview:-1\" \/>\n<link rel=\"canonical\" href=\"https:\/\/www.osezmauges.fr\/evenements-pro\/cadeaux-entreprises\/cadeaux-personnalises-entreprise\/savonnerie-milleniale-savons-personnalisables\/\" \/>\n<meta property=\"og:locale\" content=\"fr_FR\" \/>\n<meta property=\"og:type\" content=\"article\" \/>\n<meta property=\"og:title\" content=\"Savons personnalisables et coffrets avec la Savonnerie Mill\u00e9niale - \u00d4sez Mauges\" \/>\n<meta property=\"og:description\" content=\"La Savonnerie Mill\u00e9niale fabrique \u00e0 la main des savons par saponification \u00e0 froid. Une id\u00e9e de cadeau unique pour r\u00e9jouir vos collaborateurs.\" \/>\n<meta property=\"og:url\" content=\"https:\/\/www.osezmauges.fr\/evenements-pro\/cadeaux-entreprises\/cadeaux-personnalises-entreprise\/savonnerie-milleniale-savons-personnalisables\/\" \/>\n<meta property=\"og:site_name\" content=\"Osez Mauges - Tourisme d&#039;affaire\" \/>\n<meta property=\"og:image\" content=\"https:\/\/www.osezmauges.fr\/evenements-pro\/wp-content\/uploads\/sites\/2\/2026\/03\/Sac-cadeau-2-savons-1.png\" \/>\n\t<meta property=\"og:image:width\" content=\"1200\" \/>\n\t<meta property=\"og:image:height\" content=\"1273\" \/>\n\t<meta property=\"og:image:type\" content=\"image\/png\" \/>\n<meta name=\"twitter:card\" content=\"summary_large_image\" \/>\n<meta name=\"twitter:label1\" content=\"Dur\u00e9e de lecture estim\u00e9e\" \/>\n\t<meta name=\"twitter:data1\" content=\"2 minutes\" \/>\n<script type=\"application\/ld+json\" class=\"yoast-schema-graph\">{\"@context\":\"https:\/\/schema.org\",\"@graph\":[{\"@type\":\"WebPage\",\"@id\":\"https:\/\/www.osezmauges.fr\/evenements-pro\/cadeaux-entreprises\/cadeaux-personnalises-entreprise\/savonnerie-milleniale-savons-personnalisables\/\",\"url\":\"https:\/\/www.osezmauges.fr\/evenements-pro\/cadeaux-entreprises\/cadeaux-personnalises-entreprise\/savonnerie-milleniale-savons-personnalisables\/\",\"name\":\"Savons personnalisables et coffrets avec la Savonnerie Mill\u00e9niale - \u00d4sez Mauges\",\"isPartOf\":{\"@id\":\"https:\/\/www.osezmauges.fr\/evenements-pro\/#website\"},\"primaryImageOfPage\":{\"@id\":\"https:\/\/www.osezmauges.fr\/evenements-pro\/cadeaux-entreprises\/cadeaux-personnalises-entreprise\/savonnerie-milleniale-savons-personnalisables\/#primaryimage\"},\"image\":{\"@id\":\"https:\/\/www.osezmauges.fr\/evenements-pro\/cadeaux-entreprises\/cadeaux-personnalises-entreprise\/savonnerie-milleniale-savons-personnalisables\/#primaryimage\"},\"thumbnailUrl\":\"https:\/\/www.osezmauges.fr\/evenements-pro\/wp-content\/uploads\/sites\/2\/2026\/03\/Sac-cadeau-2-savons-1.png\",\"datePublished\":\"2026-03-16T13:43:05+00:00\",\"description\":\"La Savonnerie Mill\u00e9niale fabrique \u00e0 la main des savons par saponification \u00e0 froid. Une id\u00e9e de cadeau unique pour r\u00e9jouir vos collaborateurs.\",\"breadcrumb\":{\"@id\":\"https:\/\/www.osezmauges.fr\/evenements-pro\/cadeaux-entreprises\/cadeaux-personnalises-entreprise\/savonnerie-milleniale-savons-personnalisables\/#breadcrumb\"},\"inLanguage\":\"fr-FR\",\"potentialAction\":[{\"@type\":\"ReadAction\",\"target\":[\"https:\/\/www.osezmauges.fr\/evenements-pro\/cadeaux-entreprises\/cadeaux-personnalises-entreprise\/savonnerie-milleniale-savons-personnalisables\/\"]}]},{\"@type\":\"ImageObject\",\"inLanguage\":\"fr-FR\",\"@id\":\"https:\/\/www.osezmauges.fr\/evenements-pro\/cadeaux-entreprises\/cadeaux-personnalises-entreprise\/savonnerie-milleniale-savons-personnalisables\/#primaryimage\",\"url\":\"https:\/\/www.osezmauges.fr\/evenements-pro\/wp-content\/uploads\/sites\/2\/2026\/03\/Sac-cadeau-2-savons-1.png\",\"contentUrl\":\"https:\/\/www.osezmauges.fr\/evenements-pro\/wp-content\/uploads\/sites\/2\/2026\/03\/Sac-cadeau-2-savons-1.png\",\"width\":1200,\"height\":1273},{\"@type\":\"BreadcrumbList\",\"@id\":\"https:\/\/www.osezmauges.fr\/evenements-pro\/cadeaux-entreprises\/cadeaux-personnalises-entreprise\/savonnerie-milleniale-savons-personnalisables\/#breadcrumb\",\"itemListElement\":[{\"@type\":\"ListItem\",\"position\":1,\"name\":\"Accueil\",\"item\":\"https:\/\/www.osezmauges.fr\/evenements-pro\/\"},{\"@type\":\"ListItem\",\"position\":2,\"name\":\"Les cadeaux d&rsquo;entreprises\",\"item\":\"https:\/\/www.osezmauges.fr\/evenements-pro\/cadeaux-entreprises\/\"},{\"@type\":\"ListItem\",\"position\":3,\"name\":\"Un cadeau personnalis\u00e9 pour vos salari\u00e9s !\",\"item\":\"https:\/\/www.osezmauges.fr\/evenements-pro\/cadeaux-entreprises\/cadeaux-personnalises-entreprise\/\"},{\"@type\":\"ListItem\",\"position\":4,\"name\":\"Savons personnalisables et coffrets avec la Savonnerie Mill\u00e9niale\"}]},{\"@type\":\"WebSite\",\"@id\":\"https:\/\/www.osezmauges.fr\/evenements-pro\/#website\",\"url\":\"https:\/\/www.osezmauges.fr\/evenements-pro\/\",\"name\":\"Osez Mauges - Tourisme d&#039;affaire\",\"description\":\"\u00d4sez Mauges\",\"potentialAction\":[{\"@type\":\"SearchAction\",\"target\":{\"@type\":\"EntryPoint\",\"urlTemplate\":\"https:\/\/www.osezmauges.fr\/evenements-pro\/?s={search_term_string}\"},\"query-input\":{\"@type\":\"PropertyValueSpecification\",\"valueRequired\":true,\"valueName\":\"search_term_string\"}}],\"inLanguage\":\"fr-FR\"}]}<\/script>\n<!-- \/ Yoast SEO plugin. -->","yoast_head_json":{"title":"Savons personnalisables et coffrets avec la Savonnerie Mill\u00e9niale - \u00d4sez Mauges","description":"La Savonnerie Mill\u00e9niale fabrique \u00e0 la main des savons par saponification \u00e0 froid. Une id\u00e9e de cadeau unique pour r\u00e9jouir vos collaborateurs.","robots":{"index":"index","follow":"follow","max-snippet":"max-snippet:-1","max-image-preview":"max-image-preview:large","max-video-preview":"max-video-preview:-1"},"canonical":"https:\/\/www.osezmauges.fr\/evenements-pro\/cadeaux-entreprises\/cadeaux-personnalises-entreprise\/savonnerie-milleniale-savons-personnalisables\/","og_locale":"fr_FR","og_type":"article","og_title":"Savons personnalisables et coffrets avec la Savonnerie Mill\u00e9niale - \u00d4sez Mauges","og_description":"La Savonnerie Mill\u00e9niale fabrique \u00e0 la main des savons par saponification \u00e0 froid. Une id\u00e9e de cadeau unique pour r\u00e9jouir vos collaborateurs.","og_url":"https:\/\/www.osezmauges.fr\/evenements-pro\/cadeaux-entreprises\/cadeaux-personnalises-entreprise\/savonnerie-milleniale-savons-personnalisables\/","og_site_name":"Osez Mauges - Tourisme d&#039;affaire","og_image":[{"width":1200,"height":1273,"url":"https:\/\/www.osezmauges.fr\/evenements-pro\/wp-content\/uploads\/sites\/2\/2026\/03\/Sac-cadeau-2-savons-1.png","type":"image\/png"}],"twitter_card":"summary_large_image","twitter_misc":{"Dur\u00e9e de lecture estim\u00e9e":"2 minutes"},"schema":{"@context":"https:\/\/schema.org","@graph":[{"@type":"WebPage","@id":"https:\/\/www.osezmauges.fr\/evenements-pro\/cadeaux-entreprises\/cadeaux-personnalises-entreprise\/savonnerie-milleniale-savons-personnalisables\/","url":"https:\/\/www.osezmauges.fr\/evenements-pro\/cadeaux-entreprises\/cadeaux-personnalises-entreprise\/savonnerie-milleniale-savons-personnalisables\/","name":"Savons personnalisables et coffrets avec la Savonnerie Mill\u00e9niale - \u00d4sez Mauges","isPartOf":{"@id":"https:\/\/www.osezmauges.fr\/evenements-pro\/#website"},"primaryImageOfPage":{"@id":"https:\/\/www.osezmauges.fr\/evenements-pro\/cadeaux-entreprises\/cadeaux-personnalises-entreprise\/savonnerie-milleniale-savons-personnalisables\/#primaryimage"},"image":{"@id":"https:\/\/www.osezmauges.fr\/evenements-pro\/cadeaux-entreprises\/cadeaux-personnalises-entreprise\/savonnerie-milleniale-savons-personnalisables\/#primaryimage"},"thumbnailUrl":"https:\/\/www.osezmauges.fr\/evenements-pro\/wp-content\/uploads\/sites\/2\/2026\/03\/Sac-cadeau-2-savons-1.png","datePublished":"2026-03-16T13:43:05+00:00","description":"La Savonnerie Mill\u00e9niale fabrique \u00e0 la main des savons par saponification \u00e0 froid. Une id\u00e9e de cadeau unique pour r\u00e9jouir vos collaborateurs.","breadcrumb":{"@id":"https:\/\/www.osezmauges.fr\/evenements-pro\/cadeaux-entreprises\/cadeaux-personnalises-entreprise\/savonnerie-milleniale-savons-personnalisables\/#breadcrumb"},"inLanguage":"fr-FR","potentialAction":[{"@type":"ReadAction","target":["https:\/\/www.osezmauges.fr\/evenements-pro\/cadeaux-entreprises\/cadeaux-personnalises-entreprise\/savonnerie-milleniale-savons-personnalisables\/"]}]},{"@type":"ImageObject","inLanguage":"fr-FR","@id":"https:\/\/www.osezmauges.fr\/evenements-pro\/cadeaux-entreprises\/cadeaux-personnalises-entreprise\/savonnerie-milleniale-savons-personnalisables\/#primaryimage","url":"https:\/\/www.osezmauges.fr\/evenements-pro\/wp-content\/uploads\/sites\/2\/2026\/03\/Sac-cadeau-2-savons-1.png","contentUrl":"https:\/\/www.osezmauges.fr\/evenements-pro\/wp-content\/uploads\/sites\/2\/2026\/03\/Sac-cadeau-2-savons-1.png","width":1200,"height":1273},{"@type":"BreadcrumbList","@id":"https:\/\/www.osezmauges.fr\/evenements-pro\/cadeaux-entreprises\/cadeaux-personnalises-entreprise\/savonnerie-milleniale-savons-personnalisables\/#breadcrumb","itemListElement":[{"@type":"ListItem","position":1,"name":"Accueil","item":"https:\/\/www.osezmauges.fr\/evenements-pro\/"},{"@type":"ListItem","position":2,"name":"Les cadeaux d&rsquo;entreprises","item":"https:\/\/www.osezmauges.fr\/evenements-pro\/cadeaux-entreprises\/"},{"@type":"ListItem","position":3,"name":"Un cadeau personnalis\u00e9 pour vos salari\u00e9s !","item":"https:\/\/www.osezmauges.fr\/evenements-pro\/cadeaux-entreprises\/cadeaux-personnalises-entreprise\/"},{"@type":"ListItem","position":4,"name":"Savons personnalisables et coffrets avec la Savonnerie Mill\u00e9niale"}]},{"@type":"WebSite","@id":"https:\/\/www.osezmauges.fr\/evenements-pro\/#website","url":"https:\/\/www.osezmauges.fr\/evenements-pro\/","name":"Osez Mauges - Tourisme d&#039;affaire","description":"\u00d4sez Mauges","potentialAction":[{"@type":"SearchAction","target":{"@type":"EntryPoint","urlTemplate":"https:\/\/www.osezmauges.fr\/evenements-pro\/?s={search_term_string}"},"query-input":{"@type":"PropertyValueSpecification","valueRequired":true,"valueName":"search_term_string"}}],"inLanguage":"fr-FR"}]}},"_links":{"self":[{"href":"https:\/\/www.osezmauges.fr\/evenements-pro\/wp-json\/wp\/v2\/pages\/18673","targetHints":{"allow":["GET"]}}],"collection":[{"href":"https:\/\/www.osezmauges.fr\/evenements-pro\/wp-json\/wp\/v2\/pages"}],"about":[{"href":"https:\/\/www.osezmauges.fr\/evenements-pro\/wp-json\/wp\/v2\/types\/page"}],"author":[{"embeddable":true,"href":"https:\/\/www.osezmauges.fr\/evenements-pro\/wp-json\/wp\/v2\/users\/12"}],"replies":[{"embeddable":true,"href":"https:\/\/www.osezmauges.fr\/evenements-pro\/wp-json\/wp\/v2\/comments?post=18673"}],"version-history":[{"count":7,"href":"https:\/\/www.osezmauges.fr\/evenements-pro\/wp-json\/wp\/v2\/pages\/18673\/revisions"}],"predecessor-version":[{"id":18685,"href":"https:\/\/www.osezmauges.fr\/evenements-pro\/wp-json\/wp\/v2\/pages\/18673\/revisions\/18685"}],"up":[{"embeddable":true,"href":"https:\/\/www.osezmauges.fr\/evenements-pro\/wp-json\/wp\/v2\/pages\/12209"}],"wp:featuredmedia":[{"embeddable":true,"href":"https:\/\/www.osezmauges.fr\/evenements-pro\/wp-json\/wp\/v2\/media\/18675"}],"wp:attachment":[{"href":"https:\/\/www.osezmauges.fr\/evenements-pro\/wp-json\/wp\/v2\/media?parent=18673"}],"curies":[{"name":"wp","href":"https:\/\/api.w.org\/{rel}","templated":true}]}}