{"id":18809,"date":"2026-03-27T21:28:30","date_gmt":"2026-03-27T20:28:30","guid":{"rendered":"https:\/\/www.osezmauges.fr\/evenements-pro\/?page_id=18809"},"modified":"2026-03-27T21:32:22","modified_gmt":"2026-03-27T20:32:22","slug":"salles-seminaire-logis-delbee","status":"publish","type":"page","link":"https:\/\/www.osezmauges.fr\/evenements-pro\/organiser-son-evenement-pro\/salle-seminaire\/salles-seminaire-logis-delbee\/","title":{"rendered":"Salles de s\u00e9minaire &#8211; Le Logis d&rsquo;Elb\u00e9e"},"content":{"rendered":"\n<div class=\"wp-block-columns is-layout-flex wp-container-core-columns-is-layout-9d6595d7 wp-block-columns-is-layout-flex\">\n<div class=\"wp-block-column is-layout-flow wp-block-column-is-layout-flow\">\n<p class=\"is-style-excerpt\">Pour vos team-building, incentive ou r\u00e9unions d&rsquo;entreprise, optez pour un h\u00f4tel-restaurant embl\u00e9matique au c\u0153ur des Mauges : le Logis d&rsquo;Elb\u00e9e. \u00c0 votre disposition : trois salles dont l&rsquo;une pouvant accueillir jusqu&rsquo;\u00e0 300 personnes pour un d\u00eener ou d\u00e9jeuner professionnel. La restauration et l&rsquo;hebergement viennent compl\u00e9ter la proposition de ce lieu.<\/p>\n<\/div>\n\n\n\n<div class=\"wp-block-column is-layout-flow wp-block-column-is-layout-flow\"><div class=\"wp-block wp-block-highlight\">\n                <p class=\"wp-block-highlight-item wp-block-highlight-excerpt\">16 rue Robert Schuman<br>Beaupr\u00e9au<br>49600 BEAUPR\u00c9AU-EN-MAUGES<br><br>Vos contacts : <strong>Magali MORISSON, Arnaud M\u00c9TAYER<\/strong><br>02 41 75 63 75<br>logis.delbee49@wanadoo.fr<\/p>\n    <\/div><\/div>\n<\/div>\n\n\n\n<figure class=\"wp-block-gallery alignwide has-nested-images columns-default is-cropped wp-block-gallery-1 is-layout-flex wp-block-gallery-is-layout-flex\">\n<figure class=\"wp-block-image size-large\"><img width=\"612\" height=\"291\" data-id=\"18811\" data-src=\"https:\/\/www.osezmauges.fr\/evenements-pro\/wp-content\/uploads\/sites\/2\/2026\/03\/Salle-1.png\" alt=\"\" class=\"wp-image-18811\" srcset=\"https:\/\/www.osezmauges.fr\/evenements-pro\/wp-content\/uploads\/sites\/2\/2026\/03\/Salle-1.png 612w, https:\/\/www.osezmauges.fr\/evenements-pro\/wp-content\/uploads\/sites\/2\/2026\/03\/Salle-1-600x285.png 600w, https:\/\/www.osezmauges.fr\/evenements-pro\/wp-content\/uploads\/sites\/2\/2026\/03\/Salle-1-300x143.png 300w\" sizes=\"(max-width: 612px) 100vw, 612px\" \/><\/figure>\n\n\n\n<figure class=\"wp-block-image size-large\"><img width=\"640\" height=\"360\" data-id=\"18813\" data-src=\"https:\/\/www.osezmauges.fr\/evenements-pro\/wp-content\/uploads\/sites\/2\/2026\/03\/IMG_2574.jpeg\" alt=\"\" class=\"wp-image-18813\" srcset=\"https:\/\/www.osezmauges.fr\/evenements-pro\/wp-content\/uploads\/sites\/2\/2026\/03\/IMG_2574.jpeg 640w, https:\/\/www.osezmauges.fr\/evenements-pro\/wp-content\/uploads\/sites\/2\/2026\/03\/IMG_2574-600x338.jpeg 600w, https:\/\/www.osezmauges.fr\/evenements-pro\/wp-content\/uploads\/sites\/2\/2026\/03\/IMG_2574-300x169.jpeg 300w\" sizes=\"(max-width: 640px) 100vw, 640px\" \/><\/figure>\n<\/figure>\n\n\n\n<h2 class=\"wp-block-heading\">Pourquoi les choisir ?<\/h2>\n\n\n\n<ul class=\"wp-block-list\">\n<li>Les salles de r\u00e9union, l&rsquo;h\u00e9bergement (29 chambres d&rsquo;h\u00f4tel) et la restauration r\u00e9unis au m\u00eame endroit<br>Un lieu central et embl\u00e9matique entre Angers, Nantes et Cholet<br>Un patio int\u00e9rieur (60m\u00b2) compl\u00e9t\u00e9 d&rsquo;un business corner pour vos regroupements d&rsquo;entreprise<\/li>\n<\/ul>\n\n\n\n<h2 class=\"wp-block-heading\">Salles et prestations sur place<\/h2>\n\n\n\n<figure class=\"wp-block-table alignwide\"><table class=\"has-fixed-layout\"><thead><tr><th>Salles<\/th><th>Surface<\/th><th>En U<\/th><th>Assembl\u00e9e<\/th><th>Repas<\/th><th>Classe<\/th><th>Cocktail<\/th><th>R\u00e9union<\/th><\/tr><\/thead><tbody><tr><td>Le Jardin<\/td><td>71m\u00b2<\/td><td>40<\/td><td>65<\/td><td>&#8211;<\/td><td>&#8211;<\/td><td>75<\/td><td>40<\/td><\/tr><tr><td>Les Hortensias<\/td><td>50m\u00b2<\/td><td>20<\/td><td>45<\/td><td>20<\/td><td>&#8211;<\/td><td>50<\/td><td>20<\/td><\/tr><tr><td>Les Ch\u00eanes Rouges<\/td><td>300m\u00b2<\/td><td>&#8211;<\/td><td>&#8211;<\/td><td>298<\/td><td>&#8211;<\/td><td>&#8211;<\/td><td>&#8211;<\/td><\/tr><\/tbody><\/table><\/figure>\n\n\n\n<figure class=\"wp-block-image size-full\"><img width=\"922\" height=\"446\" data-src=\"https:\/\/www.osezmauges.fr\/evenements-pro\/wp-content\/uploads\/sites\/2\/2026\/03\/Capture-decran-2026-03-27-210753.png\" alt=\"\" class=\"wp-image-18814\" srcset=\"https:\/\/www.osezmauges.fr\/evenements-pro\/wp-content\/uploads\/sites\/2\/2026\/03\/Capture-decran-2026-03-27-210753.png 922w, https:\/\/www.osezmauges.fr\/evenements-pro\/wp-content\/uploads\/sites\/2\/2026\/03\/Capture-decran-2026-03-27-210753-600x290.png 600w, https:\/\/www.osezmauges.fr\/evenements-pro\/wp-content\/uploads\/sites\/2\/2026\/03\/Capture-decran-2026-03-27-210753-300x145.png 300w, https:\/\/www.osezmauges.fr\/evenements-pro\/wp-content\/uploads\/sites\/2\/2026\/03\/Capture-decran-2026-03-27-210753-900x435.png 900w, https:\/\/www.osezmauges.fr\/evenements-pro\/wp-content\/uploads\/sites\/2\/2026\/03\/Capture-decran-2026-03-27-210753-650x314.png 650w\" sizes=\"(max-width: 922px) 100vw, 922px\" \/><\/figure>\n\n\n\n<h3 class=\"wp-block-heading\">Sur place : <\/h3>\n\n\n\n<ul class=\"wp-block-list\">\n<li>Paperboard<br>Carnets &amp; crayons<br>Vid\u00e9oprojecteur<br>Sonorisation et micro<br>\u00c9cran<br>Visioconf\u00e9rence<br>Office traiteur<br>Business corner<br>Patio int\u00e9rieur<br>Parking<br>Acc\u00e8s PMR<\/li>\n<\/ul>\n\n\n\n<h2 class=\"wp-block-heading\">Poursuivez votre d\u00e9couverte<\/h2>\n\n\n\n<p>Au coeur d&rsquo;une b\u00e2tisse historique, d\u00e9couvrez les 29 chambres twin du Logis d&rsquo;Elb\u00e9e. Deux d&rsquo;entre elles sont des chambres PMR.<\/p>\n\n\n\n<figure class=\"wp-block-gallery alignwide has-nested-images columns-default is-cropped wp-block-gallery-2 is-layout-flex wp-block-gallery-is-layout-flex\">\n<figure class=\"wp-block-image size-large\"><img width=\"1200\" height=\"675\" data-id=\"18816\" data-src=\"https:\/\/www.osezmauges.fr\/evenements-pro\/wp-content\/uploads\/sites\/2\/2026\/03\/chambre-3.jpeg\" alt=\"\" class=\"wp-image-18816\" srcset=\"https:\/\/www.osezmauges.fr\/evenements-pro\/wp-content\/uploads\/sites\/2\/2026\/03\/chambre-3.jpeg 1200w, https:\/\/www.osezmauges.fr\/evenements-pro\/wp-content\/uploads\/sites\/2\/2026\/03\/chambre-3-600x338.jpeg 600w, https:\/\/www.osezmauges.fr\/evenements-pro\/wp-content\/uploads\/sites\/2\/2026\/03\/chambre-3-300x169.jpeg 300w, https:\/\/www.osezmauges.fr\/evenements-pro\/wp-content\/uploads\/sites\/2\/2026\/03\/chambre-3-900x506.jpeg 900w, https:\/\/www.osezmauges.fr\/evenements-pro\/wp-content\/uploads\/sites\/2\/2026\/03\/chambre-3-650x366.jpeg 650w\" sizes=\"(max-width: 1200px) 100vw, 1200px\" \/><\/figure>\n\n\n\n<figure class=\"wp-block-image size-large\"><img width=\"1200\" height=\"675\" data-id=\"18815\" data-src=\"https:\/\/www.osezmauges.fr\/evenements-pro\/wp-content\/uploads\/sites\/2\/2026\/03\/chambre-1.jpeg\" alt=\"\" class=\"wp-image-18815\" srcset=\"https:\/\/www.osezmauges.fr\/evenements-pro\/wp-content\/uploads\/sites\/2\/2026\/03\/chambre-1.jpeg 1200w, https:\/\/www.osezmauges.fr\/evenements-pro\/wp-content\/uploads\/sites\/2\/2026\/03\/chambre-1-600x338.jpeg 600w, https:\/\/www.osezmauges.fr\/evenements-pro\/wp-content\/uploads\/sites\/2\/2026\/03\/chambre-1-300x169.jpeg 300w, https:\/\/www.osezmauges.fr\/evenements-pro\/wp-content\/uploads\/sites\/2\/2026\/03\/chambre-1-900x506.jpeg 900w, https:\/\/www.osezmauges.fr\/evenements-pro\/wp-content\/uploads\/sites\/2\/2026\/03\/chambre-1-650x366.jpeg 650w\" sizes=\"(max-width: 1200px) 100vw, 1200px\" \/><\/figure>\n<\/figure>\n\n\n\n<div class=\"wp-block wp-block-related-post clear alignfull\">\n    <div class=\"container\">\n\n        <div class=\"article\">\n\t\t                    <h2 class=\"wp-block-related-post-title\">Les activit\u00e9s \u00e0 proximit\u00e9<\/h2>\n\t\t    \n\t\t            <\/div>\n\n\t    \n            <div class=\"wp-block-related-post-inner\">\n                <div   data-slides-per-view=\"4\">\n                    <div class=\"wp-block-related-post-list wp-block-related-post-list-3\">\n\t\t\t\t\t    \n<div class=\"entityItem\"      data-trigger=\"wpiris-click\">\n    <p class=\"entityItemThumbnail\">\n        <a href=\"https:\/\/www.osezmauges.fr\/evenements-pro\/activite\/conduire-des-vehicules-de-legendes-et-de-collections\/\" nofancybox>\n            <img src=\n            \"https:\/\/www.osezmauges.fr\/evenements-pro\/wp-content\/uploads\/sites\/2\/wpetourisme\/Garage-P-C-2021-2-380x326.jpeg\" alt=\"Conduire des v\u00e9hicules de l\u00e9gendes et de collections\">\n        <\/a>\n    <\/p>\n        <div class=\"entityItemContent\">\n        \n        \n        <h3 class=\"entityItemContentTitle\">        <a href=\"https:\/\/www.osezmauges.fr\/evenements-pro\/activite\/conduire-des-vehicules-de-legendes-et-de-collections\/\">Conduire des v\u00e9hicules de l\u00e9gendes et de collections<\/a>\n        <\/h3>\n                    <div class=\"entityItemContentCommune\">Jallais<\/div>\n            <\/div>\n\n    \n    <\/div>\n\n<div class=\"entityItem\"      data-trigger=\"wpiris-click\">\n    <p class=\"entityItemThumbnail\">\n        <a href=\"https:\/\/www.osezmauges.fr\/evenements-pro\/organiser-son-evenement-pro\/team-building-angers-nantes-cholet\/activites-sportives\/jeu-piste-chateau-martreil\/\" nofancybox>\n            <img src=\n            \"https:\/\/www.osezmauges.fr\/evenements-pro\/wp-content\/uploads\/sites\/2\/2022\/04\/chateau-martreil-ste-christine-escape-game-casino-osez-mauges-ceamains-cadenas-\u00a9MMinard-380x430.jpg\" alt=\"Jeu de piste, grimpe d&rsquo;arbre et escape game au Ch\u00e2teau du Martreil\">\n        <\/a>\n    <\/p>\n        <div class=\"entityItemContent\">\n        \n        \n        <h3 class=\"entityItemContentTitle\">        <a href=\"https:\/\/www.osezmauges.fr\/evenements-pro\/organiser-son-evenement-pro\/team-building-angers-nantes-cholet\/activites-sportives\/jeu-piste-chateau-martreil\/\">Jeu de piste, grimpe d&rsquo;arbre et escape game au Ch\u00e2teau du Martreil<\/a>\n        <\/h3>\n            <\/div>\n\n    \n    <\/div>\n\n<div class=\"entityItem\"      data-trigger=\"wpiris-click\">\n    <p class=\"entityItemThumbnail\">\n        <a href=\"https:\/\/www.osezmauges.fr\/evenements-pro\/organiser-son-evenement-pro\/team-building-angers-nantes-cholet\/activites-ludiques\/cluedo-geant-teambuilding-musee-des-metiers\/\" nofancybox>\n            <img src=\n            \"https:\/\/www.osezmauges.fr\/evenements-pro\/wp-content\/uploads\/sites\/2\/2025\/01\/musee-des-metiers-st-laurent-de-la-plaine-msl-visite\u00a9F.Crampon-33-1-380x430.jpg\" alt=\"Cluedo g\u00e9ant au Mus\u00e9e des m\u00e9tiers\">\n        <\/a>\n    <\/p>\n        <div class=\"entityItemContent\">\n        \n        \n        <h3 class=\"entityItemContentTitle\">        <a href=\"https:\/\/www.osezmauges.fr\/evenements-pro\/organiser-son-evenement-pro\/team-building-angers-nantes-cholet\/activites-ludiques\/cluedo-geant-teambuilding-musee-des-metiers\/\">Cluedo g\u00e9ant au Mus\u00e9e des m\u00e9tiers<\/a>\n        <\/h3>\n            <\/div>\n\n    \n    <\/div>\n                    <\/div>\n                <\/div>\n            <\/div>\n\n        \n    <\/div>\n<\/div>","protected":false},"excerpt":{"rendered":"<p>Pour vos team-building, incentive ou r\u00e9unions d&rsquo;entreprise, optez pour un h\u00f4tel-restaurant embl\u00e9matique au c\u0153ur des Mauges : le Logis d&rsquo;Elb\u00e9e. \u00c0 votre disposition : trois salles dont l&rsquo;une pouvant accueillir jusqu&rsquo;\u00e0 300 personnes pour un d\u00eener ou d\u00e9jeuner professionnel. La restauration et l&rsquo;hebergement viennent compl\u00e9ter la proposition de ce lieu. Pourquoi les choisir ? Salles [&hellip;]<\/p>\n","protected":false},"author":12,"featured_media":18819,"parent":40,"menu_order":0,"comment_status":"closed","ping_status":"closed","template":"","meta":{"_relevanssi_hide_post":"","_relevanssi_hide_content":"","_relevanssi_pin_for_all":"","_relevanssi_pin_keywords":"","_relevanssi_unpin_keywords":"","_relevanssi_related_keywords":"","_relevanssi_related_include_ids":"","_relevanssi_related_exclude_ids":"","_relevanssi_related_no_append":"","_relevanssi_related_not_related":"","_relevanssi_related_posts":"11686,13242,17174,11525,7875,7797","_relevanssi_noindex_reason":"","footnotes":""},"class_list":["post-18809","page","type-page","status-publish","has-post-thumbnail","hentry"],"acf":[],"yoast_head":"<!-- This site is optimized with the Yoast SEO plugin v26.9 - https:\/\/yoast.com\/product\/yoast-seo-wordpress\/ -->\n<title>Salles de s\u00e9minaire le Logis d&#039;Elb\u00e9e - R\u00e9unions, h\u00f4tel et restaurant<\/title>\n<meta name=\"description\" content=\"Pour vos team-building entre Angers, Nantes et Cholet, profitez d&#039;un h\u00f4tel-restaurant embl\u00e9matique. H\u00e9bergement, restauration et salles de r\u00e9ception sur place.\" \/>\n<meta name=\"robots\" content=\"index, follow, max-snippet:-1, max-image-preview:large, max-video-preview:-1\" \/>\n<link rel=\"canonical\" href=\"https:\/\/www.osezmauges.fr\/evenements-pro\/organiser-son-evenement-pro\/salle-seminaire\/salles-seminaire-logis-delbee\/\" \/>\n<meta property=\"og:locale\" content=\"fr_FR\" \/>\n<meta property=\"og:type\" content=\"article\" \/>\n<meta property=\"og:title\" content=\"Salles de s\u00e9minaire le Logis d&#039;Elb\u00e9e - R\u00e9unions, h\u00f4tel et restaurant\" \/>\n<meta property=\"og:description\" content=\"Pour vos team-building entre Angers, Nantes et Cholet, profitez d&#039;un h\u00f4tel-restaurant embl\u00e9matique. H\u00e9bergement, restauration et salles de r\u00e9ception sur place.\" \/>\n<meta property=\"og:url\" content=\"https:\/\/www.osezmauges.fr\/evenements-pro\/organiser-son-evenement-pro\/salle-seminaire\/salles-seminaire-logis-delbee\/\" \/>\n<meta property=\"og:site_name\" content=\"Osez Mauges - Tourisme d&#039;affaire\" \/>\n<meta property=\"article:modified_time\" content=\"2026-03-27T20:32:22+00:00\" \/>\n<meta property=\"og:image\" content=\"https:\/\/www.osezmauges.fr\/evenements-pro\/wp-content\/uploads\/sites\/2\/2026\/03\/image2.png\" \/>\n\t<meta property=\"og:image:width\" content=\"640\" \/>\n\t<meta property=\"og:image:height\" content=\"360\" \/>\n\t<meta property=\"og:image:type\" content=\"image\/png\" \/>\n<meta name=\"twitter:card\" content=\"summary_large_image\" \/>\n<meta name=\"twitter:label1\" content=\"Dur\u00e9e de lecture estim\u00e9e\" \/>\n\t<meta name=\"twitter:data1\" content=\"3 minutes\" \/>\n<script type=\"application\/ld+json\" class=\"yoast-schema-graph\">{\"@context\":\"https:\/\/schema.org\",\"@graph\":[{\"@type\":\"WebPage\",\"@id\":\"https:\/\/www.osezmauges.fr\/evenements-pro\/organiser-son-evenement-pro\/salle-seminaire\/salles-seminaire-logis-delbee\/\",\"url\":\"https:\/\/www.osezmauges.fr\/evenements-pro\/organiser-son-evenement-pro\/salle-seminaire\/salles-seminaire-logis-delbee\/\",\"name\":\"Salles de s\u00e9minaire le Logis d'Elb\u00e9e - R\u00e9unions, h\u00f4tel et restaurant\",\"isPartOf\":{\"@id\":\"https:\/\/www.osezmauges.fr\/evenements-pro\/#website\"},\"primaryImageOfPage\":{\"@id\":\"https:\/\/www.osezmauges.fr\/evenements-pro\/organiser-son-evenement-pro\/salle-seminaire\/salles-seminaire-logis-delbee\/#primaryimage\"},\"image\":{\"@id\":\"https:\/\/www.osezmauges.fr\/evenements-pro\/organiser-son-evenement-pro\/salle-seminaire\/salles-seminaire-logis-delbee\/#primaryimage\"},\"thumbnailUrl\":\"https:\/\/www.osezmauges.fr\/evenements-pro\/wp-content\/uploads\/sites\/2\/2026\/03\/image2.png\",\"datePublished\":\"2026-03-27T20:28:30+00:00\",\"dateModified\":\"2026-03-27T20:32:22+00:00\",\"description\":\"Pour vos team-building entre Angers, Nantes et Cholet, profitez d'un h\u00f4tel-restaurant embl\u00e9matique. H\u00e9bergement, restauration et salles de r\u00e9ception sur place.\",\"breadcrumb\":{\"@id\":\"https:\/\/www.osezmauges.fr\/evenements-pro\/organiser-son-evenement-pro\/salle-seminaire\/salles-seminaire-logis-delbee\/#breadcrumb\"},\"inLanguage\":\"fr-FR\",\"potentialAction\":[{\"@type\":\"ReadAction\",\"target\":[\"https:\/\/www.osezmauges.fr\/evenements-pro\/organiser-son-evenement-pro\/salle-seminaire\/salles-seminaire-logis-delbee\/\"]}]},{\"@type\":\"ImageObject\",\"inLanguage\":\"fr-FR\",\"@id\":\"https:\/\/www.osezmauges.fr\/evenements-pro\/organiser-son-evenement-pro\/salle-seminaire\/salles-seminaire-logis-delbee\/#primaryimage\",\"url\":\"https:\/\/www.osezmauges.fr\/evenements-pro\/wp-content\/uploads\/sites\/2\/2026\/03\/image2.png\",\"contentUrl\":\"https:\/\/www.osezmauges.fr\/evenements-pro\/wp-content\/uploads\/sites\/2\/2026\/03\/image2.png\",\"width\":640,\"height\":360},{\"@type\":\"BreadcrumbList\",\"@id\":\"https:\/\/www.osezmauges.fr\/evenements-pro\/organiser-son-evenement-pro\/salle-seminaire\/salles-seminaire-logis-delbee\/#breadcrumb\",\"itemListElement\":[{\"@type\":\"ListItem\",\"position\":1,\"name\":\"Accueil\",\"item\":\"https:\/\/www.osezmauges.fr\/evenements-pro\/\"},{\"@type\":\"ListItem\",\"position\":2,\"name\":\"Organiser son \u00e9v\u00e9nement d\u2019entreprise\",\"item\":\"https:\/\/www.osezmauges.fr\/evenements-pro\/organiser-son-evenement-pro\/\"},{\"@type\":\"ListItem\",\"position\":3,\"name\":\"Salles de s\u00e9minaire\",\"item\":\"https:\/\/www.osezmauges.fr\/evenements-pro\/organiser-son-evenement-pro\/salle-seminaire\/\"},{\"@type\":\"ListItem\",\"position\":4,\"name\":\"Salles de s\u00e9minaire &#8211; Le Logis d&rsquo;Elb\u00e9e\"}]},{\"@type\":\"WebSite\",\"@id\":\"https:\/\/www.osezmauges.fr\/evenements-pro\/#website\",\"url\":\"https:\/\/www.osezmauges.fr\/evenements-pro\/\",\"name\":\"Osez Mauges - Tourisme d&#039;affaire\",\"description\":\"\u00d4sez Mauges\",\"potentialAction\":[{\"@type\":\"SearchAction\",\"target\":{\"@type\":\"EntryPoint\",\"urlTemplate\":\"https:\/\/www.osezmauges.fr\/evenements-pro\/?s={search_term_string}\"},\"query-input\":{\"@type\":\"PropertyValueSpecification\",\"valueRequired\":true,\"valueName\":\"search_term_string\"}}],\"inLanguage\":\"fr-FR\"}]}<\/script>\n<!-- \/ Yoast SEO plugin. -->","yoast_head_json":{"title":"Salles de s\u00e9minaire le Logis d'Elb\u00e9e - R\u00e9unions, h\u00f4tel et restaurant","description":"Pour vos team-building entre Angers, Nantes et Cholet, profitez d'un h\u00f4tel-restaurant embl\u00e9matique. H\u00e9bergement, restauration et salles de r\u00e9ception sur place.","robots":{"index":"index","follow":"follow","max-snippet":"max-snippet:-1","max-image-preview":"max-image-preview:large","max-video-preview":"max-video-preview:-1"},"canonical":"https:\/\/www.osezmauges.fr\/evenements-pro\/organiser-son-evenement-pro\/salle-seminaire\/salles-seminaire-logis-delbee\/","og_locale":"fr_FR","og_type":"article","og_title":"Salles de s\u00e9minaire le Logis d'Elb\u00e9e - R\u00e9unions, h\u00f4tel et restaurant","og_description":"Pour vos team-building entre Angers, Nantes et Cholet, profitez d'un h\u00f4tel-restaurant embl\u00e9matique. H\u00e9bergement, restauration et salles de r\u00e9ception sur place.","og_url":"https:\/\/www.osezmauges.fr\/evenements-pro\/organiser-son-evenement-pro\/salle-seminaire\/salles-seminaire-logis-delbee\/","og_site_name":"Osez Mauges - Tourisme d&#039;affaire","article_modified_time":"2026-03-27T20:32:22+00:00","og_image":[{"width":640,"height":360,"url":"https:\/\/www.osezmauges.fr\/evenements-pro\/wp-content\/uploads\/sites\/2\/2026\/03\/image2.png","type":"image\/png"}],"twitter_card":"summary_large_image","twitter_misc":{"Dur\u00e9e de lecture estim\u00e9e":"3 minutes"},"schema":{"@context":"https:\/\/schema.org","@graph":[{"@type":"WebPage","@id":"https:\/\/www.osezmauges.fr\/evenements-pro\/organiser-son-evenement-pro\/salle-seminaire\/salles-seminaire-logis-delbee\/","url":"https:\/\/www.osezmauges.fr\/evenements-pro\/organiser-son-evenement-pro\/salle-seminaire\/salles-seminaire-logis-delbee\/","name":"Salles de s\u00e9minaire le Logis d'Elb\u00e9e - R\u00e9unions, h\u00f4tel et restaurant","isPartOf":{"@id":"https:\/\/www.osezmauges.fr\/evenements-pro\/#website"},"primaryImageOfPage":{"@id":"https:\/\/www.osezmauges.fr\/evenements-pro\/organiser-son-evenement-pro\/salle-seminaire\/salles-seminaire-logis-delbee\/#primaryimage"},"image":{"@id":"https:\/\/www.osezmauges.fr\/evenements-pro\/organiser-son-evenement-pro\/salle-seminaire\/salles-seminaire-logis-delbee\/#primaryimage"},"thumbnailUrl":"https:\/\/www.osezmauges.fr\/evenements-pro\/wp-content\/uploads\/sites\/2\/2026\/03\/image2.png","datePublished":"2026-03-27T20:28:30+00:00","dateModified":"2026-03-27T20:32:22+00:00","description":"Pour vos team-building entre Angers, Nantes et Cholet, profitez d'un h\u00f4tel-restaurant embl\u00e9matique. H\u00e9bergement, restauration et salles de r\u00e9ception sur place.","breadcrumb":{"@id":"https:\/\/www.osezmauges.fr\/evenements-pro\/organiser-son-evenement-pro\/salle-seminaire\/salles-seminaire-logis-delbee\/#breadcrumb"},"inLanguage":"fr-FR","potentialAction":[{"@type":"ReadAction","target":["https:\/\/www.osezmauges.fr\/evenements-pro\/organiser-son-evenement-pro\/salle-seminaire\/salles-seminaire-logis-delbee\/"]}]},{"@type":"ImageObject","inLanguage":"fr-FR","@id":"https:\/\/www.osezmauges.fr\/evenements-pro\/organiser-son-evenement-pro\/salle-seminaire\/salles-seminaire-logis-delbee\/#primaryimage","url":"https:\/\/www.osezmauges.fr\/evenements-pro\/wp-content\/uploads\/sites\/2\/2026\/03\/image2.png","contentUrl":"https:\/\/www.osezmauges.fr\/evenements-pro\/wp-content\/uploads\/sites\/2\/2026\/03\/image2.png","width":640,"height":360},{"@type":"BreadcrumbList","@id":"https:\/\/www.osezmauges.fr\/evenements-pro\/organiser-son-evenement-pro\/salle-seminaire\/salles-seminaire-logis-delbee\/#breadcrumb","itemListElement":[{"@type":"ListItem","position":1,"name":"Accueil","item":"https:\/\/www.osezmauges.fr\/evenements-pro\/"},{"@type":"ListItem","position":2,"name":"Organiser son \u00e9v\u00e9nement d\u2019entreprise","item":"https:\/\/www.osezmauges.fr\/evenements-pro\/organiser-son-evenement-pro\/"},{"@type":"ListItem","position":3,"name":"Salles de s\u00e9minaire","item":"https:\/\/www.osezmauges.fr\/evenements-pro\/organiser-son-evenement-pro\/salle-seminaire\/"},{"@type":"ListItem","position":4,"name":"Salles de s\u00e9minaire &#8211; Le Logis d&rsquo;Elb\u00e9e"}]},{"@type":"WebSite","@id":"https:\/\/www.osezmauges.fr\/evenements-pro\/#website","url":"https:\/\/www.osezmauges.fr\/evenements-pro\/","name":"Osez Mauges - Tourisme d&#039;affaire","description":"\u00d4sez Mauges","potentialAction":[{"@type":"SearchAction","target":{"@type":"EntryPoint","urlTemplate":"https:\/\/www.osezmauges.fr\/evenements-pro\/?s={search_term_string}"},"query-input":{"@type":"PropertyValueSpecification","valueRequired":true,"valueName":"search_term_string"}}],"inLanguage":"fr-FR"}]}},"_links":{"self":[{"href":"https:\/\/www.osezmauges.fr\/evenements-pro\/wp-json\/wp\/v2\/pages\/18809","targetHints":{"allow":["GET"]}}],"collection":[{"href":"https:\/\/www.osezmauges.fr\/evenements-pro\/wp-json\/wp\/v2\/pages"}],"about":[{"href":"https:\/\/www.osezmauges.fr\/evenements-pro\/wp-json\/wp\/v2\/types\/page"}],"author":[{"embeddable":true,"href":"https:\/\/www.osezmauges.fr\/evenements-pro\/wp-json\/wp\/v2\/users\/12"}],"replies":[{"embeddable":true,"href":"https:\/\/www.osezmauges.fr\/evenements-pro\/wp-json\/wp\/v2\/comments?post=18809"}],"version-history":[{"count":4,"href":"https:\/\/www.osezmauges.fr\/evenements-pro\/wp-json\/wp\/v2\/pages\/18809\/revisions"}],"predecessor-version":[{"id":18823,"href":"https:\/\/www.osezmauges.fr\/evenements-pro\/wp-json\/wp\/v2\/pages\/18809\/revisions\/18823"}],"up":[{"embeddable":true,"href":"https:\/\/www.osezmauges.fr\/evenements-pro\/wp-json\/wp\/v2\/pages\/40"}],"wp:featuredmedia":[{"embeddable":true,"href":"https:\/\/www.osezmauges.fr\/evenements-pro\/wp-json\/wp\/v2\/media\/18819"}],"wp:attachment":[{"href":"https:\/\/www.osezmauges.fr\/evenements-pro\/wp-json\/wp\/v2\/media?parent=18809"}],"curies":[{"name":"wp","href":"https:\/\/api.w.org\/{rel}","templated":true}]}}