{"id":19001,"date":"2026-04-07T21:56:01","date_gmt":"2026-04-07T19:56:01","guid":{"rendered":"https:\/\/www.osezmauges.fr\/evenements-pro\/?page_id=19001"},"modified":"2026-04-07T22:00:16","modified_gmt":"2026-04-07T20:00:16","slug":"chapiteau-un-pas-de-cote","status":"publish","type":"page","link":"https:\/\/www.osezmauges.fr\/evenements-pro\/organiser-son-evenement-pro\/salle-seminaire\/chapiteau-un-pas-de-cote\/","title":{"rendered":"Votre \u00e9v\u00e9nement sous chapiteau avec Un Pas De C\u00f4t\u00e9"},"content":{"rendered":"\n<div class=\"wp-block-columns is-layout-flex wp-container-core-columns-is-layout-9d6595d7 wp-block-columns-is-layout-flex\">\n<div class=\"wp-block-column is-layout-flow wp-block-column-is-layout-flow\">\n<p class=\"is-style-excerpt\">Dans une ambiance guinguette et artistique, profitez d&rsquo;un espace original et bucolique au coeur du Domaine Culturel de l&rsquo;Aubance \u00e0 une trentaine de kilom\u00e8tres de Cholet. Sur place, un chapiteau de cirque pos\u00e9 au coeur d&rsquo;un vaste espace ext\u00e9rieur pour accueillir vos \u00e9v\u00e9nements, cocktails ou autres rassemblements en grand comit\u00e9. Une exp\u00e9rience \u00e9coresponsable et originale pour bouleverser les codes.<\/p>\n<\/div>\n\n\n\n<div class=\"wp-block-column is-layout-flow wp-block-column-is-layout-flow\"><div class=\"wp-block wp-block-highlight\">\n                <p class=\"wp-block-highlight-item wp-block-highlight-excerpt\">Domaine Culturel<br>4 chemin de la Fontaine<br>Saint-L\u00e9zin<br>49120 CHEMILL\u00c9-EN-ANJOU<br><br>Votre contact : <strong>Vincent POINT<\/strong><br>02 41 55 48 66<br>info@unpasdecote.asso.fr<br><a href=\"https:\/\/unpasdecote.asso.fr\/\" type=\"link\" id=\"https:\/\/unpasdecote.asso.fr\/\">Site web<\/a><\/p>\n    <\/div><\/div>\n<\/div>\n\n\n\n<figure class=\"wp-block-gallery alignfull has-nested-images columns-default is-cropped wp-block-gallery-1 is-layout-flex wp-block-gallery-is-layout-flex\">\n<figure class=\"wp-block-image size-large\"><img width=\"1200\" height=\"395\" data-id=\"19003\" data-src=\"https:\/\/www.osezmauges.fr\/evenements-pro\/wp-content\/uploads\/sites\/2\/2026\/04\/Un-pas-de-cote-1200x395.jpg\" alt=\"\" class=\"wp-image-19003\" srcset=\"https:\/\/www.osezmauges.fr\/evenements-pro\/wp-content\/uploads\/sites\/2\/2026\/04\/Un-pas-de-cote-1200x395.jpg 1200w, https:\/\/www.osezmauges.fr\/evenements-pro\/wp-content\/uploads\/sites\/2\/2026\/04\/Un-pas-de-cote-600x198.jpg 600w, https:\/\/www.osezmauges.fr\/evenements-pro\/wp-content\/uploads\/sites\/2\/2026\/04\/Un-pas-de-cote-300x99.jpg 300w, https:\/\/www.osezmauges.fr\/evenements-pro\/wp-content\/uploads\/sites\/2\/2026\/04\/Un-pas-de-cote-900x297.jpg 900w, https:\/\/www.osezmauges.fr\/evenements-pro\/wp-content\/uploads\/sites\/2\/2026\/04\/Un-pas-de-cote-1536x506.jpg 1536w, https:\/\/www.osezmauges.fr\/evenements-pro\/wp-content\/uploads\/sites\/2\/2026\/04\/Un-pas-de-cote-650x214.jpg 650w, https:\/\/www.osezmauges.fr\/evenements-pro\/wp-content\/uploads\/sites\/2\/2026\/04\/Un-pas-de-cote.jpg 1599w\" sizes=\"(max-width: 1200px) 100vw, 1200px\" \/><\/figure>\n\n\n\n<figure class=\"wp-block-image size-large\"><img width=\"1200\" height=\"547\" data-id=\"19002\" data-src=\"https:\/\/www.osezmauges.fr\/evenements-pro\/wp-content\/uploads\/sites\/2\/2026\/04\/Un-pas-de-cote-2-1200x547.png\" alt=\"\" class=\"wp-image-19002\" srcset=\"https:\/\/www.osezmauges.fr\/evenements-pro\/wp-content\/uploads\/sites\/2\/2026\/04\/Un-pas-de-cote-2-1200x547.png 1200w, https:\/\/www.osezmauges.fr\/evenements-pro\/wp-content\/uploads\/sites\/2\/2026\/04\/Un-pas-de-cote-2-600x273.png 600w, https:\/\/www.osezmauges.fr\/evenements-pro\/wp-content\/uploads\/sites\/2\/2026\/04\/Un-pas-de-cote-2-300x137.png 300w, https:\/\/www.osezmauges.fr\/evenements-pro\/wp-content\/uploads\/sites\/2\/2026\/04\/Un-pas-de-cote-2-900x410.png 900w, https:\/\/www.osezmauges.fr\/evenements-pro\/wp-content\/uploads\/sites\/2\/2026\/04\/Un-pas-de-cote-2-650x296.png 650w, https:\/\/www.osezmauges.fr\/evenements-pro\/wp-content\/uploads\/sites\/2\/2026\/04\/Un-pas-de-cote-2-350x160.png 350w, https:\/\/www.osezmauges.fr\/evenements-pro\/wp-content\/uploads\/sites\/2\/2026\/04\/Un-pas-de-cote-2.png 1495w\" sizes=\"(max-width: 1200px) 100vw, 1200px\" \/><\/figure>\n<\/figure>\n\n\n\n<h2 class=\"wp-block-heading\">Pourquoi les choisir ?<\/h2>\n\n\n\n<ul class=\"wp-block-list\">\n<li>Misez sur l&rsquo;originalit\u00e9 avec ce chapiteau de cirque moderne et modulable pour tous types d&rsquo;\u00e9v\u00e9nements (repas, cocktails, assembl\u00e9es, et m\u00eame r\u00e9unions)<br>De multiples activit\u00e9s artistiques possibles pour accompagner ces rassemblements : musique, cirque, th\u00e9\u00e2tre&#8230; et la programmation de spectacles et de cabarets<br>Votre \u00e9v\u00e9nement au coeur d&rsquo;un espace \u00e9coresponsable !<\/li>\n<\/ul>\n\n\n\n<figure class=\"wp-block-gallery alignwide has-nested-images columns-default is-cropped wp-block-gallery-2 is-layout-flex wp-block-gallery-is-layout-flex\">\n<figure class=\"wp-block-image size-large\"><img width=\"1200\" height=\"900\" data-id=\"19004\" data-src=\"https:\/\/www.osezmauges.fr\/evenements-pro\/wp-content\/uploads\/sites\/2\/2026\/04\/Un-pas-de-cote-4.jpg\" alt=\"\" class=\"wp-image-19004\" srcset=\"https:\/\/www.osezmauges.fr\/evenements-pro\/wp-content\/uploads\/sites\/2\/2026\/04\/Un-pas-de-cote-4.jpg 1200w, https:\/\/www.osezmauges.fr\/evenements-pro\/wp-content\/uploads\/sites\/2\/2026\/04\/Un-pas-de-cote-4-600x450.jpg 600w, https:\/\/www.osezmauges.fr\/evenements-pro\/wp-content\/uploads\/sites\/2\/2026\/04\/Un-pas-de-cote-4-300x225.jpg 300w, https:\/\/www.osezmauges.fr\/evenements-pro\/wp-content\/uploads\/sites\/2\/2026\/04\/Un-pas-de-cote-4-900x675.jpg 900w, https:\/\/www.osezmauges.fr\/evenements-pro\/wp-content\/uploads\/sites\/2\/2026\/04\/Un-pas-de-cote-4-650x488.jpg 650w\" sizes=\"(max-width: 1200px) 100vw, 1200px\" \/><\/figure>\n\n\n\n<figure class=\"wp-block-image size-large\"><img width=\"1200\" height=\"900\" data-id=\"19005\" data-src=\"https:\/\/www.osezmauges.fr\/evenements-pro\/wp-content\/uploads\/sites\/2\/2026\/04\/Un-pas-de-cote-3.jpg\" alt=\"\" class=\"wp-image-19005\" srcset=\"https:\/\/www.osezmauges.fr\/evenements-pro\/wp-content\/uploads\/sites\/2\/2026\/04\/Un-pas-de-cote-3.jpg 1200w, https:\/\/www.osezmauges.fr\/evenements-pro\/wp-content\/uploads\/sites\/2\/2026\/04\/Un-pas-de-cote-3-600x450.jpg 600w, https:\/\/www.osezmauges.fr\/evenements-pro\/wp-content\/uploads\/sites\/2\/2026\/04\/Un-pas-de-cote-3-300x225.jpg 300w, https:\/\/www.osezmauges.fr\/evenements-pro\/wp-content\/uploads\/sites\/2\/2026\/04\/Un-pas-de-cote-3-900x675.jpg 900w, https:\/\/www.osezmauges.fr\/evenements-pro\/wp-content\/uploads\/sites\/2\/2026\/04\/Un-pas-de-cote-3-650x488.jpg 650w\" sizes=\"(max-width: 1200px) 100vw, 1200px\" \/><\/figure>\n<\/figure>\n\n\n\n<h2 class=\"wp-block-heading\">Salles et prestations sur place<\/h2>\n\n\n\n<figure class=\"wp-block-table alignwide\"><table class=\"has-fixed-layout\"><thead><tr><th class=\"has-text-align-center\" data-align=\"center\">Salles<\/th><th class=\"has-text-align-center\" data-align=\"center\">Surface<\/th><th class=\"has-text-align-center\" data-align=\"center\">En U<\/th><th class=\"has-text-align-center\" data-align=\"center\">Assembl\u00e9e<\/th><th class=\"has-text-align-center\" data-align=\"center\">Repas<\/th><th class=\"has-text-align-center\" data-align=\"center\">Classe<\/th><th class=\"has-text-align-center\" data-align=\"center\">Cocktail<\/th><th class=\"has-text-align-center\" data-align=\"center\">R\u00e9union<\/th><\/tr><\/thead><tbody><tr><td class=\"has-text-align-center\" data-align=\"center\">Chapiteau<\/td><td class=\"has-text-align-center\" data-align=\"center\">314m\u00b2<\/td><td class=\"has-text-align-center\" data-align=\"center\">&#8211;<\/td><td class=\"has-text-align-center\" data-align=\"center\">200<\/td><td class=\"has-text-align-center\" data-align=\"center\">150<\/td><td class=\"has-text-align-center\" data-align=\"center\">&#8211;<\/td><td class=\"has-text-align-center\" data-align=\"center\">250<\/td><td class=\"has-text-align-center\" data-align=\"center\">150<\/td><\/tr><tr><td class=\"has-text-align-center\" data-align=\"center\">Barnum<\/td><td class=\"has-text-align-center\" data-align=\"center\">72m\u00b2<\/td><td class=\"has-text-align-center\" data-align=\"center\">&#8211;<\/td><td class=\"has-text-align-center\" data-align=\"center\">50<\/td><td class=\"has-text-align-center\" data-align=\"center\">&#8211;<\/td><td class=\"has-text-align-center\" data-align=\"center\">&#8211;<\/td><td class=\"has-text-align-center\" data-align=\"center\">50<\/td><td class=\"has-text-align-center\" data-align=\"center\">&#8211;<\/td><\/tr><tr><td class=\"has-text-align-center\" data-align=\"center\">Pr\u00e9au<\/td><td class=\"has-text-align-center\" data-align=\"center\">120m\u00b2<\/td><td class=\"has-text-align-center\" data-align=\"center\">&#8211;<\/td><td class=\"has-text-align-center\" data-align=\"center\">80<\/td><td class=\"has-text-align-center\" data-align=\"center\">40<\/td><td class=\"has-text-align-center\" data-align=\"center\">&#8211;<\/td><td class=\"has-text-align-center\" data-align=\"center\">80<\/td><td class=\"has-text-align-center\" data-align=\"center\">&#8211;<\/td><\/tr><tr><td class=\"has-text-align-center\" data-align=\"center\">Espace ext\u00e9rieur<\/td><td class=\"has-text-align-center\" data-align=\"center\">&#8211;<\/td><td class=\"has-text-align-center\" data-align=\"center\">&#8211;<\/td><td class=\"has-text-align-center\" data-align=\"center\">&#8211;<\/td><td class=\"has-text-align-center\" data-align=\"center\">250<\/td><td class=\"has-text-align-center\" data-align=\"center\">&#8211;<\/td><td class=\"has-text-align-center\" data-align=\"center\">250<\/td><td class=\"has-text-align-center\" data-align=\"center\">&#8211;<\/td><\/tr><tr><td class=\"has-text-align-center\" data-align=\"center\">Salle du domaine<\/td><td class=\"has-text-align-center\" data-align=\"center\">80m\u00b2<\/td><td class=\"has-text-align-center\" data-align=\"center\">&#8211;<\/td><td class=\"has-text-align-center\" data-align=\"center\">&#8211;<\/td><td class=\"has-text-align-center\" data-align=\"center\">&#8211;<\/td><td class=\"has-text-align-center\" data-align=\"center\">&#8211;<\/td><td class=\"has-text-align-center\" data-align=\"center\">&#8211;<\/td><td class=\"has-text-align-center\" data-align=\"center\">30<\/td><\/tr><\/tbody><\/table><\/figure>\n\n\n\n<h3 class=\"wp-block-heading\">Sur place :<\/h3>\n\n\n\n<ul class=\"wp-block-list\">\n<li>Chapiteau de cirque<br>Cuisine et bar type guinguette<br>Pr\u00e9au<br>Barnum 6x12m<br>Paperboard<br>Carnets &amp; crayons<br>Vid\u00e9oprojecteur<br>Sonorisation et micro<br>\u00c9cran<br>Visioconf\u00e9rence<br>Office traiteur<\/li>\n<\/ul>\n\n\n\n<div class=\"wp-block wp-block-related-post clear alignfull\">\n    <div class=\"container\">\n\n        <div class=\"article\">\n\t\t                    <h2 class=\"wp-block-related-post-title\">Activit\u00e9s \u00e0 proximit\u00e9<\/h2>\n\t\t    \n\t\t            <\/div>\n\n\t    \n            <div class=\"wp-block-related-post-inner\">\n                <div   data-slides-per-view=\"4\">\n                    <div class=\"wp-block-related-post-list wp-block-related-post-list-3\">\n\t\t\t\t\t    \n<div class=\"entityItem\"      data-trigger=\"wpiris-click\">\n    <p class=\"entityItemThumbnail\">\n        <a href=\"https:\/\/www.osezmauges.fr\/evenements-pro\/organiser-son-evenement-pro\/team-building-angers-nantes-cholet\/activites-ludiques\/team-building-jeu-en-bois\/\" nofancybox>\n            <img src=\n            \"https:\/\/www.osezmauges.fr\/evenements-pro\/wp-content\/uploads\/sites\/2\/2024\/01\/o-prestige-du-bois-2-380x430.jpg\" alt=\"\u00d4 Prestige du Bois &#8211; Jeux en bois pour vos \u00e9v\u00e9nements d&rsquo;entreprise\">\n        <\/a>\n    <\/p>\n        <div class=\"entityItemContent\">\n        \n        \n        <h3 class=\"entityItemContentTitle\">        <a href=\"https:\/\/www.osezmauges.fr\/evenements-pro\/organiser-son-evenement-pro\/team-building-angers-nantes-cholet\/activites-ludiques\/team-building-jeu-en-bois\/\">\u00d4 Prestige du Bois &#8211; Jeux en bois pour vos \u00e9v\u00e9nements d&rsquo;entreprise<\/a>\n        <\/h3>\n            <\/div>\n\n    \n    <\/div>\n\n<div class=\"entityItem\"      data-trigger=\"wpiris-click\">\n    <p class=\"entityItemThumbnail\">\n        <a href=\"https:\/\/www.osezmauges.fr\/evenements-pro\/organiser-son-evenement-pro\/team-building-angers-nantes-cholet\/activites-ludiques\/olympiades-et-challenge-100-fun-avec-pierre-evenements\/\" nofancybox>\n            <img src=\n            \"https:\/\/www.osezmauges.fr\/evenements-pro\/wp-content\/uploads\/sites\/2\/2025\/06\/457099294_494421180008173_3537085234567233962_n-380x430.jpg\" alt=\"Olympiades et challenge 100% fun avec Pierre \u00c9v\u00e8nements\">\n        <\/a>\n    <\/p>\n        <div class=\"entityItemContent\">\n        \n        \n        <h3 class=\"entityItemContentTitle\">        <a href=\"https:\/\/www.osezmauges.fr\/evenements-pro\/organiser-son-evenement-pro\/team-building-angers-nantes-cholet\/activites-ludiques\/olympiades-et-challenge-100-fun-avec-pierre-evenements\/\">Olympiades et challenge 100% fun avec Pierre \u00c9v\u00e8nements<\/a>\n        <\/h3>\n            <\/div>\n\n    \n    <\/div>\n\n<div class=\"entityItem\"      data-trigger=\"wpiris-click\">\n    <p class=\"entityItemThumbnail\">\n        <a href=\"https:\/\/www.osezmauges.fr\/evenements-pro\/organiser-son-evenement-pro\/team-building-angers-nantes-cholet\/activites-sportives\/jeu-piste-chateau-martreil\/\" nofancybox>\n            <img src=\n            \"https:\/\/www.osezmauges.fr\/evenements-pro\/wp-content\/uploads\/sites\/2\/2022\/04\/chateau-martreil-ste-christine-escape-game-casino-osez-mauges-ceamains-cadenas-\u00a9MMinard-380x430.jpg\" alt=\"Jeu de piste, grimpe d&rsquo;arbre et escape game au Ch\u00e2teau du Martreil\">\n        <\/a>\n    <\/p>\n        <div class=\"entityItemContent\">\n        \n        \n        <h3 class=\"entityItemContentTitle\">        <a href=\"https:\/\/www.osezmauges.fr\/evenements-pro\/organiser-son-evenement-pro\/team-building-angers-nantes-cholet\/activites-sportives\/jeu-piste-chateau-martreil\/\">Jeu de piste, grimpe d&rsquo;arbre et escape game au Ch\u00e2teau du Martreil<\/a>\n        <\/h3>\n            <\/div>\n\n    \n    <\/div>\n                    <\/div>\n                <\/div>\n            <\/div>\n\n        \n    <\/div>\n<\/div>\n\n\n<p><\/p>\n","protected":false},"excerpt":{"rendered":"<p>Dans une ambiance guinguette et artistique, profitez d&rsquo;un espace original et bucolique au coeur du Domaine Culturel de l&rsquo;Aubance \u00e0 une trentaine de kilom\u00e8tres de Cholet. Sur place, un chapiteau de cirque pos\u00e9 au coeur d&rsquo;un vaste espace ext\u00e9rieur pour accueillir vos \u00e9v\u00e9nements, cocktails ou autres rassemblements en grand comit\u00e9. Une exp\u00e9rience \u00e9coresponsable et originale [&hellip;]<\/p>\n","protected":false},"author":12,"featured_media":19002,"parent":40,"menu_order":0,"comment_status":"closed","ping_status":"closed","template":"","meta":{"_relevanssi_hide_post":"","_relevanssi_hide_content":"","_relevanssi_pin_for_all":"","_relevanssi_pin_keywords":"","_relevanssi_unpin_keywords":"","_relevanssi_related_keywords":"","_relevanssi_related_include_ids":"","_relevanssi_related_exclude_ids":"","_relevanssi_related_no_append":"","_relevanssi_related_not_related":"","_relevanssi_related_posts":"10048,12807,16864,12005,11382,11525","_relevanssi_noindex_reason":"","footnotes":""},"class_list":["post-19001","page","type-page","status-publish","has-post-thumbnail","hentry"],"acf":[],"yoast_head":"<!-- This site is optimized with the Yoast SEO plugin v26.9 - https:\/\/yoast.com\/product\/yoast-seo-wordpress\/ -->\n<title>Votre \u00e9v\u00e9nement d&#039;entreprise sous chapiteau \u00e0 proximit\u00e9 de Cholet<\/title>\n<meta name=\"description\" content=\"Organisez votre \u00e9v\u00e9nement d&#039;entreprise sous un chapiteau de cirque moderne dans un espace \u00e9coresponsable et bucolique, ambiance guinguette.\" \/>\n<meta name=\"robots\" content=\"index, follow, max-snippet:-1, max-image-preview:large, max-video-preview:-1\" \/>\n<link rel=\"canonical\" href=\"https:\/\/www.osezmauges.fr\/evenements-pro\/organiser-son-evenement-pro\/salle-seminaire\/chapiteau-un-pas-de-cote\/\" \/>\n<meta property=\"og:locale\" content=\"fr_FR\" \/>\n<meta property=\"og:type\" content=\"article\" \/>\n<meta property=\"og:title\" content=\"Votre \u00e9v\u00e9nement d&#039;entreprise sous chapiteau \u00e0 proximit\u00e9 de Cholet\" \/>\n<meta property=\"og:description\" content=\"Organisez votre \u00e9v\u00e9nement d&#039;entreprise sous un chapiteau de cirque moderne dans un espace \u00e9coresponsable et bucolique, ambiance guinguette.\" \/>\n<meta property=\"og:url\" content=\"https:\/\/www.osezmauges.fr\/evenements-pro\/organiser-son-evenement-pro\/salle-seminaire\/chapiteau-un-pas-de-cote\/\" \/>\n<meta property=\"og:site_name\" content=\"Osez Mauges - Tourisme d&#039;affaire\" \/>\n<meta property=\"article:modified_time\" content=\"2026-04-07T20:00:16+00:00\" \/>\n<meta property=\"og:image\" content=\"https:\/\/www.osezmauges.fr\/evenements-pro\/wp-content\/uploads\/sites\/2\/2026\/04\/Un-pas-de-cote-2.png\" \/>\n\t<meta property=\"og:image:width\" content=\"1495\" \/>\n\t<meta property=\"og:image:height\" content=\"681\" \/>\n\t<meta property=\"og:image:type\" content=\"image\/png\" \/>\n<meta name=\"twitter:card\" content=\"summary_large_image\" \/>\n<meta name=\"twitter:label1\" content=\"Dur\u00e9e de lecture estim\u00e9e\" \/>\n\t<meta name=\"twitter:data1\" content=\"2 minutes\" \/>\n<script type=\"application\/ld+json\" class=\"yoast-schema-graph\">{\"@context\":\"https:\/\/schema.org\",\"@graph\":[{\"@type\":\"WebPage\",\"@id\":\"https:\/\/www.osezmauges.fr\/evenements-pro\/organiser-son-evenement-pro\/salle-seminaire\/chapiteau-un-pas-de-cote\/\",\"url\":\"https:\/\/www.osezmauges.fr\/evenements-pro\/organiser-son-evenement-pro\/salle-seminaire\/chapiteau-un-pas-de-cote\/\",\"name\":\"Votre \u00e9v\u00e9nement d'entreprise sous chapiteau \u00e0 proximit\u00e9 de Cholet\",\"isPartOf\":{\"@id\":\"https:\/\/www.osezmauges.fr\/evenements-pro\/#website\"},\"primaryImageOfPage\":{\"@id\":\"https:\/\/www.osezmauges.fr\/evenements-pro\/organiser-son-evenement-pro\/salle-seminaire\/chapiteau-un-pas-de-cote\/#primaryimage\"},\"image\":{\"@id\":\"https:\/\/www.osezmauges.fr\/evenements-pro\/organiser-son-evenement-pro\/salle-seminaire\/chapiteau-un-pas-de-cote\/#primaryimage\"},\"thumbnailUrl\":\"https:\/\/www.osezmauges.fr\/evenements-pro\/wp-content\/uploads\/sites\/2\/2026\/04\/Un-pas-de-cote-2.png\",\"datePublished\":\"2026-04-07T19:56:01+00:00\",\"dateModified\":\"2026-04-07T20:00:16+00:00\",\"description\":\"Organisez votre \u00e9v\u00e9nement d'entreprise sous un chapiteau de cirque moderne dans un espace \u00e9coresponsable et bucolique, ambiance guinguette.\",\"breadcrumb\":{\"@id\":\"https:\/\/www.osezmauges.fr\/evenements-pro\/organiser-son-evenement-pro\/salle-seminaire\/chapiteau-un-pas-de-cote\/#breadcrumb\"},\"inLanguage\":\"fr-FR\",\"potentialAction\":[{\"@type\":\"ReadAction\",\"target\":[\"https:\/\/www.osezmauges.fr\/evenements-pro\/organiser-son-evenement-pro\/salle-seminaire\/chapiteau-un-pas-de-cote\/\"]}]},{\"@type\":\"ImageObject\",\"inLanguage\":\"fr-FR\",\"@id\":\"https:\/\/www.osezmauges.fr\/evenements-pro\/organiser-son-evenement-pro\/salle-seminaire\/chapiteau-un-pas-de-cote\/#primaryimage\",\"url\":\"https:\/\/www.osezmauges.fr\/evenements-pro\/wp-content\/uploads\/sites\/2\/2026\/04\/Un-pas-de-cote-2.png\",\"contentUrl\":\"https:\/\/www.osezmauges.fr\/evenements-pro\/wp-content\/uploads\/sites\/2\/2026\/04\/Un-pas-de-cote-2.png\",\"width\":1495,\"height\":681},{\"@type\":\"BreadcrumbList\",\"@id\":\"https:\/\/www.osezmauges.fr\/evenements-pro\/organiser-son-evenement-pro\/salle-seminaire\/chapiteau-un-pas-de-cote\/#breadcrumb\",\"itemListElement\":[{\"@type\":\"ListItem\",\"position\":1,\"name\":\"Accueil\",\"item\":\"https:\/\/www.osezmauges.fr\/evenements-pro\/\"},{\"@type\":\"ListItem\",\"position\":2,\"name\":\"Organiser son \u00e9v\u00e9nement d\u2019entreprise\",\"item\":\"https:\/\/www.osezmauges.fr\/evenements-pro\/organiser-son-evenement-pro\/\"},{\"@type\":\"ListItem\",\"position\":3,\"name\":\"Salles de s\u00e9minaire\",\"item\":\"https:\/\/www.osezmauges.fr\/evenements-pro\/organiser-son-evenement-pro\/salle-seminaire\/\"},{\"@type\":\"ListItem\",\"position\":4,\"name\":\"Votre \u00e9v\u00e9nement sous chapiteau avec Un Pas De C\u00f4t\u00e9\"}]},{\"@type\":\"WebSite\",\"@id\":\"https:\/\/www.osezmauges.fr\/evenements-pro\/#website\",\"url\":\"https:\/\/www.osezmauges.fr\/evenements-pro\/\",\"name\":\"Osez Mauges - Tourisme d&#039;affaire\",\"description\":\"\u00d4sez Mauges\",\"potentialAction\":[{\"@type\":\"SearchAction\",\"target\":{\"@type\":\"EntryPoint\",\"urlTemplate\":\"https:\/\/www.osezmauges.fr\/evenements-pro\/?s={search_term_string}\"},\"query-input\":{\"@type\":\"PropertyValueSpecification\",\"valueRequired\":true,\"valueName\":\"search_term_string\"}}],\"inLanguage\":\"fr-FR\"}]}<\/script>\n<!-- \/ Yoast SEO plugin. -->","yoast_head_json":{"title":"Votre \u00e9v\u00e9nement d'entreprise sous chapiteau \u00e0 proximit\u00e9 de Cholet","description":"Organisez votre \u00e9v\u00e9nement d'entreprise sous un chapiteau de cirque moderne dans un espace \u00e9coresponsable et bucolique, ambiance guinguette.","robots":{"index":"index","follow":"follow","max-snippet":"max-snippet:-1","max-image-preview":"max-image-preview:large","max-video-preview":"max-video-preview:-1"},"canonical":"https:\/\/www.osezmauges.fr\/evenements-pro\/organiser-son-evenement-pro\/salle-seminaire\/chapiteau-un-pas-de-cote\/","og_locale":"fr_FR","og_type":"article","og_title":"Votre \u00e9v\u00e9nement d'entreprise sous chapiteau \u00e0 proximit\u00e9 de Cholet","og_description":"Organisez votre \u00e9v\u00e9nement d'entreprise sous un chapiteau de cirque moderne dans un espace \u00e9coresponsable et bucolique, ambiance guinguette.","og_url":"https:\/\/www.osezmauges.fr\/evenements-pro\/organiser-son-evenement-pro\/salle-seminaire\/chapiteau-un-pas-de-cote\/","og_site_name":"Osez Mauges - Tourisme d&#039;affaire","article_modified_time":"2026-04-07T20:00:16+00:00","og_image":[{"width":1495,"height":681,"url":"https:\/\/www.osezmauges.fr\/evenements-pro\/wp-content\/uploads\/sites\/2\/2026\/04\/Un-pas-de-cote-2.png","type":"image\/png"}],"twitter_card":"summary_large_image","twitter_misc":{"Dur\u00e9e de lecture estim\u00e9e":"2 minutes"},"schema":{"@context":"https:\/\/schema.org","@graph":[{"@type":"WebPage","@id":"https:\/\/www.osezmauges.fr\/evenements-pro\/organiser-son-evenement-pro\/salle-seminaire\/chapiteau-un-pas-de-cote\/","url":"https:\/\/www.osezmauges.fr\/evenements-pro\/organiser-son-evenement-pro\/salle-seminaire\/chapiteau-un-pas-de-cote\/","name":"Votre \u00e9v\u00e9nement d'entreprise sous chapiteau \u00e0 proximit\u00e9 de Cholet","isPartOf":{"@id":"https:\/\/www.osezmauges.fr\/evenements-pro\/#website"},"primaryImageOfPage":{"@id":"https:\/\/www.osezmauges.fr\/evenements-pro\/organiser-son-evenement-pro\/salle-seminaire\/chapiteau-un-pas-de-cote\/#primaryimage"},"image":{"@id":"https:\/\/www.osezmauges.fr\/evenements-pro\/organiser-son-evenement-pro\/salle-seminaire\/chapiteau-un-pas-de-cote\/#primaryimage"},"thumbnailUrl":"https:\/\/www.osezmauges.fr\/evenements-pro\/wp-content\/uploads\/sites\/2\/2026\/04\/Un-pas-de-cote-2.png","datePublished":"2026-04-07T19:56:01+00:00","dateModified":"2026-04-07T20:00:16+00:00","description":"Organisez votre \u00e9v\u00e9nement d'entreprise sous un chapiteau de cirque moderne dans un espace \u00e9coresponsable et bucolique, ambiance guinguette.","breadcrumb":{"@id":"https:\/\/www.osezmauges.fr\/evenements-pro\/organiser-son-evenement-pro\/salle-seminaire\/chapiteau-un-pas-de-cote\/#breadcrumb"},"inLanguage":"fr-FR","potentialAction":[{"@type":"ReadAction","target":["https:\/\/www.osezmauges.fr\/evenements-pro\/organiser-son-evenement-pro\/salle-seminaire\/chapiteau-un-pas-de-cote\/"]}]},{"@type":"ImageObject","inLanguage":"fr-FR","@id":"https:\/\/www.osezmauges.fr\/evenements-pro\/organiser-son-evenement-pro\/salle-seminaire\/chapiteau-un-pas-de-cote\/#primaryimage","url":"https:\/\/www.osezmauges.fr\/evenements-pro\/wp-content\/uploads\/sites\/2\/2026\/04\/Un-pas-de-cote-2.png","contentUrl":"https:\/\/www.osezmauges.fr\/evenements-pro\/wp-content\/uploads\/sites\/2\/2026\/04\/Un-pas-de-cote-2.png","width":1495,"height":681},{"@type":"BreadcrumbList","@id":"https:\/\/www.osezmauges.fr\/evenements-pro\/organiser-son-evenement-pro\/salle-seminaire\/chapiteau-un-pas-de-cote\/#breadcrumb","itemListElement":[{"@type":"ListItem","position":1,"name":"Accueil","item":"https:\/\/www.osezmauges.fr\/evenements-pro\/"},{"@type":"ListItem","position":2,"name":"Organiser son \u00e9v\u00e9nement d\u2019entreprise","item":"https:\/\/www.osezmauges.fr\/evenements-pro\/organiser-son-evenement-pro\/"},{"@type":"ListItem","position":3,"name":"Salles de s\u00e9minaire","item":"https:\/\/www.osezmauges.fr\/evenements-pro\/organiser-son-evenement-pro\/salle-seminaire\/"},{"@type":"ListItem","position":4,"name":"Votre \u00e9v\u00e9nement sous chapiteau avec Un Pas De C\u00f4t\u00e9"}]},{"@type":"WebSite","@id":"https:\/\/www.osezmauges.fr\/evenements-pro\/#website","url":"https:\/\/www.osezmauges.fr\/evenements-pro\/","name":"Osez Mauges - Tourisme d&#039;affaire","description":"\u00d4sez Mauges","potentialAction":[{"@type":"SearchAction","target":{"@type":"EntryPoint","urlTemplate":"https:\/\/www.osezmauges.fr\/evenements-pro\/?s={search_term_string}"},"query-input":{"@type":"PropertyValueSpecification","valueRequired":true,"valueName":"search_term_string"}}],"inLanguage":"fr-FR"}]}},"_links":{"self":[{"href":"https:\/\/www.osezmauges.fr\/evenements-pro\/wp-json\/wp\/v2\/pages\/19001","targetHints":{"allow":["GET"]}}],"collection":[{"href":"https:\/\/www.osezmauges.fr\/evenements-pro\/wp-json\/wp\/v2\/pages"}],"about":[{"href":"https:\/\/www.osezmauges.fr\/evenements-pro\/wp-json\/wp\/v2\/types\/page"}],"author":[{"embeddable":true,"href":"https:\/\/www.osezmauges.fr\/evenements-pro\/wp-json\/wp\/v2\/users\/12"}],"replies":[{"embeddable":true,"href":"https:\/\/www.osezmauges.fr\/evenements-pro\/wp-json\/wp\/v2\/comments?post=19001"}],"version-history":[{"count":5,"href":"https:\/\/www.osezmauges.fr\/evenements-pro\/wp-json\/wp\/v2\/pages\/19001\/revisions"}],"predecessor-version":[{"id":19012,"href":"https:\/\/www.osezmauges.fr\/evenements-pro\/wp-json\/wp\/v2\/pages\/19001\/revisions\/19012"}],"up":[{"embeddable":true,"href":"https:\/\/www.osezmauges.fr\/evenements-pro\/wp-json\/wp\/v2\/pages\/40"}],"wp:featuredmedia":[{"embeddable":true,"href":"https:\/\/www.osezmauges.fr\/evenements-pro\/wp-json\/wp\/v2\/media\/19002"}],"wp:attachment":[{"href":"https:\/\/www.osezmauges.fr\/evenements-pro\/wp-json\/wp\/v2\/media?parent=19001"}],"curies":[{"name":"wp","href":"https:\/\/api.w.org\/{rel}","templated":true}]}}