{"id":19271,"date":"2026-04-30T12:08:51","date_gmt":"2026-04-30T10:08:51","guid":{"rendered":"https:\/\/www.osezmauges.fr\/evenements-pro\/?page_id=19271"},"modified":"2026-04-30T12:08:52","modified_gmt":"2026-04-30T10:08:52","slug":"activite-showroom-synergie","status":"publish","type":"page","link":"https:\/\/www.osezmauges.fr\/evenements-pro\/organiser-son-evenement-pro\/team-building-angers-nantes-cholet\/activites-decouvertes\/activite-showroom-synergie\/","title":{"rendered":"D\u00e9couverte du showroom de l&rsquo;\u00e9conomie circulaire avec Synergie"},"content":{"rendered":"\n<div class=\"wp-block-columns is-layout-flex wp-container-core-columns-is-layout-9d6595d7 wp-block-columns-is-layout-flex\">\n<div class=\"wp-block-column is-layout-flow wp-block-column-is-layout-flow\">\n<p class=\"is-style-excerpt\">Les entreprises et les acteurs des Mauges innovent et se mobilisent pour faire mieux avec moins. Venez d\u00e9couvrir leurs initiatives au sein du showroom de l&rsquo;\u00e9conomie circulaire \u00e0 Synergie !<\/p>\n\n\n\n<p class=\"is-style-excerpt\">Au c\u0153ur d&rsquo;un b\u00e2timent industriel iconique des Mauges, <strong>laissez-vous guider dans un parcours p\u00e9dagogique, ludique et apprenant<\/strong> !<\/p>\n<\/div>\n\n\n\n<div class=\"wp-block-column is-layout-flow wp-block-column-is-layout-flow\"><div class=\"wp-block wp-block-highlight\">\n                <p class=\"wp-block-highlight-item wp-block-highlight-excerpt\">21 avenue de Bon Air<br>Saint-Pierre-Montlimart<br>49110 MONTREVAULT-SUR-\u00c8VRE<br><br>Votre contact : <strong>Hugo SUBERBIE<\/strong><br>06 27 38 98 22<br>contact@synergie-mauges.fr<br><a href=\"https:\/\/www.synergie-mauges.fr\/\" type=\"link\" id=\"https:\/\/www.synergie-mauges.fr\/\" target=\"_blank\" rel=\"noreferrer noopener\">Site web<\/a><\/p>\n    <\/div><\/div>\n<\/div>\n\n\n\n<figure class=\"wp-block-image size-large\"><img width=\"798\" height=\"1200\" data-src=\"https:\/\/www.osezmauges.fr\/evenements-pro\/wp-content\/uploads\/sites\/2\/2026\/04\/067-250925-TEPOS-Montrevault-Synergie-EstelleOffroyPhoto-798x1200.jpg\" alt=\"\" class=\"wp-image-19260\" style=\"aspect-ratio:1;object-fit:cover\" srcset=\"https:\/\/www.osezmauges.fr\/evenements-pro\/wp-content\/uploads\/sites\/2\/2026\/04\/067-250925-TEPOS-Montrevault-Synergie-EstelleOffroyPhoto-798x1200.jpg 798w, https:\/\/www.osezmauges.fr\/evenements-pro\/wp-content\/uploads\/sites\/2\/2026\/04\/067-250925-TEPOS-Montrevault-Synergie-EstelleOffroyPhoto-399x600.jpg 399w, https:\/\/www.osezmauges.fr\/evenements-pro\/wp-content\/uploads\/sites\/2\/2026\/04\/067-250925-TEPOS-Montrevault-Synergie-EstelleOffroyPhoto-300x451.jpg 300w, https:\/\/www.osezmauges.fr\/evenements-pro\/wp-content\/uploads\/sites\/2\/2026\/04\/067-250925-TEPOS-Montrevault-Synergie-EstelleOffroyPhoto-599x900.jpg 599w, https:\/\/www.osezmauges.fr\/evenements-pro\/wp-content\/uploads\/sites\/2\/2026\/04\/067-250925-TEPOS-Montrevault-Synergie-EstelleOffroyPhoto-1022x1536.jpg 1022w, https:\/\/www.osezmauges.fr\/evenements-pro\/wp-content\/uploads\/sites\/2\/2026\/04\/067-250925-TEPOS-Montrevault-Synergie-EstelleOffroyPhoto-650x977.jpg 650w, https:\/\/www.osezmauges.fr\/evenements-pro\/wp-content\/uploads\/sites\/2\/2026\/04\/067-250925-TEPOS-Montrevault-Synergie-EstelleOffroyPhoto.jpg 1277w\" sizes=\"(max-width: 798px) 100vw, 798px\" \/><\/figure>\n\n\n\n<h2 class=\"wp-block-heading\">Pourquoi les choisir ?<\/h2>\n\n\n\n<ul class=\"wp-block-list\">\n<li>Apprenez-en davantage sur le territoire, tout en mobilisant vos collaborateurs dans une d\u00e9marche RSE<br>Un showroom situ\u00e9 \u00e0 moins de 30 minutes de Cholet<br>De nombreuses <a href=\"https:\/\/www.osezmauges.fr\/evenements-pro\/organiser-son-evenement-pro\/salle-seminaire\/seminaire-synergie\/\" type=\"link\" id=\"https:\/\/www.osezmauges.fr\/evenements-pro\/organiser-son-evenement-pro\/salle-seminaire\/seminaire-synergie\/\" target=\"_blank\" rel=\"noreferrer noopener\">salles de r\u00e9union sur place<\/a> pour vos petits ou grands rassemblements<\/li>\n<\/ul>\n\n\n\n<figure class=\"wp-block-image size-large\"><img width=\"1200\" height=\"798\" data-src=\"https:\/\/www.osezmauges.fr\/evenements-pro\/wp-content\/uploads\/sites\/2\/2026\/04\/060-250925-TEPOS-Montrevault-Synergie-EstelleOffroyPhoto-1-1536x1022-1-1200x798.jpg\" alt=\"\" class=\"wp-image-19272\" srcset=\"https:\/\/www.osezmauges.fr\/evenements-pro\/wp-content\/uploads\/sites\/2\/2026\/04\/060-250925-TEPOS-Montrevault-Synergie-EstelleOffroyPhoto-1-1536x1022-1-1200x798.jpg 1200w, https:\/\/www.osezmauges.fr\/evenements-pro\/wp-content\/uploads\/sites\/2\/2026\/04\/060-250925-TEPOS-Montrevault-Synergie-EstelleOffroyPhoto-1-1536x1022-1-600x399.jpg 600w, https:\/\/www.osezmauges.fr\/evenements-pro\/wp-content\/uploads\/sites\/2\/2026\/04\/060-250925-TEPOS-Montrevault-Synergie-EstelleOffroyPhoto-1-1536x1022-1-300x200.jpg 300w, https:\/\/www.osezmauges.fr\/evenements-pro\/wp-content\/uploads\/sites\/2\/2026\/04\/060-250925-TEPOS-Montrevault-Synergie-EstelleOffroyPhoto-1-1536x1022-1-900x599.jpg 900w, https:\/\/www.osezmauges.fr\/evenements-pro\/wp-content\/uploads\/sites\/2\/2026\/04\/060-250925-TEPOS-Montrevault-Synergie-EstelleOffroyPhoto-1-1536x1022-1-650x432.jpg 650w, https:\/\/www.osezmauges.fr\/evenements-pro\/wp-content\/uploads\/sites\/2\/2026\/04\/060-250925-TEPOS-Montrevault-Synergie-EstelleOffroyPhoto-1-1536x1022-1.jpg 1536w\" sizes=\"(max-width: 1200px) 100vw, 1200px\" \/><\/figure>\n\n\n\n<h2 class=\"wp-block-heading\">Prestations :<\/h2>\n\n\n\n<ul class=\"wp-block-list\">\n<li>Visite du showroom de 6 \u00e0 50 personnes<br>Temps de visite : de 2h \u00e0 3h<br>Un programme adaptable<br><a href=\"https:\/\/www.osezmauges.fr\/evenements-pro\/organiser-son-evenement-pro\/salle-seminaire\/seminaire-synergie\/\" type=\"link\" id=\"https:\/\/www.osezmauges.fr\/evenements-pro\/organiser-son-evenement-pro\/salle-seminaire\/seminaire-synergie\/\" target=\"_blank\" rel=\"noreferrer noopener\">Salles de r\u00e9union \u00e0 disposition<\/a><br>L&rsquo;Escape Game \u00ab\u00a0Mauges 2050\u00a0\u00bb pour comprendre de mani\u00e8re ludique les diff\u00e9rents sc\u00e9narios possibles pour atteindre la neutralit\u00e9 carbone d&rsquo;ici 2050<\/li>\n<\/ul>\n\n\n\n<div class=\"wp-block wp-block-related-post clear alignfull\">\n    <div class=\"container\">\n\n        <div class=\"article\">\n\t\t                    <h2 class=\"wp-block-related-post-title\">Salles de s\u00e9minaire \u00e0 proximit\u00e9<\/h2>\n\t\t    \n\t\t            <\/div>\n\n\t    \n            <div class=\"wp-block-related-post-inner\">\n                <div   data-slides-per-view=\"4\">\n                    <div class=\"wp-block-related-post-list wp-block-related-post-list-3\">\n\t\t\t\t\t    \n<div class=\"entityItem\"      data-trigger=\"wpiris-click\">\n    <p class=\"entityItemThumbnail\">\n        <a href=\"https:\/\/www.osezmauges.fr\/evenements-pro\/organiser-son-evenement-pro\/salle-seminaire\/seminaire-synergie\/\" nofancybox>\n            <img src=\n            \"https:\/\/www.osezmauges.fr\/evenements-pro\/wp-content\/uploads\/sites\/2\/2026\/04\/070-250925-TEPOS-Montrevault-Synergie-EstelleOffroyPhoto-1-380x430.jpg\" alt=\"Salles de s\u00e9minaire \u00e0 Synergie\">\n        <\/a>\n    <\/p>\n        <div class=\"entityItemContent\">\n        \n        \n        <h3 class=\"entityItemContentTitle\">        <a href=\"https:\/\/www.osezmauges.fr\/evenements-pro\/organiser-son-evenement-pro\/salle-seminaire\/seminaire-synergie\/\">Salles de s\u00e9minaire \u00e0 Synergie<\/a>\n        <\/h3>\n            <\/div>\n\n    \n    <\/div>\n\n<div class=\"entityItem\"      data-trigger=\"wpiris-click\">\n    <p class=\"entityItemThumbnail\">\n        <a href=\"https:\/\/www.osezmauges.fr\/evenements-pro\/organiser-son-evenement-pro\/salle-seminaire\/salles-seminaire-logis-delbee\/\" nofancybox>\n            <img src=\n            \"https:\/\/www.osezmauges.fr\/evenements-pro\/wp-content\/uploads\/sites\/2\/2026\/03\/image2-380x360.png\" alt=\"Salles de s\u00e9minaire &#8211; Le Patio\">\n        <\/a>\n    <\/p>\n        <div class=\"entityItemContent\">\n        \n        \n        <h3 class=\"entityItemContentTitle\">        <a href=\"https:\/\/www.osezmauges.fr\/evenements-pro\/organiser-son-evenement-pro\/salle-seminaire\/salles-seminaire-logis-delbee\/\">Salles de s\u00e9minaire &#8211; Le Patio<\/a>\n        <\/h3>\n            <\/div>\n\n    \n    <\/div>\n\n<div class=\"entityItem\"      data-trigger=\"wpiris-click\">\n    <p class=\"entityItemThumbnail\">\n        <a href=\"https:\/\/www.osezmauges.fr\/evenements-pro\/organiser-son-evenement-pro\/salle-seminaire\/salles-seminaire-domaine-de-marie\/\" nofancybox>\n            <img src=\n            \"https:\/\/www.osezmauges.fr\/evenements-pro\/wp-content\/uploads\/sites\/2\/2026\/03\/Exterieur-domaine-2-1-380x430.jpg\" alt=\"Salles de s\u00e9minaire au Domaine de Marie\">\n        <\/a>\n    <\/p>\n        <div class=\"entityItemContent\">\n        \n        \n        <h3 class=\"entityItemContentTitle\">        <a href=\"https:\/\/www.osezmauges.fr\/evenements-pro\/organiser-son-evenement-pro\/salle-seminaire\/salles-seminaire-domaine-de-marie\/\">Salles de s\u00e9minaire au Domaine de Marie<\/a>\n        <\/h3>\n            <\/div>\n\n    \n    <\/div>\n                    <\/div>\n                <\/div>\n            <\/div>\n\n        \n    <\/div>\n<\/div>","protected":false},"excerpt":{"rendered":"<p>Les entreprises et les acteurs des Mauges innovent et se mobilisent pour faire mieux avec moins. Venez d\u00e9couvrir leurs initiatives au sein du showroom de l&rsquo;\u00e9conomie circulaire \u00e0 Synergie ! Au c\u0153ur d&rsquo;un b\u00e2timent industriel iconique des Mauges, laissez-vous guider dans un parcours p\u00e9dagogique, ludique et apprenant ! Pourquoi les choisir ? Prestations :<\/p>\n","protected":false},"author":12,"featured_media":19272,"parent":12133,"menu_order":0,"comment_status":"closed","ping_status":"closed","template":"","meta":{"_relevanssi_hide_post":"","_relevanssi_hide_content":"","_relevanssi_pin_for_all":"","_relevanssi_pin_keywords":"","_relevanssi_unpin_keywords":"","_relevanssi_related_keywords":"","_relevanssi_related_include_ids":"","_relevanssi_related_exclude_ids":"","_relevanssi_related_no_append":"","_relevanssi_related_not_related":"","_relevanssi_related_posts":"7875,13538,6445,15934,10100,11541","_relevanssi_noindex_reason":"","footnotes":""},"class_list":["post-19271","page","type-page","status-publish","has-post-thumbnail","hentry"],"acf":[],"yoast_head":"<!-- This site is optimized with the Yoast SEO plugin v26.9 - https:\/\/yoast.com\/product\/yoast-seo-wordpress\/ -->\n<title>D\u00e9couverte du showroom de l&#039;\u00e9conomie circulaire avec Synergie<\/title>\n<meta name=\"description\" content=\"Les acteurs des Mauges se mobilisent pour faire mieux avec moins. D\u00e9couvrez leurs initiatives au sein du showroom de l&#039;\u00e9conomie circulaire \u00e0 Synergie !\" \/>\n<meta name=\"robots\" content=\"index, follow, max-snippet:-1, max-image-preview:large, max-video-preview:-1\" \/>\n<link rel=\"canonical\" href=\"https:\/\/www.osezmauges.fr\/evenements-pro\/organiser-son-evenement-pro\/team-building-angers-nantes-cholet\/activites-decouvertes\/activite-showroom-synergie\/\" \/>\n<meta property=\"og:locale\" content=\"fr_FR\" \/>\n<meta property=\"og:type\" content=\"article\" \/>\n<meta property=\"og:title\" content=\"D\u00e9couverte du showroom de l&#039;\u00e9conomie circulaire avec Synergie\" \/>\n<meta property=\"og:description\" content=\"Les acteurs des Mauges se mobilisent pour faire mieux avec moins. D\u00e9couvrez leurs initiatives au sein du showroom de l&#039;\u00e9conomie circulaire \u00e0 Synergie !\" \/>\n<meta property=\"og:url\" content=\"https:\/\/www.osezmauges.fr\/evenements-pro\/organiser-son-evenement-pro\/team-building-angers-nantes-cholet\/activites-decouvertes\/activite-showroom-synergie\/\" \/>\n<meta property=\"og:site_name\" content=\"Osez Mauges - Tourisme d&#039;affaire\" \/>\n<meta property=\"article:modified_time\" content=\"2026-04-30T10:08:52+00:00\" \/>\n<meta property=\"og:image\" content=\"https:\/\/www.osezmauges.fr\/evenements-pro\/wp-content\/uploads\/sites\/2\/2026\/04\/060-250925-TEPOS-Montrevault-Synergie-EstelleOffroyPhoto-1-1536x1022-1.jpg\" \/>\n\t<meta property=\"og:image:width\" content=\"1536\" \/>\n\t<meta property=\"og:image:height\" content=\"1022\" \/>\n\t<meta property=\"og:image:type\" content=\"image\/jpeg\" \/>\n<meta name=\"twitter:card\" content=\"summary_large_image\" \/>\n<meta name=\"twitter:label1\" content=\"Dur\u00e9e de lecture estim\u00e9e\" \/>\n\t<meta name=\"twitter:data1\" content=\"2 minutes\" \/>\n<script type=\"application\/ld+json\" class=\"yoast-schema-graph\">{\"@context\":\"https:\/\/schema.org\",\"@graph\":[{\"@type\":\"WebPage\",\"@id\":\"https:\/\/www.osezmauges.fr\/evenements-pro\/organiser-son-evenement-pro\/team-building-angers-nantes-cholet\/activites-decouvertes\/activite-showroom-synergie\/\",\"url\":\"https:\/\/www.osezmauges.fr\/evenements-pro\/organiser-son-evenement-pro\/team-building-angers-nantes-cholet\/activites-decouvertes\/activite-showroom-synergie\/\",\"name\":\"D\u00e9couverte du showroom de l'\u00e9conomie circulaire avec Synergie\",\"isPartOf\":{\"@id\":\"https:\/\/www.osezmauges.fr\/evenements-pro\/#website\"},\"primaryImageOfPage\":{\"@id\":\"https:\/\/www.osezmauges.fr\/evenements-pro\/organiser-son-evenement-pro\/team-building-angers-nantes-cholet\/activites-decouvertes\/activite-showroom-synergie\/#primaryimage\"},\"image\":{\"@id\":\"https:\/\/www.osezmauges.fr\/evenements-pro\/organiser-son-evenement-pro\/team-building-angers-nantes-cholet\/activites-decouvertes\/activite-showroom-synergie\/#primaryimage\"},\"thumbnailUrl\":\"https:\/\/www.osezmauges.fr\/evenements-pro\/wp-content\/uploads\/sites\/2\/2026\/04\/060-250925-TEPOS-Montrevault-Synergie-EstelleOffroyPhoto-1-1536x1022-1.jpg\",\"datePublished\":\"2026-04-30T10:08:51+00:00\",\"dateModified\":\"2026-04-30T10:08:52+00:00\",\"description\":\"Les acteurs des Mauges se mobilisent pour faire mieux avec moins. D\u00e9couvrez leurs initiatives au sein du showroom de l'\u00e9conomie circulaire \u00e0 Synergie !\",\"breadcrumb\":{\"@id\":\"https:\/\/www.osezmauges.fr\/evenements-pro\/organiser-son-evenement-pro\/team-building-angers-nantes-cholet\/activites-decouvertes\/activite-showroom-synergie\/#breadcrumb\"},\"inLanguage\":\"fr-FR\",\"potentialAction\":[{\"@type\":\"ReadAction\",\"target\":[\"https:\/\/www.osezmauges.fr\/evenements-pro\/organiser-son-evenement-pro\/team-building-angers-nantes-cholet\/activites-decouvertes\/activite-showroom-synergie\/\"]}]},{\"@type\":\"ImageObject\",\"inLanguage\":\"fr-FR\",\"@id\":\"https:\/\/www.osezmauges.fr\/evenements-pro\/organiser-son-evenement-pro\/team-building-angers-nantes-cholet\/activites-decouvertes\/activite-showroom-synergie\/#primaryimage\",\"url\":\"https:\/\/www.osezmauges.fr\/evenements-pro\/wp-content\/uploads\/sites\/2\/2026\/04\/060-250925-TEPOS-Montrevault-Synergie-EstelleOffroyPhoto-1-1536x1022-1.jpg\",\"contentUrl\":\"https:\/\/www.osezmauges.fr\/evenements-pro\/wp-content\/uploads\/sites\/2\/2026\/04\/060-250925-TEPOS-Montrevault-Synergie-EstelleOffroyPhoto-1-1536x1022-1.jpg\",\"width\":1536,\"height\":1022},{\"@type\":\"BreadcrumbList\",\"@id\":\"https:\/\/www.osezmauges.fr\/evenements-pro\/organiser-son-evenement-pro\/team-building-angers-nantes-cholet\/activites-decouvertes\/activite-showroom-synergie\/#breadcrumb\",\"itemListElement\":[{\"@type\":\"ListItem\",\"position\":1,\"name\":\"Accueil\",\"item\":\"https:\/\/www.osezmauges.fr\/evenements-pro\/\"},{\"@type\":\"ListItem\",\"position\":2,\"name\":\"Organiser son \u00e9v\u00e9nement d\u2019entreprise\",\"item\":\"https:\/\/www.osezmauges.fr\/evenements-pro\/organiser-son-evenement-pro\/\"},{\"@type\":\"ListItem\",\"position\":3,\"name\":\"Team-building et afterwork\",\"item\":\"https:\/\/www.osezmauges.fr\/evenements-pro\/organiser-son-evenement-pro\/team-building-angers-nantes-cholet\/\"},{\"@type\":\"ListItem\",\"position\":4,\"name\":\"Des activit\u00e9s d\u00e9couvertes\",\"item\":\"https:\/\/www.osezmauges.fr\/evenements-pro\/organiser-son-evenement-pro\/team-building-angers-nantes-cholet\/activites-decouvertes\/\"},{\"@type\":\"ListItem\",\"position\":5,\"name\":\"D\u00e9couverte du showroom de l&rsquo;\u00e9conomie circulaire avec Synergie\"}]},{\"@type\":\"WebSite\",\"@id\":\"https:\/\/www.osezmauges.fr\/evenements-pro\/#website\",\"url\":\"https:\/\/www.osezmauges.fr\/evenements-pro\/\",\"name\":\"Osez Mauges - Tourisme d&#039;affaire\",\"description\":\"\u00d4sez Mauges\",\"potentialAction\":[{\"@type\":\"SearchAction\",\"target\":{\"@type\":\"EntryPoint\",\"urlTemplate\":\"https:\/\/www.osezmauges.fr\/evenements-pro\/?s={search_term_string}\"},\"query-input\":{\"@type\":\"PropertyValueSpecification\",\"valueRequired\":true,\"valueName\":\"search_term_string\"}}],\"inLanguage\":\"fr-FR\"}]}<\/script>\n<!-- \/ Yoast SEO plugin. -->","yoast_head_json":{"title":"D\u00e9couverte du showroom de l'\u00e9conomie circulaire avec Synergie","description":"Les acteurs des Mauges se mobilisent pour faire mieux avec moins. D\u00e9couvrez leurs initiatives au sein du showroom de l'\u00e9conomie circulaire \u00e0 Synergie !","robots":{"index":"index","follow":"follow","max-snippet":"max-snippet:-1","max-image-preview":"max-image-preview:large","max-video-preview":"max-video-preview:-1"},"canonical":"https:\/\/www.osezmauges.fr\/evenements-pro\/organiser-son-evenement-pro\/team-building-angers-nantes-cholet\/activites-decouvertes\/activite-showroom-synergie\/","og_locale":"fr_FR","og_type":"article","og_title":"D\u00e9couverte du showroom de l'\u00e9conomie circulaire avec Synergie","og_description":"Les acteurs des Mauges se mobilisent pour faire mieux avec moins. D\u00e9couvrez leurs initiatives au sein du showroom de l'\u00e9conomie circulaire \u00e0 Synergie !","og_url":"https:\/\/www.osezmauges.fr\/evenements-pro\/organiser-son-evenement-pro\/team-building-angers-nantes-cholet\/activites-decouvertes\/activite-showroom-synergie\/","og_site_name":"Osez Mauges - Tourisme d&#039;affaire","article_modified_time":"2026-04-30T10:08:52+00:00","og_image":[{"width":1536,"height":1022,"url":"https:\/\/www.osezmauges.fr\/evenements-pro\/wp-content\/uploads\/sites\/2\/2026\/04\/060-250925-TEPOS-Montrevault-Synergie-EstelleOffroyPhoto-1-1536x1022-1.jpg","type":"image\/jpeg"}],"twitter_card":"summary_large_image","twitter_misc":{"Dur\u00e9e de lecture estim\u00e9e":"2 minutes"},"schema":{"@context":"https:\/\/schema.org","@graph":[{"@type":"WebPage","@id":"https:\/\/www.osezmauges.fr\/evenements-pro\/organiser-son-evenement-pro\/team-building-angers-nantes-cholet\/activites-decouvertes\/activite-showroom-synergie\/","url":"https:\/\/www.osezmauges.fr\/evenements-pro\/organiser-son-evenement-pro\/team-building-angers-nantes-cholet\/activites-decouvertes\/activite-showroom-synergie\/","name":"D\u00e9couverte du showroom de l'\u00e9conomie circulaire avec Synergie","isPartOf":{"@id":"https:\/\/www.osezmauges.fr\/evenements-pro\/#website"},"primaryImageOfPage":{"@id":"https:\/\/www.osezmauges.fr\/evenements-pro\/organiser-son-evenement-pro\/team-building-angers-nantes-cholet\/activites-decouvertes\/activite-showroom-synergie\/#primaryimage"},"image":{"@id":"https:\/\/www.osezmauges.fr\/evenements-pro\/organiser-son-evenement-pro\/team-building-angers-nantes-cholet\/activites-decouvertes\/activite-showroom-synergie\/#primaryimage"},"thumbnailUrl":"https:\/\/www.osezmauges.fr\/evenements-pro\/wp-content\/uploads\/sites\/2\/2026\/04\/060-250925-TEPOS-Montrevault-Synergie-EstelleOffroyPhoto-1-1536x1022-1.jpg","datePublished":"2026-04-30T10:08:51+00:00","dateModified":"2026-04-30T10:08:52+00:00","description":"Les acteurs des Mauges se mobilisent pour faire mieux avec moins. D\u00e9couvrez leurs initiatives au sein du showroom de l'\u00e9conomie circulaire \u00e0 Synergie !","breadcrumb":{"@id":"https:\/\/www.osezmauges.fr\/evenements-pro\/organiser-son-evenement-pro\/team-building-angers-nantes-cholet\/activites-decouvertes\/activite-showroom-synergie\/#breadcrumb"},"inLanguage":"fr-FR","potentialAction":[{"@type":"ReadAction","target":["https:\/\/www.osezmauges.fr\/evenements-pro\/organiser-son-evenement-pro\/team-building-angers-nantes-cholet\/activites-decouvertes\/activite-showroom-synergie\/"]}]},{"@type":"ImageObject","inLanguage":"fr-FR","@id":"https:\/\/www.osezmauges.fr\/evenements-pro\/organiser-son-evenement-pro\/team-building-angers-nantes-cholet\/activites-decouvertes\/activite-showroom-synergie\/#primaryimage","url":"https:\/\/www.osezmauges.fr\/evenements-pro\/wp-content\/uploads\/sites\/2\/2026\/04\/060-250925-TEPOS-Montrevault-Synergie-EstelleOffroyPhoto-1-1536x1022-1.jpg","contentUrl":"https:\/\/www.osezmauges.fr\/evenements-pro\/wp-content\/uploads\/sites\/2\/2026\/04\/060-250925-TEPOS-Montrevault-Synergie-EstelleOffroyPhoto-1-1536x1022-1.jpg","width":1536,"height":1022},{"@type":"BreadcrumbList","@id":"https:\/\/www.osezmauges.fr\/evenements-pro\/organiser-son-evenement-pro\/team-building-angers-nantes-cholet\/activites-decouvertes\/activite-showroom-synergie\/#breadcrumb","itemListElement":[{"@type":"ListItem","position":1,"name":"Accueil","item":"https:\/\/www.osezmauges.fr\/evenements-pro\/"},{"@type":"ListItem","position":2,"name":"Organiser son \u00e9v\u00e9nement d\u2019entreprise","item":"https:\/\/www.osezmauges.fr\/evenements-pro\/organiser-son-evenement-pro\/"},{"@type":"ListItem","position":3,"name":"Team-building et afterwork","item":"https:\/\/www.osezmauges.fr\/evenements-pro\/organiser-son-evenement-pro\/team-building-angers-nantes-cholet\/"},{"@type":"ListItem","position":4,"name":"Des activit\u00e9s d\u00e9couvertes","item":"https:\/\/www.osezmauges.fr\/evenements-pro\/organiser-son-evenement-pro\/team-building-angers-nantes-cholet\/activites-decouvertes\/"},{"@type":"ListItem","position":5,"name":"D\u00e9couverte du showroom de l&rsquo;\u00e9conomie circulaire avec Synergie"}]},{"@type":"WebSite","@id":"https:\/\/www.osezmauges.fr\/evenements-pro\/#website","url":"https:\/\/www.osezmauges.fr\/evenements-pro\/","name":"Osez Mauges - Tourisme d&#039;affaire","description":"\u00d4sez Mauges","potentialAction":[{"@type":"SearchAction","target":{"@type":"EntryPoint","urlTemplate":"https:\/\/www.osezmauges.fr\/evenements-pro\/?s={search_term_string}"},"query-input":{"@type":"PropertyValueSpecification","valueRequired":true,"valueName":"search_term_string"}}],"inLanguage":"fr-FR"}]}},"_links":{"self":[{"href":"https:\/\/www.osezmauges.fr\/evenements-pro\/wp-json\/wp\/v2\/pages\/19271","targetHints":{"allow":["GET"]}}],"collection":[{"href":"https:\/\/www.osezmauges.fr\/evenements-pro\/wp-json\/wp\/v2\/pages"}],"about":[{"href":"https:\/\/www.osezmauges.fr\/evenements-pro\/wp-json\/wp\/v2\/types\/page"}],"author":[{"embeddable":true,"href":"https:\/\/www.osezmauges.fr\/evenements-pro\/wp-json\/wp\/v2\/users\/12"}],"replies":[{"embeddable":true,"href":"https:\/\/www.osezmauges.fr\/evenements-pro\/wp-json\/wp\/v2\/comments?post=19271"}],"version-history":[{"count":3,"href":"https:\/\/www.osezmauges.fr\/evenements-pro\/wp-json\/wp\/v2\/pages\/19271\/revisions"}],"predecessor-version":[{"id":19275,"href":"https:\/\/www.osezmauges.fr\/evenements-pro\/wp-json\/wp\/v2\/pages\/19271\/revisions\/19275"}],"up":[{"embeddable":true,"href":"https:\/\/www.osezmauges.fr\/evenements-pro\/wp-json\/wp\/v2\/pages\/12133"}],"wp:featuredmedia":[{"embeddable":true,"href":"https:\/\/www.osezmauges.fr\/evenements-pro\/wp-json\/wp\/v2\/media\/19272"}],"wp:attachment":[{"href":"https:\/\/www.osezmauges.fr\/evenements-pro\/wp-json\/wp\/v2\/media?parent=19271"}],"curies":[{"name":"wp","href":"https:\/\/api.w.org\/{rel}","templated":true}]}}