{"id":19548,"date":"2026-05-10T22:01:52","date_gmt":"2026-05-10T20:01:52","guid":{"rendered":"https:\/\/www.osezmauges.fr\/evenements-pro\/?page_id=19548"},"modified":"2026-05-10T22:01:52","modified_gmt":"2026-05-10T20:01:52","slug":"teambuilding-au-fil-des-roues","status":"publish","type":"page","link":"https:\/\/www.osezmauges.fr\/evenements-pro\/organiser-son-evenement-pro\/team-building-angers-nantes-cholet\/activites-sportives\/teambuilding-au-fil-des-roues\/","title":{"rendered":"Excursion en v\u00e9lo tout terrain \u00e9lectrique avec Au Fil des Roues"},"content":{"rendered":"\n<div class=\"wp-block-columns is-layout-flex wp-container-core-columns-is-layout-9d6595d7 wp-block-columns-is-layout-flex\">\n<div class=\"wp-block-column is-layout-flow wp-block-column-is-layout-flow\">\n<p class=\"is-style-excerpt\">Envie de d\u00e9couvrir la r\u00e9gion de mani\u00e8re originale ? Que vous soyez sportif ou non, <strong>gr\u00e2ce aux v\u00e9los \u00e0 assistance \u00e9lectrique, explorez le territoire autrement en sortant des itin\u00e9raires classiques<\/strong>. Ces v\u00e9los, confortables et simples \u00e0 utiliser, vous permettent de profiter pleinement des paysages !<\/p>\n\n\n\n<p class=\"is-style-excerpt\">Prenez le temps d&rsquo;observer et de vivre une exp\u00e9rience unique lors de votre team-building, sans vous soucier de l&rsquo;effort. L&rsquo;aventure \u00e0 v\u00e9lo, accessible \u00e0 tous !<\/p>\n<\/div>\n\n\n\n<div class=\"wp-block-column is-layout-flow wp-block-column-is-layout-flow\"><div class=\"wp-block wp-block-highlight\">\n                <p class=\"wp-block-highlight-item wp-block-highlight-excerpt\">227 rue Pierre Guil\u00e9<br>85610 Cugand<br><br>Votre contact : <strong>Simon BOUTIN<\/strong><br>02 59 16 15 37<br>contact@aufildesroues.fr<br><a href=\"https:\/\/www.aufildesroues.fr\/\" type=\"link\" id=\"https:\/\/www.aufildesroues.fr\/\" target=\"_blank\" rel=\"noreferrer noopener\">Site<\/a><\/p>\n    <\/div><\/div>\n<\/div>\n\n\n\n<figure class=\"wp-block-gallery alignwide has-nested-images columns-default is-cropped wp-block-gallery-1 is-layout-flex wp-block-gallery-is-layout-flex\">\n<figure class=\"wp-block-image size-large\"><img width=\"900\" height=\"1200\" data-id=\"19551\" data-src=\"https:\/\/www.osezmauges.fr\/evenements-pro\/wp-content\/uploads\/sites\/2\/2026\/05\/au-fil-des-roues-2.png\" alt=\"\" class=\"wp-image-19551\" srcset=\"https:\/\/www.osezmauges.fr\/evenements-pro\/wp-content\/uploads\/sites\/2\/2026\/05\/au-fil-des-roues-2.png 900w, https:\/\/www.osezmauges.fr\/evenements-pro\/wp-content\/uploads\/sites\/2\/2026\/05\/au-fil-des-roues-2-450x600.png 450w, https:\/\/www.osezmauges.fr\/evenements-pro\/wp-content\/uploads\/sites\/2\/2026\/05\/au-fil-des-roues-2-300x400.png 300w, https:\/\/www.osezmauges.fr\/evenements-pro\/wp-content\/uploads\/sites\/2\/2026\/05\/au-fil-des-roues-2-675x900.png 675w, https:\/\/www.osezmauges.fr\/evenements-pro\/wp-content\/uploads\/sites\/2\/2026\/05\/au-fil-des-roues-2-650x867.png 650w\" sizes=\"(max-width: 900px) 100vw, 900px\" \/><\/figure>\n\n\n\n<figure class=\"wp-block-image size-large\"><img width=\"900\" height=\"1200\" data-id=\"19552\" data-src=\"https:\/\/www.osezmauges.fr\/evenements-pro\/wp-content\/uploads\/sites\/2\/2026\/05\/495134052_122109471680885246_46142704705559213_n.jpg\" alt=\"\" class=\"wp-image-19552\" srcset=\"https:\/\/www.osezmauges.fr\/evenements-pro\/wp-content\/uploads\/sites\/2\/2026\/05\/495134052_122109471680885246_46142704705559213_n.jpg 900w, https:\/\/www.osezmauges.fr\/evenements-pro\/wp-content\/uploads\/sites\/2\/2026\/05\/495134052_122109471680885246_46142704705559213_n-450x600.jpg 450w, https:\/\/www.osezmauges.fr\/evenements-pro\/wp-content\/uploads\/sites\/2\/2026\/05\/495134052_122109471680885246_46142704705559213_n-300x400.jpg 300w, https:\/\/www.osezmauges.fr\/evenements-pro\/wp-content\/uploads\/sites\/2\/2026\/05\/495134052_122109471680885246_46142704705559213_n-675x900.jpg 675w, https:\/\/www.osezmauges.fr\/evenements-pro\/wp-content\/uploads\/sites\/2\/2026\/05\/495134052_122109471680885246_46142704705559213_n-650x867.jpg 650w\" sizes=\"(max-width: 900px) 100vw, 900px\" \/><\/figure>\n<\/figure>\n\n\n\n<h2 class=\"wp-block-heading\">Pourquoi les choisir ?<\/h2>\n\n\n\n<ul class=\"wp-block-list\">\n<li>Une activit\u00e9 simple, confortable et adapt\u00e9e \u00e0 tous les niveaux pour votre prochaine r\u00e9union d&rsquo;\u00e9quipe<br>Offrez \u00e0 vos collaborateurs un moment f\u00e9d\u00e9rateur en pleine nature avec cette activit\u00e9 originale et conviviale<br>Partez \u00e0 la d\u00e9couverte des bords de Loire ou du vignoble nantais au fil d&rsquo;une balade inoubliable entre nature lig\u00e9rienne, vignes et paysages d&rsquo;exception<\/li>\n<\/ul>\n\n\n\n<figure class=\"wp-block-gallery alignwide has-nested-images columns-default is-cropped wp-block-gallery-2 is-layout-flex wp-block-gallery-is-layout-flex\">\n<figure class=\"wp-block-image size-large\"><img width=\"1200\" height=\"900\" data-id=\"19549\" data-src=\"https:\/\/www.osezmauges.fr\/evenements-pro\/wp-content\/uploads\/sites\/2\/2026\/05\/oudon.jpg\" alt=\"\" class=\"wp-image-19549\" srcset=\"https:\/\/www.osezmauges.fr\/evenements-pro\/wp-content\/uploads\/sites\/2\/2026\/05\/oudon.jpg 1200w, https:\/\/www.osezmauges.fr\/evenements-pro\/wp-content\/uploads\/sites\/2\/2026\/05\/oudon-600x450.jpg 600w, https:\/\/www.osezmauges.fr\/evenements-pro\/wp-content\/uploads\/sites\/2\/2026\/05\/oudon-300x225.jpg 300w, https:\/\/www.osezmauges.fr\/evenements-pro\/wp-content\/uploads\/sites\/2\/2026\/05\/oudon-900x675.jpg 900w, https:\/\/www.osezmauges.fr\/evenements-pro\/wp-content\/uploads\/sites\/2\/2026\/05\/oudon-650x488.jpg 650w\" sizes=\"(max-width: 1200px) 100vw, 1200px\" \/><\/figure>\n\n\n\n<figure class=\"wp-block-image size-large\"><img width=\"1200\" height=\"907\" data-id=\"19553\" data-src=\"https:\/\/www.osezmauges.fr\/evenements-pro\/wp-content\/uploads\/sites\/2\/2026\/05\/499243777_122098671482885246_7668808322804496567_n.jpg\" alt=\"\" class=\"wp-image-19553\" srcset=\"https:\/\/www.osezmauges.fr\/evenements-pro\/wp-content\/uploads\/sites\/2\/2026\/05\/499243777_122098671482885246_7668808322804496567_n.jpg 1200w, https:\/\/www.osezmauges.fr\/evenements-pro\/wp-content\/uploads\/sites\/2\/2026\/05\/499243777_122098671482885246_7668808322804496567_n-600x454.jpg 600w, https:\/\/www.osezmauges.fr\/evenements-pro\/wp-content\/uploads\/sites\/2\/2026\/05\/499243777_122098671482885246_7668808322804496567_n-300x227.jpg 300w, https:\/\/www.osezmauges.fr\/evenements-pro\/wp-content\/uploads\/sites\/2\/2026\/05\/499243777_122098671482885246_7668808322804496567_n-900x680.jpg 900w, https:\/\/www.osezmauges.fr\/evenements-pro\/wp-content\/uploads\/sites\/2\/2026\/05\/499243777_122098671482885246_7668808322804496567_n-650x491.jpg 650w\" sizes=\"(max-width: 1200px) 100vw, 1200px\" \/><\/figure>\n<\/figure>\n\n\n\n<h3 class=\"wp-block-heading\">Caract\u00e9ristiques :<\/h3>\n\n\n\n<ul class=\"wp-block-list\">\n<li>Accessible d\u00e8s 14 ans<br>De 2 \u00e0 12 personnes (sur demande pour plus)<br>Location sur mesure (2h, demi-journ\u00e9e, etc&#8230;)<br>Circuits guid\u00e9s par GPS<\/li>\n<\/ul>\n\n\n\n<div class=\"wp-block wp-block-related-post clear alignfull\">\n    <div class=\"container\">\n\n        <div class=\"article\">\n\t\t                    <h2 class=\"wp-block-related-post-title\">Choisissez le lieu de votre prochaine r\u00e9union<\/h2>\n\t\t    \n\t\t            <\/div>\n\n\t                <div class=\"article\">\n        \n            <div class=\"wp-block-related-post-inner\">\n                <div   data-slides-per-view=\"4\">\n                    <div class=\"wp-block-related-post-list wp-block-related-post-list-1\">\n\t\t\t\t\t    \n<div class=\"entityItem\"      data-trigger=\"wpiris-click\">\n    <p class=\"entityItemThumbnail\">\n        <a href=\"https:\/\/www.osezmauges.fr\/evenements-pro\/organiser-son-evenement-pro\/salle-seminaire\/\" nofancybox>\n            <img src=\n            \"https:\/\/www.osezmauges.fr\/evenements-pro\/wp-content\/uploads\/sites\/2\/2021\/10\/chateau-tourlandry-seminaire-salle-anjou-\u00a9D.Drouet-900x600.jpg\" alt=\"Salles de s\u00e9minaire\">\n        <\/a>\n    <\/p>\n        <div class=\"entityItemContent\">\n        \n        \n        <h3 class=\"entityItemContentTitle\">        <a href=\"https:\/\/www.osezmauges.fr\/evenements-pro\/organiser-son-evenement-pro\/salle-seminaire\/\">Salles de s\u00e9minaire<\/a>\n        <\/h3>\n            <\/div>\n\n    \n    <\/div>\n                    <\/div>\n                <\/div>\n            <\/div>\n\n                    <\/div>\n        \n    <\/div>\n<\/div>","protected":false},"excerpt":{"rendered":"<p>Envie de d\u00e9couvrir la r\u00e9gion de mani\u00e8re originale ? Que vous soyez sportif ou non, gr\u00e2ce aux v\u00e9los \u00e0 assistance \u00e9lectrique, explorez le territoire autrement en sortant des itin\u00e9raires classiques. Ces v\u00e9los, confortables et simples \u00e0 utiliser, vous permettent de profiter pleinement des paysages ! Prenez le temps d&rsquo;observer et de vivre une exp\u00e9rience unique [&hellip;]<\/p>\n","protected":false},"author":12,"featured_media":19554,"parent":12149,"menu_order":0,"comment_status":"closed","ping_status":"closed","template":"","meta":{"_relevanssi_hide_post":"","_relevanssi_hide_content":"","_relevanssi_pin_for_all":"","_relevanssi_pin_keywords":"","_relevanssi_unpin_keywords":"","_relevanssi_related_keywords":"","_relevanssi_related_include_ids":"","_relevanssi_related_exclude_ids":"","_relevanssi_related_no_append":"","_relevanssi_related_not_related":"","_relevanssi_related_posts":"7797,17174,7947,11541,8289,13242","_relevanssi_noindex_reason":"","footnotes":""},"class_list":["post-19548","page","type-page","status-publish","has-post-thumbnail","hentry"],"acf":[],"yoast_head":"<!-- This site is optimized with the Yoast SEO plugin v26.9 - https:\/\/yoast.com\/product\/yoast-seo-wordpress\/ -->\n<title>Votre \u00e9v\u00e9nement pro en v\u00e9lo tout terrain \u00e9lectrique - Au Fil des Roues<\/title>\n<meta name=\"description\" content=\"Proposez un s\u00e9minaire original \u00e0 votre \u00e9quipe avec une excursion \u00e0 v\u00e9lo tout terrain \u00e9lectrique sur les bords de Loire et dans le vignoble nantais\" \/>\n<meta name=\"robots\" content=\"index, follow, max-snippet:-1, max-image-preview:large, max-video-preview:-1\" \/>\n<link rel=\"canonical\" href=\"https:\/\/www.osezmauges.fr\/evenements-pro\/organiser-son-evenement-pro\/team-building-angers-nantes-cholet\/activites-sportives\/teambuilding-au-fil-des-roues\/\" \/>\n<meta property=\"og:locale\" content=\"fr_FR\" \/>\n<meta property=\"og:type\" content=\"article\" \/>\n<meta property=\"og:title\" content=\"Votre \u00e9v\u00e9nement pro en v\u00e9lo tout terrain \u00e9lectrique - Au Fil des Roues\" \/>\n<meta property=\"og:description\" content=\"Proposez un s\u00e9minaire original \u00e0 votre \u00e9quipe avec une excursion \u00e0 v\u00e9lo tout terrain \u00e9lectrique sur les bords de Loire et dans le vignoble nantais\" \/>\n<meta property=\"og:url\" content=\"https:\/\/www.osezmauges.fr\/evenements-pro\/organiser-son-evenement-pro\/team-building-angers-nantes-cholet\/activites-sportives\/teambuilding-au-fil-des-roues\/\" \/>\n<meta property=\"og:site_name\" content=\"Osez Mauges - Tourisme d&#039;affaire\" \/>\n<meta property=\"og:image\" content=\"https:\/\/www.osezmauges.fr\/evenements-pro\/wp-content\/uploads\/sites\/2\/2026\/05\/au-fil-des-roues-1.jpg\" \/>\n\t<meta property=\"og:image:width\" content=\"1500\" \/>\n\t<meta property=\"og:image:height\" content=\"793\" \/>\n\t<meta property=\"og:image:type\" content=\"image\/jpeg\" \/>\n<meta name=\"twitter:card\" content=\"summary_large_image\" \/>\n<meta name=\"twitter:label1\" content=\"Dur\u00e9e de lecture estim\u00e9e\" \/>\n\t<meta name=\"twitter:data1\" content=\"2 minutes\" \/>\n<script type=\"application\/ld+json\" class=\"yoast-schema-graph\">{\"@context\":\"https:\/\/schema.org\",\"@graph\":[{\"@type\":\"WebPage\",\"@id\":\"https:\/\/www.osezmauges.fr\/evenements-pro\/organiser-son-evenement-pro\/team-building-angers-nantes-cholet\/activites-sportives\/teambuilding-au-fil-des-roues\/\",\"url\":\"https:\/\/www.osezmauges.fr\/evenements-pro\/organiser-son-evenement-pro\/team-building-angers-nantes-cholet\/activites-sportives\/teambuilding-au-fil-des-roues\/\",\"name\":\"Votre \u00e9v\u00e9nement pro en v\u00e9lo tout terrain \u00e9lectrique - Au Fil des Roues\",\"isPartOf\":{\"@id\":\"https:\/\/www.osezmauges.fr\/evenements-pro\/#website\"},\"primaryImageOfPage\":{\"@id\":\"https:\/\/www.osezmauges.fr\/evenements-pro\/organiser-son-evenement-pro\/team-building-angers-nantes-cholet\/activites-sportives\/teambuilding-au-fil-des-roues\/#primaryimage\"},\"image\":{\"@id\":\"https:\/\/www.osezmauges.fr\/evenements-pro\/organiser-son-evenement-pro\/team-building-angers-nantes-cholet\/activites-sportives\/teambuilding-au-fil-des-roues\/#primaryimage\"},\"thumbnailUrl\":\"https:\/\/www.osezmauges.fr\/evenements-pro\/wp-content\/uploads\/sites\/2\/2026\/05\/au-fil-des-roues-1.jpg\",\"datePublished\":\"2026-05-10T20:01:52+00:00\",\"description\":\"Proposez un s\u00e9minaire original \u00e0 votre \u00e9quipe avec une excursion \u00e0 v\u00e9lo tout terrain \u00e9lectrique sur les bords de Loire et dans le vignoble nantais\",\"breadcrumb\":{\"@id\":\"https:\/\/www.osezmauges.fr\/evenements-pro\/organiser-son-evenement-pro\/team-building-angers-nantes-cholet\/activites-sportives\/teambuilding-au-fil-des-roues\/#breadcrumb\"},\"inLanguage\":\"fr-FR\",\"potentialAction\":[{\"@type\":\"ReadAction\",\"target\":[\"https:\/\/www.osezmauges.fr\/evenements-pro\/organiser-son-evenement-pro\/team-building-angers-nantes-cholet\/activites-sportives\/teambuilding-au-fil-des-roues\/\"]}]},{\"@type\":\"ImageObject\",\"inLanguage\":\"fr-FR\",\"@id\":\"https:\/\/www.osezmauges.fr\/evenements-pro\/organiser-son-evenement-pro\/team-building-angers-nantes-cholet\/activites-sportives\/teambuilding-au-fil-des-roues\/#primaryimage\",\"url\":\"https:\/\/www.osezmauges.fr\/evenements-pro\/wp-content\/uploads\/sites\/2\/2026\/05\/au-fil-des-roues-1.jpg\",\"contentUrl\":\"https:\/\/www.osezmauges.fr\/evenements-pro\/wp-content\/uploads\/sites\/2\/2026\/05\/au-fil-des-roues-1.jpg\",\"width\":1500,\"height\":793},{\"@type\":\"BreadcrumbList\",\"@id\":\"https:\/\/www.osezmauges.fr\/evenements-pro\/organiser-son-evenement-pro\/team-building-angers-nantes-cholet\/activites-sportives\/teambuilding-au-fil-des-roues\/#breadcrumb\",\"itemListElement\":[{\"@type\":\"ListItem\",\"position\":1,\"name\":\"Accueil\",\"item\":\"https:\/\/www.osezmauges.fr\/evenements-pro\/\"},{\"@type\":\"ListItem\",\"position\":2,\"name\":\"Organiser son \u00e9v\u00e9nement d\u2019entreprise\",\"item\":\"https:\/\/www.osezmauges.fr\/evenements-pro\/organiser-son-evenement-pro\/\"},{\"@type\":\"ListItem\",\"position\":3,\"name\":\"Team-building et afterwork\",\"item\":\"https:\/\/www.osezmauges.fr\/evenements-pro\/organiser-son-evenement-pro\/team-building-angers-nantes-cholet\/\"},{\"@type\":\"ListItem\",\"position\":4,\"name\":\"Des activit\u00e9s sportives\",\"item\":\"https:\/\/www.osezmauges.fr\/evenements-pro\/organiser-son-evenement-pro\/team-building-angers-nantes-cholet\/activites-sportives\/\"},{\"@type\":\"ListItem\",\"position\":5,\"name\":\"Excursion en v\u00e9lo tout terrain \u00e9lectrique avec Au Fil des Roues\"}]},{\"@type\":\"WebSite\",\"@id\":\"https:\/\/www.osezmauges.fr\/evenements-pro\/#website\",\"url\":\"https:\/\/www.osezmauges.fr\/evenements-pro\/\",\"name\":\"Osez Mauges - Tourisme d&#039;affaire\",\"description\":\"\u00d4sez Mauges\",\"potentialAction\":[{\"@type\":\"SearchAction\",\"target\":{\"@type\":\"EntryPoint\",\"urlTemplate\":\"https:\/\/www.osezmauges.fr\/evenements-pro\/?s={search_term_string}\"},\"query-input\":{\"@type\":\"PropertyValueSpecification\",\"valueRequired\":true,\"valueName\":\"search_term_string\"}}],\"inLanguage\":\"fr-FR\"}]}<\/script>\n<!-- \/ Yoast SEO plugin. -->","yoast_head_json":{"title":"Votre \u00e9v\u00e9nement pro en v\u00e9lo tout terrain \u00e9lectrique - Au Fil des Roues","description":"Proposez un s\u00e9minaire original \u00e0 votre \u00e9quipe avec une excursion \u00e0 v\u00e9lo tout terrain \u00e9lectrique sur les bords de Loire et dans le vignoble nantais","robots":{"index":"index","follow":"follow","max-snippet":"max-snippet:-1","max-image-preview":"max-image-preview:large","max-video-preview":"max-video-preview:-1"},"canonical":"https:\/\/www.osezmauges.fr\/evenements-pro\/organiser-son-evenement-pro\/team-building-angers-nantes-cholet\/activites-sportives\/teambuilding-au-fil-des-roues\/","og_locale":"fr_FR","og_type":"article","og_title":"Votre \u00e9v\u00e9nement pro en v\u00e9lo tout terrain \u00e9lectrique - Au Fil des Roues","og_description":"Proposez un s\u00e9minaire original \u00e0 votre \u00e9quipe avec une excursion \u00e0 v\u00e9lo tout terrain \u00e9lectrique sur les bords de Loire et dans le vignoble nantais","og_url":"https:\/\/www.osezmauges.fr\/evenements-pro\/organiser-son-evenement-pro\/team-building-angers-nantes-cholet\/activites-sportives\/teambuilding-au-fil-des-roues\/","og_site_name":"Osez Mauges - Tourisme d&#039;affaire","og_image":[{"width":1500,"height":793,"url":"https:\/\/www.osezmauges.fr\/evenements-pro\/wp-content\/uploads\/sites\/2\/2026\/05\/au-fil-des-roues-1.jpg","type":"image\/jpeg"}],"twitter_card":"summary_large_image","twitter_misc":{"Dur\u00e9e de lecture estim\u00e9e":"2 minutes"},"schema":{"@context":"https:\/\/schema.org","@graph":[{"@type":"WebPage","@id":"https:\/\/www.osezmauges.fr\/evenements-pro\/organiser-son-evenement-pro\/team-building-angers-nantes-cholet\/activites-sportives\/teambuilding-au-fil-des-roues\/","url":"https:\/\/www.osezmauges.fr\/evenements-pro\/organiser-son-evenement-pro\/team-building-angers-nantes-cholet\/activites-sportives\/teambuilding-au-fil-des-roues\/","name":"Votre \u00e9v\u00e9nement pro en v\u00e9lo tout terrain \u00e9lectrique - Au Fil des Roues","isPartOf":{"@id":"https:\/\/www.osezmauges.fr\/evenements-pro\/#website"},"primaryImageOfPage":{"@id":"https:\/\/www.osezmauges.fr\/evenements-pro\/organiser-son-evenement-pro\/team-building-angers-nantes-cholet\/activites-sportives\/teambuilding-au-fil-des-roues\/#primaryimage"},"image":{"@id":"https:\/\/www.osezmauges.fr\/evenements-pro\/organiser-son-evenement-pro\/team-building-angers-nantes-cholet\/activites-sportives\/teambuilding-au-fil-des-roues\/#primaryimage"},"thumbnailUrl":"https:\/\/www.osezmauges.fr\/evenements-pro\/wp-content\/uploads\/sites\/2\/2026\/05\/au-fil-des-roues-1.jpg","datePublished":"2026-05-10T20:01:52+00:00","description":"Proposez un s\u00e9minaire original \u00e0 votre \u00e9quipe avec une excursion \u00e0 v\u00e9lo tout terrain \u00e9lectrique sur les bords de Loire et dans le vignoble nantais","breadcrumb":{"@id":"https:\/\/www.osezmauges.fr\/evenements-pro\/organiser-son-evenement-pro\/team-building-angers-nantes-cholet\/activites-sportives\/teambuilding-au-fil-des-roues\/#breadcrumb"},"inLanguage":"fr-FR","potentialAction":[{"@type":"ReadAction","target":["https:\/\/www.osezmauges.fr\/evenements-pro\/organiser-son-evenement-pro\/team-building-angers-nantes-cholet\/activites-sportives\/teambuilding-au-fil-des-roues\/"]}]},{"@type":"ImageObject","inLanguage":"fr-FR","@id":"https:\/\/www.osezmauges.fr\/evenements-pro\/organiser-son-evenement-pro\/team-building-angers-nantes-cholet\/activites-sportives\/teambuilding-au-fil-des-roues\/#primaryimage","url":"https:\/\/www.osezmauges.fr\/evenements-pro\/wp-content\/uploads\/sites\/2\/2026\/05\/au-fil-des-roues-1.jpg","contentUrl":"https:\/\/www.osezmauges.fr\/evenements-pro\/wp-content\/uploads\/sites\/2\/2026\/05\/au-fil-des-roues-1.jpg","width":1500,"height":793},{"@type":"BreadcrumbList","@id":"https:\/\/www.osezmauges.fr\/evenements-pro\/organiser-son-evenement-pro\/team-building-angers-nantes-cholet\/activites-sportives\/teambuilding-au-fil-des-roues\/#breadcrumb","itemListElement":[{"@type":"ListItem","position":1,"name":"Accueil","item":"https:\/\/www.osezmauges.fr\/evenements-pro\/"},{"@type":"ListItem","position":2,"name":"Organiser son \u00e9v\u00e9nement d\u2019entreprise","item":"https:\/\/www.osezmauges.fr\/evenements-pro\/organiser-son-evenement-pro\/"},{"@type":"ListItem","position":3,"name":"Team-building et afterwork","item":"https:\/\/www.osezmauges.fr\/evenements-pro\/organiser-son-evenement-pro\/team-building-angers-nantes-cholet\/"},{"@type":"ListItem","position":4,"name":"Des activit\u00e9s sportives","item":"https:\/\/www.osezmauges.fr\/evenements-pro\/organiser-son-evenement-pro\/team-building-angers-nantes-cholet\/activites-sportives\/"},{"@type":"ListItem","position":5,"name":"Excursion en v\u00e9lo tout terrain \u00e9lectrique avec Au Fil des Roues"}]},{"@type":"WebSite","@id":"https:\/\/www.osezmauges.fr\/evenements-pro\/#website","url":"https:\/\/www.osezmauges.fr\/evenements-pro\/","name":"Osez Mauges - Tourisme d&#039;affaire","description":"\u00d4sez Mauges","potentialAction":[{"@type":"SearchAction","target":{"@type":"EntryPoint","urlTemplate":"https:\/\/www.osezmauges.fr\/evenements-pro\/?s={search_term_string}"},"query-input":{"@type":"PropertyValueSpecification","valueRequired":true,"valueName":"search_term_string"}}],"inLanguage":"fr-FR"}]}},"_links":{"self":[{"href":"https:\/\/www.osezmauges.fr\/evenements-pro\/wp-json\/wp\/v2\/pages\/19548","targetHints":{"allow":["GET"]}}],"collection":[{"href":"https:\/\/www.osezmauges.fr\/evenements-pro\/wp-json\/wp\/v2\/pages"}],"about":[{"href":"https:\/\/www.osezmauges.fr\/evenements-pro\/wp-json\/wp\/v2\/types\/page"}],"author":[{"embeddable":true,"href":"https:\/\/www.osezmauges.fr\/evenements-pro\/wp-json\/wp\/v2\/users\/12"}],"replies":[{"embeddable":true,"href":"https:\/\/www.osezmauges.fr\/evenements-pro\/wp-json\/wp\/v2\/comments?post=19548"}],"version-history":[{"count":2,"href":"https:\/\/www.osezmauges.fr\/evenements-pro\/wp-json\/wp\/v2\/pages\/19548\/revisions"}],"predecessor-version":[{"id":19556,"href":"https:\/\/www.osezmauges.fr\/evenements-pro\/wp-json\/wp\/v2\/pages\/19548\/revisions\/19556"}],"up":[{"embeddable":true,"href":"https:\/\/www.osezmauges.fr\/evenements-pro\/wp-json\/wp\/v2\/pages\/12149"}],"wp:featuredmedia":[{"embeddable":true,"href":"https:\/\/www.osezmauges.fr\/evenements-pro\/wp-json\/wp\/v2\/media\/19554"}],"wp:attachment":[{"href":"https:\/\/www.osezmauges.fr\/evenements-pro\/wp-json\/wp\/v2\/media?parent=19548"}],"curies":[{"name":"wp","href":"https:\/\/api.w.org\/{rel}","templated":true}]}}