{"id":21,"date":"2021-09-02T17:39:30","date_gmt":"2021-09-02T15:39:30","guid":{"rendered":"https:\/\/www.osezmauges.fr\/tourisme-d-affaires\/ils-nous-ont-fait-confiance\/"},"modified":"2025-03-31T18:29:51","modified_gmt":"2025-03-31T16:29:51","slug":"confiance","status":"publish","type":"page","link":"https:\/\/www.osezmauges.fr\/evenements-pro\/confiance\/","title":{"rendered":"Ils nous ont fait confiance ! Pourquoi pas vous ?"},"content":{"rendered":"\n<p class=\"is-style-excerpt\">Que ce soit pour un s\u00e9minaire, un team-building ou un incentive, ces entreprises nous ont confi\u00e9 l\u2019organisation de leurs \u00e9v\u00e9nements professionnels. Notre \u00e9quipe a rempli leurs <strong>objectifs<\/strong> <strong>avec exigence et rigueur<\/strong>. Alors pourquoi pas vous&nbsp;? D\u00e9couvrez leur t\u00e9moignage.<\/p>\n\n\n\n<div class=\"wp-block-buttons is-content-justification-center is-layout-flex wp-block-buttons-is-layout-flex\">\n<div class=\"wp-block-button\"><a class=\"wp-block-button__link\" href=\"https:\/\/www.osezmauges.fr\/evenements-pro\/organiser-son-evenement-pro\/\" target=\"_blank\" rel=\"noreferrer noopener\">Organisez votre \u00e9v\u00e9nement pro<\/a><\/div>\n<\/div>\n\n\n\n<h2 class=\"wp-block-heading\">Retour d\u2019entreprises sur leur \u00e9v\u00e9nement<\/h2>\n\n\n\n<div class=\"wp-block-columns alignwide is-layout-flex wp-container-core-columns-is-layout-9d6595d7 wp-block-columns-is-layout-flex\">\n<div class=\"wp-block-column is-layout-flow wp-block-column-is-layout-flow\">\n<div class=\"wp-block wp-block-testimonial\">\n    <p class=\"wp-block-testimonial-content\">\n        Nous avons travaill\u00e9 avec l&rsquo;agence Osez Mauges (pique-nique annuel) et tout s&rsquo;est tr\u00e8s bien pass\u00e9. Perrine a \u00e9t\u00e9 disponible, r\u00e9active et nous a donn\u00e9 d&rsquo;excellents conseils. La mise en relation avec le prestataire pour l\u2019animation \u00e9tait parfaite. On recommande vivement Osez Mauges et on fera de nouveau appel \u00e0 eux.     <\/p>\n    <div class=\"wp-block-testimonial-metas\">\n                <p class=\"wp-block-testimonial-metas-author\"><strong>Robineau<\/strong>, Juin 2024<\/p>\n    <\/div>\n<\/div>\n<\/div>\n\n\n\n<div class=\"wp-block-column is-layout-flow wp-block-column-is-layout-flow\">\n<div class=\"wp-block wp-block-testimonial\">\n    <p class=\"wp-block-testimonial-content\">\n        Nous avons eu le plaisir de collaborer avec \u00d4sez Mauges pour l&rsquo;organisation de notre r\u00e9cent \u00e9v\u00e8nement d&rsquo;entreprise. Gr\u00e2ce \u00e0 leur savoir et leur engagement, notre entreprise a pu d\u00e9couvrir une petite partie de notre belle r\u00e9gion des Mauges. Leur accompagnement a \u00e9t\u00e9 essentiel pour la r\u00e9ussite de notre \u00e9v\u00e8nement. Nous sommes ravis de cette collaboration et nous n&rsquo;h\u00e9siterons pas \u00e0 retravailler ensemble.    <\/p>\n    <div class=\"wp-block-testimonial-metas\">\n                <p class=\"wp-block-testimonial-metas-author\"><strong>MCGM<\/strong>, Juillet 2024<\/p>\n    <\/div>\n<\/div>\n<\/div>\n<\/div>\n\n\n\n<div class=\"wp-block-columns alignwide is-layout-flex wp-container-core-columns-is-layout-9d6595d7 wp-block-columns-is-layout-flex\">\n<div class=\"wp-block-column is-layout-flow wp-block-column-is-layout-flow\">\n<div class=\"wp-block wp-block-testimonial\">\n    <p class=\"wp-block-testimonial-content\">\n        Nous avons \u00e9t\u00e9 tr\u00e8s satisfaits pour notre prestation. Tout correspondait \u00e0 notre demande. La visite du site de Prestige &amp; Collection \u00e9tait tr\u00e8s int\u00e9ressante, et le lieu parfait pour la r\u00e9alisation de notre r\u00e9union d&rsquo;entreprise, ainsi que notre repas. Le traiteur Antar\u00e8s, nous a concoct\u00e9 un repas d\u00e9licieux, avec z\u00e9ro d\u00e9chet !    <\/p>\n    <div class=\"wp-block-testimonial-metas\">\n                <p class=\"wp-block-testimonial-metas-author\"><strong>Terre D\u00e9cape<\/strong>, D\u00e9cembre 2023<\/p>\n    <\/div>\n<\/div>\n<\/div>\n\n\n\n<div class=\"wp-block-column is-layout-flow wp-block-column-is-layout-flow\">\n<div class=\"wp-block wp-block-testimonial\">\n    <p class=\"wp-block-testimonial-content\">\n        La journ\u00e9e s&rsquo;est bien pass\u00e9e. Le Ch\u00e2teau du Martreil dispose d&rsquo;un cadre tr\u00e8s agr\u00e9able pour un d\u00e9jeuner et un jeu de piste aux beaux jours.    <\/p>\n    <div class=\"wp-block-testimonial-metas\">\n                <p class=\"wp-block-testimonial-metas-author\"><strong>Eram<\/strong>, Septembre 2023<\/p>\n    <\/div>\n<\/div>\n<\/div>\n<\/div>\n\n\n\n<div class=\"wp-block-columns alignwide is-layout-flex wp-container-core-columns-is-layout-9d6595d7 wp-block-columns-is-layout-flex\">\n<div class=\"wp-block-column is-layout-flow wp-block-column-is-layout-flow\">\n<div class=\"wp-block wp-block-testimonial\">\n    <p class=\"wp-block-testimonial-content\">\n        \u00ab Nous avons confi\u00e9 l\u2019organisation de notre journ\u00e9e entreprise \u00e0 Osez-Mauges et nous n\u2019avons pas \u00e9t\u00e9 d\u00e9\u00e7u, bien au contraire. Les solutions \u00ab cl\u00e9 en main \u00bb offertes par Osez Mauges sont un r\u00e9el plus pour une petite structure comme la n\u00f4tre et un gain de temps. D\u2019autres projets sont en r\u00e9flexion et nous n\u2019h\u00e9siterons pas \u00e0 faire appel \u00e0 eux de nouveau.     <\/p>\n    <div class=\"wp-block-testimonial-metas\">\n                <p class=\"wp-block-testimonial-metas-author\"><strong>AAID<\/strong>, Septembre 2023<\/p>\n    <\/div>\n<\/div>\n<\/div>\n\n\n\n<div class=\"wp-block-column is-layout-flow wp-block-column-is-layout-flow\">\n<div class=\"wp-block wp-block-testimonial\">\n    <p class=\"wp-block-testimonial-content\">\n        Le cadre du Fief des Cordeliers est tr\u00e8s agr\u00e9able et propice \u00e0 la convivialit\u00e9. L&rsquo;\u00e9quipe de laser Percussion a \u00e9t\u00e9 discr\u00e8te tout en \u00e9tant disponible et r\u00e9active Le traiteur \u00e9tait au top , dans le timing.    <\/p>\n    <div class=\"wp-block-testimonial-metas\">\n                <p class=\"wp-block-testimonial-metas-author\"><strong>Brioche Pasquier<\/strong>, Juin 2023<\/p>\n    <\/div>\n<\/div>\n<\/div>\n<\/div>\n\n\n\n<div class=\"wp-block wp-block-related-post clear alignfull\">\n    <div class=\"container\">\n\n        <div class=\"article\">\n\t\t    \n\t\t            <\/div>\n\n\t    \n            <div class=\"wp-block-related-post-inner\">\n                <div data-id=\"wpiris-related-post\"  data-slides-per-view=\"4\">\n                    <div data-id=\"wpiris-related-post-wrapper\"\">\n\t\t\t\t\t    \n<div class=\"entityItem\" data-id=\"wpiris-related-post-item\"     data-trigger=\"wpiris-click\">\n    <p class=\"entityItemThumbnail\">\n        <a href=\"https:\/\/www.osezmauges.fr\/evenements-pro\/seminaire-choisir-les-mauges\/un-bassin-economique-actif\/\" nofancybox>\n            <img src=\n            \"https:\/\/www.osezmauges.fr\/evenements-pro\/wp-content\/uploads\/sites\/2\/2021\/10\/1-vue-exterieure-MulliezFlory-sm-longeron-osezmauges-anjou-\u00a9F.Crampon-4247-380x430.jpg\" alt=\"Les Mauges, un bassin \u00e9conomique actif entre Angers, Nantes et Cholet\">\n        <\/a>\n    <\/p>\n        <div class=\"entityItemContent\">\n        \n        \n        <h3 class=\"entityItemContentTitle\">        <a href=\"https:\/\/www.osezmauges.fr\/evenements-pro\/seminaire-choisir-les-mauges\/un-bassin-economique-actif\/\">Les Mauges, un bassin \u00e9conomique actif entre Angers, Nantes et Cholet<\/a>\n        <\/h3>\n            <\/div>\n\n    \n    <\/div>\n\n<div class=\"entityItem\" data-id=\"wpiris-related-post-item\"     data-trigger=\"wpiris-click\">\n    <p class=\"entityItemThumbnail\">\n        <a href=\"https:\/\/www.osezmauges.fr\/evenements-pro\/seminaire-choisir-les-mauges\/prestations-qualitatives-affaire\/\" nofancybox>\n            <img src=\n            \"https:\/\/www.osezmauges.fr\/evenements-pro\/wp-content\/uploads\/sites\/2\/2021\/10\/1-prestation-qualitative-seminaire-incentive-nant\u00a9D.Drouet-380x430.jpg\" alt=\"La qualit\u00e9 au c\u0153ur de vos s\u00e9minaires et r\u00e9unions d\u2019affaires\">\n        <\/a>\n    <\/p>\n        <div class=\"entityItemContent\">\n        \n        \n        <h3 class=\"entityItemContentTitle\">        <a href=\"https:\/\/www.osezmauges.fr\/evenements-pro\/seminaire-choisir-les-mauges\/prestations-qualitatives-affaire\/\">La qualit\u00e9 au c\u0153ur de vos s\u00e9minaires et r\u00e9unions d\u2019affaires<\/a>\n        <\/h3>\n            <\/div>\n\n    \n    <\/div>\n\n<div class=\"entityItem\" data-id=\"wpiris-related-post-item\"     data-trigger=\"wpiris-click\">\n    <p class=\"entityItemThumbnail\">\n        <a href=\"https:\/\/www.osezmauges.fr\/evenements-pro\/seminaire-choisir-les-mauges\/equipe-tourisme-affaire\/\" nofancybox>\n            <img src=\n            \"https:\/\/www.osezmauges.fr\/evenements-pro\/wp-content\/uploads\/sites\/2\/2022\/09\/equipe-tourisme-affaire-osez-mauges-\u00a9D.Drouet-380x430.png\" alt=\"Une \u00e9quipe de professi\u00d4nnels d\u00e9di\u00e9e \u00e0 vos \u00e9v\u00e9nements\">\n        <\/a>\n    <\/p>\n        <div class=\"entityItemContent\">\n        \n        \n        <h3 class=\"entityItemContentTitle\">        <a href=\"https:\/\/www.osezmauges.fr\/evenements-pro\/seminaire-choisir-les-mauges\/equipe-tourisme-affaire\/\">Une \u00e9quipe de professi\u00d4nnels d\u00e9di\u00e9e \u00e0 vos \u00e9v\u00e9nements<\/a>\n        <\/h3>\n            <\/div>\n\n    \n    <\/div>\n\n<div class=\"entityItem\" data-id=\"wpiris-related-post-item\"     data-trigger=\"wpiris-click\">\n    <p class=\"entityItemThumbnail\">\n        <a href=\"https:\/\/www.osezmauges.fr\/evenements-pro\/seminaire-choisir-les-mauges\/seminaire-angers-nature\/\" nofancybox>\n            <img src=\n            \"https:\/\/www.osezmauges.fr\/evenements-pro\/wp-content\/uploads\/sites\/2\/2024\/02\/seminaire-angers-nantes-parc-chateau-martreil-cea-chemille-\u00a9F.Crampon-8-380x430.jpg\" alt=\"Team-building, s\u00e9minaire entre Angers et Nantes : une parenth\u00e8se 100% nature\">\n        <\/a>\n    <\/p>\n        <div class=\"entityItemContent\">\n        \n        \n        <h3 class=\"entityItemContentTitle\">        <a href=\"https:\/\/www.osezmauges.fr\/evenements-pro\/seminaire-choisir-les-mauges\/seminaire-angers-nature\/\">Team-building, s\u00e9minaire entre Angers et Nantes : une parenth\u00e8se 100% nature<\/a>\n        <\/h3>\n            <\/div>\n\n    \n    <\/div>\n\n<div class=\"entityItem\" data-id=\"wpiris-related-post-item\"     data-trigger=\"wpiris-click\">\n    <p class=\"entityItemThumbnail\">\n        <a href=\"https:\/\/www.osezmauges.fr\/evenements-pro\/seminaire-choisir-les-mauges\/se-rendre-dans-les-mauges\/\" nofancybox>\n            <img src=\n            \"https:\/\/www.osezmauges.fr\/evenements-pro\/wp-content\/uploads\/sites\/2\/2021\/10\/1-tourisme-affaire-reunion-equipe\u00a9D.Drouet-380x430.jpg\" alt=\"Les Mauges, un territoire facile d\u2019acc\u00e8s entre Angers, Nantes et Cholet\">\n        <\/a>\n    <\/p>\n        <div class=\"entityItemContent\">\n        \n        \n        <h3 class=\"entityItemContentTitle\">        <a href=\"https:\/\/www.osezmauges.fr\/evenements-pro\/seminaire-choisir-les-mauges\/se-rendre-dans-les-mauges\/\">Les Mauges, un territoire facile d\u2019acc\u00e8s entre Angers, Nantes et Cholet<\/a>\n        <\/h3>\n            <\/div>\n\n    \n    <\/div>\n                    <\/div>\n                <\/div>\n            <\/div>\n\n        \n    <\/div>\n<\/div>\n\n\n<p><\/p>\n","protected":false},"excerpt":{"rendered":"<p>Que ce soit pour un s\u00e9minaire, un team-building ou un incentive, ces entreprises nous ont confi\u00e9 l\u2019organisation de leurs \u00e9v\u00e9nements professionnels. Notre \u00e9quipe a rempli leurs objectifs avec exigence et rigueur. Alors pourquoi pas vous&nbsp;? D\u00e9couvrez leur t\u00e9moignage. Retour d\u2019entreprises sur leur \u00e9v\u00e9nement<\/p>\n","protected":false},"author":1,"featured_media":4537,"parent":0,"menu_order":8,"comment_status":"closed","ping_status":"closed","template":"","meta":{"_relevanssi_hide_post":"","_relevanssi_hide_content":"","_relevanssi_pin_for_all":"","_relevanssi_pin_keywords":"","_relevanssi_unpin_keywords":"","_relevanssi_related_keywords":"","_relevanssi_related_include_ids":"","_relevanssi_related_exclude_ids":"","_relevanssi_related_no_append":"","_relevanssi_related_not_related":"","_relevanssi_related_posts":"1","_relevanssi_noindex_reason":"","footnotes":""},"class_list":["post-21","page","type-page","status-publish","has-post-thumbnail","hentry"],"acf":[],"yoast_head":"<!-- This site is optimized with the Yoast SEO plugin v26.9 - https:\/\/yoast.com\/product\/yoast-seo-wordpress\/ -->\n<title>Ev\u00e9nements professionnels : ils nous ont fait confiance !<\/title>\n<meta name=\"description\" content=\"Retrouvez les t\u00e9moignages des entreprises ayant fait appel \u00e0 nos services pour leurs r\u00e9unions professionnelles dans les Mauges.\" \/>\n<meta name=\"robots\" content=\"index, follow, max-snippet:-1, max-image-preview:large, max-video-preview:-1\" \/>\n<link rel=\"canonical\" href=\"https:\/\/www.osezmauges.fr\/evenements-pro\/confiance\/\" \/>\n<meta property=\"og:locale\" content=\"fr_FR\" \/>\n<meta property=\"og:type\" content=\"article\" \/>\n<meta property=\"og:title\" content=\"Ev\u00e9nements professionnels : ils nous ont fait confiance !\" \/>\n<meta property=\"og:description\" content=\"Retrouvez les t\u00e9moignages des entreprises ayant fait appel \u00e0 nos services pour leurs r\u00e9unions professionnelles dans les Mauges.\" \/>\n<meta property=\"og:url\" content=\"https:\/\/www.osezmauges.fr\/evenements-pro\/confiance\/\" \/>\n<meta property=\"og:site_name\" content=\"Osez Mauges - Tourisme d&#039;affaire\" \/>\n<meta property=\"article:modified_time\" content=\"2025-03-31T16:29:51+00:00\" \/>\n<meta property=\"og:image\" content=\"https:\/\/www.osezmauges.fr\/evenements-pro\/wp-content\/uploads\/sites\/2\/2021\/10\/1-confiance-entreprise-seminaire-incentive-team-building-maine-et-loire-\u00a9D.Drouet.jpg\" \/>\n\t<meta property=\"og:image:width\" content=\"1200\" \/>\n\t<meta property=\"og:image:height\" content=\"800\" \/>\n\t<meta property=\"og:image:type\" content=\"image\/jpeg\" \/>\n<meta name=\"twitter:card\" content=\"summary_large_image\" \/>\n<meta name=\"twitter:label1\" content=\"Dur\u00e9e de lecture estim\u00e9e\" \/>\n\t<meta name=\"twitter:data1\" content=\"1 minute\" \/>\n<script type=\"application\/ld+json\" class=\"yoast-schema-graph\">{\"@context\":\"https:\/\/schema.org\",\"@graph\":[{\"@type\":\"WebPage\",\"@id\":\"https:\/\/www.osezmauges.fr\/evenements-pro\/confiance\/\",\"url\":\"https:\/\/www.osezmauges.fr\/evenements-pro\/confiance\/\",\"name\":\"Ev\u00e9nements professionnels : ils nous ont fait confiance !\",\"isPartOf\":{\"@id\":\"https:\/\/www.osezmauges.fr\/evenements-pro\/#website\"},\"primaryImageOfPage\":{\"@id\":\"https:\/\/www.osezmauges.fr\/evenements-pro\/confiance\/#primaryimage\"},\"image\":{\"@id\":\"https:\/\/www.osezmauges.fr\/evenements-pro\/confiance\/#primaryimage\"},\"thumbnailUrl\":\"https:\/\/www.osezmauges.fr\/evenements-pro\/wp-content\/uploads\/sites\/2\/2021\/10\/1-confiance-entreprise-seminaire-incentive-team-building-maine-et-loire-\u00a9D.Drouet.jpg\",\"datePublished\":\"2021-09-02T15:39:30+00:00\",\"dateModified\":\"2025-03-31T16:29:51+00:00\",\"description\":\"Retrouvez les t\u00e9moignages des entreprises ayant fait appel \u00e0 nos services pour leurs r\u00e9unions professionnelles dans les Mauges.\",\"breadcrumb\":{\"@id\":\"https:\/\/www.osezmauges.fr\/evenements-pro\/confiance\/#breadcrumb\"},\"inLanguage\":\"fr-FR\",\"potentialAction\":[{\"@type\":\"ReadAction\",\"target\":[\"https:\/\/www.osezmauges.fr\/evenements-pro\/confiance\/\"]}]},{\"@type\":\"ImageObject\",\"inLanguage\":\"fr-FR\",\"@id\":\"https:\/\/www.osezmauges.fr\/evenements-pro\/confiance\/#primaryimage\",\"url\":\"https:\/\/www.osezmauges.fr\/evenements-pro\/wp-content\/uploads\/sites\/2\/2021\/10\/1-confiance-entreprise-seminaire-incentive-team-building-maine-et-loire-\u00a9D.Drouet.jpg\",\"contentUrl\":\"https:\/\/www.osezmauges.fr\/evenements-pro\/wp-content\/uploads\/sites\/2\/2021\/10\/1-confiance-entreprise-seminaire-incentive-team-building-maine-et-loire-\u00a9D.Drouet.jpg\",\"width\":1200,\"height\":800},{\"@type\":\"BreadcrumbList\",\"@id\":\"https:\/\/www.osezmauges.fr\/evenements-pro\/confiance\/#breadcrumb\",\"itemListElement\":[{\"@type\":\"ListItem\",\"position\":1,\"name\":\"Accueil\",\"item\":\"https:\/\/www.osezmauges.fr\/evenements-pro\/\"},{\"@type\":\"ListItem\",\"position\":2,\"name\":\"Ils nous ont fait confiance ! Pourquoi pas vous ?\"}]},{\"@type\":\"WebSite\",\"@id\":\"https:\/\/www.osezmauges.fr\/evenements-pro\/#website\",\"url\":\"https:\/\/www.osezmauges.fr\/evenements-pro\/\",\"name\":\"Osez Mauges - Tourisme d&#039;affaire\",\"description\":\"\u00d4sez Mauges\",\"potentialAction\":[{\"@type\":\"SearchAction\",\"target\":{\"@type\":\"EntryPoint\",\"urlTemplate\":\"https:\/\/www.osezmauges.fr\/evenements-pro\/?s={search_term_string}\"},\"query-input\":{\"@type\":\"PropertyValueSpecification\",\"valueRequired\":true,\"valueName\":\"search_term_string\"}}],\"inLanguage\":\"fr-FR\"}]}<\/script>\n<!-- \/ Yoast SEO plugin. -->","yoast_head_json":{"title":"Ev\u00e9nements professionnels : ils nous ont fait confiance !","description":"Retrouvez les t\u00e9moignages des entreprises ayant fait appel \u00e0 nos services pour leurs r\u00e9unions professionnelles dans les Mauges.","robots":{"index":"index","follow":"follow","max-snippet":"max-snippet:-1","max-image-preview":"max-image-preview:large","max-video-preview":"max-video-preview:-1"},"canonical":"https:\/\/www.osezmauges.fr\/evenements-pro\/confiance\/","og_locale":"fr_FR","og_type":"article","og_title":"Ev\u00e9nements professionnels : ils nous ont fait confiance !","og_description":"Retrouvez les t\u00e9moignages des entreprises ayant fait appel \u00e0 nos services pour leurs r\u00e9unions professionnelles dans les Mauges.","og_url":"https:\/\/www.osezmauges.fr\/evenements-pro\/confiance\/","og_site_name":"Osez Mauges - Tourisme d&#039;affaire","article_modified_time":"2025-03-31T16:29:51+00:00","og_image":[{"width":1200,"height":800,"url":"https:\/\/www.osezmauges.fr\/evenements-pro\/wp-content\/uploads\/sites\/2\/2021\/10\/1-confiance-entreprise-seminaire-incentive-team-building-maine-et-loire-\u00a9D.Drouet.jpg","type":"image\/jpeg"}],"twitter_card":"summary_large_image","twitter_misc":{"Dur\u00e9e de lecture estim\u00e9e":"1 minute"},"schema":{"@context":"https:\/\/schema.org","@graph":[{"@type":"WebPage","@id":"https:\/\/www.osezmauges.fr\/evenements-pro\/confiance\/","url":"https:\/\/www.osezmauges.fr\/evenements-pro\/confiance\/","name":"Ev\u00e9nements professionnels : ils nous ont fait confiance !","isPartOf":{"@id":"https:\/\/www.osezmauges.fr\/evenements-pro\/#website"},"primaryImageOfPage":{"@id":"https:\/\/www.osezmauges.fr\/evenements-pro\/confiance\/#primaryimage"},"image":{"@id":"https:\/\/www.osezmauges.fr\/evenements-pro\/confiance\/#primaryimage"},"thumbnailUrl":"https:\/\/www.osezmauges.fr\/evenements-pro\/wp-content\/uploads\/sites\/2\/2021\/10\/1-confiance-entreprise-seminaire-incentive-team-building-maine-et-loire-\u00a9D.Drouet.jpg","datePublished":"2021-09-02T15:39:30+00:00","dateModified":"2025-03-31T16:29:51+00:00","description":"Retrouvez les t\u00e9moignages des entreprises ayant fait appel \u00e0 nos services pour leurs r\u00e9unions professionnelles dans les Mauges.","breadcrumb":{"@id":"https:\/\/www.osezmauges.fr\/evenements-pro\/confiance\/#breadcrumb"},"inLanguage":"fr-FR","potentialAction":[{"@type":"ReadAction","target":["https:\/\/www.osezmauges.fr\/evenements-pro\/confiance\/"]}]},{"@type":"ImageObject","inLanguage":"fr-FR","@id":"https:\/\/www.osezmauges.fr\/evenements-pro\/confiance\/#primaryimage","url":"https:\/\/www.osezmauges.fr\/evenements-pro\/wp-content\/uploads\/sites\/2\/2021\/10\/1-confiance-entreprise-seminaire-incentive-team-building-maine-et-loire-\u00a9D.Drouet.jpg","contentUrl":"https:\/\/www.osezmauges.fr\/evenements-pro\/wp-content\/uploads\/sites\/2\/2021\/10\/1-confiance-entreprise-seminaire-incentive-team-building-maine-et-loire-\u00a9D.Drouet.jpg","width":1200,"height":800},{"@type":"BreadcrumbList","@id":"https:\/\/www.osezmauges.fr\/evenements-pro\/confiance\/#breadcrumb","itemListElement":[{"@type":"ListItem","position":1,"name":"Accueil","item":"https:\/\/www.osezmauges.fr\/evenements-pro\/"},{"@type":"ListItem","position":2,"name":"Ils nous ont fait confiance ! Pourquoi pas vous ?"}]},{"@type":"WebSite","@id":"https:\/\/www.osezmauges.fr\/evenements-pro\/#website","url":"https:\/\/www.osezmauges.fr\/evenements-pro\/","name":"Osez Mauges - Tourisme d&#039;affaire","description":"\u00d4sez Mauges","potentialAction":[{"@type":"SearchAction","target":{"@type":"EntryPoint","urlTemplate":"https:\/\/www.osezmauges.fr\/evenements-pro\/?s={search_term_string}"},"query-input":{"@type":"PropertyValueSpecification","valueRequired":true,"valueName":"search_term_string"}}],"inLanguage":"fr-FR"}]}},"_links":{"self":[{"href":"https:\/\/www.osezmauges.fr\/evenements-pro\/wp-json\/wp\/v2\/pages\/21","targetHints":{"allow":["GET"]}}],"collection":[{"href":"https:\/\/www.osezmauges.fr\/evenements-pro\/wp-json\/wp\/v2\/pages"}],"about":[{"href":"https:\/\/www.osezmauges.fr\/evenements-pro\/wp-json\/wp\/v2\/types\/page"}],"author":[{"embeddable":true,"href":"https:\/\/www.osezmauges.fr\/evenements-pro\/wp-json\/wp\/v2\/users\/1"}],"replies":[{"embeddable":true,"href":"https:\/\/www.osezmauges.fr\/evenements-pro\/wp-json\/wp\/v2\/comments?post=21"}],"version-history":[{"count":17,"href":"https:\/\/www.osezmauges.fr\/evenements-pro\/wp-json\/wp\/v2\/pages\/21\/revisions"}],"predecessor-version":[{"id":14774,"href":"https:\/\/www.osezmauges.fr\/evenements-pro\/wp-json\/wp\/v2\/pages\/21\/revisions\/14774"}],"wp:featuredmedia":[{"embeddable":true,"href":"https:\/\/www.osezmauges.fr\/evenements-pro\/wp-json\/wp\/v2\/media\/4537"}],"wp:attachment":[{"href":"https:\/\/www.osezmauges.fr\/evenements-pro\/wp-json\/wp\/v2\/media?parent=21"}],"curies":[{"name":"wp","href":"https:\/\/api.w.org\/{rel}","templated":true}]}}