{"id":221,"date":"2021-10-12T17:31:20","date_gmt":"2021-10-12T15:31:20","guid":{"rendered":"https:\/\/www.osezmauges.fr\/tourisme-d-affaires\/?page_id=221"},"modified":"2023-01-06T11:13:55","modified_gmt":"2023-01-06T10:13:55","slug":"inscription-a-la-newsletter","status":"publish","type":"page","link":"https:\/\/www.osezmauges.fr\/evenements-pro\/inscription-a-la-newsletter\/","title":{"rendered":"Inscription \u00e0 la newsletter"},"content":{"rendered":"\n<p class=\"is-style-excerpt\">Recevez toutes les id\u00e9es de s\u00e9minaires et team-buildings \u00e0 faire dans les Mauges ainsi que les avantages et des id\u00e9es pour vos cadeaux d&rsquo;entreprises gr\u00e2ce \u00e0 la lettre d&rsquo;informations tous les 2 mois. Pour s&rsquo;inscrire c&rsquo;est juste ici \ud83d\udc47<\/p>\n\n\n<p><iframe loading=\"lazy\" width=\"540\" height=\"800\" src=\"https:\/\/0a8bafce.sibforms.com\/serve\/MUIEADWDALKSNqaNfdyQjcaCZRT6iuGy9ARnGRZUuCsXujxSnwwHuQOA-JJbQSUNsOzqvjt3MQ8nWxlAA71F-YqzcgaHehM-sQYlbi37KZrZSatXgF3itCwiuQabNlWmT8u-gtfoxv3jCfY-dRx9O8BjYE2RP2OyZr7IsnrWMvRqQYz5uts2GwwPpdzPsqLgcfIGb0vKhO_PCT1o\" frameborder=\"0\" scrolling=\"auto\" allowfullscreen style=\"display: block;margin-left: auto;margin-right: auto;max-width: 100%;\"><\/iframe><\/p>\n","protected":false},"excerpt":{"rendered":"<p>Recevez toutes les id\u00e9es de s\u00e9minaires et team-buildings \u00e0 faire dans les Mauges ainsi que les avantages et des id\u00e9es pour vos cadeaux d&rsquo;entreprises gr\u00e2ce \u00e0 la lettre d&rsquo;informations tous les 2 mois. Pour s&rsquo;inscrire c&rsquo;est juste ici \ud83d\udc47<\/p>\n","protected":false},"author":1,"featured_media":9684,"parent":0,"menu_order":11,"comment_status":"closed","ping_status":"closed","template":"","meta":{"_relevanssi_hide_post":"","_relevanssi_hide_content":"","_relevanssi_pin_for_all":"","_relevanssi_pin_keywords":"","_relevanssi_unpin_keywords":"","_relevanssi_related_keywords":"","_relevanssi_related_include_ids":"","_relevanssi_related_exclude_ids":"","_relevanssi_related_no_append":"","_relevanssi_related_not_related":"","_relevanssi_related_posts":"1","_relevanssi_noindex_reason":"","footnotes":""},"class_list":["post-221","page","type-page","status-publish","has-post-thumbnail","hentry"],"acf":[],"yoast_head":"<!-- This site is optimized with the Yoast SEO plugin v26.9 - https:\/\/yoast.com\/product\/yoast-seo-wordpress\/ -->\n<title>Inscription \u00e0 la newsletter - Osez Mauges - Tourisme d&#039;affaire<\/title>\n<meta name=\"description\" content=\"Recevez toutes les id\u00e9es de s\u00e9minaires et team-buildings \u00e0 faire dans les Mauges ainsi que les avantages et des id\u00e9es pour vos cadeaux d&#039;entreprises gr\u00e2ce\" \/>\n<meta name=\"robots\" content=\"index, follow, max-snippet:-1, max-image-preview:large, max-video-preview:-1\" \/>\n<link rel=\"canonical\" href=\"https:\/\/www.osezmauges.fr\/evenements-pro\/inscription-a-la-newsletter\/\" \/>\n<meta property=\"og:locale\" content=\"fr_FR\" \/>\n<meta property=\"og:type\" content=\"article\" \/>\n<meta property=\"og:title\" content=\"Inscription \u00e0 la newsletter - Osez Mauges - Tourisme d&#039;affaire\" \/>\n<meta property=\"og:description\" content=\"Recevez toutes les id\u00e9es de s\u00e9minaires et team-buildings \u00e0 faire dans les Mauges ainsi que les avantages et des id\u00e9es pour vos cadeaux d&#039;entreprises gr\u00e2ce\" \/>\n<meta property=\"og:url\" content=\"https:\/\/www.osezmauges.fr\/evenements-pro\/inscription-a-la-newsletter\/\" \/>\n<meta property=\"og:site_name\" content=\"Osez Mauges - Tourisme d&#039;affaire\" \/>\n<meta property=\"article:modified_time\" content=\"2023-01-06T10:13:55+00:00\" \/>\n<meta property=\"og:image\" content=\"https:\/\/www.osezmauges.fr\/evenements-pro\/wp-content\/uploads\/sites\/2\/2022\/07\/mise-a-jour-info-tourinsoft.jpg\" \/>\n\t<meta property=\"og:image:width\" content=\"1500\" \/>\n\t<meta property=\"og:image:height\" content=\"1000\" \/>\n\t<meta property=\"og:image:type\" content=\"image\/jpeg\" \/>\n<meta name=\"twitter:card\" content=\"summary_large_image\" \/>\n<meta name=\"twitter:label1\" content=\"Dur\u00e9e de lecture estim\u00e9e\" \/>\n\t<meta name=\"twitter:data1\" content=\"1 minute\" \/>\n<script type=\"application\/ld+json\" class=\"yoast-schema-graph\">{\"@context\":\"https:\/\/schema.org\",\"@graph\":[{\"@type\":\"WebPage\",\"@id\":\"https:\/\/www.osezmauges.fr\/evenements-pro\/inscription-a-la-newsletter\/\",\"url\":\"https:\/\/www.osezmauges.fr\/evenements-pro\/inscription-a-la-newsletter\/\",\"name\":\"Inscription \u00e0 la newsletter - Osez Mauges - Tourisme d&#039;affaire\",\"isPartOf\":{\"@id\":\"https:\/\/www.osezmauges.fr\/evenements-pro\/#website\"},\"primaryImageOfPage\":{\"@id\":\"https:\/\/www.osezmauges.fr\/evenements-pro\/inscription-a-la-newsletter\/#primaryimage\"},\"image\":{\"@id\":\"https:\/\/www.osezmauges.fr\/evenements-pro\/inscription-a-la-newsletter\/#primaryimage\"},\"thumbnailUrl\":\"https:\/\/www.osezmauges.fr\/evenements-pro\/wp-content\/uploads\/sites\/2\/2022\/07\/mise-a-jour-info-tourinsoft.jpg\",\"datePublished\":\"2021-10-12T15:31:20+00:00\",\"dateModified\":\"2023-01-06T10:13:55+00:00\",\"description\":\"Recevez toutes les id\u00e9es de s\u00e9minaires et team-buildings \u00e0 faire dans les Mauges ainsi que les avantages et des id\u00e9es pour vos cadeaux d'entreprises gr\u00e2ce\",\"breadcrumb\":{\"@id\":\"https:\/\/www.osezmauges.fr\/evenements-pro\/inscription-a-la-newsletter\/#breadcrumb\"},\"inLanguage\":\"fr-FR\",\"potentialAction\":[{\"@type\":\"ReadAction\",\"target\":[\"https:\/\/www.osezmauges.fr\/evenements-pro\/inscription-a-la-newsletter\/\"]}]},{\"@type\":\"ImageObject\",\"inLanguage\":\"fr-FR\",\"@id\":\"https:\/\/www.osezmauges.fr\/evenements-pro\/inscription-a-la-newsletter\/#primaryimage\",\"url\":\"https:\/\/www.osezmauges.fr\/evenements-pro\/wp-content\/uploads\/sites\/2\/2022\/07\/mise-a-jour-info-tourinsoft.jpg\",\"contentUrl\":\"https:\/\/www.osezmauges.fr\/evenements-pro\/wp-content\/uploads\/sites\/2\/2022\/07\/mise-a-jour-info-tourinsoft.jpg\",\"width\":1500,\"height\":1000,\"caption\":\"Rear view of high school girl using laptop for doing homework, browsing Internet, searching for required information, sitting at desk with mobile phone with copy space screen lying next to her\"},{\"@type\":\"BreadcrumbList\",\"@id\":\"https:\/\/www.osezmauges.fr\/evenements-pro\/inscription-a-la-newsletter\/#breadcrumb\",\"itemListElement\":[{\"@type\":\"ListItem\",\"position\":1,\"name\":\"Accueil\",\"item\":\"https:\/\/www.osezmauges.fr\/evenements-pro\/\"},{\"@type\":\"ListItem\",\"position\":2,\"name\":\"Inscription \u00e0 la newsletter\"}]},{\"@type\":\"WebSite\",\"@id\":\"https:\/\/www.osezmauges.fr\/evenements-pro\/#website\",\"url\":\"https:\/\/www.osezmauges.fr\/evenements-pro\/\",\"name\":\"Osez Mauges - Tourisme d&#039;affaire\",\"description\":\"\u00d4sez Mauges\",\"potentialAction\":[{\"@type\":\"SearchAction\",\"target\":{\"@type\":\"EntryPoint\",\"urlTemplate\":\"https:\/\/www.osezmauges.fr\/evenements-pro\/?s={search_term_string}\"},\"query-input\":{\"@type\":\"PropertyValueSpecification\",\"valueRequired\":true,\"valueName\":\"search_term_string\"}}],\"inLanguage\":\"fr-FR\"}]}<\/script>\n<!-- \/ Yoast SEO plugin. -->","yoast_head_json":{"title":"Inscription \u00e0 la newsletter - Osez Mauges - Tourisme d&#039;affaire","description":"Recevez toutes les id\u00e9es de s\u00e9minaires et team-buildings \u00e0 faire dans les Mauges ainsi que les avantages et des id\u00e9es pour vos cadeaux d'entreprises gr\u00e2ce","robots":{"index":"index","follow":"follow","max-snippet":"max-snippet:-1","max-image-preview":"max-image-preview:large","max-video-preview":"max-video-preview:-1"},"canonical":"https:\/\/www.osezmauges.fr\/evenements-pro\/inscription-a-la-newsletter\/","og_locale":"fr_FR","og_type":"article","og_title":"Inscription \u00e0 la newsletter - Osez Mauges - Tourisme d&#039;affaire","og_description":"Recevez toutes les id\u00e9es de s\u00e9minaires et team-buildings \u00e0 faire dans les Mauges ainsi que les avantages et des id\u00e9es pour vos cadeaux d'entreprises gr\u00e2ce","og_url":"https:\/\/www.osezmauges.fr\/evenements-pro\/inscription-a-la-newsletter\/","og_site_name":"Osez Mauges - Tourisme d&#039;affaire","article_modified_time":"2023-01-06T10:13:55+00:00","og_image":[{"width":1500,"height":1000,"url":"https:\/\/www.osezmauges.fr\/evenements-pro\/wp-content\/uploads\/sites\/2\/2022\/07\/mise-a-jour-info-tourinsoft.jpg","type":"image\/jpeg"}],"twitter_card":"summary_large_image","twitter_misc":{"Dur\u00e9e de lecture estim\u00e9e":"1 minute"},"schema":{"@context":"https:\/\/schema.org","@graph":[{"@type":"WebPage","@id":"https:\/\/www.osezmauges.fr\/evenements-pro\/inscription-a-la-newsletter\/","url":"https:\/\/www.osezmauges.fr\/evenements-pro\/inscription-a-la-newsletter\/","name":"Inscription \u00e0 la newsletter - Osez Mauges - Tourisme d&#039;affaire","isPartOf":{"@id":"https:\/\/www.osezmauges.fr\/evenements-pro\/#website"},"primaryImageOfPage":{"@id":"https:\/\/www.osezmauges.fr\/evenements-pro\/inscription-a-la-newsletter\/#primaryimage"},"image":{"@id":"https:\/\/www.osezmauges.fr\/evenements-pro\/inscription-a-la-newsletter\/#primaryimage"},"thumbnailUrl":"https:\/\/www.osezmauges.fr\/evenements-pro\/wp-content\/uploads\/sites\/2\/2022\/07\/mise-a-jour-info-tourinsoft.jpg","datePublished":"2021-10-12T15:31:20+00:00","dateModified":"2023-01-06T10:13:55+00:00","description":"Recevez toutes les id\u00e9es de s\u00e9minaires et team-buildings \u00e0 faire dans les Mauges ainsi que les avantages et des id\u00e9es pour vos cadeaux d'entreprises gr\u00e2ce","breadcrumb":{"@id":"https:\/\/www.osezmauges.fr\/evenements-pro\/inscription-a-la-newsletter\/#breadcrumb"},"inLanguage":"fr-FR","potentialAction":[{"@type":"ReadAction","target":["https:\/\/www.osezmauges.fr\/evenements-pro\/inscription-a-la-newsletter\/"]}]},{"@type":"ImageObject","inLanguage":"fr-FR","@id":"https:\/\/www.osezmauges.fr\/evenements-pro\/inscription-a-la-newsletter\/#primaryimage","url":"https:\/\/www.osezmauges.fr\/evenements-pro\/wp-content\/uploads\/sites\/2\/2022\/07\/mise-a-jour-info-tourinsoft.jpg","contentUrl":"https:\/\/www.osezmauges.fr\/evenements-pro\/wp-content\/uploads\/sites\/2\/2022\/07\/mise-a-jour-info-tourinsoft.jpg","width":1500,"height":1000,"caption":"Rear view of high school girl using laptop for doing homework, browsing Internet, searching for required information, sitting at desk with mobile phone with copy space screen lying next to her"},{"@type":"BreadcrumbList","@id":"https:\/\/www.osezmauges.fr\/evenements-pro\/inscription-a-la-newsletter\/#breadcrumb","itemListElement":[{"@type":"ListItem","position":1,"name":"Accueil","item":"https:\/\/www.osezmauges.fr\/evenements-pro\/"},{"@type":"ListItem","position":2,"name":"Inscription \u00e0 la newsletter"}]},{"@type":"WebSite","@id":"https:\/\/www.osezmauges.fr\/evenements-pro\/#website","url":"https:\/\/www.osezmauges.fr\/evenements-pro\/","name":"Osez Mauges - Tourisme d&#039;affaire","description":"\u00d4sez Mauges","potentialAction":[{"@type":"SearchAction","target":{"@type":"EntryPoint","urlTemplate":"https:\/\/www.osezmauges.fr\/evenements-pro\/?s={search_term_string}"},"query-input":{"@type":"PropertyValueSpecification","valueRequired":true,"valueName":"search_term_string"}}],"inLanguage":"fr-FR"}]}},"_links":{"self":[{"href":"https:\/\/www.osezmauges.fr\/evenements-pro\/wp-json\/wp\/v2\/pages\/221","targetHints":{"allow":["GET"]}}],"collection":[{"href":"https:\/\/www.osezmauges.fr\/evenements-pro\/wp-json\/wp\/v2\/pages"}],"about":[{"href":"https:\/\/www.osezmauges.fr\/evenements-pro\/wp-json\/wp\/v2\/types\/page"}],"author":[{"embeddable":true,"href":"https:\/\/www.osezmauges.fr\/evenements-pro\/wp-json\/wp\/v2\/users\/1"}],"replies":[{"embeddable":true,"href":"https:\/\/www.osezmauges.fr\/evenements-pro\/wp-json\/wp\/v2\/comments?post=221"}],"version-history":[{"count":18,"href":"https:\/\/www.osezmauges.fr\/evenements-pro\/wp-json\/wp\/v2\/pages\/221\/revisions"}],"predecessor-version":[{"id":10479,"href":"https:\/\/www.osezmauges.fr\/evenements-pro\/wp-json\/wp\/v2\/pages\/221\/revisions\/10479"}],"wp:featuredmedia":[{"embeddable":true,"href":"https:\/\/www.osezmauges.fr\/evenements-pro\/wp-json\/wp\/v2\/media\/9684"}],"wp:attachment":[{"href":"https:\/\/www.osezmauges.fr\/evenements-pro\/wp-json\/wp\/v2\/media?parent=221"}],"curies":[{"name":"wp","href":"https:\/\/api.w.org\/{rel}","templated":true}]}}