{"id":243,"date":"2021-10-18T17:02:28","date_gmt":"2021-10-18T15:02:28","guid":{"rendered":"https:\/\/www.osezmauges.fr\/evenements-pro\/?page_id=243"},"modified":"2026-05-07T19:11:39","modified_gmt":"2026-05-07T17:11:39","slug":"salle-seminaire-chateau-martreil-2","status":"publish","type":"page","link":"https:\/\/www.osezmauges.fr\/evenements-pro\/organiser-son-evenement-pro\/salle-seminaire\/salle-seminaire-chateau-martreil-2\/","title":{"rendered":"Salles de s\u00e9minaire au Ch\u00e2teau du Martreil"},"content":{"rendered":"\n<div class=\"wp-block-columns is-layout-flex wp-container-core-columns-is-layout-9d6595d7 wp-block-columns-is-layout-flex\">\n<div class=\"wp-block-column is-layout-flow wp-block-column-is-layout-flow\">\n<p class=\"is-style-excerpt\">Cassez les codes en organisant votre s\u00e9minaire d\u2019entreprise au sein d\u2019une demeure royale. Le Ch\u00e2teau du Martreil, construit fin XIX\u00e8me, vous offre deux salles atypiques et des prestations sur mesure pour vos r\u00e9unions de travail. Profitez d\u2019une pause pour vous balader au sein du parc \u00e0 l\u2019anglaise de 37ha et d\u00e9couvrez des arbres quadri-centenaires class\u00e9s \u00ab&nbsp;Arbres remarquables du Maine-et-Loire&nbsp;\u00bb.<\/p>\n<\/div>\n\n\n\n<div class=\"wp-block-column is-layout-flow wp-block-column-is-layout-flow\"><div class=\"wp-block wp-block-highlight\">\n                <p class=\"wp-block-highlight-item wp-block-highlight-excerpt\">Le Martreil <br>Sainte-Christine<br>49120 CHEMILLE-EN-ANJOU <br><br>Votre contact : <strong>H\u00e9l\u00e8ne DE ROMANS<\/strong><br>06 18 75 48 04<br>contact@le-martreil.fr <br><a href=\"https:\/\/le-martreil.fr\/\" target=\"_blank\" rel=\"noreferrer noopener\">Site web<\/a><\/p>\n    <\/div><\/div>\n<\/div>\n\n\n\n<figure class=\"wp-block-gallery alignwide has-nested-images columns-default is-cropped wp-block-gallery-1 is-layout-flex wp-block-gallery-is-layout-flex\">\n<figure class=\"wp-block-image size-large\"><a href=\"https:\/\/www.osezmauges.fr\/evenements-pro\/wp-content\/uploads\/sites\/2\/2021\/10\/2-salle-reunion-chateau-martreil-chemille-anjou-\u00a9DDrouet.jpg\"><img width=\"1200\" height=\"800\" data-id=\"517\" data-src=\"https:\/\/www.osezmauges.fr\/evenements-pro\/wp-content\/uploads\/sites\/2\/2021\/10\/2-salle-reunion-chateau-martreil-chemille-anjou-\u00a9DDrouet.jpg\" alt=\"\" class=\"wp-image-517\" srcset=\"https:\/\/www.osezmauges.fr\/evenements-pro\/wp-content\/uploads\/sites\/2\/2021\/10\/2-salle-reunion-chateau-martreil-chemille-anjou-\u00a9DDrouet.jpg 1200w, https:\/\/www.osezmauges.fr\/evenements-pro\/wp-content\/uploads\/sites\/2\/2021\/10\/2-salle-reunion-chateau-martreil-chemille-anjou-\u00a9DDrouet-600x400.jpg 600w, https:\/\/www.osezmauges.fr\/evenements-pro\/wp-content\/uploads\/sites\/2\/2021\/10\/2-salle-reunion-chateau-martreil-chemille-anjou-\u00a9DDrouet-300x200.jpg 300w, https:\/\/www.osezmauges.fr\/evenements-pro\/wp-content\/uploads\/sites\/2\/2021\/10\/2-salle-reunion-chateau-martreil-chemille-anjou-\u00a9DDrouet-900x600.jpg 900w, https:\/\/www.osezmauges.fr\/evenements-pro\/wp-content\/uploads\/sites\/2\/2021\/10\/2-salle-reunion-chateau-martreil-chemille-anjou-\u00a9DDrouet-650x433.jpg 650w\" sizes=\"(max-width: 1200px) 100vw, 1200px\" \/><\/a><figcaption class=\"wp-element-caption\">Salle de s\u00e9minaire \u00a9D.Drouet<\/figcaption><\/figure>\n\n\n\n<figure class=\"wp-block-image size-large\"><a href=\"https:\/\/www.osezmauges.fr\/evenements-pro\/wp-content\/uploads\/sites\/2\/2021\/10\/3-reunion-exterieur-martreil-chemille-anjou\u00a9D.Drouet.jpg\"><img width=\"1200\" height=\"800\" data-id=\"518\" data-src=\"https:\/\/www.osezmauges.fr\/evenements-pro\/wp-content\/uploads\/sites\/2\/2021\/10\/3-reunion-exterieur-martreil-chemille-anjou\u00a9D.Drouet.jpg\" alt=\"\" class=\"wp-image-518\" srcset=\"https:\/\/www.osezmauges.fr\/evenements-pro\/wp-content\/uploads\/sites\/2\/2021\/10\/3-reunion-exterieur-martreil-chemille-anjou\u00a9D.Drouet.jpg 1200w, https:\/\/www.osezmauges.fr\/evenements-pro\/wp-content\/uploads\/sites\/2\/2021\/10\/3-reunion-exterieur-martreil-chemille-anjou\u00a9D.Drouet-600x400.jpg 600w, https:\/\/www.osezmauges.fr\/evenements-pro\/wp-content\/uploads\/sites\/2\/2021\/10\/3-reunion-exterieur-martreil-chemille-anjou\u00a9D.Drouet-300x200.jpg 300w, https:\/\/www.osezmauges.fr\/evenements-pro\/wp-content\/uploads\/sites\/2\/2021\/10\/3-reunion-exterieur-martreil-chemille-anjou\u00a9D.Drouet-900x600.jpg 900w, https:\/\/www.osezmauges.fr\/evenements-pro\/wp-content\/uploads\/sites\/2\/2021\/10\/3-reunion-exterieur-martreil-chemille-anjou\u00a9D.Drouet-650x433.jpg 650w\" sizes=\"(max-width: 1200px) 100vw, 1200px\" \/><\/a><figcaption class=\"wp-element-caption\">R\u00e9union de travail en ext\u00e9rieur \u00a9D.Drouet<\/figcaption><\/figure>\n<\/figure>\n\n\n\n<h2 class=\"wp-block-heading\">Pourquoi les choisir ? <\/h2>\n\n\n\n<ul class=\"wp-block-list\">\n<li>Un cadre informel pour booster sa cr\u00e9ativit\u00e9 \u00e0 seulement 30km d&rsquo;Angers <\/li>\n\n\n\n<li>Des espaces modulables pour incentives, conventions et team-building<\/li>\n\n\n\n<li><span style=\"font-size: 1.125rem\">Une immersion \u00e0 la campagne pour recharger les batteries de votre \u00e9quipe<\/span><\/li>\n<\/ul>\n\n\n\n<h2 class=\"wp-block-heading\">Salles et prestations sur place<\/h2>\n\n\n\n<figure class=\"wp-block-table alignwide is-style-regular\"><table><thead><tr><th>Salle<\/th><th> Surface <\/th><th> En U <\/th><th> Assembl\u00e9e<\/th><th> Repas<\/th><th> Classe <\/th><th> Cocktail <\/th><th> R\u00e9union <\/th><\/tr><\/thead><tbody><tr><td>Le Grand Salon<\/td><td>40m\u00b2<\/td><td>&#8211;<\/td><td>&#8211;<\/td><td>18<\/td><td>&#8211;<\/td><td>18<\/td><td>18<\/td><\/tr><tr><td>Salle \u00e0 manger<\/td><td>31m\u00b2<\/td><td>14<\/td><td>&#8211;<\/td><td>&#8211;<\/td><td>&#8211;<\/td><td>&#8211;<\/td><td>16<\/td><\/tr><\/tbody><\/table><\/figure>\n\n\n\n<h3 class=\"wp-block-heading\"><strong>Sur place&nbsp;:<\/strong><\/h3>\n\n\n\n<ul class=\"wp-block-list\">\n<li>sonorisation et micro<\/li>\n\n\n\n<li>vid\u00e9oprojecteur<\/li>\n\n\n\n<li>\u00e9cran<\/li>\n\n\n\n<li>paperboard<\/li>\n\n\n\n<li>barnum<\/li>\n\n\n\n<li>wifi<\/li>\n\n\n\n<li>parking<\/li>\n<\/ul>\n\n\n\n<h2 class=\"wp-block-heading\">Poursuivez votre d\u00e9couverte<\/h2>\n\n\n\n<p>Le Ch\u00e2teau du Martreil vous propose des activit\u00e9s en toute d\u00e9contraction \u00e0 la suite de votre s\u00e9minaire\u00a0(sur demande) :<\/p>\n\n\n\n<ul class=\"wp-block-list\">\n<li>un jeu de piste dans le parc<\/li>\n\n\n\n<li>un Escape Game dans les pi\u00e8ces du ch\u00e2teau<\/li>\n\n\n\n<li>de la grimpe d&rsquo;arbre dans le parc<\/li>\n\n\n\n<li>un d\u00eener-concert dans les pi\u00e8ces du ch\u00e2teau<\/li>\n\n\n\n<li>un d\u00e9jeuner dans le parc<\/li>\n\n\n\n<li>une visite botanique du parc<\/li>\n<\/ul>\n\n\n\n<figure class=\"wp-block-gallery alignwide has-nested-images columns-2 is-cropped wp-block-gallery-2 is-layout-flex wp-block-gallery-is-layout-flex\">\n<figure class=\"wp-block-image size-large\"><a href=\"https:\/\/www.osezmauges.fr\/evenements-pro\/wp-content\/uploads\/sites\/2\/2021\/10\/4-nature-parc-martreil-cea-sainte-christine-anjou-\u00a9YSC.jpg\"><img width=\"1200\" height=\"799\" data-id=\"520\" data-src=\"https:\/\/www.osezmauges.fr\/evenements-pro\/wp-content\/uploads\/sites\/2\/2021\/10\/4-nature-parc-martreil-cea-sainte-christine-anjou-\u00a9YSC.jpg\" alt=\"\" class=\"wp-image-520\" srcset=\"https:\/\/www.osezmauges.fr\/evenements-pro\/wp-content\/uploads\/sites\/2\/2021\/10\/4-nature-parc-martreil-cea-sainte-christine-anjou-\u00a9YSC.jpg 1200w, https:\/\/www.osezmauges.fr\/evenements-pro\/wp-content\/uploads\/sites\/2\/2021\/10\/4-nature-parc-martreil-cea-sainte-christine-anjou-\u00a9YSC-600x400.jpg 600w, https:\/\/www.osezmauges.fr\/evenements-pro\/wp-content\/uploads\/sites\/2\/2021\/10\/4-nature-parc-martreil-cea-sainte-christine-anjou-\u00a9YSC-300x200.jpg 300w, https:\/\/www.osezmauges.fr\/evenements-pro\/wp-content\/uploads\/sites\/2\/2021\/10\/4-nature-parc-martreil-cea-sainte-christine-anjou-\u00a9YSC-900x599.jpg 900w, https:\/\/www.osezmauges.fr\/evenements-pro\/wp-content\/uploads\/sites\/2\/2021\/10\/4-nature-parc-martreil-cea-sainte-christine-anjou-\u00a9YSC-650x433.jpg 650w\" sizes=\"(max-width: 1200px) 100vw, 1200px\" \/><\/a><figcaption class=\"wp-element-caption\">Arbres remarquables du Parc du Martreil \u00a9YSC<\/figcaption><\/figure>\n\n\n\n<figure class=\"wp-block-image size-large\"><a href=\"https:\/\/www.osezmauges.fr\/evenements-pro\/wp-content\/uploads\/sites\/2\/2021\/10\/5-arbre-remarquable-parc-martreil-sainte-christine-anjou-\u00a9YSC.jpg\"><img width=\"800\" height=\"1200\" data-id=\"521\" data-src=\"https:\/\/www.osezmauges.fr\/evenements-pro\/wp-content\/uploads\/sites\/2\/2021\/10\/5-arbre-remarquable-parc-martreil-sainte-christine-anjou-\u00a9YSC.jpg\" alt=\"\" class=\"wp-image-521\" srcset=\"https:\/\/www.osezmauges.fr\/evenements-pro\/wp-content\/uploads\/sites\/2\/2021\/10\/5-arbre-remarquable-parc-martreil-sainte-christine-anjou-\u00a9YSC.jpg 800w, https:\/\/www.osezmauges.fr\/evenements-pro\/wp-content\/uploads\/sites\/2\/2021\/10\/5-arbre-remarquable-parc-martreil-sainte-christine-anjou-\u00a9YSC-400x600.jpg 400w, https:\/\/www.osezmauges.fr\/evenements-pro\/wp-content\/uploads\/sites\/2\/2021\/10\/5-arbre-remarquable-parc-martreil-sainte-christine-anjou-\u00a9YSC-300x450.jpg 300w, https:\/\/www.osezmauges.fr\/evenements-pro\/wp-content\/uploads\/sites\/2\/2021\/10\/5-arbre-remarquable-parc-martreil-sainte-christine-anjou-\u00a9YSC-600x900.jpg 600w, https:\/\/www.osezmauges.fr\/evenements-pro\/wp-content\/uploads\/sites\/2\/2021\/10\/5-arbre-remarquable-parc-martreil-sainte-christine-anjou-\u00a9YSC-650x975.jpg 650w\" sizes=\"(max-width: 800px) 100vw, 800px\" \/><\/a><figcaption class=\"wp-element-caption\">Parc du Ch\u00e2teau du Martreil \u00a9YSC<\/figcaption><\/figure>\n<\/figure>\n\n\n\n<div class=\"wp-block wp-block-related-post clear alignfull\">\n    <div class=\"container\">\n\n        <div class=\"article\">\n\t\t                    <h2 class=\"wp-block-related-post-title\">Activit\u00e9s \u00e0 proximit\u00e9<\/h2>\n\t\t    \n\t\t            <\/div>\n\n\t    \n            <div class=\"wp-block-related-post-inner\">\n                <div   data-slides-per-view=\"4\">\n                    <div class=\"wp-block-related-post-list wp-block-related-post-list-3\">\n\t\t\t\t\t    \n<div class=\"entityItem\"      data-trigger=\"wpiris-click\">\n    <p class=\"entityItemThumbnail\">\n        <a href=\"https:\/\/www.osezmauges.fr\/evenements-pro\/organiser-son-evenement-pro\/team-building-angers-nantes-cholet\/activites-sportives\/jeu-piste-chateau-martreil\/\" nofancybox>\n            <img src=\n            \"https:\/\/www.osezmauges.fr\/evenements-pro\/wp-content\/uploads\/sites\/2\/2022\/04\/chateau-martreil-ste-christine-escape-game-casino-osez-mauges-ceamains-cadenas-\u00a9MMinard-380x430.jpg\" alt=\"Jeu de piste, grimpe d&rsquo;arbre et escape game au Ch\u00e2teau du Martreil\">\n        <\/a>\n    <\/p>\n        <div class=\"entityItemContent\">\n        \n        \n        <h3 class=\"entityItemContentTitle\">        <a href=\"https:\/\/www.osezmauges.fr\/evenements-pro\/organiser-son-evenement-pro\/team-building-angers-nantes-cholet\/activites-sportives\/jeu-piste-chateau-martreil\/\">Jeu de piste, grimpe d&rsquo;arbre et escape game au Ch\u00e2teau du Martreil<\/a>\n        <\/h3>\n            <\/div>\n\n    \n    <\/div>\n\n<div class=\"entityItem\"      data-trigger=\"wpiris-click\">\n    <p class=\"entityItemThumbnail\">\n        <a href=\"https:\/\/www.osezmauges.fr\/evenements-pro\/organiser-son-evenement-pro\/team-building-angers-nantes-cholet\/activites-ludiques\/team-building-jeu-en-bois\/\" nofancybox>\n            <img src=\n            \"https:\/\/www.osezmauges.fr\/evenements-pro\/wp-content\/uploads\/sites\/2\/2024\/01\/o-prestige-du-bois-2-380x430.jpg\" alt=\"\u00d4 Prestige du Bois &#8211; Jeux en bois pour vos \u00e9v\u00e9nements d&rsquo;entreprise\">\n        <\/a>\n    <\/p>\n        <div class=\"entityItemContent\">\n        \n        \n        <h3 class=\"entityItemContentTitle\">        <a href=\"https:\/\/www.osezmauges.fr\/evenements-pro\/organiser-son-evenement-pro\/team-building-angers-nantes-cholet\/activites-ludiques\/team-building-jeu-en-bois\/\">\u00d4 Prestige du Bois &#8211; Jeux en bois pour vos \u00e9v\u00e9nements d&rsquo;entreprise<\/a>\n        <\/h3>\n            <\/div>\n\n    \n    <\/div>\n\n<div class=\"entityItem\"      data-trigger=\"wpiris-click\">\n    <p class=\"entityItemThumbnail\">\n        <a href=\"https:\/\/www.osezmauges.fr\/evenements-pro\/organiser-son-evenement-pro\/team-building-angers-nantes-cholet\/activites-ludiques\/cluedo-geant-teambuilding-musee-des-metiers\/\" nofancybox>\n            <img src=\n            \"https:\/\/www.osezmauges.fr\/evenements-pro\/wp-content\/uploads\/sites\/2\/2025\/01\/musee-des-metiers-st-laurent-de-la-plaine-msl-visite\u00a9F.Crampon-33-1-380x430.jpg\" alt=\"Cluedo g\u00e9ant au Mus\u00e9e des m\u00e9tiers\">\n        <\/a>\n    <\/p>\n        <div class=\"entityItemContent\">\n        \n        \n        <h3 class=\"entityItemContentTitle\">        <a href=\"https:\/\/www.osezmauges.fr\/evenements-pro\/organiser-son-evenement-pro\/team-building-angers-nantes-cholet\/activites-ludiques\/cluedo-geant-teambuilding-musee-des-metiers\/\">Cluedo g\u00e9ant au Mus\u00e9e des m\u00e9tiers<\/a>\n        <\/h3>\n            <\/div>\n\n    \n    <\/div>\n                    <\/div>\n                <\/div>\n            <\/div>\n\n        \n    <\/div>\n<\/div>","protected":false},"excerpt":{"rendered":"<p>Cassez les codes en organisant votre s\u00e9minaire d\u2019entreprise au sein d\u2019une demeure royale. Le Ch\u00e2teau du Martreil, construit fin XIX\u00e8me, vous offre deux salles atypiques et des prestations sur mesure pour vos r\u00e9unions de travail. Profitez d\u2019une pause pour vous balader au sein du parc \u00e0 l\u2019anglaise de 37ha et d\u00e9couvrez des arbres quadri-centenaires class\u00e9s [&hellip;]<\/p>\n","protected":false},"author":1,"featured_media":516,"parent":40,"menu_order":8,"comment_status":"closed","ping_status":"closed","template":"","meta":{"_relevanssi_hide_post":"","_relevanssi_hide_content":"","_relevanssi_pin_for_all":"","_relevanssi_pin_keywords":"","_relevanssi_unpin_keywords":"","_relevanssi_related_keywords":"","_relevanssi_related_include_ids":"","_relevanssi_related_exclude_ids":"","_relevanssi_related_no_append":"","_relevanssi_related_not_related":"","_relevanssi_related_posts":"1","_relevanssi_noindex_reason":"","footnotes":""},"class_list":["post-243","page","type-page","status-publish","has-post-thumbnail","hentry"],"acf":[],"yoast_head":"<!-- This site is optimized with the Yoast SEO plugin v26.9 - https:\/\/yoast.com\/product\/yoast-seo-wordpress\/ -->\n<title>Salles de s\u00e9minaire Ch\u00e2teau du Martreil - Maine et Loire<\/title>\n<meta name=\"description\" content=\"Dans un parc \u00e0 l&#039;anglaise de 37ha, organisez votre s\u00e9minaire dans ce ch\u00e2teau du XIX\u00e8me si\u00e8cle \u00e0 seulement 40 min d&#039;Angers.\" \/>\n<meta name=\"robots\" content=\"index, follow, max-snippet:-1, max-image-preview:large, max-video-preview:-1\" \/>\n<link rel=\"canonical\" href=\"https:\/\/www.osezmauges.fr\/evenements-pro\/organiser-son-evenement-pro\/salle-seminaire\/salle-seminaire-chateau-martreil-2\/\" \/>\n<meta property=\"og:locale\" content=\"fr_FR\" \/>\n<meta property=\"og:type\" content=\"article\" \/>\n<meta property=\"og:title\" content=\"Salles de s\u00e9minaire Ch\u00e2teau du Martreil - Maine et Loire\" \/>\n<meta property=\"og:description\" content=\"Dans un parc \u00e0 l&#039;anglaise de 37ha, organisez votre s\u00e9minaire dans ce ch\u00e2teau du XIX\u00e8me si\u00e8cle \u00e0 seulement 40 min d&#039;Angers.\" \/>\n<meta property=\"og:url\" content=\"https:\/\/www.osezmauges.fr\/evenements-pro\/organiser-son-evenement-pro\/salle-seminaire\/salle-seminaire-chateau-martreil-2\/\" \/>\n<meta property=\"og:site_name\" content=\"Osez Mauges - Tourisme d&#039;affaire\" \/>\n<meta property=\"article:modified_time\" content=\"2026-05-07T17:11:39+00:00\" \/>\n<meta property=\"og:image\" content=\"https:\/\/www.osezmauges.fr\/evenements-pro\/wp-content\/uploads\/sites\/2\/2021\/10\/1-chateau-martreil-salle-seminaire-chemille-anjou-\u00a9DDrouet.jpg\" \/>\n\t<meta property=\"og:image:width\" content=\"1500\" \/>\n\t<meta property=\"og:image:height\" content=\"990\" \/>\n\t<meta property=\"og:image:type\" content=\"image\/jpeg\" \/>\n<meta name=\"twitter:card\" content=\"summary_large_image\" \/>\n<meta name=\"twitter:label1\" content=\"Dur\u00e9e de lecture estim\u00e9e\" \/>\n\t<meta name=\"twitter:data1\" content=\"3 minutes\" \/>\n<script type=\"application\/ld+json\" class=\"yoast-schema-graph\">{\"@context\":\"https:\/\/schema.org\",\"@graph\":[{\"@type\":\"WebPage\",\"@id\":\"https:\/\/www.osezmauges.fr\/evenements-pro\/organiser-son-evenement-pro\/salle-seminaire\/salle-seminaire-chateau-martreil-2\/\",\"url\":\"https:\/\/www.osezmauges.fr\/evenements-pro\/organiser-son-evenement-pro\/salle-seminaire\/salle-seminaire-chateau-martreil-2\/\",\"name\":\"Salles de s\u00e9minaire Ch\u00e2teau du Martreil - Maine et Loire\",\"isPartOf\":{\"@id\":\"https:\/\/www.osezmauges.fr\/evenements-pro\/#website\"},\"primaryImageOfPage\":{\"@id\":\"https:\/\/www.osezmauges.fr\/evenements-pro\/organiser-son-evenement-pro\/salle-seminaire\/salle-seminaire-chateau-martreil-2\/#primaryimage\"},\"image\":{\"@id\":\"https:\/\/www.osezmauges.fr\/evenements-pro\/organiser-son-evenement-pro\/salle-seminaire\/salle-seminaire-chateau-martreil-2\/#primaryimage\"},\"thumbnailUrl\":\"https:\/\/www.osezmauges.fr\/evenements-pro\/wp-content\/uploads\/sites\/2\/2021\/10\/1-chateau-martreil-salle-seminaire-chemille-anjou-\u00a9DDrouet.jpg\",\"datePublished\":\"2021-10-18T15:02:28+00:00\",\"dateModified\":\"2026-05-07T17:11:39+00:00\",\"description\":\"Dans un parc \u00e0 l'anglaise de 37ha, organisez votre s\u00e9minaire dans ce ch\u00e2teau du XIX\u00e8me si\u00e8cle \u00e0 seulement 40 min d'Angers.\",\"breadcrumb\":{\"@id\":\"https:\/\/www.osezmauges.fr\/evenements-pro\/organiser-son-evenement-pro\/salle-seminaire\/salle-seminaire-chateau-martreil-2\/#breadcrumb\"},\"inLanguage\":\"fr-FR\",\"potentialAction\":[{\"@type\":\"ReadAction\",\"target\":[\"https:\/\/www.osezmauges.fr\/evenements-pro\/organiser-son-evenement-pro\/salle-seminaire\/salle-seminaire-chateau-martreil-2\/\"]}]},{\"@type\":\"ImageObject\",\"inLanguage\":\"fr-FR\",\"@id\":\"https:\/\/www.osezmauges.fr\/evenements-pro\/organiser-son-evenement-pro\/salle-seminaire\/salle-seminaire-chateau-martreil-2\/#primaryimage\",\"url\":\"https:\/\/www.osezmauges.fr\/evenements-pro\/wp-content\/uploads\/sites\/2\/2021\/10\/1-chateau-martreil-salle-seminaire-chemille-anjou-\u00a9DDrouet.jpg\",\"contentUrl\":\"https:\/\/www.osezmauges.fr\/evenements-pro\/wp-content\/uploads\/sites\/2\/2021\/10\/1-chateau-martreil-salle-seminaire-chemille-anjou-\u00a9DDrouet.jpg\",\"width\":1500,\"height\":990},{\"@type\":\"BreadcrumbList\",\"@id\":\"https:\/\/www.osezmauges.fr\/evenements-pro\/organiser-son-evenement-pro\/salle-seminaire\/salle-seminaire-chateau-martreil-2\/#breadcrumb\",\"itemListElement\":[{\"@type\":\"ListItem\",\"position\":1,\"name\":\"Accueil\",\"item\":\"https:\/\/www.osezmauges.fr\/evenements-pro\/\"},{\"@type\":\"ListItem\",\"position\":2,\"name\":\"Organiser son \u00e9v\u00e9nement d\u2019entreprise\",\"item\":\"https:\/\/www.osezmauges.fr\/evenements-pro\/organiser-son-evenement-pro\/\"},{\"@type\":\"ListItem\",\"position\":3,\"name\":\"Salles de s\u00e9minaire\",\"item\":\"https:\/\/www.osezmauges.fr\/evenements-pro\/organiser-son-evenement-pro\/salle-seminaire\/\"},{\"@type\":\"ListItem\",\"position\":4,\"name\":\"Salles de s\u00e9minaire au Ch\u00e2teau du Martreil\"}]},{\"@type\":\"WebSite\",\"@id\":\"https:\/\/www.osezmauges.fr\/evenements-pro\/#website\",\"url\":\"https:\/\/www.osezmauges.fr\/evenements-pro\/\",\"name\":\"Osez Mauges - Tourisme d&#039;affaire\",\"description\":\"\u00d4sez Mauges\",\"potentialAction\":[{\"@type\":\"SearchAction\",\"target\":{\"@type\":\"EntryPoint\",\"urlTemplate\":\"https:\/\/www.osezmauges.fr\/evenements-pro\/?s={search_term_string}\"},\"query-input\":{\"@type\":\"PropertyValueSpecification\",\"valueRequired\":true,\"valueName\":\"search_term_string\"}}],\"inLanguage\":\"fr-FR\"}]}<\/script>\n<!-- \/ Yoast SEO plugin. -->","yoast_head_json":{"title":"Salles de s\u00e9minaire Ch\u00e2teau du Martreil - Maine et Loire","description":"Dans un parc \u00e0 l'anglaise de 37ha, organisez votre s\u00e9minaire dans ce ch\u00e2teau du XIX\u00e8me si\u00e8cle \u00e0 seulement 40 min d'Angers.","robots":{"index":"index","follow":"follow","max-snippet":"max-snippet:-1","max-image-preview":"max-image-preview:large","max-video-preview":"max-video-preview:-1"},"canonical":"https:\/\/www.osezmauges.fr\/evenements-pro\/organiser-son-evenement-pro\/salle-seminaire\/salle-seminaire-chateau-martreil-2\/","og_locale":"fr_FR","og_type":"article","og_title":"Salles de s\u00e9minaire Ch\u00e2teau du Martreil - Maine et Loire","og_description":"Dans un parc \u00e0 l'anglaise de 37ha, organisez votre s\u00e9minaire dans ce ch\u00e2teau du XIX\u00e8me si\u00e8cle \u00e0 seulement 40 min d'Angers.","og_url":"https:\/\/www.osezmauges.fr\/evenements-pro\/organiser-son-evenement-pro\/salle-seminaire\/salle-seminaire-chateau-martreil-2\/","og_site_name":"Osez Mauges - Tourisme d&#039;affaire","article_modified_time":"2026-05-07T17:11:39+00:00","og_image":[{"width":1500,"height":990,"url":"https:\/\/www.osezmauges.fr\/evenements-pro\/wp-content\/uploads\/sites\/2\/2021\/10\/1-chateau-martreil-salle-seminaire-chemille-anjou-\u00a9DDrouet.jpg","type":"image\/jpeg"}],"twitter_card":"summary_large_image","twitter_misc":{"Dur\u00e9e de lecture estim\u00e9e":"3 minutes"},"schema":{"@context":"https:\/\/schema.org","@graph":[{"@type":"WebPage","@id":"https:\/\/www.osezmauges.fr\/evenements-pro\/organiser-son-evenement-pro\/salle-seminaire\/salle-seminaire-chateau-martreil-2\/","url":"https:\/\/www.osezmauges.fr\/evenements-pro\/organiser-son-evenement-pro\/salle-seminaire\/salle-seminaire-chateau-martreil-2\/","name":"Salles de s\u00e9minaire Ch\u00e2teau du Martreil - Maine et Loire","isPartOf":{"@id":"https:\/\/www.osezmauges.fr\/evenements-pro\/#website"},"primaryImageOfPage":{"@id":"https:\/\/www.osezmauges.fr\/evenements-pro\/organiser-son-evenement-pro\/salle-seminaire\/salle-seminaire-chateau-martreil-2\/#primaryimage"},"image":{"@id":"https:\/\/www.osezmauges.fr\/evenements-pro\/organiser-son-evenement-pro\/salle-seminaire\/salle-seminaire-chateau-martreil-2\/#primaryimage"},"thumbnailUrl":"https:\/\/www.osezmauges.fr\/evenements-pro\/wp-content\/uploads\/sites\/2\/2021\/10\/1-chateau-martreil-salle-seminaire-chemille-anjou-\u00a9DDrouet.jpg","datePublished":"2021-10-18T15:02:28+00:00","dateModified":"2026-05-07T17:11:39+00:00","description":"Dans un parc \u00e0 l'anglaise de 37ha, organisez votre s\u00e9minaire dans ce ch\u00e2teau du XIX\u00e8me si\u00e8cle \u00e0 seulement 40 min d'Angers.","breadcrumb":{"@id":"https:\/\/www.osezmauges.fr\/evenements-pro\/organiser-son-evenement-pro\/salle-seminaire\/salle-seminaire-chateau-martreil-2\/#breadcrumb"},"inLanguage":"fr-FR","potentialAction":[{"@type":"ReadAction","target":["https:\/\/www.osezmauges.fr\/evenements-pro\/organiser-son-evenement-pro\/salle-seminaire\/salle-seminaire-chateau-martreil-2\/"]}]},{"@type":"ImageObject","inLanguage":"fr-FR","@id":"https:\/\/www.osezmauges.fr\/evenements-pro\/organiser-son-evenement-pro\/salle-seminaire\/salle-seminaire-chateau-martreil-2\/#primaryimage","url":"https:\/\/www.osezmauges.fr\/evenements-pro\/wp-content\/uploads\/sites\/2\/2021\/10\/1-chateau-martreil-salle-seminaire-chemille-anjou-\u00a9DDrouet.jpg","contentUrl":"https:\/\/www.osezmauges.fr\/evenements-pro\/wp-content\/uploads\/sites\/2\/2021\/10\/1-chateau-martreil-salle-seminaire-chemille-anjou-\u00a9DDrouet.jpg","width":1500,"height":990},{"@type":"BreadcrumbList","@id":"https:\/\/www.osezmauges.fr\/evenements-pro\/organiser-son-evenement-pro\/salle-seminaire\/salle-seminaire-chateau-martreil-2\/#breadcrumb","itemListElement":[{"@type":"ListItem","position":1,"name":"Accueil","item":"https:\/\/www.osezmauges.fr\/evenements-pro\/"},{"@type":"ListItem","position":2,"name":"Organiser son \u00e9v\u00e9nement d\u2019entreprise","item":"https:\/\/www.osezmauges.fr\/evenements-pro\/organiser-son-evenement-pro\/"},{"@type":"ListItem","position":3,"name":"Salles de s\u00e9minaire","item":"https:\/\/www.osezmauges.fr\/evenements-pro\/organiser-son-evenement-pro\/salle-seminaire\/"},{"@type":"ListItem","position":4,"name":"Salles de s\u00e9minaire au Ch\u00e2teau du Martreil"}]},{"@type":"WebSite","@id":"https:\/\/www.osezmauges.fr\/evenements-pro\/#website","url":"https:\/\/www.osezmauges.fr\/evenements-pro\/","name":"Osez Mauges - Tourisme d&#039;affaire","description":"\u00d4sez Mauges","potentialAction":[{"@type":"SearchAction","target":{"@type":"EntryPoint","urlTemplate":"https:\/\/www.osezmauges.fr\/evenements-pro\/?s={search_term_string}"},"query-input":{"@type":"PropertyValueSpecification","valueRequired":true,"valueName":"search_term_string"}}],"inLanguage":"fr-FR"}]}},"_links":{"self":[{"href":"https:\/\/www.osezmauges.fr\/evenements-pro\/wp-json\/wp\/v2\/pages\/243","targetHints":{"allow":["GET"]}}],"collection":[{"href":"https:\/\/www.osezmauges.fr\/evenements-pro\/wp-json\/wp\/v2\/pages"}],"about":[{"href":"https:\/\/www.osezmauges.fr\/evenements-pro\/wp-json\/wp\/v2\/types\/page"}],"author":[{"embeddable":true,"href":"https:\/\/www.osezmauges.fr\/evenements-pro\/wp-json\/wp\/v2\/users\/1"}],"replies":[{"embeddable":true,"href":"https:\/\/www.osezmauges.fr\/evenements-pro\/wp-json\/wp\/v2\/comments?post=243"}],"version-history":[{"count":15,"href":"https:\/\/www.osezmauges.fr\/evenements-pro\/wp-json\/wp\/v2\/pages\/243\/revisions"}],"predecessor-version":[{"id":19402,"href":"https:\/\/www.osezmauges.fr\/evenements-pro\/wp-json\/wp\/v2\/pages\/243\/revisions\/19402"}],"up":[{"embeddable":true,"href":"https:\/\/www.osezmauges.fr\/evenements-pro\/wp-json\/wp\/v2\/pages\/40"}],"wp:featuredmedia":[{"embeddable":true,"href":"https:\/\/www.osezmauges.fr\/evenements-pro\/wp-json\/wp\/v2\/media\/516"}],"wp:attachment":[{"href":"https:\/\/www.osezmauges.fr\/evenements-pro\/wp-json\/wp\/v2\/media?parent=243"}],"curies":[{"name":"wp","href":"https:\/\/api.w.org\/{rel}","templated":true}]}}