{"id":252,"date":"2026-03-24T13:28:09","date_gmt":"2026-03-24T12:28:09","guid":{"rendered":"https:\/\/www.osezmauges.fr\/evenements-pro\/?page_id=252"},"modified":"2026-03-24T13:29:35","modified_gmt":"2026-03-24T12:29:35","slug":"salle-seminaire-chateau-turmeliere","status":"publish","type":"page","link":"https:\/\/www.osezmauges.fr\/evenements-pro\/organiser-son-evenement-pro\/salle-seminaire\/salle-seminaire-chateau-turmeliere\/","title":{"rendered":"Salles de s\u00e9minaire au Ch\u00e2teau de la Turmeli\u00e8re"},"content":{"rendered":"\n<div class=\"wp-block-columns is-layout-flex wp-container-core-columns-is-layout-9d6595d7 wp-block-columns-is-layout-flex\">\n<div class=\"wp-block-column is-layout-flow wp-block-column-is-layout-flow\">\n<p class=\"is-style-excerpt\">Dans un parc bois\u00e9 de 40ha propice aux balades et \u00e0 la d\u00e9tente, profitez de salles modulables pour vos \u00e9v\u00e9nements d\u2019entreprises. Organisez vos s\u00e9minaires, cocktails ou encore assembl\u00e9es en toute qui\u00e9tude dans ce ch\u00e2teau du XIX\u00e8me si\u00e8cle. D\u00e9jeunez sur place avec une cuisine \u00e0 base de produits frais et locaux, et prolongez votre rencontre professionnelle en vivant la vie de ch\u00e2teau pour une nuit ou plus.<\/p>\n<\/div>\n\n\n\n<div class=\"wp-block-column is-layout-flow wp-block-column-is-layout-flow\"><div class=\"wp-block wp-block-highlight\">\n                <p class=\"wp-block-highlight-item wp-block-highlight-excerpt\">Domaine de La Turmeli\u00e8re <br>Lir\u00e9 <br>49530 OREE-D&rsquo;ANJOU <br><strong>Site labellis\u00e9 Ecolabel<br><\/strong><br>Votre contact : <strong>Olivier BERNARD<\/strong><br>02 40 09 15 16<br>contact-chateau@turmeliere.org<br><a href=\"https:\/\/www.turmeliere.org\/\" target=\"_blank\" rel=\"noreferrer noopener\">Site web<\/a><\/p>\n    <\/div><\/div>\n<\/div>\n\n\n\n<figure class=\"wp-block-gallery alignwide has-nested-images columns-default is-cropped wp-block-gallery-1 is-layout-flex wp-block-gallery-is-layout-flex\">\n<figure class=\"wp-block-image size-large\"><a href=\"https:\/\/www.osezmauges.fr\/evenements-pro\/wp-content\/uploads\/sites\/2\/2021\/10\/2-salle-seminaire-cohesion-equipe-chateau-turmeliere-lire-anjou\u00a9D.Drouet.jpg\"><img width=\"1200\" height=\"920\" data-id=\"550\" data-src=\"https:\/\/www.osezmauges.fr\/evenements-pro\/wp-content\/uploads\/sites\/2\/2021\/10\/2-salle-seminaire-cohesion-equipe-chateau-turmeliere-lire-anjou\u00a9D.Drouet.jpg\" alt=\"\" class=\"wp-image-550\" srcset=\"https:\/\/www.osezmauges.fr\/evenements-pro\/wp-content\/uploads\/sites\/2\/2021\/10\/2-salle-seminaire-cohesion-equipe-chateau-turmeliere-lire-anjou\u00a9D.Drouet.jpg 1200w, https:\/\/www.osezmauges.fr\/evenements-pro\/wp-content\/uploads\/sites\/2\/2021\/10\/2-salle-seminaire-cohesion-equipe-chateau-turmeliere-lire-anjou\u00a9D.Drouet-600x460.jpg 600w, https:\/\/www.osezmauges.fr\/evenements-pro\/wp-content\/uploads\/sites\/2\/2021\/10\/2-salle-seminaire-cohesion-equipe-chateau-turmeliere-lire-anjou\u00a9D.Drouet-300x230.jpg 300w, https:\/\/www.osezmauges.fr\/evenements-pro\/wp-content\/uploads\/sites\/2\/2021\/10\/2-salle-seminaire-cohesion-equipe-chateau-turmeliere-lire-anjou\u00a9D.Drouet-900x690.jpg 900w, https:\/\/www.osezmauges.fr\/evenements-pro\/wp-content\/uploads\/sites\/2\/2021\/10\/2-salle-seminaire-cohesion-equipe-chateau-turmeliere-lire-anjou\u00a9D.Drouet-650x498.jpg 650w\" sizes=\"(max-width: 1200px) 100vw, 1200px\" \/><\/a><figcaption class=\"wp-element-caption\">Atelier de coh\u00e9sion d&rsquo;\u00e9quipe \u00a9 D.Drouet<\/figcaption><\/figure>\n\n\n\n<figure class=\"wp-block-image size-large\"><a href=\"https:\/\/www.osezmauges.fr\/evenements-pro\/wp-content\/uploads\/sites\/2\/2021\/10\/3-salle-seminaire-lire-chateau-turmeliere-maine-et-loire\u00a9D.Drouet.jpg\"><img width=\"1200\" height=\"686\" data-id=\"551\" data-src=\"https:\/\/www.osezmauges.fr\/evenements-pro\/wp-content\/uploads\/sites\/2\/2021\/10\/3-salle-seminaire-lire-chateau-turmeliere-maine-et-loire\u00a9D.Drouet.jpg\" alt=\"\" class=\"wp-image-551\" srcset=\"https:\/\/www.osezmauges.fr\/evenements-pro\/wp-content\/uploads\/sites\/2\/2021\/10\/3-salle-seminaire-lire-chateau-turmeliere-maine-et-loire\u00a9D.Drouet.jpg 1200w, https:\/\/www.osezmauges.fr\/evenements-pro\/wp-content\/uploads\/sites\/2\/2021\/10\/3-salle-seminaire-lire-chateau-turmeliere-maine-et-loire\u00a9D.Drouet-600x343.jpg 600w, https:\/\/www.osezmauges.fr\/evenements-pro\/wp-content\/uploads\/sites\/2\/2021\/10\/3-salle-seminaire-lire-chateau-turmeliere-maine-et-loire\u00a9D.Drouet-300x172.jpg 300w, https:\/\/www.osezmauges.fr\/evenements-pro\/wp-content\/uploads\/sites\/2\/2021\/10\/3-salle-seminaire-lire-chateau-turmeliere-maine-et-loire\u00a9D.Drouet-900x515.jpg 900w, https:\/\/www.osezmauges.fr\/evenements-pro\/wp-content\/uploads\/sites\/2\/2021\/10\/3-salle-seminaire-lire-chateau-turmeliere-maine-et-loire\u00a9D.Drouet-650x372.jpg 650w\" sizes=\"(max-width: 1200px) 100vw, 1200px\" \/><\/a><figcaption class=\"wp-element-caption\">Groupe de travail au Ch\u00e2teau de la Turmeli\u00e8re \u00a9 D.Drouet<\/figcaption><\/figure>\n<\/figure>\n\n\n\n<h2 class=\"wp-block-heading\">Pourquoi les choisir ? <\/h2>\n\n\n\n<ul class=\"wp-block-list\">\n<li>Salles \u00e0 deux pas ou au sein du ch\u00e2teau du XIX\u00e8me si\u00e8cle <\/li>\n\n\n\n<li><span style=\"font-size: 1.125rem\">Un lieu o\u00f9 tout peut \u00eatre fait sur place\u00a0: r\u00e9unions, d\u00e9jeuner (2 salles de restauration de 60 personnes + 1 de 20 personnes), <a href=\"https:\/\/www.osezmauges.fr\/evenements-pro\/organiser-son-evenement-pro\/team-building-angers-nantes-cholet\/activites-sportives\/team-building-challenge-multi-sports\/\" type=\"link\" id=\"https:\/\/www.osezmauges.fr\/evenements-pro\/organiser-son-evenement-pro\/team-building-angers-nantes-cholet\/activites-sportives\/team-building-challenge-multi-sports\/\" target=\"_blank\" rel=\"noreferrer noopener\">activit\u00e9s<\/a> (courses d&rsquo;orientation, challenges sportifs\u2026), <\/span><a href=\"https:\/\/www.osezmauges.fr\/evenements-pro\/hebergement-collectif\/chateau-de-la-turmeliere\/\" type=\"link\" id=\"https:\/\/www.osezmauges.fr\/evenements-pro\/hebergement-collectif\/chateau-de-la-turmeliere\/\" target=\"_blank\" rel=\"noreferrer noopener\"><span style=\"font-size: 1.125rem\">nuit\u00e9e<\/span>s<\/a> (37 chambres)<\/li>\n\n\n\n<li>Un domaine de 40ha propice aux balades et \u00e0 la d\u00e9tente notamment autour des ruines du manoir natal de Joachim Du Bellay<\/li>\n<\/ul>\n\n\n\n<h2 class=\"wp-block-heading\">Salles et prestations sur place<\/h2>\n\n\n\n<figure class=\"wp-block-table alignwide is-style-regular\"><table><thead><tr><th>Salles<\/th><th>Surface<\/th><th>En U<\/th><th>Assembl\u00e9e<\/th><th>Banquet<\/th><th>Classe<\/th><th>Cocktail<\/th><th>R\u00e9union<\/th><\/tr><\/thead><tbody><tr><td>Ch\u00e2teau : J. Du Bellay<\/td><td>80m\u00b2<\/td><td>32<\/td><td>90<\/td><td>70<\/td><td>36<\/td><td>80<\/td><td>36<\/td><\/tr><tr><td>Ch\u00e2teau :  Ronsard<\/td><td>80m\u00b2<\/td><td>34<\/td><td>90<\/td><td>70<\/td><td>38<\/td><td>85<\/td><td>38<\/td><\/tr><tr><td>Ch\u00e2teau :  La Pl\u00e9iade<\/td><td>35m\u00b2<\/td><td>16<\/td><td>25<\/td><td>25<\/td><td>16<\/td><td>30<\/td><td>25<\/td><\/tr><tr><td>Ch\u00e2teau :  Biblioth\u00e8que<\/td><td>25m\u00b2<\/td><td>12<\/td><td>20<\/td><td>&#8211;<\/td><td>12<\/td><td>&#8211;<\/td><td>12<\/td><\/tr><tr><td>Ch\u00e2teau : L.Lab\u00e9<\/td><td>20m\u00b2<\/td><td>12<\/td><td>20<\/td><td><\/td><td><\/td><td><\/td><td>16<\/td><\/tr><tr><td>L&rsquo;\u00c9cusson : Espace d\u00e9tente<\/td><td>130m\u00b2<\/td><td>35<\/td><td>120<\/td><td>100<\/td><td>40<\/td><td>110<\/td><td>40<\/td><\/tr><tr><td>L&rsquo;\u00c9cusson  : La Loire<\/td><td>44m\u00b2<\/td><td>26<\/td><td>40<\/td><td>&#8211;<\/td><td>26<\/td><td>&#8211;<\/td><td>26<\/td><\/tr><tr><td>L&rsquo;\u00c9cusson  :  Le Bocage<\/td><td>24m\u00b2<\/td><td>12<\/td><td>20<\/td><td>&#8211;<\/td><td>12<\/td><td>&#8211;<\/td><td>12<\/td><\/tr><tr><td>L&rsquo;\u00c9cusson : Pl\u00e9ni\u00e8re<\/td><td>224m\u00b2<\/td><td>&#8211;<\/td><td>240<\/td><td>&#8211;<\/td><td>&#8211;<\/td><td>&#8211;<\/td><td>&#8211;<\/td><\/tr><tr><td>L&rsquo;Orangerie<\/td><td>100m\u00b2<\/td><td>35<\/td><td>100<\/td><td>80<\/td><td>50<\/td><td>100<\/td><td>40<\/td><\/tr><tr><td>Ch\u00eane<\/td><td>70m\u00b2<\/td><td>30<\/td><td>70<\/td><td>60<\/td><td>40<\/td><td>70<\/td><td>35<\/td><\/tr><tr><td>Ch\u00eane 2<\/td><td>20m\u00b2<\/td><td>10<\/td><td>20<\/td><td>15<\/td><td>25<\/td><td>&#8211;<\/td><td>15<\/td><\/tr><tr><td>Tilleuls<\/td><td>48m\u00b2<\/td><td>20<\/td><td>40<\/td><td>40<\/td><td>35<\/td><td>50<\/td><td>30<\/td><\/tr><tr><td>Fr\u00eanes<\/td><td>48m\u00b2<\/td><td>20<\/td><td>40<\/td><td>40<\/td><td>35<\/td><td>50<\/td><td>30<\/td><\/tr><tr><td>Cabane \u00e0 mots<\/td><td>30m\u00b2<\/td><td>16<\/td><td>30<\/td><td>&#8211;<\/td><td>20<\/td><td>&#8211;<\/td><td>20<\/td><\/tr><tr><td>Salle des Buissons<\/td><td>45m\u00b2<\/td><td>16<\/td><td>30<\/td><td>&#8211;<\/td><td>&#8211;<\/td><td>&#8211;<\/td><td>20<\/td><\/tr><tr><td>Charmilles<\/td><td>53m\u00b2<\/td><td>26<\/td><td>40<\/td><td>30<\/td><td>30<\/td><td>40<\/td><td>30<\/td><\/tr><\/tbody><\/table><\/figure>\n\n\n\n<h3 class=\"wp-block-heading\"><strong>Mat\u00e9riel sur place&nbsp;:<\/strong><\/h3>\n\n\n\n<ul class=\"wp-block-list\">\n<li>sonorisation et micro<\/li>\n\n\n\n<li>vid\u00e9oprojecteur<\/li>\n\n\n\n<li>\u00e9cran<\/li>\n\n\n\n<li>paperboard<\/li>\n\n\n\n<li>visioconf\u00e9rence<\/li>\n\n\n\n<li>office traiteur<\/li>\n\n\n\n<li>wifi<\/li>\n\n\n\n<li>parking<\/li>\n\n\n\n<li>acc\u00e8s PMR<\/li>\n<\/ul>\n\n\n\n<figure class=\"wp-block-image size-full\"><a href=\"https:\/\/www.osezmauges.fr\/evenements-pro\/wp-content\/uploads\/sites\/2\/2021\/10\/4-salle-seminaire-chateau-turmeliere-lire-angers-nantes\u00a9D.Drouet.jpg\"><img width=\"1200\" height=\"800\" data-src=\"https:\/\/www.osezmauges.fr\/evenements-pro\/wp-content\/uploads\/sites\/2\/2021\/10\/4-salle-seminaire-chateau-turmeliere-lire-angers-nantes\u00a9D.Drouet.jpg\" alt=\"\" class=\"wp-image-552\" srcset=\"https:\/\/www.osezmauges.fr\/evenements-pro\/wp-content\/uploads\/sites\/2\/2021\/10\/4-salle-seminaire-chateau-turmeliere-lire-angers-nantes\u00a9D.Drouet.jpg 1200w, https:\/\/www.osezmauges.fr\/evenements-pro\/wp-content\/uploads\/sites\/2\/2021\/10\/4-salle-seminaire-chateau-turmeliere-lire-angers-nantes\u00a9D.Drouet-600x400.jpg 600w, https:\/\/www.osezmauges.fr\/evenements-pro\/wp-content\/uploads\/sites\/2\/2021\/10\/4-salle-seminaire-chateau-turmeliere-lire-angers-nantes\u00a9D.Drouet-300x200.jpg 300w, https:\/\/www.osezmauges.fr\/evenements-pro\/wp-content\/uploads\/sites\/2\/2021\/10\/4-salle-seminaire-chateau-turmeliere-lire-angers-nantes\u00a9D.Drouet-900x600.jpg 900w, https:\/\/www.osezmauges.fr\/evenements-pro\/wp-content\/uploads\/sites\/2\/2021\/10\/4-salle-seminaire-chateau-turmeliere-lire-angers-nantes\u00a9D.Drouet-650x433.jpg 650w\" sizes=\"(max-width: 1200px) 100vw, 1200px\" \/><\/a><figcaption class=\"wp-element-caption\">\u00c9changes entre salari\u00e9s \u00a9D.Drouet<\/figcaption><\/figure>\n\n\n\n<h2 class=\"wp-block-heading\">Poursuivez votre d\u00e9couverte<\/h2>\n\n\n\n<p>D\u00e9couvrez <strong>sur place<\/strong> une <a href=\"https:\/\/www.osezmauges.fr\/evenements-pro\/organiser-son-evenement-pro\/team-building-angers-nantes-cholet\/team-building-challenge-multi-sports\/\" target=\"_blank\" rel=\"noreferrer noopener\">multitude d\u2019activit\u00e9s<\/a> \u00e0 faire avec vos \u00e9quipes&nbsp;:<\/p>\n\n\n\n<ul class=\"wp-block-list\">\n<li><a href=\"https:\/\/www.osezmauges.fr\/evenements-pro\/organiser-son-evenement-pro\/team-building-angers-nantes-cholet\/activites-sportives\/team-building-challenge-multi-sports\/\" type=\"link\" id=\"https:\/\/www.osezmauges.fr\/evenements-pro\/organiser-son-evenement-pro\/team-building-angers-nantes-cholet\/activites-sportives\/team-building-challenge-multi-sports\/\" target=\"_blank\" rel=\"noreferrer noopener\">Activit\u00e9s de coh\u00e9sion d\u2019\u00e9quipe<\/a>&nbsp;: battle archery, escalade, d\u00e9fis sportifs..<\/li>\n\n\n\n<li>Course d\u2019orientation dans le parc du ch\u00e2teau<\/li>\n\n\n\n<li>Atelier de d\u00e9veloppement collectif pour re-souder votre \u00e9quipe autour d&rsquo;un projet commun<\/li>\n<\/ul>\n\n\n\n<div class=\"wp-block wp-block-related-post clear alignfull\">\n    <div class=\"container\">\n\n        <div class=\"article\">\n\t\t    \n\t\t            <\/div>\n\n\t                <div class=\"article\">\n        \n            <div class=\"wp-block-related-post-inner\">\n                <div   data-slides-per-view=\"4\">\n                    <div class=\"wp-block-related-post-list wp-block-related-post-list-1\">\n\t\t\t\t\t    \n<div class=\"entityItem\"      data-trigger=\"wpiris-click\">\n    <p class=\"entityItemThumbnail\">\n        <a href=\"https:\/\/www.osezmauges.fr\/evenements-pro\/organiser-son-evenement-pro\/team-building-angers-nantes-cholet\/activites-sportives\/team-building-challenge-multi-sports\/\" nofancybox>\n            <img src=\n            \"https:\/\/www.osezmauges.fr\/evenements-pro\/wp-content\/uploads\/sites\/2\/2025\/08\/chateau-turmeliere-lire-oa-osez-mauges-patrimoine-anjou-\u00a9Sebastien-Gaudard-21-900x674.jpg\" alt=\"Challenge multi-sports au Ch\u00e2teau de la Turmeli\u00e8re\">\n        <\/a>\n    <\/p>\n        <div class=\"entityItemContent\">\n        \n        \n        <h3 class=\"entityItemContentTitle\">        <a href=\"https:\/\/www.osezmauges.fr\/evenements-pro\/organiser-son-evenement-pro\/team-building-angers-nantes-cholet\/activites-sportives\/team-building-challenge-multi-sports\/\">Challenge multi-sports au Ch\u00e2teau de la Turmeli\u00e8re<\/a>\n        <\/h3>\n            <\/div>\n\n    \n    <\/div>\n                    <\/div>\n                <\/div>\n            <\/div>\n\n                    <\/div>\n        \n    <\/div>\n<\/div>\n\n\n<p><\/p>\n","protected":false},"excerpt":{"rendered":"<p>Dans un parc bois\u00e9 de 40ha propice aux balades et \u00e0 la d\u00e9tente, profitez de salles modulables pour vos \u00e9v\u00e9nements d\u2019entreprises. Organisez vos s\u00e9minaires, cocktails ou encore assembl\u00e9es en toute qui\u00e9tude dans ce ch\u00e2teau du XIX\u00e8me si\u00e8cle. D\u00e9jeunez sur place avec une cuisine \u00e0 base de produits frais et locaux, et prolongez votre rencontre professionnelle [&hellip;]<\/p>\n","protected":false},"author":1,"featured_media":549,"parent":40,"menu_order":9,"comment_status":"closed","ping_status":"closed","template":"","meta":{"_relevanssi_hide_post":"","_relevanssi_hide_content":"","_relevanssi_pin_for_all":"","_relevanssi_pin_keywords":"","_relevanssi_unpin_keywords":"","_relevanssi_related_keywords":"","_relevanssi_related_include_ids":"","_relevanssi_related_exclude_ids":"","_relevanssi_related_no_append":"","_relevanssi_related_not_related":"","_relevanssi_related_posts":"1","_relevanssi_noindex_reason":"","footnotes":""},"class_list":["post-252","page","type-page","status-publish","has-post-thumbnail","hentry"],"acf":[],"yoast_head":"<!-- This site is optimized with the Yoast SEO plugin v26.9 - https:\/\/yoast.com\/product\/yoast-seo-wordpress\/ -->\n<title>R\u00e9unions, s\u00e9minaires au Ch\u00e2teau de la Turmeli\u00e8re \u2013 Maine et Loire<\/title>\n<meta name=\"description\" content=\"Au sein d\u2019un parc de 40ha, profitez de la campagne pour d\u00e9connecter avec vos collaborateurs ou clients le temps d\u2019une journ\u00e9e de travail.\" \/>\n<meta name=\"robots\" content=\"index, follow, max-snippet:-1, max-image-preview:large, max-video-preview:-1\" \/>\n<link rel=\"canonical\" href=\"https:\/\/www.osezmauges.fr\/evenements-pro\/organiser-son-evenement-pro\/salle-seminaire\/salle-seminaire-chateau-turmeliere\/\" \/>\n<meta property=\"og:locale\" content=\"fr_FR\" \/>\n<meta property=\"og:type\" content=\"article\" \/>\n<meta property=\"og:title\" content=\"R\u00e9unions, s\u00e9minaires au Ch\u00e2teau de la Turmeli\u00e8re \u2013 Maine et Loire\" \/>\n<meta property=\"og:description\" content=\"Au sein d\u2019un parc de 40ha, profitez de la campagne pour d\u00e9connecter avec vos collaborateurs ou clients le temps d\u2019une journ\u00e9e de travail.\" \/>\n<meta property=\"og:url\" content=\"https:\/\/www.osezmauges.fr\/evenements-pro\/organiser-son-evenement-pro\/salle-seminaire\/salle-seminaire-chateau-turmeliere\/\" \/>\n<meta property=\"og:site_name\" content=\"Osez Mauges - Tourisme d&#039;affaire\" \/>\n<meta property=\"article:modified_time\" content=\"2026-03-24T12:29:35+00:00\" \/>\n<meta property=\"og:image\" content=\"https:\/\/www.osezmauges.fr\/evenements-pro\/wp-content\/uploads\/sites\/2\/2021\/10\/1-chateau-turmeliere-lire-maine-et-loire-angers-nantes-\u00a9D.Drouet.jpg\" \/>\n\t<meta property=\"og:image:width\" content=\"1500\" \/>\n\t<meta property=\"og:image:height\" content=\"998\" \/>\n\t<meta property=\"og:image:type\" content=\"image\/jpeg\" \/>\n<meta name=\"twitter:card\" content=\"summary_large_image\" \/>\n<meta name=\"twitter:label1\" content=\"Dur\u00e9e de lecture estim\u00e9e\" \/>\n\t<meta name=\"twitter:data1\" content=\"3 minutes\" \/>\n<script type=\"application\/ld+json\" class=\"yoast-schema-graph\">{\"@context\":\"https:\/\/schema.org\",\"@graph\":[{\"@type\":\"WebPage\",\"@id\":\"https:\/\/www.osezmauges.fr\/evenements-pro\/organiser-son-evenement-pro\/salle-seminaire\/salle-seminaire-chateau-turmeliere\/\",\"url\":\"https:\/\/www.osezmauges.fr\/evenements-pro\/organiser-son-evenement-pro\/salle-seminaire\/salle-seminaire-chateau-turmeliere\/\",\"name\":\"R\u00e9unions, s\u00e9minaires au Ch\u00e2teau de la Turmeli\u00e8re \u2013 Maine et Loire\",\"isPartOf\":{\"@id\":\"https:\/\/www.osezmauges.fr\/evenements-pro\/#website\"},\"primaryImageOfPage\":{\"@id\":\"https:\/\/www.osezmauges.fr\/evenements-pro\/organiser-son-evenement-pro\/salle-seminaire\/salle-seminaire-chateau-turmeliere\/#primaryimage\"},\"image\":{\"@id\":\"https:\/\/www.osezmauges.fr\/evenements-pro\/organiser-son-evenement-pro\/salle-seminaire\/salle-seminaire-chateau-turmeliere\/#primaryimage\"},\"thumbnailUrl\":\"https:\/\/www.osezmauges.fr\/evenements-pro\/wp-content\/uploads\/sites\/2\/2021\/10\/1-chateau-turmeliere-lire-maine-et-loire-angers-nantes-\u00a9D.Drouet.jpg\",\"datePublished\":\"2026-03-24T12:28:09+00:00\",\"dateModified\":\"2026-03-24T12:29:35+00:00\",\"description\":\"Au sein d\u2019un parc de 40ha, profitez de la campagne pour d\u00e9connecter avec vos collaborateurs ou clients le temps d\u2019une journ\u00e9e de travail.\",\"breadcrumb\":{\"@id\":\"https:\/\/www.osezmauges.fr\/evenements-pro\/organiser-son-evenement-pro\/salle-seminaire\/salle-seminaire-chateau-turmeliere\/#breadcrumb\"},\"inLanguage\":\"fr-FR\",\"potentialAction\":[{\"@type\":\"ReadAction\",\"target\":[\"https:\/\/www.osezmauges.fr\/evenements-pro\/organiser-son-evenement-pro\/salle-seminaire\/salle-seminaire-chateau-turmeliere\/\"]}]},{\"@type\":\"ImageObject\",\"inLanguage\":\"fr-FR\",\"@id\":\"https:\/\/www.osezmauges.fr\/evenements-pro\/organiser-son-evenement-pro\/salle-seminaire\/salle-seminaire-chateau-turmeliere\/#primaryimage\",\"url\":\"https:\/\/www.osezmauges.fr\/evenements-pro\/wp-content\/uploads\/sites\/2\/2021\/10\/1-chateau-turmeliere-lire-maine-et-loire-angers-nantes-\u00a9D.Drouet.jpg\",\"contentUrl\":\"https:\/\/www.osezmauges.fr\/evenements-pro\/wp-content\/uploads\/sites\/2\/2021\/10\/1-chateau-turmeliere-lire-maine-et-loire-angers-nantes-\u00a9D.Drouet.jpg\",\"width\":1500,\"height\":998},{\"@type\":\"BreadcrumbList\",\"@id\":\"https:\/\/www.osezmauges.fr\/evenements-pro\/organiser-son-evenement-pro\/salle-seminaire\/salle-seminaire-chateau-turmeliere\/#breadcrumb\",\"itemListElement\":[{\"@type\":\"ListItem\",\"position\":1,\"name\":\"Accueil\",\"item\":\"https:\/\/www.osezmauges.fr\/evenements-pro\/\"},{\"@type\":\"ListItem\",\"position\":2,\"name\":\"Organiser son \u00e9v\u00e9nement d\u2019entreprise\",\"item\":\"https:\/\/www.osezmauges.fr\/evenements-pro\/organiser-son-evenement-pro\/\"},{\"@type\":\"ListItem\",\"position\":3,\"name\":\"Salles de s\u00e9minaire\",\"item\":\"https:\/\/www.osezmauges.fr\/evenements-pro\/organiser-son-evenement-pro\/salle-seminaire\/\"},{\"@type\":\"ListItem\",\"position\":4,\"name\":\"Salles de s\u00e9minaire au Ch\u00e2teau de la Turmeli\u00e8re\"}]},{\"@type\":\"WebSite\",\"@id\":\"https:\/\/www.osezmauges.fr\/evenements-pro\/#website\",\"url\":\"https:\/\/www.osezmauges.fr\/evenements-pro\/\",\"name\":\"Osez Mauges - Tourisme d&#039;affaire\",\"description\":\"\u00d4sez Mauges\",\"potentialAction\":[{\"@type\":\"SearchAction\",\"target\":{\"@type\":\"EntryPoint\",\"urlTemplate\":\"https:\/\/www.osezmauges.fr\/evenements-pro\/?s={search_term_string}\"},\"query-input\":{\"@type\":\"PropertyValueSpecification\",\"valueRequired\":true,\"valueName\":\"search_term_string\"}}],\"inLanguage\":\"fr-FR\"}]}<\/script>\n<!-- \/ Yoast SEO plugin. -->","yoast_head_json":{"title":"R\u00e9unions, s\u00e9minaires au Ch\u00e2teau de la Turmeli\u00e8re \u2013 Maine et Loire","description":"Au sein d\u2019un parc de 40ha, profitez de la campagne pour d\u00e9connecter avec vos collaborateurs ou clients le temps d\u2019une journ\u00e9e de travail.","robots":{"index":"index","follow":"follow","max-snippet":"max-snippet:-1","max-image-preview":"max-image-preview:large","max-video-preview":"max-video-preview:-1"},"canonical":"https:\/\/www.osezmauges.fr\/evenements-pro\/organiser-son-evenement-pro\/salle-seminaire\/salle-seminaire-chateau-turmeliere\/","og_locale":"fr_FR","og_type":"article","og_title":"R\u00e9unions, s\u00e9minaires au Ch\u00e2teau de la Turmeli\u00e8re \u2013 Maine et Loire","og_description":"Au sein d\u2019un parc de 40ha, profitez de la campagne pour d\u00e9connecter avec vos collaborateurs ou clients le temps d\u2019une journ\u00e9e de travail.","og_url":"https:\/\/www.osezmauges.fr\/evenements-pro\/organiser-son-evenement-pro\/salle-seminaire\/salle-seminaire-chateau-turmeliere\/","og_site_name":"Osez Mauges - Tourisme d&#039;affaire","article_modified_time":"2026-03-24T12:29:35+00:00","og_image":[{"width":1500,"height":998,"url":"https:\/\/www.osezmauges.fr\/evenements-pro\/wp-content\/uploads\/sites\/2\/2021\/10\/1-chateau-turmeliere-lire-maine-et-loire-angers-nantes-\u00a9D.Drouet.jpg","type":"image\/jpeg"}],"twitter_card":"summary_large_image","twitter_misc":{"Dur\u00e9e de lecture estim\u00e9e":"3 minutes"},"schema":{"@context":"https:\/\/schema.org","@graph":[{"@type":"WebPage","@id":"https:\/\/www.osezmauges.fr\/evenements-pro\/organiser-son-evenement-pro\/salle-seminaire\/salle-seminaire-chateau-turmeliere\/","url":"https:\/\/www.osezmauges.fr\/evenements-pro\/organiser-son-evenement-pro\/salle-seminaire\/salle-seminaire-chateau-turmeliere\/","name":"R\u00e9unions, s\u00e9minaires au Ch\u00e2teau de la Turmeli\u00e8re \u2013 Maine et Loire","isPartOf":{"@id":"https:\/\/www.osezmauges.fr\/evenements-pro\/#website"},"primaryImageOfPage":{"@id":"https:\/\/www.osezmauges.fr\/evenements-pro\/organiser-son-evenement-pro\/salle-seminaire\/salle-seminaire-chateau-turmeliere\/#primaryimage"},"image":{"@id":"https:\/\/www.osezmauges.fr\/evenements-pro\/organiser-son-evenement-pro\/salle-seminaire\/salle-seminaire-chateau-turmeliere\/#primaryimage"},"thumbnailUrl":"https:\/\/www.osezmauges.fr\/evenements-pro\/wp-content\/uploads\/sites\/2\/2021\/10\/1-chateau-turmeliere-lire-maine-et-loire-angers-nantes-\u00a9D.Drouet.jpg","datePublished":"2026-03-24T12:28:09+00:00","dateModified":"2026-03-24T12:29:35+00:00","description":"Au sein d\u2019un parc de 40ha, profitez de la campagne pour d\u00e9connecter avec vos collaborateurs ou clients le temps d\u2019une journ\u00e9e de travail.","breadcrumb":{"@id":"https:\/\/www.osezmauges.fr\/evenements-pro\/organiser-son-evenement-pro\/salle-seminaire\/salle-seminaire-chateau-turmeliere\/#breadcrumb"},"inLanguage":"fr-FR","potentialAction":[{"@type":"ReadAction","target":["https:\/\/www.osezmauges.fr\/evenements-pro\/organiser-son-evenement-pro\/salle-seminaire\/salle-seminaire-chateau-turmeliere\/"]}]},{"@type":"ImageObject","inLanguage":"fr-FR","@id":"https:\/\/www.osezmauges.fr\/evenements-pro\/organiser-son-evenement-pro\/salle-seminaire\/salle-seminaire-chateau-turmeliere\/#primaryimage","url":"https:\/\/www.osezmauges.fr\/evenements-pro\/wp-content\/uploads\/sites\/2\/2021\/10\/1-chateau-turmeliere-lire-maine-et-loire-angers-nantes-\u00a9D.Drouet.jpg","contentUrl":"https:\/\/www.osezmauges.fr\/evenements-pro\/wp-content\/uploads\/sites\/2\/2021\/10\/1-chateau-turmeliere-lire-maine-et-loire-angers-nantes-\u00a9D.Drouet.jpg","width":1500,"height":998},{"@type":"BreadcrumbList","@id":"https:\/\/www.osezmauges.fr\/evenements-pro\/organiser-son-evenement-pro\/salle-seminaire\/salle-seminaire-chateau-turmeliere\/#breadcrumb","itemListElement":[{"@type":"ListItem","position":1,"name":"Accueil","item":"https:\/\/www.osezmauges.fr\/evenements-pro\/"},{"@type":"ListItem","position":2,"name":"Organiser son \u00e9v\u00e9nement d\u2019entreprise","item":"https:\/\/www.osezmauges.fr\/evenements-pro\/organiser-son-evenement-pro\/"},{"@type":"ListItem","position":3,"name":"Salles de s\u00e9minaire","item":"https:\/\/www.osezmauges.fr\/evenements-pro\/organiser-son-evenement-pro\/salle-seminaire\/"},{"@type":"ListItem","position":4,"name":"Salles de s\u00e9minaire au Ch\u00e2teau de la Turmeli\u00e8re"}]},{"@type":"WebSite","@id":"https:\/\/www.osezmauges.fr\/evenements-pro\/#website","url":"https:\/\/www.osezmauges.fr\/evenements-pro\/","name":"Osez Mauges - Tourisme d&#039;affaire","description":"\u00d4sez Mauges","potentialAction":[{"@type":"SearchAction","target":{"@type":"EntryPoint","urlTemplate":"https:\/\/www.osezmauges.fr\/evenements-pro\/?s={search_term_string}"},"query-input":{"@type":"PropertyValueSpecification","valueRequired":true,"valueName":"search_term_string"}}],"inLanguage":"fr-FR"}]}},"_links":{"self":[{"href":"https:\/\/www.osezmauges.fr\/evenements-pro\/wp-json\/wp\/v2\/pages\/252","targetHints":{"allow":["GET"]}}],"collection":[{"href":"https:\/\/www.osezmauges.fr\/evenements-pro\/wp-json\/wp\/v2\/pages"}],"about":[{"href":"https:\/\/www.osezmauges.fr\/evenements-pro\/wp-json\/wp\/v2\/types\/page"}],"author":[{"embeddable":true,"href":"https:\/\/www.osezmauges.fr\/evenements-pro\/wp-json\/wp\/v2\/users\/1"}],"replies":[{"embeddable":true,"href":"https:\/\/www.osezmauges.fr\/evenements-pro\/wp-json\/wp\/v2\/comments?post=252"}],"version-history":[{"count":16,"href":"https:\/\/www.osezmauges.fr\/evenements-pro\/wp-json\/wp\/v2\/pages\/252\/revisions"}],"predecessor-version":[{"id":18768,"href":"https:\/\/www.osezmauges.fr\/evenements-pro\/wp-json\/wp\/v2\/pages\/252\/revisions\/18768"}],"up":[{"embeddable":true,"href":"https:\/\/www.osezmauges.fr\/evenements-pro\/wp-json\/wp\/v2\/pages\/40"}],"wp:featuredmedia":[{"embeddable":true,"href":"https:\/\/www.osezmauges.fr\/evenements-pro\/wp-json\/wp\/v2\/media\/549"}],"wp:attachment":[{"href":"https:\/\/www.osezmauges.fr\/evenements-pro\/wp-json\/wp\/v2\/media?parent=252"}],"curies":[{"name":"wp","href":"https:\/\/api.w.org\/{rel}","templated":true}]}}