{"id":295,"date":"2021-10-19T11:53:42","date_gmt":"2021-10-19T09:53:42","guid":{"rendered":"https:\/\/www.osezmauges.fr\/evenements-pro\/?page_id=295"},"modified":"2026-03-20T15:26:54","modified_gmt":"2026-03-20T14:26:54","slug":"jardin-anjou-hebergement-groupe","status":"publish","type":"page","link":"https:\/\/www.osezmauges.fr\/evenements-pro\/organiser-son-evenement-pro\/hebergement-evenement-entreprise\/jardin-anjou-hebergement-groupe\/","title":{"rendered":"Les Jardins de l&rsquo;Anjou &#8211; Votre h\u00e9bergement d&rsquo;entreprise"},"content":{"rendered":"\n<div class=\"wp-block-columns is-layout-flex wp-container-core-columns-is-layout-9d6595d7 wp-block-columns-is-layout-flex\">\n<div class=\"wp-block-column is-layout-flow wp-block-column-is-layout-flow\">\n<p class=\"is-style-excerpt\">A seulement 40 min d&rsquo;Angers, profitez du cadre paysager des Jardins de l&rsquo;Anjou pour votre s\u00e9minaire d&rsquo;entreprise sur plusieurs jours. Le domaine *** vous accueille dans son complexe h\u00f4telier avec tout le confort n\u00e9cessaire pour vos salari\u00e9s ou clients. Un environnement reposant et inspirant vous attend pour booster vos \u00e9quipes. <\/p>\n<\/div>\n\n\n\n<div class=\"wp-block-column is-layout-flow wp-block-column-is-layout-flow\"><div class=\"wp-block wp-block-highlight\">\n                <p class=\"wp-block-highlight-item wp-block-highlight-excerpt\">9 chemin du Vaujou <br>La Pommeraye<br>49620 MAUGES SUR LOIRE<br><br>Votre contact : Gwladys CAILLEAU<strong><br><\/strong>02 41 35 11 08<br>commercial@jardinsdelanjou.fr <br><a href=\"https:\/\/www.jardinsdelanjou.fr\/\" target=\"_blank\" rel=\"noreferrer noopener\">Site web<\/a><\/p>\n    <\/div><\/div>\n<\/div>\n\n\n\n<h2 class=\"wp-block-heading\">Pourquoi les choisir ? <\/h2>\n\n\n\n<ul class=\"wp-block-list\">\n<li>Un domaine h\u00f4telier *** au coeur d&rsquo;un parc paysag\u00e9 de 8 ha <\/li>\n\n\n\n<li><span style=\"font-size: 1.125rem\"><a href=\"https:\/\/www.osezmauges.fr\/evenements-pro\/organiser-son-evenement-pro\/salle-seminaire\/seminaire-congres-jardins-anjou\/\" target=\"_blank\" rel=\"noreferrer noopener\">Salles de r\u00e9unions<\/a> et <a href=\"https:\/\/www.osezmauges.fr\/evenements-pro\/organiser-son-evenement-pro\/traiteur-evenement-entreprise\/restaurant-harmonie\/\" target=\"_blank\" rel=\"noreferrer noopener\">restauration<\/a> sur place <\/span><\/li>\n\n\n\n<li>Plus de 20 ans d&rsquo;expertise dans le domaine de l&rsquo;\u00e9v\u00e9nementiel d&rsquo;entreprise<\/li>\n<\/ul>\n\n\n\n<figure class=\"wp-block-gallery alignwide has-nested-images columns-default is-cropped wp-block-gallery-1 is-layout-flex wp-block-gallery-is-layout-flex\">\n<figure class=\"wp-block-image size-medium\"><a href=\"https:\/\/www.osezmauges.fr\/evenements-pro\/wp-content\/uploads\/sites\/2\/2023\/03\/chambre-cottage-jardins-anjou-msl-pommeraye-osezmauges-anjou-2-\u00a9JDA.jpg\"><img width=\"600\" height=\"400\" data-id=\"10851\" data-src=\"https:\/\/www.osezmauges.fr\/evenements-pro\/wp-content\/uploads\/sites\/2\/2023\/03\/chambre-cottage-jardins-anjou-msl-pommeraye-osezmauges-anjou-2-\u00a9JDA-600x400.jpg\" alt=\"\" class=\"wp-image-10851\" srcset=\"https:\/\/www.osezmauges.fr\/evenements-pro\/wp-content\/uploads\/sites\/2\/2023\/03\/chambre-cottage-jardins-anjou-msl-pommeraye-osezmauges-anjou-2-\u00a9JDA-600x400.jpg 600w, https:\/\/www.osezmauges.fr\/evenements-pro\/wp-content\/uploads\/sites\/2\/2023\/03\/chambre-cottage-jardins-anjou-msl-pommeraye-osezmauges-anjou-2-\u00a9JDA-300x200.jpg 300w, https:\/\/www.osezmauges.fr\/evenements-pro\/wp-content\/uploads\/sites\/2\/2023\/03\/chambre-cottage-jardins-anjou-msl-pommeraye-osezmauges-anjou-2-\u00a9JDA-900x600.jpg 900w, https:\/\/www.osezmauges.fr\/evenements-pro\/wp-content\/uploads\/sites\/2\/2023\/03\/chambre-cottage-jardins-anjou-msl-pommeraye-osezmauges-anjou-2-\u00a9JDA-650x433.jpg 650w, https:\/\/www.osezmauges.fr\/evenements-pro\/wp-content\/uploads\/sites\/2\/2023\/03\/chambre-cottage-jardins-anjou-msl-pommeraye-osezmauges-anjou-2-\u00a9JDA.jpg 1200w\" sizes=\"(max-width: 600px) 100vw, 600px\" \/><\/a><\/figure>\n\n\n\n<figure class=\"wp-block-image size-medium\"><a href=\"https:\/\/www.osezmauges.fr\/evenements-pro\/wp-content\/uploads\/sites\/2\/2023\/03\/exterieur-jardins-anjou-msl-pommeraye-osezmauges-anjou-\u00a9JDA.jpg\"><img width=\"600\" height=\"400\" data-id=\"10852\" data-src=\"https:\/\/www.osezmauges.fr\/evenements-pro\/wp-content\/uploads\/sites\/2\/2023\/03\/exterieur-jardins-anjou-msl-pommeraye-osezmauges-anjou-\u00a9JDA-600x400.jpg\" alt=\"\" class=\"wp-image-10852\" srcset=\"https:\/\/www.osezmauges.fr\/evenements-pro\/wp-content\/uploads\/sites\/2\/2023\/03\/exterieur-jardins-anjou-msl-pommeraye-osezmauges-anjou-\u00a9JDA-600x400.jpg 600w, https:\/\/www.osezmauges.fr\/evenements-pro\/wp-content\/uploads\/sites\/2\/2023\/03\/exterieur-jardins-anjou-msl-pommeraye-osezmauges-anjou-\u00a9JDA-300x200.jpg 300w, https:\/\/www.osezmauges.fr\/evenements-pro\/wp-content\/uploads\/sites\/2\/2023\/03\/exterieur-jardins-anjou-msl-pommeraye-osezmauges-anjou-\u00a9JDA-900x600.jpg 900w, https:\/\/www.osezmauges.fr\/evenements-pro\/wp-content\/uploads\/sites\/2\/2023\/03\/exterieur-jardins-anjou-msl-pommeraye-osezmauges-anjou-\u00a9JDA-650x433.jpg 650w, https:\/\/www.osezmauges.fr\/evenements-pro\/wp-content\/uploads\/sites\/2\/2023\/03\/exterieur-jardins-anjou-msl-pommeraye-osezmauges-anjou-\u00a9JDA.jpg 1200w\" sizes=\"(max-width: 600px) 100vw, 600px\" \/><\/a><\/figure>\n<figcaption class=\"blocks-gallery-caption wp-element-caption\">Les Jardins de l&rsquo;Anjou pour votre \u00e9v\u00e9nement d&rsquo;entreprise dans les Mauges \u00a9D.Drouet<\/figcaption><\/figure>\n\n\n\n<h2 class=\"wp-block-heading\">\u00c9quipements et capacit\u00e9 : <\/h2>\n\n\n\n<ul class=\"wp-block-list\">\n<li>145 chambres sur le domaine dont 3 chambres PMR pour une capacit\u00e9 totale de 300 personnes<\/li>\n\n\n\n<li>Chambres d&rsquo;h\u00f4tel ou cottages (de 1 \u00e0 3 chambres) sur le site <\/li>\n<\/ul>\n\n\n\n<div class=\"wp-block wp-block-related-post clear alignfull\">\n    <div class=\"container\">\n\n        <div class=\"article\">\n\t\t                    <h2 class=\"wp-block-related-post-title\">Sur place<\/h2>\n\t\t    \n\t\t            <\/div>\n\n\t    \n            <div class=\"wp-block-related-post-inner\">\n                <div   data-slides-per-view=\"4\">\n                    <div class=\"wp-block-related-post-list wp-block-related-post-list-3\">\n\t\t\t\t\t    \n<div class=\"entityItem\"      data-trigger=\"wpiris-click\">\n    <p class=\"entityItemThumbnail\">\n        <a href=\"https:\/\/www.osezmauges.fr\/evenements-pro\/organiser-son-evenement-pro\/traiteur-evenement-entreprise\/traiteur-jardins-anjou\/\" nofancybox>\n            <img src=\n            \"https:\/\/www.osezmauges.fr\/evenements-pro\/wp-content\/uploads\/sites\/2\/2022\/04\/cocktail-entreprise-traiteur-jardin-anjou-la-pommeraye-maine-et-loire-\u00a9JardinsAnjou-380x430.jpg\" alt=\"Traiteur Les Jardins de l&rsquo;Anjou\">\n        <\/a>\n    <\/p>\n        <div class=\"entityItemContent\">\n        \n        \n        <h3 class=\"entityItemContentTitle\">        <a href=\"https:\/\/www.osezmauges.fr\/evenements-pro\/organiser-son-evenement-pro\/traiteur-evenement-entreprise\/traiteur-jardins-anjou\/\">Traiteur Les Jardins de l&rsquo;Anjou<\/a>\n        <\/h3>\n            <\/div>\n\n    \n    <\/div>\n\n<div class=\"entityItem\"      data-trigger=\"wpiris-click\">\n    <p class=\"entityItemThumbnail\">\n        <a href=\"https:\/\/www.osezmauges.fr\/evenements-pro\/organiser-son-evenement-pro\/traiteur-evenement-entreprise\/restaurant-harmonie\/\" nofancybox>\n            <img src=\n            \"https:\/\/www.osezmauges.fr\/evenements-pro\/wp-content\/uploads\/sites\/2\/2022\/04\/harmonie-restaurant-les-jardins-de-lAnjou-mauges-sur-loire-gastronomie-\u00a9JardinsAnjou-380x430.jpg\" alt=\"Restaurant l&rsquo;Harmonie pour un repas d&rsquo;entreprise\">\n        <\/a>\n    <\/p>\n        <div class=\"entityItemContent\">\n        \n        \n        <h3 class=\"entityItemContentTitle\">        <a href=\"https:\/\/www.osezmauges.fr\/evenements-pro\/organiser-son-evenement-pro\/traiteur-evenement-entreprise\/restaurant-harmonie\/\">Restaurant l&rsquo;Harmonie pour un repas d&rsquo;entreprise<\/a>\n        <\/h3>\n            <\/div>\n\n    \n    <\/div>\n\n<div class=\"entityItem\"      data-trigger=\"wpiris-click\">\n    <p class=\"entityItemThumbnail\">\n        <a href=\"https:\/\/www.osezmauges.fr\/evenements-pro\/organiser-son-evenement-pro\/salle-seminaire\/seminaire-congres-jardins-anjou\/\" nofancybox>\n            <img src=\n            \"https:\/\/www.osezmauges.fr\/evenements-pro\/wp-content\/uploads\/sites\/2\/2022\/02\/complexe-hotelier-jardins-anjou-la-pommeraye-\u00a9JDA-380x430.jpg\" alt=\"S\u00e9minaires, incentives et congr\u00e8s aux Jardins de l\u2019Anjou\">\n        <\/a>\n    <\/p>\n        <div class=\"entityItemContent\">\n        \n        \n        <h3 class=\"entityItemContentTitle\">        <a href=\"https:\/\/www.osezmauges.fr\/evenements-pro\/organiser-son-evenement-pro\/salle-seminaire\/seminaire-congres-jardins-anjou\/\">S\u00e9minaires, incentives et congr\u00e8s aux Jardins de l\u2019Anjou<\/a>\n        <\/h3>\n            <\/div>\n\n    \n    <\/div>\n                    <\/div>\n                <\/div>\n            <\/div>\n\n        \n    <\/div>\n<\/div>","protected":false},"excerpt":{"rendered":"<p>A seulement 40 min d&rsquo;Angers, profitez du cadre paysager des Jardins de l&rsquo;Anjou pour votre s\u00e9minaire d&rsquo;entreprise sur plusieurs jours. Le domaine *** vous accueille dans son complexe h\u00f4telier avec tout le confort n\u00e9cessaire pour vos salari\u00e9s ou clients. Un environnement reposant et inspirant vous attend pour booster vos \u00e9quipes. Pourquoi les choisir ? \u00c9quipements [&hellip;]<\/p>\n","protected":false},"author":1,"featured_media":10850,"parent":44,"menu_order":1,"comment_status":"closed","ping_status":"closed","template":"","meta":{"_relevanssi_hide_post":"","_relevanssi_hide_content":"","_relevanssi_pin_for_all":"","_relevanssi_pin_keywords":"","_relevanssi_unpin_keywords":"","_relevanssi_related_keywords":"","_relevanssi_related_include_ids":"","_relevanssi_related_exclude_ids":"","_relevanssi_related_no_append":"","_relevanssi_related_not_related":"","_relevanssi_related_posts":"1","_relevanssi_noindex_reason":"","footnotes":""},"class_list":["post-295","page","type-page","status-publish","has-post-thumbnail","hentry"],"acf":[],"yoast_head":"<!-- This site is optimized with the Yoast SEO plugin v26.9 - https:\/\/yoast.com\/product\/yoast-seo-wordpress\/ -->\n<title>Les Jardins de l&#039;Anjou | H\u00e9bergement d&#039;entreprise dans les Mauges<\/title>\n<meta name=\"description\" content=\"Pour votre s\u00e9minaire entre Angers, Nantes et Cholet, alliez la praticit\u00e9 des Jardins de l&#039;Anjou avec leur magnifique parc de 8ha pour votre \u00e9v\u00e9nement.\" \/>\n<meta name=\"robots\" content=\"index, follow, max-snippet:-1, max-image-preview:large, max-video-preview:-1\" \/>\n<link rel=\"canonical\" href=\"https:\/\/www.osezmauges.fr\/evenements-pro\/organiser-son-evenement-pro\/hebergement-evenement-entreprise\/jardin-anjou-hebergement-groupe\/\" \/>\n<meta property=\"og:locale\" content=\"fr_FR\" \/>\n<meta property=\"og:type\" content=\"article\" \/>\n<meta property=\"og:title\" content=\"Les Jardins de l&#039;Anjou | H\u00e9bergement d&#039;entreprise dans les Mauges\" \/>\n<meta property=\"og:description\" content=\"Pour votre s\u00e9minaire entre Angers, Nantes et Cholet, alliez la praticit\u00e9 des Jardins de l&#039;Anjou avec leur magnifique parc de 8ha pour votre \u00e9v\u00e9nement.\" \/>\n<meta property=\"og:url\" content=\"https:\/\/www.osezmauges.fr\/evenements-pro\/organiser-son-evenement-pro\/hebergement-evenement-entreprise\/jardin-anjou-hebergement-groupe\/\" \/>\n<meta property=\"og:site_name\" content=\"Osez Mauges - Tourisme d&#039;affaire\" \/>\n<meta property=\"article:modified_time\" content=\"2026-03-20T14:26:54+00:00\" \/>\n<meta property=\"og:image\" content=\"https:\/\/www.osezmauges.fr\/evenements-pro\/wp-content\/uploads\/sites\/2\/2023\/03\/Chambre-Privilege-jardins-anjou-msl-pommeraye-osezmauges-anjou-1-\u00a9JDA.jpg\" \/>\n\t<meta property=\"og:image:width\" content=\"1500\" \/>\n\t<meta property=\"og:image:height\" content=\"1000\" \/>\n\t<meta property=\"og:image:type\" content=\"image\/jpeg\" \/>\n<meta name=\"twitter:card\" content=\"summary_large_image\" \/>\n<meta name=\"twitter:label1\" content=\"Dur\u00e9e de lecture estim\u00e9e\" \/>\n\t<meta name=\"twitter:data1\" content=\"1 minute\" \/>\n<script type=\"application\/ld+json\" class=\"yoast-schema-graph\">{\"@context\":\"https:\/\/schema.org\",\"@graph\":[{\"@type\":\"WebPage\",\"@id\":\"https:\/\/www.osezmauges.fr\/evenements-pro\/organiser-son-evenement-pro\/hebergement-evenement-entreprise\/jardin-anjou-hebergement-groupe\/\",\"url\":\"https:\/\/www.osezmauges.fr\/evenements-pro\/organiser-son-evenement-pro\/hebergement-evenement-entreprise\/jardin-anjou-hebergement-groupe\/\",\"name\":\"Les Jardins de l'Anjou | H\u00e9bergement d'entreprise dans les Mauges\",\"isPartOf\":{\"@id\":\"https:\/\/www.osezmauges.fr\/evenements-pro\/#website\"},\"primaryImageOfPage\":{\"@id\":\"https:\/\/www.osezmauges.fr\/evenements-pro\/organiser-son-evenement-pro\/hebergement-evenement-entreprise\/jardin-anjou-hebergement-groupe\/#primaryimage\"},\"image\":{\"@id\":\"https:\/\/www.osezmauges.fr\/evenements-pro\/organiser-son-evenement-pro\/hebergement-evenement-entreprise\/jardin-anjou-hebergement-groupe\/#primaryimage\"},\"thumbnailUrl\":\"https:\/\/www.osezmauges.fr\/evenements-pro\/wp-content\/uploads\/sites\/2\/2023\/03\/Chambre-Privilege-jardins-anjou-msl-pommeraye-osezmauges-anjou-1-\u00a9JDA.jpg\",\"datePublished\":\"2021-10-19T09:53:42+00:00\",\"dateModified\":\"2026-03-20T14:26:54+00:00\",\"description\":\"Pour votre s\u00e9minaire entre Angers, Nantes et Cholet, alliez la praticit\u00e9 des Jardins de l'Anjou avec leur magnifique parc de 8ha pour votre \u00e9v\u00e9nement.\",\"breadcrumb\":{\"@id\":\"https:\/\/www.osezmauges.fr\/evenements-pro\/organiser-son-evenement-pro\/hebergement-evenement-entreprise\/jardin-anjou-hebergement-groupe\/#breadcrumb\"},\"inLanguage\":\"fr-FR\",\"potentialAction\":[{\"@type\":\"ReadAction\",\"target\":[\"https:\/\/www.osezmauges.fr\/evenements-pro\/organiser-son-evenement-pro\/hebergement-evenement-entreprise\/jardin-anjou-hebergement-groupe\/\"]}]},{\"@type\":\"ImageObject\",\"inLanguage\":\"fr-FR\",\"@id\":\"https:\/\/www.osezmauges.fr\/evenements-pro\/organiser-son-evenement-pro\/hebergement-evenement-entreprise\/jardin-anjou-hebergement-groupe\/#primaryimage\",\"url\":\"https:\/\/www.osezmauges.fr\/evenements-pro\/wp-content\/uploads\/sites\/2\/2023\/03\/Chambre-Privilege-jardins-anjou-msl-pommeraye-osezmauges-anjou-1-\u00a9JDA.jpg\",\"contentUrl\":\"https:\/\/www.osezmauges.fr\/evenements-pro\/wp-content\/uploads\/sites\/2\/2023\/03\/Chambre-Privilege-jardins-anjou-msl-pommeraye-osezmauges-anjou-1-\u00a9JDA.jpg\",\"width\":1500,\"height\":1000},{\"@type\":\"BreadcrumbList\",\"@id\":\"https:\/\/www.osezmauges.fr\/evenements-pro\/organiser-son-evenement-pro\/hebergement-evenement-entreprise\/jardin-anjou-hebergement-groupe\/#breadcrumb\",\"itemListElement\":[{\"@type\":\"ListItem\",\"position\":1,\"name\":\"Accueil\",\"item\":\"https:\/\/www.osezmauges.fr\/evenements-pro\/\"},{\"@type\":\"ListItem\",\"position\":2,\"name\":\"Organiser son \u00e9v\u00e9nement d\u2019entreprise\",\"item\":\"https:\/\/www.osezmauges.fr\/evenements-pro\/organiser-son-evenement-pro\/\"},{\"@type\":\"ListItem\",\"position\":3,\"name\":\"H\u00e9bergements\",\"item\":\"https:\/\/www.osezmauges.fr\/evenements-pro\/organiser-son-evenement-pro\/hebergement-evenement-entreprise\/\"},{\"@type\":\"ListItem\",\"position\":4,\"name\":\"Les Jardins de l&rsquo;Anjou &#8211; Votre h\u00e9bergement d&rsquo;entreprise\"}]},{\"@type\":\"WebSite\",\"@id\":\"https:\/\/www.osezmauges.fr\/evenements-pro\/#website\",\"url\":\"https:\/\/www.osezmauges.fr\/evenements-pro\/\",\"name\":\"Osez Mauges - Tourisme d&#039;affaire\",\"description\":\"\u00d4sez Mauges\",\"potentialAction\":[{\"@type\":\"SearchAction\",\"target\":{\"@type\":\"EntryPoint\",\"urlTemplate\":\"https:\/\/www.osezmauges.fr\/evenements-pro\/?s={search_term_string}\"},\"query-input\":{\"@type\":\"PropertyValueSpecification\",\"valueRequired\":true,\"valueName\":\"search_term_string\"}}],\"inLanguage\":\"fr-FR\"}]}<\/script>\n<!-- \/ Yoast SEO plugin. -->","yoast_head_json":{"title":"Les Jardins de l'Anjou | H\u00e9bergement d'entreprise dans les Mauges","description":"Pour votre s\u00e9minaire entre Angers, Nantes et Cholet, alliez la praticit\u00e9 des Jardins de l'Anjou avec leur magnifique parc de 8ha pour votre \u00e9v\u00e9nement.","robots":{"index":"index","follow":"follow","max-snippet":"max-snippet:-1","max-image-preview":"max-image-preview:large","max-video-preview":"max-video-preview:-1"},"canonical":"https:\/\/www.osezmauges.fr\/evenements-pro\/organiser-son-evenement-pro\/hebergement-evenement-entreprise\/jardin-anjou-hebergement-groupe\/","og_locale":"fr_FR","og_type":"article","og_title":"Les Jardins de l'Anjou | H\u00e9bergement d'entreprise dans les Mauges","og_description":"Pour votre s\u00e9minaire entre Angers, Nantes et Cholet, alliez la praticit\u00e9 des Jardins de l'Anjou avec leur magnifique parc de 8ha pour votre \u00e9v\u00e9nement.","og_url":"https:\/\/www.osezmauges.fr\/evenements-pro\/organiser-son-evenement-pro\/hebergement-evenement-entreprise\/jardin-anjou-hebergement-groupe\/","og_site_name":"Osez Mauges - Tourisme d&#039;affaire","article_modified_time":"2026-03-20T14:26:54+00:00","og_image":[{"width":1500,"height":1000,"url":"https:\/\/www.osezmauges.fr\/evenements-pro\/wp-content\/uploads\/sites\/2\/2023\/03\/Chambre-Privilege-jardins-anjou-msl-pommeraye-osezmauges-anjou-1-\u00a9JDA.jpg","type":"image\/jpeg"}],"twitter_card":"summary_large_image","twitter_misc":{"Dur\u00e9e de lecture estim\u00e9e":"1 minute"},"schema":{"@context":"https:\/\/schema.org","@graph":[{"@type":"WebPage","@id":"https:\/\/www.osezmauges.fr\/evenements-pro\/organiser-son-evenement-pro\/hebergement-evenement-entreprise\/jardin-anjou-hebergement-groupe\/","url":"https:\/\/www.osezmauges.fr\/evenements-pro\/organiser-son-evenement-pro\/hebergement-evenement-entreprise\/jardin-anjou-hebergement-groupe\/","name":"Les Jardins de l'Anjou | H\u00e9bergement d'entreprise dans les Mauges","isPartOf":{"@id":"https:\/\/www.osezmauges.fr\/evenements-pro\/#website"},"primaryImageOfPage":{"@id":"https:\/\/www.osezmauges.fr\/evenements-pro\/organiser-son-evenement-pro\/hebergement-evenement-entreprise\/jardin-anjou-hebergement-groupe\/#primaryimage"},"image":{"@id":"https:\/\/www.osezmauges.fr\/evenements-pro\/organiser-son-evenement-pro\/hebergement-evenement-entreprise\/jardin-anjou-hebergement-groupe\/#primaryimage"},"thumbnailUrl":"https:\/\/www.osezmauges.fr\/evenements-pro\/wp-content\/uploads\/sites\/2\/2023\/03\/Chambre-Privilege-jardins-anjou-msl-pommeraye-osezmauges-anjou-1-\u00a9JDA.jpg","datePublished":"2021-10-19T09:53:42+00:00","dateModified":"2026-03-20T14:26:54+00:00","description":"Pour votre s\u00e9minaire entre Angers, Nantes et Cholet, alliez la praticit\u00e9 des Jardins de l'Anjou avec leur magnifique parc de 8ha pour votre \u00e9v\u00e9nement.","breadcrumb":{"@id":"https:\/\/www.osezmauges.fr\/evenements-pro\/organiser-son-evenement-pro\/hebergement-evenement-entreprise\/jardin-anjou-hebergement-groupe\/#breadcrumb"},"inLanguage":"fr-FR","potentialAction":[{"@type":"ReadAction","target":["https:\/\/www.osezmauges.fr\/evenements-pro\/organiser-son-evenement-pro\/hebergement-evenement-entreprise\/jardin-anjou-hebergement-groupe\/"]}]},{"@type":"ImageObject","inLanguage":"fr-FR","@id":"https:\/\/www.osezmauges.fr\/evenements-pro\/organiser-son-evenement-pro\/hebergement-evenement-entreprise\/jardin-anjou-hebergement-groupe\/#primaryimage","url":"https:\/\/www.osezmauges.fr\/evenements-pro\/wp-content\/uploads\/sites\/2\/2023\/03\/Chambre-Privilege-jardins-anjou-msl-pommeraye-osezmauges-anjou-1-\u00a9JDA.jpg","contentUrl":"https:\/\/www.osezmauges.fr\/evenements-pro\/wp-content\/uploads\/sites\/2\/2023\/03\/Chambre-Privilege-jardins-anjou-msl-pommeraye-osezmauges-anjou-1-\u00a9JDA.jpg","width":1500,"height":1000},{"@type":"BreadcrumbList","@id":"https:\/\/www.osezmauges.fr\/evenements-pro\/organiser-son-evenement-pro\/hebergement-evenement-entreprise\/jardin-anjou-hebergement-groupe\/#breadcrumb","itemListElement":[{"@type":"ListItem","position":1,"name":"Accueil","item":"https:\/\/www.osezmauges.fr\/evenements-pro\/"},{"@type":"ListItem","position":2,"name":"Organiser son \u00e9v\u00e9nement d\u2019entreprise","item":"https:\/\/www.osezmauges.fr\/evenements-pro\/organiser-son-evenement-pro\/"},{"@type":"ListItem","position":3,"name":"H\u00e9bergements","item":"https:\/\/www.osezmauges.fr\/evenements-pro\/organiser-son-evenement-pro\/hebergement-evenement-entreprise\/"},{"@type":"ListItem","position":4,"name":"Les Jardins de l&rsquo;Anjou &#8211; Votre h\u00e9bergement d&rsquo;entreprise"}]},{"@type":"WebSite","@id":"https:\/\/www.osezmauges.fr\/evenements-pro\/#website","url":"https:\/\/www.osezmauges.fr\/evenements-pro\/","name":"Osez Mauges - Tourisme d&#039;affaire","description":"\u00d4sez Mauges","potentialAction":[{"@type":"SearchAction","target":{"@type":"EntryPoint","urlTemplate":"https:\/\/www.osezmauges.fr\/evenements-pro\/?s={search_term_string}"},"query-input":{"@type":"PropertyValueSpecification","valueRequired":true,"valueName":"search_term_string"}}],"inLanguage":"fr-FR"}]}},"_links":{"self":[{"href":"https:\/\/www.osezmauges.fr\/evenements-pro\/wp-json\/wp\/v2\/pages\/295","targetHints":{"allow":["GET"]}}],"collection":[{"href":"https:\/\/www.osezmauges.fr\/evenements-pro\/wp-json\/wp\/v2\/pages"}],"about":[{"href":"https:\/\/www.osezmauges.fr\/evenements-pro\/wp-json\/wp\/v2\/types\/page"}],"author":[{"embeddable":true,"href":"https:\/\/www.osezmauges.fr\/evenements-pro\/wp-json\/wp\/v2\/users\/1"}],"replies":[{"embeddable":true,"href":"https:\/\/www.osezmauges.fr\/evenements-pro\/wp-json\/wp\/v2\/comments?post=295"}],"version-history":[{"count":25,"href":"https:\/\/www.osezmauges.fr\/evenements-pro\/wp-json\/wp\/v2\/pages\/295\/revisions"}],"predecessor-version":[{"id":18713,"href":"https:\/\/www.osezmauges.fr\/evenements-pro\/wp-json\/wp\/v2\/pages\/295\/revisions\/18713"}],"up":[{"embeddable":true,"href":"https:\/\/www.osezmauges.fr\/evenements-pro\/wp-json\/wp\/v2\/pages\/44"}],"wp:featuredmedia":[{"embeddable":true,"href":"https:\/\/www.osezmauges.fr\/evenements-pro\/wp-json\/wp\/v2\/media\/10850"}],"wp:attachment":[{"href":"https:\/\/www.osezmauges.fr\/evenements-pro\/wp-json\/wp\/v2\/media?parent=295"}],"curies":[{"name":"wp","href":"https:\/\/api.w.org\/{rel}","templated":true}]}}