{"id":306,"date":"2021-10-19T12:21:43","date_gmt":"2021-10-19T10:21:43","guid":{"rendered":"https:\/\/www.osezmauges.fr\/evenements-pro\/?page_id=306"},"modified":"2025-06-03T11:07:47","modified_gmt":"2025-06-03T09:07:47","slug":"team-building-escape-game-nomade","status":"publish","type":"page","link":"https:\/\/www.osezmauges.fr\/evenements-pro\/organiser-son-evenement-pro\/team-building-angers-nantes-cholet\/activites-ludiques\/team-building-escape-game-nomade\/","title":{"rendered":"Escape games nomades en Maine-et-Loire avec Dyna\u2019Meet"},"content":{"rendered":"\n<div class=\"wp-block-columns is-layout-flex wp-container-core-columns-is-layout-9d6595d7 wp-block-columns-is-layout-flex\">\n<div class=\"wp-block-column is-layout-flow wp-block-column-is-layout-flow\">\n<p class=\"is-style-excerpt\">Testez la <strong>communication, l\u2019esprit d\u2019\u00e9quipe et les capacit\u00e9s de r\u00e9flexion<\/strong> de votre \u00e9quipe avec un escape-game nomade. <strong>Dans votre entreprise ou sur le lieu de votre choix<\/strong>, l\u2019\u00e9quipe de Dyna\u2019meet met tout en place pour vous faire vivre <strong>l\u2019exp\u00e9rience la plus immersive<\/strong> <strong>possible<\/strong>. Rentrez dans la peau de d\u00e9tectives et r\u00e9solvez les \u00e9nigmes ou participez \u00e0 des quiz, jeux de piste ou olympiades pour <strong>mettre en avant la force du collectif<\/strong> ! <\/p>\n<\/div>\n\n\n\n<div class=\"wp-block-column is-layout-flow wp-block-column-is-layout-flow\"><div class=\"wp-block wp-block-highlight\">\n                <p class=\"wp-block-highlight-item wp-block-highlight-excerpt\">5 rue du Moulin des Landes<br>44840 LES SORINIERES<br><br>Votre contact : Julie LEDRU<br>06 58 17 39 88<br>julie.ledru@dynameet.games<br><a href=\"http:\/\/www.dynameet.games\" target=\"_blank\" rel=\"noreferrer noopener\">Site web<\/a><\/p>\n    <\/div><\/div>\n<\/div>\n\n\n\n<figure class=\"wp-block-gallery alignwide columns-2 is-cropped wp-block-gallery-1 is-layout-flex wp-block-gallery-is-layout-flex\"><ul class=\"blocks-gallery-grid\"><li class=\"blocks-gallery-item\"><figure><img width=\"1090\" height=\"746\" data-src=\"https:\/\/www.osezmauges.fr\/evenements-pro\/wp-content\/uploads\/sites\/2\/2025\/06\/Capture-decran-2024-01-09-a-16.33.08-min.png\" alt=\"\" data-id=\"15775\" data-full-url=\"https:\/\/www.osezmauges.fr\/evenements-pro\/wp-content\/uploads\/sites\/2\/2025\/06\/Capture-decran-2024-01-09-a-16.33.08-min.png\" data-link=\"https:\/\/www.osezmauges.fr\/evenements-pro\/capture-decran-2024-01-09-a-16-33-08-min\/\" class=\"wp-image-15775\" srcset=\"https:\/\/www.osezmauges.fr\/evenements-pro\/wp-content\/uploads\/sites\/2\/2025\/06\/Capture-decran-2024-01-09-a-16.33.08-min.png 1090w, https:\/\/www.osezmauges.fr\/evenements-pro\/wp-content\/uploads\/sites\/2\/2025\/06\/Capture-decran-2024-01-09-a-16.33.08-min-600x411.png 600w, https:\/\/www.osezmauges.fr\/evenements-pro\/wp-content\/uploads\/sites\/2\/2025\/06\/Capture-decran-2024-01-09-a-16.33.08-min-300x205.png 300w, https:\/\/www.osezmauges.fr\/evenements-pro\/wp-content\/uploads\/sites\/2\/2025\/06\/Capture-decran-2024-01-09-a-16.33.08-min-900x616.png 900w, https:\/\/www.osezmauges.fr\/evenements-pro\/wp-content\/uploads\/sites\/2\/2025\/06\/Capture-decran-2024-01-09-a-16.33.08-min-650x445.png 650w\" sizes=\"(max-width: 1090px) 100vw, 1090px\" \/><\/figure><\/li><li class=\"blocks-gallery-item\"><figure><img width=\"1200\" height=\"900\" data-src=\"https:\/\/www.osezmauges.fr\/evenements-pro\/wp-content\/uploads\/sites\/2\/2025\/06\/Cavalcade-infernale.jpeg\" alt=\"\" data-id=\"15776\" data-full-url=\"https:\/\/www.osezmauges.fr\/evenements-pro\/wp-content\/uploads\/sites\/2\/2025\/06\/Cavalcade-infernale.jpeg\" data-link=\"https:\/\/www.osezmauges.fr\/evenements-pro\/cavalcade-infernale\/\" class=\"wp-image-15776\" srcset=\"https:\/\/www.osezmauges.fr\/evenements-pro\/wp-content\/uploads\/sites\/2\/2025\/06\/Cavalcade-infernale.jpeg 1200w, https:\/\/www.osezmauges.fr\/evenements-pro\/wp-content\/uploads\/sites\/2\/2025\/06\/Cavalcade-infernale-600x450.jpeg 600w, https:\/\/www.osezmauges.fr\/evenements-pro\/wp-content\/uploads\/sites\/2\/2025\/06\/Cavalcade-infernale-300x225.jpeg 300w, https:\/\/www.osezmauges.fr\/evenements-pro\/wp-content\/uploads\/sites\/2\/2025\/06\/Cavalcade-infernale-900x675.jpeg 900w, https:\/\/www.osezmauges.fr\/evenements-pro\/wp-content\/uploads\/sites\/2\/2025\/06\/Cavalcade-infernale-650x488.jpeg 650w\" sizes=\"(max-width: 1200px) 100vw, 1200px\" \/><\/figure><\/li><\/ul><figcaption class=\"blocks-gallery-caption\">\u00a9 Dyna&rsquo;Meet<\/figcaption><\/figure>\n\n\n\n<h2 class=\"wp-block-heading\">Pourquoi les choisir ?<\/h2>\n\n\n\n<ul class=\"wp-block-list\"><li>Un team-building exaltant o\u00f9 <strong>communication, coop\u00e9ration et r\u00e9flexion<\/strong> sont indispensables<\/li><li>Des <strong>sc\u00e9narios multiples<\/strong>, plus ou moins longs, r\u00e9alisables en <strong>pr\u00e9sentiel comme \u00e0 distance<\/strong><\/li><li>La possibilit\u00e9 de <strong>personnaliser le sc\u00e9nario<\/strong> de votre escape-game pour encore plus d\u2019effet\u00a0!<\/li><li>Une grande diversit\u00e9 d&rsquo;animations possibles pour votre \u00e9v\u00e9nement<\/li><\/ul>\n\n\n\n<figure class=\"wp-block-gallery alignwide columns-3 is-cropped wp-block-gallery-2 is-layout-flex wp-block-gallery-is-layout-flex\"><ul class=\"blocks-gallery-grid\"><li class=\"blocks-gallery-item\"><figure><a href=\"https:\/\/www.osezmauges.fr\/evenements-pro\/wp-content\/uploads\/sites\/2\/2021\/10\/2-escape-game-nomade-enigme-dyna-meet.jpg\"><img width=\"1200\" height=\"900\" data-src=\"https:\/\/www.osezmauges.fr\/evenements-pro\/wp-content\/uploads\/sites\/2\/2021\/10\/2-escape-game-nomade-enigme-dyna-meet.jpg\" alt=\"\" data-id=\"886\" data-full-url=\"https:\/\/www.osezmauges.fr\/evenements-pro\/wp-content\/uploads\/sites\/2\/2021\/10\/2-escape-game-nomade-enigme-dyna-meet.jpg\" data-link=\"https:\/\/www.osezmauges.fr\/evenements-pro\/?attachment_id=886\" class=\"wp-image-886\" srcset=\"https:\/\/www.osezmauges.fr\/evenements-pro\/wp-content\/uploads\/sites\/2\/2021\/10\/2-escape-game-nomade-enigme-dyna-meet.jpg 1200w, https:\/\/www.osezmauges.fr\/evenements-pro\/wp-content\/uploads\/sites\/2\/2021\/10\/2-escape-game-nomade-enigme-dyna-meet-600x450.jpg 600w, https:\/\/www.osezmauges.fr\/evenements-pro\/wp-content\/uploads\/sites\/2\/2021\/10\/2-escape-game-nomade-enigme-dyna-meet-300x225.jpg 300w, https:\/\/www.osezmauges.fr\/evenements-pro\/wp-content\/uploads\/sites\/2\/2021\/10\/2-escape-game-nomade-enigme-dyna-meet-900x675.jpg 900w, https:\/\/www.osezmauges.fr\/evenements-pro\/wp-content\/uploads\/sites\/2\/2021\/10\/2-escape-game-nomade-enigme-dyna-meet-650x488.jpg 650w\" sizes=\"(max-width: 1200px) 100vw, 1200px\" \/><\/a><\/figure><\/li><li class=\"blocks-gallery-item\"><figure><a href=\"https:\/\/www.osezmauges.fr\/evenements-pro\/wp-content\/uploads\/sites\/2\/2021\/10\/3-escape-game-nomade-dyna-meet-mystere-team-building.jpg\"><img width=\"1200\" height=\"900\" data-src=\"https:\/\/www.osezmauges.fr\/evenements-pro\/wp-content\/uploads\/sites\/2\/2021\/10\/3-escape-game-nomade-dyna-meet-mystere-team-building.jpg\" alt=\"\" data-id=\"887\" data-full-url=\"https:\/\/www.osezmauges.fr\/evenements-pro\/wp-content\/uploads\/sites\/2\/2021\/10\/3-escape-game-nomade-dyna-meet-mystere-team-building.jpg\" data-link=\"https:\/\/www.osezmauges.fr\/evenements-pro\/?attachment_id=887\" class=\"wp-image-887\" srcset=\"https:\/\/www.osezmauges.fr\/evenements-pro\/wp-content\/uploads\/sites\/2\/2021\/10\/3-escape-game-nomade-dyna-meet-mystere-team-building.jpg 1200w, https:\/\/www.osezmauges.fr\/evenements-pro\/wp-content\/uploads\/sites\/2\/2021\/10\/3-escape-game-nomade-dyna-meet-mystere-team-building-600x450.jpg 600w, https:\/\/www.osezmauges.fr\/evenements-pro\/wp-content\/uploads\/sites\/2\/2021\/10\/3-escape-game-nomade-dyna-meet-mystere-team-building-300x225.jpg 300w, https:\/\/www.osezmauges.fr\/evenements-pro\/wp-content\/uploads\/sites\/2\/2021\/10\/3-escape-game-nomade-dyna-meet-mystere-team-building-900x675.jpg 900w, https:\/\/www.osezmauges.fr\/evenements-pro\/wp-content\/uploads\/sites\/2\/2021\/10\/3-escape-game-nomade-dyna-meet-mystere-team-building-650x488.jpg 650w\" sizes=\"(max-width: 1200px) 100vw, 1200px\" \/><\/a><\/figure><\/li><li class=\"blocks-gallery-item\"><figure><a href=\"https:\/\/www.osezmauges.fr\/evenements-pro\/wp-content\/uploads\/sites\/2\/2021\/10\/4-escape-game-nomade-enigme-team-building-dyna-meet.jpg\"><img width=\"900\" height=\"1200\" data-src=\"https:\/\/www.osezmauges.fr\/evenements-pro\/wp-content\/uploads\/sites\/2\/2021\/10\/4-escape-game-nomade-enigme-team-building-dyna-meet.jpg\" alt=\"\" data-id=\"888\" data-full-url=\"https:\/\/www.osezmauges.fr\/evenements-pro\/wp-content\/uploads\/sites\/2\/2021\/10\/4-escape-game-nomade-enigme-team-building-dyna-meet.jpg\" data-link=\"https:\/\/www.osezmauges.fr\/evenements-pro\/?attachment_id=888\" class=\"wp-image-888\" srcset=\"https:\/\/www.osezmauges.fr\/evenements-pro\/wp-content\/uploads\/sites\/2\/2021\/10\/4-escape-game-nomade-enigme-team-building-dyna-meet.jpg 900w, https:\/\/www.osezmauges.fr\/evenements-pro\/wp-content\/uploads\/sites\/2\/2021\/10\/4-escape-game-nomade-enigme-team-building-dyna-meet-450x600.jpg 450w, https:\/\/www.osezmauges.fr\/evenements-pro\/wp-content\/uploads\/sites\/2\/2021\/10\/4-escape-game-nomade-enigme-team-building-dyna-meet-300x400.jpg 300w, https:\/\/www.osezmauges.fr\/evenements-pro\/wp-content\/uploads\/sites\/2\/2021\/10\/4-escape-game-nomade-enigme-team-building-dyna-meet-675x900.jpg 675w, https:\/\/www.osezmauges.fr\/evenements-pro\/wp-content\/uploads\/sites\/2\/2021\/10\/4-escape-game-nomade-enigme-team-building-dyna-meet-650x867.jpg 650w\" sizes=\"(max-width: 900px) 100vw, 900px\" \/><\/a><\/figure><\/li><\/ul><figcaption class=\"blocks-gallery-caption\">Escape game nomade avec Dyna&rsquo;Meet \u00a9Dyna&rsquo;Meet<\/figcaption><\/figure>\n\n\n\n<h2 class=\"wp-block-heading\">Prestations&nbsp;:<\/h2>\n\n\n\n<ul class=\"wp-block-list\"><li>Animations en int\u00e9rieur ou en ext\u00e9rieur<\/li><li>De 10 \u00e0 1000 participants en simultan\u00e9<\/li><li>De 20 minutes \u00e0 3h d&rsquo;activit\u00e9<\/li><li>Encadrement par des animateurs professionnels<\/li><li>Langues de jeu : fran\u00e7ais, anglais<\/li><li>8 ans d&rsquo;exp\u00e9rience<\/li><\/ul>\n\n\n\n<div class=\"wp-block wp-block-related-post clear alignfull\">\n    <div class=\"container\">\n\n        <div class=\"article\">\n\t\t                    <h2 class=\"wp-block-related-post-title\">Dyna\u2019Meet vous suit sur le lieu de votre choix\u00a0!\u00a0?<\/h2>\n\t\t    \n\t\t            <\/div>\n\n\t                <div class=\"article\">\n        \n            <div class=\"wp-block-related-post-inner\">\n                <div   data-slides-per-view=\"4\">\n                    <div class=\"wp-block-related-post-list wp-block-related-post-list-2\">\n\t\t\t\t\t    \n<div class=\"entityItem\"      data-trigger=\"wpiris-click\">\n    <p class=\"entityItemThumbnail\">\n        <a href=\"https:\/\/www.osezmauges.fr\/evenements-pro\/organiser-son-evenement-pro\/hebergement-evenement-entreprise\/\" nofancybox>\n            <img src=\n            \"https:\/\/www.osezmauges.fr\/evenements-pro\/wp-content\/uploads\/sites\/2\/2023\/07\/hebergement-jardins-anjou-mauges-seminaire-hotel-anjou-1-\u00a9JDA-380x430.jpg\" alt=\"H\u00e9bergements\">\n        <\/a>\n    <\/p>\n        <div class=\"entityItemContent\">\n        \n        \n        <h3 class=\"entityItemContentTitle\">        <a href=\"https:\/\/www.osezmauges.fr\/evenements-pro\/organiser-son-evenement-pro\/hebergement-evenement-entreprise\/\">H\u00e9bergements<\/a>\n        <\/h3>\n            <\/div>\n\n    \n    <\/div>\n\n<div class=\"entityItem\"      data-trigger=\"wpiris-click\">\n    <p class=\"entityItemThumbnail\">\n        <a href=\"https:\/\/www.osezmauges.fr\/evenements-pro\/organiser-son-evenement-pro\/salle-seminaire\/\" nofancybox>\n            <img src=\n            \"https:\/\/www.osezmauges.fr\/evenements-pro\/wp-content\/uploads\/sites\/2\/2021\/10\/chateau-tourlandry-seminaire-salle-anjou-\u00a9D.Drouet-380x430.jpg\" alt=\"Salles de s\u00e9minaire\">\n        <\/a>\n    <\/p>\n        <div class=\"entityItemContent\">\n        \n        \n        <h3 class=\"entityItemContentTitle\">        <a href=\"https:\/\/www.osezmauges.fr\/evenements-pro\/organiser-son-evenement-pro\/salle-seminaire\/\">Salles de s\u00e9minaire<\/a>\n        <\/h3>\n            <\/div>\n\n    \n    <\/div>\n                    <\/div>\n                <\/div>\n            <\/div>\n\n                    <\/div>\n        \n    <\/div>\n<\/div>","protected":false},"excerpt":{"rendered":"<p>Testez la communication, l\u2019esprit d\u2019\u00e9quipe et les capacit\u00e9s de r\u00e9flexion de votre \u00e9quipe avec un escape-game nomade. Dans votre entreprise ou sur le lieu de votre choix, l\u2019\u00e9quipe de Dyna\u2019meet met tout en place pour vous faire vivre l\u2019exp\u00e9rience la plus immersive possible. Rentrez dans la peau de d\u00e9tectives et r\u00e9solvez les \u00e9nigmes ou participez [&hellip;]<\/p>\n","protected":false},"author":1,"featured_media":885,"parent":12144,"menu_order":0,"comment_status":"closed","ping_status":"closed","template":"","meta":{"_relevanssi_hide_post":"","_relevanssi_hide_content":"","_relevanssi_pin_for_all":"","_relevanssi_pin_keywords":"","_relevanssi_unpin_keywords":"","_relevanssi_related_keywords":"","_relevanssi_related_include_ids":"","_relevanssi_related_exclude_ids":"","_relevanssi_related_no_append":"","_relevanssi_related_not_related":"","_relevanssi_related_posts":"1","_relevanssi_noindex_reason":"","footnotes":""},"class_list":["post-306","page","type-page","status-publish","has-post-thumbnail","hentry"],"acf":[],"yoast_head":"<!-- This site is optimized with the Yoast SEO plugin v26.9 - https:\/\/yoast.com\/product\/yoast-seo-wordpress\/ -->\n<title>Team-building en Maine-et-Loire | Escape games nomades<\/title>\n<meta name=\"description\" content=\"Sur le lieu de votre choix, Dyna\u2019Meet embarque votre \u00e9quipe dans un escape game nomade, un jeu de piste ou m\u00eame pour des olympiades rythm\u00e9es !\" \/>\n<meta name=\"robots\" content=\"index, follow, max-snippet:-1, max-image-preview:large, max-video-preview:-1\" \/>\n<link rel=\"canonical\" href=\"https:\/\/www.osezmauges.fr\/evenements-pro\/organiser-son-evenement-pro\/team-building-angers-nantes-cholet\/activites-ludiques\/team-building-escape-game-nomade\/\" \/>\n<meta property=\"og:locale\" content=\"fr_FR\" \/>\n<meta property=\"og:type\" content=\"article\" \/>\n<meta property=\"og:title\" content=\"Team-building en Maine-et-Loire | Escape games nomades\" \/>\n<meta property=\"og:description\" content=\"Sur le lieu de votre choix, Dyna\u2019Meet embarque votre \u00e9quipe dans un escape game nomade, un jeu de piste ou m\u00eame pour des olympiades rythm\u00e9es !\" \/>\n<meta property=\"og:url\" content=\"https:\/\/www.osezmauges.fr\/evenements-pro\/organiser-son-evenement-pro\/team-building-angers-nantes-cholet\/activites-ludiques\/team-building-escape-game-nomade\/\" \/>\n<meta property=\"og:site_name\" content=\"Osez Mauges - Tourisme d&#039;affaire\" \/>\n<meta property=\"article:modified_time\" content=\"2025-06-03T09:07:47+00:00\" \/>\n<meta property=\"og:image\" content=\"https:\/\/www.osezmauges.fr\/evenements-pro\/wp-content\/uploads\/sites\/2\/2021\/10\/1-dyna-meet-team-building-escape-game-nomade.jpg\" \/>\n\t<meta property=\"og:image:width\" content=\"1200\" \/>\n\t<meta property=\"og:image:height\" content=\"675\" \/>\n\t<meta property=\"og:image:type\" content=\"image\/jpeg\" \/>\n<meta name=\"twitter:card\" content=\"summary_large_image\" \/>\n<meta name=\"twitter:label1\" content=\"Dur\u00e9e de lecture estim\u00e9e\" \/>\n\t<meta name=\"twitter:data1\" content=\"2 minutes\" \/>\n<script type=\"application\/ld+json\" class=\"yoast-schema-graph\">{\"@context\":\"https:\/\/schema.org\",\"@graph\":[{\"@type\":\"WebPage\",\"@id\":\"https:\/\/www.osezmauges.fr\/evenements-pro\/organiser-son-evenement-pro\/team-building-angers-nantes-cholet\/activites-ludiques\/team-building-escape-game-nomade\/\",\"url\":\"https:\/\/www.osezmauges.fr\/evenements-pro\/organiser-son-evenement-pro\/team-building-angers-nantes-cholet\/activites-ludiques\/team-building-escape-game-nomade\/\",\"name\":\"Team-building en Maine-et-Loire | Escape games nomades\",\"isPartOf\":{\"@id\":\"https:\/\/www.osezmauges.fr\/evenements-pro\/#website\"},\"primaryImageOfPage\":{\"@id\":\"https:\/\/www.osezmauges.fr\/evenements-pro\/organiser-son-evenement-pro\/team-building-angers-nantes-cholet\/activites-ludiques\/team-building-escape-game-nomade\/#primaryimage\"},\"image\":{\"@id\":\"https:\/\/www.osezmauges.fr\/evenements-pro\/organiser-son-evenement-pro\/team-building-angers-nantes-cholet\/activites-ludiques\/team-building-escape-game-nomade\/#primaryimage\"},\"thumbnailUrl\":\"https:\/\/www.osezmauges.fr\/evenements-pro\/wp-content\/uploads\/sites\/2\/2021\/10\/1-dyna-meet-team-building-escape-game-nomade.jpg\",\"datePublished\":\"2021-10-19T10:21:43+00:00\",\"dateModified\":\"2025-06-03T09:07:47+00:00\",\"description\":\"Sur le lieu de votre choix, Dyna\u2019Meet embarque votre \u00e9quipe dans un escape game nomade, un jeu de piste ou m\u00eame pour des olympiades rythm\u00e9es !\",\"breadcrumb\":{\"@id\":\"https:\/\/www.osezmauges.fr\/evenements-pro\/organiser-son-evenement-pro\/team-building-angers-nantes-cholet\/activites-ludiques\/team-building-escape-game-nomade\/#breadcrumb\"},\"inLanguage\":\"fr-FR\",\"potentialAction\":[{\"@type\":\"ReadAction\",\"target\":[\"https:\/\/www.osezmauges.fr\/evenements-pro\/organiser-son-evenement-pro\/team-building-angers-nantes-cholet\/activites-ludiques\/team-building-escape-game-nomade\/\"]}]},{\"@type\":\"ImageObject\",\"inLanguage\":\"fr-FR\",\"@id\":\"https:\/\/www.osezmauges.fr\/evenements-pro\/organiser-son-evenement-pro\/team-building-angers-nantes-cholet\/activites-ludiques\/team-building-escape-game-nomade\/#primaryimage\",\"url\":\"https:\/\/www.osezmauges.fr\/evenements-pro\/wp-content\/uploads\/sites\/2\/2021\/10\/1-dyna-meet-team-building-escape-game-nomade.jpg\",\"contentUrl\":\"https:\/\/www.osezmauges.fr\/evenements-pro\/wp-content\/uploads\/sites\/2\/2021\/10\/1-dyna-meet-team-building-escape-game-nomade.jpg\",\"width\":1200,\"height\":675},{\"@type\":\"BreadcrumbList\",\"@id\":\"https:\/\/www.osezmauges.fr\/evenements-pro\/organiser-son-evenement-pro\/team-building-angers-nantes-cholet\/activites-ludiques\/team-building-escape-game-nomade\/#breadcrumb\",\"itemListElement\":[{\"@type\":\"ListItem\",\"position\":1,\"name\":\"Accueil\",\"item\":\"https:\/\/www.osezmauges.fr\/evenements-pro\/\"},{\"@type\":\"ListItem\",\"position\":2,\"name\":\"Organiser son \u00e9v\u00e9nement d\u2019entreprise\",\"item\":\"https:\/\/www.osezmauges.fr\/evenements-pro\/organiser-son-evenement-pro\/\"},{\"@type\":\"ListItem\",\"position\":3,\"name\":\"Team-building et afterwork\",\"item\":\"https:\/\/www.osezmauges.fr\/evenements-pro\/organiser-son-evenement-pro\/team-building-angers-nantes-cholet\/\"},{\"@type\":\"ListItem\",\"position\":4,\"name\":\"Des activit\u00e9s ludiques\",\"item\":\"https:\/\/www.osezmauges.fr\/evenements-pro\/organiser-son-evenement-pro\/team-building-angers-nantes-cholet\/activites-ludiques\/\"},{\"@type\":\"ListItem\",\"position\":5,\"name\":\"Escape games nomades en Maine-et-Loire avec Dyna\u2019Meet\"}]},{\"@type\":\"WebSite\",\"@id\":\"https:\/\/www.osezmauges.fr\/evenements-pro\/#website\",\"url\":\"https:\/\/www.osezmauges.fr\/evenements-pro\/\",\"name\":\"Osez Mauges - Tourisme d&#039;affaire\",\"description\":\"\u00d4sez Mauges\",\"potentialAction\":[{\"@type\":\"SearchAction\",\"target\":{\"@type\":\"EntryPoint\",\"urlTemplate\":\"https:\/\/www.osezmauges.fr\/evenements-pro\/?s={search_term_string}\"},\"query-input\":{\"@type\":\"PropertyValueSpecification\",\"valueRequired\":true,\"valueName\":\"search_term_string\"}}],\"inLanguage\":\"fr-FR\"}]}<\/script>\n<!-- \/ Yoast SEO plugin. -->","yoast_head_json":{"title":"Team-building en Maine-et-Loire | Escape games nomades","description":"Sur le lieu de votre choix, Dyna\u2019Meet embarque votre \u00e9quipe dans un escape game nomade, un jeu de piste ou m\u00eame pour des olympiades rythm\u00e9es !","robots":{"index":"index","follow":"follow","max-snippet":"max-snippet:-1","max-image-preview":"max-image-preview:large","max-video-preview":"max-video-preview:-1"},"canonical":"https:\/\/www.osezmauges.fr\/evenements-pro\/organiser-son-evenement-pro\/team-building-angers-nantes-cholet\/activites-ludiques\/team-building-escape-game-nomade\/","og_locale":"fr_FR","og_type":"article","og_title":"Team-building en Maine-et-Loire | Escape games nomades","og_description":"Sur le lieu de votre choix, Dyna\u2019Meet embarque votre \u00e9quipe dans un escape game nomade, un jeu de piste ou m\u00eame pour des olympiades rythm\u00e9es !","og_url":"https:\/\/www.osezmauges.fr\/evenements-pro\/organiser-son-evenement-pro\/team-building-angers-nantes-cholet\/activites-ludiques\/team-building-escape-game-nomade\/","og_site_name":"Osez Mauges - Tourisme d&#039;affaire","article_modified_time":"2025-06-03T09:07:47+00:00","og_image":[{"width":1200,"height":675,"url":"https:\/\/www.osezmauges.fr\/evenements-pro\/wp-content\/uploads\/sites\/2\/2021\/10\/1-dyna-meet-team-building-escape-game-nomade.jpg","type":"image\/jpeg"}],"twitter_card":"summary_large_image","twitter_misc":{"Dur\u00e9e de lecture estim\u00e9e":"2 minutes"},"schema":{"@context":"https:\/\/schema.org","@graph":[{"@type":"WebPage","@id":"https:\/\/www.osezmauges.fr\/evenements-pro\/organiser-son-evenement-pro\/team-building-angers-nantes-cholet\/activites-ludiques\/team-building-escape-game-nomade\/","url":"https:\/\/www.osezmauges.fr\/evenements-pro\/organiser-son-evenement-pro\/team-building-angers-nantes-cholet\/activites-ludiques\/team-building-escape-game-nomade\/","name":"Team-building en Maine-et-Loire | Escape games nomades","isPartOf":{"@id":"https:\/\/www.osezmauges.fr\/evenements-pro\/#website"},"primaryImageOfPage":{"@id":"https:\/\/www.osezmauges.fr\/evenements-pro\/organiser-son-evenement-pro\/team-building-angers-nantes-cholet\/activites-ludiques\/team-building-escape-game-nomade\/#primaryimage"},"image":{"@id":"https:\/\/www.osezmauges.fr\/evenements-pro\/organiser-son-evenement-pro\/team-building-angers-nantes-cholet\/activites-ludiques\/team-building-escape-game-nomade\/#primaryimage"},"thumbnailUrl":"https:\/\/www.osezmauges.fr\/evenements-pro\/wp-content\/uploads\/sites\/2\/2021\/10\/1-dyna-meet-team-building-escape-game-nomade.jpg","datePublished":"2021-10-19T10:21:43+00:00","dateModified":"2025-06-03T09:07:47+00:00","description":"Sur le lieu de votre choix, Dyna\u2019Meet embarque votre \u00e9quipe dans un escape game nomade, un jeu de piste ou m\u00eame pour des olympiades rythm\u00e9es !","breadcrumb":{"@id":"https:\/\/www.osezmauges.fr\/evenements-pro\/organiser-son-evenement-pro\/team-building-angers-nantes-cholet\/activites-ludiques\/team-building-escape-game-nomade\/#breadcrumb"},"inLanguage":"fr-FR","potentialAction":[{"@type":"ReadAction","target":["https:\/\/www.osezmauges.fr\/evenements-pro\/organiser-son-evenement-pro\/team-building-angers-nantes-cholet\/activites-ludiques\/team-building-escape-game-nomade\/"]}]},{"@type":"ImageObject","inLanguage":"fr-FR","@id":"https:\/\/www.osezmauges.fr\/evenements-pro\/organiser-son-evenement-pro\/team-building-angers-nantes-cholet\/activites-ludiques\/team-building-escape-game-nomade\/#primaryimage","url":"https:\/\/www.osezmauges.fr\/evenements-pro\/wp-content\/uploads\/sites\/2\/2021\/10\/1-dyna-meet-team-building-escape-game-nomade.jpg","contentUrl":"https:\/\/www.osezmauges.fr\/evenements-pro\/wp-content\/uploads\/sites\/2\/2021\/10\/1-dyna-meet-team-building-escape-game-nomade.jpg","width":1200,"height":675},{"@type":"BreadcrumbList","@id":"https:\/\/www.osezmauges.fr\/evenements-pro\/organiser-son-evenement-pro\/team-building-angers-nantes-cholet\/activites-ludiques\/team-building-escape-game-nomade\/#breadcrumb","itemListElement":[{"@type":"ListItem","position":1,"name":"Accueil","item":"https:\/\/www.osezmauges.fr\/evenements-pro\/"},{"@type":"ListItem","position":2,"name":"Organiser son \u00e9v\u00e9nement d\u2019entreprise","item":"https:\/\/www.osezmauges.fr\/evenements-pro\/organiser-son-evenement-pro\/"},{"@type":"ListItem","position":3,"name":"Team-building et afterwork","item":"https:\/\/www.osezmauges.fr\/evenements-pro\/organiser-son-evenement-pro\/team-building-angers-nantes-cholet\/"},{"@type":"ListItem","position":4,"name":"Des activit\u00e9s ludiques","item":"https:\/\/www.osezmauges.fr\/evenements-pro\/organiser-son-evenement-pro\/team-building-angers-nantes-cholet\/activites-ludiques\/"},{"@type":"ListItem","position":5,"name":"Escape games nomades en Maine-et-Loire avec Dyna\u2019Meet"}]},{"@type":"WebSite","@id":"https:\/\/www.osezmauges.fr\/evenements-pro\/#website","url":"https:\/\/www.osezmauges.fr\/evenements-pro\/","name":"Osez Mauges - Tourisme d&#039;affaire","description":"\u00d4sez Mauges","potentialAction":[{"@type":"SearchAction","target":{"@type":"EntryPoint","urlTemplate":"https:\/\/www.osezmauges.fr\/evenements-pro\/?s={search_term_string}"},"query-input":{"@type":"PropertyValueSpecification","valueRequired":true,"valueName":"search_term_string"}}],"inLanguage":"fr-FR"}]}},"_links":{"self":[{"href":"https:\/\/www.osezmauges.fr\/evenements-pro\/wp-json\/wp\/v2\/pages\/306","targetHints":{"allow":["GET"]}}],"collection":[{"href":"https:\/\/www.osezmauges.fr\/evenements-pro\/wp-json\/wp\/v2\/pages"}],"about":[{"href":"https:\/\/www.osezmauges.fr\/evenements-pro\/wp-json\/wp\/v2\/types\/page"}],"author":[{"embeddable":true,"href":"https:\/\/www.osezmauges.fr\/evenements-pro\/wp-json\/wp\/v2\/users\/1"}],"replies":[{"embeddable":true,"href":"https:\/\/www.osezmauges.fr\/evenements-pro\/wp-json\/wp\/v2\/comments?post=306"}],"version-history":[{"count":12,"href":"https:\/\/www.osezmauges.fr\/evenements-pro\/wp-json\/wp\/v2\/pages\/306\/revisions"}],"predecessor-version":[{"id":15777,"href":"https:\/\/www.osezmauges.fr\/evenements-pro\/wp-json\/wp\/v2\/pages\/306\/revisions\/15777"}],"up":[{"embeddable":true,"href":"https:\/\/www.osezmauges.fr\/evenements-pro\/wp-json\/wp\/v2\/pages\/12144"}],"wp:featuredmedia":[{"embeddable":true,"href":"https:\/\/www.osezmauges.fr\/evenements-pro\/wp-json\/wp\/v2\/media\/885"}],"wp:attachment":[{"href":"https:\/\/www.osezmauges.fr\/evenements-pro\/wp-json\/wp\/v2\/media?parent=306"}],"curies":[{"name":"wp","href":"https:\/\/api.w.org\/{rel}","templated":true}]}}