{"id":335,"date":"2021-10-19T14:37:21","date_gmt":"2021-10-19T12:37:21","guid":{"rendered":"https:\/\/www.osezmauges.fr\/evenements-pro\/?page_id=335"},"modified":"2025-05-10T17:44:53","modified_gmt":"2025-05-10T15:44:53","slug":"team-building-atelier-chocolat","status":"publish","type":"page","link":"https:\/\/www.osezmauges.fr\/evenements-pro\/organiser-son-evenement-pro\/team-building-angers-nantes-cholet\/activites-gourmandes\/team-building-atelier-chocolat\/","title":{"rendered":"Fabrication de chocolat entre Angers et Nantes"},"content":{"rendered":"\n<div class=\"wp-block-columns is-layout-flex wp-container-core-columns-is-layout-9d6595d7 wp-block-columns-is-layout-flex\">\n<div class=\"wp-block-column is-layout-flow wp-block-column-is-layout-flow\">\n<p class=\"is-style-excerpt\">Qui ne s\u2019est jamais \u00e9merveill\u00e9 face au <strong>travail d\u2019orf\u00e8vre des artisans chocolatiers<\/strong>&nbsp;? \u00c0 l\u2019occasion d\u2019une journ\u00e9e d\u2019\u00e9quipe, d\u2019un s\u00e9minaire ou pour donner un peu d\u2019originalit\u00e9 \u00e0 vos prochains rendez-vous avec un client fid\u00e8le, enfilez un tablier et passez derri\u00e8re la vitrine de cette chocolaterie florentaise. Avec l\u2019aide d\u2019artisans chocolatiers passionn\u00e9s, apprenez \u00e0 <strong>confectionner de d\u00e9licieux bonbons chocolat\u00e9s<\/strong>. Un team-building plein de gourmandises !<\/p>\n<\/div>\n\n\n\n<div class=\"wp-block-column is-layout-flow wp-block-column-is-layout-flow\"><div class=\"wp-block wp-block-highlight\">\n                <p class=\"wp-block-highlight-item wp-block-highlight-excerpt\">5 Rue de l\u2019Artisanat<br>ZA de Ribotte<br>Saint-Florent-le-Viel<br>49410 MAUGES-SUR-LOIRE<br><br>Votre contact : Lorenne COSME<br>02 72 47 09 95 \/ 06 61 75 46 36<br>saint-florent@chocolaterie-cosme.fr<\/p>\n    <\/div><\/div>\n<\/div>\n\n\n\n<figure class=\"wp-block-gallery aligncenter columns-1 is-cropped wp-block-gallery-1 is-layout-flex wp-block-gallery-is-layout-flex\"><ul class=\"blocks-gallery-grid\"><li class=\"blocks-gallery-item\"><figure><a href=\"https:\/\/www.osezmauges.fr\/evenements-pro\/wp-content\/uploads\/sites\/2\/2021\/10\/2-atelier-chocolaterie-cosme-team-building-saint-florent-le-vieil-1.jpeg\"><img width=\"1200\" height=\"785\" data-src=\"https:\/\/www.osezmauges.fr\/evenements-pro\/wp-content\/uploads\/sites\/2\/2021\/10\/2-atelier-chocolaterie-cosme-team-building-saint-florent-le-vieil-1.jpeg\" alt=\"\" data-id=\"3277\" data-full-url=\"https:\/\/www.osezmauges.fr\/evenements-pro\/wp-content\/uploads\/sites\/2\/2021\/10\/2-atelier-chocolaterie-cosme-team-building-saint-florent-le-vieil-1.jpeg\" data-link=\"https:\/\/www.osezmauges.fr\/evenements-pro\/?attachment_id=3277\" class=\"wp-image-3277\" srcset=\"https:\/\/www.osezmauges.fr\/evenements-pro\/wp-content\/uploads\/sites\/2\/2021\/10\/2-atelier-chocolaterie-cosme-team-building-saint-florent-le-vieil-1.jpeg 1200w, https:\/\/www.osezmauges.fr\/evenements-pro\/wp-content\/uploads\/sites\/2\/2021\/10\/2-atelier-chocolaterie-cosme-team-building-saint-florent-le-vieil-1-600x393.jpeg 600w, https:\/\/www.osezmauges.fr\/evenements-pro\/wp-content\/uploads\/sites\/2\/2021\/10\/2-atelier-chocolaterie-cosme-team-building-saint-florent-le-vieil-1-300x196.jpeg 300w, https:\/\/www.osezmauges.fr\/evenements-pro\/wp-content\/uploads\/sites\/2\/2021\/10\/2-atelier-chocolaterie-cosme-team-building-saint-florent-le-vieil-1-900x589.jpeg 900w, https:\/\/www.osezmauges.fr\/evenements-pro\/wp-content\/uploads\/sites\/2\/2021\/10\/2-atelier-chocolaterie-cosme-team-building-saint-florent-le-vieil-1-650x425.jpeg 650w\" sizes=\"(max-width: 1200px) 100vw, 1200px\" \/><\/a><\/figure><\/li><\/ul><\/figure>\n\n\n\n<h2 class=\"wp-block-heading\">Pourquoi les choisir ?<\/h2>\n\n\n\n<ul class=\"wp-block-list\"><li>D\u00e9couvrez les <strong>secrets du m\u00e9tier d\u2019artisan chocolatier<\/strong><\/li><li>Partagez un <strong>instant gourmand et convivial<\/strong> avec vos collaborateurs et repartez avec des gourmandises \u00e0 d\u00e9guster ensemble<\/li><li>Une <strong>salle de r\u00e9union de 25m\u00b2<\/strong> est \u00e9galement \u00e0 louer <strong>sur place<\/strong><\/li><\/ul>\n\n\n\n<h2 class=\"wp-block-heading\">Sur place\u00a0:<\/h2>\n\n\n\n<ul class=\"wp-block-list\"><li>Ateliers : d\u00e9gustation grands crus, fabrication de chocolat aupr\u00e8s des artisans chocolatiers ou visite simple<\/li><li>25 participants maximum par atelier<\/li><li>Tabliers et mat\u00e9riels culinaires fournis<\/li><li>Offres de coffrets cadeaux<\/li><li>Une salle de r\u00e9union de 25 m\u00b2<\/li><\/ul>\n\n\n\n<div class=\"wp-block wp-block-related-post clear alignfull\">\n    <div class=\"container\">\n\n        <div class=\"article\">\n\t\t                    <h2 class=\"wp-block-related-post-title\">Salles de s\u00e9minaire \u00e0 proximit\u00e9<\/h2>\n\t\t    \n\t\t            <\/div>\n\n\t    \n            <div class=\"wp-block-related-post-inner\">\n                <div   data-slides-per-view=\"4\">\n                    <div class=\"wp-block-related-post-list wp-block-related-post-list-3\">\n\t\t\t\t\t    \n<div class=\"entityItem\"      data-trigger=\"wpiris-click\">\n    <p class=\"entityItemThumbnail\">\n        <a href=\"https:\/\/www.osezmauges.fr\/evenements-pro\/organiser-son-evenement-pro\/salle-seminaire\/salle-seminaire-safranerie\/\" nofancybox>\n            <img src=\n            \"https:\/\/www.osezmauges.fr\/evenements-pro\/wp-content\/uploads\/sites\/2\/2021\/10\/1-salle-seminaire-cynfael-st-sauveur-380x430.jpg\" alt=\"Salle de s\u00e9minaire La Safranerie\">\n        <\/a>\n    <\/p>\n        <div class=\"entityItemContent\">\n        \n        \n        <h3 class=\"entityItemContentTitle\">        <a href=\"https:\/\/www.osezmauges.fr\/evenements-pro\/organiser-son-evenement-pro\/salle-seminaire\/salle-seminaire-safranerie\/\">Salle de s\u00e9minaire La Safranerie<\/a>\n        <\/h3>\n            <\/div>\n\n    \n    <\/div>\n\n<div class=\"entityItem\"      data-trigger=\"wpiris-click\">\n    <p class=\"entityItemThumbnail\">\n        <a href=\"https:\/\/www.osezmauges.fr\/evenements-pro\/organiser-son-evenement-pro\/salle-seminaire\/salle-seminaire-fief-cordeliers\/\" nofancybox>\n            <img src=\n            \"https:\/\/www.osezmauges.fr\/evenements-pro\/wp-content\/uploads\/sites\/2\/2021\/10\/1-salle-seminaire-fief-cordeliers-montjean-loire-anjou-\u00a9Stephane-Portier-380x430.jpg\" alt=\"Salle de s\u00e9minaire au Fief des Cordeliers\">\n        <\/a>\n    <\/p>\n        <div class=\"entityItemContent\">\n        \n        \n        <h3 class=\"entityItemContentTitle\">        <a href=\"https:\/\/www.osezmauges.fr\/evenements-pro\/organiser-son-evenement-pro\/salle-seminaire\/salle-seminaire-fief-cordeliers\/\">Salle de s\u00e9minaire au Fief des Cordeliers<\/a>\n        <\/h3>\n            <\/div>\n\n    \n    <\/div>\n\n<div class=\"entityItem\"      data-trigger=\"wpiris-click\">\n    <p class=\"entityItemThumbnail\">\n        <a href=\"https:\/\/www.osezmauges.fr\/evenements-pro\/organiser-son-evenement-pro\/salle-seminaire\/seminaire-congres-jardins-anjou\/\" nofancybox>\n            <img src=\n            \"https:\/\/www.osezmauges.fr\/evenements-pro\/wp-content\/uploads\/sites\/2\/2022\/02\/complexe-hotelier-jardins-anjou-la-pommeraye-\u00a9JDA-380x430.jpg\" alt=\"S\u00e9minaires, incentives et congr\u00e8s aux Jardins de l\u2019Anjou\">\n        <\/a>\n    <\/p>\n        <div class=\"entityItemContent\">\n        \n        \n        <h3 class=\"entityItemContentTitle\">        <a href=\"https:\/\/www.osezmauges.fr\/evenements-pro\/organiser-son-evenement-pro\/salle-seminaire\/seminaire-congres-jardins-anjou\/\">S\u00e9minaires, incentives et congr\u00e8s aux Jardins de l\u2019Anjou<\/a>\n        <\/h3>\n            <\/div>\n\n    \n    <\/div>\n                    <\/div>\n                <\/div>\n            <\/div>\n\n        \n    <\/div>\n<\/div>","protected":false},"excerpt":{"rendered":"<p>Qui ne s\u2019est jamais \u00e9merveill\u00e9 face au travail d\u2019orf\u00e8vre des artisans chocolatiers&nbsp;? \u00c0 l\u2019occasion d\u2019une journ\u00e9e d\u2019\u00e9quipe, d\u2019un s\u00e9minaire ou pour donner un peu d\u2019originalit\u00e9 \u00e0 vos prochains rendez-vous avec un client fid\u00e8le, enfilez un tablier et passez derri\u00e8re la vitrine de cette chocolaterie florentaise. Avec l\u2019aide d\u2019artisans chocolatiers passionn\u00e9s, apprenez \u00e0 confectionner de d\u00e9licieux [&hellip;]<\/p>\n","protected":false},"author":1,"featured_media":15583,"parent":12139,"menu_order":1,"comment_status":"closed","ping_status":"closed","template":"","meta":{"_relevanssi_hide_post":"","_relevanssi_hide_content":"","_relevanssi_pin_for_all":"","_relevanssi_pin_keywords":"","_relevanssi_unpin_keywords":"","_relevanssi_related_keywords":"","_relevanssi_related_include_ids":"","_relevanssi_related_exclude_ids":"","_relevanssi_related_no_append":"","_relevanssi_related_not_related":"","_relevanssi_related_posts":"1","_relevanssi_noindex_reason":"","footnotes":""},"class_list":["post-335","page","type-page","status-publish","has-post-thumbnail","hentry"],"acf":[],"yoast_head":"<!-- This site is optimized with the Yoast SEO plugin v26.9 - https:\/\/yoast.com\/product\/yoast-seo-wordpress\/ -->\n<title>Team-building en Maine-et-Loire | Atelier chocologie<\/title>\n<meta name=\"description\" content=\"Donnez de la gourmandise \u00e0 vos s\u00e9minaires et team-building en participant \u00e0 un atelier de confection de chocolats artisanaux, entre Angers et Nantes.\" \/>\n<meta name=\"robots\" content=\"index, follow, max-snippet:-1, max-image-preview:large, max-video-preview:-1\" \/>\n<link rel=\"canonical\" href=\"https:\/\/www.osezmauges.fr\/evenements-pro\/organiser-son-evenement-pro\/team-building-angers-nantes-cholet\/activites-gourmandes\/team-building-atelier-chocolat\/\" \/>\n<meta property=\"og:locale\" content=\"fr_FR\" \/>\n<meta property=\"og:type\" content=\"article\" \/>\n<meta property=\"og:title\" content=\"Team-building en Maine-et-Loire | Atelier chocologie\" \/>\n<meta property=\"og:description\" content=\"Donnez de la gourmandise \u00e0 vos s\u00e9minaires et team-building en participant \u00e0 un atelier de confection de chocolats artisanaux, entre Angers et Nantes.\" \/>\n<meta property=\"og:url\" content=\"https:\/\/www.osezmauges.fr\/evenements-pro\/organiser-son-evenement-pro\/team-building-angers-nantes-cholet\/activites-gourmandes\/team-building-atelier-chocolat\/\" \/>\n<meta property=\"og:site_name\" content=\"Osez Mauges - Tourisme d&#039;affaire\" \/>\n<meta property=\"article:modified_time\" content=\"2025-05-10T15:44:53+00:00\" \/>\n<meta property=\"og:image\" content=\"https:\/\/www.osezmauges.fr\/evenements-pro\/wp-content\/uploads\/sites\/2\/2025\/05\/visite-entreprise-chocolaterie-cosme-msl-saint-florent-le-vieil-osez-mauges-\u00a9F.Crampon-14.jpg\" \/>\n\t<meta property=\"og:image:width\" content=\"1500\" \/>\n\t<meta property=\"og:image:height\" content=\"1000\" \/>\n\t<meta property=\"og:image:type\" content=\"image\/jpeg\" \/>\n<meta name=\"twitter:card\" content=\"summary_large_image\" \/>\n<meta name=\"twitter:label1\" content=\"Dur\u00e9e de lecture estim\u00e9e\" \/>\n\t<meta name=\"twitter:data1\" content=\"1 minute\" \/>\n<script type=\"application\/ld+json\" class=\"yoast-schema-graph\">{\"@context\":\"https:\/\/schema.org\",\"@graph\":[{\"@type\":\"WebPage\",\"@id\":\"https:\/\/www.osezmauges.fr\/evenements-pro\/organiser-son-evenement-pro\/team-building-angers-nantes-cholet\/activites-gourmandes\/team-building-atelier-chocolat\/\",\"url\":\"https:\/\/www.osezmauges.fr\/evenements-pro\/organiser-son-evenement-pro\/team-building-angers-nantes-cholet\/activites-gourmandes\/team-building-atelier-chocolat\/\",\"name\":\"Team-building en Maine-et-Loire | Atelier chocologie\",\"isPartOf\":{\"@id\":\"https:\/\/www.osezmauges.fr\/evenements-pro\/#website\"},\"primaryImageOfPage\":{\"@id\":\"https:\/\/www.osezmauges.fr\/evenements-pro\/organiser-son-evenement-pro\/team-building-angers-nantes-cholet\/activites-gourmandes\/team-building-atelier-chocolat\/#primaryimage\"},\"image\":{\"@id\":\"https:\/\/www.osezmauges.fr\/evenements-pro\/organiser-son-evenement-pro\/team-building-angers-nantes-cholet\/activites-gourmandes\/team-building-atelier-chocolat\/#primaryimage\"},\"thumbnailUrl\":\"https:\/\/www.osezmauges.fr\/evenements-pro\/wp-content\/uploads\/sites\/2\/2025\/05\/visite-entreprise-chocolaterie-cosme-msl-saint-florent-le-vieil-osez-mauges-\u00a9F.Crampon-14.jpg\",\"datePublished\":\"2021-10-19T12:37:21+00:00\",\"dateModified\":\"2025-05-10T15:44:53+00:00\",\"description\":\"Donnez de la gourmandise \u00e0 vos s\u00e9minaires et team-building en participant \u00e0 un atelier de confection de chocolats artisanaux, entre Angers et Nantes.\",\"breadcrumb\":{\"@id\":\"https:\/\/www.osezmauges.fr\/evenements-pro\/organiser-son-evenement-pro\/team-building-angers-nantes-cholet\/activites-gourmandes\/team-building-atelier-chocolat\/#breadcrumb\"},\"inLanguage\":\"fr-FR\",\"potentialAction\":[{\"@type\":\"ReadAction\",\"target\":[\"https:\/\/www.osezmauges.fr\/evenements-pro\/organiser-son-evenement-pro\/team-building-angers-nantes-cholet\/activites-gourmandes\/team-building-atelier-chocolat\/\"]}]},{\"@type\":\"ImageObject\",\"inLanguage\":\"fr-FR\",\"@id\":\"https:\/\/www.osezmauges.fr\/evenements-pro\/organiser-son-evenement-pro\/team-building-angers-nantes-cholet\/activites-gourmandes\/team-building-atelier-chocolat\/#primaryimage\",\"url\":\"https:\/\/www.osezmauges.fr\/evenements-pro\/wp-content\/uploads\/sites\/2\/2025\/05\/visite-entreprise-chocolaterie-cosme-msl-saint-florent-le-vieil-osez-mauges-\u00a9F.Crampon-14.jpg\",\"contentUrl\":\"https:\/\/www.osezmauges.fr\/evenements-pro\/wp-content\/uploads\/sites\/2\/2025\/05\/visite-entreprise-chocolaterie-cosme-msl-saint-florent-le-vieil-osez-mauges-\u00a9F.Crampon-14.jpg\",\"width\":1500,\"height\":1000},{\"@type\":\"BreadcrumbList\",\"@id\":\"https:\/\/www.osezmauges.fr\/evenements-pro\/organiser-son-evenement-pro\/team-building-angers-nantes-cholet\/activites-gourmandes\/team-building-atelier-chocolat\/#breadcrumb\",\"itemListElement\":[{\"@type\":\"ListItem\",\"position\":1,\"name\":\"Accueil\",\"item\":\"https:\/\/www.osezmauges.fr\/evenements-pro\/\"},{\"@type\":\"ListItem\",\"position\":2,\"name\":\"Organiser son \u00e9v\u00e9nement d\u2019entreprise\",\"item\":\"https:\/\/www.osezmauges.fr\/evenements-pro\/organiser-son-evenement-pro\/\"},{\"@type\":\"ListItem\",\"position\":3,\"name\":\"Team-building et afterwork\",\"item\":\"https:\/\/www.osezmauges.fr\/evenements-pro\/organiser-son-evenement-pro\/team-building-angers-nantes-cholet\/\"},{\"@type\":\"ListItem\",\"position\":4,\"name\":\"Des activit\u00e9s gourmandes\",\"item\":\"https:\/\/www.osezmauges.fr\/evenements-pro\/organiser-son-evenement-pro\/team-building-angers-nantes-cholet\/activites-gourmandes\/\"},{\"@type\":\"ListItem\",\"position\":5,\"name\":\"Fabrication de chocolat entre Angers et Nantes\"}]},{\"@type\":\"WebSite\",\"@id\":\"https:\/\/www.osezmauges.fr\/evenements-pro\/#website\",\"url\":\"https:\/\/www.osezmauges.fr\/evenements-pro\/\",\"name\":\"Osez Mauges - Tourisme d&#039;affaire\",\"description\":\"\u00d4sez Mauges\",\"potentialAction\":[{\"@type\":\"SearchAction\",\"target\":{\"@type\":\"EntryPoint\",\"urlTemplate\":\"https:\/\/www.osezmauges.fr\/evenements-pro\/?s={search_term_string}\"},\"query-input\":{\"@type\":\"PropertyValueSpecification\",\"valueRequired\":true,\"valueName\":\"search_term_string\"}}],\"inLanguage\":\"fr-FR\"}]}<\/script>\n<!-- \/ Yoast SEO plugin. -->","yoast_head_json":{"title":"Team-building en Maine-et-Loire | Atelier chocologie","description":"Donnez de la gourmandise \u00e0 vos s\u00e9minaires et team-building en participant \u00e0 un atelier de confection de chocolats artisanaux, entre Angers et Nantes.","robots":{"index":"index","follow":"follow","max-snippet":"max-snippet:-1","max-image-preview":"max-image-preview:large","max-video-preview":"max-video-preview:-1"},"canonical":"https:\/\/www.osezmauges.fr\/evenements-pro\/organiser-son-evenement-pro\/team-building-angers-nantes-cholet\/activites-gourmandes\/team-building-atelier-chocolat\/","og_locale":"fr_FR","og_type":"article","og_title":"Team-building en Maine-et-Loire | Atelier chocologie","og_description":"Donnez de la gourmandise \u00e0 vos s\u00e9minaires et team-building en participant \u00e0 un atelier de confection de chocolats artisanaux, entre Angers et Nantes.","og_url":"https:\/\/www.osezmauges.fr\/evenements-pro\/organiser-son-evenement-pro\/team-building-angers-nantes-cholet\/activites-gourmandes\/team-building-atelier-chocolat\/","og_site_name":"Osez Mauges - Tourisme d&#039;affaire","article_modified_time":"2025-05-10T15:44:53+00:00","og_image":[{"width":1500,"height":1000,"url":"https:\/\/www.osezmauges.fr\/evenements-pro\/wp-content\/uploads\/sites\/2\/2025\/05\/visite-entreprise-chocolaterie-cosme-msl-saint-florent-le-vieil-osez-mauges-\u00a9F.Crampon-14.jpg","type":"image\/jpeg"}],"twitter_card":"summary_large_image","twitter_misc":{"Dur\u00e9e de lecture estim\u00e9e":"1 minute"},"schema":{"@context":"https:\/\/schema.org","@graph":[{"@type":"WebPage","@id":"https:\/\/www.osezmauges.fr\/evenements-pro\/organiser-son-evenement-pro\/team-building-angers-nantes-cholet\/activites-gourmandes\/team-building-atelier-chocolat\/","url":"https:\/\/www.osezmauges.fr\/evenements-pro\/organiser-son-evenement-pro\/team-building-angers-nantes-cholet\/activites-gourmandes\/team-building-atelier-chocolat\/","name":"Team-building en Maine-et-Loire | Atelier chocologie","isPartOf":{"@id":"https:\/\/www.osezmauges.fr\/evenements-pro\/#website"},"primaryImageOfPage":{"@id":"https:\/\/www.osezmauges.fr\/evenements-pro\/organiser-son-evenement-pro\/team-building-angers-nantes-cholet\/activites-gourmandes\/team-building-atelier-chocolat\/#primaryimage"},"image":{"@id":"https:\/\/www.osezmauges.fr\/evenements-pro\/organiser-son-evenement-pro\/team-building-angers-nantes-cholet\/activites-gourmandes\/team-building-atelier-chocolat\/#primaryimage"},"thumbnailUrl":"https:\/\/www.osezmauges.fr\/evenements-pro\/wp-content\/uploads\/sites\/2\/2025\/05\/visite-entreprise-chocolaterie-cosme-msl-saint-florent-le-vieil-osez-mauges-\u00a9F.Crampon-14.jpg","datePublished":"2021-10-19T12:37:21+00:00","dateModified":"2025-05-10T15:44:53+00:00","description":"Donnez de la gourmandise \u00e0 vos s\u00e9minaires et team-building en participant \u00e0 un atelier de confection de chocolats artisanaux, entre Angers et Nantes.","breadcrumb":{"@id":"https:\/\/www.osezmauges.fr\/evenements-pro\/organiser-son-evenement-pro\/team-building-angers-nantes-cholet\/activites-gourmandes\/team-building-atelier-chocolat\/#breadcrumb"},"inLanguage":"fr-FR","potentialAction":[{"@type":"ReadAction","target":["https:\/\/www.osezmauges.fr\/evenements-pro\/organiser-son-evenement-pro\/team-building-angers-nantes-cholet\/activites-gourmandes\/team-building-atelier-chocolat\/"]}]},{"@type":"ImageObject","inLanguage":"fr-FR","@id":"https:\/\/www.osezmauges.fr\/evenements-pro\/organiser-son-evenement-pro\/team-building-angers-nantes-cholet\/activites-gourmandes\/team-building-atelier-chocolat\/#primaryimage","url":"https:\/\/www.osezmauges.fr\/evenements-pro\/wp-content\/uploads\/sites\/2\/2025\/05\/visite-entreprise-chocolaterie-cosme-msl-saint-florent-le-vieil-osez-mauges-\u00a9F.Crampon-14.jpg","contentUrl":"https:\/\/www.osezmauges.fr\/evenements-pro\/wp-content\/uploads\/sites\/2\/2025\/05\/visite-entreprise-chocolaterie-cosme-msl-saint-florent-le-vieil-osez-mauges-\u00a9F.Crampon-14.jpg","width":1500,"height":1000},{"@type":"BreadcrumbList","@id":"https:\/\/www.osezmauges.fr\/evenements-pro\/organiser-son-evenement-pro\/team-building-angers-nantes-cholet\/activites-gourmandes\/team-building-atelier-chocolat\/#breadcrumb","itemListElement":[{"@type":"ListItem","position":1,"name":"Accueil","item":"https:\/\/www.osezmauges.fr\/evenements-pro\/"},{"@type":"ListItem","position":2,"name":"Organiser son \u00e9v\u00e9nement d\u2019entreprise","item":"https:\/\/www.osezmauges.fr\/evenements-pro\/organiser-son-evenement-pro\/"},{"@type":"ListItem","position":3,"name":"Team-building et afterwork","item":"https:\/\/www.osezmauges.fr\/evenements-pro\/organiser-son-evenement-pro\/team-building-angers-nantes-cholet\/"},{"@type":"ListItem","position":4,"name":"Des activit\u00e9s gourmandes","item":"https:\/\/www.osezmauges.fr\/evenements-pro\/organiser-son-evenement-pro\/team-building-angers-nantes-cholet\/activites-gourmandes\/"},{"@type":"ListItem","position":5,"name":"Fabrication de chocolat entre Angers et Nantes"}]},{"@type":"WebSite","@id":"https:\/\/www.osezmauges.fr\/evenements-pro\/#website","url":"https:\/\/www.osezmauges.fr\/evenements-pro\/","name":"Osez Mauges - Tourisme d&#039;affaire","description":"\u00d4sez Mauges","potentialAction":[{"@type":"SearchAction","target":{"@type":"EntryPoint","urlTemplate":"https:\/\/www.osezmauges.fr\/evenements-pro\/?s={search_term_string}"},"query-input":{"@type":"PropertyValueSpecification","valueRequired":true,"valueName":"search_term_string"}}],"inLanguage":"fr-FR"}]}},"_links":{"self":[{"href":"https:\/\/www.osezmauges.fr\/evenements-pro\/wp-json\/wp\/v2\/pages\/335","targetHints":{"allow":["GET"]}}],"collection":[{"href":"https:\/\/www.osezmauges.fr\/evenements-pro\/wp-json\/wp\/v2\/pages"}],"about":[{"href":"https:\/\/www.osezmauges.fr\/evenements-pro\/wp-json\/wp\/v2\/types\/page"}],"author":[{"embeddable":true,"href":"https:\/\/www.osezmauges.fr\/evenements-pro\/wp-json\/wp\/v2\/users\/1"}],"replies":[{"embeddable":true,"href":"https:\/\/www.osezmauges.fr\/evenements-pro\/wp-json\/wp\/v2\/comments?post=335"}],"version-history":[{"count":13,"href":"https:\/\/www.osezmauges.fr\/evenements-pro\/wp-json\/wp\/v2\/pages\/335\/revisions"}],"predecessor-version":[{"id":15585,"href":"https:\/\/www.osezmauges.fr\/evenements-pro\/wp-json\/wp\/v2\/pages\/335\/revisions\/15585"}],"up":[{"embeddable":true,"href":"https:\/\/www.osezmauges.fr\/evenements-pro\/wp-json\/wp\/v2\/pages\/12139"}],"wp:featuredmedia":[{"embeddable":true,"href":"https:\/\/www.osezmauges.fr\/evenements-pro\/wp-json\/wp\/v2\/media\/15583"}],"wp:attachment":[{"href":"https:\/\/www.osezmauges.fr\/evenements-pro\/wp-json\/wp\/v2\/media?parent=335"}],"curies":[{"name":"wp","href":"https:\/\/api.w.org\/{rel}","templated":true}]}}