{"id":356,"date":"2021-10-19T09:16:02","date_gmt":"2021-10-19T07:16:02","guid":{"rendered":"https:\/\/www.osezmauges.fr\/evenements-pro\/?page_id=356"},"modified":"2024-09-05T14:16:16","modified_gmt":"2024-09-05T12:16:16","slug":"coffret-cadeau-terroir","status":"publish","type":"page","link":"https:\/\/www.osezmauges.fr\/evenements-pro\/cadeaux-entreprises\/cadeaux-entreprise-produits-locaux\/coffret-cadeau-terroir\/","title":{"rendered":"Coffret cadeau du terroir du Domaine R\u00e9thor\u00e9-Davy"},"content":{"rendered":"\n<div class=\"wp-block-columns is-layout-flex wp-container-core-columns-is-layout-9d6595d7 wp-block-columns-is-layout-flex\">\n<div class=\"wp-block-column is-layout-flow wp-block-column-is-layout-flow\">\n<p class=\"is-style-excerpt\">En partenariat avec <strong>Les Cerfs de la Fardelli\u00e8re <\/strong>et d\u2019autres producteurs et commer\u00e7ants des Mauges, le <strong>Domaine R\u00e9thor\u00e9-Davy <\/strong>vous propose un coffret gourmand pour d\u00e9guster les Mauges.<br>Accueillez, f\u00e9licitez, remerciez vos collaborateurs en leur offrant un <strong>instant gourmand et authentique aux saveurs des Mauges<\/strong>. Des rillettes de cerfs au vin de Loire, il y en a pour tous les go\u00fbts et toutes les envies dans ce coffret.<\/p>\n<\/div>\n\n\n\n<div class=\"wp-block-column is-layout-flow wp-block-column-is-layout-flow\"><div class=\"wp-block wp-block-highlight\">\n                <p class=\"wp-block-highlight-item wp-block-highlight-excerpt\">1001 Les Vignes<br>Saint R\u00e9my en Mauges<br>49110 MONTREVAULT-SUR-\u00c8VRE<br><br><strong>Contact : Martine R\u00c9THOR\u00c9<br><\/strong>02 41 30 12 58<br>www.vignoble-rethore-davy.fr<\/p>\n    <\/div><\/div>\n<\/div>\n\n\n\n<h2 class=\"wp-block-heading\">Pourquoi les choisir ?<\/h2>\n\n\n\n<ul class=\"wp-block-list\"><li>Un <strong>coffret complet <\/strong>pour savourer les Mauges de l\u2019ap\u00e9ritif au dessert<\/li><li>Des produits gourmands <strong>100% Made in Mauges<\/strong><\/li><li>Des <strong>produits de qualit\u00e9 <\/strong>qui raviront les papilles de vos collaborateurs<\/li><\/ul>\n\n\n\n<figure class=\"wp-block-gallery aligncenter columns-2 is-cropped wp-block-gallery-1 is-layout-flex wp-block-gallery-is-layout-flex\"><ul class=\"blocks-gallery-grid\"><li class=\"blocks-gallery-item\"><figure><a href=\"https:\/\/www.osezmauges.fr\/evenements-pro\/wp-content\/uploads\/sites\/2\/2021\/10\/2-vignoble-rethore-davy-st-remy-en-mauges-2021.jpg\"><img width=\"1200\" height=\"900\" data-src=\"https:\/\/www.osezmauges.fr\/evenements-pro\/wp-content\/uploads\/sites\/2\/2021\/10\/2-vignoble-rethore-davy-st-remy-en-mauges-2021.jpg\" alt=\"\" data-id=\"754\" data-full-url=\"https:\/\/www.osezmauges.fr\/evenements-pro\/wp-content\/uploads\/sites\/2\/2021\/10\/2-vignoble-rethore-davy-st-remy-en-mauges-2021.jpg\" data-link=\"https:\/\/www.osezmauges.fr\/evenements-pro\/2-vignoble-rethore-davy-st-remy-en-mauges-2021\/\" class=\"wp-image-754\" srcset=\"https:\/\/www.osezmauges.fr\/evenements-pro\/wp-content\/uploads\/sites\/2\/2021\/10\/2-vignoble-rethore-davy-st-remy-en-mauges-2021.jpg 1200w, https:\/\/www.osezmauges.fr\/evenements-pro\/wp-content\/uploads\/sites\/2\/2021\/10\/2-vignoble-rethore-davy-st-remy-en-mauges-2021-600x450.jpg 600w, https:\/\/www.osezmauges.fr\/evenements-pro\/wp-content\/uploads\/sites\/2\/2021\/10\/2-vignoble-rethore-davy-st-remy-en-mauges-2021-300x225.jpg 300w, https:\/\/www.osezmauges.fr\/evenements-pro\/wp-content\/uploads\/sites\/2\/2021\/10\/2-vignoble-rethore-davy-st-remy-en-mauges-2021-900x675.jpg 900w, https:\/\/www.osezmauges.fr\/evenements-pro\/wp-content\/uploads\/sites\/2\/2021\/10\/2-vignoble-rethore-davy-st-remy-en-mauges-2021-650x488.jpg 650w\" sizes=\"(max-width: 1200px) 100vw, 1200px\" \/><\/a><figcaption class=\"blocks-gallery-item__caption\">Martine et Christophe R\u00e9thor\u00e9-Davy \u00a9D.Drouet<\/figcaption><\/figure><\/li><li class=\"blocks-gallery-item\"><figure><a href=\"https:\/\/www.osezmauges.fr\/evenements-pro\/wp-content\/uploads\/sites\/2\/2021\/10\/3-coffret-terroir-vignoble-rethore-davy-saint-remy-mauges.jpg\"><img width=\"1200\" height=\"1179\" data-src=\"https:\/\/www.osezmauges.fr\/evenements-pro\/wp-content\/uploads\/sites\/2\/2021\/10\/3-coffret-terroir-vignoble-rethore-davy-saint-remy-mauges.jpg\" alt=\"\" data-id=\"760\" data-full-url=\"https:\/\/www.osezmauges.fr\/evenements-pro\/wp-content\/uploads\/sites\/2\/2021\/10\/3-coffret-terroir-vignoble-rethore-davy-saint-remy-mauges.jpg\" data-link=\"https:\/\/www.osezmauges.fr\/evenements-pro\/3-coffret-terroir-vignoble-rethore-davy-saint-remy-mauges\/\" class=\"wp-image-760\" srcset=\"https:\/\/www.osezmauges.fr\/evenements-pro\/wp-content\/uploads\/sites\/2\/2021\/10\/3-coffret-terroir-vignoble-rethore-davy-saint-remy-mauges.jpg 1200w, https:\/\/www.osezmauges.fr\/evenements-pro\/wp-content\/uploads\/sites\/2\/2021\/10\/3-coffret-terroir-vignoble-rethore-davy-saint-remy-mauges-600x590.jpg 600w, https:\/\/www.osezmauges.fr\/evenements-pro\/wp-content\/uploads\/sites\/2\/2021\/10\/3-coffret-terroir-vignoble-rethore-davy-saint-remy-mauges-300x295.jpg 300w, https:\/\/www.osezmauges.fr\/evenements-pro\/wp-content\/uploads\/sites\/2\/2021\/10\/3-coffret-terroir-vignoble-rethore-davy-saint-remy-mauges-900x884.jpg 900w, https:\/\/www.osezmauges.fr\/evenements-pro\/wp-content\/uploads\/sites\/2\/2021\/10\/3-coffret-terroir-vignoble-rethore-davy-saint-remy-mauges-650x639.jpg 650w\" sizes=\"(max-width: 1200px) 100vw, 1200px\" \/><\/a><figcaption class=\"blocks-gallery-item__caption\">Coffret cadeau du terroir \u00a9Domaine R\u00e9thor\u00e9-Davy<\/figcaption><\/figure><\/li><\/ul><\/figure>\n\n\n\n<h2 class=\"wp-block-heading\">Produits propos\u00e9s \u00e0 la vente<strong><em><\/em><\/strong><\/h2>\n\n\n\n<h3 class=\"wp-block-heading\">Mon c\u00d4ffret des Mauges<\/h3>\n\n\n\n<ul class=\"wp-block-list\"><li>1 bouteille M\u00e9thode traditionnelle \u00ab\u00a0Imagine\u00a0\u00bb du Domaine R\u00e9thor\u00e9-Davy (75 cL)<\/li><li><span style=\"font-size: 1.125rem;\">1 p\u00e2t\u00e9 de foie de b\u0153uf Salers de l&rsquo;Etable des Mauges (180g)<\/span><\/li><li>1 terrine de cerf des Cerfs de la Fardelli\u00e8re (190g)<\/li><li>Instant caf\u00e9 criquant noisette, Co&rsquo;pains &amp; Gourmandises (290g) <\/li><li>1 Les P&rsquo;tits Polies, Boulangerie M\u00e9chinaud (130g) <\/li><\/ul>\n\n\n\n<p><br><strong><span style=\"text-decoration: underline\">Tarif : 38,15 \u20ac HT<\/span><\/strong><\/p>\n\n\n\n<h3 class=\"wp-block-heading\">Coffret par R\u00e9thor\u00e9 Davy<\/h3>\n\n\n\n<ul class=\"wp-block-list\"><li>1 bouteille de Noir Imagine (75 cL)<\/li><li>1 foie gras de canard, Maison B\u00e9duneau (120g) <\/li><li>1 assortiment de chocolats, Chocolaterie Cosme (100g)<\/li><\/ul>\n\n\n\n<p> <strong><span style=\"text-decoration: underline\">Tarif : 30,41 \u20ac HT<\/span><\/strong><\/p>\n\n\n\n<div class=\"wp-block wp-block-related-post clear alignfull\">\n    <div class=\"container\">\n\n        <div class=\"article\">\n\t\t                    <h2 class=\"wp-block-related-post-title\">Vous aimerez aussi<\/h2>\n\t\t    \n\t\t            <\/div>\n\n\t    \n            <div class=\"wp-block-related-post-inner\">\n                <div   data-slides-per-view=\"4\">\n                    <div class=\"wp-block-related-post-list wp-block-related-post-list-0\">\n\t\t\t\t\t                        <\/div>\n                <\/div>\n            <\/div>\n\n        \n    <\/div>\n<\/div>","protected":false},"excerpt":{"rendered":"<p>En partenariat avec Les Cerfs de la Fardelli\u00e8re et d\u2019autres producteurs et commer\u00e7ants des Mauges, le Domaine R\u00e9thor\u00e9-Davy vous propose un coffret gourmand pour d\u00e9guster les Mauges.Accueillez, f\u00e9licitez, remerciez vos collaborateurs en leur offrant un instant gourmand et authentique aux saveurs des Mauges. Des rillettes de cerfs au vin de Loire, il y en a [&hellip;]<\/p>\n","protected":false},"author":1,"featured_media":760,"parent":50,"menu_order":3,"comment_status":"closed","ping_status":"closed","template":"","meta":{"_relevanssi_hide_post":"","_relevanssi_hide_content":"","_relevanssi_pin_for_all":"","_relevanssi_pin_keywords":"","_relevanssi_unpin_keywords":"","_relevanssi_related_keywords":"","_relevanssi_related_include_ids":"","_relevanssi_related_exclude_ids":"","_relevanssi_related_no_append":"","_relevanssi_related_not_related":"","_relevanssi_related_posts":"1","_relevanssi_noindex_reason":"","footnotes":""},"class_list":["post-356","page","type-page","status-publish","has-post-thumbnail","hentry"],"acf":[],"yoast_head":"<!-- This site is optimized with the Yoast SEO plugin v26.9 - https:\/\/yoast.com\/product\/yoast-seo-wordpress\/ -->\n<title>Cadeaux d\u2019entreprise dans les Mauges | Coffret du terroir<\/title>\n<meta name=\"description\" content=\"Silure fum\u00e9, rillettes de cerfs et vins de Loire. Faites go\u00fbter le terroir des Mauges \u00e0 vos collaborateurs avec ces coffrets cadeaux gourmands 100% Made in Mauges.\" \/>\n<meta name=\"robots\" content=\"index, follow, max-snippet:-1, max-image-preview:large, max-video-preview:-1\" \/>\n<link rel=\"canonical\" href=\"https:\/\/www.osezmauges.fr\/evenements-pro\/cadeaux-entreprises\/cadeaux-entreprise-produits-locaux\/coffret-cadeau-terroir\/\" \/>\n<meta property=\"og:locale\" content=\"fr_FR\" \/>\n<meta property=\"og:type\" content=\"article\" \/>\n<meta property=\"og:title\" content=\"Cadeaux d\u2019entreprise dans les Mauges | Coffret du terroir\" \/>\n<meta property=\"og:description\" content=\"Silure fum\u00e9, rillettes de cerfs et vins de Loire. Faites go\u00fbter le terroir des Mauges \u00e0 vos collaborateurs avec ces coffrets cadeaux gourmands 100% Made in Mauges.\" \/>\n<meta property=\"og:url\" content=\"https:\/\/www.osezmauges.fr\/evenements-pro\/cadeaux-entreprises\/cadeaux-entreprise-produits-locaux\/coffret-cadeau-terroir\/\" \/>\n<meta property=\"og:site_name\" content=\"Osez Mauges - Tourisme d&#039;affaire\" \/>\n<meta property=\"article:modified_time\" content=\"2024-09-05T12:16:16+00:00\" \/>\n<meta property=\"og:image\" content=\"https:\/\/www.osezmauges.fr\/evenements-pro\/wp-content\/uploads\/sites\/2\/2021\/10\/3-coffret-terroir-vignoble-rethore-davy-saint-remy-mauges.jpg\" \/>\n\t<meta property=\"og:image:width\" content=\"1200\" \/>\n\t<meta property=\"og:image:height\" content=\"1179\" \/>\n\t<meta property=\"og:image:type\" content=\"image\/jpeg\" \/>\n<meta name=\"twitter:card\" content=\"summary_large_image\" \/>\n<meta name=\"twitter:label1\" content=\"Dur\u00e9e de lecture estim\u00e9e\" \/>\n\t<meta name=\"twitter:data1\" content=\"2 minutes\" \/>\n<script type=\"application\/ld+json\" class=\"yoast-schema-graph\">{\"@context\":\"https:\/\/schema.org\",\"@graph\":[{\"@type\":\"WebPage\",\"@id\":\"https:\/\/www.osezmauges.fr\/evenements-pro\/cadeaux-entreprises\/cadeaux-entreprise-produits-locaux\/coffret-cadeau-terroir\/\",\"url\":\"https:\/\/www.osezmauges.fr\/evenements-pro\/cadeaux-entreprises\/cadeaux-entreprise-produits-locaux\/coffret-cadeau-terroir\/\",\"name\":\"Cadeaux d\u2019entreprise dans les Mauges | Coffret du terroir\",\"isPartOf\":{\"@id\":\"https:\/\/www.osezmauges.fr\/evenements-pro\/#website\"},\"primaryImageOfPage\":{\"@id\":\"https:\/\/www.osezmauges.fr\/evenements-pro\/cadeaux-entreprises\/cadeaux-entreprise-produits-locaux\/coffret-cadeau-terroir\/#primaryimage\"},\"image\":{\"@id\":\"https:\/\/www.osezmauges.fr\/evenements-pro\/cadeaux-entreprises\/cadeaux-entreprise-produits-locaux\/coffret-cadeau-terroir\/#primaryimage\"},\"thumbnailUrl\":\"https:\/\/www.osezmauges.fr\/evenements-pro\/wp-content\/uploads\/sites\/2\/2021\/10\/3-coffret-terroir-vignoble-rethore-davy-saint-remy-mauges.jpg\",\"datePublished\":\"2021-10-19T07:16:02+00:00\",\"dateModified\":\"2024-09-05T12:16:16+00:00\",\"description\":\"Silure fum\u00e9, rillettes de cerfs et vins de Loire. Faites go\u00fbter le terroir des Mauges \u00e0 vos collaborateurs avec ces coffrets cadeaux gourmands 100% Made in Mauges.\",\"breadcrumb\":{\"@id\":\"https:\/\/www.osezmauges.fr\/evenements-pro\/cadeaux-entreprises\/cadeaux-entreprise-produits-locaux\/coffret-cadeau-terroir\/#breadcrumb\"},\"inLanguage\":\"fr-FR\",\"potentialAction\":[{\"@type\":\"ReadAction\",\"target\":[\"https:\/\/www.osezmauges.fr\/evenements-pro\/cadeaux-entreprises\/cadeaux-entreprise-produits-locaux\/coffret-cadeau-terroir\/\"]}]},{\"@type\":\"ImageObject\",\"inLanguage\":\"fr-FR\",\"@id\":\"https:\/\/www.osezmauges.fr\/evenements-pro\/cadeaux-entreprises\/cadeaux-entreprise-produits-locaux\/coffret-cadeau-terroir\/#primaryimage\",\"url\":\"https:\/\/www.osezmauges.fr\/evenements-pro\/wp-content\/uploads\/sites\/2\/2021\/10\/3-coffret-terroir-vignoble-rethore-davy-saint-remy-mauges.jpg\",\"contentUrl\":\"https:\/\/www.osezmauges.fr\/evenements-pro\/wp-content\/uploads\/sites\/2\/2021\/10\/3-coffret-terroir-vignoble-rethore-davy-saint-remy-mauges.jpg\",\"width\":1200,\"height\":1179},{\"@type\":\"BreadcrumbList\",\"@id\":\"https:\/\/www.osezmauges.fr\/evenements-pro\/cadeaux-entreprises\/cadeaux-entreprise-produits-locaux\/coffret-cadeau-terroir\/#breadcrumb\",\"itemListElement\":[{\"@type\":\"ListItem\",\"position\":1,\"name\":\"Accueil\",\"item\":\"https:\/\/www.osezmauges.fr\/evenements-pro\/\"},{\"@type\":\"ListItem\",\"position\":2,\"name\":\"Les cadeaux d&rsquo;entreprises\",\"item\":\"https:\/\/www.osezmauges.fr\/evenements-pro\/cadeaux-entreprises\/\"},{\"@type\":\"ListItem\",\"position\":3,\"name\":\"Nos id\u00e9es de cadeaux gourmands pour vos salari\u00e9s\",\"item\":\"https:\/\/www.osezmauges.fr\/evenements-pro\/cadeaux-entreprises\/cadeaux-entreprise-produits-locaux\/\"},{\"@type\":\"ListItem\",\"position\":4,\"name\":\"Coffret cadeau du terroir du Domaine R\u00e9thor\u00e9-Davy\"}]},{\"@type\":\"WebSite\",\"@id\":\"https:\/\/www.osezmauges.fr\/evenements-pro\/#website\",\"url\":\"https:\/\/www.osezmauges.fr\/evenements-pro\/\",\"name\":\"Osez Mauges - Tourisme d&#039;affaire\",\"description\":\"\u00d4sez Mauges\",\"potentialAction\":[{\"@type\":\"SearchAction\",\"target\":{\"@type\":\"EntryPoint\",\"urlTemplate\":\"https:\/\/www.osezmauges.fr\/evenements-pro\/?s={search_term_string}\"},\"query-input\":{\"@type\":\"PropertyValueSpecification\",\"valueRequired\":true,\"valueName\":\"search_term_string\"}}],\"inLanguage\":\"fr-FR\"}]}<\/script>\n<!-- \/ Yoast SEO plugin. -->","yoast_head_json":{"title":"Cadeaux d\u2019entreprise dans les Mauges | Coffret du terroir","description":"Silure fum\u00e9, rillettes de cerfs et vins de Loire. Faites go\u00fbter le terroir des Mauges \u00e0 vos collaborateurs avec ces coffrets cadeaux gourmands 100% Made in Mauges.","robots":{"index":"index","follow":"follow","max-snippet":"max-snippet:-1","max-image-preview":"max-image-preview:large","max-video-preview":"max-video-preview:-1"},"canonical":"https:\/\/www.osezmauges.fr\/evenements-pro\/cadeaux-entreprises\/cadeaux-entreprise-produits-locaux\/coffret-cadeau-terroir\/","og_locale":"fr_FR","og_type":"article","og_title":"Cadeaux d\u2019entreprise dans les Mauges | Coffret du terroir","og_description":"Silure fum\u00e9, rillettes de cerfs et vins de Loire. Faites go\u00fbter le terroir des Mauges \u00e0 vos collaborateurs avec ces coffrets cadeaux gourmands 100% Made in Mauges.","og_url":"https:\/\/www.osezmauges.fr\/evenements-pro\/cadeaux-entreprises\/cadeaux-entreprise-produits-locaux\/coffret-cadeau-terroir\/","og_site_name":"Osez Mauges - Tourisme d&#039;affaire","article_modified_time":"2024-09-05T12:16:16+00:00","og_image":[{"width":1200,"height":1179,"url":"https:\/\/www.osezmauges.fr\/evenements-pro\/wp-content\/uploads\/sites\/2\/2021\/10\/3-coffret-terroir-vignoble-rethore-davy-saint-remy-mauges.jpg","type":"image\/jpeg"}],"twitter_card":"summary_large_image","twitter_misc":{"Dur\u00e9e de lecture estim\u00e9e":"2 minutes"},"schema":{"@context":"https:\/\/schema.org","@graph":[{"@type":"WebPage","@id":"https:\/\/www.osezmauges.fr\/evenements-pro\/cadeaux-entreprises\/cadeaux-entreprise-produits-locaux\/coffret-cadeau-terroir\/","url":"https:\/\/www.osezmauges.fr\/evenements-pro\/cadeaux-entreprises\/cadeaux-entreprise-produits-locaux\/coffret-cadeau-terroir\/","name":"Cadeaux d\u2019entreprise dans les Mauges | Coffret du terroir","isPartOf":{"@id":"https:\/\/www.osezmauges.fr\/evenements-pro\/#website"},"primaryImageOfPage":{"@id":"https:\/\/www.osezmauges.fr\/evenements-pro\/cadeaux-entreprises\/cadeaux-entreprise-produits-locaux\/coffret-cadeau-terroir\/#primaryimage"},"image":{"@id":"https:\/\/www.osezmauges.fr\/evenements-pro\/cadeaux-entreprises\/cadeaux-entreprise-produits-locaux\/coffret-cadeau-terroir\/#primaryimage"},"thumbnailUrl":"https:\/\/www.osezmauges.fr\/evenements-pro\/wp-content\/uploads\/sites\/2\/2021\/10\/3-coffret-terroir-vignoble-rethore-davy-saint-remy-mauges.jpg","datePublished":"2021-10-19T07:16:02+00:00","dateModified":"2024-09-05T12:16:16+00:00","description":"Silure fum\u00e9, rillettes de cerfs et vins de Loire. Faites go\u00fbter le terroir des Mauges \u00e0 vos collaborateurs avec ces coffrets cadeaux gourmands 100% Made in Mauges.","breadcrumb":{"@id":"https:\/\/www.osezmauges.fr\/evenements-pro\/cadeaux-entreprises\/cadeaux-entreprise-produits-locaux\/coffret-cadeau-terroir\/#breadcrumb"},"inLanguage":"fr-FR","potentialAction":[{"@type":"ReadAction","target":["https:\/\/www.osezmauges.fr\/evenements-pro\/cadeaux-entreprises\/cadeaux-entreprise-produits-locaux\/coffret-cadeau-terroir\/"]}]},{"@type":"ImageObject","inLanguage":"fr-FR","@id":"https:\/\/www.osezmauges.fr\/evenements-pro\/cadeaux-entreprises\/cadeaux-entreprise-produits-locaux\/coffret-cadeau-terroir\/#primaryimage","url":"https:\/\/www.osezmauges.fr\/evenements-pro\/wp-content\/uploads\/sites\/2\/2021\/10\/3-coffret-terroir-vignoble-rethore-davy-saint-remy-mauges.jpg","contentUrl":"https:\/\/www.osezmauges.fr\/evenements-pro\/wp-content\/uploads\/sites\/2\/2021\/10\/3-coffret-terroir-vignoble-rethore-davy-saint-remy-mauges.jpg","width":1200,"height":1179},{"@type":"BreadcrumbList","@id":"https:\/\/www.osezmauges.fr\/evenements-pro\/cadeaux-entreprises\/cadeaux-entreprise-produits-locaux\/coffret-cadeau-terroir\/#breadcrumb","itemListElement":[{"@type":"ListItem","position":1,"name":"Accueil","item":"https:\/\/www.osezmauges.fr\/evenements-pro\/"},{"@type":"ListItem","position":2,"name":"Les cadeaux d&rsquo;entreprises","item":"https:\/\/www.osezmauges.fr\/evenements-pro\/cadeaux-entreprises\/"},{"@type":"ListItem","position":3,"name":"Nos id\u00e9es de cadeaux gourmands pour vos salari\u00e9s","item":"https:\/\/www.osezmauges.fr\/evenements-pro\/cadeaux-entreprises\/cadeaux-entreprise-produits-locaux\/"},{"@type":"ListItem","position":4,"name":"Coffret cadeau du terroir du Domaine R\u00e9thor\u00e9-Davy"}]},{"@type":"WebSite","@id":"https:\/\/www.osezmauges.fr\/evenements-pro\/#website","url":"https:\/\/www.osezmauges.fr\/evenements-pro\/","name":"Osez Mauges - Tourisme d&#039;affaire","description":"\u00d4sez Mauges","potentialAction":[{"@type":"SearchAction","target":{"@type":"EntryPoint","urlTemplate":"https:\/\/www.osezmauges.fr\/evenements-pro\/?s={search_term_string}"},"query-input":{"@type":"PropertyValueSpecification","valueRequired":true,"valueName":"search_term_string"}}],"inLanguage":"fr-FR"}]}},"_links":{"self":[{"href":"https:\/\/www.osezmauges.fr\/evenements-pro\/wp-json\/wp\/v2\/pages\/356","targetHints":{"allow":["GET"]}}],"collection":[{"href":"https:\/\/www.osezmauges.fr\/evenements-pro\/wp-json\/wp\/v2\/pages"}],"about":[{"href":"https:\/\/www.osezmauges.fr\/evenements-pro\/wp-json\/wp\/v2\/types\/page"}],"author":[{"embeddable":true,"href":"https:\/\/www.osezmauges.fr\/evenements-pro\/wp-json\/wp\/v2\/users\/1"}],"replies":[{"embeddable":true,"href":"https:\/\/www.osezmauges.fr\/evenements-pro\/wp-json\/wp\/v2\/comments?post=356"}],"version-history":[{"count":14,"href":"https:\/\/www.osezmauges.fr\/evenements-pro\/wp-json\/wp\/v2\/pages\/356\/revisions"}],"predecessor-version":[{"id":13420,"href":"https:\/\/www.osezmauges.fr\/evenements-pro\/wp-json\/wp\/v2\/pages\/356\/revisions\/13420"}],"up":[{"embeddable":true,"href":"https:\/\/www.osezmauges.fr\/evenements-pro\/wp-json\/wp\/v2\/pages\/50"}],"wp:featuredmedia":[{"embeddable":true,"href":"https:\/\/www.osezmauges.fr\/evenements-pro\/wp-json\/wp\/v2\/media\/760"}],"wp:attachment":[{"href":"https:\/\/www.osezmauges.fr\/evenements-pro\/wp-json\/wp\/v2\/media?parent=356"}],"curies":[{"name":"wp","href":"https:\/\/api.w.org\/{rel}","templated":true}]}}