{"id":42,"date":"2021-09-02T17:44:11","date_gmt":"2021-09-02T15:44:11","guid":{"rendered":"https:\/\/www.osezmauges.fr\/tourisme-d-affaires\/organiser-son-evenement-pro\/traiteurs\/"},"modified":"2024-02-20T13:20:54","modified_gmt":"2024-02-20T12:20:54","slug":"traiteur-evenement-entreprise","status":"publish","type":"page","link":"https:\/\/www.osezmauges.fr\/evenements-pro\/organiser-son-evenement-pro\/traiteur-evenement-entreprise\/","title":{"rendered":"Traiteurs et restaurants"},"content":{"rendered":"\n<p class=\"is-style-excerpt\">Ne laissez rien au hasard pour votre <a href=\"https:\/\/www.osezmauges.fr\/evenements-pro\/organiser-son-evenement-pro\/salle-seminaire\/\" target=\"_blank\" rel=\"noreferrer noopener\">s\u00e9minaire<\/a> ou votre cocktail d\u2019entreprise ! Faites vous accompagner par des <strong>traiteurs qualifi\u00e9s <\/strong>pour votre \u00e9v\u00e9nement d&rsquo;entreprise. Offrez-vous leur savoir-faire pour garantir \u00e0 vos collaborateurs un <strong>service irr\u00e9prochable<\/strong> et un <strong>repas aussi esth\u00e9tique que savoureux<\/strong>.<\/p>\n\n\n\n<div class=\"wp-block-buttons is-content-justification-center is-layout-flex wp-block-buttons-is-layout-flex\">\n<div class=\"wp-block-button\"><a class=\"wp-block-button__link\" href=\"https:\/\/www.osezmauges.fr\/evenements-pro\/contactez-nous\/\">Envie d&rsquo;une prestation sur mesure ? Contactez-nous \u260e\ufe0f<\/a><\/div>\n<\/div>\n\n\n\n<hr class=\"wp-block-separator\"\/>\n\n\n\n<div class=\"wp-block wp-block-child-post alignwide clear\">\n    \n<div class=\"entityItem\"      data-trigger=\"wpiris-click\">\n    <p class=\"entityItemThumbnail\">\n        <a href=\"https:\/\/www.osezmauges.fr\/evenements-pro\/organiser-son-evenement-pro\/traiteur-evenement-entreprise\/restaurant-harmonie\/\" nofancybox>\n            <img src=\n            \"https:\/\/www.osezmauges.fr\/evenements-pro\/wp-content\/uploads\/sites\/2\/2022\/04\/harmonie-restaurant-les-jardins-de-lAnjou-mauges-sur-loire-gastronomie-\u00a9JardinsAnjou-380x430.jpg\" alt=\"Restaurant l&rsquo;Harmonie pour un repas d&rsquo;entreprise\">\n        <\/a>\n    <\/p>\n        <div class=\"entityItemContent\">\n        \n        \n        <h2 class=\"entityItemContentTitle\">        <a href=\"https:\/\/www.osezmauges.fr\/evenements-pro\/organiser-son-evenement-pro\/traiteur-evenement-entreprise\/restaurant-harmonie\/\">Restaurant l&rsquo;Harmonie pour un repas d&rsquo;entreprise<\/a>\n        <\/h2>\n            <\/div>\n\n    \n    <\/div>\n\n<div class=\"entityItem\"      data-trigger=\"wpiris-click\">\n    <p class=\"entityItemThumbnail\">\n        <a href=\"https:\/\/www.osezmauges.fr\/evenements-pro\/organiser-son-evenement-pro\/traiteur-evenement-entreprise\/aux-saveurs-du-jour\/\" nofancybox>\n            <img src=\n            \"https:\/\/www.osezmauges.fr\/evenements-pro\/wp-content\/uploads\/sites\/2\/2025\/04\/traiteur-aux-saveurs-du-jour-chemille-mauges-osez-mauges-pieces-cocktail\u00a9A.Beranger-20-1-380x430.jpg\" alt=\"Aux Saveurs du Jour\">\n        <\/a>\n    <\/p>\n        <div class=\"entityItemContent\">\n        \n        \n        <h2 class=\"entityItemContentTitle\">        <a href=\"https:\/\/www.osezmauges.fr\/evenements-pro\/organiser-son-evenement-pro\/traiteur-evenement-entreprise\/aux-saveurs-du-jour\/\">Aux Saveurs du Jour<\/a>\n        <\/h2>\n            <\/div>\n\n    \n    <\/div>\n\n<div class=\"entityItem\"      data-trigger=\"wpiris-click\">\n    <p class=\"entityItemThumbnail\">\n        <a href=\"https:\/\/www.osezmauges.fr\/evenements-pro\/organiser-son-evenement-pro\/traiteur-evenement-entreprise\/le-st-sauveur\/\" nofancybox>\n            <img src=\n            \"https:\/\/www.osezmauges.fr\/evenements-pro\/wp-content\/uploads\/sites\/2\/2025\/04\/St-Sauveur-4-1-380x430.jpg\" alt=\"Le St Sauveur\">\n        <\/a>\n    <\/p>\n        <div class=\"entityItemContent\">\n        \n        \n        <h2 class=\"entityItemContentTitle\">        <a href=\"https:\/\/www.osezmauges.fr\/evenements-pro\/organiser-son-evenement-pro\/traiteur-evenement-entreprise\/le-st-sauveur\/\">Le St Sauveur<\/a>\n        <\/h2>\n            <\/div>\n\n    \n    <\/div>\n\n<div class=\"entityItem\"      data-trigger=\"wpiris-click\">\n    <p class=\"entityItemThumbnail\">\n        <a href=\"https:\/\/www.osezmauges.fr\/evenements-pro\/organiser-son-evenement-pro\/traiteur-evenement-entreprise\/traiteur-jardins-anjou\/\" nofancybox>\n            <img src=\n            \"https:\/\/www.osezmauges.fr\/evenements-pro\/wp-content\/uploads\/sites\/2\/2022\/04\/cocktail-entreprise-traiteur-jardin-anjou-la-pommeraye-maine-et-loire-\u00a9JardinsAnjou-380x430.jpg\" alt=\"Traiteur Les Jardins de l&rsquo;Anjou\">\n        <\/a>\n    <\/p>\n        <div class=\"entityItemContent\">\n        \n        \n        <h2 class=\"entityItemContentTitle\">        <a href=\"https:\/\/www.osezmauges.fr\/evenements-pro\/organiser-son-evenement-pro\/traiteur-evenement-entreprise\/traiteur-jardins-anjou\/\">Traiteur Les Jardins de l&rsquo;Anjou<\/a>\n        <\/h2>\n            <\/div>\n\n    \n    <\/div>\n\n<div class=\"entityItem\"      data-trigger=\"wpiris-click\">\n    <p class=\"entityItemThumbnail\">\n        <a href=\"https:\/\/www.osezmauges.fr\/evenements-pro\/organiser-son-evenement-pro\/traiteur-evenement-entreprise\/traiteur-antares\/\" nofancybox>\n            <img src=\n            \"https:\/\/www.osezmauges.fr\/evenements-pro\/wp-content\/uploads\/sites\/2\/2021\/10\/1-pieces-cocktail-my-traiteur-164850-380x430.jpg\" alt=\"L\u2019Antar\u00e8s Traiteur\">\n        <\/a>\n    <\/p>\n        <div class=\"entityItemContent\">\n        \n        \n        <h2 class=\"entityItemContentTitle\">        <a href=\"https:\/\/www.osezmauges.fr\/evenements-pro\/organiser-son-evenement-pro\/traiteur-evenement-entreprise\/traiteur-antares\/\">L\u2019Antar\u00e8s Traiteur<\/a>\n        <\/h2>\n            <\/div>\n\n    \n    <\/div>\n\n<div class=\"entityItem\"      data-trigger=\"wpiris-click\">\n    <p class=\"entityItemThumbnail\">\n        <a href=\"https:\/\/www.osezmauges.fr\/evenements-pro\/organiser-son-evenement-pro\/traiteur-evenement-entreprise\/globe-traiteur\/\" nofancybox>\n            <img src=\n            \"https:\/\/www.osezmauges.fr\/evenements-pro\/wp-content\/uploads\/sites\/2\/2022\/04\/1-1-380x430.jpg\" alt=\"Globe Traiteur\">\n        <\/a>\n    <\/p>\n        <div class=\"entityItemContent\">\n        \n        \n        <h2 class=\"entityItemContentTitle\">        <a href=\"https:\/\/www.osezmauges.fr\/evenements-pro\/organiser-son-evenement-pro\/traiteur-evenement-entreprise\/globe-traiteur\/\">Globe Traiteur<\/a>\n        <\/h2>\n            <\/div>\n\n    \n    <\/div>\n<\/div>","protected":false},"excerpt":{"rendered":"<p>Ne laissez rien au hasard pour votre s\u00e9minaire ou votre cocktail d\u2019entreprise ! Faites vous accompagner par des traiteurs qualifi\u00e9s pour votre \u00e9v\u00e9nement d&rsquo;entreprise. Offrez-vous leur savoir-faire pour garantir \u00e0 vos collaborateurs un service irr\u00e9prochable et un repas aussi esth\u00e9tique que savoureux.<\/p>\n","protected":false},"author":1,"featured_media":8855,"parent":13,"menu_order":1,"comment_status":"closed","ping_status":"closed","template":"","meta":{"_relevanssi_hide_post":"","_relevanssi_hide_content":"","_relevanssi_pin_for_all":"","_relevanssi_pin_keywords":"","_relevanssi_unpin_keywords":"","_relevanssi_related_keywords":"","_relevanssi_related_include_ids":"","_relevanssi_related_exclude_ids":"","_relevanssi_related_no_append":"","_relevanssi_related_not_related":"","_relevanssi_related_posts":"1","_relevanssi_noindex_reason":"","footnotes":""},"class_list":["post-42","page","type-page","status-publish","has-post-thumbnail","hentry"],"acf":[],"yoast_head":"<!-- This site is optimized with the Yoast SEO plugin v26.9 - https:\/\/yoast.com\/product\/yoast-seo-wordpress\/ -->\n<title>Traiteur \u00e9v\u00e9nement d&#039;entreprise entre Angers, Nantes et Cholet<\/title>\n<meta name=\"description\" content=\"En qu\u00eate d&#039;un traiteur qui saura vous offrir une prestation de qualit\u00e9 pour votre \u00e9v\u00e9nement d\u2019entreprise en Maine-et-Loire, d\u00e9couvrez les !\" \/>\n<meta name=\"robots\" content=\"index, follow, max-snippet:-1, max-image-preview:large, max-video-preview:-1\" \/>\n<link rel=\"canonical\" href=\"https:\/\/www.osezmauges.fr\/evenements-pro\/organiser-son-evenement-pro\/traiteur-evenement-entreprise\/\" \/>\n<meta property=\"og:locale\" content=\"fr_FR\" \/>\n<meta property=\"og:type\" content=\"article\" \/>\n<meta property=\"og:title\" content=\"Traiteur \u00e9v\u00e9nement d&#039;entreprise entre Angers, Nantes et Cholet\" \/>\n<meta property=\"og:description\" content=\"En qu\u00eate d&#039;un traiteur qui saura vous offrir une prestation de qualit\u00e9 pour votre \u00e9v\u00e9nement d\u2019entreprise en Maine-et-Loire, d\u00e9couvrez les !\" \/>\n<meta property=\"og:url\" content=\"https:\/\/www.osezmauges.fr\/evenements-pro\/organiser-son-evenement-pro\/traiteur-evenement-entreprise\/\" \/>\n<meta property=\"og:site_name\" content=\"Osez Mauges - Tourisme d&#039;affaire\" \/>\n<meta property=\"article:modified_time\" content=\"2024-02-20T12:20:54+00:00\" \/>\n<meta property=\"og:image\" content=\"https:\/\/www.osezmauges.fr\/evenements-pro\/wp-content\/uploads\/sites\/2\/2022\/04\/TRAITE4.jpg\" \/>\n\t<meta property=\"og:image:width\" content=\"1200\" \/>\n\t<meta property=\"og:image:height\" content=\"800\" \/>\n\t<meta property=\"og:image:type\" content=\"image\/jpeg\" \/>\n<meta name=\"twitter:card\" content=\"summary_large_image\" \/>\n<meta name=\"twitter:label1\" content=\"Dur\u00e9e de lecture estim\u00e9e\" \/>\n\t<meta name=\"twitter:data1\" content=\"1 minute\" \/>\n<script type=\"application\/ld+json\" class=\"yoast-schema-graph\">{\"@context\":\"https:\/\/schema.org\",\"@graph\":[{\"@type\":\"WebPage\",\"@id\":\"https:\/\/www.osezmauges.fr\/evenements-pro\/organiser-son-evenement-pro\/traiteur-evenement-entreprise\/\",\"url\":\"https:\/\/www.osezmauges.fr\/evenements-pro\/organiser-son-evenement-pro\/traiteur-evenement-entreprise\/\",\"name\":\"Traiteur \u00e9v\u00e9nement d'entreprise entre Angers, Nantes et Cholet\",\"isPartOf\":{\"@id\":\"https:\/\/www.osezmauges.fr\/evenements-pro\/#website\"},\"primaryImageOfPage\":{\"@id\":\"https:\/\/www.osezmauges.fr\/evenements-pro\/organiser-son-evenement-pro\/traiteur-evenement-entreprise\/#primaryimage\"},\"image\":{\"@id\":\"https:\/\/www.osezmauges.fr\/evenements-pro\/organiser-son-evenement-pro\/traiteur-evenement-entreprise\/#primaryimage\"},\"thumbnailUrl\":\"https:\/\/www.osezmauges.fr\/evenements-pro\/wp-content\/uploads\/sites\/2\/2022\/04\/TRAITE4.jpg\",\"datePublished\":\"2021-09-02T15:44:11+00:00\",\"dateModified\":\"2024-02-20T12:20:54+00:00\",\"description\":\"En qu\u00eate d'un traiteur qui saura vous offrir une prestation de qualit\u00e9 pour votre \u00e9v\u00e9nement d\u2019entreprise en Maine-et-Loire, d\u00e9couvrez les !\",\"breadcrumb\":{\"@id\":\"https:\/\/www.osezmauges.fr\/evenements-pro\/organiser-son-evenement-pro\/traiteur-evenement-entreprise\/#breadcrumb\"},\"inLanguage\":\"fr-FR\",\"potentialAction\":[{\"@type\":\"ReadAction\",\"target\":[\"https:\/\/www.osezmauges.fr\/evenements-pro\/organiser-son-evenement-pro\/traiteur-evenement-entreprise\/\"]}]},{\"@type\":\"ImageObject\",\"inLanguage\":\"fr-FR\",\"@id\":\"https:\/\/www.osezmauges.fr\/evenements-pro\/organiser-son-evenement-pro\/traiteur-evenement-entreprise\/#primaryimage\",\"url\":\"https:\/\/www.osezmauges.fr\/evenements-pro\/wp-content\/uploads\/sites\/2\/2022\/04\/TRAITE4.jpg\",\"contentUrl\":\"https:\/\/www.osezmauges.fr\/evenements-pro\/wp-content\/uploads\/sites\/2\/2022\/04\/TRAITE4.jpg\",\"width\":1200,\"height\":800},{\"@type\":\"BreadcrumbList\",\"@id\":\"https:\/\/www.osezmauges.fr\/evenements-pro\/organiser-son-evenement-pro\/traiteur-evenement-entreprise\/#breadcrumb\",\"itemListElement\":[{\"@type\":\"ListItem\",\"position\":1,\"name\":\"Accueil\",\"item\":\"https:\/\/www.osezmauges.fr\/evenements-pro\/\"},{\"@type\":\"ListItem\",\"position\":2,\"name\":\"Organiser son \u00e9v\u00e9nement d\u2019entreprise\",\"item\":\"https:\/\/www.osezmauges.fr\/evenements-pro\/organiser-son-evenement-pro\/\"},{\"@type\":\"ListItem\",\"position\":3,\"name\":\"Traiteurs et restaurants\"}]},{\"@type\":\"WebSite\",\"@id\":\"https:\/\/www.osezmauges.fr\/evenements-pro\/#website\",\"url\":\"https:\/\/www.osezmauges.fr\/evenements-pro\/\",\"name\":\"Osez Mauges - Tourisme d&#039;affaire\",\"description\":\"\u00d4sez Mauges\",\"potentialAction\":[{\"@type\":\"SearchAction\",\"target\":{\"@type\":\"EntryPoint\",\"urlTemplate\":\"https:\/\/www.osezmauges.fr\/evenements-pro\/?s={search_term_string}\"},\"query-input\":{\"@type\":\"PropertyValueSpecification\",\"valueRequired\":true,\"valueName\":\"search_term_string\"}}],\"inLanguage\":\"fr-FR\"}]}<\/script>\n<!-- \/ Yoast SEO plugin. -->","yoast_head_json":{"title":"Traiteur \u00e9v\u00e9nement d'entreprise entre Angers, Nantes et Cholet","description":"En qu\u00eate d'un traiteur qui saura vous offrir une prestation de qualit\u00e9 pour votre \u00e9v\u00e9nement d\u2019entreprise en Maine-et-Loire, d\u00e9couvrez les !","robots":{"index":"index","follow":"follow","max-snippet":"max-snippet:-1","max-image-preview":"max-image-preview:large","max-video-preview":"max-video-preview:-1"},"canonical":"https:\/\/www.osezmauges.fr\/evenements-pro\/organiser-son-evenement-pro\/traiteur-evenement-entreprise\/","og_locale":"fr_FR","og_type":"article","og_title":"Traiteur \u00e9v\u00e9nement d'entreprise entre Angers, Nantes et Cholet","og_description":"En qu\u00eate d'un traiteur qui saura vous offrir une prestation de qualit\u00e9 pour votre \u00e9v\u00e9nement d\u2019entreprise en Maine-et-Loire, d\u00e9couvrez les !","og_url":"https:\/\/www.osezmauges.fr\/evenements-pro\/organiser-son-evenement-pro\/traiteur-evenement-entreprise\/","og_site_name":"Osez Mauges - Tourisme d&#039;affaire","article_modified_time":"2024-02-20T12:20:54+00:00","og_image":[{"width":1200,"height":800,"url":"https:\/\/www.osezmauges.fr\/evenements-pro\/wp-content\/uploads\/sites\/2\/2022\/04\/TRAITE4.jpg","type":"image\/jpeg"}],"twitter_card":"summary_large_image","twitter_misc":{"Dur\u00e9e de lecture estim\u00e9e":"1 minute"},"schema":{"@context":"https:\/\/schema.org","@graph":[{"@type":"WebPage","@id":"https:\/\/www.osezmauges.fr\/evenements-pro\/organiser-son-evenement-pro\/traiteur-evenement-entreprise\/","url":"https:\/\/www.osezmauges.fr\/evenements-pro\/organiser-son-evenement-pro\/traiteur-evenement-entreprise\/","name":"Traiteur \u00e9v\u00e9nement d'entreprise entre Angers, Nantes et Cholet","isPartOf":{"@id":"https:\/\/www.osezmauges.fr\/evenements-pro\/#website"},"primaryImageOfPage":{"@id":"https:\/\/www.osezmauges.fr\/evenements-pro\/organiser-son-evenement-pro\/traiteur-evenement-entreprise\/#primaryimage"},"image":{"@id":"https:\/\/www.osezmauges.fr\/evenements-pro\/organiser-son-evenement-pro\/traiteur-evenement-entreprise\/#primaryimage"},"thumbnailUrl":"https:\/\/www.osezmauges.fr\/evenements-pro\/wp-content\/uploads\/sites\/2\/2022\/04\/TRAITE4.jpg","datePublished":"2021-09-02T15:44:11+00:00","dateModified":"2024-02-20T12:20:54+00:00","description":"En qu\u00eate d'un traiteur qui saura vous offrir une prestation de qualit\u00e9 pour votre \u00e9v\u00e9nement d\u2019entreprise en Maine-et-Loire, d\u00e9couvrez les !","breadcrumb":{"@id":"https:\/\/www.osezmauges.fr\/evenements-pro\/organiser-son-evenement-pro\/traiteur-evenement-entreprise\/#breadcrumb"},"inLanguage":"fr-FR","potentialAction":[{"@type":"ReadAction","target":["https:\/\/www.osezmauges.fr\/evenements-pro\/organiser-son-evenement-pro\/traiteur-evenement-entreprise\/"]}]},{"@type":"ImageObject","inLanguage":"fr-FR","@id":"https:\/\/www.osezmauges.fr\/evenements-pro\/organiser-son-evenement-pro\/traiteur-evenement-entreprise\/#primaryimage","url":"https:\/\/www.osezmauges.fr\/evenements-pro\/wp-content\/uploads\/sites\/2\/2022\/04\/TRAITE4.jpg","contentUrl":"https:\/\/www.osezmauges.fr\/evenements-pro\/wp-content\/uploads\/sites\/2\/2022\/04\/TRAITE4.jpg","width":1200,"height":800},{"@type":"BreadcrumbList","@id":"https:\/\/www.osezmauges.fr\/evenements-pro\/organiser-son-evenement-pro\/traiteur-evenement-entreprise\/#breadcrumb","itemListElement":[{"@type":"ListItem","position":1,"name":"Accueil","item":"https:\/\/www.osezmauges.fr\/evenements-pro\/"},{"@type":"ListItem","position":2,"name":"Organiser son \u00e9v\u00e9nement d\u2019entreprise","item":"https:\/\/www.osezmauges.fr\/evenements-pro\/organiser-son-evenement-pro\/"},{"@type":"ListItem","position":3,"name":"Traiteurs et restaurants"}]},{"@type":"WebSite","@id":"https:\/\/www.osezmauges.fr\/evenements-pro\/#website","url":"https:\/\/www.osezmauges.fr\/evenements-pro\/","name":"Osez Mauges - Tourisme d&#039;affaire","description":"\u00d4sez Mauges","potentialAction":[{"@type":"SearchAction","target":{"@type":"EntryPoint","urlTemplate":"https:\/\/www.osezmauges.fr\/evenements-pro\/?s={search_term_string}"},"query-input":{"@type":"PropertyValueSpecification","valueRequired":true,"valueName":"search_term_string"}}],"inLanguage":"fr-FR"}]}},"_links":{"self":[{"href":"https:\/\/www.osezmauges.fr\/evenements-pro\/wp-json\/wp\/v2\/pages\/42","targetHints":{"allow":["GET"]}}],"collection":[{"href":"https:\/\/www.osezmauges.fr\/evenements-pro\/wp-json\/wp\/v2\/pages"}],"about":[{"href":"https:\/\/www.osezmauges.fr\/evenements-pro\/wp-json\/wp\/v2\/types\/page"}],"author":[{"embeddable":true,"href":"https:\/\/www.osezmauges.fr\/evenements-pro\/wp-json\/wp\/v2\/users\/1"}],"replies":[{"embeddable":true,"href":"https:\/\/www.osezmauges.fr\/evenements-pro\/wp-json\/wp\/v2\/comments?post=42"}],"version-history":[{"count":20,"href":"https:\/\/www.osezmauges.fr\/evenements-pro\/wp-json\/wp\/v2\/pages\/42\/revisions"}],"predecessor-version":[{"id":12406,"href":"https:\/\/www.osezmauges.fr\/evenements-pro\/wp-json\/wp\/v2\/pages\/42\/revisions\/12406"}],"up":[{"embeddable":true,"href":"https:\/\/www.osezmauges.fr\/evenements-pro\/wp-json\/wp\/v2\/pages\/13"}],"wp:featuredmedia":[{"embeddable":true,"href":"https:\/\/www.osezmauges.fr\/evenements-pro\/wp-json\/wp\/v2\/media\/8855"}],"wp:attachment":[{"href":"https:\/\/www.osezmauges.fr\/evenements-pro\/wp-json\/wp\/v2\/media?parent=42"}],"curies":[{"name":"wp","href":"https:\/\/api.w.org\/{rel}","templated":true}]}}