{"id":50,"date":"2021-09-02T17:45:08","date_gmt":"2021-09-02T15:45:08","guid":{"rendered":"https:\/\/www.osezmauges.fr\/tourisme-d-affaires\/les-cadeaux-dentreprises\/les-produits-locaux\/"},"modified":"2024-09-23T09:27:37","modified_gmt":"2024-09-23T07:27:37","slug":"cadeaux-entreprise-produits-locaux","status":"publish","type":"page","link":"https:\/\/www.osezmauges.fr\/evenements-pro\/cadeaux-entreprises\/cadeaux-entreprise-produits-locaux\/","title":{"rendered":"Nos id\u00e9es de cadeaux gourmands pour vos salari\u00e9s"},"content":{"rendered":"\n<p class=\"is-style-excerpt\">Adieu les cadeaux peu utiles que l\u2019on glisse dans un tiroir et que l\u2019on oublie. Optez pour une valeur s\u00fbre pour vos cadeaux d\u2019entreprises avec des <strong>coffrets gourmands aux saveurs des Mauges<\/strong>. <\/p>\n\n\n\n<p class=\"is-style-excerpt\">Une bo\u00eete de chocolats artisanaux, un grand cru de vin du Val de Loire, un  panier garni de <strong>produits locaux 100% Made in Mauges<\/strong>\u2026 Ces cadeaux ne resteront peut-\u00eatre pas dans le temps, mais ils raviront sans aucun doute les papilles de vos salari\u00e9s&nbsp;!<\/p>\n\n\n\n<div class=\"wp-block-buttons is-content-justification-center is-layout-flex wp-block-buttons-is-layout-flex\"><\/div>\n\n\n<div class=\"wp-block wp-block-highlight\">\n            <h3 class=\"wp-block-highlight-item wp-block-highlight-title\">\ud83d\udca1\u200b Un devis ? Une question ?<\/h3>\n                <p class=\"wp-block-highlight-item wp-block-highlight-excerpt\">Contactez le service \u00c9v\u00e9nements Pro au <a href=\"tel:02 85 29 99 99\">02 85 29 99 99<\/a> ou par mail : <a href=\"mailto:evenements-pro@osezmauges.fr\" target=\"_blank\" rel=\"noreferrer noopener\">evenements-pro@osezmauges.fr<\/a><\/p>\n    <\/div>\n\n\n<hr class=\"wp-block-separator\"\/>\n\n\n\n<div class=\"wp-block wp-block-child-post alignwide clear\">\n    \n<div class=\"entityItem\"      data-trigger=\"wpiris-click\">\n    <p class=\"entityItemThumbnail\">\n        <a href=\"https:\/\/www.osezmauges.fr\/evenements-pro\/cadeaux-entreprises\/cadeaux-entreprise-produits-locaux\/coffret-box-mauges\/\" nofancybox>\n            <img src=\n            \"https:\/\/www.osezmauges.fr\/evenements-pro\/wp-content\/uploads\/sites\/2\/2024\/09\/coffret-des-mauges-champtoceaux-oa-\u00a9osezmauges-2-380x430.jpg\" alt=\"Mon c\u00d4ffret des Mauges : une box terroir 100 % locale\">\n        <\/a>\n    <\/p>\n        <div class=\"entityItemContent\">\n        \n        \n        <h2 class=\"entityItemContentTitle\">        <a href=\"https:\/\/www.osezmauges.fr\/evenements-pro\/cadeaux-entreprises\/cadeaux-entreprise-produits-locaux\/coffret-box-mauges\/\">Mon c\u00d4ffret des Mauges : une box terroir 100 % locale<\/a>\n        <\/h2>\n            <\/div>\n\n    \n    <\/div>\n\n<div class=\"entityItem\"      data-trigger=\"wpiris-click\">\n    <p class=\"entityItemThumbnail\">\n        <a href=\"https:\/\/www.osezmauges.fr\/evenements-pro\/cadeaux-entreprises\/cadeaux-entreprise-produits-locaux\/coffret-terroir-gouts-couleurs\/\" nofancybox>\n            <img src=\n            \"https:\/\/www.osezmauges.fr\/evenements-pro\/wp-content\/uploads\/sites\/2\/2024\/01\/gouts-couleurs-beaupreau-coffet-terroir-maine-et-loire-produits-locaux-\u00a9Pouvreau-380x430.jpeg\" alt=\"Des Go\u00fbts et des Couleurs &#8211; Sp\u00e9cialiste des coffrets du terroir\">\n        <\/a>\n    <\/p>\n        <div class=\"entityItemContent\">\n        \n        \n        <h2 class=\"entityItemContentTitle\">        <a href=\"https:\/\/www.osezmauges.fr\/evenements-pro\/cadeaux-entreprises\/cadeaux-entreprise-produits-locaux\/coffret-terroir-gouts-couleurs\/\">Des Go\u00fbts et des Couleurs &#8211; Sp\u00e9cialiste des coffrets du terroir<\/a>\n        <\/h2>\n            <\/div>\n\n    \n    <\/div>\n\n<div class=\"entityItem\"      data-trigger=\"wpiris-click\">\n    <p class=\"entityItemThumbnail\">\n        <a href=\"https:\/\/www.osezmauges.fr\/evenements-pro\/cadeaux-entreprises\/cadeaux-entreprise-produits-locaux\/coffret-cadeau-terroir\/\" nofancybox>\n            <img src=\n            \"https:\/\/www.osezmauges.fr\/evenements-pro\/wp-content\/uploads\/sites\/2\/2021\/10\/3-coffret-terroir-vignoble-rethore-davy-saint-remy-mauges-380x430.jpg\" alt=\"Coffret cadeau du terroir du Domaine R\u00e9thor\u00e9-Davy\">\n        <\/a>\n    <\/p>\n        <div class=\"entityItemContent\">\n        \n        \n        <h2 class=\"entityItemContentTitle\">        <a href=\"https:\/\/www.osezmauges.fr\/evenements-pro\/cadeaux-entreprises\/cadeaux-entreprise-produits-locaux\/coffret-cadeau-terroir\/\">Coffret cadeau du terroir du Domaine R\u00e9thor\u00e9-Davy<\/a>\n        <\/h2>\n            <\/div>\n\n    \n    <\/div>\n<\/div>\n\n\n<p><\/p>\n","protected":false},"excerpt":{"rendered":"<p>Adieu les cadeaux peu utiles que l\u2019on glisse dans un tiroir et que l\u2019on oublie. Optez pour une valeur s\u00fbre pour vos cadeaux d\u2019entreprises avec des coffrets gourmands aux saveurs des Mauges. Une bo\u00eete de chocolats artisanaux, un grand cru de vin du Val de Loire, un panier garni de produits locaux 100% Made in [&hellip;]<\/p>\n","protected":false},"author":1,"featured_media":13399,"parent":15,"menu_order":0,"comment_status":"closed","ping_status":"closed","template":"","meta":{"_relevanssi_hide_post":"","_relevanssi_hide_content":"","_relevanssi_pin_for_all":"","_relevanssi_pin_keywords":"","_relevanssi_unpin_keywords":"","_relevanssi_related_keywords":"","_relevanssi_related_include_ids":"","_relevanssi_related_exclude_ids":"","_relevanssi_related_no_append":"","_relevanssi_related_not_related":"","_relevanssi_related_posts":"1","_relevanssi_noindex_reason":"","footnotes":""},"class_list":["post-50","page","type-page","status-publish","has-post-thumbnail","hentry"],"acf":[],"yoast_head":"<!-- This site is optimized with the Yoast SEO plugin v26.9 - https:\/\/yoast.com\/product\/yoast-seo-wordpress\/ -->\n<title>Cadeaux gourmands pour vos salari\u00e9s\u00a0| Nos id\u00e9es 100% Mauges<\/title>\n<meta name=\"description\" content=\"Un \u00e9v\u00e9nement \u00e0 f\u00eater\u00a0? Un collaborateur \u00e0 accueillir\u00a0? D\u00eetes merci \u00e0 vos salari\u00e9s et collaborateurs avec des coffrets cadeaux gourmands 100% Made in Mauges.\" \/>\n<meta name=\"robots\" content=\"index, follow, max-snippet:-1, max-image-preview:large, max-video-preview:-1\" \/>\n<link rel=\"canonical\" href=\"https:\/\/www.osezmauges.fr\/evenements-pro\/cadeaux-entreprises\/cadeaux-entreprise-produits-locaux\/\" \/>\n<meta property=\"og:locale\" content=\"fr_FR\" \/>\n<meta property=\"og:type\" content=\"article\" \/>\n<meta property=\"og:title\" content=\"Cadeaux gourmands pour vos salari\u00e9s\u00a0| Nos id\u00e9es 100% Mauges\" \/>\n<meta property=\"og:description\" content=\"Un \u00e9v\u00e9nement \u00e0 f\u00eater\u00a0? Un collaborateur \u00e0 accueillir\u00a0? D\u00eetes merci \u00e0 vos salari\u00e9s et collaborateurs avec des coffrets cadeaux gourmands 100% Made in Mauges.\" \/>\n<meta property=\"og:url\" content=\"https:\/\/www.osezmauges.fr\/evenements-pro\/cadeaux-entreprises\/cadeaux-entreprise-produits-locaux\/\" \/>\n<meta property=\"og:site_name\" content=\"Osez Mauges - Tourisme d&#039;affaire\" \/>\n<meta property=\"article:modified_time\" content=\"2024-09-23T07:27:37+00:00\" \/>\n<meta property=\"og:image\" content=\"https:\/\/www.osezmauges.fr\/evenements-pro\/wp-content\/uploads\/sites\/2\/2024\/09\/coffret-terroir-mauges-anjou-\u00a9J.Bomard.jpg\" \/>\n\t<meta property=\"og:image:width\" content=\"1500\" \/>\n\t<meta property=\"og:image:height\" content=\"662\" \/>\n\t<meta property=\"og:image:type\" content=\"image\/jpeg\" \/>\n<meta name=\"twitter:card\" content=\"summary_large_image\" \/>\n<meta name=\"twitter:label1\" content=\"Dur\u00e9e de lecture estim\u00e9e\" \/>\n\t<meta name=\"twitter:data1\" content=\"1 minute\" \/>\n<script type=\"application\/ld+json\" class=\"yoast-schema-graph\">{\"@context\":\"https:\/\/schema.org\",\"@graph\":[{\"@type\":\"WebPage\",\"@id\":\"https:\/\/www.osezmauges.fr\/evenements-pro\/cadeaux-entreprises\/cadeaux-entreprise-produits-locaux\/\",\"url\":\"https:\/\/www.osezmauges.fr\/evenements-pro\/cadeaux-entreprises\/cadeaux-entreprise-produits-locaux\/\",\"name\":\"Cadeaux gourmands pour vos salari\u00e9s\u00a0| Nos id\u00e9es 100% Mauges\",\"isPartOf\":{\"@id\":\"https:\/\/www.osezmauges.fr\/evenements-pro\/#website\"},\"primaryImageOfPage\":{\"@id\":\"https:\/\/www.osezmauges.fr\/evenements-pro\/cadeaux-entreprises\/cadeaux-entreprise-produits-locaux\/#primaryimage\"},\"image\":{\"@id\":\"https:\/\/www.osezmauges.fr\/evenements-pro\/cadeaux-entreprises\/cadeaux-entreprise-produits-locaux\/#primaryimage\"},\"thumbnailUrl\":\"https:\/\/www.osezmauges.fr\/evenements-pro\/wp-content\/uploads\/sites\/2\/2024\/09\/coffret-terroir-mauges-anjou-\u00a9J.Bomard.jpg\",\"datePublished\":\"2021-09-02T15:45:08+00:00\",\"dateModified\":\"2024-09-23T07:27:37+00:00\",\"description\":\"Un \u00e9v\u00e9nement \u00e0 f\u00eater\u00a0? Un collaborateur \u00e0 accueillir\u00a0? D\u00eetes merci \u00e0 vos salari\u00e9s et collaborateurs avec des coffrets cadeaux gourmands 100% Made in Mauges.\",\"breadcrumb\":{\"@id\":\"https:\/\/www.osezmauges.fr\/evenements-pro\/cadeaux-entreprises\/cadeaux-entreprise-produits-locaux\/#breadcrumb\"},\"inLanguage\":\"fr-FR\",\"potentialAction\":[{\"@type\":\"ReadAction\",\"target\":[\"https:\/\/www.osezmauges.fr\/evenements-pro\/cadeaux-entreprises\/cadeaux-entreprise-produits-locaux\/\"]}]},{\"@type\":\"ImageObject\",\"inLanguage\":\"fr-FR\",\"@id\":\"https:\/\/www.osezmauges.fr\/evenements-pro\/cadeaux-entreprises\/cadeaux-entreprise-produits-locaux\/#primaryimage\",\"url\":\"https:\/\/www.osezmauges.fr\/evenements-pro\/wp-content\/uploads\/sites\/2\/2024\/09\/coffret-terroir-mauges-anjou-\u00a9J.Bomard.jpg\",\"contentUrl\":\"https:\/\/www.osezmauges.fr\/evenements-pro\/wp-content\/uploads\/sites\/2\/2024\/09\/coffret-terroir-mauges-anjou-\u00a9J.Bomard.jpg\",\"width\":1500,\"height\":662},{\"@type\":\"BreadcrumbList\",\"@id\":\"https:\/\/www.osezmauges.fr\/evenements-pro\/cadeaux-entreprises\/cadeaux-entreprise-produits-locaux\/#breadcrumb\",\"itemListElement\":[{\"@type\":\"ListItem\",\"position\":1,\"name\":\"Accueil\",\"item\":\"https:\/\/www.osezmauges.fr\/evenements-pro\/\"},{\"@type\":\"ListItem\",\"position\":2,\"name\":\"Les cadeaux d&rsquo;entreprises\",\"item\":\"https:\/\/www.osezmauges.fr\/evenements-pro\/cadeaux-entreprises\/\"},{\"@type\":\"ListItem\",\"position\":3,\"name\":\"Nos id\u00e9es de cadeaux gourmands pour vos salari\u00e9s\"}]},{\"@type\":\"WebSite\",\"@id\":\"https:\/\/www.osezmauges.fr\/evenements-pro\/#website\",\"url\":\"https:\/\/www.osezmauges.fr\/evenements-pro\/\",\"name\":\"Osez Mauges - Tourisme d&#039;affaire\",\"description\":\"\u00d4sez Mauges\",\"potentialAction\":[{\"@type\":\"SearchAction\",\"target\":{\"@type\":\"EntryPoint\",\"urlTemplate\":\"https:\/\/www.osezmauges.fr\/evenements-pro\/?s={search_term_string}\"},\"query-input\":{\"@type\":\"PropertyValueSpecification\",\"valueRequired\":true,\"valueName\":\"search_term_string\"}}],\"inLanguage\":\"fr-FR\"}]}<\/script>\n<!-- \/ Yoast SEO plugin. -->","yoast_head_json":{"title":"Cadeaux gourmands pour vos salari\u00e9s\u00a0| Nos id\u00e9es 100% Mauges","description":"Un \u00e9v\u00e9nement \u00e0 f\u00eater\u00a0? Un collaborateur \u00e0 accueillir\u00a0? D\u00eetes merci \u00e0 vos salari\u00e9s et collaborateurs avec des coffrets cadeaux gourmands 100% Made in Mauges.","robots":{"index":"index","follow":"follow","max-snippet":"max-snippet:-1","max-image-preview":"max-image-preview:large","max-video-preview":"max-video-preview:-1"},"canonical":"https:\/\/www.osezmauges.fr\/evenements-pro\/cadeaux-entreprises\/cadeaux-entreprise-produits-locaux\/","og_locale":"fr_FR","og_type":"article","og_title":"Cadeaux gourmands pour vos salari\u00e9s\u00a0| Nos id\u00e9es 100% Mauges","og_description":"Un \u00e9v\u00e9nement \u00e0 f\u00eater\u00a0? Un collaborateur \u00e0 accueillir\u00a0? D\u00eetes merci \u00e0 vos salari\u00e9s et collaborateurs avec des coffrets cadeaux gourmands 100% Made in Mauges.","og_url":"https:\/\/www.osezmauges.fr\/evenements-pro\/cadeaux-entreprises\/cadeaux-entreprise-produits-locaux\/","og_site_name":"Osez Mauges - Tourisme d&#039;affaire","article_modified_time":"2024-09-23T07:27:37+00:00","og_image":[{"width":1500,"height":662,"url":"https:\/\/www.osezmauges.fr\/evenements-pro\/wp-content\/uploads\/sites\/2\/2024\/09\/coffret-terroir-mauges-anjou-\u00a9J.Bomard.jpg","type":"image\/jpeg"}],"twitter_card":"summary_large_image","twitter_misc":{"Dur\u00e9e de lecture estim\u00e9e":"1 minute"},"schema":{"@context":"https:\/\/schema.org","@graph":[{"@type":"WebPage","@id":"https:\/\/www.osezmauges.fr\/evenements-pro\/cadeaux-entreprises\/cadeaux-entreprise-produits-locaux\/","url":"https:\/\/www.osezmauges.fr\/evenements-pro\/cadeaux-entreprises\/cadeaux-entreprise-produits-locaux\/","name":"Cadeaux gourmands pour vos salari\u00e9s\u00a0| Nos id\u00e9es 100% Mauges","isPartOf":{"@id":"https:\/\/www.osezmauges.fr\/evenements-pro\/#website"},"primaryImageOfPage":{"@id":"https:\/\/www.osezmauges.fr\/evenements-pro\/cadeaux-entreprises\/cadeaux-entreprise-produits-locaux\/#primaryimage"},"image":{"@id":"https:\/\/www.osezmauges.fr\/evenements-pro\/cadeaux-entreprises\/cadeaux-entreprise-produits-locaux\/#primaryimage"},"thumbnailUrl":"https:\/\/www.osezmauges.fr\/evenements-pro\/wp-content\/uploads\/sites\/2\/2024\/09\/coffret-terroir-mauges-anjou-\u00a9J.Bomard.jpg","datePublished":"2021-09-02T15:45:08+00:00","dateModified":"2024-09-23T07:27:37+00:00","description":"Un \u00e9v\u00e9nement \u00e0 f\u00eater\u00a0? Un collaborateur \u00e0 accueillir\u00a0? D\u00eetes merci \u00e0 vos salari\u00e9s et collaborateurs avec des coffrets cadeaux gourmands 100% Made in Mauges.","breadcrumb":{"@id":"https:\/\/www.osezmauges.fr\/evenements-pro\/cadeaux-entreprises\/cadeaux-entreprise-produits-locaux\/#breadcrumb"},"inLanguage":"fr-FR","potentialAction":[{"@type":"ReadAction","target":["https:\/\/www.osezmauges.fr\/evenements-pro\/cadeaux-entreprises\/cadeaux-entreprise-produits-locaux\/"]}]},{"@type":"ImageObject","inLanguage":"fr-FR","@id":"https:\/\/www.osezmauges.fr\/evenements-pro\/cadeaux-entreprises\/cadeaux-entreprise-produits-locaux\/#primaryimage","url":"https:\/\/www.osezmauges.fr\/evenements-pro\/wp-content\/uploads\/sites\/2\/2024\/09\/coffret-terroir-mauges-anjou-\u00a9J.Bomard.jpg","contentUrl":"https:\/\/www.osezmauges.fr\/evenements-pro\/wp-content\/uploads\/sites\/2\/2024\/09\/coffret-terroir-mauges-anjou-\u00a9J.Bomard.jpg","width":1500,"height":662},{"@type":"BreadcrumbList","@id":"https:\/\/www.osezmauges.fr\/evenements-pro\/cadeaux-entreprises\/cadeaux-entreprise-produits-locaux\/#breadcrumb","itemListElement":[{"@type":"ListItem","position":1,"name":"Accueil","item":"https:\/\/www.osezmauges.fr\/evenements-pro\/"},{"@type":"ListItem","position":2,"name":"Les cadeaux d&rsquo;entreprises","item":"https:\/\/www.osezmauges.fr\/evenements-pro\/cadeaux-entreprises\/"},{"@type":"ListItem","position":3,"name":"Nos id\u00e9es de cadeaux gourmands pour vos salari\u00e9s"}]},{"@type":"WebSite","@id":"https:\/\/www.osezmauges.fr\/evenements-pro\/#website","url":"https:\/\/www.osezmauges.fr\/evenements-pro\/","name":"Osez Mauges - Tourisme d&#039;affaire","description":"\u00d4sez Mauges","potentialAction":[{"@type":"SearchAction","target":{"@type":"EntryPoint","urlTemplate":"https:\/\/www.osezmauges.fr\/evenements-pro\/?s={search_term_string}"},"query-input":{"@type":"PropertyValueSpecification","valueRequired":true,"valueName":"search_term_string"}}],"inLanguage":"fr-FR"}]}},"_links":{"self":[{"href":"https:\/\/www.osezmauges.fr\/evenements-pro\/wp-json\/wp\/v2\/pages\/50","targetHints":{"allow":["GET"]}}],"collection":[{"href":"https:\/\/www.osezmauges.fr\/evenements-pro\/wp-json\/wp\/v2\/pages"}],"about":[{"href":"https:\/\/www.osezmauges.fr\/evenements-pro\/wp-json\/wp\/v2\/types\/page"}],"author":[{"embeddable":true,"href":"https:\/\/www.osezmauges.fr\/evenements-pro\/wp-json\/wp\/v2\/users\/1"}],"replies":[{"embeddable":true,"href":"https:\/\/www.osezmauges.fr\/evenements-pro\/wp-json\/wp\/v2\/comments?post=50"}],"version-history":[{"count":24,"href":"https:\/\/www.osezmauges.fr\/evenements-pro\/wp-json\/wp\/v2\/pages\/50\/revisions"}],"predecessor-version":[{"id":13443,"href":"https:\/\/www.osezmauges.fr\/evenements-pro\/wp-json\/wp\/v2\/pages\/50\/revisions\/13443"}],"up":[{"embeddable":true,"href":"https:\/\/www.osezmauges.fr\/evenements-pro\/wp-json\/wp\/v2\/pages\/15"}],"wp:featuredmedia":[{"embeddable":true,"href":"https:\/\/www.osezmauges.fr\/evenements-pro\/wp-json\/wp\/v2\/media\/13399"}],"wp:attachment":[{"href":"https:\/\/www.osezmauges.fr\/evenements-pro\/wp-json\/wp\/v2\/media?parent=50"}],"curies":[{"name":"wp","href":"https:\/\/api.w.org\/{rel}","templated":true}]}}