{"id":9012,"date":"2022-04-26T16:40:45","date_gmt":"2022-04-26T14:40:45","guid":{"rendered":"https:\/\/www.osezmauges.fr\/evenements-pro\/?page_id=9012"},"modified":"2025-04-27T17:24:56","modified_gmt":"2025-04-27T15:24:56","slug":"restaurant-harmonie","status":"publish","type":"page","link":"https:\/\/www.osezmauges.fr\/evenements-pro\/organiser-son-evenement-pro\/traiteur-evenement-entreprise\/restaurant-harmonie\/","title":{"rendered":"Restaurant l&rsquo;Harmonie pour un repas d&rsquo;entreprise"},"content":{"rendered":"\n<div class=\"wp-block-columns is-layout-flex wp-container-core-columns-is-layout-9d6595d7 wp-block-columns-is-layout-flex\">\n<div class=\"wp-block-column is-layout-flow wp-block-column-is-layout-flow\">\n<p class=\"is-style-excerpt\">Au c\u0153ur d&rsquo;un restaurant lumineux ouvert sur un parc arbor\u00e9 de 8 hectares, organisez vos prochains cocktails, afterworks ou repas d&rsquo;affaires. Envie d&rsquo;aller \u00e0 l&rsquo;ext\u00e9rieur ? Deux terrasses s&rsquo;offrent \u00e0 vous pour les soir\u00e9es estivales. <\/p>\n\n\n\n<p class=\"is-style-excerpt\">Une cuisine savoureuse favorisant les produits locaux et de saison r\u00e9galera les clients ou collaborateurs invit\u00e9s. <\/p>\n<\/div>\n\n\n\n<div class=\"wp-block-column is-layout-flow wp-block-column-is-layout-flow\"><div class=\"wp-block wp-block-highlight\">\n                <p class=\"wp-block-highlight-item wp-block-highlight-excerpt\">Les Jardins de l&rsquo;Anjou<br>9 Chemin du Vaujou<br>La Pommeraye<br>49620 MAUGES-SUR-LOIRE<br><br>02 41 35 11 00 <br>reservation@jardinsdelanjou.fr<br><a href=\"https:\/\/www.jardinsdelanjou.fr\/\" target=\"_blank\" rel=\"noreferrer noopener\">Site web<\/a><\/p>\n    <\/div><\/div>\n<\/div>\n\n\n\n<figure class=\"wp-block-gallery alignwide columns-2 is-cropped wp-block-gallery-1 is-layout-flex wp-block-gallery-is-layout-flex\"><ul class=\"blocks-gallery-grid\"><li class=\"blocks-gallery-item\"><figure><a href=\"https:\/\/www.osezmauges.fr\/evenements-pro\/wp-content\/uploads\/sites\/2\/2022\/04\/harmonie-restaurant-les-jardins-de-lAnjou-mauges-sur-loire-gastronomie-\u00a9JardinsAnjou.jpg\"><img width=\"1200\" height=\"799\" data-src=\"https:\/\/www.osezmauges.fr\/evenements-pro\/wp-content\/uploads\/sites\/2\/2022\/04\/harmonie-restaurant-les-jardins-de-lAnjou-mauges-sur-loire-gastronomie-\u00a9JardinsAnjou.jpg\" alt=\"\" data-id=\"9013\" data-full-url=\"https:\/\/www.osezmauges.fr\/evenements-pro\/wp-content\/uploads\/sites\/2\/2022\/04\/harmonie-restaurant-les-jardins-de-lAnjou-mauges-sur-loire-gastronomie-\u00a9JardinsAnjou.jpg\" data-link=\"https:\/\/www.osezmauges.fr\/evenements-pro\/harmonie-restaurant-les-jardins-de-lanjou-mauges-sur-loire-gastronomie-jardinsanjou\/\" class=\"wp-image-9013\" srcset=\"https:\/\/www.osezmauges.fr\/evenements-pro\/wp-content\/uploads\/sites\/2\/2022\/04\/harmonie-restaurant-les-jardins-de-lAnjou-mauges-sur-loire-gastronomie-\u00a9JardinsAnjou.jpg 1200w, https:\/\/www.osezmauges.fr\/evenements-pro\/wp-content\/uploads\/sites\/2\/2022\/04\/harmonie-restaurant-les-jardins-de-lAnjou-mauges-sur-loire-gastronomie-\u00a9JardinsAnjou-600x400.jpg 600w, https:\/\/www.osezmauges.fr\/evenements-pro\/wp-content\/uploads\/sites\/2\/2022\/04\/harmonie-restaurant-les-jardins-de-lAnjou-mauges-sur-loire-gastronomie-\u00a9JardinsAnjou-300x200.jpg 300w, https:\/\/www.osezmauges.fr\/evenements-pro\/wp-content\/uploads\/sites\/2\/2022\/04\/harmonie-restaurant-les-jardins-de-lAnjou-mauges-sur-loire-gastronomie-\u00a9JardinsAnjou-900x599.jpg 900w, https:\/\/www.osezmauges.fr\/evenements-pro\/wp-content\/uploads\/sites\/2\/2022\/04\/harmonie-restaurant-les-jardins-de-lAnjou-mauges-sur-loire-gastronomie-\u00a9JardinsAnjou-650x433.jpg 650w\" sizes=\"(max-width: 1200px) 100vw, 1200px\" \/><\/a><figcaption class=\"blocks-gallery-item__caption\">Assiette de Saint-Jacques \u00a9 JDA<\/figcaption><\/figure><\/li><li class=\"blocks-gallery-item\"><figure><a href=\"https:\/\/www.osezmauges.fr\/evenements-pro\/wp-content\/uploads\/sites\/2\/2022\/04\/salle-restaurant-harmonie-jardins-anjou-la-pommeraye-maine-et-loire-\u00a9JardinsAnjou.jpg\"><img width=\"1162\" height=\"1200\" data-src=\"https:\/\/www.osezmauges.fr\/evenements-pro\/wp-content\/uploads\/sites\/2\/2022\/04\/salle-restaurant-harmonie-jardins-anjou-la-pommeraye-maine-et-loire-\u00a9JardinsAnjou.jpg\" alt=\"\" data-id=\"9015\" data-full-url=\"https:\/\/www.osezmauges.fr\/evenements-pro\/wp-content\/uploads\/sites\/2\/2022\/04\/salle-restaurant-harmonie-jardins-anjou-la-pommeraye-maine-et-loire-\u00a9JardinsAnjou.jpg\" data-link=\"https:\/\/www.osezmauges.fr\/evenements-pro\/salle-restaurant-harmonie-jardins-anjou-la-pommeraye-maine-et-loire-jardinsanjou\/\" class=\"wp-image-9015\" srcset=\"https:\/\/www.osezmauges.fr\/evenements-pro\/wp-content\/uploads\/sites\/2\/2022\/04\/salle-restaurant-harmonie-jardins-anjou-la-pommeraye-maine-et-loire-\u00a9JardinsAnjou.jpg 1162w, https:\/\/www.osezmauges.fr\/evenements-pro\/wp-content\/uploads\/sites\/2\/2022\/04\/salle-restaurant-harmonie-jardins-anjou-la-pommeraye-maine-et-loire-\u00a9JardinsAnjou-581x600.jpg 581w, https:\/\/www.osezmauges.fr\/evenements-pro\/wp-content\/uploads\/sites\/2\/2022\/04\/salle-restaurant-harmonie-jardins-anjou-la-pommeraye-maine-et-loire-\u00a9JardinsAnjou-300x310.jpg 300w, https:\/\/www.osezmauges.fr\/evenements-pro\/wp-content\/uploads\/sites\/2\/2022\/04\/salle-restaurant-harmonie-jardins-anjou-la-pommeraye-maine-et-loire-\u00a9JardinsAnjou-872x900.jpg 872w, https:\/\/www.osezmauges.fr\/evenements-pro\/wp-content\/uploads\/sites\/2\/2022\/04\/salle-restaurant-harmonie-jardins-anjou-la-pommeraye-maine-et-loire-\u00a9JardinsAnjou-650x671.jpg 650w\" sizes=\"(max-width: 1162px) 100vw, 1162px\" \/><\/a><figcaption class=\"blocks-gallery-item__caption\">Salle du restaurant l&rsquo;Harmonie \u00a9 JDA<\/figcaption><\/figure><\/li><\/ul><\/figure>\n\n\n\n<h2 class=\"wp-block-heading\">Pourquoi les choisir ? <\/h2>\n\n\n\n<ul class=\"wp-block-list\"><li><span style=\"font-size: 1.125rem\">Une cuisine locale et de saison pour \u00e9veiller les papilles de vos convives<\/span><\/li><li>Une capacit\u00e9 de 280 couverts avec un espace privatisable pour vos \u00e9v\u00e9nements<\/li><li><span style=\"font-size: 1.125rem\">Un cadre exceptionnel dans un parc arbor\u00e9 et paysag<\/span>er<\/li><li><span style=\"font-size: 1.125rem\">Des salles de r\u00e9unions et un h\u00f4tel sur place pour assurer votre prestation de A \u00e0 Z <\/span><\/li><\/ul>\n\n\n\n<h3 class=\"wp-block-heading\"><strong>Prestations <\/strong>: <\/h3>\n\n\n\n<ul class=\"wp-block-list\"><li>Menus s\u00e9minaire<\/li><li>Menus am\u00e9lior\u00e9s <\/li><li>Cocktails d\u00e9jeunatoires, dinatoires<\/li><li>Buffets<\/li><\/ul>\n","protected":false},"excerpt":{"rendered":"<p>Au c\u0153ur d&rsquo;un restaurant lumineux ouvert sur un parc arbor\u00e9 de 8 hectares, organisez vos prochains cocktails, afterworks ou repas d&rsquo;affaires. Envie d&rsquo;aller \u00e0 l&rsquo;ext\u00e9rieur ? Deux terrasses s&rsquo;offrent \u00e0 vous pour les soir\u00e9es estivales. Une cuisine savoureuse favorisant les produits locaux et de saison r\u00e9galera les clients ou collaborateurs invit\u00e9s. Pourquoi les choisir ? [&hellip;]<\/p>\n","protected":false},"author":4,"featured_media":9013,"parent":42,"menu_order":3,"comment_status":"closed","ping_status":"closed","template":"","meta":{"_relevanssi_hide_post":"","_relevanssi_hide_content":"","_relevanssi_pin_for_all":"","_relevanssi_pin_keywords":"","_relevanssi_unpin_keywords":"","_relevanssi_related_keywords":"","_relevanssi_related_include_ids":"","_relevanssi_related_exclude_ids":"","_relevanssi_related_no_append":"","_relevanssi_related_not_related":"","_relevanssi_related_posts":"1","_relevanssi_noindex_reason":"","footnotes":""},"class_list":["post-9012","page","type-page","status-publish","has-post-thumbnail","hentry"],"acf":[],"yoast_head":"<!-- This site is optimized with the Yoast SEO plugin v26.9 - https:\/\/yoast.com\/product\/yoast-seo-wordpress\/ -->\n<title>Repas affaires au Restaurant l&#039;Harmonie - Maine et Loire<\/title>\n<meta name=\"description\" content=\"Votre repas d&#039;entreprise \u00e0 deux pas des bords de Loire, c&#039;est possible avec le restaurant l&#039;Harmonie \u00e0 La Pommeraye.\" \/>\n<meta name=\"robots\" content=\"index, follow, max-snippet:-1, max-image-preview:large, max-video-preview:-1\" \/>\n<link rel=\"canonical\" href=\"https:\/\/www.osezmauges.fr\/evenements-pro\/organiser-son-evenement-pro\/traiteur-evenement-entreprise\/restaurant-harmonie\/\" \/>\n<meta property=\"og:locale\" content=\"fr_FR\" \/>\n<meta property=\"og:type\" content=\"article\" \/>\n<meta property=\"og:title\" content=\"Repas affaires au Restaurant l&#039;Harmonie - Maine et Loire\" \/>\n<meta property=\"og:description\" content=\"Votre repas d&#039;entreprise \u00e0 deux pas des bords de Loire, c&#039;est possible avec le restaurant l&#039;Harmonie \u00e0 La Pommeraye.\" \/>\n<meta property=\"og:url\" content=\"https:\/\/www.osezmauges.fr\/evenements-pro\/organiser-son-evenement-pro\/traiteur-evenement-entreprise\/restaurant-harmonie\/\" \/>\n<meta property=\"og:site_name\" content=\"Osez Mauges - Tourisme d&#039;affaire\" \/>\n<meta property=\"article:modified_time\" content=\"2025-04-27T15:24:56+00:00\" \/>\n<meta property=\"og:image\" content=\"https:\/\/www.osezmauges.fr\/evenements-pro\/wp-content\/uploads\/sites\/2\/2022\/04\/harmonie-restaurant-les-jardins-de-lAnjou-mauges-sur-loire-gastronomie-\u00a9JardinsAnjou.jpg\" \/>\n\t<meta property=\"og:image:width\" content=\"1200\" \/>\n\t<meta property=\"og:image:height\" content=\"799\" \/>\n\t<meta property=\"og:image:type\" content=\"image\/jpeg\" \/>\n<meta name=\"twitter:card\" content=\"summary_large_image\" \/>\n<meta name=\"twitter:label1\" content=\"Dur\u00e9e de lecture estim\u00e9e\" \/>\n\t<meta name=\"twitter:data1\" content=\"2 minutes\" \/>\n<script type=\"application\/ld+json\" class=\"yoast-schema-graph\">{\"@context\":\"https:\/\/schema.org\",\"@graph\":[{\"@type\":\"WebPage\",\"@id\":\"https:\/\/www.osezmauges.fr\/evenements-pro\/organiser-son-evenement-pro\/traiteur-evenement-entreprise\/restaurant-harmonie\/\",\"url\":\"https:\/\/www.osezmauges.fr\/evenements-pro\/organiser-son-evenement-pro\/traiteur-evenement-entreprise\/restaurant-harmonie\/\",\"name\":\"Repas affaires au Restaurant l'Harmonie - Maine et Loire\",\"isPartOf\":{\"@id\":\"https:\/\/www.osezmauges.fr\/evenements-pro\/#website\"},\"primaryImageOfPage\":{\"@id\":\"https:\/\/www.osezmauges.fr\/evenements-pro\/organiser-son-evenement-pro\/traiteur-evenement-entreprise\/restaurant-harmonie\/#primaryimage\"},\"image\":{\"@id\":\"https:\/\/www.osezmauges.fr\/evenements-pro\/organiser-son-evenement-pro\/traiteur-evenement-entreprise\/restaurant-harmonie\/#primaryimage\"},\"thumbnailUrl\":\"https:\/\/www.osezmauges.fr\/evenements-pro\/wp-content\/uploads\/sites\/2\/2022\/04\/harmonie-restaurant-les-jardins-de-lAnjou-mauges-sur-loire-gastronomie-\u00a9JardinsAnjou.jpg\",\"datePublished\":\"2022-04-26T14:40:45+00:00\",\"dateModified\":\"2025-04-27T15:24:56+00:00\",\"description\":\"Votre repas d'entreprise \u00e0 deux pas des bords de Loire, c'est possible avec le restaurant l'Harmonie \u00e0 La Pommeraye.\",\"breadcrumb\":{\"@id\":\"https:\/\/www.osezmauges.fr\/evenements-pro\/organiser-son-evenement-pro\/traiteur-evenement-entreprise\/restaurant-harmonie\/#breadcrumb\"},\"inLanguage\":\"fr-FR\",\"potentialAction\":[{\"@type\":\"ReadAction\",\"target\":[\"https:\/\/www.osezmauges.fr\/evenements-pro\/organiser-son-evenement-pro\/traiteur-evenement-entreprise\/restaurant-harmonie\/\"]}]},{\"@type\":\"ImageObject\",\"inLanguage\":\"fr-FR\",\"@id\":\"https:\/\/www.osezmauges.fr\/evenements-pro\/organiser-son-evenement-pro\/traiteur-evenement-entreprise\/restaurant-harmonie\/#primaryimage\",\"url\":\"https:\/\/www.osezmauges.fr\/evenements-pro\/wp-content\/uploads\/sites\/2\/2022\/04\/harmonie-restaurant-les-jardins-de-lAnjou-mauges-sur-loire-gastronomie-\u00a9JardinsAnjou.jpg\",\"contentUrl\":\"https:\/\/www.osezmauges.fr\/evenements-pro\/wp-content\/uploads\/sites\/2\/2022\/04\/harmonie-restaurant-les-jardins-de-lAnjou-mauges-sur-loire-gastronomie-\u00a9JardinsAnjou.jpg\",\"width\":1200,\"height\":799},{\"@type\":\"BreadcrumbList\",\"@id\":\"https:\/\/www.osezmauges.fr\/evenements-pro\/organiser-son-evenement-pro\/traiteur-evenement-entreprise\/restaurant-harmonie\/#breadcrumb\",\"itemListElement\":[{\"@type\":\"ListItem\",\"position\":1,\"name\":\"Accueil\",\"item\":\"https:\/\/www.osezmauges.fr\/evenements-pro\/\"},{\"@type\":\"ListItem\",\"position\":2,\"name\":\"Organiser son \u00e9v\u00e9nement d\u2019entreprise\",\"item\":\"https:\/\/www.osezmauges.fr\/evenements-pro\/organiser-son-evenement-pro\/\"},{\"@type\":\"ListItem\",\"position\":3,\"name\":\"Traiteurs et restaurants\",\"item\":\"https:\/\/www.osezmauges.fr\/evenements-pro\/organiser-son-evenement-pro\/traiteur-evenement-entreprise\/\"},{\"@type\":\"ListItem\",\"position\":4,\"name\":\"Restaurant l&rsquo;Harmonie pour un repas d&rsquo;entreprise\"}]},{\"@type\":\"WebSite\",\"@id\":\"https:\/\/www.osezmauges.fr\/evenements-pro\/#website\",\"url\":\"https:\/\/www.osezmauges.fr\/evenements-pro\/\",\"name\":\"Osez Mauges - Tourisme d&#039;affaire\",\"description\":\"\u00d4sez Mauges\",\"potentialAction\":[{\"@type\":\"SearchAction\",\"target\":{\"@type\":\"EntryPoint\",\"urlTemplate\":\"https:\/\/www.osezmauges.fr\/evenements-pro\/?s={search_term_string}\"},\"query-input\":{\"@type\":\"PropertyValueSpecification\",\"valueRequired\":true,\"valueName\":\"search_term_string\"}}],\"inLanguage\":\"fr-FR\"}]}<\/script>\n<!-- \/ Yoast SEO plugin. -->","yoast_head_json":{"title":"Repas affaires au Restaurant l'Harmonie - Maine et Loire","description":"Votre repas d'entreprise \u00e0 deux pas des bords de Loire, c'est possible avec le restaurant l'Harmonie \u00e0 La Pommeraye.","robots":{"index":"index","follow":"follow","max-snippet":"max-snippet:-1","max-image-preview":"max-image-preview:large","max-video-preview":"max-video-preview:-1"},"canonical":"https:\/\/www.osezmauges.fr\/evenements-pro\/organiser-son-evenement-pro\/traiteur-evenement-entreprise\/restaurant-harmonie\/","og_locale":"fr_FR","og_type":"article","og_title":"Repas affaires au Restaurant l'Harmonie - Maine et Loire","og_description":"Votre repas d'entreprise \u00e0 deux pas des bords de Loire, c'est possible avec le restaurant l'Harmonie \u00e0 La Pommeraye.","og_url":"https:\/\/www.osezmauges.fr\/evenements-pro\/organiser-son-evenement-pro\/traiteur-evenement-entreprise\/restaurant-harmonie\/","og_site_name":"Osez Mauges - Tourisme d&#039;affaire","article_modified_time":"2025-04-27T15:24:56+00:00","og_image":[{"width":1200,"height":799,"url":"https:\/\/www.osezmauges.fr\/evenements-pro\/wp-content\/uploads\/sites\/2\/2022\/04\/harmonie-restaurant-les-jardins-de-lAnjou-mauges-sur-loire-gastronomie-\u00a9JardinsAnjou.jpg","type":"image\/jpeg"}],"twitter_card":"summary_large_image","twitter_misc":{"Dur\u00e9e de lecture estim\u00e9e":"2 minutes"},"schema":{"@context":"https:\/\/schema.org","@graph":[{"@type":"WebPage","@id":"https:\/\/www.osezmauges.fr\/evenements-pro\/organiser-son-evenement-pro\/traiteur-evenement-entreprise\/restaurant-harmonie\/","url":"https:\/\/www.osezmauges.fr\/evenements-pro\/organiser-son-evenement-pro\/traiteur-evenement-entreprise\/restaurant-harmonie\/","name":"Repas affaires au Restaurant l'Harmonie - Maine et Loire","isPartOf":{"@id":"https:\/\/www.osezmauges.fr\/evenements-pro\/#website"},"primaryImageOfPage":{"@id":"https:\/\/www.osezmauges.fr\/evenements-pro\/organiser-son-evenement-pro\/traiteur-evenement-entreprise\/restaurant-harmonie\/#primaryimage"},"image":{"@id":"https:\/\/www.osezmauges.fr\/evenements-pro\/organiser-son-evenement-pro\/traiteur-evenement-entreprise\/restaurant-harmonie\/#primaryimage"},"thumbnailUrl":"https:\/\/www.osezmauges.fr\/evenements-pro\/wp-content\/uploads\/sites\/2\/2022\/04\/harmonie-restaurant-les-jardins-de-lAnjou-mauges-sur-loire-gastronomie-\u00a9JardinsAnjou.jpg","datePublished":"2022-04-26T14:40:45+00:00","dateModified":"2025-04-27T15:24:56+00:00","description":"Votre repas d'entreprise \u00e0 deux pas des bords de Loire, c'est possible avec le restaurant l'Harmonie \u00e0 La Pommeraye.","breadcrumb":{"@id":"https:\/\/www.osezmauges.fr\/evenements-pro\/organiser-son-evenement-pro\/traiteur-evenement-entreprise\/restaurant-harmonie\/#breadcrumb"},"inLanguage":"fr-FR","potentialAction":[{"@type":"ReadAction","target":["https:\/\/www.osezmauges.fr\/evenements-pro\/organiser-son-evenement-pro\/traiteur-evenement-entreprise\/restaurant-harmonie\/"]}]},{"@type":"ImageObject","inLanguage":"fr-FR","@id":"https:\/\/www.osezmauges.fr\/evenements-pro\/organiser-son-evenement-pro\/traiteur-evenement-entreprise\/restaurant-harmonie\/#primaryimage","url":"https:\/\/www.osezmauges.fr\/evenements-pro\/wp-content\/uploads\/sites\/2\/2022\/04\/harmonie-restaurant-les-jardins-de-lAnjou-mauges-sur-loire-gastronomie-\u00a9JardinsAnjou.jpg","contentUrl":"https:\/\/www.osezmauges.fr\/evenements-pro\/wp-content\/uploads\/sites\/2\/2022\/04\/harmonie-restaurant-les-jardins-de-lAnjou-mauges-sur-loire-gastronomie-\u00a9JardinsAnjou.jpg","width":1200,"height":799},{"@type":"BreadcrumbList","@id":"https:\/\/www.osezmauges.fr\/evenements-pro\/organiser-son-evenement-pro\/traiteur-evenement-entreprise\/restaurant-harmonie\/#breadcrumb","itemListElement":[{"@type":"ListItem","position":1,"name":"Accueil","item":"https:\/\/www.osezmauges.fr\/evenements-pro\/"},{"@type":"ListItem","position":2,"name":"Organiser son \u00e9v\u00e9nement d\u2019entreprise","item":"https:\/\/www.osezmauges.fr\/evenements-pro\/organiser-son-evenement-pro\/"},{"@type":"ListItem","position":3,"name":"Traiteurs et restaurants","item":"https:\/\/www.osezmauges.fr\/evenements-pro\/organiser-son-evenement-pro\/traiteur-evenement-entreprise\/"},{"@type":"ListItem","position":4,"name":"Restaurant l&rsquo;Harmonie pour un repas d&rsquo;entreprise"}]},{"@type":"WebSite","@id":"https:\/\/www.osezmauges.fr\/evenements-pro\/#website","url":"https:\/\/www.osezmauges.fr\/evenements-pro\/","name":"Osez Mauges - Tourisme d&#039;affaire","description":"\u00d4sez Mauges","potentialAction":[{"@type":"SearchAction","target":{"@type":"EntryPoint","urlTemplate":"https:\/\/www.osezmauges.fr\/evenements-pro\/?s={search_term_string}"},"query-input":{"@type":"PropertyValueSpecification","valueRequired":true,"valueName":"search_term_string"}}],"inLanguage":"fr-FR"}]}},"_links":{"self":[{"href":"https:\/\/www.osezmauges.fr\/evenements-pro\/wp-json\/wp\/v2\/pages\/9012","targetHints":{"allow":["GET"]}}],"collection":[{"href":"https:\/\/www.osezmauges.fr\/evenements-pro\/wp-json\/wp\/v2\/pages"}],"about":[{"href":"https:\/\/www.osezmauges.fr\/evenements-pro\/wp-json\/wp\/v2\/types\/page"}],"author":[{"embeddable":true,"href":"https:\/\/www.osezmauges.fr\/evenements-pro\/wp-json\/wp\/v2\/users\/4"}],"replies":[{"embeddable":true,"href":"https:\/\/www.osezmauges.fr\/evenements-pro\/wp-json\/wp\/v2\/comments?post=9012"}],"version-history":[{"count":3,"href":"https:\/\/www.osezmauges.fr\/evenements-pro\/wp-json\/wp\/v2\/pages\/9012\/revisions"}],"predecessor-version":[{"id":15399,"href":"https:\/\/www.osezmauges.fr\/evenements-pro\/wp-json\/wp\/v2\/pages\/9012\/revisions\/15399"}],"up":[{"embeddable":true,"href":"https:\/\/www.osezmauges.fr\/evenements-pro\/wp-json\/wp\/v2\/pages\/42"}],"wp:featuredmedia":[{"embeddable":true,"href":"https:\/\/www.osezmauges.fr\/evenements-pro\/wp-json\/wp\/v2\/media\/9013"}],"wp:attachment":[{"href":"https:\/\/www.osezmauges.fr\/evenements-pro\/wp-json\/wp\/v2\/media?parent=9012"}],"curies":[{"name":"wp","href":"https:\/\/api.w.org\/{rel}","templated":true}]}}