{"id":9018,"date":"2022-04-26T17:03:23","date_gmt":"2022-04-26T15:03:23","guid":{"rendered":"https:\/\/www.osezmauges.fr\/evenements-pro\/?page_id=9018"},"modified":"2025-04-27T16:42:47","modified_gmt":"2025-04-27T14:42:47","slug":"traiteur-jardins-anjou","status":"publish","type":"page","link":"https:\/\/www.osezmauges.fr\/evenements-pro\/organiser-son-evenement-pro\/traiteur-evenement-entreprise\/traiteur-jardins-anjou\/","title":{"rendered":"Traiteur Les Jardins de l&rsquo;Anjou"},"content":{"rendered":"\n<div class=\"wp-block-columns is-layout-flex wp-container-core-columns-is-layout-9d6595d7 wp-block-columns-is-layout-flex\">\n<div class=\"wp-block-column is-layout-flow wp-block-column-is-layout-flow\">\n<p class=\"is-style-excerpt\">Les Jardins de l&rsquo;Anjou se d\u00e9placent sur vos \u00e9v\u00e9nements professionnels pour vous proposer des menus sur-mesure et une cuisine savoureuse et \u00e9tonnante. Cocktails, repas d&rsquo;affaires ou encore galas et afterworks, faites appel \u00e0 leurs services pour r\u00e9galer vos clients ou collaborateurs. Misez sur les ateliers culinaires pour renouveler vos r\u00e9ceptions ! <\/p>\n<\/div>\n\n\n\n<div class=\"wp-block-column is-layout-flow wp-block-column-is-layout-flow\"><div class=\"wp-block wp-block-highlight\">\n                <p class=\"wp-block-highlight-item wp-block-highlight-excerpt\">9 Chemin du Vaujou<br>La Pommeraye<br>49620 MAUGES-SUR-LOIRE<br><br>Votre contact : Gwladys CAILLEAU<strong><br><\/strong>02 41 35 11 08 <br>commercial@jardinsdelanjou.fr<br><a href=\"https:\/\/www.jardinsdelanjou.fr\/\" target=\"_blank\" rel=\"noreferrer noopener\">Site web<\/a><\/p>\n    <\/div><\/div>\n<\/div>\n\n\n\n<figure class=\"wp-block-gallery alignwide columns-2 is-cropped wp-block-gallery-1 is-layout-flex wp-block-gallery-is-layout-flex\"><ul class=\"blocks-gallery-grid\"><li class=\"blocks-gallery-item\"><figure><a href=\"https:\/\/www.osezmauges.fr\/evenements-pro\/wp-content\/uploads\/sites\/2\/2022\/04\/miniardise-traiteur-jardin-anjou-la-pommeraye-maine-et-loire-\u00a9JardinsAnjou.jpg\"><img width=\"800\" height=\"1200\" data-src=\"https:\/\/www.osezmauges.fr\/evenements-pro\/wp-content\/uploads\/sites\/2\/2022\/04\/miniardise-traiteur-jardin-anjou-la-pommeraye-maine-et-loire-\u00a9JardinsAnjou.jpg\" alt=\"\" data-id=\"9022\" data-full-url=\"https:\/\/www.osezmauges.fr\/evenements-pro\/wp-content\/uploads\/sites\/2\/2022\/04\/miniardise-traiteur-jardin-anjou-la-pommeraye-maine-et-loire-\u00a9JardinsAnjou.jpg\" data-link=\"https:\/\/www.osezmauges.fr\/evenements-pro\/miniardise-traiteur-jardin-anjou-la-pommeraye-maine-et-loire-jardinsanjou\/\" class=\"wp-image-9022\" srcset=\"https:\/\/www.osezmauges.fr\/evenements-pro\/wp-content\/uploads\/sites\/2\/2022\/04\/miniardise-traiteur-jardin-anjou-la-pommeraye-maine-et-loire-\u00a9JardinsAnjou.jpg 800w, https:\/\/www.osezmauges.fr\/evenements-pro\/wp-content\/uploads\/sites\/2\/2022\/04\/miniardise-traiteur-jardin-anjou-la-pommeraye-maine-et-loire-\u00a9JardinsAnjou-400x600.jpg 400w, https:\/\/www.osezmauges.fr\/evenements-pro\/wp-content\/uploads\/sites\/2\/2022\/04\/miniardise-traiteur-jardin-anjou-la-pommeraye-maine-et-loire-\u00a9JardinsAnjou-300x450.jpg 300w, https:\/\/www.osezmauges.fr\/evenements-pro\/wp-content\/uploads\/sites\/2\/2022\/04\/miniardise-traiteur-jardin-anjou-la-pommeraye-maine-et-loire-\u00a9JardinsAnjou-600x900.jpg 600w, https:\/\/www.osezmauges.fr\/evenements-pro\/wp-content\/uploads\/sites\/2\/2022\/04\/miniardise-traiteur-jardin-anjou-la-pommeraye-maine-et-loire-\u00a9JardinsAnjou-650x975.jpg 650w\" sizes=\"(max-width: 800px) 100vw, 800px\" \/><\/a><figcaption class=\"blocks-gallery-item__caption\">Bouch\u00e9es ap\u00e9ritives \u00a9 JDA<\/figcaption><\/figure><\/li><li class=\"blocks-gallery-item\"><figure><a href=\"https:\/\/www.osezmauges.fr\/evenements-pro\/wp-content\/uploads\/sites\/2\/2022\/04\/bouchee-cuisine-traiteur-jardin-anjou-la-pommeraye-maine-et-loire-\u00a9JardinsAnjou.jpg\"><img width=\"922\" height=\"1200\" data-src=\"https:\/\/www.osezmauges.fr\/evenements-pro\/wp-content\/uploads\/sites\/2\/2022\/04\/bouchee-cuisine-traiteur-jardin-anjou-la-pommeraye-maine-et-loire-\u00a9JardinsAnjou.jpg\" alt=\"\" data-id=\"9020\" data-full-url=\"https:\/\/www.osezmauges.fr\/evenements-pro\/wp-content\/uploads\/sites\/2\/2022\/04\/bouchee-cuisine-traiteur-jardin-anjou-la-pommeraye-maine-et-loire-\u00a9JardinsAnjou.jpg\" data-link=\"https:\/\/www.osezmauges.fr\/evenements-pro\/bouchee-cuisine-traiteur-jardin-anjou-la-pommeraye-maine-et-loire-jardinsanjou\/\" class=\"wp-image-9020\" srcset=\"https:\/\/www.osezmauges.fr\/evenements-pro\/wp-content\/uploads\/sites\/2\/2022\/04\/bouchee-cuisine-traiteur-jardin-anjou-la-pommeraye-maine-et-loire-\u00a9JardinsAnjou.jpg 922w, https:\/\/www.osezmauges.fr\/evenements-pro\/wp-content\/uploads\/sites\/2\/2022\/04\/bouchee-cuisine-traiteur-jardin-anjou-la-pommeraye-maine-et-loire-\u00a9JardinsAnjou-461x600.jpg 461w, https:\/\/www.osezmauges.fr\/evenements-pro\/wp-content\/uploads\/sites\/2\/2022\/04\/bouchee-cuisine-traiteur-jardin-anjou-la-pommeraye-maine-et-loire-\u00a9JardinsAnjou-300x390.jpg 300w, https:\/\/www.osezmauges.fr\/evenements-pro\/wp-content\/uploads\/sites\/2\/2022\/04\/bouchee-cuisine-traiteur-jardin-anjou-la-pommeraye-maine-et-loire-\u00a9JardinsAnjou-692x900.jpg 692w, https:\/\/www.osezmauges.fr\/evenements-pro\/wp-content\/uploads\/sites\/2\/2022\/04\/bouchee-cuisine-traiteur-jardin-anjou-la-pommeraye-maine-et-loire-\u00a9JardinsAnjou-650x846.jpg 650w\" sizes=\"(max-width: 922px) 100vw, 922px\" \/><\/a><figcaption class=\"blocks-gallery-item__caption\">Cocktails \u00a9 JDA<\/figcaption><\/figure><\/li><\/ul><\/figure>\n\n\n\n<h2 class=\"wp-block-heading\">Pourquoi les choisir ? <\/h2>\n\n\n\n<ul class=\"wp-block-list\"><li><span style=\"font-size: 1.125rem\">Une cuisine locale et de saison pour \u00e9veiller les papilles de vos convives<\/span><\/li><li><span style=\"font-size: 1.125rem\">Des ateliers culinaires innovants sal\u00e9s ou sucr\u00e9s <\/span>pour dynamiser vos \u00e9v\u00e9nements<\/li><li>Un service sur-mesure pour personnaliser votre demande et l&rsquo;adapter selon vos envies<\/li><\/ul>\n\n\n\n<h3 class=\"wp-block-heading\"><strong>Prestations <\/strong>: <\/h3>\n\n\n\n<ul class=\"wp-block-list\"><li>Menus sur mesure pour vos banquets, repas d&rsquo;affaires, galas, cocktails, etc<\/li><li>Ateliers culinaires (plancha, flambages, bar \u00e0 hu\u00eetres, d\u00e9coupes de saumon ou foie gras, bar \u00e0 glace, etc)<\/li><li>Buffets<\/li><\/ul>\n\n\n\n<figure class=\"wp-block-gallery columns-2 is-cropped wp-block-gallery-2 is-layout-flex wp-block-gallery-is-layout-flex\"><ul class=\"blocks-gallery-grid\"><li class=\"blocks-gallery-item\"><figure><img width=\"1200\" height=\"1115\" data-src=\"https:\/\/www.osezmauges.fr\/evenements-pro\/wp-content\/uploads\/sites\/2\/2022\/04\/verrines-restaurant-jardins-anjou-msl-pommeraye-osezmauges-anjou-\u00a9JDA-1.jpg\" alt=\"\" data-id=\"9023\" data-full-url=\"https:\/\/www.osezmauges.fr\/evenements-pro\/wp-content\/uploads\/sites\/2\/2022\/04\/verrines-restaurant-jardins-anjou-msl-pommeraye-osezmauges-anjou-\u00a9JDA-1.jpg\" data-link=\"https:\/\/www.osezmauges.fr\/evenements-pro\/verrines-restaurant-jardins-anjou-msl-pommeraye-osezmauges-anjou-jda-2\/\" class=\"wp-image-9023\" srcset=\"https:\/\/www.osezmauges.fr\/evenements-pro\/wp-content\/uploads\/sites\/2\/2022\/04\/verrines-restaurant-jardins-anjou-msl-pommeraye-osezmauges-anjou-\u00a9JDA-1.jpg 1200w, https:\/\/www.osezmauges.fr\/evenements-pro\/wp-content\/uploads\/sites\/2\/2022\/04\/verrines-restaurant-jardins-anjou-msl-pommeraye-osezmauges-anjou-\u00a9JDA-1-600x558.jpg 600w, https:\/\/www.osezmauges.fr\/evenements-pro\/wp-content\/uploads\/sites\/2\/2022\/04\/verrines-restaurant-jardins-anjou-msl-pommeraye-osezmauges-anjou-\u00a9JDA-1-300x279.jpg 300w, https:\/\/www.osezmauges.fr\/evenements-pro\/wp-content\/uploads\/sites\/2\/2022\/04\/verrines-restaurant-jardins-anjou-msl-pommeraye-osezmauges-anjou-\u00a9JDA-1-900x836.jpg 900w, https:\/\/www.osezmauges.fr\/evenements-pro\/wp-content\/uploads\/sites\/2\/2022\/04\/verrines-restaurant-jardins-anjou-msl-pommeraye-osezmauges-anjou-\u00a9JDA-1-650x604.jpg 650w\" sizes=\"(max-width: 1200px) 100vw, 1200px\" \/><figcaption class=\"blocks-gallery-item__caption\">Verrines pour cocktails \u00a9 JDA<\/figcaption><\/figure><\/li><li class=\"blocks-gallery-item\"><figure><img width=\"1200\" height=\"960\" data-src=\"https:\/\/www.osezmauges.fr\/evenements-pro\/wp-content\/uploads\/sites\/2\/2022\/04\/assiette-repas-affaire-traiteur-jardin-anjou-la-pommeraye-maine-et-loire-\u00a9JardinsAnjou.jpg\" alt=\"\" data-id=\"9019\" data-full-url=\"https:\/\/www.osezmauges.fr\/evenements-pro\/wp-content\/uploads\/sites\/2\/2022\/04\/assiette-repas-affaire-traiteur-jardin-anjou-la-pommeraye-maine-et-loire-\u00a9JardinsAnjou.jpg\" data-link=\"https:\/\/www.osezmauges.fr\/evenements-pro\/assiette-repas-affaire-traiteur-jardin-anjou-la-pommeraye-maine-et-loire-jardinsanjou\/\" class=\"wp-image-9019\" srcset=\"https:\/\/www.osezmauges.fr\/evenements-pro\/wp-content\/uploads\/sites\/2\/2022\/04\/assiette-repas-affaire-traiteur-jardin-anjou-la-pommeraye-maine-et-loire-\u00a9JardinsAnjou.jpg 1200w, https:\/\/www.osezmauges.fr\/evenements-pro\/wp-content\/uploads\/sites\/2\/2022\/04\/assiette-repas-affaire-traiteur-jardin-anjou-la-pommeraye-maine-et-loire-\u00a9JardinsAnjou-600x480.jpg 600w, https:\/\/www.osezmauges.fr\/evenements-pro\/wp-content\/uploads\/sites\/2\/2022\/04\/assiette-repas-affaire-traiteur-jardin-anjou-la-pommeraye-maine-et-loire-\u00a9JardinsAnjou-300x240.jpg 300w, https:\/\/www.osezmauges.fr\/evenements-pro\/wp-content\/uploads\/sites\/2\/2022\/04\/assiette-repas-affaire-traiteur-jardin-anjou-la-pommeraye-maine-et-loire-\u00a9JardinsAnjou-900x720.jpg 900w, https:\/\/www.osezmauges.fr\/evenements-pro\/wp-content\/uploads\/sites\/2\/2022\/04\/assiette-repas-affaire-traiteur-jardin-anjou-la-pommeraye-maine-et-loire-\u00a9JardinsAnjou-650x520.jpg 650w\" sizes=\"(max-width: 1200px) 100vw, 1200px\" \/><figcaption class=\"blocks-gallery-item__caption\">Assiette de saumon \u00a9 JDA<\/figcaption><\/figure><\/li><\/ul><\/figure>\n","protected":false},"excerpt":{"rendered":"<p>Les Jardins de l&rsquo;Anjou se d\u00e9placent sur vos \u00e9v\u00e9nements professionnels pour vous proposer des menus sur-mesure et une cuisine savoureuse et \u00e9tonnante. Cocktails, repas d&rsquo;affaires ou encore galas et afterworks, faites appel \u00e0 leurs services pour r\u00e9galer vos clients ou collaborateurs. Misez sur les ateliers culinaires pour renouveler vos r\u00e9ceptions ! Pourquoi les choisir ? [&hellip;]<\/p>\n","protected":false},"author":4,"featured_media":9021,"parent":42,"menu_order":4,"comment_status":"closed","ping_status":"closed","template":"","meta":{"_relevanssi_hide_post":"","_relevanssi_hide_content":"","_relevanssi_pin_for_all":"","_relevanssi_pin_keywords":"","_relevanssi_unpin_keywords":"","_relevanssi_related_keywords":"","_relevanssi_related_include_ids":"","_relevanssi_related_exclude_ids":"","_relevanssi_related_no_append":"","_relevanssi_related_not_related":"","_relevanssi_related_posts":"1","_relevanssi_noindex_reason":"","footnotes":""},"class_list":["post-9018","page","type-page","status-publish","has-post-thumbnail","hentry"],"acf":[],"yoast_head":"<!-- This site is optimized with the Yoast SEO plugin v26.9 - https:\/\/yoast.com\/product\/yoast-seo-wordpress\/ -->\n<title>Les Jardins de l&#039;Anjou - Maine-et-Loire<\/title>\n<meta name=\"description\" content=\"Cocktails, afterworks ou repas d&#039;entreprises, choisissez le traiteur Les Jardins de l&#039;Anjou \u00e0 La Pommeraye.\" \/>\n<meta name=\"robots\" content=\"index, follow, max-snippet:-1, max-image-preview:large, max-video-preview:-1\" \/>\n<link rel=\"canonical\" href=\"https:\/\/www.osezmauges.fr\/evenements-pro\/organiser-son-evenement-pro\/traiteur-evenement-entreprise\/traiteur-jardins-anjou\/\" \/>\n<meta property=\"og:locale\" content=\"fr_FR\" \/>\n<meta property=\"og:type\" content=\"article\" \/>\n<meta property=\"og:title\" content=\"Les Jardins de l&#039;Anjou - Maine-et-Loire\" \/>\n<meta property=\"og:description\" content=\"Cocktails, afterworks ou repas d&#039;entreprises, choisissez le traiteur Les Jardins de l&#039;Anjou \u00e0 La Pommeraye.\" \/>\n<meta property=\"og:url\" content=\"https:\/\/www.osezmauges.fr\/evenements-pro\/organiser-son-evenement-pro\/traiteur-evenement-entreprise\/traiteur-jardins-anjou\/\" \/>\n<meta property=\"og:site_name\" content=\"Osez Mauges - Tourisme d&#039;affaire\" \/>\n<meta property=\"article:modified_time\" content=\"2025-04-27T14:42:47+00:00\" \/>\n<meta property=\"og:image\" content=\"https:\/\/www.osezmauges.fr\/evenements-pro\/wp-content\/uploads\/sites\/2\/2022\/04\/cocktail-entreprise-traiteur-jardin-anjou-la-pommeraye-maine-et-loire-\u00a9JardinsAnjou.jpg\" \/>\n\t<meta property=\"og:image:width\" content=\"1500\" \/>\n\t<meta property=\"og:image:height\" content=\"1000\" \/>\n\t<meta property=\"og:image:type\" content=\"image\/jpeg\" \/>\n<meta name=\"twitter:card\" content=\"summary_large_image\" \/>\n<meta name=\"twitter:label1\" content=\"Dur\u00e9e de lecture estim\u00e9e\" \/>\n\t<meta name=\"twitter:data1\" content=\"2 minutes\" \/>\n<script type=\"application\/ld+json\" class=\"yoast-schema-graph\">{\"@context\":\"https:\/\/schema.org\",\"@graph\":[{\"@type\":\"WebPage\",\"@id\":\"https:\/\/www.osezmauges.fr\/evenements-pro\/organiser-son-evenement-pro\/traiteur-evenement-entreprise\/traiteur-jardins-anjou\/\",\"url\":\"https:\/\/www.osezmauges.fr\/evenements-pro\/organiser-son-evenement-pro\/traiteur-evenement-entreprise\/traiteur-jardins-anjou\/\",\"name\":\"Les Jardins de l'Anjou - Maine-et-Loire\",\"isPartOf\":{\"@id\":\"https:\/\/www.osezmauges.fr\/evenements-pro\/#website\"},\"primaryImageOfPage\":{\"@id\":\"https:\/\/www.osezmauges.fr\/evenements-pro\/organiser-son-evenement-pro\/traiteur-evenement-entreprise\/traiteur-jardins-anjou\/#primaryimage\"},\"image\":{\"@id\":\"https:\/\/www.osezmauges.fr\/evenements-pro\/organiser-son-evenement-pro\/traiteur-evenement-entreprise\/traiteur-jardins-anjou\/#primaryimage\"},\"thumbnailUrl\":\"https:\/\/www.osezmauges.fr\/evenements-pro\/wp-content\/uploads\/sites\/2\/2022\/04\/cocktail-entreprise-traiteur-jardin-anjou-la-pommeraye-maine-et-loire-\u00a9JardinsAnjou.jpg\",\"datePublished\":\"2022-04-26T15:03:23+00:00\",\"dateModified\":\"2025-04-27T14:42:47+00:00\",\"description\":\"Cocktails, afterworks ou repas d'entreprises, choisissez le traiteur Les Jardins de l'Anjou \u00e0 La Pommeraye.\",\"breadcrumb\":{\"@id\":\"https:\/\/www.osezmauges.fr\/evenements-pro\/organiser-son-evenement-pro\/traiteur-evenement-entreprise\/traiteur-jardins-anjou\/#breadcrumb\"},\"inLanguage\":\"fr-FR\",\"potentialAction\":[{\"@type\":\"ReadAction\",\"target\":[\"https:\/\/www.osezmauges.fr\/evenements-pro\/organiser-son-evenement-pro\/traiteur-evenement-entreprise\/traiteur-jardins-anjou\/\"]}]},{\"@type\":\"ImageObject\",\"inLanguage\":\"fr-FR\",\"@id\":\"https:\/\/www.osezmauges.fr\/evenements-pro\/organiser-son-evenement-pro\/traiteur-evenement-entreprise\/traiteur-jardins-anjou\/#primaryimage\",\"url\":\"https:\/\/www.osezmauges.fr\/evenements-pro\/wp-content\/uploads\/sites\/2\/2022\/04\/cocktail-entreprise-traiteur-jardin-anjou-la-pommeraye-maine-et-loire-\u00a9JardinsAnjou.jpg\",\"contentUrl\":\"https:\/\/www.osezmauges.fr\/evenements-pro\/wp-content\/uploads\/sites\/2\/2022\/04\/cocktail-entreprise-traiteur-jardin-anjou-la-pommeraye-maine-et-loire-\u00a9JardinsAnjou.jpg\",\"width\":1500,\"height\":1000},{\"@type\":\"BreadcrumbList\",\"@id\":\"https:\/\/www.osezmauges.fr\/evenements-pro\/organiser-son-evenement-pro\/traiteur-evenement-entreprise\/traiteur-jardins-anjou\/#breadcrumb\",\"itemListElement\":[{\"@type\":\"ListItem\",\"position\":1,\"name\":\"Accueil\",\"item\":\"https:\/\/www.osezmauges.fr\/evenements-pro\/\"},{\"@type\":\"ListItem\",\"position\":2,\"name\":\"Organiser son \u00e9v\u00e9nement d\u2019entreprise\",\"item\":\"https:\/\/www.osezmauges.fr\/evenements-pro\/organiser-son-evenement-pro\/\"},{\"@type\":\"ListItem\",\"position\":3,\"name\":\"Traiteurs et restaurants\",\"item\":\"https:\/\/www.osezmauges.fr\/evenements-pro\/organiser-son-evenement-pro\/traiteur-evenement-entreprise\/\"},{\"@type\":\"ListItem\",\"position\":4,\"name\":\"Traiteur Les Jardins de l&rsquo;Anjou\"}]},{\"@type\":\"WebSite\",\"@id\":\"https:\/\/www.osezmauges.fr\/evenements-pro\/#website\",\"url\":\"https:\/\/www.osezmauges.fr\/evenements-pro\/\",\"name\":\"Osez Mauges - Tourisme d&#039;affaire\",\"description\":\"\u00d4sez Mauges\",\"potentialAction\":[{\"@type\":\"SearchAction\",\"target\":{\"@type\":\"EntryPoint\",\"urlTemplate\":\"https:\/\/www.osezmauges.fr\/evenements-pro\/?s={search_term_string}\"},\"query-input\":{\"@type\":\"PropertyValueSpecification\",\"valueRequired\":true,\"valueName\":\"search_term_string\"}}],\"inLanguage\":\"fr-FR\"}]}<\/script>\n<!-- \/ Yoast SEO plugin. -->","yoast_head_json":{"title":"Les Jardins de l'Anjou - Maine-et-Loire","description":"Cocktails, afterworks ou repas d'entreprises, choisissez le traiteur Les Jardins de l'Anjou \u00e0 La Pommeraye.","robots":{"index":"index","follow":"follow","max-snippet":"max-snippet:-1","max-image-preview":"max-image-preview:large","max-video-preview":"max-video-preview:-1"},"canonical":"https:\/\/www.osezmauges.fr\/evenements-pro\/organiser-son-evenement-pro\/traiteur-evenement-entreprise\/traiteur-jardins-anjou\/","og_locale":"fr_FR","og_type":"article","og_title":"Les Jardins de l'Anjou - Maine-et-Loire","og_description":"Cocktails, afterworks ou repas d'entreprises, choisissez le traiteur Les Jardins de l'Anjou \u00e0 La Pommeraye.","og_url":"https:\/\/www.osezmauges.fr\/evenements-pro\/organiser-son-evenement-pro\/traiteur-evenement-entreprise\/traiteur-jardins-anjou\/","og_site_name":"Osez Mauges - Tourisme d&#039;affaire","article_modified_time":"2025-04-27T14:42:47+00:00","og_image":[{"width":1500,"height":1000,"url":"https:\/\/www.osezmauges.fr\/evenements-pro\/wp-content\/uploads\/sites\/2\/2022\/04\/cocktail-entreprise-traiteur-jardin-anjou-la-pommeraye-maine-et-loire-\u00a9JardinsAnjou.jpg","type":"image\/jpeg"}],"twitter_card":"summary_large_image","twitter_misc":{"Dur\u00e9e de lecture estim\u00e9e":"2 minutes"},"schema":{"@context":"https:\/\/schema.org","@graph":[{"@type":"WebPage","@id":"https:\/\/www.osezmauges.fr\/evenements-pro\/organiser-son-evenement-pro\/traiteur-evenement-entreprise\/traiteur-jardins-anjou\/","url":"https:\/\/www.osezmauges.fr\/evenements-pro\/organiser-son-evenement-pro\/traiteur-evenement-entreprise\/traiteur-jardins-anjou\/","name":"Les Jardins de l'Anjou - Maine-et-Loire","isPartOf":{"@id":"https:\/\/www.osezmauges.fr\/evenements-pro\/#website"},"primaryImageOfPage":{"@id":"https:\/\/www.osezmauges.fr\/evenements-pro\/organiser-son-evenement-pro\/traiteur-evenement-entreprise\/traiteur-jardins-anjou\/#primaryimage"},"image":{"@id":"https:\/\/www.osezmauges.fr\/evenements-pro\/organiser-son-evenement-pro\/traiteur-evenement-entreprise\/traiteur-jardins-anjou\/#primaryimage"},"thumbnailUrl":"https:\/\/www.osezmauges.fr\/evenements-pro\/wp-content\/uploads\/sites\/2\/2022\/04\/cocktail-entreprise-traiteur-jardin-anjou-la-pommeraye-maine-et-loire-\u00a9JardinsAnjou.jpg","datePublished":"2022-04-26T15:03:23+00:00","dateModified":"2025-04-27T14:42:47+00:00","description":"Cocktails, afterworks ou repas d'entreprises, choisissez le traiteur Les Jardins de l'Anjou \u00e0 La Pommeraye.","breadcrumb":{"@id":"https:\/\/www.osezmauges.fr\/evenements-pro\/organiser-son-evenement-pro\/traiteur-evenement-entreprise\/traiteur-jardins-anjou\/#breadcrumb"},"inLanguage":"fr-FR","potentialAction":[{"@type":"ReadAction","target":["https:\/\/www.osezmauges.fr\/evenements-pro\/organiser-son-evenement-pro\/traiteur-evenement-entreprise\/traiteur-jardins-anjou\/"]}]},{"@type":"ImageObject","inLanguage":"fr-FR","@id":"https:\/\/www.osezmauges.fr\/evenements-pro\/organiser-son-evenement-pro\/traiteur-evenement-entreprise\/traiteur-jardins-anjou\/#primaryimage","url":"https:\/\/www.osezmauges.fr\/evenements-pro\/wp-content\/uploads\/sites\/2\/2022\/04\/cocktail-entreprise-traiteur-jardin-anjou-la-pommeraye-maine-et-loire-\u00a9JardinsAnjou.jpg","contentUrl":"https:\/\/www.osezmauges.fr\/evenements-pro\/wp-content\/uploads\/sites\/2\/2022\/04\/cocktail-entreprise-traiteur-jardin-anjou-la-pommeraye-maine-et-loire-\u00a9JardinsAnjou.jpg","width":1500,"height":1000},{"@type":"BreadcrumbList","@id":"https:\/\/www.osezmauges.fr\/evenements-pro\/organiser-son-evenement-pro\/traiteur-evenement-entreprise\/traiteur-jardins-anjou\/#breadcrumb","itemListElement":[{"@type":"ListItem","position":1,"name":"Accueil","item":"https:\/\/www.osezmauges.fr\/evenements-pro\/"},{"@type":"ListItem","position":2,"name":"Organiser son \u00e9v\u00e9nement d\u2019entreprise","item":"https:\/\/www.osezmauges.fr\/evenements-pro\/organiser-son-evenement-pro\/"},{"@type":"ListItem","position":3,"name":"Traiteurs et restaurants","item":"https:\/\/www.osezmauges.fr\/evenements-pro\/organiser-son-evenement-pro\/traiteur-evenement-entreprise\/"},{"@type":"ListItem","position":4,"name":"Traiteur Les Jardins de l&rsquo;Anjou"}]},{"@type":"WebSite","@id":"https:\/\/www.osezmauges.fr\/evenements-pro\/#website","url":"https:\/\/www.osezmauges.fr\/evenements-pro\/","name":"Osez Mauges - Tourisme d&#039;affaire","description":"\u00d4sez Mauges","potentialAction":[{"@type":"SearchAction","target":{"@type":"EntryPoint","urlTemplate":"https:\/\/www.osezmauges.fr\/evenements-pro\/?s={search_term_string}"},"query-input":{"@type":"PropertyValueSpecification","valueRequired":true,"valueName":"search_term_string"}}],"inLanguage":"fr-FR"}]}},"_links":{"self":[{"href":"https:\/\/www.osezmauges.fr\/evenements-pro\/wp-json\/wp\/v2\/pages\/9018","targetHints":{"allow":["GET"]}}],"collection":[{"href":"https:\/\/www.osezmauges.fr\/evenements-pro\/wp-json\/wp\/v2\/pages"}],"about":[{"href":"https:\/\/www.osezmauges.fr\/evenements-pro\/wp-json\/wp\/v2\/types\/page"}],"author":[{"embeddable":true,"href":"https:\/\/www.osezmauges.fr\/evenements-pro\/wp-json\/wp\/v2\/users\/4"}],"replies":[{"embeddable":true,"href":"https:\/\/www.osezmauges.fr\/evenements-pro\/wp-json\/wp\/v2\/comments?post=9018"}],"version-history":[{"count":4,"href":"https:\/\/www.osezmauges.fr\/evenements-pro\/wp-json\/wp\/v2\/pages\/9018\/revisions"}],"predecessor-version":[{"id":15397,"href":"https:\/\/www.osezmauges.fr\/evenements-pro\/wp-json\/wp\/v2\/pages\/9018\/revisions\/15397"}],"up":[{"embeddable":true,"href":"https:\/\/www.osezmauges.fr\/evenements-pro\/wp-json\/wp\/v2\/pages\/42"}],"wp:featuredmedia":[{"embeddable":true,"href":"https:\/\/www.osezmauges.fr\/evenements-pro\/wp-json\/wp\/v2\/media\/9021"}],"wp:attachment":[{"href":"https:\/\/www.osezmauges.fr\/evenements-pro\/wp-json\/wp\/v2\/media?parent=9018"}],"curies":[{"name":"wp","href":"https:\/\/api.w.org\/{rel}","templated":true}]}}