{"id":9036,"date":"2022-04-26T17:50:31","date_gmt":"2022-04-26T15:50:31","guid":{"rendered":"https:\/\/www.osezmauges.fr\/evenements-pro\/?page_id=9036"},"modified":"2026-05-10T18:40:31","modified_gmt":"2026-05-10T16:40:31","slug":"team-building-bateau-ligeriade","status":"publish","type":"page","link":"https:\/\/www.osezmauges.fr\/evenements-pro\/organiser-son-evenement-pro\/team-building-angers-nantes-cholet\/activites-decouvertes\/team-building-bateau-ligeriade\/","title":{"rendered":"Balade en bateau \u00e0 bord de la Lig\u00e9riade"},"content":{"rendered":"\n<div class=\"wp-block-columns is-layout-flex wp-container-core-columns-is-layout-9d6595d7 wp-block-columns-is-layout-flex\">\n<div class=\"wp-block-column is-layout-flow wp-block-column-is-layout-flow\">\n<p class=\"is-style-excerpt\">Offrez \u00e0 vos \u00e9quipes une parenth\u00e8se d&rsquo;exception au c\u0153ur du fleuve royal. \u00c0 bord de La Lig\u00e9riade, embarquez pour une croisi\u00e8re sur la Loire, \u00e0 la d\u00e9couverte de paysages pr\u00e9serv\u00e9s. Profitez d&rsquo;un cadre naturel remarquable pour partager, \u00e9changer et vivre un \u00e9v\u00e9nement d&rsquo;entreprise m\u00e9morable.<\/p>\n<\/div>\n\n\n\n<div class=\"wp-block-column is-layout-flow wp-block-column-is-layout-flow\"><div class=\"wp-block wp-block-highlight\">\n                <p class=\"wp-block-highlight-item wp-block-highlight-excerpt\">Quai des Mariniers<br>Montjean-sur-Loire<br>49570 MAUGES-SUR-LOIRE<br><br>Votre contact : <strong>Croisi\u00e8res LIG\u00c9RIADE<\/strong><br>02 41 72 81 28<br>croisieres.ligeriade@gmail.com<br><a href=\"https:\/\/www.croisieres-ligeriade.com\/\" target=\"_blank\" rel=\"noreferrer noopener\">Site<\/a><\/p>\n    <\/div><\/div>\n<\/div>\n\n\n\n<figure class=\"wp-block-gallery alignfull has-nested-images columns-default is-cropped wp-block-gallery-1 is-layout-flex wp-block-gallery-is-layout-flex\">\n<figure class=\"wp-block-image size-full\"><img width=\"1440\" height=\"1440\" data-id=\"19510\" data-src=\"https:\/\/www.osezmauges.fr\/evenements-pro\/wp-content\/uploads\/sites\/2\/2026\/05\/662164733_1546674894128484_4552490724063268743_n.jpg\" alt=\"\" class=\"wp-image-19510\" srcset=\"https:\/\/www.osezmauges.fr\/evenements-pro\/wp-content\/uploads\/sites\/2\/2026\/05\/662164733_1546674894128484_4552490724063268743_n.jpg 1440w, https:\/\/www.osezmauges.fr\/evenements-pro\/wp-content\/uploads\/sites\/2\/2026\/05\/662164733_1546674894128484_4552490724063268743_n-600x600.jpg 600w, https:\/\/www.osezmauges.fr\/evenements-pro\/wp-content\/uploads\/sites\/2\/2026\/05\/662164733_1546674894128484_4552490724063268743_n-1200x1200.jpg 1200w, https:\/\/www.osezmauges.fr\/evenements-pro\/wp-content\/uploads\/sites\/2\/2026\/05\/662164733_1546674894128484_4552490724063268743_n-300x300.jpg 300w, https:\/\/www.osezmauges.fr\/evenements-pro\/wp-content\/uploads\/sites\/2\/2026\/05\/662164733_1546674894128484_4552490724063268743_n-900x900.jpg 900w, https:\/\/www.osezmauges.fr\/evenements-pro\/wp-content\/uploads\/sites\/2\/2026\/05\/662164733_1546674894128484_4552490724063268743_n-650x650.jpg 650w, https:\/\/www.osezmauges.fr\/evenements-pro\/wp-content\/uploads\/sites\/2\/2026\/05\/662164733_1546674894128484_4552490724063268743_n-120x120.jpg 120w\" sizes=\"(max-width: 1440px) 100vw, 1440px\" \/><\/figure>\n\n\n\n<figure class=\"wp-block-image size-full\"><img width=\"1920\" height=\"864\" data-id=\"19512\" data-src=\"https:\/\/www.osezmauges.fr\/evenements-pro\/wp-content\/uploads\/sites\/2\/2026\/05\/671876157_1539619864840539_6009910454062571200_n.jpg\" alt=\"\" class=\"wp-image-19512\" srcset=\"https:\/\/www.osezmauges.fr\/evenements-pro\/wp-content\/uploads\/sites\/2\/2026\/05\/671876157_1539619864840539_6009910454062571200_n.jpg 1920w, https:\/\/www.osezmauges.fr\/evenements-pro\/wp-content\/uploads\/sites\/2\/2026\/05\/671876157_1539619864840539_6009910454062571200_n-600x270.jpg 600w, https:\/\/www.osezmauges.fr\/evenements-pro\/wp-content\/uploads\/sites\/2\/2026\/05\/671876157_1539619864840539_6009910454062571200_n-1200x540.jpg 1200w, https:\/\/www.osezmauges.fr\/evenements-pro\/wp-content\/uploads\/sites\/2\/2026\/05\/671876157_1539619864840539_6009910454062571200_n-300x135.jpg 300w, https:\/\/www.osezmauges.fr\/evenements-pro\/wp-content\/uploads\/sites\/2\/2026\/05\/671876157_1539619864840539_6009910454062571200_n-900x405.jpg 900w, https:\/\/www.osezmauges.fr\/evenements-pro\/wp-content\/uploads\/sites\/2\/2026\/05\/671876157_1539619864840539_6009910454062571200_n-1536x691.jpg 1536w, https:\/\/www.osezmauges.fr\/evenements-pro\/wp-content\/uploads\/sites\/2\/2026\/05\/671876157_1539619864840539_6009910454062571200_n-650x293.jpg 650w\" sizes=\"(max-width: 1920px) 100vw, 1920px\" \/><\/figure>\n\n\n\n<figure class=\"wp-block-image size-full\"><img width=\"1200\" height=\"900\" data-id=\"19516\" data-src=\"https:\/\/www.osezmauges.fr\/evenements-pro\/wp-content\/uploads\/sites\/2\/2026\/05\/IMG_6651.jpeg\" alt=\"\" class=\"wp-image-19516\" srcset=\"https:\/\/www.osezmauges.fr\/evenements-pro\/wp-content\/uploads\/sites\/2\/2026\/05\/IMG_6651.jpeg 1200w, https:\/\/www.osezmauges.fr\/evenements-pro\/wp-content\/uploads\/sites\/2\/2026\/05\/IMG_6651-600x450.jpeg 600w, https:\/\/www.osezmauges.fr\/evenements-pro\/wp-content\/uploads\/sites\/2\/2026\/05\/IMG_6651-300x225.jpeg 300w, https:\/\/www.osezmauges.fr\/evenements-pro\/wp-content\/uploads\/sites\/2\/2026\/05\/IMG_6651-900x675.jpeg 900w, https:\/\/www.osezmauges.fr\/evenements-pro\/wp-content\/uploads\/sites\/2\/2026\/05\/IMG_6651-650x488.jpeg 650w\" sizes=\"(max-width: 1200px) 100vw, 1200px\" \/><\/figure>\n<\/figure>\n\n\n\n<h2 class=\"wp-block-heading\">Pourquoi les choisir ?<\/h2>\n\n\n\n<ul class=\"wp-block-list\">\n<li>Situ\u00e9 \u00e0 seulement 35 min d&rsquo;Angers <\/li>\n\n\n\n<li>Profitez du cadre paisible et d\u00e9paysant de la Loire avec la prestations de votre choix<\/li>\n\n\n\n<li>Id\u00e9al pour vous retrouver autour d&rsquo;une activit\u00e9 commune gr\u00e2ce \u00e0 sa grande capacit\u00e9 (75 places)<\/li>\n<\/ul>\n\n\n\n<figure class=\"wp-block-gallery alignwide has-nested-images columns-default is-cropped wp-block-gallery-2 is-layout-flex wp-block-gallery-is-layout-flex\">\n<figure class=\"wp-block-image size-large\"><img width=\"1200\" height=\"900\" data-id=\"19515\" data-src=\"https:\/\/www.osezmauges.fr\/evenements-pro\/wp-content\/uploads\/sites\/2\/2026\/05\/681370939_1547694817366377_203961532420835706_n-1200x900.jpg\" alt=\"\" class=\"wp-image-19515\" srcset=\"https:\/\/www.osezmauges.fr\/evenements-pro\/wp-content\/uploads\/sites\/2\/2026\/05\/681370939_1547694817366377_203961532420835706_n-1200x900.jpg 1200w, https:\/\/www.osezmauges.fr\/evenements-pro\/wp-content\/uploads\/sites\/2\/2026\/05\/681370939_1547694817366377_203961532420835706_n-600x450.jpg 600w, https:\/\/www.osezmauges.fr\/evenements-pro\/wp-content\/uploads\/sites\/2\/2026\/05\/681370939_1547694817366377_203961532420835706_n-300x225.jpg 300w, https:\/\/www.osezmauges.fr\/evenements-pro\/wp-content\/uploads\/sites\/2\/2026\/05\/681370939_1547694817366377_203961532420835706_n-900x675.jpg 900w, https:\/\/www.osezmauges.fr\/evenements-pro\/wp-content\/uploads\/sites\/2\/2026\/05\/681370939_1547694817366377_203961532420835706_n-1536x1152.jpg 1536w, https:\/\/www.osezmauges.fr\/evenements-pro\/wp-content\/uploads\/sites\/2\/2026\/05\/681370939_1547694817366377_203961532420835706_n-650x488.jpg 650w, https:\/\/www.osezmauges.fr\/evenements-pro\/wp-content\/uploads\/sites\/2\/2026\/05\/681370939_1547694817366377_203961532420835706_n.jpg 1920w\" sizes=\"(max-width: 1200px) 100vw, 1200px\" \/><figcaption class=\"wp-element-caption\">Configuration cocktail \u00a9 La Lig\u00e9riade<\/figcaption><\/figure>\n\n\n\n<figure class=\"wp-block-image size-large\"><img width=\"1200\" height=\"540\" data-id=\"19517\" data-src=\"https:\/\/www.osezmauges.fr\/evenements-pro\/wp-content\/uploads\/sites\/2\/2026\/05\/679347374_1547691427366716_4315778342373805853_n-1200x540.jpg\" alt=\"\" class=\"wp-image-19517\" srcset=\"https:\/\/www.osezmauges.fr\/evenements-pro\/wp-content\/uploads\/sites\/2\/2026\/05\/679347374_1547691427366716_4315778342373805853_n-1200x540.jpg 1200w, https:\/\/www.osezmauges.fr\/evenements-pro\/wp-content\/uploads\/sites\/2\/2026\/05\/679347374_1547691427366716_4315778342373805853_n-600x270.jpg 600w, https:\/\/www.osezmauges.fr\/evenements-pro\/wp-content\/uploads\/sites\/2\/2026\/05\/679347374_1547691427366716_4315778342373805853_n-300x135.jpg 300w, https:\/\/www.osezmauges.fr\/evenements-pro\/wp-content\/uploads\/sites\/2\/2026\/05\/679347374_1547691427366716_4315778342373805853_n-900x405.jpg 900w, https:\/\/www.osezmauges.fr\/evenements-pro\/wp-content\/uploads\/sites\/2\/2026\/05\/679347374_1547691427366716_4315778342373805853_n-1536x691.jpg 1536w, https:\/\/www.osezmauges.fr\/evenements-pro\/wp-content\/uploads\/sites\/2\/2026\/05\/679347374_1547691427366716_4315778342373805853_n-650x293.jpg 650w, https:\/\/www.osezmauges.fr\/evenements-pro\/wp-content\/uploads\/sites\/2\/2026\/05\/679347374_1547691427366716_4315778342373805853_n.jpg 1920w\" sizes=\"(max-width: 1200px) 100vw, 1200px\" \/><figcaption class=\"wp-element-caption\">Configuration brunch \u00a9 La Lig\u00e9riade<\/figcaption><\/figure>\n<\/figure>\n\n\n\n<h2 class=\"wp-block-heading\">Prestations\u00a0:<\/h2>\n\n\n\n<ul class=\"wp-block-list\">\n<li>Jusqu&rsquo;\u00e0 75 passagers<br>Navigation du 4 avril \u00e0 d\u00e9but d\u00e9cembre<br>Prestations possibles : balade comment\u00e9e, balade d\u00e9gustation, brunch \u00e0 bord, bureau \u00e0 quai<br>Privatisation possible<\/li>\n<\/ul>\n\n\n\n<div class=\"wp-block wp-block-related-post clear alignfull\">\n    <div class=\"container\">\n\n        <div class=\"article\">\n\t\t                    <h2 class=\"wp-block-related-post-title\">Salles de s\u00e9minaire \u00e0 proximit\u00e9<\/h2>\n\t\t    \n\t\t            <\/div>\n\n\t    \n            <div class=\"wp-block-related-post-inner\">\n                <div   data-slides-per-view=\"4\">\n                    <div class=\"wp-block-related-post-list wp-block-related-post-list-3\">\n\t\t\t\t\t    \n<div class=\"entityItem\"      data-trigger=\"wpiris-click\">\n    <p class=\"entityItemThumbnail\">\n        <a href=\"https:\/\/www.osezmauges.fr\/evenements-pro\/organiser-son-evenement-pro\/salle-seminaire\/seminaire-congres-jardins-anjou\/\" nofancybox>\n            <img src=\n            \"https:\/\/www.osezmauges.fr\/evenements-pro\/wp-content\/uploads\/sites\/2\/2022\/02\/complexe-hotelier-jardins-anjou-la-pommeraye-\u00a9JDA-380x430.jpg\" alt=\"S\u00e9minaires, incentives et congr\u00e8s aux Jardins de l\u2019Anjou\">\n        <\/a>\n    <\/p>\n        <div class=\"entityItemContent\">\n        \n        \n        <h3 class=\"entityItemContentTitle\">        <a href=\"https:\/\/www.osezmauges.fr\/evenements-pro\/organiser-son-evenement-pro\/salle-seminaire\/seminaire-congres-jardins-anjou\/\">S\u00e9minaires, incentives et congr\u00e8s aux Jardins de l\u2019Anjou<\/a>\n        <\/h3>\n            <\/div>\n\n    \n    <\/div>\n\n<div class=\"entityItem\"      data-trigger=\"wpiris-click\">\n    <p class=\"entityItemThumbnail\">\n        <a href=\"https:\/\/www.osezmauges.fr\/evenements-pro\/organiser-son-evenement-pro\/salle-seminaire\/salle-seminaire-fief-cordeliers\/\" nofancybox>\n            <img src=\n            \"https:\/\/www.osezmauges.fr\/evenements-pro\/wp-content\/uploads\/sites\/2\/2021\/10\/1-salle-seminaire-fief-cordeliers-montjean-loire-anjou-\u00a9Stephane-Portier-380x430.jpg\" alt=\"Salle de s\u00e9minaire au Fief des Cordeliers\">\n        <\/a>\n    <\/p>\n        <div class=\"entityItemContent\">\n        \n        \n        <h3 class=\"entityItemContentTitle\">        <a href=\"https:\/\/www.osezmauges.fr\/evenements-pro\/organiser-son-evenement-pro\/salle-seminaire\/salle-seminaire-fief-cordeliers\/\">Salle de s\u00e9minaire au Fief des Cordeliers<\/a>\n        <\/h3>\n            <\/div>\n\n    \n    <\/div>\n\n<div class=\"entityItem\"      data-trigger=\"wpiris-click\">\n    <p class=\"entityItemThumbnail\">\n        <a href=\"https:\/\/www.osezmauges.fr\/evenements-pro\/organiser-son-evenement-pro\/salle-seminaire\/salle-seminaire-domaine-delaunay\/\" nofancybox>\n            <img src=\n            \"https:\/\/www.osezmauges.fr\/evenements-pro\/wp-content\/uploads\/sites\/2\/2024\/01\/vue-domaine-delaunay-montjean-sur-loire-MSL\u00a9EmmaDubus-8-380x430.jpg\" alt=\"Salle de s\u00e9minaire au Domaine Delaunay\">\n        <\/a>\n    <\/p>\n        <div class=\"entityItemContent\">\n        \n        \n        <h3 class=\"entityItemContentTitle\">        <a href=\"https:\/\/www.osezmauges.fr\/evenements-pro\/organiser-son-evenement-pro\/salle-seminaire\/salle-seminaire-domaine-delaunay\/\">Salle de s\u00e9minaire au Domaine Delaunay<\/a>\n        <\/h3>\n            <\/div>\n\n    \n    <\/div>\n                    <\/div>\n                <\/div>\n            <\/div>\n\n        \n    <\/div>\n<\/div>","protected":false},"excerpt":{"rendered":"<p>Offrez \u00e0 vos \u00e9quipes une parenth\u00e8se d&rsquo;exception au c\u0153ur du fleuve royal. \u00c0 bord de La Lig\u00e9riade, embarquez pour une croisi\u00e8re sur la Loire, \u00e0 la d\u00e9couverte de paysages pr\u00e9serv\u00e9s. Profitez d&rsquo;un cadre naturel remarquable pour partager, \u00e9changer et vivre un \u00e9v\u00e9nement d&rsquo;entreprise m\u00e9morable. Pourquoi les choisir ? Prestations\u00a0:<\/p>\n","protected":false},"author":4,"featured_media":19518,"parent":12133,"menu_order":1,"comment_status":"closed","ping_status":"closed","template":"","meta":{"_relevanssi_hide_post":"","_relevanssi_hide_content":"","_relevanssi_pin_for_all":"","_relevanssi_pin_keywords":"","_relevanssi_unpin_keywords":"","_relevanssi_related_keywords":"","_relevanssi_related_include_ids":"","_relevanssi_related_exclude_ids":"","_relevanssi_related_no_append":"","_relevanssi_related_not_related":"","_relevanssi_related_posts":"1","_relevanssi_noindex_reason":"","footnotes":""},"class_list":["post-9036","page","type-page","status-publish","has-post-thumbnail","hentry"],"acf":[],"yoast_head":"<!-- This site is optimized with the Yoast SEO plugin v26.9 - https:\/\/yoast.com\/product\/yoast-seo-wordpress\/ -->\n<title>Team-building en Maine-et-Loire | Croisi\u00e8re sur la Loire<\/title>\n<meta name=\"description\" content=\"Un cadre paisible s&#039;offre \u00e0 vous avec une balade en bateau sur la Loire \u00e0 bord de la Lig\u00e9riade \u00e0 35 min d&#039;Angers. Balade, d\u00e9gustation ou brunch \u00e0 bord.\" \/>\n<meta name=\"robots\" content=\"index, follow, max-snippet:-1, max-image-preview:large, max-video-preview:-1\" \/>\n<link rel=\"canonical\" href=\"https:\/\/www.osezmauges.fr\/evenements-pro\/organiser-son-evenement-pro\/team-building-angers-nantes-cholet\/activites-decouvertes\/team-building-bateau-ligeriade\/\" \/>\n<meta property=\"og:locale\" content=\"fr_FR\" \/>\n<meta property=\"og:type\" content=\"article\" \/>\n<meta property=\"og:title\" content=\"Team-building en Maine-et-Loire | Croisi\u00e8re sur la Loire\" \/>\n<meta property=\"og:description\" content=\"Un cadre paisible s&#039;offre \u00e0 vous avec une balade en bateau sur la Loire \u00e0 bord de la Lig\u00e9riade \u00e0 35 min d&#039;Angers. Balade, d\u00e9gustation ou brunch \u00e0 bord.\" \/>\n<meta property=\"og:url\" content=\"https:\/\/www.osezmauges.fr\/evenements-pro\/organiser-son-evenement-pro\/team-building-angers-nantes-cholet\/activites-decouvertes\/team-building-bateau-ligeriade\/\" \/>\n<meta property=\"og:site_name\" content=\"Osez Mauges - Tourisme d&#039;affaire\" \/>\n<meta property=\"article:modified_time\" content=\"2026-05-10T16:40:31+00:00\" \/>\n<meta property=\"og:image\" content=\"https:\/\/www.osezmauges.fr\/evenements-pro\/wp-content\/uploads\/sites\/2\/2026\/05\/PONT-LIGERIADE.jpg\" \/>\n\t<meta property=\"og:image:width\" content=\"1248\" \/>\n\t<meta property=\"og:image:height\" content=\"832\" \/>\n\t<meta property=\"og:image:type\" content=\"image\/jpeg\" \/>\n<meta name=\"twitter:card\" content=\"summary_large_image\" \/>\n<meta name=\"twitter:label1\" content=\"Dur\u00e9e de lecture estim\u00e9e\" \/>\n\t<meta name=\"twitter:data1\" content=\"2 minutes\" \/>\n<script type=\"application\/ld+json\" class=\"yoast-schema-graph\">{\"@context\":\"https:\/\/schema.org\",\"@graph\":[{\"@type\":\"WebPage\",\"@id\":\"https:\/\/www.osezmauges.fr\/evenements-pro\/organiser-son-evenement-pro\/team-building-angers-nantes-cholet\/activites-decouvertes\/team-building-bateau-ligeriade\/\",\"url\":\"https:\/\/www.osezmauges.fr\/evenements-pro\/organiser-son-evenement-pro\/team-building-angers-nantes-cholet\/activites-decouvertes\/team-building-bateau-ligeriade\/\",\"name\":\"Team-building en Maine-et-Loire | Croisi\u00e8re sur la Loire\",\"isPartOf\":{\"@id\":\"https:\/\/www.osezmauges.fr\/evenements-pro\/#website\"},\"primaryImageOfPage\":{\"@id\":\"https:\/\/www.osezmauges.fr\/evenements-pro\/organiser-son-evenement-pro\/team-building-angers-nantes-cholet\/activites-decouvertes\/team-building-bateau-ligeriade\/#primaryimage\"},\"image\":{\"@id\":\"https:\/\/www.osezmauges.fr\/evenements-pro\/organiser-son-evenement-pro\/team-building-angers-nantes-cholet\/activites-decouvertes\/team-building-bateau-ligeriade\/#primaryimage\"},\"thumbnailUrl\":\"https:\/\/www.osezmauges.fr\/evenements-pro\/wp-content\/uploads\/sites\/2\/2026\/05\/PONT-LIGERIADE.jpg\",\"datePublished\":\"2022-04-26T15:50:31+00:00\",\"dateModified\":\"2026-05-10T16:40:31+00:00\",\"description\":\"Un cadre paisible s'offre \u00e0 vous avec une balade en bateau sur la Loire \u00e0 bord de la Lig\u00e9riade \u00e0 35 min d'Angers. Balade, d\u00e9gustation ou brunch \u00e0 bord.\",\"breadcrumb\":{\"@id\":\"https:\/\/www.osezmauges.fr\/evenements-pro\/organiser-son-evenement-pro\/team-building-angers-nantes-cholet\/activites-decouvertes\/team-building-bateau-ligeriade\/#breadcrumb\"},\"inLanguage\":\"fr-FR\",\"potentialAction\":[{\"@type\":\"ReadAction\",\"target\":[\"https:\/\/www.osezmauges.fr\/evenements-pro\/organiser-son-evenement-pro\/team-building-angers-nantes-cholet\/activites-decouvertes\/team-building-bateau-ligeriade\/\"]}]},{\"@type\":\"ImageObject\",\"inLanguage\":\"fr-FR\",\"@id\":\"https:\/\/www.osezmauges.fr\/evenements-pro\/organiser-son-evenement-pro\/team-building-angers-nantes-cholet\/activites-decouvertes\/team-building-bateau-ligeriade\/#primaryimage\",\"url\":\"https:\/\/www.osezmauges.fr\/evenements-pro\/wp-content\/uploads\/sites\/2\/2026\/05\/PONT-LIGERIADE.jpg\",\"contentUrl\":\"https:\/\/www.osezmauges.fr\/evenements-pro\/wp-content\/uploads\/sites\/2\/2026\/05\/PONT-LIGERIADE.jpg\",\"width\":1248,\"height\":832},{\"@type\":\"BreadcrumbList\",\"@id\":\"https:\/\/www.osezmauges.fr\/evenements-pro\/organiser-son-evenement-pro\/team-building-angers-nantes-cholet\/activites-decouvertes\/team-building-bateau-ligeriade\/#breadcrumb\",\"itemListElement\":[{\"@type\":\"ListItem\",\"position\":1,\"name\":\"Accueil\",\"item\":\"https:\/\/www.osezmauges.fr\/evenements-pro\/\"},{\"@type\":\"ListItem\",\"position\":2,\"name\":\"Organiser son \u00e9v\u00e9nement d\u2019entreprise\",\"item\":\"https:\/\/www.osezmauges.fr\/evenements-pro\/organiser-son-evenement-pro\/\"},{\"@type\":\"ListItem\",\"position\":3,\"name\":\"Team-building et afterwork\",\"item\":\"https:\/\/www.osezmauges.fr\/evenements-pro\/organiser-son-evenement-pro\/team-building-angers-nantes-cholet\/\"},{\"@type\":\"ListItem\",\"position\":4,\"name\":\"Des activit\u00e9s d\u00e9couvertes\",\"item\":\"https:\/\/www.osezmauges.fr\/evenements-pro\/organiser-son-evenement-pro\/team-building-angers-nantes-cholet\/activites-decouvertes\/\"},{\"@type\":\"ListItem\",\"position\":5,\"name\":\"Balade en bateau \u00e0 bord de la Lig\u00e9riade\"}]},{\"@type\":\"WebSite\",\"@id\":\"https:\/\/www.osezmauges.fr\/evenements-pro\/#website\",\"url\":\"https:\/\/www.osezmauges.fr\/evenements-pro\/\",\"name\":\"Osez Mauges - Tourisme d&#039;affaire\",\"description\":\"\u00d4sez Mauges\",\"potentialAction\":[{\"@type\":\"SearchAction\",\"target\":{\"@type\":\"EntryPoint\",\"urlTemplate\":\"https:\/\/www.osezmauges.fr\/evenements-pro\/?s={search_term_string}\"},\"query-input\":{\"@type\":\"PropertyValueSpecification\",\"valueRequired\":true,\"valueName\":\"search_term_string\"}}],\"inLanguage\":\"fr-FR\"}]}<\/script>\n<!-- \/ Yoast SEO plugin. -->","yoast_head_json":{"title":"Team-building en Maine-et-Loire | Croisi\u00e8re sur la Loire","description":"Un cadre paisible s'offre \u00e0 vous avec une balade en bateau sur la Loire \u00e0 bord de la Lig\u00e9riade \u00e0 35 min d'Angers. Balade, d\u00e9gustation ou brunch \u00e0 bord.","robots":{"index":"index","follow":"follow","max-snippet":"max-snippet:-1","max-image-preview":"max-image-preview:large","max-video-preview":"max-video-preview:-1"},"canonical":"https:\/\/www.osezmauges.fr\/evenements-pro\/organiser-son-evenement-pro\/team-building-angers-nantes-cholet\/activites-decouvertes\/team-building-bateau-ligeriade\/","og_locale":"fr_FR","og_type":"article","og_title":"Team-building en Maine-et-Loire | Croisi\u00e8re sur la Loire","og_description":"Un cadre paisible s'offre \u00e0 vous avec une balade en bateau sur la Loire \u00e0 bord de la Lig\u00e9riade \u00e0 35 min d'Angers. Balade, d\u00e9gustation ou brunch \u00e0 bord.","og_url":"https:\/\/www.osezmauges.fr\/evenements-pro\/organiser-son-evenement-pro\/team-building-angers-nantes-cholet\/activites-decouvertes\/team-building-bateau-ligeriade\/","og_site_name":"Osez Mauges - Tourisme d&#039;affaire","article_modified_time":"2026-05-10T16:40:31+00:00","og_image":[{"width":1248,"height":832,"url":"https:\/\/www.osezmauges.fr\/evenements-pro\/wp-content\/uploads\/sites\/2\/2026\/05\/PONT-LIGERIADE.jpg","type":"image\/jpeg"}],"twitter_card":"summary_large_image","twitter_misc":{"Dur\u00e9e de lecture estim\u00e9e":"2 minutes"},"schema":{"@context":"https:\/\/schema.org","@graph":[{"@type":"WebPage","@id":"https:\/\/www.osezmauges.fr\/evenements-pro\/organiser-son-evenement-pro\/team-building-angers-nantes-cholet\/activites-decouvertes\/team-building-bateau-ligeriade\/","url":"https:\/\/www.osezmauges.fr\/evenements-pro\/organiser-son-evenement-pro\/team-building-angers-nantes-cholet\/activites-decouvertes\/team-building-bateau-ligeriade\/","name":"Team-building en Maine-et-Loire | Croisi\u00e8re sur la Loire","isPartOf":{"@id":"https:\/\/www.osezmauges.fr\/evenements-pro\/#website"},"primaryImageOfPage":{"@id":"https:\/\/www.osezmauges.fr\/evenements-pro\/organiser-son-evenement-pro\/team-building-angers-nantes-cholet\/activites-decouvertes\/team-building-bateau-ligeriade\/#primaryimage"},"image":{"@id":"https:\/\/www.osezmauges.fr\/evenements-pro\/organiser-son-evenement-pro\/team-building-angers-nantes-cholet\/activites-decouvertes\/team-building-bateau-ligeriade\/#primaryimage"},"thumbnailUrl":"https:\/\/www.osezmauges.fr\/evenements-pro\/wp-content\/uploads\/sites\/2\/2026\/05\/PONT-LIGERIADE.jpg","datePublished":"2022-04-26T15:50:31+00:00","dateModified":"2026-05-10T16:40:31+00:00","description":"Un cadre paisible s'offre \u00e0 vous avec une balade en bateau sur la Loire \u00e0 bord de la Lig\u00e9riade \u00e0 35 min d'Angers. Balade, d\u00e9gustation ou brunch \u00e0 bord.","breadcrumb":{"@id":"https:\/\/www.osezmauges.fr\/evenements-pro\/organiser-son-evenement-pro\/team-building-angers-nantes-cholet\/activites-decouvertes\/team-building-bateau-ligeriade\/#breadcrumb"},"inLanguage":"fr-FR","potentialAction":[{"@type":"ReadAction","target":["https:\/\/www.osezmauges.fr\/evenements-pro\/organiser-son-evenement-pro\/team-building-angers-nantes-cholet\/activites-decouvertes\/team-building-bateau-ligeriade\/"]}]},{"@type":"ImageObject","inLanguage":"fr-FR","@id":"https:\/\/www.osezmauges.fr\/evenements-pro\/organiser-son-evenement-pro\/team-building-angers-nantes-cholet\/activites-decouvertes\/team-building-bateau-ligeriade\/#primaryimage","url":"https:\/\/www.osezmauges.fr\/evenements-pro\/wp-content\/uploads\/sites\/2\/2026\/05\/PONT-LIGERIADE.jpg","contentUrl":"https:\/\/www.osezmauges.fr\/evenements-pro\/wp-content\/uploads\/sites\/2\/2026\/05\/PONT-LIGERIADE.jpg","width":1248,"height":832},{"@type":"BreadcrumbList","@id":"https:\/\/www.osezmauges.fr\/evenements-pro\/organiser-son-evenement-pro\/team-building-angers-nantes-cholet\/activites-decouvertes\/team-building-bateau-ligeriade\/#breadcrumb","itemListElement":[{"@type":"ListItem","position":1,"name":"Accueil","item":"https:\/\/www.osezmauges.fr\/evenements-pro\/"},{"@type":"ListItem","position":2,"name":"Organiser son \u00e9v\u00e9nement d\u2019entreprise","item":"https:\/\/www.osezmauges.fr\/evenements-pro\/organiser-son-evenement-pro\/"},{"@type":"ListItem","position":3,"name":"Team-building et afterwork","item":"https:\/\/www.osezmauges.fr\/evenements-pro\/organiser-son-evenement-pro\/team-building-angers-nantes-cholet\/"},{"@type":"ListItem","position":4,"name":"Des activit\u00e9s d\u00e9couvertes","item":"https:\/\/www.osezmauges.fr\/evenements-pro\/organiser-son-evenement-pro\/team-building-angers-nantes-cholet\/activites-decouvertes\/"},{"@type":"ListItem","position":5,"name":"Balade en bateau \u00e0 bord de la Lig\u00e9riade"}]},{"@type":"WebSite","@id":"https:\/\/www.osezmauges.fr\/evenements-pro\/#website","url":"https:\/\/www.osezmauges.fr\/evenements-pro\/","name":"Osez Mauges - Tourisme d&#039;affaire","description":"\u00d4sez Mauges","potentialAction":[{"@type":"SearchAction","target":{"@type":"EntryPoint","urlTemplate":"https:\/\/www.osezmauges.fr\/evenements-pro\/?s={search_term_string}"},"query-input":{"@type":"PropertyValueSpecification","valueRequired":true,"valueName":"search_term_string"}}],"inLanguage":"fr-FR"}]}},"_links":{"self":[{"href":"https:\/\/www.osezmauges.fr\/evenements-pro\/wp-json\/wp\/v2\/pages\/9036","targetHints":{"allow":["GET"]}}],"collection":[{"href":"https:\/\/www.osezmauges.fr\/evenements-pro\/wp-json\/wp\/v2\/pages"}],"about":[{"href":"https:\/\/www.osezmauges.fr\/evenements-pro\/wp-json\/wp\/v2\/types\/page"}],"author":[{"embeddable":true,"href":"https:\/\/www.osezmauges.fr\/evenements-pro\/wp-json\/wp\/v2\/users\/4"}],"replies":[{"embeddable":true,"href":"https:\/\/www.osezmauges.fr\/evenements-pro\/wp-json\/wp\/v2\/comments?post=9036"}],"version-history":[{"count":9,"href":"https:\/\/www.osezmauges.fr\/evenements-pro\/wp-json\/wp\/v2\/pages\/9036\/revisions"}],"predecessor-version":[{"id":19526,"href":"https:\/\/www.osezmauges.fr\/evenements-pro\/wp-json\/wp\/v2\/pages\/9036\/revisions\/19526"}],"up":[{"embeddable":true,"href":"https:\/\/www.osezmauges.fr\/evenements-pro\/wp-json\/wp\/v2\/pages\/12133"}],"wp:featuredmedia":[{"embeddable":true,"href":"https:\/\/www.osezmauges.fr\/evenements-pro\/wp-json\/wp\/v2\/media\/19518"}],"wp:attachment":[{"href":"https:\/\/www.osezmauges.fr\/evenements-pro\/wp-json\/wp\/v2\/media?parent=9036"}],"curies":[{"name":"wp","href":"https:\/\/api.w.org\/{rel}","templated":true}]}}