{"id":9122,"date":"2022-04-27T11:48:56","date_gmt":"2022-04-27T09:48:56","guid":{"rendered":"https:\/\/www.osezmauges.fr\/evenements-pro\/?page_id=9122"},"modified":"2025-05-10T17:58:46","modified_gmt":"2025-05-10T15:58:46","slug":"team-building-cynfael","status":"publish","type":"page","link":"https:\/\/www.osezmauges.fr\/evenements-pro\/organiser-son-evenement-pro\/team-building-angers-nantes-cholet\/activites-gourmandes\/team-building-cynfael\/","title":{"rendered":"Ateliers cuisine et savonnerie dans votre entreprise"},"content":{"rendered":"\n<div class=\"wp-block-columns is-layout-flex wp-container-core-columns-is-layout-9d6595d7 wp-block-columns-is-layout-flex\">\n<div class=\"wp-block-column is-layout-flow wp-block-column-is-layout-flow\">\n<p class=\"is-style-excerpt\">Le safran, surnomm\u00e9 l&rsquo;or rouge, est cultiv\u00e9 au c\u0153ur des Mauges par une safrani\u00e8re passionn\u00e9e. Autour d&rsquo;ateliers ou d&rsquo;une visite, Sabrina vous apprend \u00e0 cuisiner cette \u00e9pice, conna\u00eetre ses propri\u00e9t\u00e9s et les secrets de sa culture.<\/p>\n\n\n\n<p class=\"is-style-excerpt\">Une sortie d&rsquo;entreprise insolite pour vos salari\u00e9s dans un environnement pr\u00e9serv\u00e9 \u00e0 seulement 30 min de Nantes. <\/p>\n<\/div>\n\n\n\n<div class=\"wp-block-column is-layout-flow wp-block-column-is-layout-flow\"><div class=\"wp-block wp-block-highlight\">\n                <p class=\"wp-block-highlight-item wp-block-highlight-excerpt\">La Bouqueti\u00e8re<br>Saint-Sauveur-de-Landemont<br>49270 OR\u00c9E-D\u2019ANJOU<br><br>Votre contact : Sabrina Jossec<br>02 51 14 75 66 \/ 06 24 69 44 92 cynfaelleprincedusafran@gmail.com<br><a href=\"http:\/\/www.safran-pays-de-loire.fr\" target=\"_blank\" rel=\"noreferrer noopener\">Site web<\/a><\/p>\n    <\/div><\/div>\n<\/div>\n\n\n\n<figure class=\"wp-block-gallery alignfull columns-3 is-cropped wp-block-gallery-1 is-layout-flex wp-block-gallery-is-layout-flex\"><ul class=\"blocks-gallery-grid\"><li class=\"blocks-gallery-item\"><figure><a href=\"https:\/\/www.osezmauges.fr\/evenements-pro\/wp-content\/uploads\/sites\/2\/2022\/04\/Safran-terroir-visite-cynfael-st-sauveur-drouet-2870-254.jpg\"><img width=\"1200\" height=\"799\" data-src=\"https:\/\/www.osezmauges.fr\/evenements-pro\/wp-content\/uploads\/sites\/2\/2022\/04\/Safran-terroir-visite-cynfael-st-sauveur-drouet-2870-254.jpg\" alt=\"\" data-id=\"9128\" data-full-url=\"https:\/\/www.osezmauges.fr\/evenements-pro\/wp-content\/uploads\/sites\/2\/2022\/04\/Safran-terroir-visite-cynfael-st-sauveur-drouet-2870-254.jpg\" data-link=\"https:\/\/www.osezmauges.fr\/evenements-pro\/safran-terroir-visite-cynfael-st-sauveur-drouet-2870-254\/\" class=\"wp-image-9128\" srcset=\"https:\/\/www.osezmauges.fr\/evenements-pro\/wp-content\/uploads\/sites\/2\/2022\/04\/Safran-terroir-visite-cynfael-st-sauveur-drouet-2870-254.jpg 1200w, https:\/\/www.osezmauges.fr\/evenements-pro\/wp-content\/uploads\/sites\/2\/2022\/04\/Safran-terroir-visite-cynfael-st-sauveur-drouet-2870-254-600x400.jpg 600w, https:\/\/www.osezmauges.fr\/evenements-pro\/wp-content\/uploads\/sites\/2\/2022\/04\/Safran-terroir-visite-cynfael-st-sauveur-drouet-2870-254-300x200.jpg 300w, https:\/\/www.osezmauges.fr\/evenements-pro\/wp-content\/uploads\/sites\/2\/2022\/04\/Safran-terroir-visite-cynfael-st-sauveur-drouet-2870-254-900x599.jpg 900w, https:\/\/www.osezmauges.fr\/evenements-pro\/wp-content\/uploads\/sites\/2\/2022\/04\/Safran-terroir-visite-cynfael-st-sauveur-drouet-2870-254-650x433.jpg 650w\" sizes=\"(max-width: 1200px) 100vw, 1200px\" \/><\/a><figcaption class=\"blocks-gallery-item__caption\">Safran \u00a9 D.Drouet<\/figcaption><\/figure><\/li><li class=\"blocks-gallery-item\"><figure><a href=\"https:\/\/www.osezmauges.fr\/evenements-pro\/wp-content\/uploads\/sites\/2\/2022\/04\/Safran-terroir-visite-cynfael-st-sauveur-drouet-2870-146.jpg\"><img width=\"1200\" height=\"800\" data-src=\"https:\/\/www.osezmauges.fr\/evenements-pro\/wp-content\/uploads\/sites\/2\/2022\/04\/Safran-terroir-visite-cynfael-st-sauveur-drouet-2870-146.jpg\" alt=\"\" data-id=\"9127\" data-full-url=\"https:\/\/www.osezmauges.fr\/evenements-pro\/wp-content\/uploads\/sites\/2\/2022\/04\/Safran-terroir-visite-cynfael-st-sauveur-drouet-2870-146.jpg\" data-link=\"https:\/\/www.osezmauges.fr\/evenements-pro\/safran-terroir-visite-cynfael-st-sauveur-drouet-2870-146\/\" class=\"wp-image-9127\" srcset=\"https:\/\/www.osezmauges.fr\/evenements-pro\/wp-content\/uploads\/sites\/2\/2022\/04\/Safran-terroir-visite-cynfael-st-sauveur-drouet-2870-146.jpg 1200w, https:\/\/www.osezmauges.fr\/evenements-pro\/wp-content\/uploads\/sites\/2\/2022\/04\/Safran-terroir-visite-cynfael-st-sauveur-drouet-2870-146-600x400.jpg 600w, https:\/\/www.osezmauges.fr\/evenements-pro\/wp-content\/uploads\/sites\/2\/2022\/04\/Safran-terroir-visite-cynfael-st-sauveur-drouet-2870-146-300x200.jpg 300w, https:\/\/www.osezmauges.fr\/evenements-pro\/wp-content\/uploads\/sites\/2\/2022\/04\/Safran-terroir-visite-cynfael-st-sauveur-drouet-2870-146-900x600.jpg 900w, https:\/\/www.osezmauges.fr\/evenements-pro\/wp-content\/uploads\/sites\/2\/2022\/04\/Safran-terroir-visite-cynfael-st-sauveur-drouet-2870-146-650x433.jpg 650w\" sizes=\"(max-width: 1200px) 100vw, 1200px\" \/><\/a><figcaption class=\"blocks-gallery-item__caption\">R\u00e9colte du safran \u00a9 D.Drouet<\/figcaption><\/figure><\/li><li class=\"blocks-gallery-item\"><figure><a href=\"https:\/\/www.osezmauges.fr\/evenements-pro\/wp-content\/uploads\/sites\/2\/2022\/04\/savon-a-lor-violet.jpg\"><img width=\"1200\" height=\"800\" data-src=\"https:\/\/www.osezmauges.fr\/evenements-pro\/wp-content\/uploads\/sites\/2\/2022\/04\/savon-a-lor-violet.jpg\" alt=\"\" data-id=\"9129\" data-full-url=\"https:\/\/www.osezmauges.fr\/evenements-pro\/wp-content\/uploads\/sites\/2\/2022\/04\/savon-a-lor-violet.jpg\" data-link=\"https:\/\/www.osezmauges.fr\/evenements-pro\/savon-a-lor-violet\/\" class=\"wp-image-9129\" srcset=\"https:\/\/www.osezmauges.fr\/evenements-pro\/wp-content\/uploads\/sites\/2\/2022\/04\/savon-a-lor-violet.jpg 1200w, https:\/\/www.osezmauges.fr\/evenements-pro\/wp-content\/uploads\/sites\/2\/2022\/04\/savon-a-lor-violet-600x400.jpg 600w, https:\/\/www.osezmauges.fr\/evenements-pro\/wp-content\/uploads\/sites\/2\/2022\/04\/savon-a-lor-violet-300x200.jpg 300w, https:\/\/www.osezmauges.fr\/evenements-pro\/wp-content\/uploads\/sites\/2\/2022\/04\/savon-a-lor-violet-900x600.jpg 900w, https:\/\/www.osezmauges.fr\/evenements-pro\/wp-content\/uploads\/sites\/2\/2022\/04\/savon-a-lor-violet-650x433.jpg 650w\" sizes=\"(max-width: 1200px) 100vw, 1200px\" \/><\/a><figcaption class=\"blocks-gallery-item__caption\">Savon de safran \u00a9 S.Jossec<\/figcaption><\/figure><\/li><\/ul><figcaption class=\"blocks-gallery-caption\">Team-building : Ateliers de pratique artistique en \u00e9quipe avec l&rsquo;atelier LK<\/figcaption><\/figure>\n\n\n\n<h2 class=\"wp-block-heading\">Pourquoi les choisir ?<\/h2>\n\n\n\n<ul class=\"wp-block-list\"><li>Des visites et ateliers interactifs et ludiques pour booster la cr\u00e9ativit\u00e9 de vos salari\u00e9s <\/li><li><span style=\"font-size: 1.125rem\">Un cadre verdoyant pour votre rencontre professionnelle \u00e0 seulement 30 min de Nantes <\/span><\/li><li>Une <a href=\"https:\/\/www.osezmauges.fr\/evenements-pro\/organiser-son-evenement-pro\/salle-seminaire\/salle-seminaire-safranerie\/\" target=\"_blank\" rel=\"noreferrer noopener\">salle de s\u00e9minaire<\/a> \u00e0 disposition pour allier travail et plaisir avec une visite<\/li><\/ul>\n\n\n\n<h2 class=\"wp-block-heading\">Prestations&nbsp;:<\/h2>\n\n\n\n<figure class=\"wp-block-table\"><table><thead><tr><th> <strong>Activit\u00e9<\/strong> <\/th><th> <strong>Compl\u00e9ment d\u2019informations<\/strong> <\/th><\/tr><\/thead><tbody><tr><td>Atelier du Go\u00fbt<\/td><td>1h avec d\u00e9gustation : exp\u00e9rience polysensorielle particuli\u00e8re, bas\u00e9e sur la d\u00e9gustation de produits safran\u00e9s sucr\u00e9s et sal\u00e9s. <\/td><\/tr><tr><td>Atelier d\u00e9couverte de la safrani\u00e8re<\/td><td>1h30 de visite<\/td><\/tr><tr><td>Cours de savonnerie<\/td><td>2h d&rsquo;atelier manuel pour r\u00e9aliser votre savon \u00e0 froid<\/td><\/tr><tr><td>Cours de cuisine plat \/ dessert safran\u00e9<\/td><td>2h30 d&rsquo;atelier avec repas partag\u00e9 des cr\u00e9ations<\/td><\/tr><\/tbody><\/table><\/figure>\n\n\n\n<p><em>De 6 \u00e0 20 participants selon les ateliers \/ Possibilit\u00e9 de finir la visite par un repas safran\u00e9<\/em><\/p>\n\n\n\n<div class=\"wp-block wp-block-related-post clear alignfull\">\n    <div class=\"container\">\n\n        <div class=\"article\">\n\t\t                    <h2 class=\"wp-block-related-post-title\">D\u00e9couvrez nos autres team-building<\/h2>\n\t\t    \n\t\t            <\/div>\n\n\t    \n            <div class=\"wp-block-related-post-inner\">\n                <div   data-slides-per-view=\"4\">\n                    <div class=\"wp-block-related-post-list wp-block-related-post-list-0\">\n\t\t\t\t\t                        <\/div>\n                <\/div>\n            <\/div>\n\n        \n    <\/div>\n<\/div>","protected":false},"excerpt":{"rendered":"<p>Le safran, surnomm\u00e9 l&rsquo;or rouge, est cultiv\u00e9 au c\u0153ur des Mauges par une safrani\u00e8re passionn\u00e9e. Autour d&rsquo;ateliers ou d&rsquo;une visite, Sabrina vous apprend \u00e0 cuisiner cette \u00e9pice, conna\u00eetre ses propri\u00e9t\u00e9s et les secrets de sa culture. Une sortie d&rsquo;entreprise insolite pour vos salari\u00e9s dans un environnement pr\u00e9serv\u00e9 \u00e0 seulement 30 min de Nantes. Pourquoi les [&hellip;]<\/p>\n","protected":false},"author":4,"featured_media":9124,"parent":12139,"menu_order":0,"comment_status":"closed","ping_status":"closed","template":"","meta":{"_relevanssi_hide_post":"","_relevanssi_hide_content":"","_relevanssi_pin_for_all":"","_relevanssi_pin_keywords":"","_relevanssi_unpin_keywords":"","_relevanssi_related_keywords":"","_relevanssi_related_include_ids":"","_relevanssi_related_exclude_ids":"","_relevanssi_related_no_append":"","_relevanssi_related_not_related":"","_relevanssi_related_posts":"1","_relevanssi_noindex_reason":"","footnotes":""},"class_list":["post-9122","page","type-page","status-publish","has-post-thumbnail","hentry"],"acf":[],"yoast_head":"<!-- This site is optimized with the Yoast SEO plugin v26.9 - https:\/\/yoast.com\/product\/yoast-seo-wordpress\/ -->\n<title>Team-building Maine et Loire - Safran : visite et atelier<\/title>\n<meta name=\"description\" content=\"Une visite insolite et des ateliers manuels vous attendent \u00e0 Cynfael avec la d\u00e9couverte d&#039;une safrani\u00e8re \u00e0 30 min de Nantes.\" \/>\n<meta name=\"robots\" content=\"index, follow, max-snippet:-1, max-image-preview:large, max-video-preview:-1\" \/>\n<link rel=\"canonical\" href=\"https:\/\/www.osezmauges.fr\/evenements-pro\/organiser-son-evenement-pro\/team-building-angers-nantes-cholet\/activites-gourmandes\/team-building-cynfael\/\" \/>\n<meta property=\"og:locale\" content=\"fr_FR\" \/>\n<meta property=\"og:type\" content=\"article\" \/>\n<meta property=\"og:title\" content=\"Team-building Maine et Loire - Safran : visite et atelier\" \/>\n<meta property=\"og:description\" content=\"Une visite insolite et des ateliers manuels vous attendent \u00e0 Cynfael avec la d\u00e9couverte d&#039;une safrani\u00e8re \u00e0 30 min de Nantes.\" \/>\n<meta property=\"og:url\" content=\"https:\/\/www.osezmauges.fr\/evenements-pro\/organiser-son-evenement-pro\/team-building-angers-nantes-cholet\/activites-gourmandes\/team-building-cynfael\/\" \/>\n<meta property=\"og:site_name\" content=\"Osez Mauges - Tourisme d&#039;affaire\" \/>\n<meta property=\"article:modified_time\" content=\"2025-05-10T15:58:46+00:00\" \/>\n<meta property=\"og:image\" content=\"https:\/\/www.osezmauges.fr\/evenements-pro\/wp-content\/uploads\/sites\/2\/2022\/04\/Safran-terroir-visite-cynfael-st-sauveur-drouet-2870-85.jpg\" \/>\n\t<meta property=\"og:image:width\" content=\"1500\" \/>\n\t<meta property=\"og:image:height\" content=\"999\" \/>\n\t<meta property=\"og:image:type\" content=\"image\/jpeg\" \/>\n<meta name=\"twitter:card\" content=\"summary_large_image\" \/>\n<meta name=\"twitter:label1\" content=\"Dur\u00e9e de lecture estim\u00e9e\" \/>\n\t<meta name=\"twitter:data1\" content=\"2 minutes\" \/>\n<script type=\"application\/ld+json\" class=\"yoast-schema-graph\">{\"@context\":\"https:\/\/schema.org\",\"@graph\":[{\"@type\":\"WebPage\",\"@id\":\"https:\/\/www.osezmauges.fr\/evenements-pro\/organiser-son-evenement-pro\/team-building-angers-nantes-cholet\/activites-gourmandes\/team-building-cynfael\/\",\"url\":\"https:\/\/www.osezmauges.fr\/evenements-pro\/organiser-son-evenement-pro\/team-building-angers-nantes-cholet\/activites-gourmandes\/team-building-cynfael\/\",\"name\":\"Team-building Maine et Loire - Safran : visite et atelier\",\"isPartOf\":{\"@id\":\"https:\/\/www.osezmauges.fr\/evenements-pro\/#website\"},\"primaryImageOfPage\":{\"@id\":\"https:\/\/www.osezmauges.fr\/evenements-pro\/organiser-son-evenement-pro\/team-building-angers-nantes-cholet\/activites-gourmandes\/team-building-cynfael\/#primaryimage\"},\"image\":{\"@id\":\"https:\/\/www.osezmauges.fr\/evenements-pro\/organiser-son-evenement-pro\/team-building-angers-nantes-cholet\/activites-gourmandes\/team-building-cynfael\/#primaryimage\"},\"thumbnailUrl\":\"https:\/\/www.osezmauges.fr\/evenements-pro\/wp-content\/uploads\/sites\/2\/2022\/04\/Safran-terroir-visite-cynfael-st-sauveur-drouet-2870-85.jpg\",\"datePublished\":\"2022-04-27T09:48:56+00:00\",\"dateModified\":\"2025-05-10T15:58:46+00:00\",\"description\":\"Une visite insolite et des ateliers manuels vous attendent \u00e0 Cynfael avec la d\u00e9couverte d'une safrani\u00e8re \u00e0 30 min de Nantes.\",\"breadcrumb\":{\"@id\":\"https:\/\/www.osezmauges.fr\/evenements-pro\/organiser-son-evenement-pro\/team-building-angers-nantes-cholet\/activites-gourmandes\/team-building-cynfael\/#breadcrumb\"},\"inLanguage\":\"fr-FR\",\"potentialAction\":[{\"@type\":\"ReadAction\",\"target\":[\"https:\/\/www.osezmauges.fr\/evenements-pro\/organiser-son-evenement-pro\/team-building-angers-nantes-cholet\/activites-gourmandes\/team-building-cynfael\/\"]}]},{\"@type\":\"ImageObject\",\"inLanguage\":\"fr-FR\",\"@id\":\"https:\/\/www.osezmauges.fr\/evenements-pro\/organiser-son-evenement-pro\/team-building-angers-nantes-cholet\/activites-gourmandes\/team-building-cynfael\/#primaryimage\",\"url\":\"https:\/\/www.osezmauges.fr\/evenements-pro\/wp-content\/uploads\/sites\/2\/2022\/04\/Safran-terroir-visite-cynfael-st-sauveur-drouet-2870-85.jpg\",\"contentUrl\":\"https:\/\/www.osezmauges.fr\/evenements-pro\/wp-content\/uploads\/sites\/2\/2022\/04\/Safran-terroir-visite-cynfael-st-sauveur-drouet-2870-85.jpg\",\"width\":1500,\"height\":999},{\"@type\":\"BreadcrumbList\",\"@id\":\"https:\/\/www.osezmauges.fr\/evenements-pro\/organiser-son-evenement-pro\/team-building-angers-nantes-cholet\/activites-gourmandes\/team-building-cynfael\/#breadcrumb\",\"itemListElement\":[{\"@type\":\"ListItem\",\"position\":1,\"name\":\"Accueil\",\"item\":\"https:\/\/www.osezmauges.fr\/evenements-pro\/\"},{\"@type\":\"ListItem\",\"position\":2,\"name\":\"Organiser son \u00e9v\u00e9nement d\u2019entreprise\",\"item\":\"https:\/\/www.osezmauges.fr\/evenements-pro\/organiser-son-evenement-pro\/\"},{\"@type\":\"ListItem\",\"position\":3,\"name\":\"Team-building et afterwork\",\"item\":\"https:\/\/www.osezmauges.fr\/evenements-pro\/organiser-son-evenement-pro\/team-building-angers-nantes-cholet\/\"},{\"@type\":\"ListItem\",\"position\":4,\"name\":\"Des activit\u00e9s gourmandes\",\"item\":\"https:\/\/www.osezmauges.fr\/evenements-pro\/organiser-son-evenement-pro\/team-building-angers-nantes-cholet\/activites-gourmandes\/\"},{\"@type\":\"ListItem\",\"position\":5,\"name\":\"Ateliers cuisine et savonnerie dans votre entreprise\"}]},{\"@type\":\"WebSite\",\"@id\":\"https:\/\/www.osezmauges.fr\/evenements-pro\/#website\",\"url\":\"https:\/\/www.osezmauges.fr\/evenements-pro\/\",\"name\":\"Osez Mauges - Tourisme d&#039;affaire\",\"description\":\"\u00d4sez Mauges\",\"potentialAction\":[{\"@type\":\"SearchAction\",\"target\":{\"@type\":\"EntryPoint\",\"urlTemplate\":\"https:\/\/www.osezmauges.fr\/evenements-pro\/?s={search_term_string}\"},\"query-input\":{\"@type\":\"PropertyValueSpecification\",\"valueRequired\":true,\"valueName\":\"search_term_string\"}}],\"inLanguage\":\"fr-FR\"}]}<\/script>\n<!-- \/ Yoast SEO plugin. -->","yoast_head_json":{"title":"Team-building Maine et Loire - Safran : visite et atelier","description":"Une visite insolite et des ateliers manuels vous attendent \u00e0 Cynfael avec la d\u00e9couverte d'une safrani\u00e8re \u00e0 30 min de Nantes.","robots":{"index":"index","follow":"follow","max-snippet":"max-snippet:-1","max-image-preview":"max-image-preview:large","max-video-preview":"max-video-preview:-1"},"canonical":"https:\/\/www.osezmauges.fr\/evenements-pro\/organiser-son-evenement-pro\/team-building-angers-nantes-cholet\/activites-gourmandes\/team-building-cynfael\/","og_locale":"fr_FR","og_type":"article","og_title":"Team-building Maine et Loire - Safran : visite et atelier","og_description":"Une visite insolite et des ateliers manuels vous attendent \u00e0 Cynfael avec la d\u00e9couverte d'une safrani\u00e8re \u00e0 30 min de Nantes.","og_url":"https:\/\/www.osezmauges.fr\/evenements-pro\/organiser-son-evenement-pro\/team-building-angers-nantes-cholet\/activites-gourmandes\/team-building-cynfael\/","og_site_name":"Osez Mauges - Tourisme d&#039;affaire","article_modified_time":"2025-05-10T15:58:46+00:00","og_image":[{"width":1500,"height":999,"url":"https:\/\/www.osezmauges.fr\/evenements-pro\/wp-content\/uploads\/sites\/2\/2022\/04\/Safran-terroir-visite-cynfael-st-sauveur-drouet-2870-85.jpg","type":"image\/jpeg"}],"twitter_card":"summary_large_image","twitter_misc":{"Dur\u00e9e de lecture estim\u00e9e":"2 minutes"},"schema":{"@context":"https:\/\/schema.org","@graph":[{"@type":"WebPage","@id":"https:\/\/www.osezmauges.fr\/evenements-pro\/organiser-son-evenement-pro\/team-building-angers-nantes-cholet\/activites-gourmandes\/team-building-cynfael\/","url":"https:\/\/www.osezmauges.fr\/evenements-pro\/organiser-son-evenement-pro\/team-building-angers-nantes-cholet\/activites-gourmandes\/team-building-cynfael\/","name":"Team-building Maine et Loire - Safran : visite et atelier","isPartOf":{"@id":"https:\/\/www.osezmauges.fr\/evenements-pro\/#website"},"primaryImageOfPage":{"@id":"https:\/\/www.osezmauges.fr\/evenements-pro\/organiser-son-evenement-pro\/team-building-angers-nantes-cholet\/activites-gourmandes\/team-building-cynfael\/#primaryimage"},"image":{"@id":"https:\/\/www.osezmauges.fr\/evenements-pro\/organiser-son-evenement-pro\/team-building-angers-nantes-cholet\/activites-gourmandes\/team-building-cynfael\/#primaryimage"},"thumbnailUrl":"https:\/\/www.osezmauges.fr\/evenements-pro\/wp-content\/uploads\/sites\/2\/2022\/04\/Safran-terroir-visite-cynfael-st-sauveur-drouet-2870-85.jpg","datePublished":"2022-04-27T09:48:56+00:00","dateModified":"2025-05-10T15:58:46+00:00","description":"Une visite insolite et des ateliers manuels vous attendent \u00e0 Cynfael avec la d\u00e9couverte d'une safrani\u00e8re \u00e0 30 min de Nantes.","breadcrumb":{"@id":"https:\/\/www.osezmauges.fr\/evenements-pro\/organiser-son-evenement-pro\/team-building-angers-nantes-cholet\/activites-gourmandes\/team-building-cynfael\/#breadcrumb"},"inLanguage":"fr-FR","potentialAction":[{"@type":"ReadAction","target":["https:\/\/www.osezmauges.fr\/evenements-pro\/organiser-son-evenement-pro\/team-building-angers-nantes-cholet\/activites-gourmandes\/team-building-cynfael\/"]}]},{"@type":"ImageObject","inLanguage":"fr-FR","@id":"https:\/\/www.osezmauges.fr\/evenements-pro\/organiser-son-evenement-pro\/team-building-angers-nantes-cholet\/activites-gourmandes\/team-building-cynfael\/#primaryimage","url":"https:\/\/www.osezmauges.fr\/evenements-pro\/wp-content\/uploads\/sites\/2\/2022\/04\/Safran-terroir-visite-cynfael-st-sauveur-drouet-2870-85.jpg","contentUrl":"https:\/\/www.osezmauges.fr\/evenements-pro\/wp-content\/uploads\/sites\/2\/2022\/04\/Safran-terroir-visite-cynfael-st-sauveur-drouet-2870-85.jpg","width":1500,"height":999},{"@type":"BreadcrumbList","@id":"https:\/\/www.osezmauges.fr\/evenements-pro\/organiser-son-evenement-pro\/team-building-angers-nantes-cholet\/activites-gourmandes\/team-building-cynfael\/#breadcrumb","itemListElement":[{"@type":"ListItem","position":1,"name":"Accueil","item":"https:\/\/www.osezmauges.fr\/evenements-pro\/"},{"@type":"ListItem","position":2,"name":"Organiser son \u00e9v\u00e9nement d\u2019entreprise","item":"https:\/\/www.osezmauges.fr\/evenements-pro\/organiser-son-evenement-pro\/"},{"@type":"ListItem","position":3,"name":"Team-building et afterwork","item":"https:\/\/www.osezmauges.fr\/evenements-pro\/organiser-son-evenement-pro\/team-building-angers-nantes-cholet\/"},{"@type":"ListItem","position":4,"name":"Des activit\u00e9s gourmandes","item":"https:\/\/www.osezmauges.fr\/evenements-pro\/organiser-son-evenement-pro\/team-building-angers-nantes-cholet\/activites-gourmandes\/"},{"@type":"ListItem","position":5,"name":"Ateliers cuisine et savonnerie dans votre entreprise"}]},{"@type":"WebSite","@id":"https:\/\/www.osezmauges.fr\/evenements-pro\/#website","url":"https:\/\/www.osezmauges.fr\/evenements-pro\/","name":"Osez Mauges - Tourisme d&#039;affaire","description":"\u00d4sez Mauges","potentialAction":[{"@type":"SearchAction","target":{"@type":"EntryPoint","urlTemplate":"https:\/\/www.osezmauges.fr\/evenements-pro\/?s={search_term_string}"},"query-input":{"@type":"PropertyValueSpecification","valueRequired":true,"valueName":"search_term_string"}}],"inLanguage":"fr-FR"}]}},"_links":{"self":[{"href":"https:\/\/www.osezmauges.fr\/evenements-pro\/wp-json\/wp\/v2\/pages\/9122","targetHints":{"allow":["GET"]}}],"collection":[{"href":"https:\/\/www.osezmauges.fr\/evenements-pro\/wp-json\/wp\/v2\/pages"}],"about":[{"href":"https:\/\/www.osezmauges.fr\/evenements-pro\/wp-json\/wp\/v2\/types\/page"}],"author":[{"embeddable":true,"href":"https:\/\/www.osezmauges.fr\/evenements-pro\/wp-json\/wp\/v2\/users\/4"}],"replies":[{"embeddable":true,"href":"https:\/\/www.osezmauges.fr\/evenements-pro\/wp-json\/wp\/v2\/comments?post=9122"}],"version-history":[{"count":5,"href":"https:\/\/www.osezmauges.fr\/evenements-pro\/wp-json\/wp\/v2\/pages\/9122\/revisions"}],"predecessor-version":[{"id":15588,"href":"https:\/\/www.osezmauges.fr\/evenements-pro\/wp-json\/wp\/v2\/pages\/9122\/revisions\/15588"}],"up":[{"embeddable":true,"href":"https:\/\/www.osezmauges.fr\/evenements-pro\/wp-json\/wp\/v2\/pages\/12139"}],"wp:featuredmedia":[{"embeddable":true,"href":"https:\/\/www.osezmauges.fr\/evenements-pro\/wp-json\/wp\/v2\/media\/9124"}],"wp:attachment":[{"href":"https:\/\/www.osezmauges.fr\/evenements-pro\/wp-json\/wp\/v2\/media?parent=9122"}],"curies":[{"name":"wp","href":"https:\/\/api.w.org\/{rel}","templated":true}]}}